{"id":12628,"date":"2023-11-17T03:03:41","date_gmt":"2023-11-17T03:03:41","guid":{"rendered":"https:\/\/s45175.p1717.sites.pressdns.com\/terms-and-conditions\/"},"modified":"2026-02-03T14:12:47","modified_gmt":"2026-02-03T14:12:47","slug":"termos-e-condicoes","status":"publish","type":"page","link":"https:\/\/www.radancy.com\/pt-br\/termos-e-condicoes\/","title":{"rendered":"Termos e Condi\u00e7\u00f5es"},"content":{"rendered":"\n<div class=\"wp-block-group alignfull title-bar has-neutral-1-color has-primary-3-background-color has-text-color has-background is-vertical is-content-justification-center is-layout-flex wp-container-core-group-is-layout-95c46550 wp-block-group-is-layout-flex\" style=\"margin-top:0;margin-bottom:60px;padding-top:35px;padding-right:35px;padding-bottom:35px;padding-left:35px\">\n<h2 class=\"wp-block-heading has-accent-font-family has-headline-smallest-font-size\" id=\"h-termos-e-condicoes\" style=\"margin-top:0;margin-bottom:0;font-style:normal;font-weight:400\">Termos e Condi\u00e7\u00f5es<\/h2>\n<\/div>\n\n\n\n<section class=\"wp-block-group section is-vertical is-content-justification-stretch is-layout-flex wp-container-core-group-is-layout-465c252a wp-block-group-is-layout-flex\" style=\"padding-bottom:50px\">\n<div class=\"wp-block-group section is-vertical is-content-justification-stretch is-layout-flex wp-container-core-group-is-layout-e6edd9f6 wp-block-group-is-layout-flex\">\n<h4 class=\"wp-block-heading headline has-headline-smallest-font-size\" id=\"h-condicoes-gerais\" style=\"font-style:normal;font-weight:600\">Condi\u00e7\u00f5es Gerais<\/h4>\n\n\n\n<p>Ap\u00f3s a assinatura, o cliente concorda com todos os termos indicados abaixo. <strong>Se o cliente celebrou um contrato de servi\u00e7os geral ou principal com RADANCY (um &#8220;&#8221;MSA&#8221;&#8221;), na medida em que houver conflito entre o MSA e esta estimativa, o MSA rege.<\/strong><\/p>\n<\/div>\n\n\n\n<div class=\"wp-block-group section is-vertical is-content-justification-stretch is-layout-flex wp-container-core-group-is-layout-e6edd9f6 wp-block-group-is-layout-flex\">\n<h4 class=\"wp-block-heading headline has-headline-smallest-font-size\" id=\"h-termos-financeiros\" style=\"font-style:normal;font-weight:600\">Termos Financeiros<\/h4>\n\n\n\n<p>Esta estimativa \u00e9 uma previs\u00e3o com base nas informa\u00e7\u00f5es atualmente dispon\u00edveis sobre o projeto e \u00e9 v\u00e1lida por 30 dias a partir da data de envio. As taxas e despesas apresentadas s\u00e3o apenas estimativas m\u00ednimas; as taxas reais ser\u00e3o mostradas quando a fatura for emitida.<\/p>\n\n\n\n<p>A aprova\u00e7\u00e3o do cliente deve ser obtida para quaisquer aumentos nas taxas ou despesas que excedam a estimativa original em 10% ou mais.<\/p>\n\n\n\n<p>O cliente autoriza a RADANCY a prosseguir com o trabalho e entende que a estimativa ser\u00e1 faturada integralmente (100%) no in\u00edcio do projeto se for $ 10.000 ou menos, e ser\u00e1 pago em 30 dias l\u00edquidos da data da fatura. Se os custos do projeto forem superiores a US$ 10.001, metade (50%) dessa estimativa ser\u00e1 cobrada no in\u00edcio do projeto e ser\u00e1 paga em 30 dias l\u00edquidos da data da fatura. Todo o trabalho e taxas restantes ser\u00e3o cobrados ap\u00f3s a conclus\u00e3o do projeto e ser\u00e3o pagos pelo cliente em 30 dias l\u00edquidos da data da fatura.<\/p>\n\n\n\n<p>N\u00e3o obstante qualquer um dos termos financeiros, se este projeto exigir que RADANCY pr\u00e9-pagamentos sejam feitos por RADANCY a qualquer parte externa, o Cliente concorda que RADANCY n\u00e3o far\u00e1 esse pr\u00e9-pagamento at\u00e9 que o Cliente tenha pago RADANCY antecipadamente pelo valor em quest\u00e3o. A falha do Cliente em fazer este pr\u00e9-pagamento pode causar atrasos imprevistos e poss\u00edveis prazos perdidos.<\/p>\n\n\n\n<p>Caso este projeto seja cancelado a qualquer momento ap\u00f3s a assinatura da autoriza\u00e7\u00e3o, ser\u00e1 emitida uma fatura pelo tempo gasto no projeto at\u00e9 a data ou um ter\u00e7o do total estimado, o que for maior, al\u00e9m de quaisquer custos de terceiros incorridos pelo RADANCY.<\/p>\n\n\n\n<p>A estimativa assinada deve ser devolvida \u00e0 RADANCY para in\u00edcio do projeto. Todos os trabalhos urgentes ser\u00e3o anotados como tal e cobrados a uma taxa aumentada, se necess\u00e1rio.<\/p>\n\n\n\n<p>As estimativas n\u00e3o incluem impostos ou taxas de envio.&#8221;<\/p>\n<\/div>\n\n\n\n<div class=\"wp-block-group section is-vertical is-content-justification-stretch is-layout-flex wp-container-core-group-is-layout-e6edd9f6 wp-block-group-is-layout-flex\">\n<h4 class=\"wp-block-heading headline has-headline-smallest-font-size\" id=\"h-aprovacao-para-exibir-trabalho\" style=\"font-style:normal;font-weight:600\">Aprova\u00e7\u00e3o para Exibir Trabalho<\/h4>\n\n\n\n<p>N\u00e3o obstante qualquer disposi\u00e7\u00e3o aqui contida, o Cliente concorda que, mediante a aceita\u00e7\u00e3o do produto final pelo Cliente, RADANCY pode referir-se e exibir, como exemplos do portf\u00f3lio de trabalho da RADANCY, partes do produto final no site da RADANCY. O Cliente tamb\u00e9m concorda que a RADANCY pode enviar a entrega para pr\u00eamios do setor para os quais, no julgamento da RADANCY, o trabalho se qualifica. O cliente concede \u00e0 RADANCY uma licen\u00e7a isenta de royalties para usar suas marcas registradas e direitos autorais expressamente para os fins anteriores. Tal permiss\u00e3o e licen\u00e7a podem ser revogadas pelo Cliente a qualquer momento mediante notifica\u00e7\u00e3o por escrito.&#8221;<\/p>\n<\/div>\n\n\n\n<div class=\"wp-block-group section is-vertical is-content-justification-stretch is-layout-flex wp-container-core-group-is-layout-e6edd9f6 wp-block-group-is-layout-flex\">\n<h4 class=\"wp-block-heading headline has-headline-smallest-font-size\" id=\"h-materiais-de-terceiros\" style=\"font-style:normal;font-weight:600\">Materiais de Terceiros<\/h4>\n\n\n\n<p>Caso quaisquer materiais de terceiros, como fotografia, ilustra\u00e7\u00f5es ou outro conte\u00fado licenciado, sejam usados neste documento, a RADANCY informar\u00e1 o cliente sobre quaisquer termos de licen\u00e7a e obter\u00e1 o consentimento por escrito do cliente.&#8221;<\/p>\n<\/div>\n\n\n\n<div class=\"wp-block-group section section-extra--spacing is-vertical is-content-justification-stretch is-layout-flex wp-container-core-group-is-layout-e6edd9f6 wp-block-group-is-layout-flex\">\n<h4 class=\"wp-block-heading headline has-headline-smallest-font-size\" id=\"h-propriedade-intelecutal\" style=\"font-style:normal;font-weight:600\">Propriedade Intelecutal<\/h4>\n\n\n\n<p>Devido \u00e0 natureza inerente da m\u00eddia eletr\u00f4nica, a RADANCY n\u00e3o pode ser responsabilizada por informa\u00e7\u00f5es perdidas ou danificadas.<\/p>\n\n\n\n<p>Exceto no caso em que RADANCY \u00e9 o host designado de sites baseados na web ou m\u00f3veis, RADANCY concorda em arquivar todos os arquivos criativos finais (e materiais nos quais o trabalho se baseia) por n\u00e3o mais de 72 meses.<\/p>\n\n\n\n<p>Titularidade dos Servi\u00e7os &#8211; A titularidade dos Servi\u00e7os fornecidos neste instrumento passar\u00e1 e ser\u00e1 atribu\u00edda ao Cliente no primeiro momento de identifica\u00e7\u00e3o como Servi\u00e7os. O Cliente dever\u00e1, em todos os momentos, reter a propriedade dos itens fornecidos pelo Cliente.<\/p>\n\n\n\n<p>Trabalho feito para aluguel \u2013 RADANCY concorda que todos os trabalhos originais, incluindo, mas n\u00e3o limitado a desenhos, especifica\u00e7\u00f5es, publica\u00e7\u00f5es de manuten\u00e7\u00e3o e similares, sujeitos \u00e0 prote\u00e7\u00e3o de direitos autorais, qualificam-se como um &#8220;&#8221;trabalho feito para aluguel&#8221;&#8221; sob a Lei de Direitos Autorais dos Estados Unidos. Se tal trabalho n\u00e3o se qualificar como um &#8220;&#8221;trabalho feito por encomenda&#8221;&#8221;, a RADANCY cede todos os direitos sobre tal trabalho ao Cliente.<\/p>\n\n\n\n<p>N\u00e3o obstante o acima exposto, a RADANCY manter\u00e1 a propriedade exclusiva de todo (i) seu know-how, conceitos, t\u00e9cnicas, metodologias, ideias, modelos, rotinas, sequ\u00eancias, software, firmware, projetos, scripts, interfaces, c\u00f3digo de programa\u00e7\u00e3o, applets, execut\u00e1veis, objetos, arquivos, utilit\u00e1rios e ferramentas que existiam antes da execu\u00e7\u00e3o dos Servi\u00e7os (coletivamente, &#8220;&#8221;Blocos de Constru\u00e7\u00e3o da RADANCY&#8221;&#8221;) e (ii) ideias, conceitos, t\u00e9cnicas e know-how descobertos, criados ou desenvolvidos pela RADANCY durante a execu\u00e7\u00e3o dos Servi\u00e7os que s\u00e3o de aplica\u00e7\u00e3o geral e que n\u00e3o se baseiam ou derivam de informa\u00e7\u00f5es confidenciais do Cliente. Na medida em que os Servi\u00e7os incorporam os Building Blocks da RADANCY, a RADANCY concede ao Cliente um direito n\u00e3o exclusivo, intransfer\u00edvel (exceto para afiliadas, subsidi\u00e1rias ou sucessoras do Cliente), perp\u00e9tuo, livre de royalties, direito mundial de usar tais Building Blocks exclusivamente em conex\u00e3o com tais Servi\u00e7os. O Cliente n\u00e3o sublicenciar\u00e1 ou de outra forma conceder\u00e1 a qualquer outra parte quaisquer direitos de uso, c\u00f3pia ou de outra forma explorar ou criar trabalhos derivados dos Building Blocks da RADANCY, desde que terceiros o Cliente mantenha para fornecer servi\u00e7os relacionados aos Servi\u00e7os, incluindo, mas n\u00e3o limitado a, manuten\u00e7\u00e3o, desenvolvimento, recupera\u00e7\u00e3o de desastres ou servi\u00e7os de terceiriza\u00e7\u00e3o relacionados aos Servi\u00e7os, ter\u00e1 o direito de usar os Building Blocks da RADANCY exclusivamente com a finalidade de fornecer tais servi\u00e7os ao Cliente.<\/p>\n\n\n\n<p>C\u00f3digo-fonte \u2013 N\u00e3o obstante qualquer disposi\u00e7\u00e3o em contr\u00e1rio aqui [OU NO CONTRATO DE SERVI\u00c7O MESTRE ENTRE AS PARTES], RADANCY mant\u00e9m a propriedade de qualquer c\u00f3digo-fonte subjacente a quaisquer entregas abaixo. A RADANCY hospedar\u00e1 o [WEBSITE] em seus pr\u00f3prios servidores; se o Cliente desejar ter o site hospedado em servidores que n\u00e3o os da RADANCY, a RADANCY entregar\u00e1 uma c\u00f3pia do c\u00f3digo-fonte do mesmo mediante a assinatura pelo Cliente de um contrato de licen\u00e7a de c\u00f3digo-fonte, o que permitir\u00e1 o uso continuado do site pelo Cliente e sua modifica\u00e7\u00e3o para seu pr\u00f3prio uso, mas proibir\u00e1 a venda ou transfer\u00eancia do mesmo para terceiros.&#8221;<\/p>\n\n\n\n<p>Solu\u00e7\u00f5es com as quais voc\u00ea pode contar. A perspectiva que voc\u00ea precisa. E um compromisso com os resultados que voc\u00ea merece.<\/p>\n<\/div>\n<\/section>\n\n\n\n<div class=\"wp-block-group alignfull cta has-neutral-1-color has-primary-2-background-color has-text-color has-background has-global-padding is-layout-constrained wp-container-core-group-is-layout-86ad42c5 wp-block-group-is-layout-constrained\" style=\"margin-top:0px;margin-bottom:0px;padding-top:var(--wp--preset--spacing--30);padding-right:var(--wp--preset--spacing--30);padding-bottom:var(--wp--preset--spacing--30);padding-left:var(--wp--preset--spacing--30)\">\n<h3 class=\"wp-block-heading has-text-align-center has-copy-font-family\" id=\"h-fale-com-a-gente-para-acelerar-seus-resultados-de-contratacao-e-maximizar-o-roi-com-uma-plataforma-de-ia-completa\">Fale com a gente para acelerar seus resultados de contrata\u00e7\u00e3o e maximizar o ROI com uma plataforma de IA completa.<\/h3>\n\n\n\n<div class=\"wp-block-buttons is-content-justification-center is-layout-flex wp-container-core-buttons-is-layout-a89b3969 wp-block-buttons-is-layout-flex\">\n<div class=\"wp-block-button\"><a class=\"wp-block-button__link wp-element-button\" href=\"https:\/\/www.radancy.com\/pt-br\/contact\/\">AGENDAR UMA DEMONSTRA\u00c7\u00c3O<\/a><\/div>\n<\/div>\n<\/div>\n","protected":false},"excerpt":{"rendered":"<p>Termos e Condi\u00e7\u00f5es Condi\u00e7\u00f5es Gerais Ap\u00f3s a assinatura, o cliente concorda com todos os termos indicados abaixo. Se o cliente celebrou um contrato de servi\u00e7os geral ou principal com RADANCY <a class=\"more-link\" href=\"https:\/\/www.radancy.com\/pt-br\/termos-e-condicoes\/\">Read more&#8230;<\/a><\/p>\n","protected":false},"author":26,"featured_media":0,"parent":0,"menu_order":0,"comment_status":"closed","ping_status":"closed","template":"","meta":{"_acf_changed":false,"_EventAllDay":false,"_EventTimezone":"","_EventStartDate":"","_EventEndDate":"","_EventStartDateUTC":"","_EventEndDateUTC":"","_EventShowMap":false,"_EventShowMapLink":false,"_EventURL":"","_EventCost":"","_EventCostDescription":"","_EventCurrencySymbol":"","_EventCurrencyCode":"","_EventCurrencyPosition":"","_EventDateTimeSeparator":"","_EventTimeRangeSeparator":"","_EventOrganizerID":[],"_EventVenueID":[],"_OrganizerEmail":"","_OrganizerPhone":"","_OrganizerWebsite":"","_VenueAddress":"","_VenueCity":"","_VenueCountry":"","_VenueProvince":"","_VenueState":"","_VenueZip":"","_VenuePhone":"","_VenueURL":"","_VenueStateProvince":"","_VenueLat":"","_VenueLng":"","_VenueShowMap":false,"_VenueShowMapLink":false,"_tribe_blocks_recurrence_rules":"","_tribe_blocks_recurrence_description":"","_tribe_blocks_recurrence_exclusions":"","footnotes":""},"class_list":["post-12628","page","type-page","status-publish","hentry"],"acf":[],"yoast_head":"<!-- This site is optimized with the Yoast SEO Premium plugin v26.2 (Yoast SEO v27.5) - https:\/\/yoast.com\/product\/yoast-seo-premium-wordpress\/ -->\n<title>Termos e Condi\u00e7\u00f5es | Radancy<\/title>\n<meta name=\"robots\" content=\"noindex, nofollow\" \/>\n<meta property=\"og:locale\" content=\"pt_BR\" \/>\n<meta property=\"og:type\" content=\"article\" \/>\n<meta property=\"og:title\" content=\"Termos e Condi\u00e7\u00f5es | Radancy\" \/>\n<meta property=\"og:description\" content=\"Termos e Condi\u00e7\u00f5es Condi\u00e7\u00f5es Gerais Ap\u00f3s a assinatura, o cliente concorda com todos os termos indicados abaixo. Se o cliente celebrou um contrato de servi\u00e7os geral ou principal com RADANCY Read more...\" \/>\n<meta property=\"og:url\" content=\"https:\/\/www.radancy.com\/pt-br\/termos-e-condicoes\/\" \/>\n<meta property=\"og:site_name\" content=\"Radancy\" \/>\n<meta property=\"article:publisher\" content=\"https:\/\/www.facebook.com\/radancy\" \/>\n<meta property=\"article:modified_time\" content=\"2026-02-03T14:12:47+00:00\" \/>\n<meta property=\"og:image\" content=\"https:\/\/tbcdn.talentbrew.com\/company\/34730\/gst_v1\/img\/meta\/Radancy_JobShare_img_FINAL_PT.jpg\" \/>\n<meta name=\"twitter:card\" content=\"summary_large_image\" \/>\n<meta name=\"twitter:title\" content=\"Termos e Condi\u00e7\u00f5es\" \/>\n<meta name=\"twitter:site\" content=\"@radancyco\" \/>\n<meta name=\"twitter:label1\" content=\"Est. tempo de leitura\" \/>\n\t<meta name=\"twitter:data1\" content=\"9 minutos\" \/>\n<script type=\"application\/ld+json\" class=\"yoast-schema-graph\">{\"@context\":\"https:\\\/\\\/schema.org\",\"@graph\":[{\"@type\":\"WebPage\",\"@id\":\"https:\\\/\\\/www.radancy.com\\\/pt-br\\\/termos-e-condicoes\\\/\",\"url\":\"https:\\\/\\\/www.radancy.com\\\/pt-br\\\/termos-e-condicoes\\\/\",\"name\":\"Termos e Condi\u00e7\u00f5es | Radancy\",\"isPartOf\":{\"@id\":\"https:\\\/\\\/www.radancy.com\\\/pt-br\\\/#website\"},\"datePublished\":\"2023-11-17T03:03:41+00:00\",\"dateModified\":\"2026-02-03T14:12:47+00:00\",\"breadcrumb\":{\"@id\":\"https:\\\/\\\/www.radancy.com\\\/pt-br\\\/termos-e-condicoes\\\/#breadcrumb\"},\"inLanguage\":\"pt-BR\",\"potentialAction\":[{\"@type\":\"ReadAction\",\"target\":[\"https:\\\/\\\/www.radancy.com\\\/pt-br\\\/termos-e-condicoes\\\/\"]}]},{\"@type\":\"BreadcrumbList\",\"@id\":\"https:\\\/\\\/www.radancy.com\\\/pt-br\\\/termos-e-condicoes\\\/#breadcrumb\",\"itemListElement\":[{\"@type\":\"ListItem\",\"position\":1,\"name\":\"Home\",\"item\":\"https:\\\/\\\/www.radancy.com\\\/pt-br\\\/\"},{\"@type\":\"ListItem\",\"position\":2,\"name\":\"Termos e Condi\u00e7\u00f5es\"}]},{\"@type\":\"WebSite\",\"@id\":\"https:\\\/\\\/www.radancy.com\\\/pt-br\\\/#website\",\"url\":\"https:\\\/\\\/www.radancy.com\\\/pt-br\\\/\",\"name\":\"Radancy\",\"description\":\"Create Connections That Count.\",\"publisher\":{\"@id\":\"https:\\\/\\\/www.radancy.com\\\/pt-br\\\/#organization\"},\"potentialAction\":[{\"@type\":\"SearchAction\",\"target\":{\"@type\":\"EntryPoint\",\"urlTemplate\":\"https:\\\/\\\/www.radancy.com\\\/pt-br\\\/?s={search_term_string}\"},\"query-input\":{\"@type\":\"PropertyValueSpecification\",\"valueRequired\":true,\"valueName\":\"search_term_string\"}}],\"inLanguage\":\"pt-BR\"},{\"@type\":\"Organization\",\"@id\":\"https:\\\/\\\/www.radancy.com\\\/pt-br\\\/#organization\",\"name\":\"Radancy\",\"url\":\"https:\\\/\\\/www.radancy.com\\\/pt-br\\\/\",\"logo\":{\"@type\":\"ImageObject\",\"inLanguage\":\"pt-BR\",\"@id\":\"https:\\\/\\\/www.radancy.com\\\/pt-br\\\/#\\\/schema\\\/logo\\\/image\\\/\",\"url\":\"https:\\\/\\\/www.radancy.com\\\/wp-content\\\/uploads\\\/2024\\\/06\\\/Radancy_Icon_RGB.svg\",\"contentUrl\":\"https:\\\/\\\/www.radancy.com\\\/wp-content\\\/uploads\\\/2024\\\/06\\\/Radancy_Icon_RGB.svg\",\"width\":1,\"height\":1,\"caption\":\"Radancy\"},\"image\":{\"@id\":\"https:\\\/\\\/www.radancy.com\\\/pt-br\\\/#\\\/schema\\\/logo\\\/image\\\/\"},\"sameAs\":[\"https:\\\/\\\/www.facebook.com\\\/radancy\",\"https:\\\/\\\/x.com\\\/radancyco\",\"https:\\\/\\\/www.linkedin.com\\\/company\\\/radancy\\\/\",\"https:\\\/\\\/www.youtube.com\\\/Radancy\\\/videos\",\"https:\\\/\\\/www.instagram.com\\\/radancyco\"]}]}<\/script>\n<!-- \/ Yoast SEO Premium plugin. -->","yoast_head_json":{"title":"Termos e Condi\u00e7\u00f5es | Radancy","robots":{"index":"noindex","follow":"nofollow"},"og_locale":"pt_BR","og_type":"article","og_title":"Termos e Condi\u00e7\u00f5es | Radancy","og_description":"Termos e Condi\u00e7\u00f5es Condi\u00e7\u00f5es Gerais Ap\u00f3s a assinatura, o cliente concorda com todos os termos indicados abaixo. Se o cliente celebrou um contrato de servi\u00e7os geral ou principal com RADANCY Read more...","og_url":"https:\/\/www.radancy.com\/pt-br\/termos-e-condicoes\/","og_site_name":"Radancy","article_publisher":"https:\/\/www.facebook.com\/radancy","article_modified_time":"2026-02-03T14:12:47+00:00","og_image":[{"url":"https:\/\/tbcdn.talentbrew.com\/company\/34730\/gst_v1\/img\/meta\/Radancy_JobShare_img_FINAL_PT.jpg","type":"","width":"","height":""}],"twitter_card":"summary_large_image","twitter_title":"Termos e Condi\u00e7\u00f5es","twitter_site":"@radancyco","twitter_misc":{"Est. tempo de leitura":"9 minutos"},"schema":{"@context":"https:\/\/schema.org","@graph":[{"@type":"WebPage","@id":"https:\/\/www.radancy.com\/pt-br\/termos-e-condicoes\/","url":"https:\/\/www.radancy.com\/pt-br\/termos-e-condicoes\/","name":"Termos e Condi\u00e7\u00f5es | Radancy","isPartOf":{"@id":"https:\/\/www.radancy.com\/pt-br\/#website"},"datePublished":"2023-11-17T03:03:41+00:00","dateModified":"2026-02-03T14:12:47+00:00","breadcrumb":{"@id":"https:\/\/www.radancy.com\/pt-br\/termos-e-condicoes\/#breadcrumb"},"inLanguage":"pt-BR","potentialAction":[{"@type":"ReadAction","target":["https:\/\/www.radancy.com\/pt-br\/termos-e-condicoes\/"]}]},{"@type":"BreadcrumbList","@id":"https:\/\/www.radancy.com\/pt-br\/termos-e-condicoes\/#breadcrumb","itemListElement":[{"@type":"ListItem","position":1,"name":"Home","item":"https:\/\/www.radancy.com\/pt-br\/"},{"@type":"ListItem","position":2,"name":"Termos e Condi\u00e7\u00f5es"}]},{"@type":"WebSite","@id":"https:\/\/www.radancy.com\/pt-br\/#website","url":"https:\/\/www.radancy.com\/pt-br\/","name":"Radancy","description":"Create Connections That Count.","publisher":{"@id":"https:\/\/www.radancy.com\/pt-br\/#organization"},"potentialAction":[{"@type":"SearchAction","target":{"@type":"EntryPoint","urlTemplate":"https:\/\/www.radancy.com\/pt-br\/?s={search_term_string}"},"query-input":{"@type":"PropertyValueSpecification","valueRequired":true,"valueName":"search_term_string"}}],"inLanguage":"pt-BR"},{"@type":"Organization","@id":"https:\/\/www.radancy.com\/pt-br\/#organization","name":"Radancy","url":"https:\/\/www.radancy.com\/pt-br\/","logo":{"@type":"ImageObject","inLanguage":"pt-BR","@id":"https:\/\/www.radancy.com\/pt-br\/#\/schema\/logo\/image\/","url":"https:\/\/www.radancy.com\/wp-content\/uploads\/2024\/06\/Radancy_Icon_RGB.svg","contentUrl":"https:\/\/www.radancy.com\/wp-content\/uploads\/2024\/06\/Radancy_Icon_RGB.svg","width":1,"height":1,"caption":"Radancy"},"image":{"@id":"https:\/\/www.radancy.com\/pt-br\/#\/schema\/logo\/image\/"},"sameAs":["https:\/\/www.facebook.com\/radancy","https:\/\/x.com\/radancyco","https:\/\/www.linkedin.com\/company\/radancy\/","https:\/\/www.youtube.com\/Radancy\/videos","https:\/\/www.instagram.com\/radancyco"]}]}},"_links":{"self":[{"href":"https:\/\/www.radancy.com\/pt-br\/wp-json\/wp\/v2\/pages\/12628","targetHints":{"allow":["GET"]}}],"collection":[{"href":"https:\/\/www.radancy.com\/pt-br\/wp-json\/wp\/v2\/pages"}],"about":[{"href":"https:\/\/www.radancy.com\/pt-br\/wp-json\/wp\/v2\/types\/page"}],"author":[{"embeddable":true,"href":"https:\/\/www.radancy.com\/pt-br\/wp-json\/wp\/v2\/users\/26"}],"replies":[{"embeddable":true,"href":"https:\/\/www.radancy.com\/pt-br\/wp-json\/wp\/v2\/comments?post=12628"}],"version-history":[{"count":0,"href":"https:\/\/www.radancy.com\/pt-br\/wp-json\/wp\/v2\/pages\/12628\/revisions"}],"wp:attachment":[{"href":"https:\/\/www.radancy.com\/pt-br\/wp-json\/wp\/v2\/media?parent=12628"}],"curies":[{"name":"wp","href":"https:\/\/api.w.org\/{rel}","templated":true}]}}