{"id":12624,"date":"2023-11-17T03:03:38","date_gmt":"2023-11-17T03:03:38","guid":{"rendered":"https:\/\/s45175.p1717.sites.pressdns.com\/support\/"},"modified":"2025-09-25T14:26:06","modified_gmt":"2025-09-25T14:26:06","slug":"suporte","status":"publish","type":"page","link":"https:\/\/www.radancy.com\/pt-br\/suporte\/","title":{"rendered":"Diretrizes de suporte"},"content":{"rendered":"\n<div class=\"wp-block-group alignfull title-bar has-neutral-1-color has-primary-3-background-color has-text-color has-background is-vertical is-content-justification-center is-layout-flex wp-container-core-group-is-layout-95c46550 wp-block-group-is-layout-flex\" style=\"margin-top:0;margin-bottom:60px;padding-top:35px;padding-right:35px;padding-bottom:35px;padding-left:35px\">\n<h2 class=\"wp-block-heading has-accent-font-family has-headline-smallest-font-size\" style=\"margin-top:0;margin-bottom:0;font-style:normal;font-weight:400\">Diretrizes de suporte<\/h2>\n<\/div>\n\n\n\n<section class=\"wp-block-group section is-vertical is-content-justification-stretch is-layout-flex wp-container-core-group-is-layout-465c252a wp-block-group-is-layout-flex\" style=\"padding-bottom:50px\">\n<div class=\"wp-block-group is-vertical is-content-justification-stretch is-layout-flex wp-container-core-group-is-layout-db4209bd wp-block-group-is-layout-flex\">\n<div class=\"wp-block-group effective-date is-layout-flow wp-block-group-is-layout-flow\">\n<p>\u00daltima atualiza\u00e7\u00e3o em 11&nbsp;de julho de 2024<\/p>\n<\/div>\n\n\n\n<div class=\"wp-block-group is-vertical is-content-justification-stretch is-layout-flex wp-container-core-group-is-layout-33bcc86b wp-block-group-is-layout-flex\">\n<h2 class=\"wp-block-heading has-link-color has-headline-smallest-font-size wp-elements-fad333c061cea47a8fb14179fd45299a\"><strong><a href=\"https:\/\/www.radancy.com\/pt-br\/suporte\/#web-standards\"># Padr\u00f5es da Web <\/a><\/strong><\/h2>\n\n\n\n<p>Nossas metodologias de design e desenvolvimento seguem os padr\u00f5es e diretrizes propostos pelo <a href=\"https:\/\/www.w3.org\/\" data-custom-event=\"true\" data-custom-category=\"custom event\" data-custom-label=\"W3C\">W3C (World Wide Web Consortium)<\/a> e as melhores pr\u00e1ticas encontradas na comunidade de design e desenvolvimento. Ao usar as t\u00e9cnicas mais modernas e inclusivas dispon\u00edveis, o Radancy pode criar uma experi\u00eancia envolvente e acess\u00edvel a todos os usu\u00e1rios.<\/p>\n\n\n\n<p>Para saber mais sobre nossos <a href=\"https:\/\/radancy.dev\">padr\u00f5es de design e desenvolvimento<\/a>, visite-nos no GitHub.<\/p>\n<\/div>\n\n\n\n<div class=\"wp-block-group is-vertical is-content-justification-stretch is-layout-flex wp-container-core-group-is-layout-33bcc86b wp-block-group-is-layout-flex\">\n<h2 class=\"wp-block-heading has-link-color has-headline-smallest-font-size wp-elements-1847fd847364029e4e61de8071c37dd7\"><strong><a href=\"https:\/\/www.radancy.com\/pt-br\/suporte\/#accessibility\"># Acessibilidade <\/a><\/strong><\/h2>\n\n\n\n<p>Na Radancy, acreditamos que todos os seus potenciais candidatos a emprego, independentemente de capacidades f\u00edsicas, mentais ou tecnol\u00f3gicas, t\u00eam o direito de saber mais sobre sua empresa e acessar todas as listas de empregos. Para preservar o direito de um indiv\u00edduo ao acesso universal, <a href=\"https:\/\/radancy.dev\/a11y\/baseline\/\">tentamos atender<\/a> ao m\u00e1ximo poss\u00edvel das <strong>WCAG (Conte\u00fado da Web e Diretrizes de Acessibilidade) 2.2 N\u00edvel A e AA<\/strong>, em nosso processo di\u00e1rio. No entanto, se houver necessidade de oferecer suporte total a um n\u00edvel espec\u00edfico de WCAG ou outras diretrizes espec\u00edficas, leve isso \u00e0 aten\u00e7\u00e3o do representante de sua conta o mais r\u00e1pido poss\u00edvel.<\/p>\n\n\n\n<blockquote class=\"wp-block-quote is-layout-flow wp-block-quote-is-layout-flow\">\n<h3 class=\"wp-block-heading has-link-color wp-elements-8e4b54574da3547e4409ef415cad2580\"><strong><a href=\"https:\/\/www.radancy.com\/pt-br\/suporte\/#accessibility-overlays\"># Uma nota sobre sobreposi\u00e7\u00f5es de acessibilidade<\/a><\/strong><\/h3>\n\n\n\n<p>As sobreposi\u00e7\u00f5es de acessibilidade&nbsp;<strong>n\u00e3o s\u00e3o suportadas<\/strong>, pois n\u00e3o est\u00e3o alinhadas com a vis\u00e3o da Radancy sobre a melhor forma de apoiar pessoas com defici\u00eancia em nossas ofertas digitais. Em nossa experi\u00eancia, o uso dessas ferramentas pode promover o capacitismo, refor\u00e7ar a discrimina\u00e7\u00e3o e muitas vezes s\u00e3o percebidos, particularmente entre os deficientes e as comunidades de defesa, como um compromisso perform\u00e1tico com a acessibilidade. As empresas que usam overlays t\u00eam sido frequentemente submetidas a a\u00e7\u00f5es legais baseadas em n\u00e3o conformidade com leis e princ\u00edpios de acessibilidade. Mediante solicita\u00e7\u00e3o, teremos prazer em compartilhar materiais que abordam os desafios enfrentados pelos usu\u00e1rios de sites que incluem sobreposi\u00e7\u00f5es.<\/p>\n\n\n\n<p>Se voc\u00ea quiser discutir esse problema, al\u00e9m de maneiras mais proativas, amig\u00e1veis e sustent\u00e1veis de tornar seu site de carreiras acess\u00edvel a todos, entre em contato com seu representante de conta.<\/p>\n<\/blockquote>\n<\/div>\n\n\n\n<div class=\"wp-block-group is-vertical is-content-justification-stretch is-layout-flex wp-container-core-group-is-layout-33bcc86b wp-block-group-is-layout-flex\">\n<h2 class=\"wp-block-heading has-link-color has-headline-smallest-font-size wp-elements-4b767cb60c4a7ffa8ac5505f70d79da2\" id=\"operating-system-support\"><strong><a href=\"https:\/\/www.radancy.com\/pt-br\/suporte\/#operating-system-support\"># Suporte ao sistema operacional <\/a><\/strong><\/h2>\n\n\n\n<p>Radancy suporta aplicativos apenas nos seguintes sistemas operacionais:<\/p>\n\n\n\n<ul class=\"wp-block-list\">\n<li>Windows 11<\/li>\n\n\n\n<li>Windows 10<\/li>\n\n\n\n<li>Windows 8\/8.1 (Upon Request Only)<\/li>\n\n\n\n<li>macOS 11 (Big Sur)<\/li>\n\n\n\n<li>iOS 16.x<\/li>\n\n\n\n<li>iOS 15.x<\/li>\n\n\n\n<li>Android 13.x<\/li>\n\n\n\n<li>Android 12.x<\/li>\n\n\n\n<li>Android 11.x<\/li>\n<\/ul>\n<\/div>\n\n\n\n<div class=\"wp-block-group is-vertical is-content-justification-stretch is-layout-flex wp-container-core-group-is-layout-33bcc86b wp-block-group-is-layout-flex\">\n<h2 class=\"wp-block-heading has-link-color has-headline-smallest-font-size wp-elements-7ec4f1e4fc199cbd4753a14054fc473c\"><strong><a href=\"https:\/\/www.radancy.com\/pt-br\/suporte\/#browser-support\"># Suporte ao navegador <\/a><\/strong><\/h2>\n\n\n\n<p>Radancy suporta <strong>as vers\u00f5es principais atuais e anteriores<\/strong> de todos os principais navegadores. Correspondendo \u00e0 data em que seu projeto foi lan\u00e7ado, testamos todo o trabalho no seguinte:<\/p>\n\n\n\n<ul class=\"wp-block-list\">\n<li><a href=\"https:\/\/www.chromestatus.com\/features\" data-custom-event=\"true\" data-custom-category=\"custom event\" data-custom-label=\"Google Chrome\">Google Chrome<\/a><\/li>\n\n\n\n<li><a href=\"https:\/\/www.mozilla.org\/en-US\/firefox\/releases\/\" data-custom-event=\"true\" data-custom-category=\"custom event\" data-custom-label=\"Mozilla Firefox\">Mozilla Firefox<\/a><\/li>\n\n\n\n<li><a href=\"https:\/\/developer.apple.com\/documentation\/safari_release_notes\/\" data-custom-event=\"true\" data-custom-category=\"custom event\" data-custom-label=\"Apple Safari\">Apple Safari<\/a><\/li>\n\n\n\n<li><a data-custom-event=\"true\" data-custom-category=\"custom event\" data-custom-label=\"Microsoft Edge\" href=\"https:\/\/docs.microsoft.com\/en-us\/deployedge\/microsoft-edge-relnote-stable-channel\/\">Microsoft Edge<\/a> <em>(Microsoft Edge para empresas n\u00e3o \u00e9 compat\u00edvel)<\/em><\/li>\n<\/ul>\n\n\n\n<p>Nossa equipe de desenvolvimento analisa a participa\u00e7\u00e3o no <a href=\"https:\/\/gs.statcounter.com\/\" data-custom-event=\"true\" data-custom-category=\"custom event\" data-custom-label=\"browser market share\">mercado global de navegadores<\/a> e os dados de tr\u00e1fego da Web do cliente trimestralmente. O suporte ao navegador da Web termina quando esse navegador representa menos de 5% de toda a participa\u00e7\u00e3o de mercado e\/ou tr\u00e1fego da Web.<\/p>\n\n\n\n<p>Obviamente, n\u00e3o oferecemos suporte a navegadores que n\u00e3o estejam listados neste documento. Caso as necessidades do navegador de seus usu\u00e1rios ou da empresa sejam diferentes, consulte seu representante de conta imediatamente.<\/p>\n<\/div>\n\n\n\n<div class=\"wp-block-group is-vertical is-content-justification-stretch is-layout-flex wp-container-core-group-is-layout-33bcc86b wp-block-group-is-layout-flex\">\n<h2 class=\"wp-block-heading has-link-color has-headline-smallest-font-size wp-elements-d3e8d0b81551e2d02f34cd2318e17c95\"><strong><a href=\"https:\/\/www.radancy.com\/pt-br\/suporte\/#email-support\"># Suporte por e-mail <\/a><\/strong><\/h2>\n\n\n\n<p>Correspondendo \u00e0 data em que seu projeto foi lan\u00e7ado e devido \u00e0s grandes diferen\u00e7as t\u00e9cnicas no software cliente de e-mail, testamos todos os e-mails baseados em texto e HTML no seguinte cliente de email principal:<\/p>\n\n\n\n<ul class=\"wp-block-list\">\n<li><strong>Gmail Desktop<\/strong> (somente vers\u00f5es mais recentes do navegador)<\/li>\n<\/ul>\n\n\n\n<p>Al\u00e9m disso, testamos todos os e-mails baseados em texto e HTML nos seguintes clientes de e-mail. Eles podem ter diferen\u00e7as de espa\u00e7amento e dimensionamento de elementos que variam do cliente de e-mail de teste principal:<\/p>\n\n\n\n<ul class=\"wp-block-list\">\n<li><strong>Outlook <\/strong>(vers\u00e3o mais recente do Outlook apenas no Windows 10) [N\u00e3o suporta emails responsivos]<\/li>\n\n\n\n<li><strong>iPhone<\/strong> (somente vers\u00e3o mais recente do iOS Mail) [Nem todos os designs podem ser criados de forma responsiva]<\/li>\n\n\n\n<li><strong>Gmail Android<\/strong> (somente mediante solicita\u00e7\u00e3o) [Nem todos os designs podem ser criados de forma responsiva]<\/li>\n<\/ul>\n<\/div>\n\n\n\n<div class=\"wp-block-group is-vertical is-content-justification-stretch is-layout-flex wp-container-core-group-is-layout-33bcc86b wp-block-group-is-layout-flex\">\n<h2 class=\"wp-block-heading has-link-color has-headline-smallest-font-size wp-elements-e8f8237a95a55d69ed17df4933bf286e\"><strong><a href=\"https:\/\/www.radancy.com\/pt-br\/suporte\/#modified-browsers\"># Navegadores modificados <\/a><\/strong><\/h2>\n\n\n\n<p>Observe que n\u00e3o oferecemos suporte a navegadores modificados, executados em modo de compatibilidade ou remo\u00e7\u00e3o de c\u00f3digo por meio de filtragem de proxy necess\u00e1ria para a opera\u00e7\u00e3o normal do seu site. As p\u00e1ginas da Web que s\u00e3o modificadas por meio de uma extens\u00e3o do navegador tamb\u00e9m n\u00e3o s\u00e3o suportadas.<\/p>\n<\/div>\n\n\n\n<div class=\"wp-block-group is-vertical is-content-justification-stretch is-layout-flex wp-container-core-group-is-layout-33bcc86b wp-block-group-is-layout-flex\">\n<h3 class=\"wp-block-heading has-link-color wp-elements-c84282626d6f6bb1607338509b47e1ba\"><strong><a href=\"https:\/\/www.radancy.com\/pt-br\/suporte\/#update-log\"># Atualizar Registro <\/a><\/strong><\/h3>\n\n\n\n<ul class=\"wp-block-list\">\n<li><b><span><span class=\"ui-provider ed bdi bdj bdk bdl bdm bdn bdo bdp bdq bdr bds bdt bdu bdv bdw bdx bdy bdz bea beb bec bed bee bef beg beh bei bej bek bel bem ben beo bep\" dir=\"ltr\">5 de outubro de 2023 <\/span><\/span><\/b><span class=\"ui-provider ed bdi bdj bdk bdl bdm bdn bdo bdp bdq bdr bds bdt bdu bdv bdw bdx bdy bdz bea beb bec bed bee bef beg beh bei bej bek bel bem ben beo bep\" dir=\"ltr\">\u2013 Adicionado suporte para WCAG 2.2.<\/span><\/li>\n\n\n\n<li><b>8 de agosto de 2023<\/b> &#8211; <span>iOS 16.x<\/span> adicionado e <span>iOS 14.x<\/span> removido de Suporte de Sistema Operacional <a href=\"#operating-system-support\">suporte ao sistema operacional<\/a>.<\/li>\n\n\n\n<li><b>8 de agosto de 2023<\/b> &#8211; <span>Android 13.x<\/span> adicionado e <span>Android 10.x<\/span> removido de Suporte de Sistema Operacional <a href=\"#operating-system-support\">suporte ao sistema operacional.<\/a><\/li>\n\n\n\n<li><b>21 de fevereiro de 2023<\/b> &#8211; Windows 11 adicionado a Suporte de Sistema Operacional <a href=\"#operating-system-support\">suporte ao sistema operacional<\/a>.<\/li>\n\n\n\n<li><b>21 de fevereiro de 2023<\/b> &#8211; Android 12.x adicionado e Android 9.x removido de Suporte de Sistema Operacional <a href=\"#operating-system-support\">suporte ao sistema operacional<\/a>.<\/li>\n\n\n\n<li><b>21 de fevereiro de 2023<\/b> &#8211; macOS 11 (Big Sur) adicionado e macOS 10.15 (Catalina) removido de Suporte de Sistema Operacional <a href=\"#operating-system-support\">suporte ao sistema operacional.<\/a><\/li>\n\n\n\n<li><b>21 de fevereiro de 2023<\/b> &#8211; iOS 15.x adicionado e iOS 13.x removido do suporte do sistema operacional <a href=\"#operating-system-support\">suporte ao sistema operacional.<\/a><\/li>\n\n\n\n<li><b>16 de agosto de 2022<\/b> &#8211; Alterado &#8220;fortemente desencorajado&#8221; para &#8220;n\u00e3o suportado&#8221; nas sobreposi\u00e7\u00f5es de acessibilidade.<\/li>\n\n\n\n<li><b>1\u00ba de abril de 2022<\/b> &#8211; Adicionada nota sobre sobreposi\u00e7\u00f5es de acessibilidade.<\/li>\n\n\n\n<li><b>4 de novembro de 2021<\/b> &#8211; Internet Explorer 11 removido do suporte.<\/li>\n\n\n\n<li><b>21 de abril de 2021<\/b> &#8211; Windows 8\/8.1 agora suportado apenas por solicita\u00e7\u00e3o.<\/li>\n\n\n\n<li><b>1\u00ba de mar\u00e7o de 2021<\/b> &#8211; iOS 14.x adicionado e iOS 12.x removido do <a href=\"#operating-system-support\">suporte ao sistema operacional<\/a>.<\/li>\n\n\n\n<li><b>1\u00ba de mar\u00e7o de 2021<\/b> &#8211; Suporte ao Android 11.x adicionado e Android 8.x removido do <a href=\"#operating-system-support\">Suporte ao sistema operacional<\/a>.<\/li>\n\n\n\n<li><b>25 de setembro de 2020<\/b> &#8211; <a href=\"#operating-system-support\">Suporte por e-mail<\/a> atualizado.<\/li>\n\n\n\n<li><b>28 de abril de 2020<\/b> &#8211; Android 10.x e Android 9.x adicionados e Android 7.x e Android 6.x removidos do <a href=\"#operating-system-support\">Suporte ao sistema operacional<\/a>.<\/li>\n\n\n\n<li><b>14 de mar\u00e7o de 2020<\/b> &#8211; Suporte ao macOS 10.15 (Catalina) adicionado e macOS 10.14 (Mojave) removido do <a href=\"#operating-system-support\">Suporte ao sistema operacional<\/a>.<\/li>\n\n\n\n<li><b>1\u00ba de mar\u00e7o de 2020<\/b> &#8211; iOS 13.x adicionado e iOS 12.x removido do <a href=\"#operating-system-support\">suporte ao sistema operacional<\/a>.<\/li>\n\n\n\n<li><b>1\u00ba de janeiro de 2020<\/b> &#8211; Internet Explorer 11 adicionado ao suporte limitado.<\/li>\n\n\n\n<li><b>4 de mar\u00e7o de 2019<\/b> &#8211; macOS 10.14 (Mojave) adicionado e macOS 10.12 (Sierra) removido do <a href=\"#operating-system-support\">suporte ao sistema operacional<\/a>.<\/li>\n<\/ul>\n\n\n\n<p>Precisa de mais assist\u00eancia? <a href=\"https:\/\/customersupport.radancy.com\/\">Envie uma solicita\u00e7\u00e3o de suporte ao cliente.<\/a><\/p>\n<\/div>\n<\/div>\n<\/section>\n","protected":false},"excerpt":{"rendered":"<p>Diretrizes de suporte \u00daltima atualiza\u00e7\u00e3o em 11&nbsp;de julho de 2024 # Padr\u00f5es da Web Nossas metodologias de design e desenvolvimento seguem os padr\u00f5es e diretrizes propostos pelo W3C (World Wide <a class=\"more-link\" href=\"https:\/\/www.radancy.com\/pt-br\/suporte\/\">Read more&#8230;<\/a><\/p>\n","protected":false},"author":26,"featured_media":0,"parent":0,"menu_order":0,"comment_status":"closed","ping_status":"closed","template":"","meta":{"_acf_changed":false,"_EventAllDay":false,"_EventTimezone":"","_EventStartDate":"","_EventEndDate":"","_EventStartDateUTC":"","_EventEndDateUTC":"","_EventShowMap":false,"_EventShowMapLink":false,"_EventURL":"","_EventCost":"","_EventCostDescription":"","_EventCurrencySymbol":"","_EventCurrencyCode":"","_EventCurrencyPosition":"","_EventDateTimeSeparator":"","_EventTimeRangeSeparator":"","_EventOrganizerID":[],"_EventVenueID":[],"_OrganizerEmail":"","_OrganizerPhone":"","_OrganizerWebsite":"","_VenueAddress":"","_VenueCity":"","_VenueCountry":"","_VenueProvince":"","_VenueState":"","_VenueZip":"","_VenuePhone":"","_VenueURL":"","_VenueStateProvince":"","_VenueLat":"","_VenueLng":"","_VenueShowMap":false,"_VenueShowMapLink":false,"_tribe_blocks_recurrence_rules":"","_tribe_blocks_recurrence_description":"","_tribe_blocks_recurrence_exclusions":"","footnotes":""},"class_list":["post-12624","page","type-page","status-publish","hentry"],"acf":[],"yoast_head":"<!-- This site is optimized with the Yoast SEO Premium plugin v26.2 (Yoast SEO v27.3) - https:\/\/yoast.com\/product\/yoast-seo-premium-wordpress\/ -->\n<title>Diretrizes de suporte | Radancy<\/title>\n<meta name=\"robots\" content=\"index, follow, max-snippet:-1, max-image-preview:large, max-video-preview:-1\" \/>\n<link rel=\"canonical\" href=\"https:\/\/www.radancy.com\/pt-br\/suporte\/\" \/>\n<meta property=\"og:locale\" content=\"pt_BR\" \/>\n<meta property=\"og:type\" content=\"article\" \/>\n<meta property=\"og:title\" content=\"Diretrizes de suporte | Radancy\" \/>\n<meta property=\"og:description\" content=\"Diretrizes de suporte \u00daltima atualiza\u00e7\u00e3o em 11&nbsp;de julho de 2024 # Padr\u00f5es da Web Nossas metodologias de design e desenvolvimento seguem os padr\u00f5es e diretrizes propostos pelo W3C (World Wide Read more...\" \/>\n<meta property=\"og:url\" content=\"https:\/\/www.radancy.com\/pt-br\/suporte\/\" \/>\n<meta property=\"og:site_name\" content=\"Radancy\" \/>\n<meta property=\"article:publisher\" content=\"https:\/\/www.facebook.com\/radancy\" \/>\n<meta property=\"article:modified_time\" content=\"2025-09-25T14:26:06+00:00\" \/>\n<meta property=\"og:image\" content=\"https:\/\/tbcdn.talentbrew.com\/company\/34730\/gst_v1\/img\/meta\/Radancy_JobShare_img_FINAL_PT.jpg\" \/>\n<meta name=\"twitter:card\" content=\"summary_large_image\" \/>\n<meta name=\"twitter:title\" content=\"Diretrizes de suporte\" \/>\n<meta name=\"twitter:site\" content=\"@radancyco\" \/>\n<meta name=\"twitter:label1\" content=\"Est. tempo de leitura\" \/>\n\t<meta name=\"twitter:data1\" content=\"4 minutos\" \/>\n<script type=\"application\/ld+json\" class=\"yoast-schema-graph\">{\"@context\":\"https:\\\/\\\/schema.org\",\"@graph\":[{\"@type\":\"WebPage\",\"@id\":\"https:\\\/\\\/www.radancy.com\\\/pt-br\\\/suporte\\\/\",\"url\":\"https:\\\/\\\/www.radancy.com\\\/pt-br\\\/suporte\\\/\",\"name\":\"Diretrizes de suporte | Radancy\",\"isPartOf\":{\"@id\":\"https:\\\/\\\/www.radancy.com\\\/pt-br\\\/#website\"},\"datePublished\":\"2023-11-17T03:03:38+00:00\",\"dateModified\":\"2025-09-25T14:26:06+00:00\",\"breadcrumb\":{\"@id\":\"https:\\\/\\\/www.radancy.com\\\/pt-br\\\/suporte\\\/#breadcrumb\"},\"inLanguage\":\"pt-BR\",\"potentialAction\":[{\"@type\":\"ReadAction\",\"target\":[\"https:\\\/\\\/www.radancy.com\\\/pt-br\\\/suporte\\\/\"]}]},{\"@type\":\"BreadcrumbList\",\"@id\":\"https:\\\/\\\/www.radancy.com\\\/pt-br\\\/suporte\\\/#breadcrumb\",\"itemListElement\":[{\"@type\":\"ListItem\",\"position\":1,\"name\":\"Home\",\"item\":\"https:\\\/\\\/www.radancy.com\\\/pt-br\\\/\"},{\"@type\":\"ListItem\",\"position\":2,\"name\":\"Diretrizes de suporte\"}]},{\"@type\":\"WebSite\",\"@id\":\"https:\\\/\\\/www.radancy.com\\\/pt-br\\\/#website\",\"url\":\"https:\\\/\\\/www.radancy.com\\\/pt-br\\\/\",\"name\":\"Radancy\",\"description\":\"Create Connections That Count.\",\"publisher\":{\"@id\":\"https:\\\/\\\/www.radancy.com\\\/pt-br\\\/#organization\"},\"potentialAction\":[{\"@type\":\"SearchAction\",\"target\":{\"@type\":\"EntryPoint\",\"urlTemplate\":\"https:\\\/\\\/www.radancy.com\\\/pt-br\\\/?s={search_term_string}\"},\"query-input\":{\"@type\":\"PropertyValueSpecification\",\"valueRequired\":true,\"valueName\":\"search_term_string\"}}],\"inLanguage\":\"pt-BR\"},{\"@type\":\"Organization\",\"@id\":\"https:\\\/\\\/www.radancy.com\\\/pt-br\\\/#organization\",\"name\":\"Radancy\",\"url\":\"https:\\\/\\\/www.radancy.com\\\/pt-br\\\/\",\"logo\":{\"@type\":\"ImageObject\",\"inLanguage\":\"pt-BR\",\"@id\":\"https:\\\/\\\/www.radancy.com\\\/pt-br\\\/#\\\/schema\\\/logo\\\/image\\\/\",\"url\":\"https:\\\/\\\/www.radancy.com\\\/wp-content\\\/uploads\\\/2024\\\/06\\\/Radancy_Icon_RGB.svg\",\"contentUrl\":\"https:\\\/\\\/www.radancy.com\\\/wp-content\\\/uploads\\\/2024\\\/06\\\/Radancy_Icon_RGB.svg\",\"width\":1,\"height\":1,\"caption\":\"Radancy\"},\"image\":{\"@id\":\"https:\\\/\\\/www.radancy.com\\\/pt-br\\\/#\\\/schema\\\/logo\\\/image\\\/\"},\"sameAs\":[\"https:\\\/\\\/www.facebook.com\\\/radancy\",\"https:\\\/\\\/x.com\\\/radancyco\",\"https:\\\/\\\/www.linkedin.com\\\/company\\\/radancy\\\/\",\"https:\\\/\\\/www.youtube.com\\\/Radancy\\\/videos\",\"https:\\\/\\\/www.instagram.com\\\/radancyco\"]}]}<\/script>\n<!-- \/ Yoast SEO Premium plugin. -->","yoast_head_json":{"title":"Diretrizes de suporte | Radancy","robots":{"index":"index","follow":"follow","max-snippet":"max-snippet:-1","max-image-preview":"max-image-preview:large","max-video-preview":"max-video-preview:-1"},"canonical":"https:\/\/www.radancy.com\/pt-br\/suporte\/","og_locale":"pt_BR","og_type":"article","og_title":"Diretrizes de suporte | Radancy","og_description":"Diretrizes de suporte \u00daltima atualiza\u00e7\u00e3o em 11&nbsp;de julho de 2024 # Padr\u00f5es da Web Nossas metodologias de design e desenvolvimento seguem os padr\u00f5es e diretrizes propostos pelo W3C (World Wide Read more...","og_url":"https:\/\/www.radancy.com\/pt-br\/suporte\/","og_site_name":"Radancy","article_publisher":"https:\/\/www.facebook.com\/radancy","article_modified_time":"2025-09-25T14:26:06+00:00","og_image":[{"url":"https:\/\/tbcdn.talentbrew.com\/company\/34730\/gst_v1\/img\/meta\/Radancy_JobShare_img_FINAL_PT.jpg","type":"","width":"","height":""}],"twitter_card":"summary_large_image","twitter_title":"Diretrizes de suporte","twitter_site":"@radancyco","twitter_misc":{"Est. tempo de leitura":"4 minutos"},"schema":{"@context":"https:\/\/schema.org","@graph":[{"@type":"WebPage","@id":"https:\/\/www.radancy.com\/pt-br\/suporte\/","url":"https:\/\/www.radancy.com\/pt-br\/suporte\/","name":"Diretrizes de suporte | Radancy","isPartOf":{"@id":"https:\/\/www.radancy.com\/pt-br\/#website"},"datePublished":"2023-11-17T03:03:38+00:00","dateModified":"2025-09-25T14:26:06+00:00","breadcrumb":{"@id":"https:\/\/www.radancy.com\/pt-br\/suporte\/#breadcrumb"},"inLanguage":"pt-BR","potentialAction":[{"@type":"ReadAction","target":["https:\/\/www.radancy.com\/pt-br\/suporte\/"]}]},{"@type":"BreadcrumbList","@id":"https:\/\/www.radancy.com\/pt-br\/suporte\/#breadcrumb","itemListElement":[{"@type":"ListItem","position":1,"name":"Home","item":"https:\/\/www.radancy.com\/pt-br\/"},{"@type":"ListItem","position":2,"name":"Diretrizes de suporte"}]},{"@type":"WebSite","@id":"https:\/\/www.radancy.com\/pt-br\/#website","url":"https:\/\/www.radancy.com\/pt-br\/","name":"Radancy","description":"Create Connections That Count.","publisher":{"@id":"https:\/\/www.radancy.com\/pt-br\/#organization"},"potentialAction":[{"@type":"SearchAction","target":{"@type":"EntryPoint","urlTemplate":"https:\/\/www.radancy.com\/pt-br\/?s={search_term_string}"},"query-input":{"@type":"PropertyValueSpecification","valueRequired":true,"valueName":"search_term_string"}}],"inLanguage":"pt-BR"},{"@type":"Organization","@id":"https:\/\/www.radancy.com\/pt-br\/#organization","name":"Radancy","url":"https:\/\/www.radancy.com\/pt-br\/","logo":{"@type":"ImageObject","inLanguage":"pt-BR","@id":"https:\/\/www.radancy.com\/pt-br\/#\/schema\/logo\/image\/","url":"https:\/\/www.radancy.com\/wp-content\/uploads\/2024\/06\/Radancy_Icon_RGB.svg","contentUrl":"https:\/\/www.radancy.com\/wp-content\/uploads\/2024\/06\/Radancy_Icon_RGB.svg","width":1,"height":1,"caption":"Radancy"},"image":{"@id":"https:\/\/www.radancy.com\/pt-br\/#\/schema\/logo\/image\/"},"sameAs":["https:\/\/www.facebook.com\/radancy","https:\/\/x.com\/radancyco","https:\/\/www.linkedin.com\/company\/radancy\/","https:\/\/www.youtube.com\/Radancy\/videos","https:\/\/www.instagram.com\/radancyco"]}]}},"_links":{"self":[{"href":"https:\/\/www.radancy.com\/pt-br\/wp-json\/wp\/v2\/pages\/12624","targetHints":{"allow":["GET"]}}],"collection":[{"href":"https:\/\/www.radancy.com\/pt-br\/wp-json\/wp\/v2\/pages"}],"about":[{"href":"https:\/\/www.radancy.com\/pt-br\/wp-json\/wp\/v2\/types\/page"}],"author":[{"embeddable":true,"href":"https:\/\/www.radancy.com\/pt-br\/wp-json\/wp\/v2\/users\/26"}],"replies":[{"embeddable":true,"href":"https:\/\/www.radancy.com\/pt-br\/wp-json\/wp\/v2\/comments?post=12624"}],"version-history":[{"count":0,"href":"https:\/\/www.radancy.com\/pt-br\/wp-json\/wp\/v2\/pages\/12624\/revisions"}],"wp:attachment":[{"href":"https:\/\/www.radancy.com\/pt-br\/wp-json\/wp\/v2\/media?parent=12624"}],"curies":[{"name":"wp","href":"https:\/\/api.w.org\/{rel}","templated":true}]}}