{"id":12620,"date":"2023-11-17T03:03:36","date_gmt":"2023-11-17T03:03:36","guid":{"rendered":"https:\/\/s45175.p1717.sites.pressdns.com\/social-and-content-strategy\/"},"modified":"2025-09-25T14:27:56","modified_gmt":"2025-09-25T14:27:56","slug":"estrategia-de-social-e-conteudo","status":"publish","type":"page","link":"https:\/\/www.radancy.com\/pt-br\/estrategia-de-social-e-conteudo\/","title":{"rendered":"Estrat\u00e9gia de Social e Conte\u00fado"},"content":{"rendered":"\n<div class=\"wp-block-cover alignfull max-visual js-offset-hero secondary-hero\"><span aria-hidden=\"true\" class=\"wp-block-cover__background has-primary-1-background-color has-background-dim-100 has-background-dim\"><\/span><div class=\"wp-block-cover__inner-container has-global-padding is-layout-constrained wp-block-cover-is-layout-constrained\">\n<div class=\"wp-block-columns fs-container is-layout-flex wp-container-core-columns-is-layout-28f84493 wp-block-columns-is-layout-flex\">\n<div class=\"wp-block-column fs-m-6 hero__content-wrapper is-layout-flow wp-block-column-is-layout-flow\" style=\"flex-basis:50%\">\n<div class=\"wp-block-group hero__content is-vertical is-content-justification-stretch is-layout-flex wp-container-core-group-is-layout-353c4f5a wp-block-group-is-layout-flex\">\n<h1 class=\"wp-block-heading headline--banner\" id=\"h-transforme-toda-conexao-em-uma-conversa-inteligente\">Transforme toda conex\u00e3o em uma conversa inteligente.<\/h1>\n\n\n\n<div class=\"wp-block-group is-layout-flow wp-block-group-is-layout-flow\">\n<div class=\"wp-block-buttons button button--arrow button--on-dark-bg is-layout-flex wp-block-buttons-is-layout-flex\">\n<div class=\"wp-block-button\"><a class=\"wp-block-button__link wp-element-button\" href=\"https:\/\/www.radancy.com\/pt-br\/contact\/\">Entre em contato<\/a><\/div>\n<\/div>\n<\/div>\n<\/div>\n<\/div>\n\n\n\n<div class=\"wp-block-column fs-m-6 hero__visual-wrapper is-layout-flow wp-block-column-is-layout-flow\" style=\"flex-basis:50%\">\n<div class=\"wp-block-group prod-check-inView element-exposed is-vertical is-content-justification-stretch is-layout-flex wp-container-core-group-is-layout-353c4f5a wp-block-group-is-layout-flex\">\n<div class=\"wp-block-group hero__visual-item hero__visual-item--top hero__visual-item--pull-up is-vertical is-content-justification-stretch is-layout-flex wp-container-core-group-is-layout-353c4f5a wp-block-group-is-layout-flex\">\n<figure class=\"wp-block-image hero__pattern js-top-hero-img home-header-top animated fadeInRight delay-100ms\"><img decoding=\"async\" src=\"https:\/\/www.radancy.com\/wp-content\/uploads\/2023\/11\/icon-pattern-2.png\" alt=\"\"\/><\/figure>\n<\/div>\n\n\n\n<div class=\"wp-block-group hero__visual-item hero__visual-item--bottom hero__visual-item--offset is-vertical is-content-justification-stretch is-layout-flex wp-container-core-group-is-layout-353c4f5a wp-block-group-is-layout-flex\">\n<figure class=\"wp-block-image js-bottom-hero-img hero__asset drop-shadow home-header-bottom animated fadeInLeft delay-100ms\"><img decoding=\"async\" src=\"https:\/\/www.radancy.com\/wp-content\/uploads\/2023\/11\/social-strategy-banner2.jpg\" alt=\"\"\/><\/figure>\n<\/div>\n<\/div>\n<\/div>\n<\/div>\n<\/div><\/div>\n\n\n\n<section class=\"wp-block-group section--extra-spacing two-by-two-grid-with-icon is-vertical is-content-justification-stretch is-layout-flex wp-container-core-group-is-layout-353c4f5a wp-block-group-is-layout-flex\">\n<div class=\"wp-block-columns fs-container feat-content feat-content--sec is-layout-flex wp-container-core-columns-is-layout-28f84493 wp-block-columns-is-layout-flex\">\n<div class=\"wp-block-column fs-m-6 is-layout-flow wp-block-column-is-layout-flow\" style=\"flex-basis:50%\">\n<div class=\"wp-block-group pull-up is-vertical is-content-justification-stretch is-layout-flex wp-container-core-group-is-layout-353c4f5a wp-block-group-is-layout-flex\">\n<div class=\"wp-block-group section is-vertical is-content-justification-stretch is-layout-flex wp-container-core-group-is-layout-353c4f5a wp-block-group-is-layout-flex\">\n<div class=\"wp-block-group is-layout-flow wp-block-group-is-layout-flow\"><section class=\"\" style=\"\">\n\t<i class=\"icon icon--square icon-fullcolor-social-responsibility\"><\/i><\/section>\n<\/div>\n\n\n\n<h2 class=\"wp-block-heading headline--intro has-primary-1-color has-text-color has-link-color wp-elements-62cb5f2084618cc71fd300a5fa539813\" id=\"h-estrategia-social-e-de-conteudo\">Estrat\u00e9gia Social e de Conte\u00fado<\/h2>\n\n\n\n<p>Construa relacionamentos com seu p\u00fablico por meio de uma estrat\u00e9gia abrangente de m\u00eddia social que alcance os candidatos onde eles estiverem. As solu\u00e7\u00f5es orientadas por dados da Radancy s\u00e3o baseadas em intelig\u00eancia de mercado, inova\u00e7\u00e3o e criatividade para criar conex\u00f5es mais profundas com os candidatos por meio de experi\u00eancias ricas e din\u00e2micas.<\/p>\n<\/div>\n\n\n\n<div class=\"wp-block-group js-anaimated bm_container prod-flex__item prod-check-inView prod-ivVew-recheck prod-wait-till-mostly-inView element-exposed is-vertical is-content-justification-stretch is-layout-flex wp-container-core-group-is-layout-353c4f5a wp-block-group-is-layout-flex\">\n<figure class=\"wp-block-image js-anaimated bm_container prod-flex__item prod-check-inView element-exposed prod-ivVew-recheck prod-wait-till-mostly-inView icon-container-RadancyLabs\"><img decoding=\"async\" src=\"https:\/\/www.radancy.com\/wp-content\/uploads\/2023\/11\/svg_ec36cd045ac4c38e386c166fc32bad1a.svg\" alt=\"SVG animation\"\/><\/figure>\n<\/div>\n<\/div>\n<\/div>\n\n\n\n<div class=\"wp-block-column fs-m-6 is-layout-flow wp-block-column-is-layout-flow\" style=\"flex-basis:50%\">\n<div class=\"wp-block-columns fs-forced-container fs-col-count-m-2 list-of-cards is-layout-flex wp-container-core-columns-is-layout-28f84493 wp-block-columns-is-layout-flex\">\n<div class=\"wp-block-column card-with-medium-visual is-layout-flow wp-block-column-is-layout-flow\" style=\"flex-basis:50%\">\n<div class=\"wp-block-group card-visual-item is-vertical is-content-justification-stretch is-layout-flex wp-container-core-group-is-layout-353c4f5a wp-block-group-is-layout-flex\"><section class=\"prod-check-inView fadeInLeft animated element-exposed animated\" style=\"\">\n\t<i class=\"icon icon--square icon--orange icon-monoline-SocialResponsibility prod-check-inView fadeInRightanimated element-exposed\"><\/i><\/section>\n<\/div>\n\n\n\n<div class=\"wp-block-group card-content-item is-vertical is-content-justification-stretch is-layout-flex wp-container-core-group-is-layout-353c4f5a wp-block-group-is-layout-flex\">\n<h3 class=\"wp-block-heading headline\" id=\"h-estrategia-e-criacao-de-canais\">Estrat\u00e9gia e cria\u00e7\u00e3o de canais<\/h3>\n\n\n\n<p>Desenvolva uma estrat\u00e9gia social que se alinhe aos seus objetivos de neg\u00f3cios e atenda melhor \u00e0s suas necessidades de aquisi\u00e7\u00e3o de talentos. Nossas estrat\u00e9gias sociais e de conte\u00fado focam em prop\u00f3sito, pessoas, plataformas, processo, presen\u00e7a e desempenho.<\/p>\n<\/div>\n<\/div>\n\n\n\n<div class=\"wp-block-column card-with-medium-visual is-layout-flow wp-block-column-is-layout-flow\" style=\"flex-basis:50%\">\n<div class=\"wp-block-group card-visual-item is-vertical is-content-justification-stretch is-layout-flex wp-container-core-group-is-layout-353c4f5a wp-block-group-is-layout-flex\"><section class=\"prod-check-inView fadeInRight animated element-exposed animated\" style=\"\">\n\t<i class=\"icon icon--square icon--light-blue icon-monoline-PersonasContentStrategy prod-check-inView fadeInLeftanimated element-exposed\"><\/i><\/section>\n<\/div>\n\n\n\n<div class=\"wp-block-group card-content-item is-vertical is-content-justification-stretch is-layout-flex wp-container-core-group-is-layout-353c4f5a wp-block-group-is-layout-flex\">\n<h3 class=\"wp-block-heading headline\" id=\"h-planejamento-e-producao-de-conteudo\">Planejamento e Produ\u00e7\u00e3o de Conte\u00fado<\/h3>\n\n\n\n<p>Mantenha o p\u00fablico engajado por meio de conte\u00fado regular que pode inspirar intera\u00e7\u00e3o e promo\u00e7\u00e3o. Nossa estrutura de conte\u00fado procura maximizar as maneiras pelas quais impulsionamos a conscientiza\u00e7\u00e3o, a aprecia\u00e7\u00e3o e a a\u00e7\u00e3o.<\/p>\n<\/div>\n<\/div>\n\n\n\n<div class=\"wp-block-column card-with-medium-visual is-layout-flow wp-block-column-is-layout-flow\" style=\"flex-basis:50%\">\n<div class=\"wp-block-group card-visual-item is-vertical is-content-justification-stretch is-layout-flex wp-container-core-group-is-layout-353c4f5a wp-block-group-is-layout-flex\"><section class=\"prod-check-inView fadeInLeft animated element-exposed animated\" style=\"\">\n\t<i class=\"icon icon--square icon--yellow icon-monoline-CommunityManagement icon-no-baked-in-padding prod-check-inView fadeInRightanimated element-exposed\"><\/i><\/section>\n<\/div>\n\n\n\n<div class=\"wp-block-group card-content-item is-vertical is-content-justification-stretch is-layout-flex wp-container-core-group-is-layout-353c4f5a wp-block-group-is-layout-flex\">\n<h3 class=\"wp-block-heading headline\" id=\"h-gestao-da-comunidade\">Gest\u00e3o da Comunidade<\/h3>\n\n\n\n<p>A Radancy oferece solu\u00e7\u00f5es de gerenciamento de comunidade que podem ser dimensionadas para aprimorar a experi\u00eancia do candidato em todas as etapas de sua jornada.<\/p>\n<\/div>\n<\/div>\n\n\n\n<div class=\"wp-block-column card-with-medium-visual is-layout-flow wp-block-column-is-layout-flow\" style=\"flex-basis:50%\">\n<div class=\"wp-block-group card-visual-item is-vertical is-content-justification-stretch is-layout-flex wp-container-core-group-is-layout-353c4f5a wp-block-group-is-layout-flex\"><section class=\"prod-check-inView fadeInRight animated element-exposed animated\" style=\"\">\n\t<i class=\"icon icon--square icon--purple icon-monoline-SocialBrandMonitoring icon-no-baked-in-padding prod-check-inView fadeInLeftanimated element-exposed\"><\/i><\/section>\n<\/div>\n\n\n\n<div class=\"wp-block-group card-content-item is-vertical is-content-justification-stretch is-layout-flex wp-container-core-group-is-layout-353c4f5a wp-block-group-is-layout-flex\">\n<h3 class=\"wp-block-heading headline\" id=\"h-monitoramento-de-marca-social\">Monitoramento de marca social<\/h3>\n\n\n\n<p>Entenda o mercado e o sentimento do cliente em torno de suas carreiras, produtos e servi\u00e7os com nosso servi\u00e7o de escuta social.<\/p>\n<\/div>\n<\/div>\n\n\n\n<div class=\"wp-block-column card-with-medium-visual is-layout-flow wp-block-column-is-layout-flow\" style=\"flex-basis:50%\">\n<div class=\"wp-block-group card-visual-item is-vertical is-content-justification-stretch is-layout-flex wp-container-core-group-is-layout-353c4f5a wp-block-group-is-layout-flex\"><section class=\"prod-check-inView fadeInLeft animated element-exposed animated\" style=\"\">\n\t<i class=\"icon icon--square icon--blue icon-monoline-PaidSocialMediaAndTargeting icon-no-baked-in-padding prod-check-inView fadeInRightanimated element-exposed\"><\/i><\/section>\n<\/div>\n\n\n\n<div class=\"wp-block-group card-content-item is-vertical is-content-justification-stretch is-layout-flex wp-container-core-group-is-layout-353c4f5a wp-block-group-is-layout-flex\">\n<h3 class=\"wp-block-heading headline\" id=\"h-midias-sociais-pagas-e-segmentacao\">M\u00eddias sociais pagas e segmenta\u00e7\u00e3o<\/h3>\n\n\n\n<p>Utilize a m\u00eddia social paga e a segmenta\u00e7\u00e3o para veicular conte\u00fado ao seu p\u00fablico-alvo quando tiver mais impacto.<\/p>\n<\/div>\n<\/div>\n\n\n\n<div class=\"wp-block-column card-with-medium-visual is-layout-flow wp-block-column-is-layout-flow\" style=\"flex-basis:50%\">\n<div class=\"wp-block-group card-visual-item is-vertical is-content-justification-stretch is-layout-flex wp-container-core-group-is-layout-353c4f5a wp-block-group-is-layout-flex\"><section class=\"prod-check-inView fadeInRight animated element-exposed animated\" style=\"\">\n\t<i class=\"icon icon--square icon--mint-green icon-monoline-EmployeeAmbassadors prod-check-inView fadeInLeftanimated element-exposed\"><\/i><\/section>\n<\/div>\n\n\n\n<div class=\"wp-block-group card-content-item is-vertical is-content-justification-stretch is-layout-flex wp-container-core-group-is-layout-353c4f5a wp-block-group-is-layout-flex\">\n<h3 class=\"wp-block-heading headline\" id=\"h-embaixadores\">Embaixadores<\/h3>\n\n\n\n<p>Aumente a reputa\u00e7\u00e3o da sua marca, inspire pessoas e atraia talentos diversos capacitando seus funcion\u00e1rios e l\u00edderes nas plataformas sociais.<\/p>\n<\/div>\n<\/div>\n<\/div>\n<\/div>\n<\/div>\n<\/section>\n\n\n<section class=\"section--centered section platform-overview-client-solutions post-query\">\n\t<div class=\"max-content\">\n\t\t<div class=\"spaced-out-cards card-links\">\n\t\t\t\n\t\t\t\n\t\t\t\t\t\t\t<ul class=\"fs-forced-container fs-col-count-1 fs-col-count-m-3 list-of-cards spaced-out-cards__list section prod-check-inView element-exposed\">\n\t\t\t\t\t\n\t\t\t\t\t\t<li class=\"spaced-out-cards__item thick-line fadeIn\">\n\t\t\t\t\t\t\t<div class=\"card-visual-item spaced-out-cards__item__image-wrapper\">\n\t\t\t\t\t\t\t\t<a class=\"spaced-out-cards__item__link\" href=\"https:\/\/www.radancy.com\/pt-br\/solucoes-para-clientes\/mondelez\/\">\n\t\t\t\t\t\t\t\t\t<img decoding=\"async\" class=\"spaced-out-cards__image\" alt=\"\" src=\"https:\/\/www.radancy.com\/wp-content\/uploads\/2023\/11\/uk_carve_mondelez_size1_thumb_600x318-300x159.png\" loading=\"lazy\">\n\t\t\t\t\t\t\t\t<\/a>\n\t\t\t\t\t\t\t<\/div>\n\t\t\t\t\t\t\t<div class=\"spaced-out-cards__item__text\"><a href=\"https:\/\/www.radancy.com\/pt-br\/solucoes-para-clientes\/mondelez\/\"> <span class=\"spaced-out-cards__title\">Mondelez International<\/span> <\/a><\/div> \n\t\t\t\t\t\t<\/li>\n\t\t\t\t\t\n\t\t\t\t\t\t<li class=\"spaced-out-cards__item thick-line fadeIn\">\n\t\t\t\t\t\t\t<div class=\"card-visual-item spaced-out-cards__item__image-wrapper\">\n\t\t\t\t\t\t\t\t<a class=\"spaced-out-cards__item__link\" href=\"https:\/\/www.radancy.com\/pt-br\/solucoes-para-clientes\/bae\/\">\n\t\t\t\t\t\t\t\t\t<img decoding=\"async\" class=\"spaced-out-cards__image\" alt=\"\" src=\"https:\/\/www.radancy.com\/wp-content\/uploads\/2023\/11\/uk_carve_bae_thumb_600x318-300x159.jpg\" loading=\"lazy\">\n\t\t\t\t\t\t\t\t<\/a>\n\t\t\t\t\t\t\t<\/div>\n\t\t\t\t\t\t\t<div class=\"spaced-out-cards__item__text\"><a href=\"https:\/\/www.radancy.com\/pt-br\/solucoes-para-clientes\/bae\/\"> <span class=\"spaced-out-cards__title\">BAE<\/span> <\/a><\/div> \n\t\t\t\t\t\t<\/li>\n\t\t\t\t\t\t\t\t\t<\/ul>\n\t\t\t\t\t\t\t\t\t<\/div>\n\t<\/div>\n<\/section>\n\n\n\n<div class=\"wp-block-group alignfull cta has-neutral-1-color has-primary-2-background-color has-text-color has-background has-global-padding is-layout-constrained wp-container-core-group-is-layout-86ad42c5 wp-block-group-is-layout-constrained\" style=\"margin-top:0px;margin-bottom:0px;padding-top:var(--wp--preset--spacing--30);padding-right:var(--wp--preset--spacing--30);padding-bottom:var(--wp--preset--spacing--30);padding-left:var(--wp--preset--spacing--30)\">\n<h3 class=\"wp-block-heading has-text-align-center has-copy-font-family\" id=\"h-fale-com-a-gente-para-acelerar-seus-resultados-de-contratacao-e-maximizar-o-roi-com-uma-plataforma-de-ia-completa\">Fale com a gente para acelerar seus resultados de contrata\u00e7\u00e3o e maximizar o ROI com uma plataforma de IA completa.<\/h3>\n\n\n\n<div class=\"wp-block-buttons is-content-justification-center is-layout-flex wp-container-core-buttons-is-layout-a89b3969 wp-block-buttons-is-layout-flex\">\n<div class=\"wp-block-button\"><a class=\"wp-block-button__link wp-element-button\" href=\"https:\/\/www.radancy.com\/pt-br\/contact\/\">AGENDAR UMA DEMONSTRA\u00c7\u00c3O<\/a><\/div>\n<\/div>\n<\/div>\n","protected":false},"excerpt":{"rendered":"<p>Estrat\u00e9gia Social e de Conte\u00fado Construa relacionamentos com seu p\u00fablico por meio de uma estrat\u00e9gia abrangente de m\u00eddia social que alcance os candidatos onde eles estiverem. As solu\u00e7\u00f5es orientadas por <a class=\"more-link\" href=\"https:\/\/www.radancy.com\/pt-br\/estrategia-de-social-e-conteudo\/\">Read more&#8230;<\/a><\/p>\n","protected":false},"author":26,"featured_media":0,"parent":0,"menu_order":0,"comment_status":"closed","ping_status":"closed","template":"","meta":{"_acf_changed":false,"_EventAllDay":false,"_EventTimezone":"","_EventStartDate":"","_EventEndDate":"","_EventStartDateUTC":"","_EventEndDateUTC":"","_EventShowMap":false,"_EventShowMapLink":false,"_EventURL":"","_EventCost":"","_EventCostDescription":"","_EventCurrencySymbol":"","_EventCurrencyCode":"","_EventCurrencyPosition":"","_EventDateTimeSeparator":"","_EventTimeRangeSeparator":"","_EventOrganizerID":[],"_EventVenueID":[],"_OrganizerEmail":"","_OrganizerPhone":"","_OrganizerWebsite":"","_VenueAddress":"","_VenueCity":"","_VenueCountry":"","_VenueProvince":"","_VenueState":"","_VenueZip":"","_VenuePhone":"","_VenueURL":"","_VenueStateProvince":"","_VenueLat":"","_VenueLng":"","_VenueShowMap":false,"_VenueShowMapLink":false,"_tribe_blocks_recurrence_rules":"","_tribe_blocks_recurrence_description":"","_tribe_blocks_recurrence_exclusions":"","footnotes":""},"class_list":["post-12620","page","type-page","status-publish","hentry"],"acf":[],"yoast_head":"<!-- This site is optimized with the Yoast SEO Premium plugin v26.2 (Yoast SEO v27.4) - https:\/\/yoast.com\/product\/yoast-seo-premium-wordpress\/ -->\n<title>Estrat\u00e9gia de Social e Conte\u00fado | Radancy<\/title>\n<meta name=\"robots\" content=\"index, follow, max-snippet:-1, max-image-preview:large, max-video-preview:-1\" \/>\n<link rel=\"canonical\" href=\"https:\/\/www.radancy.com\/pt-br\/estrategia-de-social-e-conteudo\/\" \/>\n<meta property=\"og:locale\" content=\"pt_BR\" \/>\n<meta property=\"og:type\" content=\"article\" \/>\n<meta property=\"og:title\" content=\"Estrat\u00e9gia de Social e Conte\u00fado | Radancy\" \/>\n<meta property=\"og:description\" content=\"Estrat\u00e9gia Social e de Conte\u00fado Construa relacionamentos com seu p\u00fablico por meio de uma estrat\u00e9gia abrangente de m\u00eddia social que alcance os candidatos onde eles estiverem. As solu\u00e7\u00f5es orientadas por Read more...\" \/>\n<meta property=\"og:url\" content=\"https:\/\/www.radancy.com\/pt-br\/estrategia-de-social-e-conteudo\/\" \/>\n<meta property=\"og:site_name\" content=\"Radancy\" \/>\n<meta property=\"article:publisher\" content=\"https:\/\/www.facebook.com\/radancy\" \/>\n<meta property=\"article:modified_time\" content=\"2025-09-25T14:27:56+00:00\" \/>\n<meta property=\"og:image\" content=\"https:\/\/tbcdn.talentbrew.com\/company\/34730\/gst_v1\/img\/meta\/Radancy_JobShare_img_FINAL_PT.jpg\" \/>\n<meta name=\"twitter:card\" content=\"summary_large_image\" \/>\n<meta name=\"twitter:title\" content=\"Estrat\u00e9gia de Social e Conte\u00fado\" \/>\n<meta name=\"twitter:site\" content=\"@radancyco\" \/>\n<meta name=\"twitter:label1\" content=\"Est. tempo de leitura\" \/>\n\t<meta name=\"twitter:data1\" content=\"4 minutos\" \/>\n<script type=\"application\/ld+json\" class=\"yoast-schema-graph\">{\"@context\":\"https:\\\/\\\/schema.org\",\"@graph\":[{\"@type\":\"WebPage\",\"@id\":\"https:\\\/\\\/www.radancy.com\\\/pt-br\\\/estrategia-de-social-e-conteudo\\\/\",\"url\":\"https:\\\/\\\/www.radancy.com\\\/pt-br\\\/estrategia-de-social-e-conteudo\\\/\",\"name\":\"Estrat\u00e9gia de Social e Conte\u00fado | Radancy\",\"isPartOf\":{\"@id\":\"https:\\\/\\\/www.radancy.com\\\/pt-br\\\/#website\"},\"primaryImageOfPage\":{\"@id\":\"https:\\\/\\\/www.radancy.com\\\/pt-br\\\/estrategia-de-social-e-conteudo\\\/#primaryimage\"},\"image\":{\"@id\":\"https:\\\/\\\/www.radancy.com\\\/pt-br\\\/estrategia-de-social-e-conteudo\\\/#primaryimage\"},\"thumbnailUrl\":\"https:\\\/\\\/www.radancy.com\\\/wp-content\\\/uploads\\\/2023\\\/11\\\/icon-pattern-2.png\",\"datePublished\":\"2023-11-17T03:03:36+00:00\",\"dateModified\":\"2025-09-25T14:27:56+00:00\",\"breadcrumb\":{\"@id\":\"https:\\\/\\\/www.radancy.com\\\/pt-br\\\/estrategia-de-social-e-conteudo\\\/#breadcrumb\"},\"inLanguage\":\"pt-BR\",\"potentialAction\":[{\"@type\":\"ReadAction\",\"target\":[\"https:\\\/\\\/www.radancy.com\\\/pt-br\\\/estrategia-de-social-e-conteudo\\\/\"]}]},{\"@type\":\"ImageObject\",\"inLanguage\":\"pt-BR\",\"@id\":\"https:\\\/\\\/www.radancy.com\\\/pt-br\\\/estrategia-de-social-e-conteudo\\\/#primaryimage\",\"url\":\"https:\\\/\\\/www.radancy.com\\\/wp-content\\\/uploads\\\/2023\\\/11\\\/icon-pattern-2.png\",\"contentUrl\":\"https:\\\/\\\/www.radancy.com\\\/wp-content\\\/uploads\\\/2023\\\/11\\\/icon-pattern-2.png\"},{\"@type\":\"BreadcrumbList\",\"@id\":\"https:\\\/\\\/www.radancy.com\\\/pt-br\\\/estrategia-de-social-e-conteudo\\\/#breadcrumb\",\"itemListElement\":[{\"@type\":\"ListItem\",\"position\":1,\"name\":\"Home\",\"item\":\"https:\\\/\\\/www.radancy.com\\\/pt-br\\\/\"},{\"@type\":\"ListItem\",\"position\":2,\"name\":\"Estrat\u00e9gia de Social e Conte\u00fado\"}]},{\"@type\":\"WebSite\",\"@id\":\"https:\\\/\\\/www.radancy.com\\\/pt-br\\\/#website\",\"url\":\"https:\\\/\\\/www.radancy.com\\\/pt-br\\\/\",\"name\":\"Radancy\",\"description\":\"Create Connections That Count.\",\"publisher\":{\"@id\":\"https:\\\/\\\/www.radancy.com\\\/pt-br\\\/#organization\"},\"potentialAction\":[{\"@type\":\"SearchAction\",\"target\":{\"@type\":\"EntryPoint\",\"urlTemplate\":\"https:\\\/\\\/www.radancy.com\\\/pt-br\\\/?s={search_term_string}\"},\"query-input\":{\"@type\":\"PropertyValueSpecification\",\"valueRequired\":true,\"valueName\":\"search_term_string\"}}],\"inLanguage\":\"pt-BR\"},{\"@type\":\"Organization\",\"@id\":\"https:\\\/\\\/www.radancy.com\\\/pt-br\\\/#organization\",\"name\":\"Radancy\",\"url\":\"https:\\\/\\\/www.radancy.com\\\/pt-br\\\/\",\"logo\":{\"@type\":\"ImageObject\",\"inLanguage\":\"pt-BR\",\"@id\":\"https:\\\/\\\/www.radancy.com\\\/pt-br\\\/#\\\/schema\\\/logo\\\/image\\\/\",\"url\":\"https:\\\/\\\/www.radancy.com\\\/wp-content\\\/uploads\\\/2024\\\/06\\\/Radancy_Icon_RGB.svg\",\"contentUrl\":\"https:\\\/\\\/www.radancy.com\\\/wp-content\\\/uploads\\\/2024\\\/06\\\/Radancy_Icon_RGB.svg\",\"width\":1,\"height\":1,\"caption\":\"Radancy\"},\"image\":{\"@id\":\"https:\\\/\\\/www.radancy.com\\\/pt-br\\\/#\\\/schema\\\/logo\\\/image\\\/\"},\"sameAs\":[\"https:\\\/\\\/www.facebook.com\\\/radancy\",\"https:\\\/\\\/x.com\\\/radancyco\",\"https:\\\/\\\/www.linkedin.com\\\/company\\\/radancy\\\/\",\"https:\\\/\\\/www.youtube.com\\\/Radancy\\\/videos\",\"https:\\\/\\\/www.instagram.com\\\/radancyco\"]}]}<\/script>\n<!-- \/ Yoast SEO Premium plugin. -->","yoast_head_json":{"title":"Estrat\u00e9gia de Social e Conte\u00fado | Radancy","robots":{"index":"index","follow":"follow","max-snippet":"max-snippet:-1","max-image-preview":"max-image-preview:large","max-video-preview":"max-video-preview:-1"},"canonical":"https:\/\/www.radancy.com\/pt-br\/estrategia-de-social-e-conteudo\/","og_locale":"pt_BR","og_type":"article","og_title":"Estrat\u00e9gia de Social e Conte\u00fado | Radancy","og_description":"Estrat\u00e9gia Social e de Conte\u00fado Construa relacionamentos com seu p\u00fablico por meio de uma estrat\u00e9gia abrangente de m\u00eddia social que alcance os candidatos onde eles estiverem. As solu\u00e7\u00f5es orientadas por Read more...","og_url":"https:\/\/www.radancy.com\/pt-br\/estrategia-de-social-e-conteudo\/","og_site_name":"Radancy","article_publisher":"https:\/\/www.facebook.com\/radancy","article_modified_time":"2025-09-25T14:27:56+00:00","og_image":[{"url":"https:\/\/tbcdn.talentbrew.com\/company\/34730\/gst_v1\/img\/meta\/Radancy_JobShare_img_FINAL_PT.jpg","type":"","width":"","height":""}],"twitter_card":"summary_large_image","twitter_title":"Estrat\u00e9gia de Social e Conte\u00fado","twitter_site":"@radancyco","twitter_misc":{"Est. tempo de leitura":"4 minutos"},"schema":{"@context":"https:\/\/schema.org","@graph":[{"@type":"WebPage","@id":"https:\/\/www.radancy.com\/pt-br\/estrategia-de-social-e-conteudo\/","url":"https:\/\/www.radancy.com\/pt-br\/estrategia-de-social-e-conteudo\/","name":"Estrat\u00e9gia de Social e Conte\u00fado | Radancy","isPartOf":{"@id":"https:\/\/www.radancy.com\/pt-br\/#website"},"primaryImageOfPage":{"@id":"https:\/\/www.radancy.com\/pt-br\/estrategia-de-social-e-conteudo\/#primaryimage"},"image":{"@id":"https:\/\/www.radancy.com\/pt-br\/estrategia-de-social-e-conteudo\/#primaryimage"},"thumbnailUrl":"https:\/\/www.radancy.com\/wp-content\/uploads\/2023\/11\/icon-pattern-2.png","datePublished":"2023-11-17T03:03:36+00:00","dateModified":"2025-09-25T14:27:56+00:00","breadcrumb":{"@id":"https:\/\/www.radancy.com\/pt-br\/estrategia-de-social-e-conteudo\/#breadcrumb"},"inLanguage":"pt-BR","potentialAction":[{"@type":"ReadAction","target":["https:\/\/www.radancy.com\/pt-br\/estrategia-de-social-e-conteudo\/"]}]},{"@type":"ImageObject","inLanguage":"pt-BR","@id":"https:\/\/www.radancy.com\/pt-br\/estrategia-de-social-e-conteudo\/#primaryimage","url":"https:\/\/www.radancy.com\/wp-content\/uploads\/2023\/11\/icon-pattern-2.png","contentUrl":"https:\/\/www.radancy.com\/wp-content\/uploads\/2023\/11\/icon-pattern-2.png"},{"@type":"BreadcrumbList","@id":"https:\/\/www.radancy.com\/pt-br\/estrategia-de-social-e-conteudo\/#breadcrumb","itemListElement":[{"@type":"ListItem","position":1,"name":"Home","item":"https:\/\/www.radancy.com\/pt-br\/"},{"@type":"ListItem","position":2,"name":"Estrat\u00e9gia de Social e Conte\u00fado"}]},{"@type":"WebSite","@id":"https:\/\/www.radancy.com\/pt-br\/#website","url":"https:\/\/www.radancy.com\/pt-br\/","name":"Radancy","description":"Create Connections That Count.","publisher":{"@id":"https:\/\/www.radancy.com\/pt-br\/#organization"},"potentialAction":[{"@type":"SearchAction","target":{"@type":"EntryPoint","urlTemplate":"https:\/\/www.radancy.com\/pt-br\/?s={search_term_string}"},"query-input":{"@type":"PropertyValueSpecification","valueRequired":true,"valueName":"search_term_string"}}],"inLanguage":"pt-BR"},{"@type":"Organization","@id":"https:\/\/www.radancy.com\/pt-br\/#organization","name":"Radancy","url":"https:\/\/www.radancy.com\/pt-br\/","logo":{"@type":"ImageObject","inLanguage":"pt-BR","@id":"https:\/\/www.radancy.com\/pt-br\/#\/schema\/logo\/image\/","url":"https:\/\/www.radancy.com\/wp-content\/uploads\/2024\/06\/Radancy_Icon_RGB.svg","contentUrl":"https:\/\/www.radancy.com\/wp-content\/uploads\/2024\/06\/Radancy_Icon_RGB.svg","width":1,"height":1,"caption":"Radancy"},"image":{"@id":"https:\/\/www.radancy.com\/pt-br\/#\/schema\/logo\/image\/"},"sameAs":["https:\/\/www.facebook.com\/radancy","https:\/\/x.com\/radancyco","https:\/\/www.linkedin.com\/company\/radancy\/","https:\/\/www.youtube.com\/Radancy\/videos","https:\/\/www.instagram.com\/radancyco"]}]}},"_links":{"self":[{"href":"https:\/\/www.radancy.com\/pt-br\/wp-json\/wp\/v2\/pages\/12620","targetHints":{"allow":["GET"]}}],"collection":[{"href":"https:\/\/www.radancy.com\/pt-br\/wp-json\/wp\/v2\/pages"}],"about":[{"href":"https:\/\/www.radancy.com\/pt-br\/wp-json\/wp\/v2\/types\/page"}],"author":[{"embeddable":true,"href":"https:\/\/www.radancy.com\/pt-br\/wp-json\/wp\/v2\/users\/26"}],"replies":[{"embeddable":true,"href":"https:\/\/www.radancy.com\/pt-br\/wp-json\/wp\/v2\/comments?post=12620"}],"version-history":[{"count":0,"href":"https:\/\/www.radancy.com\/pt-br\/wp-json\/wp\/v2\/pages\/12620\/revisions"}],"wp:attachment":[{"href":"https:\/\/www.radancy.com\/pt-br\/wp-json\/wp\/v2\/media?parent=12620"}],"curies":[{"name":"wp","href":"https:\/\/api.w.org\/{rel}","templated":true}]}}