{"id":12610,"date":"2023-11-17T03:03:28","date_gmt":"2023-11-17T03:03:28","guid":{"rendered":"https:\/\/s45175.p1717.sites.pressdns.com\/security\/"},"modified":"2023-12-13T20:38:23","modified_gmt":"2023-12-13T20:38:23","slug":"seguranca","status":"publish","type":"page","link":"https:\/\/www.radancy.com\/pt-br\/seguranca\/","title":{"rendered":"Regulamentos e Conformidade"},"content":{"rendered":"\n<div class=\"wp-block-group alignfull title-bar has-neutral-1-color has-primary-3-background-color has-text-color has-background is-vertical is-content-justification-center is-layout-flex wp-container-core-group-is-layout-95c46550 wp-block-group-is-layout-flex\" style=\"margin-top:0;margin-bottom:60px;padding-top:35px;padding-right:35px;padding-bottom:35px;padding-left:35px\">\n<h2 class=\"wp-block-heading has-text-align-center has-accent-font-family has-headline-smallest-font-size\" style=\"margin-top:0;margin-bottom:0;font-style:normal;font-weight:400\">Regulamentos e Conformidade<\/h2>\n<\/div>\n\n\n\n<section class=\"wp-block-group cta-with-text section is-vertical is-content-justification-stretch is-layout-flex wp-container-core-group-is-layout-353c4f5a wp-block-group-is-layout-flex\">\n<div class=\"wp-block-group section section--centered section--extra-spacing is-vertical is-content-justification-center is-layout-flex wp-container-core-group-is-layout-ce155fab wp-block-group-is-layout-flex\">\n<div class=\"wp-block-group is-vertical is-content-justification-stretch is-layout-flex wp-container-core-group-is-layout-353c4f5a wp-block-group-is-layout-flex\">\n<h2 class=\"wp-block-heading headline--intro\">Como voc\u00ea protege um site de carreiras?<\/h2>\n\n\n\n<p class=\"has-intro-copy-font-size\">Radancy tem o compromisso de aprimorar sua marca, capacitando voc\u00ea a se envolver com seu p\u00fablico e oferecendo uma voz consistente em todos os pontos de conex\u00e3o. Para isso, garantimos que seus dados estejam seguros e privados, ao mesmo tempo que somos transparentes sobre nossa abordagem e controles de governan\u00e7a.<\/p>\n\n\n\n<div style=\"height:0px\" aria-hidden=\"true\" class=\"wp-block-spacer wp-container-content-f96796aa\"><\/div>\n\n\n\n<div class=\"wp-block-group is-layout-flow wp-block-group-is-layout-flow\">\n<div class=\"wp-block-buttons button button--arrow is-content-justification-center is-layout-flex wp-container-core-buttons-is-layout-a89b3969 wp-block-buttons-is-layout-flex\">\n<div class=\"wp-block-button\"><a class=\"wp-block-button__link wp-element-button\" href=\"https:\/\/www.radancy.com\/pt-br\/request-security-overview\/\">SOLICITAR VIS\u00c3O GERAL DE SEGURAN\u00c7A<\/a><\/div>\n<\/div>\n<\/div>\n<\/div>\n<\/div>\n<\/section>\n\n\n\n<section class=\"wp-block-group section is-vertical is-content-justification-stretch is-layout-flex wp-container-core-group-is-layout-353c4f5a wp-block-group-is-layout-flex\">\n<div class=\"wp-block-columns security-links section section--extra-spacing section--centered security-cards fs-container four-column-icon-text is-layout-flex wp-container-core-columns-is-layout-28f84493 wp-block-columns-is-layout-flex\">\n<div class=\"wp-block-column fs-12 fs-m-3 prod-check-inView fadeInRightanimated element-exposed is-layout-flow wp-block-column-is-layout-flow\" style=\"flex-basis:25%\">\n<figure class=\"wp-block-image\"><img decoding=\"async\" src=\"https:\/\/s45175.p1717.sites.pressdns.com\/wp-content\/uploads\/2023\/11\/img-security-aicpa-logo.png\" alt=\"\"\/><\/figure>\n\n\n\n<p>Nosso Relat\u00f3rio SOC 2 Tipo 2 + HITRUST est\u00e1 <a href=\"https:\/\/www.radancy.com\/pt-br\/contact\">dispon\u00edvel mediante solicita\u00e7\u00e3o<\/a><\/p>\n<\/div>\n\n\n\n<div class=\"wp-block-column fs-12 fs-m-3 prod-check-inView fadeInLeftanimated element-exposed is-layout-flow wp-block-column-is-layout-flow\" style=\"flex-basis:25%\">\n<figure class=\"wp-block-image\"><img decoding=\"async\" src=\"https:\/\/s45175.p1717.sites.pressdns.com\/wp-content\/uploads\/2023\/11\/security20privacy_shield.svg\" alt=\"\"\/><\/figure>\n\n\n\n<p>UE \/ EUA e Su\u00ed\u00e7a \/ EUA<br>Privacy Shield<br>Princ\u00edpios de Privacidade de Dados<\/p>\n<\/div>\n\n\n\n<div class=\"wp-block-column fs-12 fs-m-3 prod-check-inView fadeInLeftanimated element-exposed is-layout-flow wp-block-column-is-layout-flow\" style=\"flex-basis:25%\">\n<figure class=\"wp-block-image\"><img decoding=\"async\" src=\"https:\/\/s45175.p1717.sites.pressdns.com\/wp-content\/uploads\/2023\/11\/security20csa-logo.svg\" alt=\"\"\/><\/figure>\n\n\n\n<p>CSA<br>CIoud Security Alliance<\/p>\n<\/div>\n\n\n\n<div class=\"wp-block-column fs-12 fs-m-3 prod-check-inView fadeInRightanimated element-exposed is-layout-flow wp-block-column-is-layout-flow\" style=\"flex-basis:25%\">\n<figure class=\"wp-block-image\"><img decoding=\"async\" src=\"https:\/\/s45175.p1717.sites.pressdns.com\/wp-content\/uploads\/2023\/11\/img-security-nist-logo.png\" alt=\"\"\/><\/figure>\n\n\n\n<p>800-171 Prote\u00e7\u00e3o de informa\u00e7\u00f5es n\u00e3o classificadas e controladas em sistemas e organiza\u00e7\u00f5es n\u00e3o federais<\/p>\n<\/div>\n<\/div>\n\n\n\n<div style=\"height:0px\" aria-hidden=\"true\" class=\"wp-block-spacer wp-container-content-f96796aa\"><\/div>\n\n\n\n<div class=\"wp-block-group section--extra-spacing heading-text-3-column-list is-vertical is-content-justification-stretch is-layout-flex wp-container-core-group-is-layout-353c4f5a wp-block-group-is-layout-flex\">\n<div class=\"wp-block-group section section--extra-spacing section--centered is-vertical is-content-justification-center is-layout-flex wp-container-core-group-is-layout-ce155fab wp-block-group-is-layout-flex\">\n<h3 class=\"wp-block-heading headline font-color--blue has-primary-2-color has-text-color has-link-color wp-elements-f69dc8f0e1c90fd0000b68ba720b2c4b\"><strong>Recursos de Seguran\u00e7a<\/strong><\/h3>\n\n\n\n<p>O foco principal do programa de seguran\u00e7a da Radancy \u00e9 prevenir o acesso n\u00e3o autorizado aos dados de nossos clientes. Para esse fim, Radancy coloca a seguran\u00e7a na vanguarda de todo o desenvolvimento de rede, sistemas e aplicativos. Radancy oferece muitos recursos para garantir que seus dados estejam protegidos e dispon\u00edveis quando voc\u00ea precisar deles.<\/p>\n<\/div>\n\n\n\n<div class=\"wp-block-columns security-features security-cards fs-container section--centered is-layout-flex wp-container-core-columns-is-layout-28f84493 wp-block-columns-is-layout-flex\">\n<div class=\"wp-block-column fs-12 fs-m-4 is-layout-flow wp-block-column-is-layout-flow\" style=\"flex-basis:33.333333333333%\">\n<p><b>Criptografia em repouso e em tr\u00e2nsito<\/b><\/p>\n<\/div>\n\n\n\n<div class=\"wp-block-column fs-12 fs-m-4 is-layout-flow wp-block-column-is-layout-flow\" style=\"flex-basis:33.333333333333%\">\n<p><b>SSO baseado em SAML<\/b><\/p>\n<\/div>\n\n\n\n<div class=\"wp-block-column fs-12 fs-m-4 is-layout-flow wp-block-column-is-layout-flow\" style=\"flex-basis:33.333333333333%\">\n<p><b>Reten\u00e7\u00e3o de dados personalizados<\/b><\/p>\n<\/div>\n\n\n\n<div class=\"wp-block-column fs-12 fs-m-4 is-layout-flow wp-block-column-is-layout-flow\" style=\"flex-basis:33.333333333333%\">\n<p><b>Teste de Penetra\u00e7\u00e3o<\/b><\/p>\n<\/div>\n\n\n\n<div class=\"wp-block-column fs-12 fs-m-4 is-layout-flow wp-block-column-is-layout-flow\" style=\"flex-basis:33.333333333333%\">\n<p><b>Gest\u00e3o de Vulnerabilidade<\/b><\/p>\n<\/div>\n\n\n\n<div class=\"wp-block-column fs-12 fs-m-4 is-layout-flow wp-block-column-is-layout-flow\" style=\"flex-basis:33.333333333333%\">\n<p><b>Prote\u00e7\u00e3o DDOS<\/b><\/p>\n<\/div>\n\n\n\n<div class=\"wp-block-column fs-12 fs-m-4 is-layout-flow wp-block-column-is-layout-flow\" style=\"flex-basis:33.333333333333%\">\n<p><b>Alta disponibilidade e recupera\u00e7\u00e3o de desastres<\/b><\/p>\n<\/div>\n<\/div>\n<\/div>\n\n\n\n<div style=\"height:0px\" aria-hidden=\"true\" class=\"wp-block-spacer wp-container-content-f96796aa\"><\/div>\n\n\n\n<div class=\"wp-block-columns is-layout-flex wp-container-core-columns-is-layout-28f84493 wp-block-columns-is-layout-flex\">\n<div class=\"wp-block-column is-layout-flow wp-block-column-is-layout-flow\">\n<section class=\"wp-block-group cta-with-text section is-vertical is-content-justification-stretch is-layout-flex wp-container-core-group-is-layout-353c4f5a wp-block-group-is-layout-flex\">\n<div class=\"wp-block-group section section--centered section--extra-spacing is-vertical is-content-justification-center is-layout-flex wp-container-core-group-is-layout-ce155fab wp-block-group-is-layout-flex\">\n<div class=\"wp-block-group is-vertical is-content-justification-stretch is-layout-flex wp-container-core-group-is-layout-353c4f5a wp-block-group-is-layout-flex\">\n<h2 class=\"wp-block-heading headline--intro has-copy-font-family\" style=\"font-size:clamp(15.747px, 0.984rem + ((1vw - 3.2px) * 0.737), 24px);font-style:normal;font-weight:600\">Solicite o Artigo de Seguran\u00e7a da Informa\u00e7\u00e3o da Radancy<\/h2>\n\n\n\n<p>Aprenda as maneiras espec\u00edficas como a Radancy protege seus dados e ajuda voc\u00ea a atender ou exceder os padr\u00f5es de conformidade de sua empresa.<\/p>\n\n\n\n<div class=\"wp-block-group is-layout-flow wp-block-group-is-layout-flow\">\n<div class=\"wp-block-buttons button button--arrow is-content-justification-center is-layout-flex wp-container-core-buttons-is-layout-a89b3969 wp-block-buttons-is-layout-flex\">\n<div class=\"wp-block-button\"><a class=\"wp-block-button__link wp-element-button\" href=\"\/pt-br\/preocupacoes-com-seguranca\/\">SOLICITAR WHITEPAPER DE SEGURAN\u00c7A<\/a><\/div>\n<\/div>\n<\/div>\n<\/div>\n<\/div>\n<\/section>\n<\/div>\n\n\n\n<div class=\"wp-block-column is-layout-flow wp-block-column-is-layout-flow\">\n<section class=\"wp-block-group cta-with-text section is-vertical is-content-justification-stretch is-layout-flex wp-container-core-group-is-layout-353c4f5a wp-block-group-is-layout-flex\">\n<div class=\"wp-block-group section section--centered section--extra-spacing is-vertical is-content-justification-center is-layout-flex wp-container-core-group-is-layout-ce155fab wp-block-group-is-layout-flex\">\n<div class=\"wp-block-group is-vertical is-content-justification-stretch is-layout-flex wp-container-core-group-is-layout-353c4f5a wp-block-group-is-layout-flex\">\n<h2 class=\"wp-block-heading headline--intro has-copy-font-family\" style=\"font-size:clamp(15.747px, 0.984rem + ((1vw - 3.2px) * 0.737), 24px);font-style:normal;font-weight:600\">Solicite o Artigo de Seguran\u00e7a da Informa\u00e7\u00e3o da Radancy<\/h2>\n\n\n\n<p>Radancy leva a seguran\u00e7a muito a s\u00e9rio. Se voc\u00ea acredita que encontrou uma vulnerabilidade de seguran\u00e7a em nossa plataforma, entre em contato com nossa equipe de seguran\u00e7a clicando no bot\u00e3o abaixo.<\/p>\n\n\n\n<div class=\"wp-block-group is-layout-flow wp-block-group-is-layout-flow\">\n<div class=\"wp-block-buttons button button--arrow is-content-justification-center is-layout-flex wp-container-core-buttons-is-layout-a89b3969 wp-block-buttons-is-layout-flex\">\n<div class=\"wp-block-button\"><a class=\"wp-block-button__link wp-element-button\" href=\"\/pt-br\/preocupacoes-com-seguranca\/\">RELAT\u00d3RIO DE PREOCUPA\u00c7\u00c3O COM A SEGURAN\u00c7A<\/a><\/div>\n<\/div>\n<\/div>\n<\/div>\n<\/div>\n<\/section>\n<\/div>\n<\/div>\n<\/section>\n\n\n\n<div class=\"wp-block-group alignfull cta contact-cta has-neutral-1-color has-primary-2-background-color has-text-color has-background has-global-padding is-layout-constrained wp-container-core-group-is-layout-80fb368b wp-block-group-is-layout-constrained\" style=\"padding-top:var(--wp--preset--spacing--30);padding-right:var(--wp--preset--spacing--30);padding-bottom:var(--wp--preset--spacing--30);padding-left:var(--wp--preset--spacing--30)\">\n<h2 class=\"wp-block-heading has-text-align-center headline text-contrast contact-cta--heading contact-cta--text has-headline-smallest-font-size\"><strong>RADANCY E O REGULAMENTO GERAL DE PROTE\u00c7\u00c3O DE DADOS DA UE (GDPR)<\/strong><\/h2>\n\n\n\n<p class=\"has-text-align-center text-contrast contact-cta--text has-copy-font-size\">Radancy entende a import\u00e2ncia da privacidade e da prote\u00e7\u00e3o de dados, especialmente no que se refere \u00e0 aquisi\u00e7\u00e3o de talentos. Como acontece com outras leis de prote\u00e7\u00e3o de dados, a conformidade com o GDPR exige o compromisso da Radancy e de nossos clientes. Os nossos objetivos est\u00e3o alinhados com o GDPR, nomeadamente respeitar as pol\u00edticas dos nossos clientes e a privacidade dos candidatos que atraem e recrutam. Como profissionais de marketing no neg\u00f3cio de aquisi\u00e7\u00e3o de talentos, sabemos que se criarmos experi\u00eancias significativas que pare\u00e7am pessoais e humanas, baseadas na confian\u00e7a e prestadas com cuidado, nossos clientes podem maximizar sua capacidade de atrair e converter candidatos em potencial.<\/p>\n\n\n\n<div class=\"wp-block-group alignfull is-not-stacked-on-mobile is-layout-flow wp-block-group-is-layout-flow\">\n<div class=\"wp-block-buttons button button--arrow button--on-dark-bg contact-cta--buttons is-content-justification-center is-layout-flex wp-container-core-buttons-is-layout-a89b3969 wp-block-buttons-is-layout-flex\">\n<div class=\"wp-block-button\"><a class=\"wp-block-button__link wp-element-button\" href=\"https:\/\/www.radancy.com\/pt-br\/request-security-overview\/\">SOLICITAR UMA AN\u00c1LISE DO GDPR<\/a><\/div>\n<\/div>\n<\/div>\n<\/div>\n","protected":false},"excerpt":{"rendered":"<p>Regulamentos e Conformidade Como voc\u00ea protege um site de carreiras? Radancy tem o compromisso de aprimorar sua marca, capacitando voc\u00ea a se envolver com seu p\u00fablico e oferecendo uma voz <a class=\"more-link\" href=\"https:\/\/www.radancy.com\/pt-br\/seguranca\/\">Read more&#8230;<\/a><\/p>\n","protected":false},"author":26,"featured_media":0,"parent":0,"menu_order":0,"comment_status":"closed","ping_status":"closed","template":"","meta":{"_acf_changed":false,"_EventAllDay":false,"_EventTimezone":"","_EventStartDate":"","_EventEndDate":"","_EventStartDateUTC":"","_EventEndDateUTC":"","_EventShowMap":false,"_EventShowMapLink":false,"_EventURL":"","_EventCost":"","_EventCostDescription":"","_EventCurrencySymbol":"","_EventCurrencyCode":"","_EventCurrencyPosition":"","_EventDateTimeSeparator":"","_EventTimeRangeSeparator":"","_EventOrganizerID":[],"_EventVenueID":[],"_OrganizerEmail":"","_OrganizerPhone":"","_OrganizerWebsite":"","_VenueAddress":"","_VenueCity":"","_VenueCountry":"","_VenueProvince":"","_VenueState":"","_VenueZip":"","_VenuePhone":"","_VenueURL":"","_VenueStateProvince":"","_VenueLat":"","_VenueLng":"","_VenueShowMap":false,"_VenueShowMapLink":false,"_tribe_blocks_recurrence_rules":"","_tribe_blocks_recurrence_description":"","_tribe_blocks_recurrence_exclusions":"","footnotes":""},"class_list":["post-12610","page","type-page","status-publish","hentry"],"acf":[],"yoast_head":"<!-- This site is optimized with the Yoast SEO Premium plugin v26.2 (Yoast SEO v27.4) - https:\/\/yoast.com\/product\/yoast-seo-premium-wordpress\/ -->\n<title>Regulamentos e Conformidade | Radancy<\/title>\n<meta name=\"robots\" content=\"index, follow, max-snippet:-1, max-image-preview:large, max-video-preview:-1\" \/>\n<link rel=\"canonical\" href=\"https:\/\/www.radancy.com\/pt-br\/seguranca\/\" \/>\n<meta property=\"og:locale\" content=\"pt_BR\" \/>\n<meta property=\"og:type\" content=\"article\" \/>\n<meta property=\"og:title\" content=\"Regulamentos e Conformidade | Radancy\" \/>\n<meta property=\"og:description\" content=\"Regulamentos e Conformidade Como voc\u00ea protege um site de carreiras? Radancy tem o compromisso de aprimorar sua marca, capacitando voc\u00ea a se envolver com seu p\u00fablico e oferecendo uma voz Read more...\" \/>\n<meta property=\"og:url\" content=\"https:\/\/www.radancy.com\/pt-br\/seguranca\/\" \/>\n<meta property=\"og:site_name\" content=\"Radancy\" \/>\n<meta property=\"article:publisher\" content=\"https:\/\/www.facebook.com\/radancy\" \/>\n<meta property=\"article:modified_time\" content=\"2023-12-13T20:38:23+00:00\" \/>\n<meta property=\"og:image\" content=\"https:\/\/tbcdn.talentbrew.com\/company\/34730\/gst_v1\/img\/meta\/Radancy_JobShare_img_FINAL_PT.jpg\" \/>\n<meta name=\"twitter:card\" content=\"summary_large_image\" \/>\n<meta name=\"twitter:title\" content=\"Regulamentos e Conformidade\" \/>\n<meta name=\"twitter:site\" content=\"@radancyco\" \/>\n<meta name=\"twitter:label1\" content=\"Est. tempo de leitura\" \/>\n\t<meta name=\"twitter:data1\" content=\"3 minutos\" \/>\n<script type=\"application\/ld+json\" class=\"yoast-schema-graph\">{\"@context\":\"https:\\\/\\\/schema.org\",\"@graph\":[{\"@type\":\"WebPage\",\"@id\":\"https:\\\/\\\/www.radancy.com\\\/pt-br\\\/seguranca\\\/\",\"url\":\"https:\\\/\\\/www.radancy.com\\\/pt-br\\\/seguranca\\\/\",\"name\":\"Regulamentos e Conformidade | Radancy\",\"isPartOf\":{\"@id\":\"https:\\\/\\\/www.radancy.com\\\/pt-br\\\/#website\"},\"primaryImageOfPage\":{\"@id\":\"https:\\\/\\\/www.radancy.com\\\/pt-br\\\/seguranca\\\/#primaryimage\"},\"image\":{\"@id\":\"https:\\\/\\\/www.radancy.com\\\/pt-br\\\/seguranca\\\/#primaryimage\"},\"thumbnailUrl\":\"https:\\\/\\\/s45175.p1717.sites.pressdns.com\\\/wp-content\\\/uploads\\\/2023\\\/11\\\/img-security-aicpa-logo.png\",\"datePublished\":\"2023-11-17T03:03:28+00:00\",\"dateModified\":\"2023-12-13T20:38:23+00:00\",\"breadcrumb\":{\"@id\":\"https:\\\/\\\/www.radancy.com\\\/pt-br\\\/seguranca\\\/#breadcrumb\"},\"inLanguage\":\"pt-BR\",\"potentialAction\":[{\"@type\":\"ReadAction\",\"target\":[\"https:\\\/\\\/www.radancy.com\\\/pt-br\\\/seguranca\\\/\"]}]},{\"@type\":\"ImageObject\",\"inLanguage\":\"pt-BR\",\"@id\":\"https:\\\/\\\/www.radancy.com\\\/pt-br\\\/seguranca\\\/#primaryimage\",\"url\":\"https:\\\/\\\/s45175.p1717.sites.pressdns.com\\\/wp-content\\\/uploads\\\/2023\\\/11\\\/img-security-aicpa-logo.png\",\"contentUrl\":\"https:\\\/\\\/s45175.p1717.sites.pressdns.com\\\/wp-content\\\/uploads\\\/2023\\\/11\\\/img-security-aicpa-logo.png\"},{\"@type\":\"BreadcrumbList\",\"@id\":\"https:\\\/\\\/www.radancy.com\\\/pt-br\\\/seguranca\\\/#breadcrumb\",\"itemListElement\":[{\"@type\":\"ListItem\",\"position\":1,\"name\":\"Home\",\"item\":\"https:\\\/\\\/www.radancy.com\\\/pt-br\\\/\"},{\"@type\":\"ListItem\",\"position\":2,\"name\":\"Regulamentos e Conformidade\"}]},{\"@type\":\"WebSite\",\"@id\":\"https:\\\/\\\/www.radancy.com\\\/pt-br\\\/#website\",\"url\":\"https:\\\/\\\/www.radancy.com\\\/pt-br\\\/\",\"name\":\"Radancy\",\"description\":\"Create Connections That Count.\",\"publisher\":{\"@id\":\"https:\\\/\\\/www.radancy.com\\\/pt-br\\\/#organization\"},\"potentialAction\":[{\"@type\":\"SearchAction\",\"target\":{\"@type\":\"EntryPoint\",\"urlTemplate\":\"https:\\\/\\\/www.radancy.com\\\/pt-br\\\/?s={search_term_string}\"},\"query-input\":{\"@type\":\"PropertyValueSpecification\",\"valueRequired\":true,\"valueName\":\"search_term_string\"}}],\"inLanguage\":\"pt-BR\"},{\"@type\":\"Organization\",\"@id\":\"https:\\\/\\\/www.radancy.com\\\/pt-br\\\/#organization\",\"name\":\"Radancy\",\"url\":\"https:\\\/\\\/www.radancy.com\\\/pt-br\\\/\",\"logo\":{\"@type\":\"ImageObject\",\"inLanguage\":\"pt-BR\",\"@id\":\"https:\\\/\\\/www.radancy.com\\\/pt-br\\\/#\\\/schema\\\/logo\\\/image\\\/\",\"url\":\"https:\\\/\\\/www.radancy.com\\\/wp-content\\\/uploads\\\/2024\\\/06\\\/Radancy_Icon_RGB.svg\",\"contentUrl\":\"https:\\\/\\\/www.radancy.com\\\/wp-content\\\/uploads\\\/2024\\\/06\\\/Radancy_Icon_RGB.svg\",\"width\":1,\"height\":1,\"caption\":\"Radancy\"},\"image\":{\"@id\":\"https:\\\/\\\/www.radancy.com\\\/pt-br\\\/#\\\/schema\\\/logo\\\/image\\\/\"},\"sameAs\":[\"https:\\\/\\\/www.facebook.com\\\/radancy\",\"https:\\\/\\\/x.com\\\/radancyco\",\"https:\\\/\\\/www.linkedin.com\\\/company\\\/radancy\\\/\",\"https:\\\/\\\/www.youtube.com\\\/Radancy\\\/videos\",\"https:\\\/\\\/www.instagram.com\\\/radancyco\"]}]}<\/script>\n<!-- \/ Yoast SEO Premium plugin. -->","yoast_head_json":{"title":"Regulamentos e Conformidade | Radancy","robots":{"index":"index","follow":"follow","max-snippet":"max-snippet:-1","max-image-preview":"max-image-preview:large","max-video-preview":"max-video-preview:-1"},"canonical":"https:\/\/www.radancy.com\/pt-br\/seguranca\/","og_locale":"pt_BR","og_type":"article","og_title":"Regulamentos e Conformidade | Radancy","og_description":"Regulamentos e Conformidade Como voc\u00ea protege um site de carreiras? Radancy tem o compromisso de aprimorar sua marca, capacitando voc\u00ea a se envolver com seu p\u00fablico e oferecendo uma voz Read more...","og_url":"https:\/\/www.radancy.com\/pt-br\/seguranca\/","og_site_name":"Radancy","article_publisher":"https:\/\/www.facebook.com\/radancy","article_modified_time":"2023-12-13T20:38:23+00:00","og_image":[{"url":"https:\/\/tbcdn.talentbrew.com\/company\/34730\/gst_v1\/img\/meta\/Radancy_JobShare_img_FINAL_PT.jpg","type":"","width":"","height":""}],"twitter_card":"summary_large_image","twitter_title":"Regulamentos e Conformidade","twitter_site":"@radancyco","twitter_misc":{"Est. tempo de leitura":"3 minutos"},"schema":{"@context":"https:\/\/schema.org","@graph":[{"@type":"WebPage","@id":"https:\/\/www.radancy.com\/pt-br\/seguranca\/","url":"https:\/\/www.radancy.com\/pt-br\/seguranca\/","name":"Regulamentos e Conformidade | Radancy","isPartOf":{"@id":"https:\/\/www.radancy.com\/pt-br\/#website"},"primaryImageOfPage":{"@id":"https:\/\/www.radancy.com\/pt-br\/seguranca\/#primaryimage"},"image":{"@id":"https:\/\/www.radancy.com\/pt-br\/seguranca\/#primaryimage"},"thumbnailUrl":"https:\/\/s45175.p1717.sites.pressdns.com\/wp-content\/uploads\/2023\/11\/img-security-aicpa-logo.png","datePublished":"2023-11-17T03:03:28+00:00","dateModified":"2023-12-13T20:38:23+00:00","breadcrumb":{"@id":"https:\/\/www.radancy.com\/pt-br\/seguranca\/#breadcrumb"},"inLanguage":"pt-BR","potentialAction":[{"@type":"ReadAction","target":["https:\/\/www.radancy.com\/pt-br\/seguranca\/"]}]},{"@type":"ImageObject","inLanguage":"pt-BR","@id":"https:\/\/www.radancy.com\/pt-br\/seguranca\/#primaryimage","url":"https:\/\/s45175.p1717.sites.pressdns.com\/wp-content\/uploads\/2023\/11\/img-security-aicpa-logo.png","contentUrl":"https:\/\/s45175.p1717.sites.pressdns.com\/wp-content\/uploads\/2023\/11\/img-security-aicpa-logo.png"},{"@type":"BreadcrumbList","@id":"https:\/\/www.radancy.com\/pt-br\/seguranca\/#breadcrumb","itemListElement":[{"@type":"ListItem","position":1,"name":"Home","item":"https:\/\/www.radancy.com\/pt-br\/"},{"@type":"ListItem","position":2,"name":"Regulamentos e Conformidade"}]},{"@type":"WebSite","@id":"https:\/\/www.radancy.com\/pt-br\/#website","url":"https:\/\/www.radancy.com\/pt-br\/","name":"Radancy","description":"Create Connections That Count.","publisher":{"@id":"https:\/\/www.radancy.com\/pt-br\/#organization"},"potentialAction":[{"@type":"SearchAction","target":{"@type":"EntryPoint","urlTemplate":"https:\/\/www.radancy.com\/pt-br\/?s={search_term_string}"},"query-input":{"@type":"PropertyValueSpecification","valueRequired":true,"valueName":"search_term_string"}}],"inLanguage":"pt-BR"},{"@type":"Organization","@id":"https:\/\/www.radancy.com\/pt-br\/#organization","name":"Radancy","url":"https:\/\/www.radancy.com\/pt-br\/","logo":{"@type":"ImageObject","inLanguage":"pt-BR","@id":"https:\/\/www.radancy.com\/pt-br\/#\/schema\/logo\/image\/","url":"https:\/\/www.radancy.com\/wp-content\/uploads\/2024\/06\/Radancy_Icon_RGB.svg","contentUrl":"https:\/\/www.radancy.com\/wp-content\/uploads\/2024\/06\/Radancy_Icon_RGB.svg","width":1,"height":1,"caption":"Radancy"},"image":{"@id":"https:\/\/www.radancy.com\/pt-br\/#\/schema\/logo\/image\/"},"sameAs":["https:\/\/www.facebook.com\/radancy","https:\/\/x.com\/radancyco","https:\/\/www.linkedin.com\/company\/radancy\/","https:\/\/www.youtube.com\/Radancy\/videos","https:\/\/www.instagram.com\/radancyco"]}]}},"_links":{"self":[{"href":"https:\/\/www.radancy.com\/pt-br\/wp-json\/wp\/v2\/pages\/12610","targetHints":{"allow":["GET"]}}],"collection":[{"href":"https:\/\/www.radancy.com\/pt-br\/wp-json\/wp\/v2\/pages"}],"about":[{"href":"https:\/\/www.radancy.com\/pt-br\/wp-json\/wp\/v2\/types\/page"}],"author":[{"embeddable":true,"href":"https:\/\/www.radancy.com\/pt-br\/wp-json\/wp\/v2\/users\/26"}],"replies":[{"embeddable":true,"href":"https:\/\/www.radancy.com\/pt-br\/wp-json\/wp\/v2\/comments?post=12610"}],"version-history":[{"count":0,"href":"https:\/\/www.radancy.com\/pt-br\/wp-json\/wp\/v2\/pages\/12610\/revisions"}],"wp:attachment":[{"href":"https:\/\/www.radancy.com\/pt-br\/wp-json\/wp\/v2\/media?parent=12610"}],"curies":[{"name":"wp","href":"https:\/\/api.w.org\/{rel}","templated":true}]}}