{"id":12606,"date":"2023-11-17T03:03:26","date_gmt":"2023-11-17T03:03:26","guid":{"rendered":"https:\/\/s45175.p1717.sites.pressdns.com\/radancy-labs\/"},"modified":"2025-09-25T15:10:50","modified_gmt":"2025-09-25T15:10:50","slug":"radancy-labs","status":"publish","type":"page","link":"https:\/\/www.radancy.com\/pt-br\/radancy-labs\/","title":{"rendered":"Radancy Labs"},"content":{"rendered":"\n<div class=\"wp-block-group alignfull title-bar has-neutral-1-color has-primary-3-background-color has-text-color has-background is-vertical is-content-justification-center is-layout-flex wp-container-core-group-is-layout-95c46550 wp-block-group-is-layout-flex\" style=\"margin-top:0;margin-bottom:60px;padding-top:35px;padding-right:35px;padding-bottom:35px;padding-left:35px\">\n<h2 class=\"wp-block-heading has-accent-font-family has-headline-smallest-font-size\" id=\"h-radancy-labs\" style=\"margin-top:0;margin-bottom:0;font-style:normal;font-weight:400;text-transform:capitalize\">Radancy Labs<\/h2>\n<\/div>\n\n\n\n<section class=\"wp-block-group section is-vertical is-content-justification-stretch is-layout-flex wp-container-core-group-is-layout-353c4f5a wp-block-group-is-layout-flex\">\n<div class=\"wp-block-group section section--centered section--extra-spacing is-vertical is-content-justification-center is-layout-flex wp-container-core-group-is-layout-ce155fab wp-block-group-is-layout-flex\">\n<div class=\"wp-block-group is-vertical is-content-justification-stretch is-layout-flex wp-container-core-group-is-layout-353c4f5a wp-block-group-is-layout-flex\">\n<h3 class=\"wp-block-heading has-text-align-center headline--intro font-color--blue has-primary-1-color has-primary-2-color has-text-color has-link-color has-headline-small-font-size wp-elements-6ba9e58bd6daf58d65730ac8c64beb6d\" id=\"h-te-conectado-a-novidades-e-o-que-vem-por-ai\">Te conectado a novidades e o que vem por a\u00ed.<\/h3>\n\n\n\n<p class=\"has-text-align-center\"><span>A inova\u00e7\u00e3o move mais inova\u00e7\u00e3o. E pensar no futuro n\u00e3o \u00e9 um simples adendo em nossos projetos, est\u00e1 no cora\u00e7\u00e3o de tudo que fazemos. Educamos nossos clientes, incentivamos os nossos colaboradores a enviarem \u201cideias do trimestre,\u201d e desenvolvemos solu\u00e7\u00f5es conceituais desenvolvidas por nossa equipe Radancy Labs \u2013 nos dedicamos para sempre te manter informado sobre novidades e o que vem por a\u00ed. \u00c9 um foco constante na defini\u00e7\u00e3o de tend\u00eancias tecnol\u00f3gicas, empurrando as barreiras dos analytics, para entregar solu\u00e7\u00f5es que transformam a forma em que voc\u00ea se conecta com talentos.<\/span><\/p>\n<\/div>\n<\/div>\n<\/section>\n\n\n\n<section class=\"wp-block-group section--extra-spacing section is-vertical is-content-justification-stretch is-layout-flex wp-container-core-group-is-layout-353c4f5a wp-block-group-is-layout-flex\">\n<h2 class=\"wp-block-heading headline has-copy-font-family has-headline-smallest-font-size\" id=\"h-a-equipe-principal-da-radancy-labs\" style=\"font-style:normal;font-weight:600\">A Equipe Principal da Radancy Labs.<\/h2>\n\n\n\n<p>Radancy Labs \u00e9 onde n\u00f3s criamos o futuro de aquisi\u00e7\u00e3o de talentos, e a experi\u00eancia do candidato. Nossa equipe principal dos labs \u2013 liderada por Todd Maycunich, Jahkedda Akbar-Mitchell, e Craig Knutson \u2013 trabalha com l\u00edderes da ind\u00fastria, cada um com um trajeto profissional e habilidades distintas. Temos recursos dedicados e um objetivo universal na empresa, para desenhas experi\u00eancias que desafiem as possibilidades \u2013 para voc\u00ea e seu p\u00fablico-alvo.<\/p>\n<\/section>\n\n\n\n<section class=\"wp-block-group section three-column-images is-vertical is-content-justification-stretch is-layout-flex wp-container-core-group-is-layout-b3226a03 wp-block-group-is-layout-flex\" style=\"padding-bottom:50px\">\n<div class=\"wp-block-columns list-of-cards fs-forced-container fs-col-count-1 fs-col-count-m-3 is-layout-flex wp-container-core-columns-is-layout-28f84493 wp-block-columns-is-layout-flex\">\n<div class=\"wp-block-column img-card__col is-layout-flow wp-block-column-is-layout-flow\">\n<figure class=\"wp-block-image\"><img decoding=\"async\" src=\"https:\/\/s45175.p1717.sites.pressdns.com\/wp-content\/uploads\/2023\/11\/radancy-labs-01.jpg\" alt=\"Woman with headset on talking on a video call\"\/><\/figure>\n<\/div>\n\n\n\n<div class=\"wp-block-column img-card__col is-layout-flow wp-block-column-is-layout-flow\">\n<figure class=\"wp-block-image\"><img decoding=\"async\" src=\"https:\/\/s45175.p1717.sites.pressdns.com\/wp-content\/uploads\/2023\/11\/radancy-labs-02.jpg\" alt=\"Woman pointing to a screen behind her during a presentation\"\/><\/figure>\n<\/div>\n\n\n\n<div class=\"wp-block-column img-card__col is-layout-flow wp-block-column-is-layout-flow\">\n<figure class=\"wp-block-image\"><img decoding=\"async\" src=\"https:\/\/s45175.p1717.sites.pressdns.com\/wp-content\/uploads\/2023\/11\/radancy-labs-03.jpg\" alt=\"Person wearing VR gaming headset\"\/><\/figure>\n<\/div>\n<\/div>\n<\/section>\n\n\n\n<div class=\"wp-block-group alignfull cta has-neutral-1-color has-primary-2-background-color has-text-color has-background has-global-padding is-layout-constrained wp-container-core-group-is-layout-86ad42c5 wp-block-group-is-layout-constrained\" style=\"margin-top:0px;margin-bottom:0px;padding-top:var(--wp--preset--spacing--30);padding-right:var(--wp--preset--spacing--30);padding-bottom:var(--wp--preset--spacing--30);padding-left:var(--wp--preset--spacing--30)\">\n<h3 class=\"wp-block-heading has-text-align-center has-copy-font-family\" id=\"h-fale-com-a-gente-para-acelerar-seus-resultados-de-contratacao-e-maximizar-o-roi-com-uma-plataforma-de-ia-completa\">Fale com a gente para acelerar seus resultados de contrata\u00e7\u00e3o e maximizar o ROI com uma plataforma de IA completa.<\/h3>\n\n\n\n<div class=\"wp-block-buttons is-content-justification-center is-layout-flex wp-container-core-buttons-is-layout-a89b3969 wp-block-buttons-is-layout-flex\">\n<div class=\"wp-block-button\"><a class=\"wp-block-button__link wp-element-button\" href=\"https:\/\/www.radancy.com\/pt-br\/contact\/\">AGENDAR UMA DEMONSTRA\u00c7\u00c3O<\/a><\/div>\n<\/div>\n<\/div>\n","protected":false},"excerpt":{"rendered":"<p>Radancy Labs Te conectado a novidades e o que vem por a\u00ed. A inova\u00e7\u00e3o move mais inova\u00e7\u00e3o. E pensar no futuro n\u00e3o \u00e9 um simples adendo em nossos projetos, est\u00e1 <a class=\"more-link\" href=\"https:\/\/www.radancy.com\/pt-br\/radancy-labs\/\">Read more&#8230;<\/a><\/p>\n","protected":false},"author":26,"featured_media":0,"parent":0,"menu_order":0,"comment_status":"closed","ping_status":"closed","template":"","meta":{"_acf_changed":false,"_EventAllDay":false,"_EventTimezone":"","_EventStartDate":"","_EventEndDate":"","_EventStartDateUTC":"","_EventEndDateUTC":"","_EventShowMap":false,"_EventShowMapLink":false,"_EventURL":"","_EventCost":"","_EventCostDescription":"","_EventCurrencySymbol":"","_EventCurrencyCode":"","_EventCurrencyPosition":"","_EventDateTimeSeparator":"","_EventTimeRangeSeparator":"","_EventOrganizerID":[],"_EventVenueID":[],"_OrganizerEmail":"","_OrganizerPhone":"","_OrganizerWebsite":"","_VenueAddress":"","_VenueCity":"","_VenueCountry":"","_VenueProvince":"","_VenueState":"","_VenueZip":"","_VenuePhone":"","_VenueURL":"","_VenueStateProvince":"","_VenueLat":"","_VenueLng":"","_VenueShowMap":false,"_VenueShowMapLink":false,"_tribe_blocks_recurrence_rules":"","_tribe_blocks_recurrence_description":"","_tribe_blocks_recurrence_exclusions":"","footnotes":""},"class_list":["post-12606","page","type-page","status-publish","hentry"],"acf":[],"yoast_head":"<!-- This site is optimized with the Yoast SEO Premium plugin v26.2 (Yoast SEO v27.5) - https:\/\/yoast.com\/product\/yoast-seo-premium-wordpress\/ -->\n<title>Radancy Labs | Radancy<\/title>\n<meta name=\"robots\" content=\"index, follow, max-snippet:-1, max-image-preview:large, max-video-preview:-1\" \/>\n<link rel=\"canonical\" href=\"https:\/\/www.radancy.com\/pt-br\/radancy-labs\/\" \/>\n<meta property=\"og:locale\" content=\"pt_BR\" \/>\n<meta property=\"og:type\" content=\"article\" \/>\n<meta property=\"og:title\" content=\"Radancy Labs | Radancy\" \/>\n<meta property=\"og:description\" content=\"Radancy Labs Te conectado a novidades e o que vem por a\u00ed. A inova\u00e7\u00e3o move mais inova\u00e7\u00e3o. E pensar no futuro n\u00e3o \u00e9 um simples adendo em nossos projetos, est\u00e1 Read more...\" \/>\n<meta property=\"og:url\" content=\"https:\/\/www.radancy.com\/pt-br\/radancy-labs\/\" \/>\n<meta property=\"og:site_name\" content=\"Radancy\" \/>\n<meta property=\"article:publisher\" content=\"https:\/\/www.facebook.com\/radancy\" \/>\n<meta property=\"article:modified_time\" content=\"2025-09-25T15:10:50+00:00\" \/>\n<meta property=\"og:image\" content=\"https:\/\/tbcdn.talentbrew.com\/company\/34730\/gst_v1\/img\/meta\/Radancy_JobShare_img_FINAL_PT.jpg\" \/>\n<meta name=\"twitter:card\" content=\"summary_large_image\" \/>\n<meta name=\"twitter:title\" content=\"Radancy Labs\" \/>\n<meta name=\"twitter:site\" content=\"@radancyco\" \/>\n<meta name=\"twitter:label1\" content=\"Est. tempo de leitura\" \/>\n\t<meta name=\"twitter:data1\" content=\"3 minutos\" \/>\n<script type=\"application\/ld+json\" class=\"yoast-schema-graph\">{\"@context\":\"https:\\\/\\\/schema.org\",\"@graph\":[{\"@type\":\"WebPage\",\"@id\":\"https:\\\/\\\/www.radancy.com\\\/pt-br\\\/radancy-labs\\\/\",\"url\":\"https:\\\/\\\/www.radancy.com\\\/pt-br\\\/radancy-labs\\\/\",\"name\":\"Radancy Labs | Radancy\",\"isPartOf\":{\"@id\":\"https:\\\/\\\/www.radancy.com\\\/pt-br\\\/#website\"},\"primaryImageOfPage\":{\"@id\":\"https:\\\/\\\/www.radancy.com\\\/pt-br\\\/radancy-labs\\\/#primaryimage\"},\"image\":{\"@id\":\"https:\\\/\\\/www.radancy.com\\\/pt-br\\\/radancy-labs\\\/#primaryimage\"},\"thumbnailUrl\":\"https:\\\/\\\/s45175.p1717.sites.pressdns.com\\\/wp-content\\\/uploads\\\/2023\\\/11\\\/radancy-labs-01.jpg\",\"datePublished\":\"2023-11-17T03:03:26+00:00\",\"dateModified\":\"2025-09-25T15:10:50+00:00\",\"breadcrumb\":{\"@id\":\"https:\\\/\\\/www.radancy.com\\\/pt-br\\\/radancy-labs\\\/#breadcrumb\"},\"inLanguage\":\"pt-BR\",\"potentialAction\":[{\"@type\":\"ReadAction\",\"target\":[\"https:\\\/\\\/www.radancy.com\\\/pt-br\\\/radancy-labs\\\/\"]}]},{\"@type\":\"ImageObject\",\"inLanguage\":\"pt-BR\",\"@id\":\"https:\\\/\\\/www.radancy.com\\\/pt-br\\\/radancy-labs\\\/#primaryimage\",\"url\":\"https:\\\/\\\/s45175.p1717.sites.pressdns.com\\\/wp-content\\\/uploads\\\/2023\\\/11\\\/radancy-labs-01.jpg\",\"contentUrl\":\"https:\\\/\\\/s45175.p1717.sites.pressdns.com\\\/wp-content\\\/uploads\\\/2023\\\/11\\\/radancy-labs-01.jpg\"},{\"@type\":\"BreadcrumbList\",\"@id\":\"https:\\\/\\\/www.radancy.com\\\/pt-br\\\/radancy-labs\\\/#breadcrumb\",\"itemListElement\":[{\"@type\":\"ListItem\",\"position\":1,\"name\":\"Home\",\"item\":\"https:\\\/\\\/www.radancy.com\\\/pt-br\\\/\"},{\"@type\":\"ListItem\",\"position\":2,\"name\":\"Radancy Labs\"}]},{\"@type\":\"WebSite\",\"@id\":\"https:\\\/\\\/www.radancy.com\\\/pt-br\\\/#website\",\"url\":\"https:\\\/\\\/www.radancy.com\\\/pt-br\\\/\",\"name\":\"Radancy\",\"description\":\"Create Connections That Count.\",\"publisher\":{\"@id\":\"https:\\\/\\\/www.radancy.com\\\/pt-br\\\/#organization\"},\"potentialAction\":[{\"@type\":\"SearchAction\",\"target\":{\"@type\":\"EntryPoint\",\"urlTemplate\":\"https:\\\/\\\/www.radancy.com\\\/pt-br\\\/?s={search_term_string}\"},\"query-input\":{\"@type\":\"PropertyValueSpecification\",\"valueRequired\":true,\"valueName\":\"search_term_string\"}}],\"inLanguage\":\"pt-BR\"},{\"@type\":\"Organization\",\"@id\":\"https:\\\/\\\/www.radancy.com\\\/pt-br\\\/#organization\",\"name\":\"Radancy\",\"url\":\"https:\\\/\\\/www.radancy.com\\\/pt-br\\\/\",\"logo\":{\"@type\":\"ImageObject\",\"inLanguage\":\"pt-BR\",\"@id\":\"https:\\\/\\\/www.radancy.com\\\/pt-br\\\/#\\\/schema\\\/logo\\\/image\\\/\",\"url\":\"https:\\\/\\\/www.radancy.com\\\/wp-content\\\/uploads\\\/2024\\\/06\\\/Radancy_Icon_RGB.svg\",\"contentUrl\":\"https:\\\/\\\/www.radancy.com\\\/wp-content\\\/uploads\\\/2024\\\/06\\\/Radancy_Icon_RGB.svg\",\"width\":1,\"height\":1,\"caption\":\"Radancy\"},\"image\":{\"@id\":\"https:\\\/\\\/www.radancy.com\\\/pt-br\\\/#\\\/schema\\\/logo\\\/image\\\/\"},\"sameAs\":[\"https:\\\/\\\/www.facebook.com\\\/radancy\",\"https:\\\/\\\/x.com\\\/radancyco\",\"https:\\\/\\\/www.linkedin.com\\\/company\\\/radancy\\\/\",\"https:\\\/\\\/www.youtube.com\\\/Radancy\\\/videos\",\"https:\\\/\\\/www.instagram.com\\\/radancyco\"]}]}<\/script>\n<!-- \/ Yoast SEO Premium plugin. -->","yoast_head_json":{"title":"Radancy Labs | Radancy","robots":{"index":"index","follow":"follow","max-snippet":"max-snippet:-1","max-image-preview":"max-image-preview:large","max-video-preview":"max-video-preview:-1"},"canonical":"https:\/\/www.radancy.com\/pt-br\/radancy-labs\/","og_locale":"pt_BR","og_type":"article","og_title":"Radancy Labs | Radancy","og_description":"Radancy Labs Te conectado a novidades e o que vem por a\u00ed. A inova\u00e7\u00e3o move mais inova\u00e7\u00e3o. E pensar no futuro n\u00e3o \u00e9 um simples adendo em nossos projetos, est\u00e1 Read more...","og_url":"https:\/\/www.radancy.com\/pt-br\/radancy-labs\/","og_site_name":"Radancy","article_publisher":"https:\/\/www.facebook.com\/radancy","article_modified_time":"2025-09-25T15:10:50+00:00","og_image":[{"url":"https:\/\/tbcdn.talentbrew.com\/company\/34730\/gst_v1\/img\/meta\/Radancy_JobShare_img_FINAL_PT.jpg","type":"","width":"","height":""}],"twitter_card":"summary_large_image","twitter_title":"Radancy Labs","twitter_site":"@radancyco","twitter_misc":{"Est. tempo de leitura":"3 minutos"},"schema":{"@context":"https:\/\/schema.org","@graph":[{"@type":"WebPage","@id":"https:\/\/www.radancy.com\/pt-br\/radancy-labs\/","url":"https:\/\/www.radancy.com\/pt-br\/radancy-labs\/","name":"Radancy Labs | Radancy","isPartOf":{"@id":"https:\/\/www.radancy.com\/pt-br\/#website"},"primaryImageOfPage":{"@id":"https:\/\/www.radancy.com\/pt-br\/radancy-labs\/#primaryimage"},"image":{"@id":"https:\/\/www.radancy.com\/pt-br\/radancy-labs\/#primaryimage"},"thumbnailUrl":"https:\/\/s45175.p1717.sites.pressdns.com\/wp-content\/uploads\/2023\/11\/radancy-labs-01.jpg","datePublished":"2023-11-17T03:03:26+00:00","dateModified":"2025-09-25T15:10:50+00:00","breadcrumb":{"@id":"https:\/\/www.radancy.com\/pt-br\/radancy-labs\/#breadcrumb"},"inLanguage":"pt-BR","potentialAction":[{"@type":"ReadAction","target":["https:\/\/www.radancy.com\/pt-br\/radancy-labs\/"]}]},{"@type":"ImageObject","inLanguage":"pt-BR","@id":"https:\/\/www.radancy.com\/pt-br\/radancy-labs\/#primaryimage","url":"https:\/\/s45175.p1717.sites.pressdns.com\/wp-content\/uploads\/2023\/11\/radancy-labs-01.jpg","contentUrl":"https:\/\/s45175.p1717.sites.pressdns.com\/wp-content\/uploads\/2023\/11\/radancy-labs-01.jpg"},{"@type":"BreadcrumbList","@id":"https:\/\/www.radancy.com\/pt-br\/radancy-labs\/#breadcrumb","itemListElement":[{"@type":"ListItem","position":1,"name":"Home","item":"https:\/\/www.radancy.com\/pt-br\/"},{"@type":"ListItem","position":2,"name":"Radancy Labs"}]},{"@type":"WebSite","@id":"https:\/\/www.radancy.com\/pt-br\/#website","url":"https:\/\/www.radancy.com\/pt-br\/","name":"Radancy","description":"Create Connections That Count.","publisher":{"@id":"https:\/\/www.radancy.com\/pt-br\/#organization"},"potentialAction":[{"@type":"SearchAction","target":{"@type":"EntryPoint","urlTemplate":"https:\/\/www.radancy.com\/pt-br\/?s={search_term_string}"},"query-input":{"@type":"PropertyValueSpecification","valueRequired":true,"valueName":"search_term_string"}}],"inLanguage":"pt-BR"},{"@type":"Organization","@id":"https:\/\/www.radancy.com\/pt-br\/#organization","name":"Radancy","url":"https:\/\/www.radancy.com\/pt-br\/","logo":{"@type":"ImageObject","inLanguage":"pt-BR","@id":"https:\/\/www.radancy.com\/pt-br\/#\/schema\/logo\/image\/","url":"https:\/\/www.radancy.com\/wp-content\/uploads\/2024\/06\/Radancy_Icon_RGB.svg","contentUrl":"https:\/\/www.radancy.com\/wp-content\/uploads\/2024\/06\/Radancy_Icon_RGB.svg","width":1,"height":1,"caption":"Radancy"},"image":{"@id":"https:\/\/www.radancy.com\/pt-br\/#\/schema\/logo\/image\/"},"sameAs":["https:\/\/www.facebook.com\/radancy","https:\/\/x.com\/radancyco","https:\/\/www.linkedin.com\/company\/radancy\/","https:\/\/www.youtube.com\/Radancy\/videos","https:\/\/www.instagram.com\/radancyco"]}]}},"_links":{"self":[{"href":"https:\/\/www.radancy.com\/pt-br\/wp-json\/wp\/v2\/pages\/12606","targetHints":{"allow":["GET"]}}],"collection":[{"href":"https:\/\/www.radancy.com\/pt-br\/wp-json\/wp\/v2\/pages"}],"about":[{"href":"https:\/\/www.radancy.com\/pt-br\/wp-json\/wp\/v2\/types\/page"}],"author":[{"embeddable":true,"href":"https:\/\/www.radancy.com\/pt-br\/wp-json\/wp\/v2\/users\/26"}],"replies":[{"embeddable":true,"href":"https:\/\/www.radancy.com\/pt-br\/wp-json\/wp\/v2\/comments?post=12606"}],"version-history":[{"count":0,"href":"https:\/\/www.radancy.com\/pt-br\/wp-json\/wp\/v2\/pages\/12606\/revisions"}],"wp:attachment":[{"href":"https:\/\/www.radancy.com\/pt-br\/wp-json\/wp\/v2\/media?parent=12606"}],"curies":[{"name":"wp","href":"https:\/\/api.w.org\/{rel}","templated":true}]}}