{"id":12522,"date":"2023-11-17T03:02:40","date_gmt":"2023-11-17T03:02:40","guid":{"rendered":"https:\/\/s45175.p1717.sites.pressdns.com\/metrics-terms\/"},"modified":"2025-09-25T15:16:07","modified_gmt":"2025-09-25T15:16:07","slug":"termos-de-metricas","status":"publish","type":"page","link":"https:\/\/www.radancy.com\/pt-br\/termos-de-metricas\/","title":{"rendered":"Termos de M\u00e9tricas"},"content":{"rendered":"\n<div class=\"wp-block-group alignfull title-bar has-neutral-1-color has-primary-3-background-color has-text-color has-background is-vertical is-content-justification-center is-layout-flex wp-container-core-group-is-layout-95c46550 wp-block-group-is-layout-flex\" style=\"margin-top:0;margin-bottom:60px;padding-top:35px;padding-right:35px;padding-bottom:35px;padding-left:35px\">\n<h2 class=\"wp-block-heading has-accent-font-family has-headline-smallest-font-size\" id=\"h-termos-de-metricas\" style=\"margin-top:0;margin-bottom:0;font-style:normal;font-weight:400\">Termos de M\u00e9tricas<\/h2>\n<\/div>\n\n\n\n<section class=\"wp-block-group section is-vertical is-content-justification-stretch is-layout-flex wp-container-core-group-is-layout-e47ecd65 wp-block-group-is-layout-flex\" style=\"padding-bottom:20px\">\n<div class=\"wp-block-group section wysiwyg is-vertical is-content-justification-stretch is-layout-flex wp-container-core-group-is-layout-353c4f5a wp-block-group-is-layout-flex\">\n<p>Os termos a seguir se aplicam a qualquer Contrato de M\u00e9tricas de Radancy (\u201c<strong>Contrato<\/strong>\u201d) que incorpore tais termos por refer\u00eancia.<\/p>\n\n\n\n<p>1.&nbsp;<strong>Propriedade da Radancy.<\/strong>&nbsp;Software Radancy Metrics, incluindo, sem limita\u00e7\u00e3o, c\u00f3digo-fonte e c\u00f3digo objeto, design e m\u00e9todos de neg\u00f3cios associados a ele, e todos os outros softwares e servi\u00e7os fornecidos pela Radancy e usados em conex\u00e3o com o presente e de outra forma contemplados por este Contrato, bem como as marcas registradas da Radancy, servi\u00e7os marcas e nomes comerciais usados em conex\u00e3o com eles s\u00e3o de propriedade da Radancy (&#8220;<strong>Propriedade da Radancy<\/strong>&#8220;). O Cliente n\u00e3o deve copiar, transferir, distribuir, publicar, fazer upload, recriar, descompilar, fazer engenharia reversa, desmontar, modificar, traduzir, decifrar ou determinar o c\u00f3digo-fonte ou criar trabalhos derivados de qualquer Propriedade Radancy.<\/p>\n\n\n\n<p>2.&nbsp;<strong>Propriedade do Cliente.<\/strong>&nbsp;O Cliente dever\u00e1 reter todos e quaisquer direitos que possa ter sobre todos e quaisquer dados e materiais fornecidos \u00e0 Radancy sob este Contrato, incluindo descri\u00e7\u00f5es de trabalho e arte, texto, logotipos, marcas registradas, marcas de servi\u00e7o e nomes comerciais (&#8220;<strong>Propriedade do Cliente<\/strong>&#8220;). Este Contrato concede \u00e0 Radancy um direito limitado de copiar, modificar, transferir, exibir e de outra forma usar a Propriedade do Cliente para cumprir as obriga\u00e7\u00f5es da Radancy aqui contidas.<\/p>\n\n\n\n<p>3.&nbsp;<strong>Confidencialidade.<\/strong>&nbsp;Em conex\u00e3o com a negocia\u00e7\u00e3o e execu\u00e7\u00e3o deste Contrato, uma parte (a &#8220;<strong>Parte Receptora<\/strong>&#8220;) pode receber informa\u00e7\u00f5es da outra parte (a &#8220;<strong>Parte Divulgadora<\/strong>&#8220;) que s\u00e3o de natureza confidencial ou propriet\u00e1ria, incluindo, sem limita\u00e7\u00e3o, informa\u00e7\u00f5es sobre os produtos de uma parte e servi\u00e7os. Tais informa\u00e7\u00f5es, juntamente com os termos deste Contrato, ser\u00e3o consideradas confidenciais para a Parte Divulgadora (&#8220;<strong>Informa\u00e7\u00f5es Confidenciais<\/strong>&#8220;). A Parte Receptora n\u00e3o dever\u00e1 usar quaisquer Informa\u00e7\u00f5es Confidenciais para qualquer finalidade que n\u00e3o seja em conex\u00e3o com o cumprimento de suas obriga\u00e7\u00f5es sob e conforme permitido por este Contrato e poder\u00e1 divulgar as Informa\u00e7\u00f5es Confidenciais da outra parte a seus funcion\u00e1rios ou consultores com necessidade de saber para a execu\u00e7\u00e3o deste Contrato. N\u00e3o obstante o acima exposto, qualquer uma das partes pode divulgar as Informa\u00e7\u00f5es Confidenciais da outra parte (i) na medida exigida por lei ou de acordo com a ordem ou exig\u00eancia de, ou em conex\u00e3o com processos perante um tribunal, ag\u00eancia administrativa ou outro \u00f3rg\u00e3o governamental; e (ii) de forma confidencial aos seus assessores jur\u00eddicos e\/ou financeiros. \u201cInforma\u00e7\u00f5es Confidenciais\u201d n\u00e3o devem incluir informa\u00e7\u00f5es que (i) estejam ou se tornem publicamente dispon\u00edveis, sem culpa da Parte Receptora, suas Afiliadas ou seus respectivos Subcontratados, diretores, executivos, funcion\u00e1rios, servidores, agentes ou convidados, (ii) sejam divulgadas ao Receptor Parte por uma parte que n\u00e3o esteja sob nenhuma obriga\u00e7\u00e3o legal com a Parte Divulgadora ou suas Afiliadas que pro\u00edba tal divulga\u00e7\u00e3o ou (iii) seja conhecida pela Parte Receptora conforme evidenciado por registro escrito antes da divulga\u00e7\u00e3o sob este Contrato.<\/p>\n\n\n\n<p>4.&nbsp;<strong><u>Dados do Cliente<\/u>.<\/strong>&nbsp;Todos os dados coletados de acordo com este Contrato pertencem ao Cliente (\u201c<strong>Dados do Cliente<\/strong>\u201d). A Radancy usar\u00e1 os Dados do Cliente exclusivamente para fins de presta\u00e7\u00e3o dos servi\u00e7os de M\u00e9tricas aqui descritos. N\u00e3o obstante o acima exposto, o Cliente reconhece e concorda que os Dados do Cliente podem ser anonimizados e usados de forma agregada pela Radancy, inclusive para melhorar os produtos e servi\u00e7os da Radancy. As partes devem cumprir todas as leis aplic\u00e1veis com rela\u00e7\u00e3o \u00e0 coleta, armazenamento, transmiss\u00e3o ou outro processamento de todas as informa\u00e7\u00f5es relacionadas a pessoas f\u00edsicas identificadas ou identific\u00e1veis, incluindo, sem limita\u00e7\u00e3o, visitantes do Site de Carreira do Cliente e candidatos a emprego do Cliente. Especificamente para garantir a conformidade com o Regulamento Geral de Prote\u00e7\u00e3o de Dados da Uni\u00e3o Europeia ((UE) 2016\/679), o Adendo de Prote\u00e7\u00e3o de Dados localizado em&nbsp;<a href=\"http:\/\/www.radancy.com\/DPA\">www.Radancy.com\/DPA<\/a>&nbsp;\u00e9 incorporado e faz parte deste Contrato.<\/p>\n\n\n\n<p>5.&nbsp;<strong>Indeniza\u00e7\u00e3o.<\/strong>&nbsp;Cada parte (a &#8220;<strong>Parte Indenizadora<\/strong>&#8220;) dever\u00e1 indenizar, isentar e defender a outra parte, seus membros, gerentes, executivos, funcion\u00e1rios, afiliadas e subsidi\u00e1rias (coletivamente, os &#8220;<strong>Requerentes<\/strong>&#8220;) contra todas e quaisquer reivindica\u00e7\u00f5es, responsabilidades, perdas, despesas (incluindo honor\u00e1rios advocat\u00edcios razo\u00e1veis e despesas legais relacionadas a tal defesa), multas, penalidades, impostos ou danos, reivindicados, impostos ou incorridos pelos Requerentes resultantes ou decorrentes de (a) qualquer viola\u00e7\u00e3o de sua obriga\u00e7\u00e3o de confidencialidade ou (b) qualquer reclama\u00e7\u00e3o de que (a) no caso da Radancy os Servi\u00e7os ou (b) no caso do Cliente quaisquer materiais fornecidos \u00e0 Radancy por ou em nome do Cliente para uso em conex\u00e3o com os Servi\u00e7os infrinja qualquer patente, direito autoral, marca registrada, segredo comercial, direito de privacidade ou publicidade ou outro direito de propriedade intelectual de terceiros.<\/p>\n\n\n\n<p>6.&nbsp;<strong>Limita\u00e7\u00e3o de responsabilidade.<\/strong>&nbsp;EXCETO COM RELA\u00c7\u00c3O \u00c0S OBRIGA\u00c7\u00d5ES DE INDENIZA\u00c7\u00c3O DE UMA PARTE OU A QUEBRA DE CONFIDENCIALIDADE, NENHUMA PARTE SER\u00c1 RESPONS\u00c1VEL PERANTE A OUTRA POR DANOS CONSEQUENCIAIS OU INDIRETOS, INCLUINDO, MAS N\u00c3O SE LIMITANDO A, TRANSPORTE, ARMAZENAGEM, LUCROS CESSANTES, PERDA DE PRODU\u00c7\u00c3O E PERDA DE USO DE LUCRO, NEM A RESPONSABILIDADE DE QUALQUER PARTE EXCEDER\u00c1 AS TAXAS PAGAS OU A PAGAR \u00c0 RADANCY PELO CLIENTE SOB ESTE CONTRATO DURANTE O PER\u00cdODO DE UM ANO ANTERIOR \u00c0 LES\u00c3O.<\/p>\n\n\n\n<p>7.&nbsp;<strong>Garantia.<\/strong>&nbsp;A Radancy garante que os servi\u00e7os da Radancy Metrics ser\u00e3o executados com a devida habilidade, cuidado e dilig\u00eancia, de acordo com as boas e s\u00f3lidas pr\u00e1ticas e os requisitos deste Contrato. EXCETO CONFORME EXPRESSAMENTE FORNECIDO NESTE DOCUMENTO, AS M\u00c9TRICAS RADANCY FORNECIDAS &#8220;COMO EST\u00c3O&#8221; SEM QUALQUER GARANTIA DE QUALQUER TIPO, E A RADANCY E SEUS FORNECEDORES, FORNECEDORES, CONTRATADOS E AGENTES (i) ISENTAM DE TODAS AS GARANTIAS, EXPRESSAS OU IMPL\u00cdCITAS, INCLUINDO, SEM LIMITA\u00c7\u00c3O, QUAISQUER GARANTIAS E\/OU CONDI\u00c7\u00d5ES IMPL\u00cdCITAS DE COMERCIALIZA\u00c7\u00c3O, QUALIDADE SATISFAT\u00d3RIA, ADEQUA\u00c7\u00c3O A UM DETERMINADO FIM, PRECIS\u00c3O, N\u00c3O VIOLA\u00c7\u00c3O DE DIREITOS DE TERCEIROS E DECORRENTES DE LEI OU DE OUTRA FORMA DE LEI OU DE UM CURSO DE NEGOCIA\u00c7\u00c3O OU USO DE COM\u00c9RCIO; E (ii) N\u00c3O GARANTE (a) QUE O CONTE\u00daDO, DADOS, INFORMA\u00c7\u00d5ES OU FUN\u00c7\u00d5ES ASSOCIADOS AOS SERVI\u00c7OS RADANCY METRICS ATENDER\u00c3O AOS REQUISITOS DO CLIENTE, SER\u00c3O OPORTUNOS, PRECISOS OU ATUALIZADOS, OU ESTAR\u00c3O LIVRES DE ERROS OU ERROS, (b) QUE A OPERA\u00c7\u00c3O DE PRODUTOS OU SOFTWARE COMPREENDENDO SERVI\u00c7OS RADANCY METRICS SER\u00c1 ININTERRUPTA OU LIVRE DE ERROS, OU (c) QUE DEFEITOS EM QUALQUER SOFTWARE OU PRODUTO COMPREENDENDO SERVI\u00c7OS RADANCY METRICS SER\u00c3O CORRIGIDOS.<\/p>\n\n\n\n<p>8.&nbsp;<strong>Contratante independente.<\/strong>&nbsp;Na execu\u00e7\u00e3o dos Servi\u00e7os, a Radancy \u00e9 uma contratada independente e nenhuma da Radancy, seus subcontratados e\/ou seus funcion\u00e1rios ou convidados, \u00e9 funcion\u00e1rio do Cliente. A Radancy ser\u00e1 a \u00fanica respons\u00e1vel pelo pagamento da m\u00e3o de obra empregada ou contratada pela Radancy, seja por contrato ou outro status, incluindo todos os benef\u00edcios sociais, remunera\u00e7\u00e3o, pagamentos de rescis\u00e3o e todos os benef\u00edcios de qualquer descri\u00e7\u00e3o exigidos pelas pol\u00edticas ou pr\u00e1ticas de emprego da Radancy.<\/p>\n\n\n\n<p>9.&nbsp;<strong>Ren\u00fancia.<\/strong>&nbsp;Fica entendido e acordado que nenhum dos termos e condi\u00e7\u00f5es deste Contrato ser\u00e1 considerado renunciado ou alterado por qualquer uma das partes, a menos que tal ren\u00fancia ou altera\u00e7\u00e3o seja executada por escrito por um agente ou representante devidamente autorizado de cada uma das partes. O direito de qualquer uma das partes de exigir um desempenho rigoroso n\u00e3o ser\u00e1 afetado por qualquer ren\u00fancia, a\u00e7\u00e3o ou curso de negocia\u00e7\u00e3o anterior.<\/p>\n\n\n\n<p>10.&nbsp;<strong>Escolha da Lei.<\/strong>&nbsp;As leis do Estado de Nova York ser\u00e3o aplicadas, excluindo qualquer escolha de regras de lei que remetem o assunto para as leis de outra jurisdi\u00e7\u00e3o.<\/p>\n<\/div>\n<\/section>\n\n\n\n<div class=\"wp-block-group alignfull cta has-neutral-1-color has-primary-2-background-color has-text-color has-background has-global-padding is-layout-constrained wp-container-core-group-is-layout-86ad42c5 wp-block-group-is-layout-constrained\" style=\"margin-top:0px;margin-bottom:0px;padding-top:var(--wp--preset--spacing--30);padding-right:var(--wp--preset--spacing--30);padding-bottom:var(--wp--preset--spacing--30);padding-left:var(--wp--preset--spacing--30)\">\n<h3 class=\"wp-block-heading has-text-align-center has-copy-font-family\" id=\"h-fale-com-a-gente-para-acelerar-seus-resultados-de-contratacao-e-maximizar-o-roi-com-uma-plataforma-de-ia-completa\">Fale com a gente para acelerar seus resultados de contrata\u00e7\u00e3o e maximizar o ROI com uma plataforma de IA completa.<\/h3>\n\n\n\n<div class=\"wp-block-buttons is-content-justification-center is-layout-flex wp-container-core-buttons-is-layout-a89b3969 wp-block-buttons-is-layout-flex\">\n<div class=\"wp-block-button\"><a class=\"wp-block-button__link wp-element-button\" href=\"https:\/\/www.radancy.com\/pt-br\/contact\/\">AGENDAR UMA DEMONSTRA\u00c7\u00c3O<\/a><\/div>\n<\/div>\n<\/div>\n","protected":false},"excerpt":{"rendered":"<p>Termos de M\u00e9tricas Os termos a seguir se aplicam a qualquer Contrato de M\u00e9tricas de Radancy (\u201cContrato\u201d) que incorpore tais termos por refer\u00eancia. 1.&nbsp;Propriedade da Radancy.&nbsp;Software Radancy Metrics, incluindo, sem <a class=\"more-link\" href=\"https:\/\/www.radancy.com\/pt-br\/termos-de-metricas\/\">Read more&#8230;<\/a><\/p>\n","protected":false},"author":26,"featured_media":0,"parent":0,"menu_order":0,"comment_status":"closed","ping_status":"closed","template":"","meta":{"_acf_changed":false,"_EventAllDay":false,"_EventTimezone":"","_EventStartDate":"","_EventEndDate":"","_EventStartDateUTC":"","_EventEndDateUTC":"","_EventShowMap":false,"_EventShowMapLink":false,"_EventURL":"","_EventCost":"","_EventCostDescription":"","_EventCurrencySymbol":"","_EventCurrencyCode":"","_EventCurrencyPosition":"","_EventDateTimeSeparator":"","_EventTimeRangeSeparator":"","_EventOrganizerID":[],"_EventVenueID":[],"_OrganizerEmail":"","_OrganizerPhone":"","_OrganizerWebsite":"","_VenueAddress":"","_VenueCity":"","_VenueCountry":"","_VenueProvince":"","_VenueState":"","_VenueZip":"","_VenuePhone":"","_VenueURL":"","_VenueStateProvince":"","_VenueLat":"","_VenueLng":"","_VenueShowMap":false,"_VenueShowMapLink":false,"_tribe_blocks_recurrence_rules":"","_tribe_blocks_recurrence_description":"","_tribe_blocks_recurrence_exclusions":"","footnotes":""},"class_list":["post-12522","page","type-page","status-publish","hentry"],"acf":[],"yoast_head":"<!-- This site is optimized with the Yoast SEO Premium plugin v26.2 (Yoast SEO v27.4) - https:\/\/yoast.com\/product\/yoast-seo-premium-wordpress\/ -->\n<title>Termos de M\u00e9tricas | Radancy<\/title>\n<meta name=\"robots\" content=\"index, follow, max-snippet:-1, max-image-preview:large, max-video-preview:-1\" \/>\n<link rel=\"canonical\" href=\"https:\/\/www.radancy.com\/pt-br\/termos-de-metricas\/\" \/>\n<meta property=\"og:locale\" content=\"pt_BR\" \/>\n<meta property=\"og:type\" content=\"article\" \/>\n<meta property=\"og:title\" content=\"Termos de M\u00e9tricas | Radancy\" \/>\n<meta property=\"og:description\" content=\"Termos de M\u00e9tricas Os termos a seguir se aplicam a qualquer Contrato de M\u00e9tricas de Radancy (\u201cContrato\u201d) que incorpore tais termos por refer\u00eancia. 1.&nbsp;Propriedade da Radancy.&nbsp;Software Radancy Metrics, incluindo, sem Read more...\" \/>\n<meta property=\"og:url\" content=\"https:\/\/www.radancy.com\/pt-br\/termos-de-metricas\/\" \/>\n<meta property=\"og:site_name\" content=\"Radancy\" \/>\n<meta property=\"article:publisher\" content=\"https:\/\/www.facebook.com\/radancy\" \/>\n<meta property=\"article:modified_time\" content=\"2025-09-25T15:16:07+00:00\" \/>\n<meta property=\"og:image\" content=\"https:\/\/tbcdn.talentbrew.com\/company\/34730\/gst_v1\/img\/meta\/Radancy_JobShare_img_FINAL_PT.jpg\" \/>\n<meta name=\"twitter:card\" content=\"summary_large_image\" \/>\n<meta name=\"twitter:title\" content=\"Termos de M\u00e9tricas\" \/>\n<meta name=\"twitter:site\" content=\"@radancyco\" \/>\n<meta name=\"twitter:label1\" content=\"Est. tempo de leitura\" \/>\n\t<meta name=\"twitter:data1\" content=\"11 minutos\" \/>\n<script type=\"application\/ld+json\" class=\"yoast-schema-graph\">{\"@context\":\"https:\\\/\\\/schema.org\",\"@graph\":[{\"@type\":\"WebPage\",\"@id\":\"https:\\\/\\\/www.radancy.com\\\/pt-br\\\/termos-de-metricas\\\/\",\"url\":\"https:\\\/\\\/www.radancy.com\\\/pt-br\\\/termos-de-metricas\\\/\",\"name\":\"Termos de M\u00e9tricas | Radancy\",\"isPartOf\":{\"@id\":\"https:\\\/\\\/www.radancy.com\\\/pt-br\\\/#website\"},\"datePublished\":\"2023-11-17T03:02:40+00:00\",\"dateModified\":\"2025-09-25T15:16:07+00:00\",\"breadcrumb\":{\"@id\":\"https:\\\/\\\/www.radancy.com\\\/pt-br\\\/termos-de-metricas\\\/#breadcrumb\"},\"inLanguage\":\"pt-BR\",\"potentialAction\":[{\"@type\":\"ReadAction\",\"target\":[\"https:\\\/\\\/www.radancy.com\\\/pt-br\\\/termos-de-metricas\\\/\"]}]},{\"@type\":\"BreadcrumbList\",\"@id\":\"https:\\\/\\\/www.radancy.com\\\/pt-br\\\/termos-de-metricas\\\/#breadcrumb\",\"itemListElement\":[{\"@type\":\"ListItem\",\"position\":1,\"name\":\"Home\",\"item\":\"https:\\\/\\\/www.radancy.com\\\/pt-br\\\/\"},{\"@type\":\"ListItem\",\"position\":2,\"name\":\"Termos de M\u00e9tricas\"}]},{\"@type\":\"WebSite\",\"@id\":\"https:\\\/\\\/www.radancy.com\\\/pt-br\\\/#website\",\"url\":\"https:\\\/\\\/www.radancy.com\\\/pt-br\\\/\",\"name\":\"Radancy\",\"description\":\"Create Connections That Count.\",\"publisher\":{\"@id\":\"https:\\\/\\\/www.radancy.com\\\/pt-br\\\/#organization\"},\"potentialAction\":[{\"@type\":\"SearchAction\",\"target\":{\"@type\":\"EntryPoint\",\"urlTemplate\":\"https:\\\/\\\/www.radancy.com\\\/pt-br\\\/?s={search_term_string}\"},\"query-input\":{\"@type\":\"PropertyValueSpecification\",\"valueRequired\":true,\"valueName\":\"search_term_string\"}}],\"inLanguage\":\"pt-BR\"},{\"@type\":\"Organization\",\"@id\":\"https:\\\/\\\/www.radancy.com\\\/pt-br\\\/#organization\",\"name\":\"Radancy\",\"url\":\"https:\\\/\\\/www.radancy.com\\\/pt-br\\\/\",\"logo\":{\"@type\":\"ImageObject\",\"inLanguage\":\"pt-BR\",\"@id\":\"https:\\\/\\\/www.radancy.com\\\/pt-br\\\/#\\\/schema\\\/logo\\\/image\\\/\",\"url\":\"https:\\\/\\\/www.radancy.com\\\/wp-content\\\/uploads\\\/2024\\\/06\\\/Radancy_Icon_RGB.svg\",\"contentUrl\":\"https:\\\/\\\/www.radancy.com\\\/wp-content\\\/uploads\\\/2024\\\/06\\\/Radancy_Icon_RGB.svg\",\"width\":1,\"height\":1,\"caption\":\"Radancy\"},\"image\":{\"@id\":\"https:\\\/\\\/www.radancy.com\\\/pt-br\\\/#\\\/schema\\\/logo\\\/image\\\/\"},\"sameAs\":[\"https:\\\/\\\/www.facebook.com\\\/radancy\",\"https:\\\/\\\/x.com\\\/radancyco\",\"https:\\\/\\\/www.linkedin.com\\\/company\\\/radancy\\\/\",\"https:\\\/\\\/www.youtube.com\\\/Radancy\\\/videos\",\"https:\\\/\\\/www.instagram.com\\\/radancyco\"]}]}<\/script>\n<!-- \/ Yoast SEO Premium plugin. -->","yoast_head_json":{"title":"Termos de M\u00e9tricas | Radancy","robots":{"index":"index","follow":"follow","max-snippet":"max-snippet:-1","max-image-preview":"max-image-preview:large","max-video-preview":"max-video-preview:-1"},"canonical":"https:\/\/www.radancy.com\/pt-br\/termos-de-metricas\/","og_locale":"pt_BR","og_type":"article","og_title":"Termos de M\u00e9tricas | Radancy","og_description":"Termos de M\u00e9tricas Os termos a seguir se aplicam a qualquer Contrato de M\u00e9tricas de Radancy (\u201cContrato\u201d) que incorpore tais termos por refer\u00eancia. 1.&nbsp;Propriedade da Radancy.&nbsp;Software Radancy Metrics, incluindo, sem Read more...","og_url":"https:\/\/www.radancy.com\/pt-br\/termos-de-metricas\/","og_site_name":"Radancy","article_publisher":"https:\/\/www.facebook.com\/radancy","article_modified_time":"2025-09-25T15:16:07+00:00","og_image":[{"url":"https:\/\/tbcdn.talentbrew.com\/company\/34730\/gst_v1\/img\/meta\/Radancy_JobShare_img_FINAL_PT.jpg","type":"","width":"","height":""}],"twitter_card":"summary_large_image","twitter_title":"Termos de M\u00e9tricas","twitter_site":"@radancyco","twitter_misc":{"Est. tempo de leitura":"11 minutos"},"schema":{"@context":"https:\/\/schema.org","@graph":[{"@type":"WebPage","@id":"https:\/\/www.radancy.com\/pt-br\/termos-de-metricas\/","url":"https:\/\/www.radancy.com\/pt-br\/termos-de-metricas\/","name":"Termos de M\u00e9tricas | Radancy","isPartOf":{"@id":"https:\/\/www.radancy.com\/pt-br\/#website"},"datePublished":"2023-11-17T03:02:40+00:00","dateModified":"2025-09-25T15:16:07+00:00","breadcrumb":{"@id":"https:\/\/www.radancy.com\/pt-br\/termos-de-metricas\/#breadcrumb"},"inLanguage":"pt-BR","potentialAction":[{"@type":"ReadAction","target":["https:\/\/www.radancy.com\/pt-br\/termos-de-metricas\/"]}]},{"@type":"BreadcrumbList","@id":"https:\/\/www.radancy.com\/pt-br\/termos-de-metricas\/#breadcrumb","itemListElement":[{"@type":"ListItem","position":1,"name":"Home","item":"https:\/\/www.radancy.com\/pt-br\/"},{"@type":"ListItem","position":2,"name":"Termos de M\u00e9tricas"}]},{"@type":"WebSite","@id":"https:\/\/www.radancy.com\/pt-br\/#website","url":"https:\/\/www.radancy.com\/pt-br\/","name":"Radancy","description":"Create Connections That Count.","publisher":{"@id":"https:\/\/www.radancy.com\/pt-br\/#organization"},"potentialAction":[{"@type":"SearchAction","target":{"@type":"EntryPoint","urlTemplate":"https:\/\/www.radancy.com\/pt-br\/?s={search_term_string}"},"query-input":{"@type":"PropertyValueSpecification","valueRequired":true,"valueName":"search_term_string"}}],"inLanguage":"pt-BR"},{"@type":"Organization","@id":"https:\/\/www.radancy.com\/pt-br\/#organization","name":"Radancy","url":"https:\/\/www.radancy.com\/pt-br\/","logo":{"@type":"ImageObject","inLanguage":"pt-BR","@id":"https:\/\/www.radancy.com\/pt-br\/#\/schema\/logo\/image\/","url":"https:\/\/www.radancy.com\/wp-content\/uploads\/2024\/06\/Radancy_Icon_RGB.svg","contentUrl":"https:\/\/www.radancy.com\/wp-content\/uploads\/2024\/06\/Radancy_Icon_RGB.svg","width":1,"height":1,"caption":"Radancy"},"image":{"@id":"https:\/\/www.radancy.com\/pt-br\/#\/schema\/logo\/image\/"},"sameAs":["https:\/\/www.facebook.com\/radancy","https:\/\/x.com\/radancyco","https:\/\/www.linkedin.com\/company\/radancy\/","https:\/\/www.youtube.com\/Radancy\/videos","https:\/\/www.instagram.com\/radancyco"]}]}},"_links":{"self":[{"href":"https:\/\/www.radancy.com\/pt-br\/wp-json\/wp\/v2\/pages\/12522","targetHints":{"allow":["GET"]}}],"collection":[{"href":"https:\/\/www.radancy.com\/pt-br\/wp-json\/wp\/v2\/pages"}],"about":[{"href":"https:\/\/www.radancy.com\/pt-br\/wp-json\/wp\/v2\/types\/page"}],"author":[{"embeddable":true,"href":"https:\/\/www.radancy.com\/pt-br\/wp-json\/wp\/v2\/users\/26"}],"replies":[{"embeddable":true,"href":"https:\/\/www.radancy.com\/pt-br\/wp-json\/wp\/v2\/comments?post=12522"}],"version-history":[{"count":0,"href":"https:\/\/www.radancy.com\/pt-br\/wp-json\/wp\/v2\/pages\/12522\/revisions"}],"wp:attachment":[{"href":"https:\/\/www.radancy.com\/pt-br\/wp-json\/wp\/v2\/media?parent=12522"}],"curies":[{"name":"wp","href":"https:\/\/api.w.org\/{rel}","templated":true}]}}