{"id":12518,"date":"2023-11-17T03:02:34","date_gmt":"2023-11-17T03:02:34","guid":{"rendered":"https:\/\/s45175.p1717.sites.pressdns.com\/hosting\/"},"modified":"2025-09-25T15:07:01","modified_gmt":"2025-09-25T15:07:01","slug":"hosting","status":"publish","type":"page","link":"https:\/\/www.radancy.com\/pt-br\/hosting\/","title":{"rendered":"Pol\u00edtica de Utiliza\u00e7\u00e3o Aceit\u00e1vel"},"content":{"rendered":"\n<section class=\"wp-block-group section is-vertical is-content-justification-stretch is-layout-flex wp-container-core-group-is-layout-465c252a wp-block-group-is-layout-flex\" style=\"padding-bottom:50px\">\n<div class=\"wp-block-group section is-vertical is-content-justification-stretch is-layout-flex wp-container-core-group-is-layout-33bcc86b wp-block-group-is-layout-flex\">\n<h2 class=\"wp-block-heading headline\" id=\"h-interpretation\">Interpretation<\/h2>\n\n\n\n<p>By using our web hosting services, you agree to comply with our policies. You are expected to use the Internet with respect, courtesy, and responsibility, giving due regard to the rights of other Internet users. We expect you to have a basic knowledge of how the Internet functions, the types of uses that are generally acceptable, and the types of uses that are to be avoided. Common sense is the best guide as to what is considered acceptable use. The following are unacceptable uses:<\/p>\n\n\n\n<p>Illegality in any form, including but not limited to activities such as unauthorized distribution or copying of copyrighted software, violation of U.S. export restrictions or prohibitions on foreign business transactions, harassment, fraud, trafficking in obscene material, drug dealing, and other illegal activities.<\/p>\n\n\n\n<p>The provisions of this Use Policy are intended as guidelines and are not meant to be exhaustive. Generally, conduct that violates law, regulation, or the accepted norms of the Internet community, whether or not expressly mentioned in this Use Policy, is prohibited. Radancy reserves the right at all times to prohibit activities that damage its commercial reputation and goodwill.<\/p>\n<\/div>\n\n\n\n<div class=\"wp-block-group section is-vertical is-content-justification-stretch is-layout-flex wp-container-core-group-is-layout-33bcc86b wp-block-group-is-layout-flex\">\n<h2 class=\"wp-block-heading headline\" id=\"h-illegal-use\">Illegal Use<\/h2>\n\n\n\n<p>Radancy servers may be used only for lawful purposes. Transmission, distribution or storage of any material in violation of any applicable law or regulation is prohibited. This includes, without limitation, material protected by copyright, trademark, trade secret or other intellectual property right used without proper authorization, and material that is obscene, defamatory, constitutes an illegal threat, or violates export control laws. Examples of non-acceptable content or links: &#8220;Pirated software,&#8221; &#8220;Hackers programs or archives,&#8221; &#8220;Warez Sites,&#8221; &#8220;Irc Bots,&#8221; &#8220;Mp3&#8221;.<\/p>\n\n\n\n<p>The Services and any software provided by Radancy may be subject to United States government export control restrictions. You agree not to locate, relocate or export the Services and any software provided by Radancy in violation of such restrictions. You agree that the Services and any software provided by Radancy shall not be used for the purpose of effecting or facilitating transactions with U.S. restricted destinations (which, as of the Effective Date, include: Iran, Iraq, Libya, Cuba, North Korea, Sudan, Syria, the Taliban Controlled areas of Afghanistan, or areas controlled by the UNITA rebels in Angola) and\/or a person or entity on a U.S. restricted parties list, absent U.S. Government authorization.<\/p>\n\n\n\n<p>Radancy will be the sole arbiter as to what constitutes a violation of this provision.<\/p>\n<\/div>\n\n\n\n<div class=\"wp-block-group section is-vertical is-content-justification-stretch is-layout-flex wp-container-core-group-is-layout-33bcc86b wp-block-group-is-layout-flex\">\n<h2 class=\"wp-block-heading headline\" id=\"h-system-and-network-security\">System and Network Security<\/h2>\n\n\n\n<p>Violations of system or network security are prohibited, and may result in criminal and civil liability. Examples include, but are not limited to the following: unauthorized access, use, probe or scan of a systems security or authentication measures, data or traffic. Interference with service to any user, host or network including, without limitation, mail bombing, flooding, deliberate attempts to overload a system and broadcast attacks. Forging of any TCP-IP packet header or any part of the header information in an email or a newsgroup posting.<\/p>\n<\/div>\n\n\n\n<div class=\"wp-block-group section is-vertical is-content-justification-stretch is-layout-flex wp-container-core-group-is-layout-33bcc86b wp-block-group-is-layout-flex\">\n<h2 class=\"wp-block-heading headline\" id=\"h-misuse-of-system-resources\">Misuse of System Resources<\/h2>\n\n\n\n<p>It is a violation for anyone who, including but not limited to, employs posts or programs code or data that consume excessive CPU time or storage space; permits the use of mail services, mail forwarding capabilities, POP accounts, or auto responders other than for their own account; or resells access to CGI scripts installed on our servers.<\/p>\n<\/div>\n\n\n\n<div class=\"wp-block-group section is-vertical is-content-justification-stretch is-layout-flex wp-container-core-group-is-layout-33bcc86b wp-block-group-is-layout-flex\">\n<h2 class=\"wp-block-heading headline\" id=\"h-tortious-conduct\">Tortious Conduct<\/h2>\n\n\n\n<p>No one shall post defamatory, scandalous, or private information about a person without their consent, intentionally inflicting emotional distress, or violating trademarks, copyrights, or other intellectual property rights.<\/p>\n<\/div>\n\n\n\n<div class=\"wp-block-group section is-vertical is-content-justification-stretch is-layout-flex wp-container-core-group-is-layout-33bcc86b wp-block-group-is-layout-flex\">\n<h2 class=\"wp-block-heading headline\" id=\"h-spamming\">Spamming<\/h2>\n\n\n\n<p>Sending unsolicited mail messages, including without limitation, commercial advertising and informational announcements, is expressly prohibited. A user shall not use another website&#8217;s mail server to relay mail without the express permission of that website.<\/p>\n\n\n\n<p>It is contrary to Radancy policy for customers to use our servers to effect or participate in any of the following activities:<\/p>\n\n\n\n<ol class=\"wp-block-list\">\n<li>To post to any Usenet or other newsgroup, forum, email mailing list or other similar group or list articles that are off-topic according to the charter or other owner-published FAQs or description(s) of the group or list;<\/li>\n\n\n\n<li>To send unsolicited mass emailings, if such unsolicited emailings provoke complaints from the recipients;<\/li>\n\n\n\n<li>To engage in any of the foregoing activities using the service of another provider, but channeling such activities through a Radancy provided server, or using a Radancy provided server as a maildrop for responses; or<\/li>\n\n\n\n<li>To falsify user information provided to Radancy or to other users of the service in connection with use of a Radancy service.<\/li>\n<\/ol>\n<\/div>\n\n\n\n<div class=\"wp-block-group section is-vertical is-content-justification-stretch is-layout-flex wp-container-core-group-is-layout-33bcc86b wp-block-group-is-layout-flex\">\n<h2 class=\"wp-block-heading headline\" id=\"h-consequences-of-violation\">Consequences of Violation<\/h2>\n\n\n\n<p>When Radancy becomes aware of an alleged violation of its Use Policy, Radancy will initiate an investigation. During the investigation, Radancy may restrict Customer\u2019s access in order to prevent further possible unauthorized activity. Depending on the severity of the violation, Radancy may, at its sole discretion, restrict, suspend, or terminate Customer&#8217;s account and\/or pursue other civil remedies. If Radancy believes that such violation is a criminal offense, Radancy will notify the appropriate law enforcement department of such violation.<\/p>\n\n\n\n<p>Radancy does not issue service credits for any outages incurred through service disablement resulting from Use Policy violations.<\/p>\n<\/div>\n\n\n\n<div class=\"wp-block-group section is-vertical is-content-justification-stretch is-layout-flex wp-container-core-group-is-layout-33bcc86b wp-block-group-is-layout-flex\">\n<h2 class=\"wp-block-heading headline\" id=\"h-modification\">Modification<\/h2>\n\n\n\n<p>Radancy reserves the right to add, delete, or modify any provision of this Use Policy at any time without notice.<\/p>\n<\/div>\n\n\n\n<div class=\"wp-block-group section is-vertical is-content-justification-stretch is-layout-flex wp-container-core-group-is-layout-33bcc86b wp-block-group-is-layout-flex\">\n<h2 class=\"wp-block-heading headline\" id=\"h-reporting-network-abuse\">Reporting Network Abuse<\/h2>\n\n\n\n<p>Any party seeking to report any violations of Radancy\u2019s Acceptable Use Policy may contact via email: <a href=\"mailto:info@radancy.com\" data-custom-event=\"true\" data-custom-category=\"custom event\" data-custom-label=\"info@radancy.com\">info@radancy.com<\/a><\/p>\n<\/div>\n<\/section>\n\n\n\n<div class=\"wp-block-group alignfull cta has-neutral-1-color has-primary-2-background-color has-text-color has-background has-global-padding is-layout-constrained wp-container-core-group-is-layout-86ad42c5 wp-block-group-is-layout-constrained\" style=\"margin-top:0px;margin-bottom:0px;padding-top:var(--wp--preset--spacing--30);padding-right:var(--wp--preset--spacing--30);padding-bottom:var(--wp--preset--spacing--30);padding-left:var(--wp--preset--spacing--30)\">\n<h3 class=\"wp-block-heading has-text-align-center has-copy-font-family\" id=\"h-fale-com-a-gente-para-acelerar-seus-resultados-de-contratacao-e-maximizar-o-roi-com-uma-plataforma-de-ia-completa\">Fale com a gente para acelerar seus resultados de contrata\u00e7\u00e3o e maximizar o ROI com uma plataforma de IA completa.<\/h3>\n\n\n\n<div class=\"wp-block-buttons is-content-justification-center is-layout-flex wp-container-core-buttons-is-layout-a89b3969 wp-block-buttons-is-layout-flex\">\n<div class=\"wp-block-button\"><a class=\"wp-block-button__link wp-element-button\" href=\"https:\/\/www.radancy.com\/pt-br\/contact\/\">AGENDAR UMA DEMONSTRA\u00c7\u00c3O<\/a><\/div>\n<\/div>\n<\/div>\n","protected":false},"excerpt":{"rendered":"<p>Interpretation By using our web hosting services, you agree to comply with our policies. You are expected to use the Internet with respect, courtesy, and responsibility, giving due regard to <a class=\"more-link\" href=\"https:\/\/www.radancy.com\/pt-br\/hosting\/\">Read more&#8230;<\/a><\/p>\n","protected":false},"author":26,"featured_media":0,"parent":0,"menu_order":0,"comment_status":"closed","ping_status":"closed","template":"","meta":{"_acf_changed":false,"_EventAllDay":false,"_EventTimezone":"","_EventStartDate":"","_EventEndDate":"","_EventStartDateUTC":"","_EventEndDateUTC":"","_EventShowMap":false,"_EventShowMapLink":false,"_EventURL":"","_EventCost":"","_EventCostDescription":"","_EventCurrencySymbol":"","_EventCurrencyCode":"","_EventCurrencyPosition":"","_EventDateTimeSeparator":"","_EventTimeRangeSeparator":"","_EventOrganizerID":[],"_EventVenueID":[],"_OrganizerEmail":"","_OrganizerPhone":"","_OrganizerWebsite":"","_VenueAddress":"","_VenueCity":"","_VenueCountry":"","_VenueProvince":"","_VenueState":"","_VenueZip":"","_VenuePhone":"","_VenueURL":"","_VenueStateProvince":"","_VenueLat":"","_VenueLng":"","_VenueShowMap":false,"_VenueShowMapLink":false,"_tribe_blocks_recurrence_rules":"","_tribe_blocks_recurrence_description":"","_tribe_blocks_recurrence_exclusions":"","footnotes":""},"class_list":["post-12518","page","type-page","status-publish","hentry"],"acf":[],"yoast_head":"<!-- This site is optimized with the Yoast SEO Premium plugin v26.2 (Yoast SEO v27.4) - https:\/\/yoast.com\/product\/yoast-seo-premium-wordpress\/ -->\n<title>Pol\u00edtica de Utiliza\u00e7\u00e3o Aceit\u00e1vel | Radancy<\/title>\n<meta name=\"robots\" content=\"index, follow, max-snippet:-1, max-image-preview:large, max-video-preview:-1\" \/>\n<link rel=\"canonical\" href=\"https:\/\/www.radancy.com\/pt-br\/hosting\/\" \/>\n<meta property=\"og:locale\" content=\"pt_BR\" \/>\n<meta property=\"og:type\" content=\"article\" \/>\n<meta property=\"og:title\" content=\"Pol\u00edtica de Utiliza\u00e7\u00e3o Aceit\u00e1vel | Radancy\" \/>\n<meta property=\"og:description\" content=\"Interpretation By using our web hosting services, you agree to comply with our policies. You are expected to use the Internet with respect, courtesy, and responsibility, giving due regard to Read more...\" \/>\n<meta property=\"og:url\" content=\"https:\/\/www.radancy.com\/pt-br\/hosting\/\" \/>\n<meta property=\"og:site_name\" content=\"Radancy\" \/>\n<meta property=\"article:publisher\" content=\"https:\/\/www.facebook.com\/radancy\" \/>\n<meta property=\"article:modified_time\" content=\"2025-09-25T15:07:01+00:00\" \/>\n<meta property=\"og:image\" content=\"https:\/\/tbcdn.talentbrew.com\/company\/34730\/gst_v1\/img\/meta\/Radancy_JobShare_img_FINAL_PT.jpg\" \/>\n<meta name=\"twitter:card\" content=\"summary_large_image\" \/>\n<meta name=\"twitter:title\" content=\"Pol\u00edtica de Utiliza\u00e7\u00e3o Aceit\u00e1vel\" \/>\n<meta name=\"twitter:site\" content=\"@radancyco\" \/>\n<meta name=\"twitter:label1\" content=\"Est. tempo de leitura\" \/>\n\t<meta name=\"twitter:data1\" content=\"4 minutos\" \/>\n<script type=\"application\/ld+json\" class=\"yoast-schema-graph\">{\"@context\":\"https:\\\/\\\/schema.org\",\"@graph\":[{\"@type\":\"WebPage\",\"@id\":\"https:\\\/\\\/www.radancy.com\\\/pt-br\\\/hosting\\\/\",\"url\":\"https:\\\/\\\/www.radancy.com\\\/pt-br\\\/hosting\\\/\",\"name\":\"Pol\u00edtica de Utiliza\u00e7\u00e3o Aceit\u00e1vel | Radancy\",\"isPartOf\":{\"@id\":\"https:\\\/\\\/www.radancy.com\\\/pt-br\\\/#website\"},\"datePublished\":\"2023-11-17T03:02:34+00:00\",\"dateModified\":\"2025-09-25T15:07:01+00:00\",\"breadcrumb\":{\"@id\":\"https:\\\/\\\/www.radancy.com\\\/pt-br\\\/hosting\\\/#breadcrumb\"},\"inLanguage\":\"pt-BR\",\"potentialAction\":[{\"@type\":\"ReadAction\",\"target\":[\"https:\\\/\\\/www.radancy.com\\\/pt-br\\\/hosting\\\/\"]}]},{\"@type\":\"BreadcrumbList\",\"@id\":\"https:\\\/\\\/www.radancy.com\\\/pt-br\\\/hosting\\\/#breadcrumb\",\"itemListElement\":[{\"@type\":\"ListItem\",\"position\":1,\"name\":\"Home\",\"item\":\"https:\\\/\\\/www.radancy.com\\\/pt-br\\\/\"},{\"@type\":\"ListItem\",\"position\":2,\"name\":\"Pol\u00edtica de Utiliza\u00e7\u00e3o Aceit\u00e1vel\"}]},{\"@type\":\"WebSite\",\"@id\":\"https:\\\/\\\/www.radancy.com\\\/pt-br\\\/#website\",\"url\":\"https:\\\/\\\/www.radancy.com\\\/pt-br\\\/\",\"name\":\"Radancy\",\"description\":\"Create Connections That Count.\",\"publisher\":{\"@id\":\"https:\\\/\\\/www.radancy.com\\\/pt-br\\\/#organization\"},\"potentialAction\":[{\"@type\":\"SearchAction\",\"target\":{\"@type\":\"EntryPoint\",\"urlTemplate\":\"https:\\\/\\\/www.radancy.com\\\/pt-br\\\/?s={search_term_string}\"},\"query-input\":{\"@type\":\"PropertyValueSpecification\",\"valueRequired\":true,\"valueName\":\"search_term_string\"}}],\"inLanguage\":\"pt-BR\"},{\"@type\":\"Organization\",\"@id\":\"https:\\\/\\\/www.radancy.com\\\/pt-br\\\/#organization\",\"name\":\"Radancy\",\"url\":\"https:\\\/\\\/www.radancy.com\\\/pt-br\\\/\",\"logo\":{\"@type\":\"ImageObject\",\"inLanguage\":\"pt-BR\",\"@id\":\"https:\\\/\\\/www.radancy.com\\\/pt-br\\\/#\\\/schema\\\/logo\\\/image\\\/\",\"url\":\"https:\\\/\\\/www.radancy.com\\\/wp-content\\\/uploads\\\/2024\\\/06\\\/Radancy_Icon_RGB.svg\",\"contentUrl\":\"https:\\\/\\\/www.radancy.com\\\/wp-content\\\/uploads\\\/2024\\\/06\\\/Radancy_Icon_RGB.svg\",\"width\":1,\"height\":1,\"caption\":\"Radancy\"},\"image\":{\"@id\":\"https:\\\/\\\/www.radancy.com\\\/pt-br\\\/#\\\/schema\\\/logo\\\/image\\\/\"},\"sameAs\":[\"https:\\\/\\\/www.facebook.com\\\/radancy\",\"https:\\\/\\\/x.com\\\/radancyco\",\"https:\\\/\\\/www.linkedin.com\\\/company\\\/radancy\\\/\",\"https:\\\/\\\/www.youtube.com\\\/Radancy\\\/videos\",\"https:\\\/\\\/www.instagram.com\\\/radancyco\"]}]}<\/script>\n<!-- \/ Yoast SEO Premium plugin. -->","yoast_head_json":{"title":"Pol\u00edtica de Utiliza\u00e7\u00e3o Aceit\u00e1vel | Radancy","robots":{"index":"index","follow":"follow","max-snippet":"max-snippet:-1","max-image-preview":"max-image-preview:large","max-video-preview":"max-video-preview:-1"},"canonical":"https:\/\/www.radancy.com\/pt-br\/hosting\/","og_locale":"pt_BR","og_type":"article","og_title":"Pol\u00edtica de Utiliza\u00e7\u00e3o Aceit\u00e1vel | Radancy","og_description":"Interpretation By using our web hosting services, you agree to comply with our policies. You are expected to use the Internet with respect, courtesy, and responsibility, giving due regard to Read more...","og_url":"https:\/\/www.radancy.com\/pt-br\/hosting\/","og_site_name":"Radancy","article_publisher":"https:\/\/www.facebook.com\/radancy","article_modified_time":"2025-09-25T15:07:01+00:00","og_image":[{"url":"https:\/\/tbcdn.talentbrew.com\/company\/34730\/gst_v1\/img\/meta\/Radancy_JobShare_img_FINAL_PT.jpg","type":"","width":"","height":""}],"twitter_card":"summary_large_image","twitter_title":"Pol\u00edtica de Utiliza\u00e7\u00e3o Aceit\u00e1vel","twitter_site":"@radancyco","twitter_misc":{"Est. tempo de leitura":"4 minutos"},"schema":{"@context":"https:\/\/schema.org","@graph":[{"@type":"WebPage","@id":"https:\/\/www.radancy.com\/pt-br\/hosting\/","url":"https:\/\/www.radancy.com\/pt-br\/hosting\/","name":"Pol\u00edtica de Utiliza\u00e7\u00e3o Aceit\u00e1vel | Radancy","isPartOf":{"@id":"https:\/\/www.radancy.com\/pt-br\/#website"},"datePublished":"2023-11-17T03:02:34+00:00","dateModified":"2025-09-25T15:07:01+00:00","breadcrumb":{"@id":"https:\/\/www.radancy.com\/pt-br\/hosting\/#breadcrumb"},"inLanguage":"pt-BR","potentialAction":[{"@type":"ReadAction","target":["https:\/\/www.radancy.com\/pt-br\/hosting\/"]}]},{"@type":"BreadcrumbList","@id":"https:\/\/www.radancy.com\/pt-br\/hosting\/#breadcrumb","itemListElement":[{"@type":"ListItem","position":1,"name":"Home","item":"https:\/\/www.radancy.com\/pt-br\/"},{"@type":"ListItem","position":2,"name":"Pol\u00edtica de Utiliza\u00e7\u00e3o Aceit\u00e1vel"}]},{"@type":"WebSite","@id":"https:\/\/www.radancy.com\/pt-br\/#website","url":"https:\/\/www.radancy.com\/pt-br\/","name":"Radancy","description":"Create Connections That Count.","publisher":{"@id":"https:\/\/www.radancy.com\/pt-br\/#organization"},"potentialAction":[{"@type":"SearchAction","target":{"@type":"EntryPoint","urlTemplate":"https:\/\/www.radancy.com\/pt-br\/?s={search_term_string}"},"query-input":{"@type":"PropertyValueSpecification","valueRequired":true,"valueName":"search_term_string"}}],"inLanguage":"pt-BR"},{"@type":"Organization","@id":"https:\/\/www.radancy.com\/pt-br\/#organization","name":"Radancy","url":"https:\/\/www.radancy.com\/pt-br\/","logo":{"@type":"ImageObject","inLanguage":"pt-BR","@id":"https:\/\/www.radancy.com\/pt-br\/#\/schema\/logo\/image\/","url":"https:\/\/www.radancy.com\/wp-content\/uploads\/2024\/06\/Radancy_Icon_RGB.svg","contentUrl":"https:\/\/www.radancy.com\/wp-content\/uploads\/2024\/06\/Radancy_Icon_RGB.svg","width":1,"height":1,"caption":"Radancy"},"image":{"@id":"https:\/\/www.radancy.com\/pt-br\/#\/schema\/logo\/image\/"},"sameAs":["https:\/\/www.facebook.com\/radancy","https:\/\/x.com\/radancyco","https:\/\/www.linkedin.com\/company\/radancy\/","https:\/\/www.youtube.com\/Radancy\/videos","https:\/\/www.instagram.com\/radancyco"]}]}},"_links":{"self":[{"href":"https:\/\/www.radancy.com\/pt-br\/wp-json\/wp\/v2\/pages\/12518","targetHints":{"allow":["GET"]}}],"collection":[{"href":"https:\/\/www.radancy.com\/pt-br\/wp-json\/wp\/v2\/pages"}],"about":[{"href":"https:\/\/www.radancy.com\/pt-br\/wp-json\/wp\/v2\/types\/page"}],"author":[{"embeddable":true,"href":"https:\/\/www.radancy.com\/pt-br\/wp-json\/wp\/v2\/users\/26"}],"replies":[{"embeddable":true,"href":"https:\/\/www.radancy.com\/pt-br\/wp-json\/wp\/v2\/comments?post=12518"}],"version-history":[{"count":0,"href":"https:\/\/www.radancy.com\/pt-br\/wp-json\/wp\/v2\/pages\/12518\/revisions"}],"wp:attachment":[{"href":"https:\/\/www.radancy.com\/pt-br\/wp-json\/wp\/v2\/media?parent=12518"}],"curies":[{"name":"wp","href":"https:\/\/api.w.org\/{rel}","templated":true}]}}