{"id":12500,"date":"2023-11-17T03:02:19","date_gmt":"2023-11-17T03:02:19","guid":{"rendered":"https:\/\/s45175.p1717.sites.pressdns.com\/dpa\/"},"modified":"2025-09-25T12:59:13","modified_gmt":"2025-09-25T12:59:13","slug":"dpa","status":"publish","type":"page","link":"https:\/\/www.radancy.com\/pt-br\/dpa\/","title":{"rendered":"Adendo de Prote\u00e7\u00e3o de Dados"},"content":{"rendered":"\n<section class=\"wp-block-group section is-vertical is-content-justification-stretch is-layout-flex wp-container-core-group-is-layout-465c252a wp-block-group-is-layout-flex\" style=\"padding-bottom:50px\">\n<div class=\"wp-block-group section section--extra-spacing is-vertical is-content-justification-stretch is-layout-flex wp-container-core-group-is-layout-353c4f5a wp-block-group-is-layout-flex\">\n<p class=\"effective-date\">Data de Entrada em Vigor: 12 de junho de 2018<\/p>\n<\/div>\n\n\n\n<div class=\"wp-block-group section section--extra-spacing is-vertical is-content-justification-stretch is-layout-flex wp-container-core-group-is-layout-33bcc86b wp-block-group-is-layout-flex\">\n<p>Os termos deste documento se aplicam a qualquer contrato (o &#8220;<b>Contrato<\/b>&#8220;) no qual eles tenham sido incorporados por refer\u00eancia.<\/p>\n\n\n\n<p>Em conformidade com o Regulamento Geral de Prote\u00e7\u00e3o de Dados ((UE) 2016\/679) (&#8220;<b>GDPR<\/b>&#8220;), este Adendo de Prote\u00e7\u00e3o de Dados (este &#8220;<b>Adendo<\/b>&#8220;) estabelece o acordo das partes sobre o processamento de Dados Pessoais da Radancy (definido abaixo) de acordo com o acordo. Os termos deste documento aplicam-se apenas na medida em que a Legisla\u00e7\u00e3o de Processamento de Dados se aplica ao processamento de Dados Pessoais do Cliente.&#8221;<\/p>\n\n\n\n<h2 class=\"wp-block-heading headline\" id=\"h-1\"><span class=\"dpa-spacer\">1.<\/span><\/h2>\n\n\n\n<p><span class=\"dpa-spacer\">1.1<\/span> Os termos definidos no Contrato ter\u00e3o o mesmo significado quando usados neste Adendo, a menos que definido abaixo. Al\u00e9m disso, as defini\u00e7\u00f5es abaixo se aplicam a este Adendo.<\/p>\n\n\n\n<p><strong>Controlador de Dados:<\/strong> significa a pessoa f\u00edsica ou jur\u00eddica, autoridade p\u00fablica, ag\u00eancia ou outro \u00f3rg\u00e3o que, sozinho ou em conjunto com outros, determina as finalidades e os meios de processamento de Dados Pessoais.<\/p>\n\n\n\n<p><strong>Processador de Dados:<\/strong> significa uma pessoa f\u00edsica ou jur\u00eddica, autoridade p\u00fablica ou outro \u00f3rg\u00e3o que processa direta ou indiretamente Dados Pessoais em nome do Controlador de Dados.<\/p>\n\n\n\n<p><strong>Legisla\u00e7\u00e3o de Prote\u00e7\u00e3o de Dados:<\/strong> significa (i) o GDPR e quaisquer leis nacionais de implementa\u00e7\u00e3o, regulamentos e legisla\u00e7\u00e3o secund\u00e1ria, conforme alterados ou atualizados de tempos em tempos; e (ii) no Reino Unido, qualquer legisla\u00e7\u00e3o sucessora do GDPR e\/ou do Data Protection Act 1998.<\/p>\n\n\n\n<p><strong>Titular dos Dados:<\/strong> tem o significado estabelecido na defini\u00e7\u00e3o de Dados Pessoais.<\/p>\n\n\n\n<p><strong>Dados Pessoais:<\/strong> significa qualquer informa\u00e7\u00e3o relativa a uma pessoa singular identificada ou identific\u00e1vel (\u201c<b>Titular dos Dados<\/b>\u201d), sendo uma pessoa singular identific\u00e1vel aquela que pode ser identificada, direta ou indiretamente, em particular por refer\u00eancia a um identificador, como um nome, um n\u00famero, dados de localiza\u00e7\u00e3o, um identificador online ou a um ou mais fatores espec\u00edficos da identidade f\u00edsica, fisiol\u00f3gica, gen\u00e9tica, mental, econ\u00f4mica, cultural ou social dessa pessoa f\u00edsica.<\/p>\n\n\n\n<p><strong>Processamento:<\/strong> significa qualquer opera\u00e7\u00e3o ou conjunto de opera\u00e7\u00f5es que seja realizada em Dados Pessoais ou em conjuntos de Dados Pessoais, seja por meios automatizados ou n\u00e3o, como coleta, registro, organiza\u00e7\u00e3o, estrutura\u00e7\u00e3o, armazenamento, adapta\u00e7\u00e3o ou altera\u00e7\u00e3o, recupera\u00e7\u00e3o, consulta, uso ou discurso por transmiss\u00e3o, dissemina\u00e7\u00e3o ou disponibiliza\u00e7\u00e3o de outra forma, alinhamento ou combina\u00e7\u00e3o, restri\u00e7\u00e3o, apagamento ou destrui\u00e7\u00e3o e \u201cprocesso\u201d e processos\u201d ser\u00e3o interpretados de acordo.&#8221;<\/p>\n\n\n\n<h2 class=\"wp-block-heading headline\" id=\"h-2\"><span class=\"dpa-spacer\">2.<\/span><\/h2>\n\n\n\n<ol class=\"wp-block-list custom-numberlist\">\n<li><span class=\"dpa-spacer\">2.1<\/span> Ambas as partes cumprir\u00e3o todos os requisitos aplic\u00e1veis da Legisla\u00e7\u00e3o de Prote\u00e7\u00e3o de Dados. Esta cl\u00e1usula 2.1 \u00e9 adicional e n\u00e3o isenta, remove ou substitui as obriga\u00e7\u00f5es de uma parte sob a Legisla\u00e7\u00e3o de Prote\u00e7\u00e3o de Dados.<\/li>\n\n\n\n<li><span class=\"dpa-spacer\">2.2<\/span> As partes reconhecem que, para os fins da Legisla\u00e7\u00e3o de Prote\u00e7\u00e3o de Dados, o Cliente \u00e9 o Controlador de Dados e a Radancy \u00e9 o Processador de Dados.<\/li>\n\n\n\n<li><span class=\"dpa-spacer\">2.3<\/span> O Artigo 3 deste Adendo estabelece o escopo, natureza e finalidade do Processamento por Radancy, a dura\u00e7\u00e3o do Processamento e os tipos de Dados Pessoais e categorias de Titular dos Dados.<\/li>\n\n\n\n<li><span class=\"dpa-spacer\">2.4<\/span> Sem preju\u00edzo da generalidade da cl\u00e1usula 2.1 deste Adendo, o Cliente garantir\u00e1 que possui todos os consentimentos e avisos apropriados necess\u00e1rios para permitir a transfer\u00eancia legal dos Dados Pessoais para a Radancy pela dura\u00e7\u00e3o e prop\u00f3sitos do Contrato TalentBrew.<\/li>\n\n\n\n<li><span class=\"dpa-spacer\">2.5<\/span> Sem preju\u00edzo da generalidade da cl\u00e1usula 2.1 deste Adendo, a Radancy dever\u00e1, em rela\u00e7\u00e3o a quaisquer Dados Pessoais processados em conex\u00e3o com o desempenho pela Radancy de suas obriga\u00e7\u00f5es nos termos do Contrato TalentBrew e\/ou deste Adendo:\n<ol class=\"wp-block-list\">\n<li>Processe esses Dados Pessoais apenas mediante instru\u00e7\u00f5es escritas do Cliente, a menos que a Radancy seja exigida pelas leis de qualquer membro da Uni\u00e3o Europeia ou pelas leis da Uni\u00e3o Europeia aplic\u00e1veis \u00e0 Radancy para processar Dados Pessoais (\u201c<b>Leis Aplic\u00e1veis<\/b>\u201d). Quando a Radancy se basear nas leis de um membro da Uni\u00e3o Europeia ou na lei da Uni\u00e3o Europeia como base para o processamento de Dados Pessoais, a Radancy dever\u00e1 notificar imediatamente o Cliente sobre isso antes de realizar o processamento exigido pelas Leis Aplic\u00e1veis, a menos que essas Leis Aplic\u00e1veis pro\u00edbam a Radancy de tal notificando o Cliente.<\/li>\n\n\n\n<li>Assegurar que possui medidas t\u00e9cnicas e organizacionais apropriadas, revisadas e aprovadas pelo Cliente, para proteger contra o processamento n\u00e3o autorizado ou ilegal de Dados Pessoais e contra perda ou destrui\u00e7\u00e3o acidental de, ou dano a, Dados Pessoais, apropriados ao dano que possa resultar do tratamento n\u00e3o autorizado ou il\u00edcito ou da perda, destrui\u00e7\u00e3o ou dano acidental e a natureza dos dados a proteger, tendo em conta o estado do desenvolvimento tecnol\u00f3gico e os custos de implementa\u00e7\u00e3o de quaisquer medidas (essas medidas podem incluir, se for caso disso, a pseudonimiza\u00e7\u00e3o e criptografar Dados Pessoais, garantindo a confidencialidade, integridade, disponibilidade e resili\u00eancia de seus sistemas e servi\u00e7os, garantindo que a disponibilidade e o acesso aos Dados Pessoais possam ser restaurados em tempo h\u00e1bil ap\u00f3s um incidente e avaliando e avaliando regularmente a efic\u00e1cia dos procedimentos t\u00e9cnicos e organizacionais medidas por ela adotadas).<\/li>\n\n\n\n<li>Garantir que todo o pessoal que tenha acesso e\/ou processe Dados Pessoais seja obrigado a manter os Dados Pessoais confidenciais.<\/li>\n\n\n\n<li>N\u00e3o transferir quaisquer Dados Pessoais para fora do Espa\u00e7o Econ\u00f3mico Europeu, a menos que tenha sido obtido o consentimento pr\u00e9vio por escrito do Cliente e cumpridas as seguintes condi\u00e7\u00f5es:\n<ol class=\"wp-block-list\">\n<li>Radancy ou o cession\u00e1rio forneceu as salvaguardas apropriadas em rela\u00e7\u00e3o \u00e0 transfer\u00eancia;<\/li>\n\n\n\n<li>o Titular dos Dados tem direitos exequ\u00edveis e recursos legais efetivos;<\/li>\n\n\n\n<li>A Radancy cumpre as suas obriga\u00e7\u00f5es ao abrigo da Legisla\u00e7\u00e3o de Prote\u00e7\u00e3o de Dados, fornecendo um n\u00edvel adequado de prote\u00e7\u00e3o a quaisquer Dados Pessoais que sejam transferidos;<\/li>\n\n\n\n<li>A Radancy cumpre as instru\u00e7\u00f5es razo\u00e1veis que lhe foram previamente notificadas pelo Cliente no que diz respeito ao tratamento dos Dados Pessoais.<\/li>\n<\/ol>\n<\/li>\n\n\n\n<li>Auxiliar o Cliente, por conta do Cliente, a responder a qualquer solicita\u00e7\u00e3o de um Titular de Dados e garantir o cumprimento de suas obriga\u00e7\u00f5es sob a Legisla\u00e7\u00e3o de Prote\u00e7\u00e3o de Dados em rela\u00e7\u00e3o \u00e0 seguran\u00e7a, notifica\u00e7\u00f5es de viola\u00e7\u00e3o, avalia\u00e7\u00f5es de impacto e consultas a autoridades supervisoras ou reguladoras<\/li>\n\n\n\n<li>Notificar o Cliente imediatamente, mas em qualquer caso dentro de setenta e duas (72) horas, ao tomar conhecimento de uma viola\u00e7\u00e3o de Dados Pessoais.<\/li>\n\n\n\n<li>Sob orienta\u00e7\u00e3o por escrito do Cliente, exclua ou devolva os Dados Pessoais e suas c\u00f3pias ao Cliente na rescis\u00e3o do Contrato, a menos que exigido pela Lei Aplic\u00e1vel para armazenar os Dados Pessoais.<\/li>\n\n\n\n<li>Disponibilizar\u00e1 ao Cliente todas as informa\u00e7\u00f5es necess\u00e1rias para demonstrar o cumprimento deste Contrato e permitir\u00e1 que o Cliente e seus representantes terceirizados auditem o cumprimento da Radancy com este Adendo, com anteced\u00eancia m\u00ednima de 5 (cinco) dias \u00fateis, durante o prazo de o Contrato TalentBrew. A Radancy fornecer\u00e1 ao Cliente e seus representantes terceirizados toda a assist\u00eancia razo\u00e1vel e necess\u00e1ria para realizar tais auditorias.<\/li>\n<\/ol>\n<\/li>\n\n\n\n<li><span class=\"dpa-spacer\">2.6<\/span> N\u00e3o obstante o acima exposto, o Cliente reconhece e concorda que os Dados Pessoais ser\u00e3o transferidos e processados nos Estados Unidos pelo Processador.<\/li>\n\n\n\n<li><span class=\"dpa-spacer\">2.7<\/span> O Cliente consente que a Radancy nomeie terceiros processadores de Dados Pessoais conforme estabelecido no Artigo 3 deste Adendo. A Radancy confirma que celebrou ou (conforme o caso) celebrar\u00e1 com o processador terceirizado um contrato por escrito incorporando termos substancialmente semelhantes aos estabelecidos neste Artigo 2. Entre o Cliente e a Radancy, a Radancy permanecer\u00e1 totalmente respons\u00e1vel por todos os atos ou omiss\u00f5es de qualquer processador terceirizado indicado por ela de acordo com esta cl\u00e1usula 2.7.&#8221;<\/li>\n<\/ol>\n\n\n\n<h2 class=\"wp-block-heading headline\" id=\"h-3\"><span class=\"dpa-spacer\">3.<\/span><\/h2>\n\n\n\n<ol class=\"wp-block-list custom-numberlist\">\n<li><span class=\"dpa-spacer\">3.1<\/span> Em conex\u00e3o com os servi\u00e7os de marketing de recrutamento, o Processador processa os Dados Pessoais da seguinte forma:\n<ol class=\"wp-block-list\">\n<li>ESCOPO \u2013 Informa\u00e7\u00f5es coletadas por meio de formul\u00e1rios enviados por sites de empregos de marca e tecnologias de rastreamento aplicadas a esses sites.<\/li>\n\n\n\n<li>NATUREZA \u2013 Radancy processar\u00e1, inclusive por meio de coleta, registro, estrutura\u00e7\u00e3o, armazenamento, altera\u00e7\u00e3o, recupera\u00e7\u00e3o, uso, combina\u00e7\u00e3o, apagamento e destrui\u00e7\u00e3o de Dados Pessoais exclusivamente para fins de presta\u00e7\u00e3o de servi\u00e7os ao Cliente.<\/li>\n\n\n\n<li>FINALIDADE DO PROCESSAMENTO \u2013 Divulgar oportunidades de emprego aos candidatos e aprimorar campanhas de marketing para vagas em aberto e preparar relat\u00f3rios anal\u00edticos sobre a efic\u00e1cia desse marketing.<\/li>\n\n\n\n<li>DURA\u00c7\u00c3O DO PROCESSAMENTO \u2013 Vig\u00eancia do Contrato TalentBrew.<\/li>\n<\/ol>\n<\/li>\n\n\n\n<li><span class=\"dpa-spacer\">3.2<\/span> <strong>Tipos de Dados Pessoais:<\/strong> Nome, sobrenome, endere\u00e7o de e-mail, localiza\u00e7\u00e3o, prefer\u00eancias de trabalho, juntamente com dados do aplicativo disponibilizados pelo Cliente e informa\u00e7\u00f5es de TI (endere\u00e7os IP, dados de uso, dados de cookies, informa\u00e7\u00f5es espec\u00edficas do dispositivo, dados de conex\u00e3o e dados de localiza\u00e7\u00e3o).<\/li>\n\n\n\n<li><span class=\"dpa-spacer\">3.3<\/span> <strong>Categorias do Titular dos Dados:<\/strong> Potenciais candidatos ou candidatos a emprego com o Cliente.<\/li>\n\n\n\n<li><span class=\"dpa-spacer\">3.4<\/span><strong>Processadores de Terceiros:<\/strong>\n<ol class=\"wp-block-list\">\n<li><u>Processadores de terceiros retidos pela Radancy.<\/u> O Cliente reconhece e concorda com o uso do Processador dos processadores de terceiros listados no site do Processador, localizado em <a href=\"https:\/\/www.radancy.com\/pt-br\/gdpr\/\" data-custom-event=\"true\" data-custom-category=\"custom event\" data-custom-label=\"&gt;www.Radancy.com\/gdpr\">www.Radancy.com\/gdpr<\/a>. Quaisquer altera\u00e7\u00f5es em processadores de terceiros devem ser publicadas no site com anteced\u00eancia suficiente para permitir ao Cliente a oportunidade de se opor a tais altera\u00e7\u00f5es. Se o Cliente n\u00e3o se opuser, considera-se que o Cliente consentiu com a altera\u00e7\u00e3o.<\/li>\n\n\n\n<li><u>Outros Processadores de Dados retidos pelo Cliente.<\/u> A Radancy cumprir\u00e1 as instru\u00e7\u00f5es razo\u00e1veis do Cliente para cooperar com processadores terceirizados retidos diretamente pelo Cliente, incluindo, sem limita\u00e7\u00e3o, a coloca\u00e7\u00e3o de etiquetas de rastreamento desses processadores terceiros para o Cliente. O Cliente concorda em garantir que qualquer terceiro esteja em conformidade com toda a Legisla\u00e7\u00e3o de Prote\u00e7\u00e3o de Dados aplic\u00e1vel e dever\u00e1 indenizar e isentar a Radancy de quaisquer reclama\u00e7\u00f5es ou perdas resultantes da falha de tais processadores terceirizados em cumprir toda a Legisla\u00e7\u00e3o de Prote\u00e7\u00e3o de Dados aplic\u00e1vel.&#8221;<\/li>\n<\/ol>\n<\/li>\n<\/ol>\n<\/div>\n<\/section>\n\n\n\n<div class=\"wp-block-group alignfull cta has-neutral-1-color has-primary-2-background-color has-text-color has-background has-global-padding is-layout-constrained wp-container-core-group-is-layout-86ad42c5 wp-block-group-is-layout-constrained\" style=\"margin-top:0px;margin-bottom:0px;padding-top:var(--wp--preset--spacing--30);padding-right:var(--wp--preset--spacing--30);padding-bottom:var(--wp--preset--spacing--30);padding-left:var(--wp--preset--spacing--30)\">\n<h3 class=\"wp-block-heading has-text-align-center has-copy-font-family\" id=\"h-fale-com-a-gente-para-acelerar-seus-resultados-de-contratacao-e-maximizar-o-roi-com-uma-plataforma-de-ia-completa\">Fale com a gente para acelerar seus resultados de contrata\u00e7\u00e3o e maximizar o ROI com uma plataforma de IA completa.<\/h3>\n\n\n\n<div class=\"wp-block-buttons is-content-justification-center is-layout-flex wp-container-core-buttons-is-layout-a89b3969 wp-block-buttons-is-layout-flex\">\n<div class=\"wp-block-button\"><a class=\"wp-block-button__link wp-element-button\" href=\"https:\/\/www.radancy.com\/pt-br\/contact\/\">AGENDAR UMA DEMONSTRA\u00c7\u00c3O<\/a><\/div>\n<\/div>\n<\/div>\n","protected":false},"excerpt":{"rendered":"<p>Data de Entrada em Vigor: 12 de junho de 2018 Os termos deste documento se aplicam a qualquer contrato (o &#8220;Contrato&#8220;) no qual eles tenham sido incorporados por refer\u00eancia. Em <a class=\"more-link\" href=\"https:\/\/www.radancy.com\/pt-br\/dpa\/\">Read more&#8230;<\/a><\/p>\n","protected":false},"author":26,"featured_media":0,"parent":0,"menu_order":0,"comment_status":"closed","ping_status":"closed","template":"","meta":{"_acf_changed":false,"_EventAllDay":false,"_EventTimezone":"","_EventStartDate":"","_EventEndDate":"","_EventStartDateUTC":"","_EventEndDateUTC":"","_EventShowMap":false,"_EventShowMapLink":false,"_EventURL":"","_EventCost":"","_EventCostDescription":"","_EventCurrencySymbol":"","_EventCurrencyCode":"","_EventCurrencyPosition":"","_EventDateTimeSeparator":"","_EventTimeRangeSeparator":"","_EventOrganizerID":[],"_EventVenueID":[],"_OrganizerEmail":"","_OrganizerPhone":"","_OrganizerWebsite":"","_VenueAddress":"","_VenueCity":"","_VenueCountry":"","_VenueProvince":"","_VenueState":"","_VenueZip":"","_VenuePhone":"","_VenueURL":"","_VenueStateProvince":"","_VenueLat":"","_VenueLng":"","_VenueShowMap":false,"_VenueShowMapLink":false,"_tribe_blocks_recurrence_rules":"","_tribe_blocks_recurrence_description":"","_tribe_blocks_recurrence_exclusions":"","footnotes":""},"class_list":["post-12500","page","type-page","status-publish","hentry"],"acf":[],"yoast_head":"<!-- This site is optimized with the Yoast SEO Premium plugin v26.2 (Yoast SEO v27.3) - https:\/\/yoast.com\/product\/yoast-seo-premium-wordpress\/ -->\n<title>Adendo de Prote\u00e7\u00e3o de Dados | Radancy<\/title>\n<meta name=\"robots\" content=\"noindex, nofollow\" \/>\n<meta property=\"og:locale\" content=\"pt_BR\" \/>\n<meta property=\"og:type\" content=\"article\" \/>\n<meta property=\"og:title\" content=\"Adendo de Prote\u00e7\u00e3o de Dados | Radancy\" \/>\n<meta property=\"og:description\" content=\"Data de Entrada em Vigor: 12 de junho de 2018 Os termos deste documento se aplicam a qualquer contrato (o &#8220;Contrato&#8220;) no qual eles tenham sido incorporados por refer\u00eancia. Em Read more...\" \/>\n<meta property=\"og:url\" content=\"https:\/\/www.radancy.com\/pt-br\/dpa\/\" \/>\n<meta property=\"og:site_name\" content=\"Radancy\" \/>\n<meta property=\"article:publisher\" content=\"https:\/\/www.facebook.com\/radancy\" \/>\n<meta property=\"article:modified_time\" content=\"2025-09-25T12:59:13+00:00\" \/>\n<meta property=\"og:image\" content=\"https:\/\/tbcdn.talentbrew.com\/company\/34730\/gst_v1\/img\/meta\/Radancy_JobShare_img_FINAL_PT.jpg\" \/>\n<meta name=\"twitter:card\" content=\"summary_large_image\" \/>\n<meta name=\"twitter:title\" content=\"Adendo de Prote\u00e7\u00e3o de Dados\" \/>\n<meta name=\"twitter:site\" content=\"@radancyco\" \/>\n<meta name=\"twitter:label1\" content=\"Est. tempo de leitura\" \/>\n\t<meta name=\"twitter:data1\" content=\"7 minutos\" \/>\n<script type=\"application\/ld+json\" class=\"yoast-schema-graph\">{\"@context\":\"https:\\\/\\\/schema.org\",\"@graph\":[{\"@type\":\"WebPage\",\"@id\":\"https:\\\/\\\/www.radancy.com\\\/pt-br\\\/dpa\\\/\",\"url\":\"https:\\\/\\\/www.radancy.com\\\/pt-br\\\/dpa\\\/\",\"name\":\"Adendo de Prote\u00e7\u00e3o de Dados | Radancy\",\"isPartOf\":{\"@id\":\"https:\\\/\\\/www.radancy.com\\\/pt-br\\\/#website\"},\"datePublished\":\"2023-11-17T03:02:19+00:00\",\"dateModified\":\"2025-09-25T12:59:13+00:00\",\"breadcrumb\":{\"@id\":\"https:\\\/\\\/www.radancy.com\\\/pt-br\\\/dpa\\\/#breadcrumb\"},\"inLanguage\":\"pt-BR\",\"potentialAction\":[{\"@type\":\"ReadAction\",\"target\":[\"https:\\\/\\\/www.radancy.com\\\/pt-br\\\/dpa\\\/\"]}]},{\"@type\":\"BreadcrumbList\",\"@id\":\"https:\\\/\\\/www.radancy.com\\\/pt-br\\\/dpa\\\/#breadcrumb\",\"itemListElement\":[{\"@type\":\"ListItem\",\"position\":1,\"name\":\"Home\",\"item\":\"https:\\\/\\\/www.radancy.com\\\/pt-br\\\/\"},{\"@type\":\"ListItem\",\"position\":2,\"name\":\"Adendo de Prote\u00e7\u00e3o de Dados\"}]},{\"@type\":\"WebSite\",\"@id\":\"https:\\\/\\\/www.radancy.com\\\/pt-br\\\/#website\",\"url\":\"https:\\\/\\\/www.radancy.com\\\/pt-br\\\/\",\"name\":\"Radancy\",\"description\":\"Create Connections That Count.\",\"publisher\":{\"@id\":\"https:\\\/\\\/www.radancy.com\\\/pt-br\\\/#organization\"},\"potentialAction\":[{\"@type\":\"SearchAction\",\"target\":{\"@type\":\"EntryPoint\",\"urlTemplate\":\"https:\\\/\\\/www.radancy.com\\\/pt-br\\\/?s={search_term_string}\"},\"query-input\":{\"@type\":\"PropertyValueSpecification\",\"valueRequired\":true,\"valueName\":\"search_term_string\"}}],\"inLanguage\":\"pt-BR\"},{\"@type\":\"Organization\",\"@id\":\"https:\\\/\\\/www.radancy.com\\\/pt-br\\\/#organization\",\"name\":\"Radancy\",\"url\":\"https:\\\/\\\/www.radancy.com\\\/pt-br\\\/\",\"logo\":{\"@type\":\"ImageObject\",\"inLanguage\":\"pt-BR\",\"@id\":\"https:\\\/\\\/www.radancy.com\\\/pt-br\\\/#\\\/schema\\\/logo\\\/image\\\/\",\"url\":\"https:\\\/\\\/www.radancy.com\\\/wp-content\\\/uploads\\\/2024\\\/06\\\/Radancy_Icon_RGB.svg\",\"contentUrl\":\"https:\\\/\\\/www.radancy.com\\\/wp-content\\\/uploads\\\/2024\\\/06\\\/Radancy_Icon_RGB.svg\",\"width\":1,\"height\":1,\"caption\":\"Radancy\"},\"image\":{\"@id\":\"https:\\\/\\\/www.radancy.com\\\/pt-br\\\/#\\\/schema\\\/logo\\\/image\\\/\"},\"sameAs\":[\"https:\\\/\\\/www.facebook.com\\\/radancy\",\"https:\\\/\\\/x.com\\\/radancyco\",\"https:\\\/\\\/www.linkedin.com\\\/company\\\/radancy\\\/\",\"https:\\\/\\\/www.youtube.com\\\/Radancy\\\/videos\",\"https:\\\/\\\/www.instagram.com\\\/radancyco\"]}]}<\/script>\n<!-- \/ Yoast SEO Premium plugin. -->","yoast_head_json":{"title":"Adendo de Prote\u00e7\u00e3o de Dados | Radancy","robots":{"index":"noindex","follow":"nofollow"},"og_locale":"pt_BR","og_type":"article","og_title":"Adendo de Prote\u00e7\u00e3o de Dados | Radancy","og_description":"Data de Entrada em Vigor: 12 de junho de 2018 Os termos deste documento se aplicam a qualquer contrato (o &#8220;Contrato&#8220;) no qual eles tenham sido incorporados por refer\u00eancia. Em Read more...","og_url":"https:\/\/www.radancy.com\/pt-br\/dpa\/","og_site_name":"Radancy","article_publisher":"https:\/\/www.facebook.com\/radancy","article_modified_time":"2025-09-25T12:59:13+00:00","og_image":[{"url":"https:\/\/tbcdn.talentbrew.com\/company\/34730\/gst_v1\/img\/meta\/Radancy_JobShare_img_FINAL_PT.jpg","type":"","width":"","height":""}],"twitter_card":"summary_large_image","twitter_title":"Adendo de Prote\u00e7\u00e3o de Dados","twitter_site":"@radancyco","twitter_misc":{"Est. tempo de leitura":"7 minutos"},"schema":{"@context":"https:\/\/schema.org","@graph":[{"@type":"WebPage","@id":"https:\/\/www.radancy.com\/pt-br\/dpa\/","url":"https:\/\/www.radancy.com\/pt-br\/dpa\/","name":"Adendo de Prote\u00e7\u00e3o de Dados | Radancy","isPartOf":{"@id":"https:\/\/www.radancy.com\/pt-br\/#website"},"datePublished":"2023-11-17T03:02:19+00:00","dateModified":"2025-09-25T12:59:13+00:00","breadcrumb":{"@id":"https:\/\/www.radancy.com\/pt-br\/dpa\/#breadcrumb"},"inLanguage":"pt-BR","potentialAction":[{"@type":"ReadAction","target":["https:\/\/www.radancy.com\/pt-br\/dpa\/"]}]},{"@type":"BreadcrumbList","@id":"https:\/\/www.radancy.com\/pt-br\/dpa\/#breadcrumb","itemListElement":[{"@type":"ListItem","position":1,"name":"Home","item":"https:\/\/www.radancy.com\/pt-br\/"},{"@type":"ListItem","position":2,"name":"Adendo de Prote\u00e7\u00e3o de Dados"}]},{"@type":"WebSite","@id":"https:\/\/www.radancy.com\/pt-br\/#website","url":"https:\/\/www.radancy.com\/pt-br\/","name":"Radancy","description":"Create Connections That Count.","publisher":{"@id":"https:\/\/www.radancy.com\/pt-br\/#organization"},"potentialAction":[{"@type":"SearchAction","target":{"@type":"EntryPoint","urlTemplate":"https:\/\/www.radancy.com\/pt-br\/?s={search_term_string}"},"query-input":{"@type":"PropertyValueSpecification","valueRequired":true,"valueName":"search_term_string"}}],"inLanguage":"pt-BR"},{"@type":"Organization","@id":"https:\/\/www.radancy.com\/pt-br\/#organization","name":"Radancy","url":"https:\/\/www.radancy.com\/pt-br\/","logo":{"@type":"ImageObject","inLanguage":"pt-BR","@id":"https:\/\/www.radancy.com\/pt-br\/#\/schema\/logo\/image\/","url":"https:\/\/www.radancy.com\/wp-content\/uploads\/2024\/06\/Radancy_Icon_RGB.svg","contentUrl":"https:\/\/www.radancy.com\/wp-content\/uploads\/2024\/06\/Radancy_Icon_RGB.svg","width":1,"height":1,"caption":"Radancy"},"image":{"@id":"https:\/\/www.radancy.com\/pt-br\/#\/schema\/logo\/image\/"},"sameAs":["https:\/\/www.facebook.com\/radancy","https:\/\/x.com\/radancyco","https:\/\/www.linkedin.com\/company\/radancy\/","https:\/\/www.youtube.com\/Radancy\/videos","https:\/\/www.instagram.com\/radancyco"]}]}},"_links":{"self":[{"href":"https:\/\/www.radancy.com\/pt-br\/wp-json\/wp\/v2\/pages\/12500","targetHints":{"allow":["GET"]}}],"collection":[{"href":"https:\/\/www.radancy.com\/pt-br\/wp-json\/wp\/v2\/pages"}],"about":[{"href":"https:\/\/www.radancy.com\/pt-br\/wp-json\/wp\/v2\/types\/page"}],"author":[{"embeddable":true,"href":"https:\/\/www.radancy.com\/pt-br\/wp-json\/wp\/v2\/users\/26"}],"replies":[{"embeddable":true,"href":"https:\/\/www.radancy.com\/pt-br\/wp-json\/wp\/v2\/comments?post=12500"}],"version-history":[{"count":0,"href":"https:\/\/www.radancy.com\/pt-br\/wp-json\/wp\/v2\/pages\/12500\/revisions"}],"wp:attachment":[{"href":"https:\/\/www.radancy.com\/pt-br\/wp-json\/wp\/v2\/media?parent=12500"}],"curies":[{"name":"wp","href":"https:\/\/api.w.org\/{rel}","templated":true}]}}