{"id":12468,"date":"2023-11-17T03:01:54","date_gmt":"2023-11-17T03:01:54","guid":{"rendered":"https:\/\/s45175.p1717.sites.pressdns.com\/creative-development\/"},"modified":"2025-09-25T14:18:59","modified_gmt":"2025-09-25T14:18:59","slug":"desenvolvimento-criativo","status":"publish","type":"page","link":"https:\/\/www.radancy.com\/pt-br\/desenvolvimento-criativo\/","title":{"rendered":"Desenvolvimento Criativo"},"content":{"rendered":"\n<div class=\"wp-block-group alignfull title-bar has-neutral-1-color has-primary-3-background-color has-text-color has-background is-vertical is-content-justification-center is-layout-flex wp-container-core-group-is-layout-95c46550 wp-block-group-is-layout-flex\" style=\"margin-top:0;margin-bottom:60px;padding-top:35px;padding-right:35px;padding-bottom:35px;padding-left:35px\">\n<h2 class=\"wp-block-heading has-accent-font-family has-headline-smallest-font-size\" id=\"h-desenvolvimento-criativo\" style=\"margin-top:0;margin-bottom:0;font-style:normal;font-weight:400\">Desenvolvimento Criativo<\/h2>\n<\/div>\n\n\n\n<section class=\"wp-block-group section--centered section--extra-spacing section icon-heading-text-button-section is-vertical is-content-justification-center is-layout-flex wp-container-core-group-is-layout-149e27cc wp-block-group-is-layout-flex\" style=\"padding-bottom:50px\">\n<div class=\"wp-block-group is-layout-flow wp-block-group-is-layout-flow\"><section class=\"\" style=\"\">\n\t<i class=\"icon icon--square icon-fullcolor-creative-development\"><\/i><\/section>\n<\/div>\n\n\n\n<h2 class=\"wp-block-heading headline--intro has-primary-1-color has-text-color has-link-color wp-elements-8590716e9a1b9d04cbc16afd774d3a42\" id=\"h-solucoes-criativas-com-resultados-inteligentes\">Solu\u00e7\u00f5es criativas com resultados inteligentes.<\/h2>\n\n\n\n<p class=\"forced-spacing a-liitle-more-spacing\">Nossas campanhas e tecnologias de desenvolvimento criativas, elevam sua voz, molda a conversa, e te ajuda a se conectar com talentos. N\u00f3s iniciamos nossa estrat\u00e9gia com pesquisas aprofundadas, e um conhecimento completo de suas necessidades. Nossas equipes de marketing, branding, desenvolvimento web, e cria\u00e7\u00e3o, interagem com facilidade para definir, desenvolver e te entregar uma solu\u00e7\u00e3o completa. N\u00e3o tem nenhum caminho definido em criatividade. N\u00f3s pensamos em todas as possibilidades e desenterramos a grande ideia, juntando com todas as formas em que possamos executar sua campanha para atingir as suas metas.<\/p>\n\n\n\n<div class=\"wp-block-group is-layout-flow wp-block-group-is-layout-flow\">\n<div class=\"wp-block-buttons button button--arrow is-layout-flex wp-block-buttons-is-layout-flex\">\n<div class=\"wp-block-button\"><a class=\"wp-block-button__link wp-element-button\" href=\"\/pt-br\/solucoes-para-clientes\">Veja o nosso trabalho<\/a><\/div>\n<\/div>\n<\/div>\n<\/section>\n\n\n\n<div class=\"wp-block-group alignfull cta has-neutral-1-color has-primary-2-background-color has-text-color has-background has-global-padding is-layout-constrained wp-container-core-group-is-layout-86ad42c5 wp-block-group-is-layout-constrained\" style=\"margin-top:0px;margin-bottom:0px;padding-top:var(--wp--preset--spacing--30);padding-right:var(--wp--preset--spacing--30);padding-bottom:var(--wp--preset--spacing--30);padding-left:var(--wp--preset--spacing--30)\">\n<h3 class=\"wp-block-heading has-text-align-center has-copy-font-family\" id=\"h-fale-com-a-gente-para-acelerar-seus-resultados-de-contratacao-e-maximizar-o-roi-com-uma-plataforma-de-ia-completa\">Fale com a gente para acelerar seus resultados de contrata\u00e7\u00e3o e maximizar o ROI com uma plataforma de IA completa.<\/h3>\n\n\n\n<div class=\"wp-block-buttons is-content-justification-center is-layout-flex wp-container-core-buttons-is-layout-a89b3969 wp-block-buttons-is-layout-flex\">\n<div class=\"wp-block-button\"><a class=\"wp-block-button__link wp-element-button\" href=\"https:\/\/www.radancy.com\/pt-br\/contact\/\">AGENDAR UMA DEMONSTRA\u00c7\u00c3O<\/a><\/div>\n<\/div>\n<\/div>\n","protected":false},"excerpt":{"rendered":"<p>Desenvolvimento Criativo Solu\u00e7\u00f5es criativas com resultados inteligentes. Nossas campanhas e tecnologias de desenvolvimento criativas, elevam sua voz, molda a conversa, e te ajuda a se conectar com talentos. N\u00f3s iniciamos <a class=\"more-link\" href=\"https:\/\/www.radancy.com\/pt-br\/desenvolvimento-criativo\/\">Read more&#8230;<\/a><\/p>\n","protected":false},"author":26,"featured_media":0,"parent":0,"menu_order":0,"comment_status":"closed","ping_status":"closed","template":"","meta":{"_acf_changed":false,"_EventAllDay":false,"_EventTimezone":"","_EventStartDate":"","_EventEndDate":"","_EventStartDateUTC":"","_EventEndDateUTC":"","_EventShowMap":false,"_EventShowMapLink":false,"_EventURL":"","_EventCost":"","_EventCostDescription":"","_EventCurrencySymbol":"","_EventCurrencyCode":"","_EventCurrencyPosition":"","_EventDateTimeSeparator":"","_EventTimeRangeSeparator":"","_EventOrganizerID":[],"_EventVenueID":[],"_OrganizerEmail":"","_OrganizerPhone":"","_OrganizerWebsite":"","_VenueAddress":"","_VenueCity":"","_VenueCountry":"","_VenueProvince":"","_VenueState":"","_VenueZip":"","_VenuePhone":"","_VenueURL":"","_VenueStateProvince":"","_VenueLat":"","_VenueLng":"","_VenueShowMap":false,"_VenueShowMapLink":false,"_tribe_blocks_recurrence_rules":"","_tribe_blocks_recurrence_description":"","_tribe_blocks_recurrence_exclusions":"","footnotes":""},"class_list":["post-12468","page","type-page","status-publish","hentry"],"acf":[],"yoast_head":"<!-- This site is optimized with the Yoast SEO Premium plugin v26.2 (Yoast SEO v27.4) - https:\/\/yoast.com\/product\/yoast-seo-premium-wordpress\/ -->\n<title>Desenvolvimento Criativo | Radancy<\/title>\n<meta name=\"robots\" content=\"index, follow, max-snippet:-1, max-image-preview:large, max-video-preview:-1\" \/>\n<link rel=\"canonical\" href=\"https:\/\/www.radancy.com\/pt-br\/desenvolvimento-criativo\/\" \/>\n<meta property=\"og:locale\" content=\"pt_BR\" \/>\n<meta property=\"og:type\" content=\"article\" \/>\n<meta property=\"og:title\" content=\"Desenvolvimento Criativo | Radancy\" \/>\n<meta property=\"og:description\" content=\"Desenvolvimento Criativo Solu\u00e7\u00f5es criativas com resultados inteligentes. Nossas campanhas e tecnologias de desenvolvimento criativas, elevam sua voz, molda a conversa, e te ajuda a se conectar com talentos. N\u00f3s iniciamos Read more...\" \/>\n<meta property=\"og:url\" content=\"https:\/\/www.radancy.com\/pt-br\/desenvolvimento-criativo\/\" \/>\n<meta property=\"og:site_name\" content=\"Radancy\" \/>\n<meta property=\"article:publisher\" content=\"https:\/\/www.facebook.com\/radancy\" \/>\n<meta property=\"article:modified_time\" content=\"2025-09-25T14:18:59+00:00\" \/>\n<meta property=\"og:image\" content=\"https:\/\/tbcdn.talentbrew.com\/company\/34730\/gst_v1\/img\/meta\/Radancy_JobShare_img_FINAL_PT.jpg\" \/>\n<meta name=\"twitter:card\" content=\"summary_large_image\" \/>\n<meta name=\"twitter:title\" content=\"Desenvolvimento Criativo\" \/>\n<meta name=\"twitter:site\" content=\"@radancyco\" \/>\n<meta name=\"twitter:label1\" content=\"Est. tempo de leitura\" \/>\n\t<meta name=\"twitter:data1\" content=\"1 minuto\" \/>\n<script type=\"application\/ld+json\" class=\"yoast-schema-graph\">{\"@context\":\"https:\\\/\\\/schema.org\",\"@graph\":[{\"@type\":\"WebPage\",\"@id\":\"https:\\\/\\\/www.radancy.com\\\/pt-br\\\/desenvolvimento-criativo\\\/\",\"url\":\"https:\\\/\\\/www.radancy.com\\\/pt-br\\\/desenvolvimento-criativo\\\/\",\"name\":\"Desenvolvimento Criativo | Radancy\",\"isPartOf\":{\"@id\":\"https:\\\/\\\/www.radancy.com\\\/pt-br\\\/#website\"},\"datePublished\":\"2023-11-17T03:01:54+00:00\",\"dateModified\":\"2025-09-25T14:18:59+00:00\",\"breadcrumb\":{\"@id\":\"https:\\\/\\\/www.radancy.com\\\/pt-br\\\/desenvolvimento-criativo\\\/#breadcrumb\"},\"inLanguage\":\"pt-BR\",\"potentialAction\":[{\"@type\":\"ReadAction\",\"target\":[\"https:\\\/\\\/www.radancy.com\\\/pt-br\\\/desenvolvimento-criativo\\\/\"]}]},{\"@type\":\"BreadcrumbList\",\"@id\":\"https:\\\/\\\/www.radancy.com\\\/pt-br\\\/desenvolvimento-criativo\\\/#breadcrumb\",\"itemListElement\":[{\"@type\":\"ListItem\",\"position\":1,\"name\":\"Home\",\"item\":\"https:\\\/\\\/www.radancy.com\\\/pt-br\\\/\"},{\"@type\":\"ListItem\",\"position\":2,\"name\":\"Desenvolvimento Criativo\"}]},{\"@type\":\"WebSite\",\"@id\":\"https:\\\/\\\/www.radancy.com\\\/pt-br\\\/#website\",\"url\":\"https:\\\/\\\/www.radancy.com\\\/pt-br\\\/\",\"name\":\"Radancy\",\"description\":\"Create Connections That Count.\",\"publisher\":{\"@id\":\"https:\\\/\\\/www.radancy.com\\\/pt-br\\\/#organization\"},\"potentialAction\":[{\"@type\":\"SearchAction\",\"target\":{\"@type\":\"EntryPoint\",\"urlTemplate\":\"https:\\\/\\\/www.radancy.com\\\/pt-br\\\/?s={search_term_string}\"},\"query-input\":{\"@type\":\"PropertyValueSpecification\",\"valueRequired\":true,\"valueName\":\"search_term_string\"}}],\"inLanguage\":\"pt-BR\"},{\"@type\":\"Organization\",\"@id\":\"https:\\\/\\\/www.radancy.com\\\/pt-br\\\/#organization\",\"name\":\"Radancy\",\"url\":\"https:\\\/\\\/www.radancy.com\\\/pt-br\\\/\",\"logo\":{\"@type\":\"ImageObject\",\"inLanguage\":\"pt-BR\",\"@id\":\"https:\\\/\\\/www.radancy.com\\\/pt-br\\\/#\\\/schema\\\/logo\\\/image\\\/\",\"url\":\"https:\\\/\\\/www.radancy.com\\\/wp-content\\\/uploads\\\/2024\\\/06\\\/Radancy_Icon_RGB.svg\",\"contentUrl\":\"https:\\\/\\\/www.radancy.com\\\/wp-content\\\/uploads\\\/2024\\\/06\\\/Radancy_Icon_RGB.svg\",\"width\":1,\"height\":1,\"caption\":\"Radancy\"},\"image\":{\"@id\":\"https:\\\/\\\/www.radancy.com\\\/pt-br\\\/#\\\/schema\\\/logo\\\/image\\\/\"},\"sameAs\":[\"https:\\\/\\\/www.facebook.com\\\/radancy\",\"https:\\\/\\\/x.com\\\/radancyco\",\"https:\\\/\\\/www.linkedin.com\\\/company\\\/radancy\\\/\",\"https:\\\/\\\/www.youtube.com\\\/Radancy\\\/videos\",\"https:\\\/\\\/www.instagram.com\\\/radancyco\"]}]}<\/script>\n<!-- \/ Yoast SEO Premium plugin. -->","yoast_head_json":{"title":"Desenvolvimento Criativo | Radancy","robots":{"index":"index","follow":"follow","max-snippet":"max-snippet:-1","max-image-preview":"max-image-preview:large","max-video-preview":"max-video-preview:-1"},"canonical":"https:\/\/www.radancy.com\/pt-br\/desenvolvimento-criativo\/","og_locale":"pt_BR","og_type":"article","og_title":"Desenvolvimento Criativo | Radancy","og_description":"Desenvolvimento Criativo Solu\u00e7\u00f5es criativas com resultados inteligentes. Nossas campanhas e tecnologias de desenvolvimento criativas, elevam sua voz, molda a conversa, e te ajuda a se conectar com talentos. N\u00f3s iniciamos Read more...","og_url":"https:\/\/www.radancy.com\/pt-br\/desenvolvimento-criativo\/","og_site_name":"Radancy","article_publisher":"https:\/\/www.facebook.com\/radancy","article_modified_time":"2025-09-25T14:18:59+00:00","og_image":[{"url":"https:\/\/tbcdn.talentbrew.com\/company\/34730\/gst_v1\/img\/meta\/Radancy_JobShare_img_FINAL_PT.jpg","type":"","width":"","height":""}],"twitter_card":"summary_large_image","twitter_title":"Desenvolvimento Criativo","twitter_site":"@radancyco","twitter_misc":{"Est. tempo de leitura":"1 minuto"},"schema":{"@context":"https:\/\/schema.org","@graph":[{"@type":"WebPage","@id":"https:\/\/www.radancy.com\/pt-br\/desenvolvimento-criativo\/","url":"https:\/\/www.radancy.com\/pt-br\/desenvolvimento-criativo\/","name":"Desenvolvimento Criativo | Radancy","isPartOf":{"@id":"https:\/\/www.radancy.com\/pt-br\/#website"},"datePublished":"2023-11-17T03:01:54+00:00","dateModified":"2025-09-25T14:18:59+00:00","breadcrumb":{"@id":"https:\/\/www.radancy.com\/pt-br\/desenvolvimento-criativo\/#breadcrumb"},"inLanguage":"pt-BR","potentialAction":[{"@type":"ReadAction","target":["https:\/\/www.radancy.com\/pt-br\/desenvolvimento-criativo\/"]}]},{"@type":"BreadcrumbList","@id":"https:\/\/www.radancy.com\/pt-br\/desenvolvimento-criativo\/#breadcrumb","itemListElement":[{"@type":"ListItem","position":1,"name":"Home","item":"https:\/\/www.radancy.com\/pt-br\/"},{"@type":"ListItem","position":2,"name":"Desenvolvimento Criativo"}]},{"@type":"WebSite","@id":"https:\/\/www.radancy.com\/pt-br\/#website","url":"https:\/\/www.radancy.com\/pt-br\/","name":"Radancy","description":"Create Connections That Count.","publisher":{"@id":"https:\/\/www.radancy.com\/pt-br\/#organization"},"potentialAction":[{"@type":"SearchAction","target":{"@type":"EntryPoint","urlTemplate":"https:\/\/www.radancy.com\/pt-br\/?s={search_term_string}"},"query-input":{"@type":"PropertyValueSpecification","valueRequired":true,"valueName":"search_term_string"}}],"inLanguage":"pt-BR"},{"@type":"Organization","@id":"https:\/\/www.radancy.com\/pt-br\/#organization","name":"Radancy","url":"https:\/\/www.radancy.com\/pt-br\/","logo":{"@type":"ImageObject","inLanguage":"pt-BR","@id":"https:\/\/www.radancy.com\/pt-br\/#\/schema\/logo\/image\/","url":"https:\/\/www.radancy.com\/wp-content\/uploads\/2024\/06\/Radancy_Icon_RGB.svg","contentUrl":"https:\/\/www.radancy.com\/wp-content\/uploads\/2024\/06\/Radancy_Icon_RGB.svg","width":1,"height":1,"caption":"Radancy"},"image":{"@id":"https:\/\/www.radancy.com\/pt-br\/#\/schema\/logo\/image\/"},"sameAs":["https:\/\/www.facebook.com\/radancy","https:\/\/x.com\/radancyco","https:\/\/www.linkedin.com\/company\/radancy\/","https:\/\/www.youtube.com\/Radancy\/videos","https:\/\/www.instagram.com\/radancyco"]}]}},"_links":{"self":[{"href":"https:\/\/www.radancy.com\/pt-br\/wp-json\/wp\/v2\/pages\/12468","targetHints":{"allow":["GET"]}}],"collection":[{"href":"https:\/\/www.radancy.com\/pt-br\/wp-json\/wp\/v2\/pages"}],"about":[{"href":"https:\/\/www.radancy.com\/pt-br\/wp-json\/wp\/v2\/types\/page"}],"author":[{"embeddable":true,"href":"https:\/\/www.radancy.com\/pt-br\/wp-json\/wp\/v2\/users\/26"}],"replies":[{"embeddable":true,"href":"https:\/\/www.radancy.com\/pt-br\/wp-json\/wp\/v2\/comments?post=12468"}],"version-history":[{"count":0,"href":"https:\/\/www.radancy.com\/pt-br\/wp-json\/wp\/v2\/pages\/12468\/revisions"}],"wp:attachment":[{"href":"https:\/\/www.radancy.com\/pt-br\/wp-json\/wp\/v2\/media?parent=12468"}],"curies":[{"name":"wp","href":"https:\/\/api.w.org\/{rel}","templated":true}]}}