{"id":18966,"date":"2024-11-07T15:11:18","date_gmt":"2024-11-07T15:11:18","guid":{"rendered":"https:\/\/www.radancy.com\/data-privacy-framework-privacy-policy\/"},"modified":"2025-06-19T09:14:36","modified_gmt":"2025-06-19T09:14:36","slug":"data-privacy-framework-privacybeleid","status":"publish","type":"page","link":"https:\/\/www.radancy.com\/nl\/data-privacy-framework-privacybeleid\/","title":{"rendered":"Data Privacy Framework Privacy Policy"},"content":{"rendered":"\n<div class=\"wp-block-group alignfull title-bar has-neutral-1-color has-primary-3-background-color has-text-color has-background is-vertical is-content-justification-center is-layout-flex wp-container-core-group-is-layout-95c46550 wp-block-group-is-layout-flex\" style=\"margin-top:0;margin-bottom:60px;padding-top:35px;padding-right:35px;padding-bottom:35px;padding-left:35px\">\n<h2 class=\"wp-block-heading has-accent-font-family has-headline-smallest-font-size\" id=\"h-data-privacy-framework-privacybeleid\" style=\"margin-top:0;margin-bottom:0;font-style:normal;font-weight:400\">DATA PRIVACY FRAMEWORK PRIVACYBELEID<\/h2>\n<\/div>\n\n\n\n<div class=\"wp-block-group is-vertical is-layout-flex wp-container-core-group-is-layout-634a1b30 wp-block-group-is-layout-flex\">\n<p>Laatst bijgewerkt: 7 november 2024<\/p>\n\n\n\n<p>TMP Worldwide Advertising &amp; Communications, LLC d\/b\/a Radancy in de Verenigde Staten (&#8220;<strong>Radancy VS<\/strong>&#8220;) heeft dit Data Privacy Framework Privacybeleid opgesteld om u te informeren over hoe wij omgaan met persoonsgegevens die worden verzameld door onze klanten in de Europese Economische Ruimte (de &#8220;<strong>EER<\/strong>&#8220;) en Zwitserland en worden doorgegeven aan Radancy VS. Dit Data Privacy Framework Privacybeleid vormt een aanvulling op onze Privacyverklaring op <a href=\"https:\/\/www.radancy.com\/nl\/privacyverklaring\/\">https:\/\/www.radancy.com\/en\/privacy<\/a>\/. Tenzij gedefinieerd in dit beleid, hebben de termen in dit Data Privacy Framework Privacybeleid dezelfde betekenis als in die Privacyverklaring.<\/p>\n\n\n\n<p>Radancy VS heeft zich gecertificeerd voor het EU-VS Data Privacy Framework en het Zwitsers-VS Data Privacy Framework (gezamenlijk &#8220;<strong>DPF<\/strong>&#8220;) voor de verwerking van persoonsgegevens ontvangen uit de Europese Unie en Zwitserland en streeft ernaar om de DPF-principes voor persoonsgegevens na te leven die vallen onder het Beleid. Meer informatie over de DPF, inclusief de lijst van gecertificeerde organisaties, is te vinden op <a href=\"https:\/\/www.dataprivacyframework.gov\/\">https:\/\/www.dataprivacyframework.gov\/<\/a>. Dit Beleid is van toepassing op Radancy VS en haar gelieerde bedrijven in de VS, zoals vermeld onderaan dit Privacybeleid.<\/p>\n\n\n\n<p>Persoonsgegevens die worden doorgegeven aan Radancy VS vanuit de EER en Zwitserland vallen uiteen in twee categorie\u00ebn: 1) persoonsgegevens met betrekking tot personeel van de cli\u00ebnten van Radancy VS in de EER en Zwitserland; en 2) persoonsgegevens van klanten die Radancy VS namens haar cli\u00ebnten verwerkt (zoals naam, contactgegevens, sollicitaties en cv&#8217;s voor sollicitanten). In het geval van de laatste categorie treedt Radancy VS op als verwerker en verwerkt dergelijke informatie alleen in opdracht van haar cli\u00ebnten. Deze informatie wordt beheerd door haar cli\u00ebnten in de EER en Zwitserland.<\/p>\n\n\n\n<p>Omdat de vereisten van de DPF afhangen van het feit of Radancy VS optreedt als verwerker namens haar cli\u00ebnten of als verwerkingsverantwoordelijke, wat betekent dat Radancy VS onafhankelijke beslissingen neemt over hoe die informatie wordt gebruikt, worden het beleid en de praktijken van Radancy VS hieronder afzonderlijk beschreven.<\/p>\n\n\n\n<div style=\"height:0px\" aria-hidden=\"true\" class=\"wp-block-spacer wp-container-content-9760934e\"><\/div>\n\n\n\n<h3 class=\"wp-block-heading\" id=\"h-radancy-vs-handelend-als-verwerker-namens-haar-klanten\"><strong>Radancy VS handelend als Verwerker namens haar Klanten<\/strong><\/h3>\n\n\n\n<p>Wanneer Radancy VS optreedt als verwerker namens haar cli\u00ebnten, zijn de volgende beleidsregels van toepassing op alle verwerkingsactiviteiten met betrekking tot persoonsgegevens die zijn doorgegeven van de EER en Zwitserland naar de Verenigde Staten.<\/p>\n\n\n\n<p><em><em><em>Gebruik van Persoonsgegevens<\/em><\/em><\/em><br>Radancy VS zal de persoonsgegevens alleen verwerken voor de door de cli\u00ebnt gevraagde doeleinden.<\/p>\n\n\n\n<p><em><em><em><em><em>Toegang en Correctie<\/em><\/em><\/em><\/em><\/em><br>Radancy VS zal de verwerkingsverantwoordelijke (de cli\u00ebnt) bijstaan bij het reageren op personen die hun rechten onder de DPF-principes uitoefenen.<\/p>\n\n\n\n<p><em><em>Agenten en Dienstverleners<\/em><br><\/em>Radancy VS geeft geen persoonsgegevens door aan derden, behalve wanneer dit is toegestaan of vereist door de cli\u00ebnt en dan in overeenstemming met de DPF-principes.<\/p>\n\n\n\n<p><em><em><em><em><em><em>Kennisgeving &amp; keuze<\/em><\/em><\/em><\/em><\/em><\/em><br>Omdat de persoonsgegevens onder controle staan van de cli\u00ebnten van Radancy, moeten individuen door Radancy&#8217;s cli\u00ebnten worden voorzien van passende kennisgeving en keuzes. Als verwerker heeft Radancy VS gewoonlijk geen directe relatie met de klanten van de cli\u00ebnt.&nbsp;<\/p>\n\n\n\n<div style=\"height:0px\" aria-hidden=\"true\" class=\"wp-block-spacer wp-container-content-9760934e\"><\/div>\n\n\n\n<h3 class=\"wp-block-heading\" id=\"h-radancy-vs-handelend-als-verwerkingsverantwoordelijke\"><strong>Radancy VS handelend als Verwerkingsverantwoordelijke<\/strong><\/h3>\n\n\n\n<p>Radancy VS kan van cli\u00ebnten in de EER en Zwitserland&nbsp; informatie ontvangen over hun werknemers, waaronder naam, adres, telefoonnummer en e-mailadres (gezamenlijk &#8220;Persoonsgegevens&#8221;).<\/p>\n\n\n\n<p><em><em><em><em><em><em><em>Gebruik van Persoonsgegevens<\/em><\/em><\/em><\/em><\/em><\/em><\/em><br>Alle Persoonsgegevens die naar ons worden verstuurd, kunnen door Radancy VS en haar agenten worden gebruikt voor de doeleinden die zijn aangegeven in de Privacyverklaring. Als we van plan zijn om uw informatie te gebruiken voor een doel dat wezenlijk verschilt van deze doeleinden of als we van plan zijn om uw informatie te verstrekken aan een derde partij (niet zijnde een agent) die nog niet eerder is ge\u00efdentificeerd, stellen we u hiervan op de hoogte en bieden we u de mogelijkheid om u af te melden voor dergelijk gebruik en\/of dergelijke verstrekking als het niet-gevoelige informatie betreft of om u aan te melden als het gevoelige informatie betreft.&nbsp;<\/p>\n\n\n\n<div style=\"height:0px\" aria-hidden=\"true\" class=\"wp-block-spacer wp-container-content-9760934e\"><\/div>\n\n\n\n<h3 class=\"wp-block-heading\" id=\"h-openbaarmakingen-aan-gelieerde-bedrijven-en-derden\"><strong>Openbaarmakingen aan Gelieerde Bedrijven en Derden<\/strong><\/h3>\n\n\n\n<p>Uw Persoonsgegevens kunnen openbaar worden gemaakt:<\/p>\n\n\n\n<ul class=\"wp-block-list\">\n<li>Aan onze gelieerde bedrijven die aan het einde van dit Privacybeleid worden genoemd voor de beschreven doeleinden.<\/li>\n\n\n\n<li>Aan derden, zodat zij u marketingcommunicatie of enqu\u00eates kunnen sturen.<\/li>\n\n\n\n<li>Aan externe sponsors van sweepstakes, wedstrijden en soortgelijke promoties.<\/li>\n\n\n\n<li>Aan een derde in het geval van een reorganisatie, fusie, verkoop, joint venture, contractovername, overdracht of andere vervreemding van alle of een deel van onze activiteiten, activa of aandelen (inclusief in verband met een faillissement of soortgelijke procedure).<\/li>\n<\/ul>\n\n\n\n<div style=\"height:0px\" aria-hidden=\"true\" class=\"wp-block-spacer wp-container-content-9760934e\"><\/div>\n\n\n\n<h3 class=\"wp-block-heading\" id=\"h-bekendmakingen-aan-agenten-en-dienstverleners\"><strong>Bekendmakingen aan Agenten en Dienstverleners<\/strong><\/h3>\n\n\n\n<p>Wij gaan soms overeenkomsten aan met andere bedrijven en individuen om functies of diensten namens ons uit te voeren, zoals websitehosting, gegevensanalyse, betalingsverwerking, orderverwerking, informatietechnologie en gerelateerde infrastructuurvoorziening, klantenservice, e-maillevering, auditing en andere diensten. Zij kunnen toegang hebben tot Persoonsgegevens die nodig zijn om hun taken uit te voeren, maar mogen de Persoonsgegevens niet gebruiken voor andere doeleinden dan het leveren van diensten voor ons of aan ons. Radancy VS eist van haar agenten en dienstverleners die toegang hebben tot Persoonsgegevens ontvangen vanuit de EER en Zwitserland dat zij hetzelfde niveau van bescherming bieden als vereist door de DPF-beginselen. Wij zijn er verantwoordelijk voor dat onze agenten de informatie verwerken op een manier die in overeenstemming is met onze verplichtingen onder de DPF-principes.&nbsp;<\/p>\n\n\n\n<div style=\"height:0px\" aria-hidden=\"true\" class=\"wp-block-spacer wp-container-content-9760934e\"><\/div>\n\n\n\n<h3 class=\"wp-block-heading\" id=\"h-gegevensbeveiliging\"><strong>Gegevensbeveiliging<\/strong><\/h3>\n\n\n\n<p>Wij gebruiken redelijke fysieke, elektronische en administratieve waarborgen om uw Persoonsgegevens te beschermen tegen verlies, misbruik en onbevoegde toegang, openbaarmaking, wijziging en vernietiging, rekening houdend met de aard van de Persoonsgegevens en de risico&#8217;s die gepaard gaan met de verwerking van die informatie.&nbsp;<\/p>\n\n\n\n<div style=\"height:0px\" aria-hidden=\"true\" class=\"wp-block-spacer wp-container-content-9760934e\"><\/div>\n\n\n\n<h3 class=\"wp-block-heading\" id=\"h-gegevensintegriteit-en-doelbinding\"><strong>Gegevensintegriteit en Doelbinding<\/strong><\/h3>\n\n\n\n<p>We beperken het verzamelen en gebruiken van persoonsgegevens tot de informatie die relevant is voor de doeleinden van de verwerking en zullen persoonsgegevens niet verwerken op een manier die onverenigbaar is met de doeleinden waarvoor de informatie is verzameld of waarvoor u vervolgens toestemming hebt gegeven. We ondernemen redelijke stappen om ervoor te zorgen dat de persoonsgegevens betrouwbaar voor het beoogde gebruik, nauwkeurig, volledig en actueel zijn voor zover dit nodig is voor de doeleinden waarvoor we de Persoonsgegevens gebruiken.<\/p>\n\n\n\n<div style=\"height:0px\" aria-hidden=\"true\" class=\"wp-block-spacer wp-container-content-9760934e\"><\/div>\n\n\n\n<h3 class=\"wp-block-heading\" id=\"h-toegang-tot-persoonsgegevens\"><strong>Toegang tot Persoonsgegevens<\/strong><\/h3>\n\n\n\n<p>U kunt vragen om inzage in en correctie van Persoonsgegevens die wij over u bewaren door een schriftelijk verzoek te sturen naar <a href=\"mailto:privacy@radancy.com\">privacy@radancy.com<\/a>.<\/p>\n\n\n\n<div style=\"height:0px\" aria-hidden=\"true\" class=\"wp-block-spacer wp-container-content-9760934e\"><\/div>\n\n\n\n<h3 class=\"wp-block-heading\" id=\"h-dpf-handhaving-en-geschillenbeslechting\"><strong>DPF Handhaving en Geschillenbeslechting<\/strong><\/h3>\n\n\n\n<p>Als u vragen of opmerkingen hebt, kunt u ons contacteren op het onderstaande adres. We zullen klachten en geschillen over het gebruik en de openbaarmaking van persoonsgegevens onderzoeken en proberen op te lossen in overeenstemming met de DPF-principes.<\/p>\n\n\n\n<p>In het geval dat wij uw klachten of geschillen niet kunnen oplossen, kunt u contact opnemen met&nbsp; TRUSTe Dispute Resolution, onze ADR-aanbieder in de VS, die uw klacht zal onderzoeken en u gratis zal helpen bij het oplossen van uw klacht.<\/p>\n\n\n\n<p>Zoals verder uitgelegd in de DPF-principes, zal er ook een <a href=\"https:\/\/www.dataprivacyframework.gov\/framework-article\/ANNEX-I-introduction\">bindende arbitragemogelijkheid <\/a>voor u beschikbaar worden gemaakt om resterende klachten aan te pakken die niet op een andere manier kunnen worden opgelost. Radancy VS is onderworpen aan de onderzoeks- en handhavingsbevoegdheden van de US Federal Trade Commission (FTC).<\/p>\n\n\n\n<div style=\"height:0px\" aria-hidden=\"true\" class=\"wp-block-spacer wp-container-content-9760934e\"><\/div>\n\n\n\n<h3 class=\"wp-block-heading\" id=\"h-wettelijk-verplichte-openbaarmakingen\"><strong>Wettelijk Verplichte Openbaarmakingen<\/strong><\/h3>\n\n\n\n<p>Het is mogelijk dat we persoonsgegevens moeten verstrekken als reactie op wettige verzoeken van overheidsinstanties om redenen van wetshandhaving of nationale veiligheid of wanneer een dergelijke actie noodzakelijk is om te voldoen aan een gerechtelijke procedure of een gerechtelijk bevel, of wanneer dit anderszins wettelijk vereist is.&nbsp;<\/p>\n\n\n\n<div style=\"height:0px\" aria-hidden=\"true\" class=\"wp-block-spacer wp-container-content-9760934e\"><\/div>\n\n\n\n<h3 class=\"wp-block-heading\" id=\"h-contactgegevens\"><strong>Contactgegevens<\/strong><\/h3>\n\n\n\n<ul class=\"wp-block-list\">\n<li>Als u vragen hebt over dit DPF-Privacybeleid, kunt u per e-mail contact met ons opnemen via <a href=\"mailto:privacy@radancy.com\">privacy@radancy.com<\/a> of schrijven naar het volgende adres:<\/li>\n\n\n\n<li>TMP Worldwide Advertising &amp; Communications LLC d\/b\/a Radancy naar:<br>Jesse Hernandez<br>CIO<br>TMP Worldwide Advertising &amp; Communications LLC d\/b\/a Radancy<br>1 Battery Park Plaza #2710<br>New York, NY 10004-1405<br>United States<br>Email: <a href=\"mailto:privacy@radancy.com\">privacy@radancy.com<\/a><br>Telefoon: (646) 613-2000<\/li>\n<\/ul>\n\n\n\n<div style=\"height:0px\" aria-hidden=\"true\" class=\"wp-block-spacer wp-container-content-9760934e\"><\/div>\n\n\n\n<h3 class=\"wp-block-heading\" id=\"h-wijzigingen-in-het-privacybeleid\"><strong>Wijzigingen in het Privacybeleid<\/strong><\/h3>\n\n\n\n<p>Dit beleid kan van tijd tot tijd worden gewijzigd, in overeenstemming met de vereisten van het Data Privacy Framework. U kunt bovenaan deze pagina zien wanneer dit Beleid voor het laatst is herzien &nbsp;onder het kopje &#8220;LAATST BIJGEWERKT&#8221;. Wijzigingen in ons Beleid worden van kracht zodra we het herziene Beleid op de Website plaatsen.&nbsp; &nbsp;<\/p>\n\n\n\n<div style=\"height:0px\" aria-hidden=\"true\" class=\"wp-block-spacer wp-container-content-9760934e\"><\/div>\n\n\n\n<h3 class=\"wp-block-heading\" id=\"h-lijst-van-aangesloten-bedrijven\"><strong>Lijst van aangesloten bedrijven<\/strong><\/h3>\n\n\n\n<ul class=\"wp-block-list normal\">\n<li>AIA Holdings Limited<\/li>\n\n\n\n<li>Ascendify Corporation<\/li>\n\n\n\n<li>Associates in Advertising Limited<\/li>\n\n\n\n<li>Brazen Technologies, Inc.<\/li>\n\n\n\n<li>Carve Consulting London Limited<\/li>\n\n\n\n<li>CKR Group, Inc.<\/li>\n\n\n\n<li>firstbird GmbH<\/li>\n\n\n\n<li>firstbird Pty Limited<\/li>\n\n\n\n<li>Maximum Alliances B.V.<\/li>\n\n\n\n<li>People in Business Limited<\/li>\n\n\n\n<li>PJB Associes SAS<\/li>\n\n\n\n<li>TMP Government, LLC<\/li>\n\n\n\n<li>TMP Holdings Canada GP, LLC<\/li>\n\n\n\n<li>TMP Holdings Canada L.P.<\/li>\n\n\n\n<li>TMP Intellectual Property Holdings, LLC<\/li>\n\n\n\n<li>TMP Worldwide (Singapore) Advertising Pte Ltd.<\/li>\n\n\n\n<li>TMP Worldwide Advertising &amp; Communications (HK) Ltd.<\/li>\n\n\n\n<li>TMP Worldwide Advertising &amp; Communications Co.<\/li>\n\n\n\n<li>TMP Worldwide Advertising &amp; Communications, LLC<\/li>\n\n\n\n<li>TMP Worldwide Germany GmbH<\/li>\n\n\n\n<li>TMP Worldwide India Private Limited<\/li>\n\n\n\n<li>TMP Worldwide Publicidade Brasil Limitada<\/li>\n<\/ul>\n<\/div>\n\n\n\n<div style=\"height:40px\" aria-hidden=\"true\" class=\"wp-block-spacer\"><\/div>\n\n\n\n<div class=\"wp-block-group alignfull cta has-neutral-1-color has-primary-2-background-color has-text-color has-background has-global-padding is-layout-constrained wp-container-core-group-is-layout-86ad42c5 wp-block-group-is-layout-constrained\" style=\"margin-top:0px;margin-bottom:0px;padding-top:var(--wp--preset--spacing--30);padding-right:var(--wp--preset--spacing--30);padding-bottom:var(--wp--preset--spacing--30);padding-left:var(--wp--preset--spacing--30)\">\n<h3 class=\"wp-block-heading has-text-align-center has-copy-font-family\" id=\"h-neem-contact-op-om-je-wervingsresultaten-te-versnellen-en-roi-te-maximaliseren-met-een-ai-platform\">Neem contact op om je wervingsresultaten te versnellen en ROI te maximaliseren met \u00e9\u00e9n AI-platform.<\/h3>\n\n\n\n<div class=\"wp-block-buttons is-content-justification-center is-layout-flex wp-container-core-buttons-is-layout-a89b3969 wp-block-buttons-is-layout-flex\">\n<div class=\"wp-block-button\"><a class=\"wp-block-button__link wp-element-button\" href=\"https:\/\/www.radancy.com\/nl\/neem-contact-met-ons-op\/\">PLAN EEN DEMO<\/a><\/div>\n<\/div>\n<\/div>\n","protected":false},"excerpt":{"rendered":"<p>DATA PRIVACY FRAMEWORK PRIVACYBELEID Laatst bijgewerkt: 7 november 2024 TMP Worldwide Advertising &amp; Communications, LLC d\/b\/a Radancy in de Verenigde Staten (&#8220;Radancy VS&#8220;) heeft dit Data Privacy Framework Privacybeleid opgesteld <a class=\"more-link\" href=\"https:\/\/www.radancy.com\/nl\/data-privacy-framework-privacybeleid\/\">Read more&#8230;<\/a><\/p>\n","protected":false},"author":26,"featured_media":0,"parent":0,"menu_order":0,"comment_status":"closed","ping_status":"closed","template":"","meta":{"_acf_changed":false,"_EventAllDay":false,"_EventTimezone":"","_EventStartDate":"","_EventEndDate":"","_EventStartDateUTC":"","_EventEndDateUTC":"","_EventShowMap":false,"_EventShowMapLink":false,"_EventURL":"","_EventCost":"","_EventCostDescription":"","_EventCurrencySymbol":"","_EventCurrencyCode":"","_EventCurrencyPosition":"","_EventDateTimeSeparator":"","_EventTimeRangeSeparator":"","_EventOrganizerID":[],"_EventVenueID":[],"_OrganizerEmail":"","_OrganizerPhone":"","_OrganizerWebsite":"","_VenueAddress":"","_VenueCity":"","_VenueCountry":"","_VenueProvince":"","_VenueState":"","_VenueZip":"","_VenuePhone":"","_VenueURL":"","_VenueStateProvince":"","_VenueLat":"","_VenueLng":"","_VenueShowMap":false,"_VenueShowMapLink":false,"_tribe_blocks_recurrence_rules":"","_tribe_blocks_recurrence_description":"","_tribe_blocks_recurrence_exclusions":"","footnotes":""},"class_list":["post-18966","page","type-page","status-publish","hentry"],"acf":[],"yoast_head":"<!-- This site is optimized with the Yoast SEO Premium plugin v26.2 (Yoast SEO v27.4) - https:\/\/yoast.com\/product\/yoast-seo-premium-wordpress\/ -->\n<title>Data Privacy Framework Privacy Policy | Radancy<\/title>\n<meta name=\"robots\" content=\"index, follow, max-snippet:-1, max-image-preview:large, max-video-preview:-1\" \/>\n<link rel=\"canonical\" href=\"https:\/\/www.radancy.com\/nl\/data-privacy-framework-privacybeleid\/\" \/>\n<meta property=\"og:locale\" content=\"nl_NL\" \/>\n<meta property=\"og:type\" content=\"article\" \/>\n<meta property=\"og:title\" content=\"Data Privacy Policy | Radancy\" \/>\n<meta property=\"og:description\" content=\"Read Radancy&#039;s Data Privacy Policy here.\" \/>\n<meta property=\"og:url\" content=\"https:\/\/www.radancy.com\/nl\/data-privacy-framework-privacybeleid\/\" \/>\n<meta property=\"og:site_name\" content=\"Radancy\" \/>\n<meta property=\"article:publisher\" content=\"https:\/\/www.facebook.com\/radancy\" \/>\n<meta property=\"article:modified_time\" content=\"2025-06-19T09:14:36+00:00\" \/>\n<meta property=\"og:image\" content=\"https:\/\/www.radancy.com\/wp-content\/uploads\/2024\/03\/SocialCardGraphic-cloud-logo-1200x675-1-1024x576.png\" \/>\n<meta name=\"twitter:card\" content=\"summary_large_image\" \/>\n<meta name=\"twitter:title\" content=\"Data Privacy Framework Privacy Policy\" \/>\n<meta name=\"twitter:site\" content=\"@radancyco\" \/>\n<meta name=\"twitter:label1\" content=\"Geschatte leestijd\" \/>\n\t<meta name=\"twitter:data1\" content=\"7 minuten\" \/>\n<script type=\"application\/ld+json\" class=\"yoast-schema-graph\">{\"@context\":\"https:\\\/\\\/schema.org\",\"@graph\":[{\"@type\":\"WebPage\",\"@id\":\"https:\\\/\\\/www.radancy.com\\\/nl\\\/data-privacy-framework-privacybeleid\\\/\",\"url\":\"https:\\\/\\\/www.radancy.com\\\/nl\\\/data-privacy-framework-privacybeleid\\\/\",\"name\":\"Data Privacy Framework Privacy Policy | Radancy\",\"isPartOf\":{\"@id\":\"https:\\\/\\\/www.radancy.com\\\/nl\\\/#website\"},\"datePublished\":\"2024-11-07T15:11:18+00:00\",\"dateModified\":\"2025-06-19T09:14:36+00:00\",\"breadcrumb\":{\"@id\":\"https:\\\/\\\/www.radancy.com\\\/nl\\\/data-privacy-framework-privacybeleid\\\/#breadcrumb\"},\"inLanguage\":\"nl-NL\",\"potentialAction\":[{\"@type\":\"ReadAction\",\"target\":[\"https:\\\/\\\/www.radancy.com\\\/nl\\\/data-privacy-framework-privacybeleid\\\/\"]}]},{\"@type\":\"BreadcrumbList\",\"@id\":\"https:\\\/\\\/www.radancy.com\\\/nl\\\/data-privacy-framework-privacybeleid\\\/#breadcrumb\",\"itemListElement\":[{\"@type\":\"ListItem\",\"position\":1,\"name\":\"Home\",\"item\":\"https:\\\/\\\/www.radancy.com\\\/nl\\\/\"},{\"@type\":\"ListItem\",\"position\":2,\"name\":\"Data Privacy Framework Privacy Policy\"}]},{\"@type\":\"WebSite\",\"@id\":\"https:\\\/\\\/www.radancy.com\\\/nl\\\/#website\",\"url\":\"https:\\\/\\\/www.radancy.com\\\/nl\\\/\",\"name\":\"Radancy\",\"description\":\"Create Connections That Count.\",\"publisher\":{\"@id\":\"https:\\\/\\\/www.radancy.com\\\/nl\\\/#organization\"},\"potentialAction\":[{\"@type\":\"SearchAction\",\"target\":{\"@type\":\"EntryPoint\",\"urlTemplate\":\"https:\\\/\\\/www.radancy.com\\\/nl\\\/?s={search_term_string}\"},\"query-input\":{\"@type\":\"PropertyValueSpecification\",\"valueRequired\":true,\"valueName\":\"search_term_string\"}}],\"inLanguage\":\"nl-NL\"},{\"@type\":\"Organization\",\"@id\":\"https:\\\/\\\/www.radancy.com\\\/nl\\\/#organization\",\"name\":\"Radancy\",\"url\":\"https:\\\/\\\/www.radancy.com\\\/nl\\\/\",\"logo\":{\"@type\":\"ImageObject\",\"inLanguage\":\"nl-NL\",\"@id\":\"https:\\\/\\\/www.radancy.com\\\/nl\\\/#\\\/schema\\\/logo\\\/image\\\/\",\"url\":\"https:\\\/\\\/www.radancy.com\\\/wp-content\\\/uploads\\\/2024\\\/06\\\/Radancy_Icon_RGB.svg\",\"contentUrl\":\"https:\\\/\\\/www.radancy.com\\\/wp-content\\\/uploads\\\/2024\\\/06\\\/Radancy_Icon_RGB.svg\",\"width\":1,\"height\":1,\"caption\":\"Radancy\"},\"image\":{\"@id\":\"https:\\\/\\\/www.radancy.com\\\/nl\\\/#\\\/schema\\\/logo\\\/image\\\/\"},\"sameAs\":[\"https:\\\/\\\/www.facebook.com\\\/radancy\",\"https:\\\/\\\/x.com\\\/radancyco\",\"https:\\\/\\\/www.linkedin.com\\\/company\\\/radancy\\\/\",\"https:\\\/\\\/www.youtube.com\\\/Radancy\\\/videos\",\"https:\\\/\\\/www.instagram.com\\\/radancyco\"]}]}<\/script>\n<!-- \/ Yoast SEO Premium plugin. -->","yoast_head_json":{"title":"Data Privacy Framework Privacy Policy | Radancy","robots":{"index":"index","follow":"follow","max-snippet":"max-snippet:-1","max-image-preview":"max-image-preview:large","max-video-preview":"max-video-preview:-1"},"canonical":"https:\/\/www.radancy.com\/nl\/data-privacy-framework-privacybeleid\/","og_locale":"nl_NL","og_type":"article","og_title":"Data Privacy Policy | Radancy","og_description":"Read Radancy's Data Privacy Policy here.","og_url":"https:\/\/www.radancy.com\/nl\/data-privacy-framework-privacybeleid\/","og_site_name":"Radancy","article_publisher":"https:\/\/www.facebook.com\/radancy","article_modified_time":"2025-06-19T09:14:36+00:00","og_image":[{"url":"https:\/\/www.radancy.com\/wp-content\/uploads\/2024\/03\/SocialCardGraphic-cloud-logo-1200x675-1-1024x576.png","type":"","width":"","height":""}],"twitter_card":"summary_large_image","twitter_title":"Data Privacy Framework Privacy Policy","twitter_site":"@radancyco","twitter_misc":{"Geschatte leestijd":"7 minuten"},"schema":{"@context":"https:\/\/schema.org","@graph":[{"@type":"WebPage","@id":"https:\/\/www.radancy.com\/nl\/data-privacy-framework-privacybeleid\/","url":"https:\/\/www.radancy.com\/nl\/data-privacy-framework-privacybeleid\/","name":"Data Privacy Framework Privacy Policy | Radancy","isPartOf":{"@id":"https:\/\/www.radancy.com\/nl\/#website"},"datePublished":"2024-11-07T15:11:18+00:00","dateModified":"2025-06-19T09:14:36+00:00","breadcrumb":{"@id":"https:\/\/www.radancy.com\/nl\/data-privacy-framework-privacybeleid\/#breadcrumb"},"inLanguage":"nl-NL","potentialAction":[{"@type":"ReadAction","target":["https:\/\/www.radancy.com\/nl\/data-privacy-framework-privacybeleid\/"]}]},{"@type":"BreadcrumbList","@id":"https:\/\/www.radancy.com\/nl\/data-privacy-framework-privacybeleid\/#breadcrumb","itemListElement":[{"@type":"ListItem","position":1,"name":"Home","item":"https:\/\/www.radancy.com\/nl\/"},{"@type":"ListItem","position":2,"name":"Data Privacy Framework Privacy Policy"}]},{"@type":"WebSite","@id":"https:\/\/www.radancy.com\/nl\/#website","url":"https:\/\/www.radancy.com\/nl\/","name":"Radancy","description":"Create Connections That Count.","publisher":{"@id":"https:\/\/www.radancy.com\/nl\/#organization"},"potentialAction":[{"@type":"SearchAction","target":{"@type":"EntryPoint","urlTemplate":"https:\/\/www.radancy.com\/nl\/?s={search_term_string}"},"query-input":{"@type":"PropertyValueSpecification","valueRequired":true,"valueName":"search_term_string"}}],"inLanguage":"nl-NL"},{"@type":"Organization","@id":"https:\/\/www.radancy.com\/nl\/#organization","name":"Radancy","url":"https:\/\/www.radancy.com\/nl\/","logo":{"@type":"ImageObject","inLanguage":"nl-NL","@id":"https:\/\/www.radancy.com\/nl\/#\/schema\/logo\/image\/","url":"https:\/\/www.radancy.com\/wp-content\/uploads\/2024\/06\/Radancy_Icon_RGB.svg","contentUrl":"https:\/\/www.radancy.com\/wp-content\/uploads\/2024\/06\/Radancy_Icon_RGB.svg","width":1,"height":1,"caption":"Radancy"},"image":{"@id":"https:\/\/www.radancy.com\/nl\/#\/schema\/logo\/image\/"},"sameAs":["https:\/\/www.facebook.com\/radancy","https:\/\/x.com\/radancyco","https:\/\/www.linkedin.com\/company\/radancy\/","https:\/\/www.youtube.com\/Radancy\/videos","https:\/\/www.instagram.com\/radancyco"]}]}},"_links":{"self":[{"href":"https:\/\/www.radancy.com\/nl\/wp-json\/wp\/v2\/pages\/18966","targetHints":{"allow":["GET"]}}],"collection":[{"href":"https:\/\/www.radancy.com\/nl\/wp-json\/wp\/v2\/pages"}],"about":[{"href":"https:\/\/www.radancy.com\/nl\/wp-json\/wp\/v2\/types\/page"}],"author":[{"embeddable":true,"href":"https:\/\/www.radancy.com\/nl\/wp-json\/wp\/v2\/users\/26"}],"replies":[{"embeddable":true,"href":"https:\/\/www.radancy.com\/nl\/wp-json\/wp\/v2\/comments?post=18966"}],"version-history":[{"count":0,"href":"https:\/\/www.radancy.com\/nl\/wp-json\/wp\/v2\/pages\/18966\/revisions"}],"wp:attachment":[{"href":"https:\/\/www.radancy.com\/nl\/wp-json\/wp\/v2\/media?parent=18966"}],"curies":[{"name":"wp","href":"https:\/\/api.w.org\/{rel}","templated":true}]}}