{"id":22485,"date":"2025-09-09T10:58:13","date_gmt":"2025-09-09T10:58:13","guid":{"rendered":"https:\/\/www.radancy.com\/?page_id=22485"},"modified":"2025-09-09T13:07:07","modified_gmt":"2025-09-09T13:07:07","slug":"radancy-etend-sa-plateforme-dintelligence-artificielle-pour-un-recrutement-plus-rapide-plus-intelligent-et-a-moindre-cout-grace-a-lia-agentique-myinterview","status":"publish","type":"page","link":"https:\/\/www.radancy.com\/fr\/radancy-etend-sa-plateforme-dintelligence-artificielle-pour-un-recrutement-plus-rapide-plus-intelligent-et-a-moindre-cout-grace-a-lia-agentique-myinterview\/","title":{"rendered":"Radancy \u00e9tend sa plateforme d\u2019intelligence artificielle pour un recrutement plus rapide, plus intelligent et \u00e0 moindre co\u00fbt gr\u00e2ce \u00e0 l\u2019IA agentique"},"content":{"rendered":"\n<div class=\"wp-block-group alignfull title-bar has-neutral-1-color has-primary-3-background-color has-text-color has-background is-vertical is-content-justification-center is-layout-flex wp-container-core-group-is-layout-95c46550 wp-block-group-is-layout-flex\" style=\"margin-top:0;margin-bottom:60px;padding-top:35px;padding-right:35px;padding-bottom:35px;padding-left:35px\">\n<h2 class=\"wp-block-heading has-accent-font-family has-headline-smallest-font-size\" id=\"h-message-de-notre-pdg\" style=\"margin-top:0;margin-bottom:0;font-style:normal;font-weight:400\">Message de notre PDG<\/h2>\n<\/div>\n\n\n\n<div class=\"wp-block-group has-global-padding is-layout-constrained wp-block-group-is-layout-constrained\">\n<div class=\"wp-block-group is-vertical is-layout-flex wp-container-core-group-is-layout-fe9cc265 wp-block-group-is-layout-flex\">\n<h2 class=\"wp-block-heading has-primary-1-color has-text-color has-link-color has-headline-small-font-size wp-elements-cdca6f57ed81ec4a89447242e4e7517a\" id=\"h-radancy-etend-sa-plateforme-d-intelligence-artificielle-pour-un-recrutement-plus-rapide-plus-intelligent-et-a-moindre-cout-grace-a-l-ia-agentique\">Radancy \u00e9tend sa plateforme d\u2019intelligence artificielle pour un recrutement plus rapide, plus intelligent et \u00e0 moindre co\u00fbt gr\u00e2ce \u00e0 l\u2019IA agentique<\/h2>\n<\/div>\n\n\n\n<div class=\"wp-block-columns is-layout-flex wp-container-core-columns-is-layout-28f84493 wp-block-columns-is-layout-flex\">\n<div class=\"wp-block-column is-layout-flow wp-block-column-is-layout-flow\" style=\"flex-basis:33.33%\">\n<figure class=\"wp-block-image size-full\"><img loading=\"lazy\" decoding=\"async\" width=\"445\" height=\"300\" src=\"https:\/\/www.radancy.com\/wp-content\/uploads\/2024\/09\/michelle-abbey-2.jpg\" alt=\"\" class=\"wp-image-17377\" srcset=\"https:\/\/www.radancy.com\/wp-content\/uploads\/2024\/09\/michelle-abbey-2.jpg 445w, https:\/\/www.radancy.com\/wp-content\/uploads\/2024\/09\/michelle-abbey-2-300x202.jpg 300w\" sizes=\"auto, (max-width: 445px) 100vw, 445px\" \/><\/figure>\n\n\n\n<p>Michelle Abbey <br>President and CEO, Radancy<\/p>\n<\/div>\n\n\n\n<div class=\"wp-block-column is-layout-flow wp-container-core-column-is-layout-343acf9e wp-block-column-is-layout-flow\" style=\"flex-basis:66.66%\">\n<div class=\"wp-block-group is-vertical is-layout-flex wp-container-core-group-is-layout-afe85e8d wp-block-group-is-layout-flex\">\n<p>Aujourd\u2019hui, je suis fi\u00e8re d\u2019annoncer que Radancy a acquis myInterview \u2013\u202fun investissement strat\u00e9gique qui renforce le Radancy Talent Acquisition Cloud avec de puissants agents IA pour les candidats et les recruteurs. Ces nouvelles capacit\u00e9s acc\u00e9l\u00e8rent les cycles de recrutement, r\u00e9duisent les co\u00fbts et permettent aux entreprises d\u2019attirer les meilleurs talents avec une rapidit\u00e9 et une pr\u00e9cision in\u00e9gal\u00e9es. <\/p>\n\n\n\n<p>S\u2019appuyant sur le lancement de notre IA agentique, cette \u00e9volution \u00e9tend notre plateforme au-del\u00e0 du parcours candidat pour r\u00e9pondre aux d\u00e9fis les plus urgents des recruteurs\u202f: volumes massifs de candidatures, engagement personnalis\u00e9 \u00e0 grande \u00e9chelle, abandon des candidats, et t\u00e2ches chronophages telles que la coordination, la planification, le feedback et l\u2019onboarding.<\/p>\n\n\n\n<p>Notre plateforme d\u2019IA est con\u00e7ue pour s\u2019int\u00e9grer de mani\u00e8re transparente \u00e0 tous les ATS, \u00e0 Microsoft Teams et \u00e0 d\u2019autres outils de workflow, renfor\u00e7ant ainsi les capacit\u00e9s des recruteurs directement dans les syst\u00e8mes qu\u2019ils utilisent d\u00e9j\u00e0. Le r\u00e9sultat\u202f: une collaboration plus rapide, une efficacit\u00e9 accrue et une exp\u00e9rience fluide pour les candidats comme pour les \u00e9quipes de recrutement. <\/p>\n\n\n\n<p>Aliment\u00e9e par l\u2019IA agentique, notre plateforme supprime les t\u00e2ches r\u00e9p\u00e9titives dans le cadre de recrutements pour des postes qualifi\u00e9s et \u00e0 fort volume. Les agents conversationnels IA interagissent avec les candidats par texte, voix ou vid\u00e9o, aidant les employeurs \u00e0 identifier, pr\u00e9s\u00e9lectionner, planifier, \u00e9valuer et onboarder les talents plus efficacement, tout en r\u00e9duisant les d\u00e9lais et les co\u00fbts de recrutement. L\u2019innovation \u00e9prouv\u00e9e de myInterview a d\u00e9j\u00e0 eu un impact remarquable\u202f: plus de 90\u202f% de t\u00e2ches manuelles en moins et une r\u00e9duction de plus de 70\u202f% du temps de recrutement.  <\/p>\n\n\n\n<p>Comme l\u2019a r\u00e9cemment soulign\u00e9 Josh Bersin\u202f: \u00ab\u202fLe recrutement aliment\u00e9 par l\u2019IA est d\u00e9sormais devenu la norme. myInterview offre \u00e0 Radancy une solution IA de pointe incluant la pr\u00e9s\u00e9lection, la planification des entretiens, les entretiens vid\u00e9o et le support candidat. Alors que de nombreux fournisseurs arrivent sur le march\u00e9, les grandes entreprises ont besoin de ce type de solution int\u00e9gr\u00e9e de mani\u00e8re native pour couvrir l\u2019ensemble du cycle d\u2019acquisition de talents.\u202f\u00bb<\/p>\n\n\n\n<p>Nous ouvrons une nouvelle \u00e8re o\u00f9 l\u2019IA \u00e9limine les inefficacit\u00e9s, am\u00e9liore les r\u00e9sultats de recrutement et lib\u00e8re les \u00e9quipes RH pour qu\u2019elles se concentrent sur l\u2019essentiel\u202f: cr\u00e9er des connexions humaines porteuses de valeur pour l\u2019entreprise. Avec une IA responsable au c\u0153ur de notre approche \u2013\u202fincluant des garde-fous contre les biais et un engagement en faveur de d\u00e9cisions centr\u00e9es sur l\u2019humain\u202f\u2013 nous \u00e9tablissons un nouveau standard pour le recrutement. <\/p>\n\n\n\n<p>Ensemble, avec myInterview, nous offrons l\u2019exp\u00e9rience de recrutement par IA la plus puissante du march\u00e9, du premier contact au recrutement. Alors que le leadership de Radancy dans les technologies d\u2019acquisition de talents continue de cro\u00eetre, notre engagement \u00e0 aider les organisations \u00e0 construire les \u00e9quipes de demain se renforce.  Nous sommes fiers de ce que nous avons construit, et encore plus enthousiastes \u00e0 l\u2019id\u00e9e de ce que nos clients vont accomplir avec cette solution.<\/p>\n<\/div>\n\n\n\n<div class=\"wp-block-group is-vertical is-content-justification-stretch is-layout-flex wp-container-core-group-is-layout-db4209bd wp-block-group-is-layout-flex\">\n<p><a href=\"https:\/\/www.radancy.com\/fr\/presentation-de-la-plateforme\/\">En savoir plus<\/a> sur le Radancy Talent Acquisition Cloud.<\/p>\n<\/div>\n\n\n\n<figure class=\"wp-block-video fancybox js-bottom-hero-img hero__asset drop-shadow home-header-bottom animated fadeInLeft delay-100ms\"><video height=\"1080\" style=\"aspect-ratio: 1920 \/ 1080;\" width=\"1920\" muted poster=\"https:\/\/www.radancy.com\/wp-content\/uploads\/2025\/09\/VideoThumbnail-PlayButton-FR.png\" preload=\"auto\" src=\"https:\/\/www.radancy.com\/wp-content\/uploads\/2025\/09\/145577_AnnouncementVideo-FR_v1-web.mp4\"><track src=\"https:\/\/www.radancy.com\/wp-content\/uploads\/2025\/09\/145577_Radancy_Project-Hire-Video_FR.vtt\" label=\"French\" srclang=\"fr\" kind=\"metadata\"\/><\/video><\/figure>\n<\/div>\n<\/div>\n<\/div>\n\n\n\n<div style=\"height:40px\" aria-hidden=\"true\" class=\"wp-block-spacer\"><\/div>\n\n\n\n<div class=\"wp-block-group alignfull cta has-neutral-1-color has-primary-2-background-color has-text-color has-background has-global-padding is-layout-constrained wp-container-core-group-is-layout-86ad42c5 wp-block-group-is-layout-constrained\" style=\"margin-top:0px;margin-bottom:0px;padding-top:var(--wp--preset--spacing--30);padding-right:var(--wp--preset--spacing--30);padding-bottom:var(--wp--preset--spacing--30);padding-left:var(--wp--preset--spacing--30)\">\n<h3 class=\"wp-block-heading has-text-align-center has-copy-font-family\" id=\"h-contactez-nous-pour-accelerer-vos-recrutements-et-maximiser-votre-retour-sur-investissement-grace-a-une-plateforme-d-ia-unifiee\">Contactez-nous pour acc\u00e9l\u00e9rer vos recrutements et maximiser votre retour sur investissement gr\u00e2ce \u00e0 une plateforme d\u2019IA unifi\u00e9e.<\/h3>\n\n\n\n<div class=\"wp-block-buttons is-content-justification-center is-layout-flex wp-container-core-buttons-is-layout-a89b3969 wp-block-buttons-is-layout-flex\">\n<div class=\"wp-block-button\"><a class=\"wp-block-button__link wp-element-button\" href=\"https:\/\/www.radancy.com\/fr\/nous-contacter\/\">DEMANDER UNE D\u00c9MO<\/a><\/div>\n<\/div>\n<\/div>\n","protected":false},"excerpt":{"rendered":"<p>Message de notre PDG Radancy \u00e9tend sa plateforme d\u2019intelligence artificielle pour un recrutement plus rapide, plus intelligent et \u00e0 moindre co\u00fbt gr\u00e2ce \u00e0 l\u2019IA agentique Michelle Abbey President and CEO, <a class=\"more-link\" href=\"https:\/\/www.radancy.com\/fr\/radancy-etend-sa-plateforme-dintelligence-artificielle-pour-un-recrutement-plus-rapide-plus-intelligent-et-a-moindre-cout-grace-a-lia-agentique-myinterview\/\">Read more&#8230;<\/a><\/p>\n","protected":false},"author":1,"featured_media":0,"parent":0,"menu_order":0,"comment_status":"closed","ping_status":"closed","template":"","meta":{"_acf_changed":false,"_EventAllDay":false,"_EventTimezone":"","_EventStartDate":"","_EventEndDate":"","_EventStartDateUTC":"","_EventEndDateUTC":"","_EventShowMap":false,"_EventShowMapLink":false,"_EventURL":"","_EventCost":"","_EventCostDescription":"","_EventCurrencySymbol":"","_EventCurrencyCode":"","_EventCurrencyPosition":"","_EventDateTimeSeparator":"","_EventTimeRangeSeparator":"","_EventOrganizerID":[],"_EventVenueID":[],"_OrganizerEmail":"","_OrganizerPhone":"","_OrganizerWebsite":"","_VenueAddress":"","_VenueCity":"","_VenueCountry":"","_VenueProvince":"","_VenueState":"","_VenueZip":"","_VenuePhone":"","_VenueURL":"","_VenueStateProvince":"","_VenueLat":"","_VenueLng":"","_VenueShowMap":false,"_VenueShowMapLink":false,"_tribe_blocks_recurrence_rules":"","_tribe_blocks_recurrence_description":"","_tribe_blocks_recurrence_exclusions":"","footnotes":""},"class_list":["post-22485","page","type-page","status-publish","hentry"],"acf":[],"yoast_head":"<!-- This site is optimized with the Yoast SEO Premium plugin v26.2 (Yoast SEO v27.5) - https:\/\/yoast.com\/product\/yoast-seo-premium-wordpress\/ -->\n<title>Radancy Extends AI Platform with myInterview | Radancy<\/title>\n<meta name=\"description\" content=\"myInterview is now part of the Radancy Talent Acquisition Cloud. Find out more.\" \/>\n<meta name=\"robots\" content=\"index, follow, max-snippet:-1, max-image-preview:large, max-video-preview:-1\" \/>\n<link rel=\"canonical\" href=\"https:\/\/www.radancy.com\/fr\/radancy-etend-sa-plateforme-dintelligence-artificielle-pour-un-recrutement-plus-rapide-plus-intelligent-et-a-moindre-cout-grace-a-lia-agentique-myinterview\/\" \/>\n<meta property=\"og:locale\" content=\"fr_FR\" \/>\n<meta property=\"og:type\" content=\"article\" \/>\n<meta property=\"og:title\" content=\"Radancy Extends AI Platform with myInterview | Radancy\" \/>\n<meta property=\"og:description\" content=\"myInterview is now part of the Radancy Talent Acquisition Cloud. Find out more.\" \/>\n<meta property=\"og:url\" content=\"https:\/\/www.radancy.com\/fr\/radancy-etend-sa-plateforme-dintelligence-artificielle-pour-un-recrutement-plus-rapide-plus-intelligent-et-a-moindre-cout-grace-a-lia-agentique-myinterview\/\" \/>\n<meta property=\"og:site_name\" content=\"Radancy\" \/>\n<meta property=\"article:publisher\" content=\"https:\/\/www.facebook.com\/radancy\" \/>\n<meta property=\"article:modified_time\" content=\"2025-09-09T13:07:07+00:00\" \/>\n<meta property=\"og:image\" content=\"https:\/\/www.radancy.com\/wp-content\/uploads\/2024\/09\/michelle-abbey-2.jpg\" \/>\n\t<meta property=\"og:image:width\" content=\"445\" \/>\n\t<meta property=\"og:image:height\" content=\"300\" \/>\n\t<meta property=\"og:image:type\" content=\"image\/jpeg\" \/>\n<meta name=\"twitter:card\" content=\"summary_large_image\" \/>\n<meta name=\"twitter:title\" content=\"Radancy \u00e9tend sa plateforme d\u2019intelligence artificielle pour un recrutement plus rapide, plus intelligent et \u00e0 moindre co\u00fbt gr\u00e2ce \u00e0 l\u2019IA agentique\" \/>\n<meta name=\"twitter:site\" content=\"@radancyco\" \/>\n<meta name=\"twitter:label1\" content=\"Dur\u00e9e de lecture estim\u00e9e\" \/>\n\t<meta name=\"twitter:data1\" content=\"5 minutes\" \/>\n<script type=\"application\/ld+json\" class=\"yoast-schema-graph\">{\"@context\":\"https:\\\/\\\/schema.org\",\"@graph\":[{\"@type\":\"WebPage\",\"@id\":\"https:\\\/\\\/www.radancy.com\\\/fr\\\/radancy-etend-sa-plateforme-dintelligence-artificielle-pour-un-recrutement-plus-rapide-plus-intelligent-et-a-moindre-cout-grace-a-lia-agentique-myinterview\\\/\",\"url\":\"https:\\\/\\\/www.radancy.com\\\/fr\\\/radancy-etend-sa-plateforme-dintelligence-artificielle-pour-un-recrutement-plus-rapide-plus-intelligent-et-a-moindre-cout-grace-a-lia-agentique-myinterview\\\/\",\"name\":\"Radancy Extends AI Platform with myInterview | Radancy\",\"isPartOf\":{\"@id\":\"https:\\\/\\\/www.radancy.com\\\/fr\\\/#website\"},\"primaryImageOfPage\":{\"@id\":\"https:\\\/\\\/www.radancy.com\\\/fr\\\/radancy-etend-sa-plateforme-dintelligence-artificielle-pour-un-recrutement-plus-rapide-plus-intelligent-et-a-moindre-cout-grace-a-lia-agentique-myinterview\\\/#primaryimage\"},\"image\":{\"@id\":\"https:\\\/\\\/www.radancy.com\\\/fr\\\/radancy-etend-sa-plateforme-dintelligence-artificielle-pour-un-recrutement-plus-rapide-plus-intelligent-et-a-moindre-cout-grace-a-lia-agentique-myinterview\\\/#primaryimage\"},\"thumbnailUrl\":\"https:\\\/\\\/www.radancy.com\\\/wp-content\\\/uploads\\\/2024\\\/09\\\/michelle-abbey-2.jpg\",\"datePublished\":\"2025-09-09T10:58:13+00:00\",\"dateModified\":\"2025-09-09T13:07:07+00:00\",\"description\":\"myInterview is now part of the Radancy Talent Acquisition Cloud. Find out more.\",\"breadcrumb\":{\"@id\":\"https:\\\/\\\/www.radancy.com\\\/fr\\\/radancy-etend-sa-plateforme-dintelligence-artificielle-pour-un-recrutement-plus-rapide-plus-intelligent-et-a-moindre-cout-grace-a-lia-agentique-myinterview\\\/#breadcrumb\"},\"inLanguage\":\"fr-FR\",\"potentialAction\":[{\"@type\":\"ReadAction\",\"target\":[\"https:\\\/\\\/www.radancy.com\\\/fr\\\/radancy-etend-sa-plateforme-dintelligence-artificielle-pour-un-recrutement-plus-rapide-plus-intelligent-et-a-moindre-cout-grace-a-lia-agentique-myinterview\\\/\"]}]},{\"@type\":\"ImageObject\",\"inLanguage\":\"fr-FR\",\"@id\":\"https:\\\/\\\/www.radancy.com\\\/fr\\\/radancy-etend-sa-plateforme-dintelligence-artificielle-pour-un-recrutement-plus-rapide-plus-intelligent-et-a-moindre-cout-grace-a-lia-agentique-myinterview\\\/#primaryimage\",\"url\":\"https:\\\/\\\/www.radancy.com\\\/wp-content\\\/uploads\\\/2024\\\/09\\\/michelle-abbey-2.jpg\",\"contentUrl\":\"https:\\\/\\\/www.radancy.com\\\/wp-content\\\/uploads\\\/2024\\\/09\\\/michelle-abbey-2.jpg\"},{\"@type\":\"BreadcrumbList\",\"@id\":\"https:\\\/\\\/www.radancy.com\\\/fr\\\/radancy-etend-sa-plateforme-dintelligence-artificielle-pour-un-recrutement-plus-rapide-plus-intelligent-et-a-moindre-cout-grace-a-lia-agentique-myinterview\\\/#breadcrumb\",\"itemListElement\":[{\"@type\":\"ListItem\",\"position\":1,\"name\":\"Home\",\"item\":\"https:\\\/\\\/www.radancy.com\\\/fr\\\/\"},{\"@type\":\"ListItem\",\"position\":2,\"name\":\"Radancy \u00e9tend sa plateforme d\u2019intelligence artificielle pour un recrutement plus rapide, plus intelligent et \u00e0 moindre co\u00fbt gr\u00e2ce \u00e0 l\u2019IA agentique\"}]},{\"@type\":\"WebSite\",\"@id\":\"https:\\\/\\\/www.radancy.com\\\/fr\\\/#website\",\"url\":\"https:\\\/\\\/www.radancy.com\\\/fr\\\/\",\"name\":\"Radancy\",\"description\":\"Create Connections That Count.\",\"publisher\":{\"@id\":\"https:\\\/\\\/www.radancy.com\\\/fr\\\/#organization\"},\"potentialAction\":[{\"@type\":\"SearchAction\",\"target\":{\"@type\":\"EntryPoint\",\"urlTemplate\":\"https:\\\/\\\/www.radancy.com\\\/fr\\\/?s={search_term_string}\"},\"query-input\":{\"@type\":\"PropertyValueSpecification\",\"valueRequired\":true,\"valueName\":\"search_term_string\"}}],\"inLanguage\":\"fr-FR\"},{\"@type\":\"Organization\",\"@id\":\"https:\\\/\\\/www.radancy.com\\\/fr\\\/#organization\",\"name\":\"Radancy\",\"url\":\"https:\\\/\\\/www.radancy.com\\\/fr\\\/\",\"logo\":{\"@type\":\"ImageObject\",\"inLanguage\":\"fr-FR\",\"@id\":\"https:\\\/\\\/www.radancy.com\\\/fr\\\/#\\\/schema\\\/logo\\\/image\\\/\",\"url\":\"https:\\\/\\\/www.radancy.com\\\/wp-content\\\/uploads\\\/2024\\\/06\\\/Radancy_Icon_RGB.svg\",\"contentUrl\":\"https:\\\/\\\/www.radancy.com\\\/wp-content\\\/uploads\\\/2024\\\/06\\\/Radancy_Icon_RGB.svg\",\"width\":1,\"height\":1,\"caption\":\"Radancy\"},\"image\":{\"@id\":\"https:\\\/\\\/www.radancy.com\\\/fr\\\/#\\\/schema\\\/logo\\\/image\\\/\"},\"sameAs\":[\"https:\\\/\\\/www.facebook.com\\\/radancy\",\"https:\\\/\\\/x.com\\\/radancyco\",\"https:\\\/\\\/www.linkedin.com\\\/company\\\/radancy\\\/\",\"https:\\\/\\\/www.youtube.com\\\/Radancy\\\/videos\",\"https:\\\/\\\/www.instagram.com\\\/radancyco\"]}]}<\/script>\n<!-- \/ Yoast SEO Premium plugin. -->","yoast_head_json":{"title":"Radancy Extends AI Platform with myInterview | Radancy","description":"myInterview is now part of the Radancy Talent Acquisition Cloud. Find out more.","robots":{"index":"index","follow":"follow","max-snippet":"max-snippet:-1","max-image-preview":"max-image-preview:large","max-video-preview":"max-video-preview:-1"},"canonical":"https:\/\/www.radancy.com\/fr\/radancy-etend-sa-plateforme-dintelligence-artificielle-pour-un-recrutement-plus-rapide-plus-intelligent-et-a-moindre-cout-grace-a-lia-agentique-myinterview\/","og_locale":"fr_FR","og_type":"article","og_title":"Radancy Extends AI Platform with myInterview | Radancy","og_description":"myInterview is now part of the Radancy Talent Acquisition Cloud. Find out more.","og_url":"https:\/\/www.radancy.com\/fr\/radancy-etend-sa-plateforme-dintelligence-artificielle-pour-un-recrutement-plus-rapide-plus-intelligent-et-a-moindre-cout-grace-a-lia-agentique-myinterview\/","og_site_name":"Radancy","article_publisher":"https:\/\/www.facebook.com\/radancy","article_modified_time":"2025-09-09T13:07:07+00:00","og_image":[{"width":445,"height":300,"url":"https:\/\/www.radancy.com\/wp-content\/uploads\/2024\/09\/michelle-abbey-2.jpg","type":"image\/jpeg"}],"twitter_card":"summary_large_image","twitter_title":"Radancy \u00e9tend sa plateforme d\u2019intelligence artificielle pour un recrutement plus rapide, plus intelligent et \u00e0 moindre co\u00fbt gr\u00e2ce \u00e0 l\u2019IA agentique","twitter_site":"@radancyco","twitter_misc":{"Dur\u00e9e de lecture estim\u00e9e":"5 minutes"},"schema":{"@context":"https:\/\/schema.org","@graph":[{"@type":"WebPage","@id":"https:\/\/www.radancy.com\/fr\/radancy-etend-sa-plateforme-dintelligence-artificielle-pour-un-recrutement-plus-rapide-plus-intelligent-et-a-moindre-cout-grace-a-lia-agentique-myinterview\/","url":"https:\/\/www.radancy.com\/fr\/radancy-etend-sa-plateforme-dintelligence-artificielle-pour-un-recrutement-plus-rapide-plus-intelligent-et-a-moindre-cout-grace-a-lia-agentique-myinterview\/","name":"Radancy Extends AI Platform with myInterview | Radancy","isPartOf":{"@id":"https:\/\/www.radancy.com\/fr\/#website"},"primaryImageOfPage":{"@id":"https:\/\/www.radancy.com\/fr\/radancy-etend-sa-plateforme-dintelligence-artificielle-pour-un-recrutement-plus-rapide-plus-intelligent-et-a-moindre-cout-grace-a-lia-agentique-myinterview\/#primaryimage"},"image":{"@id":"https:\/\/www.radancy.com\/fr\/radancy-etend-sa-plateforme-dintelligence-artificielle-pour-un-recrutement-plus-rapide-plus-intelligent-et-a-moindre-cout-grace-a-lia-agentique-myinterview\/#primaryimage"},"thumbnailUrl":"https:\/\/www.radancy.com\/wp-content\/uploads\/2024\/09\/michelle-abbey-2.jpg","datePublished":"2025-09-09T10:58:13+00:00","dateModified":"2025-09-09T13:07:07+00:00","description":"myInterview is now part of the Radancy Talent Acquisition Cloud. Find out more.","breadcrumb":{"@id":"https:\/\/www.radancy.com\/fr\/radancy-etend-sa-plateforme-dintelligence-artificielle-pour-un-recrutement-plus-rapide-plus-intelligent-et-a-moindre-cout-grace-a-lia-agentique-myinterview\/#breadcrumb"},"inLanguage":"fr-FR","potentialAction":[{"@type":"ReadAction","target":["https:\/\/www.radancy.com\/fr\/radancy-etend-sa-plateforme-dintelligence-artificielle-pour-un-recrutement-plus-rapide-plus-intelligent-et-a-moindre-cout-grace-a-lia-agentique-myinterview\/"]}]},{"@type":"ImageObject","inLanguage":"fr-FR","@id":"https:\/\/www.radancy.com\/fr\/radancy-etend-sa-plateforme-dintelligence-artificielle-pour-un-recrutement-plus-rapide-plus-intelligent-et-a-moindre-cout-grace-a-lia-agentique-myinterview\/#primaryimage","url":"https:\/\/www.radancy.com\/wp-content\/uploads\/2024\/09\/michelle-abbey-2.jpg","contentUrl":"https:\/\/www.radancy.com\/wp-content\/uploads\/2024\/09\/michelle-abbey-2.jpg"},{"@type":"BreadcrumbList","@id":"https:\/\/www.radancy.com\/fr\/radancy-etend-sa-plateforme-dintelligence-artificielle-pour-un-recrutement-plus-rapide-plus-intelligent-et-a-moindre-cout-grace-a-lia-agentique-myinterview\/#breadcrumb","itemListElement":[{"@type":"ListItem","position":1,"name":"Home","item":"https:\/\/www.radancy.com\/fr\/"},{"@type":"ListItem","position":2,"name":"Radancy \u00e9tend sa plateforme d\u2019intelligence artificielle pour un recrutement plus rapide, plus intelligent et \u00e0 moindre co\u00fbt gr\u00e2ce \u00e0 l\u2019IA agentique"}]},{"@type":"WebSite","@id":"https:\/\/www.radancy.com\/fr\/#website","url":"https:\/\/www.radancy.com\/fr\/","name":"Radancy","description":"Create Connections That Count.","publisher":{"@id":"https:\/\/www.radancy.com\/fr\/#organization"},"potentialAction":[{"@type":"SearchAction","target":{"@type":"EntryPoint","urlTemplate":"https:\/\/www.radancy.com\/fr\/?s={search_term_string}"},"query-input":{"@type":"PropertyValueSpecification","valueRequired":true,"valueName":"search_term_string"}}],"inLanguage":"fr-FR"},{"@type":"Organization","@id":"https:\/\/www.radancy.com\/fr\/#organization","name":"Radancy","url":"https:\/\/www.radancy.com\/fr\/","logo":{"@type":"ImageObject","inLanguage":"fr-FR","@id":"https:\/\/www.radancy.com\/fr\/#\/schema\/logo\/image\/","url":"https:\/\/www.radancy.com\/wp-content\/uploads\/2024\/06\/Radancy_Icon_RGB.svg","contentUrl":"https:\/\/www.radancy.com\/wp-content\/uploads\/2024\/06\/Radancy_Icon_RGB.svg","width":1,"height":1,"caption":"Radancy"},"image":{"@id":"https:\/\/www.radancy.com\/fr\/#\/schema\/logo\/image\/"},"sameAs":["https:\/\/www.facebook.com\/radancy","https:\/\/x.com\/radancyco","https:\/\/www.linkedin.com\/company\/radancy\/","https:\/\/www.youtube.com\/Radancy\/videos","https:\/\/www.instagram.com\/radancyco"]}]}},"_links":{"self":[{"href":"https:\/\/www.radancy.com\/fr\/wp-json\/wp\/v2\/pages\/22485","targetHints":{"allow":["GET"]}}],"collection":[{"href":"https:\/\/www.radancy.com\/fr\/wp-json\/wp\/v2\/pages"}],"about":[{"href":"https:\/\/www.radancy.com\/fr\/wp-json\/wp\/v2\/types\/page"}],"author":[{"embeddable":true,"href":"https:\/\/www.radancy.com\/fr\/wp-json\/wp\/v2\/users\/1"}],"replies":[{"embeddable":true,"href":"https:\/\/www.radancy.com\/fr\/wp-json\/wp\/v2\/comments?post=22485"}],"version-history":[{"count":0,"href":"https:\/\/www.radancy.com\/fr\/wp-json\/wp\/v2\/pages\/22485\/revisions"}],"wp:attachment":[{"href":"https:\/\/www.radancy.com\/fr\/wp-json\/wp\/v2\/media?parent=22485"}],"curies":[{"name":"wp","href":"https:\/\/api.w.org\/{rel}","templated":true}]}}