{"id":20388,"date":"2025-07-15T10:28:04","date_gmt":"2025-07-15T10:28:04","guid":{"rendered":"https:\/\/www.radancy.com\/?page_id=20388"},"modified":"2025-07-15T12:51:33","modified_gmt":"2025-07-15T12:51:33","slug":"la-nouvelle-evolution-du-radancy-talent-acquisition-cloud-redefinir-le-recrutement-mondial-avec-lia-agentique","status":"publish","type":"page","link":"https:\/\/www.radancy.com\/fr\/la-nouvelle-evolution-du-radancy-talent-acquisition-cloud-redefinir-le-recrutement-mondial-avec-lia-agentique\/","title":{"rendered":"La nouvelle \u00e9volution du Radancy Talent Acquisition Cloud \u2013 Red\u00e9finir le recrutement mondial avec l\u2019IA agentique"},"content":{"rendered":"\n<div class=\"wp-block-group alignfull title-bar has-neutral-1-color has-primary-3-background-color has-text-color has-background is-vertical is-content-justification-center is-layout-flex wp-container-core-group-is-layout-95c46550 wp-block-group-is-layout-flex\" style=\"margin-top:0;margin-bottom:60px;padding-top:35px;padding-right:35px;padding-bottom:35px;padding-left:35px\">\n<h2 class=\"wp-block-heading has-accent-font-family has-headline-smallest-font-size\" id=\"h-message-de-la-pdg\" style=\"margin-top:0;margin-bottom:0;font-style:normal;font-weight:400\">Message de la PDG<\/h2>\n<\/div>\n\n\n\n<div class=\"wp-block-group has-global-padding is-layout-constrained wp-block-group-is-layout-constrained\">\n<div class=\"wp-block-group is-vertical is-layout-flex wp-container-core-group-is-layout-fe9cc265 wp-block-group-is-layout-flex\">\n<h2 class=\"wp-block-heading has-primary-1-color has-text-color has-link-color has-headline-small-font-size wp-elements-0a550ec70fe9555be6c560a4ac5c0215\" id=\"h-la-nouvelle-evolution-du-radancy-talent-acquisition-cloud-redefinir-le-recrutement-mondial-avec-l-ia-agentique\">La nouvelle \u00e9volution du Radancy Talent Acquisition Cloud \u2013 Red\u00e9finir le recrutement mondial avec l\u2019IA agentique<\/h2>\n<\/div>\n\n\n\n<div class=\"wp-block-columns is-layout-flex wp-container-core-columns-is-layout-28f84493 wp-block-columns-is-layout-flex\">\n<div class=\"wp-block-column is-layout-flow wp-block-column-is-layout-flow\" style=\"flex-basis:33.33%\">\n<figure class=\"wp-block-image size-full\"><img loading=\"lazy\" decoding=\"async\" width=\"445\" height=\"300\" src=\"https:\/\/www.radancy.com\/wp-content\/uploads\/2024\/09\/michelle-abbey-2.jpg\" alt=\"\" class=\"wp-image-17377\" srcset=\"https:\/\/www.radancy.com\/wp-content\/uploads\/2024\/09\/michelle-abbey-2.jpg 445w, https:\/\/www.radancy.com\/wp-content\/uploads\/2024\/09\/michelle-abbey-2-300x202.jpg 300w\" sizes=\"auto, (max-width: 445px) 100vw, 445px\" \/><\/figure>\n\n\n\n<p>Michelle Abbey, <br>pr\u00e9sidente-directrice g\u00e9n\u00e9rale de Radancy<\/p>\n<\/div>\n\n\n\n<div class=\"wp-block-column is-layout-flow wp-container-core-column-is-layout-343acf9e wp-block-column-is-layout-flow\" style=\"flex-basis:66.66%\">\n<div class=\"wp-block-group is-vertical is-layout-flex wp-container-core-group-is-layout-afe85e8d wp-block-group-is-layout-flex\">\n<p>Aujourd\u2019hui, je suis fi\u00e8re d\u2019annoncer la nouvelle \u00e9volution du\u202fRadancy Talent Acquisition Cloud \u2013 notre plateforme propuls\u00e9e par l\u2019IA qui transforme la mani\u00e8re dont le monde recrute. Aliment\u00e9e par une IA agentique et enrichie par les donn\u00e9es du plus grand ensemble mondial d\u00e9di\u00e9 aux talents, cette nouvelle g\u00e9n\u00e9ration de plateforme \u00e9tablit une norme in\u00e9dite en mati\u00e8re de recrutement intelligent. Elle propose des strat\u00e9gies plus pertinentes et rentables, une meilleure ad\u00e9quation aux candidats, et un impact mesurable \u00e0 chaque \u00e9tape du parcours de recrutement.<\/p>\n\n\n\n<p>Alors que les attentes des candidats, les besoins en comp\u00e9tences, les contraintes budg\u00e9taires et les dynamiques du march\u00e9 du travail \u00e9voluent rapidement, nous avons \u00e9cout\u00e9 attentivement les besoins de nos clients et de l\u2019industrie. Le r\u00e9sultat\u202f: une plateforme qui remplace les processus de recrutement fragment\u00e9s par une exp\u00e9rience fluide, intelligente et adaptative. <\/p>\n\n\n\n<p>De la premi\u00e8re interaction avec la marque jusqu\u2019\u00e0 la candidature finale, elle agit en temps r\u00e9el, avec une compr\u00e9hension fine du contexte et de l\u2019intention, permettant aux organisations d\u2019entrer en relation avec les meilleurs talents plus rapidement, plus pr\u00e9cis\u00e9ment et plus efficacement que jamais.<\/p>\n\n\n\n<p>Il ne s\u2019agit pas d\u2019une simple mise \u00e0 jour\u202f: c\u2019est une transformation. Les \u00e9quipes d\u2019acquisition de talents acc\u00e8dent \u00e0 des analyses pr\u00e9dictives et \u00e0 une automatisation intelligente. Les candidats vivent des parcours conversationnels hautement personnalis\u00e9s. Et de nouvelles fonctionnalit\u00e9s comme la recherche en langage naturel, les aper\u00e7us de poste dynamiques et les agents IA sensibles au contexte facilitent et am\u00e9liorent les d\u00e9cisions de recrutement \u00e0 chaque \u00e9tape.   <\/p>\n\n\n\n<p>Chaque interaction renforce l\u2019intelligence de la plateforme. Elle anticipe, s\u2019adapte et agit \u2013 en reliant les besoins des employeurs au potentiel des candidats, tout en optimisant les performances gr\u00e2ce \u00e0 des analyses int\u00e9gr\u00e9es. Le r\u00e9sultat\u202f? Des processus de recrutement acc\u00e9l\u00e9r\u00e9s, des co\u00fbts r\u00e9duits et des exp\u00e9riences plus riches pour les candidats, les recruteurs et les responsables du recrutement.   <\/p>\n\n\n\n<p>Nous avons construit cette plateforme \u00e0 l\u2019\u00e9chelle mondiale et pour apporter de la flexibilit\u00e9 et des r\u00e9sultats, en pla\u00e7ant au c\u0153ur de son architecture une s\u00e9curit\u00e9 des donn\u00e9es renforc\u00e9e, une conformit\u00e9 de niveau enterprise et des principes \u00e9thiques en mati\u00e8re d\u2019IA. Elle permet aux organisations de r\u00e9pondre aux normes r\u00e9glementaires en constante \u00e9volution tout en garantissant la confidentialit\u00e9 et la confiance. <\/p>\n\n\n\n<p>Cette \u00e9volution refl\u00e8te notre engagement envers l\u2019innovation, l\u2019accompagnement client et un retour sur investissement mesurable. Alors que le leadership de Radancy sur le march\u00e9 de la technologie RH continue de cro\u00eetre, notre volont\u00e9 d\u2019aider les organisations \u00e0 construire les \u00e9quipes de demain \u2013 avec clart\u00e9, confiance et un avantage concurrentiel \u2013 ne cesse de se renforcer. <\/p>\n\n\n\n<p>Nous sommes fiers de ce que nous avons construit \u2013 et encore plus enthousiastes \u00e0 l\u2019id\u00e9e de ce que nos clients vont accomplir avec cette plateforme.<\/p>\n<\/div>\n\n\n\n<div class=\"wp-block-group is-vertical is-content-justification-stretch is-layout-flex wp-container-core-group-is-layout-db4209bd wp-block-group-is-layout-flex\">\n<p><a href=\"https:\/\/www.radancy.com\/fr\/presentation-de-la-plateforme\/\">En savoir plus<\/a> sur le Radancy Talent Acquisition Cloud.<\/p>\n<\/div>\n\n\n\n<figure class=\"wp-block-video fancybox js-bottom-hero-img hero__asset drop-shadow home-header-bottom animated fadeInLeft delay-100ms\"><video height=\"1080\" style=\"aspect-ratio: 1920 \/ 1080;\" width=\"1920\" muted poster=\"https:\/\/www.radancy.com\/wp-content\/uploads\/2025\/06\/Video-thumbnail-w-headline_FR.png\" src=\"https:\/\/www.radancy.com\/wp-content\/uploads\/2025\/06\/144867_AgenticAI_LaunchVideo_v2-FR-web.mp4\"><track src=\"https:\/\/www.radancy.com\/wp-content\/uploads\/2025\/06\/144867_Radancy_Agentic-AI-Video-VTT-Doc-FR.vtt\" label=\"Sous-titres\" srclang=\"fr\" kind=\"subtitles\"\/><\/video><\/figure>\n<\/div>\n<\/div>\n<\/div>\n\n\n\n<div style=\"height:40px\" aria-hidden=\"true\" class=\"wp-block-spacer\"><\/div>\n\n\n\n<div class=\"wp-block-group alignfull cta has-neutral-1-color has-primary-2-background-color has-text-color has-background has-global-padding is-layout-constrained wp-container-core-group-is-layout-86ad42c5 wp-block-group-is-layout-constrained\" style=\"margin-top:0px;margin-bottom:0px;padding-top:var(--wp--preset--spacing--30);padding-right:var(--wp--preset--spacing--30);padding-bottom:var(--wp--preset--spacing--30);padding-left:var(--wp--preset--spacing--30)\">\n<h3 class=\"wp-block-heading has-text-align-center has-copy-font-family\" id=\"h-contactez-nous-pour-accelerer-vos-recrutements-et-maximiser-votre-retour-sur-investissement-grace-a-une-plateforme-d-ia-unifiee\">Contactez-nous pour acc\u00e9l\u00e9rer vos recrutements et maximiser votre retour sur investissement gr\u00e2ce \u00e0 une plateforme d\u2019IA unifi\u00e9e.<\/h3>\n\n\n\n<div class=\"wp-block-buttons is-content-justification-center is-layout-flex wp-container-core-buttons-is-layout-a89b3969 wp-block-buttons-is-layout-flex\">\n<div class=\"wp-block-button\"><a class=\"wp-block-button__link wp-element-button\" href=\"https:\/\/www.radancy.com\/fr\/nous-contacter\/\">DEMANDER UNE D\u00c9MO<\/a><\/div>\n<\/div>\n<\/div>\n","protected":false},"excerpt":{"rendered":"<p>Message de la PDG La nouvelle \u00e9volution du Radancy Talent Acquisition Cloud \u2013 Red\u00e9finir le recrutement mondial avec l\u2019IA agentique Michelle Abbey, pr\u00e9sidente-directrice g\u00e9n\u00e9rale de Radancy Aujourd\u2019hui, je suis fi\u00e8re <a class=\"more-link\" href=\"https:\/\/www.radancy.com\/fr\/la-nouvelle-evolution-du-radancy-talent-acquisition-cloud-redefinir-le-recrutement-mondial-avec-lia-agentique\/\">Read more&#8230;<\/a><\/p>\n","protected":false},"author":1,"featured_media":0,"parent":0,"menu_order":0,"comment_status":"closed","ping_status":"closed","template":"","meta":{"_acf_changed":false,"_EventAllDay":false,"_EventTimezone":"","_EventStartDate":"","_EventEndDate":"","_EventStartDateUTC":"","_EventEndDateUTC":"","_EventShowMap":false,"_EventShowMapLink":false,"_EventURL":"","_EventCost":"","_EventCostDescription":"","_EventCurrencySymbol":"","_EventCurrencyCode":"","_EventCurrencyPosition":"","_EventDateTimeSeparator":"","_EventTimeRangeSeparator":"","_EventOrganizerID":[],"_EventVenueID":[],"_OrganizerEmail":"","_OrganizerPhone":"","_OrganizerWebsite":"","_VenueAddress":"","_VenueCity":"","_VenueCountry":"","_VenueProvince":"","_VenueState":"","_VenueZip":"","_VenuePhone":"","_VenueURL":"","_VenueStateProvince":"","_VenueLat":"","_VenueLng":"","_VenueShowMap":false,"_VenueShowMapLink":false,"_tribe_blocks_recurrence_rules":"","_tribe_blocks_recurrence_description":"","_tribe_blocks_recurrence_exclusions":"","footnotes":""},"class_list":["post-20388","page","type-page","status-publish","hentry"],"acf":[],"yoast_head":"<!-- This site is optimized with the Yoast SEO Premium plugin v26.2 (Yoast SEO v27.4) - https:\/\/yoast.com\/product\/yoast-seo-premium-wordpress\/ -->\n<title>Radancy fait \u00e9voluer sa plateforme avec l\u2019IA agentique | Radancy<\/title>\n<meta name=\"description\" content=\"D\u00e9couvrez la nouvelle version du Radancy Talent Acquisition Cloud, propuls\u00e9e par l\u2019IA agentique pour simplifier le recrutement et g\u00e9n\u00e9rer des r\u00e9sultats concrets pour les employeurs d\u2019aujourd\u2019hui.\" \/>\n<meta name=\"robots\" content=\"index, follow, max-snippet:-1, max-image-preview:large, max-video-preview:-1\" \/>\n<link rel=\"canonical\" href=\"https:\/\/www.radancy.com\/fr\/la-nouvelle-evolution-du-radancy-talent-acquisition-cloud-redefinir-le-recrutement-mondial-avec-lia-agentique\/\" \/>\n<meta property=\"og:locale\" content=\"fr_FR\" \/>\n<meta property=\"og:type\" content=\"article\" \/>\n<meta property=\"og:title\" content=\"Radancy fait \u00e9voluer sa plateforme avec l\u2019IA agentique | Radancy\" \/>\n<meta property=\"og:description\" content=\"D\u00e9couvrez la nouvelle version du Radancy Talent Acquisition Cloud, propuls\u00e9e par l\u2019IA agentique pour simplifier le recrutement et g\u00e9n\u00e9rer des r\u00e9sultats concrets pour les employeurs d\u2019aujourd\u2019hui.\" \/>\n<meta property=\"og:url\" content=\"https:\/\/www.radancy.com\/fr\/la-nouvelle-evolution-du-radancy-talent-acquisition-cloud-redefinir-le-recrutement-mondial-avec-lia-agentique\/\" \/>\n<meta property=\"og:site_name\" content=\"Radancy\" \/>\n<meta property=\"article:publisher\" content=\"https:\/\/www.facebook.com\/radancy\" \/>\n<meta property=\"article:modified_time\" content=\"2025-07-15T12:51:33+00:00\" \/>\n<meta property=\"og:image\" content=\"https:\/\/www.radancy.com\/wp-content\/uploads\/2024\/09\/michelle-abbey-2.jpg\" \/>\n\t<meta property=\"og:image:width\" content=\"445\" \/>\n\t<meta property=\"og:image:height\" content=\"300\" \/>\n\t<meta property=\"og:image:type\" content=\"image\/jpeg\" \/>\n<meta name=\"twitter:card\" content=\"summary_large_image\" \/>\n<meta name=\"twitter:title\" content=\"La nouvelle \u00e9volution du Radancy Talent Acquisition Cloud \u2013 Red\u00e9finir le recrutement mondial avec l\u2019IA agentique\" \/>\n<meta name=\"twitter:site\" content=\"@radancyco\" \/>\n<meta name=\"twitter:label1\" content=\"Dur\u00e9e de lecture estim\u00e9e\" \/>\n\t<meta name=\"twitter:data1\" content=\"7 minutes\" \/>\n<script type=\"application\/ld+json\" class=\"yoast-schema-graph\">{\"@context\":\"https:\\\/\\\/schema.org\",\"@graph\":[{\"@type\":\"WebPage\",\"@id\":\"https:\\\/\\\/www.radancy.com\\\/fr\\\/la-nouvelle-evolution-du-radancy-talent-acquisition-cloud-redefinir-le-recrutement-mondial-avec-lia-agentique\\\/\",\"url\":\"https:\\\/\\\/www.radancy.com\\\/fr\\\/la-nouvelle-evolution-du-radancy-talent-acquisition-cloud-redefinir-le-recrutement-mondial-avec-lia-agentique\\\/\",\"name\":\"Radancy fait \u00e9voluer sa plateforme avec l\u2019IA agentique | Radancy\",\"isPartOf\":{\"@id\":\"https:\\\/\\\/www.radancy.com\\\/fr\\\/#website\"},\"primaryImageOfPage\":{\"@id\":\"https:\\\/\\\/www.radancy.com\\\/fr\\\/la-nouvelle-evolution-du-radancy-talent-acquisition-cloud-redefinir-le-recrutement-mondial-avec-lia-agentique\\\/#primaryimage\"},\"image\":{\"@id\":\"https:\\\/\\\/www.radancy.com\\\/fr\\\/la-nouvelle-evolution-du-radancy-talent-acquisition-cloud-redefinir-le-recrutement-mondial-avec-lia-agentique\\\/#primaryimage\"},\"thumbnailUrl\":\"https:\\\/\\\/www.radancy.com\\\/wp-content\\\/uploads\\\/2024\\\/09\\\/michelle-abbey-2.jpg\",\"datePublished\":\"2025-07-15T10:28:04+00:00\",\"dateModified\":\"2025-07-15T12:51:33+00:00\",\"description\":\"D\u00e9couvrez la nouvelle version du Radancy Talent Acquisition Cloud, propuls\u00e9e par l\u2019IA agentique pour simplifier le recrutement et g\u00e9n\u00e9rer des r\u00e9sultats concrets pour les employeurs d\u2019aujourd\u2019hui.\",\"breadcrumb\":{\"@id\":\"https:\\\/\\\/www.radancy.com\\\/fr\\\/la-nouvelle-evolution-du-radancy-talent-acquisition-cloud-redefinir-le-recrutement-mondial-avec-lia-agentique\\\/#breadcrumb\"},\"inLanguage\":\"fr-FR\",\"potentialAction\":[{\"@type\":\"ReadAction\",\"target\":[\"https:\\\/\\\/www.radancy.com\\\/fr\\\/la-nouvelle-evolution-du-radancy-talent-acquisition-cloud-redefinir-le-recrutement-mondial-avec-lia-agentique\\\/\"]}]},{\"@type\":\"ImageObject\",\"inLanguage\":\"fr-FR\",\"@id\":\"https:\\\/\\\/www.radancy.com\\\/fr\\\/la-nouvelle-evolution-du-radancy-talent-acquisition-cloud-redefinir-le-recrutement-mondial-avec-lia-agentique\\\/#primaryimage\",\"url\":\"https:\\\/\\\/www.radancy.com\\\/wp-content\\\/uploads\\\/2024\\\/09\\\/michelle-abbey-2.jpg\",\"contentUrl\":\"https:\\\/\\\/www.radancy.com\\\/wp-content\\\/uploads\\\/2024\\\/09\\\/michelle-abbey-2.jpg\"},{\"@type\":\"BreadcrumbList\",\"@id\":\"https:\\\/\\\/www.radancy.com\\\/fr\\\/la-nouvelle-evolution-du-radancy-talent-acquisition-cloud-redefinir-le-recrutement-mondial-avec-lia-agentique\\\/#breadcrumb\",\"itemListElement\":[{\"@type\":\"ListItem\",\"position\":1,\"name\":\"Home\",\"item\":\"https:\\\/\\\/www.radancy.com\\\/fr\\\/\"},{\"@type\":\"ListItem\",\"position\":2,\"name\":\"La nouvelle \u00e9volution du Radancy Talent Acquisition Cloud \u2013 Red\u00e9finir le recrutement mondial avec l\u2019IA agentique\"}]},{\"@type\":\"WebSite\",\"@id\":\"https:\\\/\\\/www.radancy.com\\\/fr\\\/#website\",\"url\":\"https:\\\/\\\/www.radancy.com\\\/fr\\\/\",\"name\":\"Radancy\",\"description\":\"Create Connections That Count.\",\"publisher\":{\"@id\":\"https:\\\/\\\/www.radancy.com\\\/fr\\\/#organization\"},\"potentialAction\":[{\"@type\":\"SearchAction\",\"target\":{\"@type\":\"EntryPoint\",\"urlTemplate\":\"https:\\\/\\\/www.radancy.com\\\/fr\\\/?s={search_term_string}\"},\"query-input\":{\"@type\":\"PropertyValueSpecification\",\"valueRequired\":true,\"valueName\":\"search_term_string\"}}],\"inLanguage\":\"fr-FR\"},{\"@type\":\"Organization\",\"@id\":\"https:\\\/\\\/www.radancy.com\\\/fr\\\/#organization\",\"name\":\"Radancy\",\"url\":\"https:\\\/\\\/www.radancy.com\\\/fr\\\/\",\"logo\":{\"@type\":\"ImageObject\",\"inLanguage\":\"fr-FR\",\"@id\":\"https:\\\/\\\/www.radancy.com\\\/fr\\\/#\\\/schema\\\/logo\\\/image\\\/\",\"url\":\"https:\\\/\\\/www.radancy.com\\\/wp-content\\\/uploads\\\/2024\\\/06\\\/Radancy_Icon_RGB.svg\",\"contentUrl\":\"https:\\\/\\\/www.radancy.com\\\/wp-content\\\/uploads\\\/2024\\\/06\\\/Radancy_Icon_RGB.svg\",\"width\":1,\"height\":1,\"caption\":\"Radancy\"},\"image\":{\"@id\":\"https:\\\/\\\/www.radancy.com\\\/fr\\\/#\\\/schema\\\/logo\\\/image\\\/\"},\"sameAs\":[\"https:\\\/\\\/www.facebook.com\\\/radancy\",\"https:\\\/\\\/x.com\\\/radancyco\",\"https:\\\/\\\/www.linkedin.com\\\/company\\\/radancy\\\/\",\"https:\\\/\\\/www.youtube.com\\\/Radancy\\\/videos\",\"https:\\\/\\\/www.instagram.com\\\/radancyco\"]}]}<\/script>\n<!-- \/ Yoast SEO Premium plugin. -->","yoast_head_json":{"title":"Radancy fait \u00e9voluer sa plateforme avec l\u2019IA agentique | Radancy","description":"D\u00e9couvrez la nouvelle version du Radancy Talent Acquisition Cloud, propuls\u00e9e par l\u2019IA agentique pour simplifier le recrutement et g\u00e9n\u00e9rer des r\u00e9sultats concrets pour les employeurs d\u2019aujourd\u2019hui.","robots":{"index":"index","follow":"follow","max-snippet":"max-snippet:-1","max-image-preview":"max-image-preview:large","max-video-preview":"max-video-preview:-1"},"canonical":"https:\/\/www.radancy.com\/fr\/la-nouvelle-evolution-du-radancy-talent-acquisition-cloud-redefinir-le-recrutement-mondial-avec-lia-agentique\/","og_locale":"fr_FR","og_type":"article","og_title":"Radancy fait \u00e9voluer sa plateforme avec l\u2019IA agentique | Radancy","og_description":"D\u00e9couvrez la nouvelle version du Radancy Talent Acquisition Cloud, propuls\u00e9e par l\u2019IA agentique pour simplifier le recrutement et g\u00e9n\u00e9rer des r\u00e9sultats concrets pour les employeurs d\u2019aujourd\u2019hui.","og_url":"https:\/\/www.radancy.com\/fr\/la-nouvelle-evolution-du-radancy-talent-acquisition-cloud-redefinir-le-recrutement-mondial-avec-lia-agentique\/","og_site_name":"Radancy","article_publisher":"https:\/\/www.facebook.com\/radancy","article_modified_time":"2025-07-15T12:51:33+00:00","og_image":[{"width":445,"height":300,"url":"https:\/\/www.radancy.com\/wp-content\/uploads\/2024\/09\/michelle-abbey-2.jpg","type":"image\/jpeg"}],"twitter_card":"summary_large_image","twitter_title":"La nouvelle \u00e9volution du Radancy Talent Acquisition Cloud \u2013 Red\u00e9finir le recrutement mondial avec l\u2019IA agentique","twitter_site":"@radancyco","twitter_misc":{"Dur\u00e9e de lecture estim\u00e9e":"7 minutes"},"schema":{"@context":"https:\/\/schema.org","@graph":[{"@type":"WebPage","@id":"https:\/\/www.radancy.com\/fr\/la-nouvelle-evolution-du-radancy-talent-acquisition-cloud-redefinir-le-recrutement-mondial-avec-lia-agentique\/","url":"https:\/\/www.radancy.com\/fr\/la-nouvelle-evolution-du-radancy-talent-acquisition-cloud-redefinir-le-recrutement-mondial-avec-lia-agentique\/","name":"Radancy fait \u00e9voluer sa plateforme avec l\u2019IA agentique | Radancy","isPartOf":{"@id":"https:\/\/www.radancy.com\/fr\/#website"},"primaryImageOfPage":{"@id":"https:\/\/www.radancy.com\/fr\/la-nouvelle-evolution-du-radancy-talent-acquisition-cloud-redefinir-le-recrutement-mondial-avec-lia-agentique\/#primaryimage"},"image":{"@id":"https:\/\/www.radancy.com\/fr\/la-nouvelle-evolution-du-radancy-talent-acquisition-cloud-redefinir-le-recrutement-mondial-avec-lia-agentique\/#primaryimage"},"thumbnailUrl":"https:\/\/www.radancy.com\/wp-content\/uploads\/2024\/09\/michelle-abbey-2.jpg","datePublished":"2025-07-15T10:28:04+00:00","dateModified":"2025-07-15T12:51:33+00:00","description":"D\u00e9couvrez la nouvelle version du Radancy Talent Acquisition Cloud, propuls\u00e9e par l\u2019IA agentique pour simplifier le recrutement et g\u00e9n\u00e9rer des r\u00e9sultats concrets pour les employeurs d\u2019aujourd\u2019hui.","breadcrumb":{"@id":"https:\/\/www.radancy.com\/fr\/la-nouvelle-evolution-du-radancy-talent-acquisition-cloud-redefinir-le-recrutement-mondial-avec-lia-agentique\/#breadcrumb"},"inLanguage":"fr-FR","potentialAction":[{"@type":"ReadAction","target":["https:\/\/www.radancy.com\/fr\/la-nouvelle-evolution-du-radancy-talent-acquisition-cloud-redefinir-le-recrutement-mondial-avec-lia-agentique\/"]}]},{"@type":"ImageObject","inLanguage":"fr-FR","@id":"https:\/\/www.radancy.com\/fr\/la-nouvelle-evolution-du-radancy-talent-acquisition-cloud-redefinir-le-recrutement-mondial-avec-lia-agentique\/#primaryimage","url":"https:\/\/www.radancy.com\/wp-content\/uploads\/2024\/09\/michelle-abbey-2.jpg","contentUrl":"https:\/\/www.radancy.com\/wp-content\/uploads\/2024\/09\/michelle-abbey-2.jpg"},{"@type":"BreadcrumbList","@id":"https:\/\/www.radancy.com\/fr\/la-nouvelle-evolution-du-radancy-talent-acquisition-cloud-redefinir-le-recrutement-mondial-avec-lia-agentique\/#breadcrumb","itemListElement":[{"@type":"ListItem","position":1,"name":"Home","item":"https:\/\/www.radancy.com\/fr\/"},{"@type":"ListItem","position":2,"name":"La nouvelle \u00e9volution du Radancy Talent Acquisition Cloud \u2013 Red\u00e9finir le recrutement mondial avec l\u2019IA agentique"}]},{"@type":"WebSite","@id":"https:\/\/www.radancy.com\/fr\/#website","url":"https:\/\/www.radancy.com\/fr\/","name":"Radancy","description":"Create Connections That Count.","publisher":{"@id":"https:\/\/www.radancy.com\/fr\/#organization"},"potentialAction":[{"@type":"SearchAction","target":{"@type":"EntryPoint","urlTemplate":"https:\/\/www.radancy.com\/fr\/?s={search_term_string}"},"query-input":{"@type":"PropertyValueSpecification","valueRequired":true,"valueName":"search_term_string"}}],"inLanguage":"fr-FR"},{"@type":"Organization","@id":"https:\/\/www.radancy.com\/fr\/#organization","name":"Radancy","url":"https:\/\/www.radancy.com\/fr\/","logo":{"@type":"ImageObject","inLanguage":"fr-FR","@id":"https:\/\/www.radancy.com\/fr\/#\/schema\/logo\/image\/","url":"https:\/\/www.radancy.com\/wp-content\/uploads\/2024\/06\/Radancy_Icon_RGB.svg","contentUrl":"https:\/\/www.radancy.com\/wp-content\/uploads\/2024\/06\/Radancy_Icon_RGB.svg","width":1,"height":1,"caption":"Radancy"},"image":{"@id":"https:\/\/www.radancy.com\/fr\/#\/schema\/logo\/image\/"},"sameAs":["https:\/\/www.facebook.com\/radancy","https:\/\/x.com\/radancyco","https:\/\/www.linkedin.com\/company\/radancy\/","https:\/\/www.youtube.com\/Radancy\/videos","https:\/\/www.instagram.com\/radancyco"]}]}},"_links":{"self":[{"href":"https:\/\/www.radancy.com\/fr\/wp-json\/wp\/v2\/pages\/20388","targetHints":{"allow":["GET"]}}],"collection":[{"href":"https:\/\/www.radancy.com\/fr\/wp-json\/wp\/v2\/pages"}],"about":[{"href":"https:\/\/www.radancy.com\/fr\/wp-json\/wp\/v2\/types\/page"}],"author":[{"embeddable":true,"href":"https:\/\/www.radancy.com\/fr\/wp-json\/wp\/v2\/users\/1"}],"replies":[{"embeddable":true,"href":"https:\/\/www.radancy.com\/fr\/wp-json\/wp\/v2\/comments?post=20388"}],"version-history":[{"count":0,"href":"https:\/\/www.radancy.com\/fr\/wp-json\/wp\/v2\/pages\/20388\/revisions"}],"wp:attachment":[{"href":"https:\/\/www.radancy.com\/fr\/wp-json\/wp\/v2\/media?parent=20388"}],"curies":[{"name":"wp","href":"https:\/\/api.w.org\/{rel}","templated":true}]}}