{"id":12036,"date":"2023-11-17T03:03:38","date_gmt":"2023-11-17T03:03:38","guid":{"rendered":"https:\/\/s45175.p1717.sites.pressdns.com\/support\/"},"modified":"2025-06-19T12:34:22","modified_gmt":"2025-06-19T12:34:22","slug":"soutien","status":"publish","type":"page","link":"https:\/\/www.radancy.com\/fr\/soutien\/","title":{"rendered":"Directives d\u2019assistance"},"content":{"rendered":"\n<div class=\"wp-block-group alignfull title-bar has-neutral-1-color has-primary-3-background-color has-text-color has-background is-vertical is-content-justification-center is-layout-flex wp-container-core-group-is-layout-95c46550 wp-block-group-is-layout-flex\" style=\"margin-top:0;margin-bottom:60px;padding-top:35px;padding-right:35px;padding-bottom:35px;padding-left:35px\">\n<h2 class=\"wp-block-heading has-accent-font-family has-headline-smallest-font-size\" style=\"margin-top:0;margin-bottom:0;font-style:normal;font-weight:400\">Directives d\u2019assistance<\/h2>\n<\/div>\n\n\n\n<section class=\"wp-block-group section is-vertical is-content-justification-stretch is-layout-flex wp-container-core-group-is-layout-33bcc86b wp-block-group-is-layout-flex\">\n<div class=\"wp-block-group is-vertical is-content-justification-stretch is-layout-flex wp-container-core-group-is-layout-db4209bd wp-block-group-is-layout-flex\">\n<div class=\"wp-block-group effective-date is-layout-flow wp-block-group-is-layout-flow\">\n<p>Derni\u00e8re mise \u00e0 jour&nbsp;le 11 juillet 2024<\/p>\n<\/div>\n\n\n\n<div class=\"wp-block-group is-vertical is-content-justification-stretch is-layout-flex wp-container-core-group-is-layout-33bcc86b wp-block-group-is-layout-flex\">\n<h2 class=\"wp-block-heading has-link-color has-headline-smallest-font-size wp-elements-589ea30ac74be34321e2a596da269893\"><a href=\"https:\/\/www.radancy.com\/fr\/soutien\/#web-standards\"><strong># Normes Web <\/strong><\/a><\/h2>\n\n\n\n<p>Nos m\u00e9thodologies de conception et de d\u00e9veloppement respectent les normes et directives propos\u00e9es par le <a href=\"https:\/\/www.w3.org\/\" data-custom-event=\"true\" data-custom-category=\"custom event\" data-custom-label=\"W3C\">W3C (World Wide Web Consortium)<\/a> et les meilleures pratiques de la communaut\u00e9 des concepteurs et d\u00e9veloppeurs. En utilisant les techniques les plus modernes et inclusives disponibles, Radancy peut cr\u00e9er une exp\u00e9rience \u00e0 la fois engageante et accessible \u00e0 tous les utilisateurs.<\/p>\n\n\n\n<p>Pour en savoir plus sur nos <a href=\"https:\/\/radancy.dev\">normes de conception et de d\u00e9veloppement<\/a>, veuillez nous rendre visite sur GitHub.<\/p>\n<\/div>\n\n\n\n<div class=\"wp-block-group is-vertical is-content-justification-stretch is-layout-flex wp-container-core-group-is-layout-33bcc86b wp-block-group-is-layout-flex\">\n<h2 class=\"wp-block-heading has-link-color has-headline-smallest-font-size wp-elements-fd0fe12c68675f1561d2f821ea84f3a1\"><strong><a href=\"https:\/\/www.radancy.com\/fr\/soutien\/#accessibility\"># Accessibilit\u00e9 <\/a><\/strong><\/h2>\n\n\n\n<p>Chez Radancy, nous pensons que tous vos candidats potentiels, quelles que soient leurs capacit\u00e9s physiques, mentales ou technologiques, ont le droit d\u2019en savoir plus sur votre entreprise et d\u2019acc\u00e9der \u00e0 toutes les offres d\u2019emploi. Afin de pr\u00e9server le droit d\u2019acc\u00e8s universel d\u2019une personne, <a href=\"https:\/\/radancy.dev\/a11y\/baseline\/\">nous essayons de respecter<\/a> autant que possible les directives <strong>WCAG (Web Content and Accessibility Guidelines) 2.2 Niveau A et AA<\/strong>, dans notre processus quotidien. Cependant, s\u2019il est n\u00e9cessaire de prendre en charge un niveau sp\u00e9cifique de WCAG ou d\u2019autres directives sp\u00e9cifiques, veuillez en informer votre repr\u00e9sentant de compte d\u00e8s que possible.<\/p>\n\n\n\n<blockquote class=\"wp-block-quote is-layout-flow wp-block-quote-is-layout-flow\">\n<h3 class=\"wp-block-heading has-link-color wp-elements-ccaddf894dee5dcf723d2d41b33568e6\"><strong><a href=\"https:\/\/www.radancy.com\/fr\/soutien\/#accessibility-overlays\"># Remarque sur les superpositions d\u2019accessibilit\u00e9<\/a><\/strong><\/h3>\n\n\n\n<p>Les Accessibility overlays&nbsp;<strong>ne sont pas support\u00e9s<\/strong>, ils ne sont pas compatibles avec la mani\u00e8re dont Radancy entend rendre accessible ses solutions aux personnes en situation de handicap. D\u2019apr\u00e8s notre exp\u00e9rience, l\u2019utilisation de ces outils peut promouvoir le validisme, renforcer la discrimination et est souvent per\u00e7ue, en particulier parmi les communaut\u00e9s handicap\u00e9es et de d\u00e9fense, comme un engagement de fa\u00e7ade en faveur de l\u2019accessibilit\u00e9. Les soci\u00e9t\u00e9s qui utilisent des superpositions ont fr\u00e9quemment fait l\u2019objet d\u2019actions en justice bas\u00e9es sur le non-respect des lois et principes d\u2019accessibilit\u00e9. Sur demande, nous serions dispos\u00e9s \u00e0 partager des documents traitant des d\u00e9fis auxquels sont confront\u00e9s les utilisateurs de sites Web qui incluent des superpositions.<\/p>\n\n\n\n<p>Si vous souhaitez \u00e9voquer ce probl\u00e8me, ainsi que des moyens plus proactifs, amicaux et durables de rendre votre site de carri\u00e8re accessible \u00e0 tous, veuillez contacter votre repr\u00e9sentant de compte.<\/p>\n<\/blockquote>\n<\/div>\n\n\n\n<div class=\"wp-block-group is-vertical is-content-justification-stretch is-layout-flex wp-container-core-group-is-layout-33bcc86b wp-block-group-is-layout-flex\">\n<h2 class=\"wp-block-heading has-link-color has-headline-smallest-font-size wp-elements-086d74141430169d703fe685fbbf8fe3\" id=\"operating-system-support\"><strong><a href=\"https:\/\/www.radancy.com\/fr\/soutien\/#operating-system-support\"># Prise en charge des syst\u00e8mes d\u2019exploitation <\/a><\/strong><\/h2>\n\n\n\n<p>Radancy prend en charge les applications sur les syst\u00e8mes d\u2019exploitation suivants uniquement :<\/p>\n\n\n\n<ul class=\"wp-block-list\">\n<li>Windows 11<\/li>\n\n\n\n<li>Windows 10<\/li>\n\n\n\n<li>Windows 8\/8.1 (Upon Request Only)<\/li>\n\n\n\n<li>macOS 11 (Big Sur)<\/li>\n\n\n\n<li>iOS 16.x<\/li>\n\n\n\n<li>iOS 15.x<\/li>\n\n\n\n<li>Android 13.x<\/li>\n\n\n\n<li>Android 12.x<\/li>\n\n\n\n<li>Android 11.x<\/li>\n<\/ul>\n<\/div>\n\n\n\n<div class=\"wp-block-group is-vertical is-content-justification-stretch is-layout-flex wp-container-core-group-is-layout-33bcc86b wp-block-group-is-layout-flex\">\n<h2 class=\"wp-block-heading has-link-color has-headline-smallest-font-size wp-elements-61a0713ee3ee9c2de91aec93c092704d\"><strong><a href=\"https:\/\/www.radancy.com\/fr\/soutien\/#browser-support\"># Prise en charge des navigateurs <\/a><\/strong><\/h2>\n\n\n\n<p>Radancy prend en charge les <strong>principales versions actuelles et ant\u00e9rieures<\/strong> de tous les principaux navigateurs. En tenant compte de la date de lancement de votre projet, nous testons tous les travaux dans les domaines suivants :<\/p>\n\n\n\n<ul class=\"wp-block-list\">\n<li><a href=\"https:\/\/www.chromestatus.com\/features\" data-custom-event=\"true\" data-custom-category=\"custom event\" data-custom-label=\"Google Chrome\">Google Chrome<\/a><\/li>\n\n\n\n<li><a href=\"https:\/\/www.mozilla.org\/en-US\/firefox\/releases\/\" data-custom-event=\"true\" data-custom-category=\"custom event\" data-custom-label=\"Mozilla Firefox\">Mozilla Firefox<\/a><\/li>\n\n\n\n<li><a href=\"https:\/\/developer.apple.com\/documentation\/safari_release_notes\/\" data-custom-event=\"true\" data-custom-category=\"custom event\" data-custom-label=\"Apple Safari\">Apple Safari<\/a><\/li>\n\n\n\n<li><a data-custom-event=\"true\" data-custom-category=\"custom event\" data-custom-label=\"Microsoft Edge\" href=\"https:\/\/docs.microsoft.com\/en-us\/deployedge\/microsoft-edge-relnote-stable-channel\/\">Microsoft Edge<\/a> <em>(Microsoft Edge for Business n&rsquo;est pas pris en charge)<\/em><\/li>\n<\/ul>\n\n\n\n<p>Notre \u00e9quipe de d\u00e9veloppement analyse chaque trimestre la <a href=\"https:\/\/gs.statcounter.com\/\" data-custom-event=\"true\" data-custom-category=\"custom event\" data-custom-label=\"browser market share\">part de march\u00e9 mondiale des navigateurs<\/a> et les donn\u00e9es de trafic Web des clients. La prise en charge du navigateur Web prend fin lorsque ce navigateur repr\u00e9sente moins de 5 % de l\u2019ensemble des parts de march\u00e9 et\/ou du trafic Web.<\/p>\n\n\n\n<p>Bien entendu, nous ne prenons pas en charge les navigateurs qui ne sont pas r\u00e9pertori\u00e9s dans ce document. Si les besoins des utilisateurs ou du navigateur de votre entreprise diff\u00e8rent, veuillez consulter imm\u00e9diatement votre repr\u00e9sentant de compte.<\/p>\n<\/div>\n\n\n\n<div class=\"wp-block-group is-vertical is-content-justification-stretch is-layout-flex wp-container-core-group-is-layout-33bcc86b wp-block-group-is-layout-flex\">\n<h2 class=\"wp-block-heading has-link-color has-headline-smallest-font-size wp-elements-18f5cfa6bf509a33ff3a7c7fa1c97900\"><strong><a href=\"https:\/\/www.radancy.com\/fr\/soutien\/#email-support\"># Assistance e-mail <\/a><\/strong><\/h2>\n\n\n\n<p>Selon la date \u00e0 laquelle votre projet a \u00e9t\u00e9 lanc\u00e9 et en raison des importantes diff\u00e9rences techniques en termes de logiciels clients de messagerie, nous testons tous les e-mails textuels et HTML dans le client de messagerie principal suivant :<\/p>\n\n\n\n<ul class=\"wp-block-list\">\n<li><strong>Gmail Desktop<\/strong> (derni\u00e8res versions du navigateur uniquement)<\/li>\n<\/ul>\n\n\n\n<p>De plus, nous testons tous les e-mails texte et HTML sur les clients de messagerie suivants. Ceux-ci peuvent avoir des diff\u00e9rences d\u2019espacement et de dimensionnement des \u00e9l\u00e9ments qui varient par rapport au client de messagerie de test principal :<\/p>\n\n\n\n<ul class=\"wp-block-list\">\n<li><strong>Outlook<\/strong> (derni\u00e8re version d\u2019Outlook sur Windows 10 uniquement) [Ne prend pas en charge les e-mails r\u00e9actifs]<\/li>\n\n\n\n<li><strong>iPhone<\/strong> (derni\u00e8re version d\u2019iOS Mail uniquement) [Tous les designs ne peuvent pas \u00eatre cr\u00e9\u00e9s en mode r\u00e9actif]<\/li>\n\n\n\n<li><strong>Gmail Android <\/strong>(sur demande uniquement) [Tous les designs ne peuvent pas \u00eatre cr\u00e9\u00e9s en mode r\u00e9actif].<\/li>\n<\/ul>\n<\/div>\n\n\n\n<div class=\"wp-block-group is-vertical is-content-justification-stretch is-layout-flex wp-container-core-group-is-layout-33bcc86b wp-block-group-is-layout-flex\">\n<h2 class=\"wp-block-heading has-link-color wp-elements-60415acb400d13ea13a360c674d1bed9\"><strong><a href=\"https:\/\/www.radancy.com\/fr\/soutien\/#modified-browsers\"># Navigateurs modifi\u00e9s <\/a><\/strong><\/h2>\n\n\n\n<p>Veuillez noter que nous ne prenons pas en charge les navigateurs qui ont \u00e9t\u00e9 modifi\u00e9s, ex\u00e9cut\u00e9s en mode de compatibilit\u00e9 ou qui suppriment le code via le filtrage proxy requis pour le fonctionnement normal de votre site. Les pages web qui sont modifi\u00e9es via des extensions de navigateurs ne sont pas prises en charge non plus.<\/p>\n<\/div>\n\n\n\n<div class=\"wp-block-group is-vertical is-content-justification-stretch is-layout-flex wp-container-core-group-is-layout-33bcc86b wp-block-group-is-layout-flex\">\n<h3 class=\"wp-block-heading has-link-color wp-elements-d4832434aebb8cae1ee2fc4c67420465\"><strong><a href=\"https:\/\/www.radancy.com\/fr\/soutien\/#update-log\"># Journal des mises \u00e0 jour <\/a><\/strong><\/h3>\n\n\n\n<ul class=\"wp-block-list\">\n<li><b>5 octobre 2023<\/b> \u2013 Prise en charge de la norme WCAG 2.2.<\/li>\n\n\n\n<li><b>8 ao\u00fbt 2023<\/b> &#8211; Ajout de <span>iOS 16.x<\/span> \u00e0 la liste des OS support\u00e9s et retrait de <span>iOS 14.x<\/span> (Catalina) <a href=\"#operating-system-support\">syst\u00e8mes d\u2019exploitations<\/a>.<\/li>\n\n\n\n<li><b>8 ao\u00fbt 2023<\/b> &#8211; Ajout de <span>Android 13.x<\/span> \u00e0 la liste des OS support\u00e9s et retrait de <span>Android 10.x<\/span> <a href=\"#operating-system-support\">syst\u00e8mes d\u2019exploitations<\/a>.<\/li>\n\n\n\n<li><b>21 f\u00e9vrier 2023<\/b> &#8211; Ajout de Windows 11 aux OS support\u00e9s <a href=\"#operating-system-support\">syst\u00e8mes d\u2019exploitations<\/a>.<\/li>\n\n\n\n<li><b>21 f\u00e9vrier 2023<\/b> &#8211; Ajout de Android 12.x aux OS support\u00e9s et supression de Android 9.x <a href=\"#operating-system-support\">syst\u00e8mes d\u2019exploitations<\/a><\/li>\n\n\n\n<li><b>21 f\u00e9vrier 2023<\/b> &#8211; Ajout de macOS 11 (Big Sur) \u00e0 la liste des OS support\u00e9s et retrait de macOS 10.15 (Catalina) <a href=\"#operating-system-support\">syst\u00e8mes d\u2019exploitations<\/a>.<\/li>\n\n\n\n<li><b>21 f\u00e9vrier 2023<\/b> &#8211; Ajout de IOS 15.x aux OS support\u00e9s et supression de IOS13.x <a href=\"#operating-system-support\">syst\u00e8mes d\u2019exploitations<\/a>.<\/li>\n\n\n\n<li><b>16 ao\u00fbt 2022<\/b> \u2013 Modification de \u00ab\u00a0fortement d\u00e9courag\u00e9s\u00a0\u00bb \u00e0 \u00ab\u00a0pas support\u00e9s\u00a0\u00bb en ce qui concerne les Accessibility Overlays.<\/li>\n\n\n\n<li><b>1er avril 2022<\/b> \u2013 Ajout d\u2019une note sur les superpositions d\u2019accessibilit\u00e9.<\/li>\n\n\n\n<li><b>4 novembre 2021<\/b> \u2013 Suppression d\u2019Internet Explorer 11 des navigateurs pris en charge.<\/li>\n\n\n\n<li><b>21 avril 2021<\/b> \u2013 Windows 8\/8.1 d\u00e9sormais uniquement pris en charge sur demande.<\/li>\n\n\n\n<li><b>1er mars 2021<\/b> \u2013 Ajout d\u2019iOS 14.x et suppression d\u2019iOS 12.x de la prise en charge des <a href=\"#operating-system-support\">syst\u00e8mes d\u2019exploitations<\/a>.<\/li>\n\n\n\n<li><b>1er mars 2021<\/b> \u2013 Ajout de la prise en charge d\u2019Android 11.x et suppression d\u2019Android 8.x de la prise en charge des <a href=\"#operating-system-support\">syst\u00e8mes d\u2019exploitation<\/a>.<\/li>\n\n\n\n<li><b>25 septembre 2020<\/b> \u2013 Mise \u00e0 jour de <a href=\"#email-support\">l\u2019assistance par e-mail<\/a>.<\/li>\n\n\n\n<li><b>28 avril 2020<\/b> \u2013 Ajout d\u2019Android 10.x et Android 9.x et suppression d\u2019Android 7.x et Android 6.x de la prise en charge des <a href=\"#operating-system-support\">syst\u00e8mes d\u2019exploitation<\/a>.<\/li>\n\n\n\n<li><b>14 mars 2020<\/b> \u2013 Ajout de la prise en charge de macOS 10.15 (Catalina) et suppression de macOS 10.14 (Mojave) de la prise en charge des <a href=\"#operating-system-support\">syst\u00e8mes d\u2019exploitation<\/a>.<\/li>\n\n\n\n<li><b>1er mars 2020<\/b> \u2013 Ajout d\u2019iOS 13.x et suppression d\u2019iOS 12.x de la prise en charge des <a href=\"#operating-system-support\">syst\u00e8mes d\u2019exploitation<\/a>.<\/li>\n\n\n\n<li><b>1er janvier 2020<\/b> \u2013 Internet Explorer 11 ajout\u00e9 \u00e0 la prise en charge limit\u00e9e.<\/li>\n\n\n\n<li><b>4 mars 2019<\/b> \u2013 Ajout de la prise en charge de macOS 10.14 (Mojave) et suppression de macOS 10.12 (Sierra) de la prise en charge des <a href=\"#operating-system-support\">syst\u00e8mes d\u2019exploitation.<\/a><\/li>\n<\/ul>\n\n\n\n<p>Vous avez besoin d&rsquo;assistance ? <a href=\"https:\/\/customersupport.radancy.com\/\">Faites-nous parvenir une demande de support.<\/a><\/p>\n<\/div>\n<\/div>\n<\/section>\n\n\n\n<div style=\"height:40px\" aria-hidden=\"true\" class=\"wp-block-spacer\"><\/div>\n\n\n\n<div class=\"wp-block-group alignfull cta has-neutral-1-color has-primary-2-background-color has-text-color has-background has-global-padding is-layout-constrained wp-container-core-group-is-layout-86ad42c5 wp-block-group-is-layout-constrained\" style=\"margin-top:0px;margin-bottom:0px;padding-top:var(--wp--preset--spacing--30);padding-right:var(--wp--preset--spacing--30);padding-bottom:var(--wp--preset--spacing--30);padding-left:var(--wp--preset--spacing--30)\">\n<h3 class=\"wp-block-heading has-text-align-center has-copy-font-family\" id=\"h-contactez-nous-pour-accelerer-vos-recrutements-et-maximiser-votre-retour-sur-investissement-grace-a-une-plateforme-d-ia-unifiee\">Contactez-nous pour acc\u00e9l\u00e9rer vos recrutements et maximiser votre retour sur investissement gr\u00e2ce \u00e0 une plateforme d\u2019IA unifi\u00e9e.<\/h3>\n\n\n\n<div class=\"wp-block-buttons is-content-justification-center is-layout-flex wp-container-core-buttons-is-layout-a89b3969 wp-block-buttons-is-layout-flex\">\n<div class=\"wp-block-button\"><a class=\"wp-block-button__link wp-element-button\" href=\"https:\/\/www.radancy.com\/fr\/nous-contacter\/\">DEMANDER UNE D\u00c9MO<\/a><\/div>\n<\/div>\n<\/div>\n","protected":false},"excerpt":{"rendered":"<p>Directives d\u2019assistance Derni\u00e8re mise \u00e0 jour&nbsp;le 11 juillet 2024 # Normes Web Nos m\u00e9thodologies de conception et de d\u00e9veloppement respectent les normes et directives propos\u00e9es par le W3C (World Wide <a class=\"more-link\" href=\"https:\/\/www.radancy.com\/fr\/soutien\/\">Read more&#8230;<\/a><\/p>\n","protected":false},"author":1,"featured_media":0,"parent":0,"menu_order":0,"comment_status":"closed","ping_status":"closed","template":"","meta":{"_acf_changed":false,"_EventAllDay":false,"_EventTimezone":"","_EventStartDate":"","_EventEndDate":"","_EventStartDateUTC":"","_EventEndDateUTC":"","_EventShowMap":false,"_EventShowMapLink":false,"_EventURL":"","_EventCost":"","_EventCostDescription":"","_EventCurrencySymbol":"","_EventCurrencyCode":"","_EventCurrencyPosition":"","_EventDateTimeSeparator":"","_EventTimeRangeSeparator":"","_EventOrganizerID":[],"_EventVenueID":[],"_OrganizerEmail":"","_OrganizerPhone":"","_OrganizerWebsite":"","_VenueAddress":"","_VenueCity":"","_VenueCountry":"","_VenueProvince":"","_VenueState":"","_VenueZip":"","_VenuePhone":"","_VenueURL":"","_VenueStateProvince":"","_VenueLat":"","_VenueLng":"","_VenueShowMap":false,"_VenueShowMapLink":false,"_tribe_blocks_recurrence_rules":"","_tribe_blocks_recurrence_description":"","_tribe_blocks_recurrence_exclusions":"","footnotes":""},"class_list":["post-12036","page","type-page","status-publish","hentry"],"acf":[],"yoast_head":"<!-- This site is optimized with the Yoast SEO Premium plugin v26.2 (Yoast SEO v27.5) - https:\/\/yoast.com\/product\/yoast-seo-premium-wordpress\/ -->\n<title>Directives d\u2019assistance | Radancy<\/title>\n<meta name=\"robots\" content=\"index, follow, max-snippet:-1, max-image-preview:large, max-video-preview:-1\" \/>\n<link rel=\"canonical\" href=\"https:\/\/www.radancy.com\/fr\/soutien\/\" \/>\n<meta property=\"og:locale\" content=\"fr_FR\" \/>\n<meta property=\"og:type\" content=\"article\" \/>\n<meta property=\"og:title\" content=\"Directives d\u2019assistance | Radancy\" \/>\n<meta property=\"og:description\" content=\"Directives d\u2019assistance Derni\u00e8re mise \u00e0 jour&nbsp;le 11 juillet 2024 # Normes Web Nos m\u00e9thodologies de conception et de d\u00e9veloppement respectent les normes et directives propos\u00e9es par le W3C (World Wide Read more...\" \/>\n<meta property=\"og:url\" content=\"https:\/\/www.radancy.com\/fr\/soutien\/\" \/>\n<meta property=\"og:site_name\" content=\"Radancy\" \/>\n<meta property=\"article:publisher\" content=\"https:\/\/www.facebook.com\/radancy\" \/>\n<meta property=\"article:modified_time\" content=\"2025-06-19T12:34:22+00:00\" \/>\n<meta property=\"og:image\" content=\"https:\/\/tbcdn.talentbrew.com\/company\/34730\/gst_v1\/img\/meta\/Radancy_JobShare-img-FINAL-FR.jpg\" \/>\n<meta name=\"twitter:card\" content=\"summary_large_image\" \/>\n<meta name=\"twitter:title\" content=\"Directives d\u2019assistance\" \/>\n<meta name=\"twitter:site\" content=\"@radancyco\" \/>\n<meta name=\"twitter:label1\" content=\"Dur\u00e9e de lecture estim\u00e9e\" \/>\n\t<meta name=\"twitter:data1\" content=\"5 minutes\" \/>\n<script type=\"application\/ld+json\" class=\"yoast-schema-graph\">{\"@context\":\"https:\\\/\\\/schema.org\",\"@graph\":[{\"@type\":\"WebPage\",\"@id\":\"https:\\\/\\\/www.radancy.com\\\/fr\\\/soutien\\\/\",\"url\":\"https:\\\/\\\/www.radancy.com\\\/fr\\\/soutien\\\/\",\"name\":\"Directives d\u2019assistance | Radancy\",\"isPartOf\":{\"@id\":\"https:\\\/\\\/www.radancy.com\\\/fr\\\/#website\"},\"datePublished\":\"2023-11-17T03:03:38+00:00\",\"dateModified\":\"2025-06-19T12:34:22+00:00\",\"breadcrumb\":{\"@id\":\"https:\\\/\\\/www.radancy.com\\\/fr\\\/soutien\\\/#breadcrumb\"},\"inLanguage\":\"fr-FR\",\"potentialAction\":[{\"@type\":\"ReadAction\",\"target\":[\"https:\\\/\\\/www.radancy.com\\\/fr\\\/soutien\\\/\"]}]},{\"@type\":\"BreadcrumbList\",\"@id\":\"https:\\\/\\\/www.radancy.com\\\/fr\\\/soutien\\\/#breadcrumb\",\"itemListElement\":[{\"@type\":\"ListItem\",\"position\":1,\"name\":\"Home\",\"item\":\"https:\\\/\\\/www.radancy.com\\\/fr\\\/\"},{\"@type\":\"ListItem\",\"position\":2,\"name\":\"Directives d\u2019assistance\"}]},{\"@type\":\"WebSite\",\"@id\":\"https:\\\/\\\/www.radancy.com\\\/fr\\\/#website\",\"url\":\"https:\\\/\\\/www.radancy.com\\\/fr\\\/\",\"name\":\"Radancy\",\"description\":\"Create Connections That Count.\",\"publisher\":{\"@id\":\"https:\\\/\\\/www.radancy.com\\\/fr\\\/#organization\"},\"potentialAction\":[{\"@type\":\"SearchAction\",\"target\":{\"@type\":\"EntryPoint\",\"urlTemplate\":\"https:\\\/\\\/www.radancy.com\\\/fr\\\/?s={search_term_string}\"},\"query-input\":{\"@type\":\"PropertyValueSpecification\",\"valueRequired\":true,\"valueName\":\"search_term_string\"}}],\"inLanguage\":\"fr-FR\"},{\"@type\":\"Organization\",\"@id\":\"https:\\\/\\\/www.radancy.com\\\/fr\\\/#organization\",\"name\":\"Radancy\",\"url\":\"https:\\\/\\\/www.radancy.com\\\/fr\\\/\",\"logo\":{\"@type\":\"ImageObject\",\"inLanguage\":\"fr-FR\",\"@id\":\"https:\\\/\\\/www.radancy.com\\\/fr\\\/#\\\/schema\\\/logo\\\/image\\\/\",\"url\":\"https:\\\/\\\/www.radancy.com\\\/wp-content\\\/uploads\\\/2024\\\/06\\\/Radancy_Icon_RGB.svg\",\"contentUrl\":\"https:\\\/\\\/www.radancy.com\\\/wp-content\\\/uploads\\\/2024\\\/06\\\/Radancy_Icon_RGB.svg\",\"width\":1,\"height\":1,\"caption\":\"Radancy\"},\"image\":{\"@id\":\"https:\\\/\\\/www.radancy.com\\\/fr\\\/#\\\/schema\\\/logo\\\/image\\\/\"},\"sameAs\":[\"https:\\\/\\\/www.facebook.com\\\/radancy\",\"https:\\\/\\\/x.com\\\/radancyco\",\"https:\\\/\\\/www.linkedin.com\\\/company\\\/radancy\\\/\",\"https:\\\/\\\/www.youtube.com\\\/Radancy\\\/videos\",\"https:\\\/\\\/www.instagram.com\\\/radancyco\"]}]}<\/script>\n<!-- \/ Yoast SEO Premium plugin. -->","yoast_head_json":{"title":"Directives d\u2019assistance | Radancy","robots":{"index":"index","follow":"follow","max-snippet":"max-snippet:-1","max-image-preview":"max-image-preview:large","max-video-preview":"max-video-preview:-1"},"canonical":"https:\/\/www.radancy.com\/fr\/soutien\/","og_locale":"fr_FR","og_type":"article","og_title":"Directives d\u2019assistance | Radancy","og_description":"Directives d\u2019assistance Derni\u00e8re mise \u00e0 jour&nbsp;le 11 juillet 2024 # Normes Web Nos m\u00e9thodologies de conception et de d\u00e9veloppement respectent les normes et directives propos\u00e9es par le W3C (World Wide Read more...","og_url":"https:\/\/www.radancy.com\/fr\/soutien\/","og_site_name":"Radancy","article_publisher":"https:\/\/www.facebook.com\/radancy","article_modified_time":"2025-06-19T12:34:22+00:00","og_image":[{"url":"https:\/\/tbcdn.talentbrew.com\/company\/34730\/gst_v1\/img\/meta\/Radancy_JobShare-img-FINAL-FR.jpg","type":"","width":"","height":""}],"twitter_card":"summary_large_image","twitter_title":"Directives d\u2019assistance","twitter_site":"@radancyco","twitter_misc":{"Dur\u00e9e de lecture estim\u00e9e":"5 minutes"},"schema":{"@context":"https:\/\/schema.org","@graph":[{"@type":"WebPage","@id":"https:\/\/www.radancy.com\/fr\/soutien\/","url":"https:\/\/www.radancy.com\/fr\/soutien\/","name":"Directives d\u2019assistance | Radancy","isPartOf":{"@id":"https:\/\/www.radancy.com\/fr\/#website"},"datePublished":"2023-11-17T03:03:38+00:00","dateModified":"2025-06-19T12:34:22+00:00","breadcrumb":{"@id":"https:\/\/www.radancy.com\/fr\/soutien\/#breadcrumb"},"inLanguage":"fr-FR","potentialAction":[{"@type":"ReadAction","target":["https:\/\/www.radancy.com\/fr\/soutien\/"]}]},{"@type":"BreadcrumbList","@id":"https:\/\/www.radancy.com\/fr\/soutien\/#breadcrumb","itemListElement":[{"@type":"ListItem","position":1,"name":"Home","item":"https:\/\/www.radancy.com\/fr\/"},{"@type":"ListItem","position":2,"name":"Directives d\u2019assistance"}]},{"@type":"WebSite","@id":"https:\/\/www.radancy.com\/fr\/#website","url":"https:\/\/www.radancy.com\/fr\/","name":"Radancy","description":"Create Connections That Count.","publisher":{"@id":"https:\/\/www.radancy.com\/fr\/#organization"},"potentialAction":[{"@type":"SearchAction","target":{"@type":"EntryPoint","urlTemplate":"https:\/\/www.radancy.com\/fr\/?s={search_term_string}"},"query-input":{"@type":"PropertyValueSpecification","valueRequired":true,"valueName":"search_term_string"}}],"inLanguage":"fr-FR"},{"@type":"Organization","@id":"https:\/\/www.radancy.com\/fr\/#organization","name":"Radancy","url":"https:\/\/www.radancy.com\/fr\/","logo":{"@type":"ImageObject","inLanguage":"fr-FR","@id":"https:\/\/www.radancy.com\/fr\/#\/schema\/logo\/image\/","url":"https:\/\/www.radancy.com\/wp-content\/uploads\/2024\/06\/Radancy_Icon_RGB.svg","contentUrl":"https:\/\/www.radancy.com\/wp-content\/uploads\/2024\/06\/Radancy_Icon_RGB.svg","width":1,"height":1,"caption":"Radancy"},"image":{"@id":"https:\/\/www.radancy.com\/fr\/#\/schema\/logo\/image\/"},"sameAs":["https:\/\/www.facebook.com\/radancy","https:\/\/x.com\/radancyco","https:\/\/www.linkedin.com\/company\/radancy\/","https:\/\/www.youtube.com\/Radancy\/videos","https:\/\/www.instagram.com\/radancyco"]}]}},"_links":{"self":[{"href":"https:\/\/www.radancy.com\/fr\/wp-json\/wp\/v2\/pages\/12036","targetHints":{"allow":["GET"]}}],"collection":[{"href":"https:\/\/www.radancy.com\/fr\/wp-json\/wp\/v2\/pages"}],"about":[{"href":"https:\/\/www.radancy.com\/fr\/wp-json\/wp\/v2\/types\/page"}],"author":[{"embeddable":true,"href":"https:\/\/www.radancy.com\/fr\/wp-json\/wp\/v2\/users\/1"}],"replies":[{"embeddable":true,"href":"https:\/\/www.radancy.com\/fr\/wp-json\/wp\/v2\/comments?post=12036"}],"version-history":[{"count":0,"href":"https:\/\/www.radancy.com\/fr\/wp-json\/wp\/v2\/pages\/12036\/revisions"}],"wp:attachment":[{"href":"https:\/\/www.radancy.com\/fr\/wp-json\/wp\/v2\/media?parent=12036"}],"curies":[{"name":"wp","href":"https:\/\/api.w.org\/{rel}","templated":true}]}}