{"id":12022,"date":"2023-11-17T03:03:28","date_gmt":"2023-11-17T03:03:28","guid":{"rendered":"https:\/\/s45175.p1717.sites.pressdns.com\/security\/"},"modified":"2023-12-22T02:44:56","modified_gmt":"2023-12-22T02:44:56","slug":"securite","status":"publish","type":"page","link":"https:\/\/www.radancy.com\/fr\/securite\/","title":{"rendered":"R\u00e8glementations &#038; Conformit\u00e9"},"content":{"rendered":"\n<div class=\"wp-block-group alignfull title-bar has-neutral-1-color has-primary-3-background-color has-text-color has-background is-vertical is-content-justification-center is-layout-flex wp-container-core-group-is-layout-95c46550 wp-block-group-is-layout-flex\" style=\"margin-top:0;margin-bottom:60px;padding-top:35px;padding-right:35px;padding-bottom:35px;padding-left:35px\">\n<h2 class=\"wp-block-heading has-accent-font-family has-headline-smallest-font-size\" style=\"margin-top:0;margin-bottom:0;font-style:normal;font-weight:400\">R\u00e8glementations &amp; Conformit\u00e9<\/h2>\n<\/div>\n\n\n\n<section class=\"wp-block-group cta-with-text section is-vertical is-content-justification-stretch is-layout-flex wp-container-core-group-is-layout-353c4f5a wp-block-group-is-layout-flex\">\n<div class=\"wp-block-group section section--centered section--extra-spacing is-vertical is-content-justification-center is-layout-flex wp-container-core-group-is-layout-ce155fab wp-block-group-is-layout-flex\">\n<div class=\"wp-block-group is-vertical is-content-justification-stretch is-layout-flex wp-container-core-group-is-layout-353c4f5a wp-block-group-is-layout-flex\">\n<h2 class=\"wp-block-heading headline--intro\">Comment s\u00e9curiser un site de carri\u00e8re?<\/h2>\n\n\n\n<p class=\"has-intro-copy-font-size\">Radancy s&rsquo;engage \u00e0 optimiser votre marque, \u00e0 vous permettre de vous connecter aupr\u00e8s de votre public et \u00e0 faire entendre une parole coh\u00e9rente et adapt\u00e9e \u00e0 chaque point de connexion. Pour ce faire, nous nous assurons que vos donn\u00e9es sont s\u00e9curis\u00e9es et priv\u00e9es, tout en \u00e9tant transparents quant \u00e0 notre approche et aux contr\u00f4les de gouvernance.<\/p>\n\n\n\n<div style=\"height:0px\" aria-hidden=\"true\" class=\"wp-block-spacer wp-container-content-f96796aa\"><\/div>\n\n\n\n<div class=\"wp-block-group is-layout-flow wp-block-group-is-layout-flow\">\n<div class=\"wp-block-buttons button button--arrow is-content-justification-center is-layout-flex wp-container-core-buttons-is-layout-a89b3969 wp-block-buttons-is-layout-flex\">\n<div class=\"wp-block-button\"><a class=\"wp-block-button__link wp-element-button\" href=\"https:\/\/www.radancy.com\/fr\/request-security-overview\/\">DEMANDER UN APER\u00c7U DE LA S\u00c9CURIT\u00c9<\/a><\/div>\n<\/div>\n<\/div>\n<\/div>\n<\/div>\n<\/section>\n\n\n\n<section class=\"wp-block-group section is-vertical is-content-justification-stretch is-layout-flex wp-container-core-group-is-layout-353c4f5a wp-block-group-is-layout-flex\">\n<div class=\"wp-block-columns security-links section section--extra-spacing section--centered security-cards fs-container four-column-icon-text is-layout-flex wp-container-core-columns-is-layout-28f84493 wp-block-columns-is-layout-flex\">\n<div class=\"wp-block-column fs-12 fs-m-3 prod-check-inView fadeInRightanimated element-exposed is-layout-flow wp-block-column-is-layout-flow\" style=\"flex-basis:25%\">\n<figure class=\"wp-block-image\"><img decoding=\"async\" src=\"https:\/\/s45175.p1717.sites.pressdns.com\/wp-content\/uploads\/2023\/11\/img-security-aicpa-logo.png\" alt=\"\"\/><\/figure>\n\n\n\n<p>Notre rapport SOC 2 Type 2 + HITRUST est <a href=\"https:\/\/www.radancy.com\/fr\/nous-contacter\">disponible sur demande<\/a><\/p>\n<\/div>\n\n\n\n<div class=\"wp-block-column fs-12 fs-m-3 prod-check-inView fadeInLeftanimated element-exposed is-layout-flow wp-block-column-is-layout-flow\" style=\"flex-basis:25%\">\n<figure class=\"wp-block-image\"><img decoding=\"async\" src=\"https:\/\/s45175.p1717.sites.pressdns.com\/wp-content\/uploads\/2023\/11\/security20privacy_shield.svg\" alt=\"\"\/><\/figure>\n\n\n\n<p>EU\/US and Swiss\/US<br>Bouclier de la vie priv\u00e9e<br>Principes de confidentialit\u00e9 des donn\u00e9es<\/p>\n<\/div>\n\n\n\n<div class=\"wp-block-column fs-12 fs-m-3 prod-check-inView fadeInLeftanimated element-exposed is-layout-flow wp-block-column-is-layout-flow\" style=\"flex-basis:25%\">\n<figure class=\"wp-block-image\"><img decoding=\"async\" src=\"https:\/\/s45175.p1717.sites.pressdns.com\/wp-content\/uploads\/2023\/11\/security20csa-logo.svg\" alt=\"\"\/><\/figure>\n\n\n\n<p>CSA<br>Cloud Security Alliance<\/p>\n<\/div>\n\n\n\n<div class=\"wp-block-column fs-12 fs-m-3 prod-check-inView fadeInRightanimated element-exposed is-layout-flow wp-block-column-is-layout-flow\" style=\"flex-basis:25%\">\n<figure class=\"wp-block-image\"><img decoding=\"async\" src=\"https:\/\/s45175.p1717.sites.pressdns.com\/wp-content\/uploads\/2023\/11\/img-security-nist-logo.png\" alt=\"\"\/><\/figure>\n\n\n\n<p>800-171 Protection des informations non classifi\u00e9es contr\u00f4l\u00e9es dans les syst\u00e8mes et organisations non-f\u00e9d\u00e9raux<\/p>\n<\/div>\n<\/div>\n\n\n\n<div style=\"height:0px\" aria-hidden=\"true\" class=\"wp-block-spacer wp-container-content-f96796aa\"><\/div>\n\n\n\n<div class=\"wp-block-group section--extra-spacing heading-text-3-column-list is-vertical is-content-justification-stretch is-layout-flex wp-container-core-group-is-layout-353c4f5a wp-block-group-is-layout-flex\">\n<div class=\"wp-block-group section section--extra-spacing section--centered is-vertical is-content-justification-center is-layout-flex wp-container-core-group-is-layout-ce155fab wp-block-group-is-layout-flex\">\n<h3 class=\"wp-block-heading headline font-color--blue has-primary-2-color has-text-color has-link-color wp-elements-ece932ff0b789271a9c95fb68bd171cb\">Caract\u00e8ristiques de S\u00e9curit\u00e9<\/h3>\n\n\n\n<p>L&rsquo;un des principaux objectifs du programme de s\u00e9curit\u00e9 de Radancy est d&#8217;emp\u00eacher tout acc\u00e8s non-autoris\u00e9 aux donn\u00e9es de nos clients. \u00c0 cette fin, Radancy place la s\u00e9curit\u00e9 au premier plan de tout d\u00e9veloppement de r\u00e9seaux, de syst\u00e8mes et d&rsquo;applications. Radancy offre de nombreuses fonctionnalit\u00e9s pour garantir que vos donn\u00e9es sont prot\u00e9g\u00e9es et disponibles lorsque vous en avez besoin.<\/p>\n<\/div>\n\n\n\n<div class=\"wp-block-columns security-features security-cards fs-container section--centered is-layout-flex wp-container-core-columns-is-layout-28f84493 wp-block-columns-is-layout-flex\">\n<div class=\"wp-block-column fs-12 fs-m-4 is-layout-flow wp-block-column-is-layout-flow\" style=\"flex-basis:33.333333333333%\">\n<p><b>Cryptage au repos et en transit<\/b><\/p>\n<\/div>\n\n\n\n<div class=\"wp-block-column fs-12 fs-m-4 is-layout-flow wp-block-column-is-layout-flow\" style=\"flex-basis:33.333333333333%\">\n<p><b>SSO bas\u00e9 sur SAML<\/b><\/p>\n<\/div>\n\n\n\n<div class=\"wp-block-column fs-12 fs-m-4 is-layout-flow wp-block-column-is-layout-flow\" style=\"flex-basis:33.333333333333%\">\n<p><b>Conservation Personnalis\u00e9e des Donn\u00e9es<\/b><\/p>\n<\/div>\n\n\n\n<div class=\"wp-block-column fs-12 fs-m-4 is-layout-flow wp-block-column-is-layout-flow\" style=\"flex-basis:33.333333333333%\">\n<p><b>Test de P\u00e9n\u00e9tration<\/b><\/p>\n<\/div>\n\n\n\n<div class=\"wp-block-column fs-12 fs-m-4 is-layout-flow wp-block-column-is-layout-flow\" style=\"flex-basis:33.333333333333%\">\n<p><b>Gestion des Vuln\u00e9rabilit\u00e9s<\/b><\/p>\n<\/div>\n\n\n\n<div class=\"wp-block-column fs-12 fs-m-4 is-layout-flow wp-block-column-is-layout-flow\" style=\"flex-basis:33.333333333333%\">\n<p><b>Protection DDOS<\/b><\/p>\n<\/div>\n\n\n\n<div class=\"wp-block-column fs-12 fs-m-4 is-layout-flow wp-block-column-is-layout-flow\" style=\"flex-basis:33.333333333333%\">\n<p><b>Haute disponibilit\u00e9 et reprise apr\u00e8s sinistre<\/b><\/p>\n<\/div>\n<\/div>\n<\/div>\n\n\n\n<div style=\"height:0px\" aria-hidden=\"true\" class=\"wp-block-spacer wp-container-content-f96796aa\"><\/div>\n\n\n\n<div class=\"wp-block-columns is-layout-flex wp-container-core-columns-is-layout-28f84493 wp-block-columns-is-layout-flex\">\n<div class=\"wp-block-column is-layout-flow wp-block-column-is-layout-flow\"><\/div>\n\n\n\n<div class=\"wp-block-column is-layout-flow wp-block-column-is-layout-flow\">\n<section class=\"wp-block-group cta-with-text section is-vertical is-content-justification-stretch is-layout-flex wp-container-core-group-is-layout-353c4f5a wp-block-group-is-layout-flex\">\n<div class=\"wp-block-group section section--centered section--extra-spacing is-vertical is-content-justification-center is-layout-flex wp-container-core-group-is-layout-ce155fab wp-block-group-is-layout-flex\">\n<div class=\"wp-block-group is-vertical is-content-justification-stretch is-layout-flex wp-container-core-group-is-layout-353c4f5a wp-block-group-is-layout-flex\">\n<h2 class=\"wp-block-heading headline--intro has-copy-font-family\" style=\"font-size:clamp(15.747px, 0.984rem + ((1vw - 3.2px) * 0.737), 24px);font-style:normal;font-weight:600\">Demandez le Livre Blanc sur la S\u00e9curit\u00e9 des Donn\u00e9es de Radancy<\/h2>\n\n\n\n<p>Radancy prend la s\u00e9curit\u00e9 tr\u00e9s au s\u00e9rieux. Si vous pensez avoir trouv\u00e9 une faille de s\u00e9curit\u00e9 sur notre plateforme, veuillez contacter notre \u00e9quipe de s\u00e9curit\u00e9 en cliquant sur le bouton ci-dessous.<\/p>\n\n\n\n<div class=\"wp-block-group is-layout-flow wp-block-group-is-layout-flow\">\n<div class=\"wp-block-buttons button button--arrow is-content-justification-center is-layout-flex wp-container-core-buttons-is-layout-a89b3969 wp-block-buttons-is-layout-flex\">\n<div class=\"wp-block-button\"><a class=\"wp-block-button__link wp-element-button\" href=\"\/fr\/problemes-de-securite\/\">signaler un probleme de S\u00c9CURIT\u00c9 a radancy<\/a><\/div>\n<\/div>\n<\/div>\n<\/div>\n<\/div>\n<\/section>\n<\/div>\n\n\n\n<div class=\"wp-block-column is-layout-flow wp-block-column-is-layout-flow\"><\/div>\n<\/div>\n<\/section>\n\n\n\n<div class=\"wp-block-group alignfull cta contact-cta has-neutral-1-color has-primary-2-background-color has-text-color has-background has-global-padding is-layout-constrained wp-container-core-group-is-layout-80fb368b wp-block-group-is-layout-constrained\" style=\"padding-top:var(--wp--preset--spacing--30);padding-right:var(--wp--preset--spacing--30);padding-bottom:var(--wp--preset--spacing--30);padding-left:var(--wp--preset--spacing--30)\">\n<h2 class=\"wp-block-heading has-text-align-center headline text-contrast contact-cta--heading contact-cta--text has-headline-smallest-font-size\"><strong>RADANCY ET LE R\u00c8GLEMENT G\u00c9N\u00c9RAL DE L&rsquo;UE SUR LA PROTECTION DES DONN\u00c9ES (RGPD)<\/strong><\/h2>\n\n\n\n<p class=\"has-text-align-center text-contrast contact-cta--text has-copy-font-size\">Radancy comprend l&rsquo;importance de la protection de la vie priv\u00e9e et des donn\u00e9es, notamment en ce qui concerne l&rsquo;acquisition de talents. Comme pour les autres lois sur la protection des donn\u00e9es, la conformit\u00e9 au RGPD exige un engagement de la part de Radancy et de ses clients. Nos objectifs sont align\u00e9s sur ceux du RGPD, \u00e0 savoir respecter les politiques de nos clients et la vie priv\u00e9e des candidats qu&rsquo;ils attirent et recrutent. En tant qu\u2019experts marketing dans le domaine de l&rsquo;acquisition de talents, nous savons que si nous cr\u00e9ons des exp\u00e9riences impactantes, personnelles et tourn\u00e9es vers l\u2019humain, fond\u00e9es sur la confiance et d\u00e9livr\u00e9es avec soin, nos clients maximiseront leur capacit\u00e9 \u00e0 attirer et \u00e0 convertir des candidats potentiels.<\/p>\n\n\n\n<div class=\"wp-block-group alignfull is-not-stacked-on-mobile is-layout-flow wp-block-group-is-layout-flow\">\n<div class=\"wp-block-buttons button button--arrow button--on-dark-bg contact-cta--buttons is-content-justification-center is-layout-flex wp-container-core-buttons-is-layout-a89b3969 wp-block-buttons-is-layout-flex\">\n<div class=\"wp-block-button\"><a class=\"wp-block-button__link wp-element-button\" href=\"https:\/\/www.radancy.com\/fr\/request-security-overview\/\">DEMANDER UN COMPTE-RENDU DU RGPD<\/a><\/div>\n<\/div>\n<\/div>\n<\/div>\n","protected":false},"excerpt":{"rendered":"<p>R\u00e8glementations &amp; Conformit\u00e9 Comment s\u00e9curiser un site de carri\u00e8re? Radancy s&rsquo;engage \u00e0 optimiser votre marque, \u00e0 vous permettre de vous connecter aupr\u00e8s de votre public et \u00e0 faire entendre une <a class=\"more-link\" href=\"https:\/\/www.radancy.com\/fr\/securite\/\">Read more&#8230;<\/a><\/p>\n","protected":false},"author":1,"featured_media":0,"parent":0,"menu_order":0,"comment_status":"closed","ping_status":"closed","template":"","meta":{"_acf_changed":false,"_EventAllDay":false,"_EventTimezone":"","_EventStartDate":"","_EventEndDate":"","_EventStartDateUTC":"","_EventEndDateUTC":"","_EventShowMap":false,"_EventShowMapLink":false,"_EventURL":"","_EventCost":"","_EventCostDescription":"","_EventCurrencySymbol":"","_EventCurrencyCode":"","_EventCurrencyPosition":"","_EventDateTimeSeparator":"","_EventTimeRangeSeparator":"","_EventOrganizerID":[],"_EventVenueID":[],"_OrganizerEmail":"","_OrganizerPhone":"","_OrganizerWebsite":"","_VenueAddress":"","_VenueCity":"","_VenueCountry":"","_VenueProvince":"","_VenueState":"","_VenueZip":"","_VenuePhone":"","_VenueURL":"","_VenueStateProvince":"","_VenueLat":"","_VenueLng":"","_VenueShowMap":false,"_VenueShowMapLink":false,"_tribe_blocks_recurrence_rules":"","_tribe_blocks_recurrence_description":"","_tribe_blocks_recurrence_exclusions":"","footnotes":""},"class_list":["post-12022","page","type-page","status-publish","hentry"],"acf":[],"yoast_head":"<!-- This site is optimized with the Yoast SEO Premium plugin v26.2 (Yoast SEO v27.4) - https:\/\/yoast.com\/product\/yoast-seo-premium-wordpress\/ -->\n<title>R\u00e8glementations &amp; Conformit\u00e9 | Radancy<\/title>\n<meta name=\"robots\" content=\"index, follow, max-snippet:-1, max-image-preview:large, max-video-preview:-1\" \/>\n<link rel=\"canonical\" href=\"https:\/\/www.radancy.com\/fr\/securite\/\" \/>\n<meta property=\"og:locale\" content=\"fr_FR\" \/>\n<meta property=\"og:type\" content=\"article\" \/>\n<meta property=\"og:title\" content=\"R\u00e8glementations &amp; Conformit\u00e9 | Radancy\" \/>\n<meta property=\"og:description\" content=\"R\u00e8glementations &amp; Conformit\u00e9 Comment s\u00e9curiser un site de carri\u00e8re? Radancy s&rsquo;engage \u00e0 optimiser votre marque, \u00e0 vous permettre de vous connecter aupr\u00e8s de votre public et \u00e0 faire entendre une Read more...\" \/>\n<meta property=\"og:url\" content=\"https:\/\/www.radancy.com\/fr\/securite\/\" \/>\n<meta property=\"og:site_name\" content=\"Radancy\" \/>\n<meta property=\"article:publisher\" content=\"https:\/\/www.facebook.com\/radancy\" \/>\n<meta property=\"article:modified_time\" content=\"2023-12-22T02:44:56+00:00\" \/>\n<meta property=\"og:image\" content=\"https:\/\/tbcdn.talentbrew.com\/company\/34730\/gst_v1\/img\/meta\/Radancy_JobShare-img-FINAL-FR.jpg\" \/>\n<meta name=\"twitter:card\" content=\"summary_large_image\" \/>\n<meta name=\"twitter:title\" content=\"R\u00e8glementations &amp; Conformit\u00e9\" \/>\n<meta name=\"twitter:site\" content=\"@radancyco\" \/>\n<script type=\"application\/ld+json\" class=\"yoast-schema-graph\">{\"@context\":\"https:\\\/\\\/schema.org\",\"@graph\":[{\"@type\":\"WebPage\",\"@id\":\"https:\\\/\\\/www.radancy.com\\\/fr\\\/securite\\\/\",\"url\":\"https:\\\/\\\/www.radancy.com\\\/fr\\\/securite\\\/\",\"name\":\"R\u00e8glementations & Conformit\u00e9 | Radancy\",\"isPartOf\":{\"@id\":\"https:\\\/\\\/www.radancy.com\\\/fr\\\/#website\"},\"primaryImageOfPage\":{\"@id\":\"https:\\\/\\\/www.radancy.com\\\/fr\\\/securite\\\/#primaryimage\"},\"image\":{\"@id\":\"https:\\\/\\\/www.radancy.com\\\/fr\\\/securite\\\/#primaryimage\"},\"thumbnailUrl\":\"https:\\\/\\\/s45175.p1717.sites.pressdns.com\\\/wp-content\\\/uploads\\\/2023\\\/11\\\/img-security-aicpa-logo.png\",\"datePublished\":\"2023-11-17T03:03:28+00:00\",\"dateModified\":\"2023-12-22T02:44:56+00:00\",\"breadcrumb\":{\"@id\":\"https:\\\/\\\/www.radancy.com\\\/fr\\\/securite\\\/#breadcrumb\"},\"inLanguage\":\"fr-FR\",\"potentialAction\":[{\"@type\":\"ReadAction\",\"target\":[\"https:\\\/\\\/www.radancy.com\\\/fr\\\/securite\\\/\"]}]},{\"@type\":\"ImageObject\",\"inLanguage\":\"fr-FR\",\"@id\":\"https:\\\/\\\/www.radancy.com\\\/fr\\\/securite\\\/#primaryimage\",\"url\":\"https:\\\/\\\/s45175.p1717.sites.pressdns.com\\\/wp-content\\\/uploads\\\/2023\\\/11\\\/img-security-aicpa-logo.png\",\"contentUrl\":\"https:\\\/\\\/s45175.p1717.sites.pressdns.com\\\/wp-content\\\/uploads\\\/2023\\\/11\\\/img-security-aicpa-logo.png\"},{\"@type\":\"BreadcrumbList\",\"@id\":\"https:\\\/\\\/www.radancy.com\\\/fr\\\/securite\\\/#breadcrumb\",\"itemListElement\":[{\"@type\":\"ListItem\",\"position\":1,\"name\":\"Home\",\"item\":\"https:\\\/\\\/www.radancy.com\\\/fr\\\/\"},{\"@type\":\"ListItem\",\"position\":2,\"name\":\"R\u00e8glementations &#038; Conformit\u00e9\"}]},{\"@type\":\"WebSite\",\"@id\":\"https:\\\/\\\/www.radancy.com\\\/fr\\\/#website\",\"url\":\"https:\\\/\\\/www.radancy.com\\\/fr\\\/\",\"name\":\"Radancy\",\"description\":\"Create Connections That Count.\",\"publisher\":{\"@id\":\"https:\\\/\\\/www.radancy.com\\\/fr\\\/#organization\"},\"potentialAction\":[{\"@type\":\"SearchAction\",\"target\":{\"@type\":\"EntryPoint\",\"urlTemplate\":\"https:\\\/\\\/www.radancy.com\\\/fr\\\/?s={search_term_string}\"},\"query-input\":{\"@type\":\"PropertyValueSpecification\",\"valueRequired\":true,\"valueName\":\"search_term_string\"}}],\"inLanguage\":\"fr-FR\"},{\"@type\":\"Organization\",\"@id\":\"https:\\\/\\\/www.radancy.com\\\/fr\\\/#organization\",\"name\":\"Radancy\",\"url\":\"https:\\\/\\\/www.radancy.com\\\/fr\\\/\",\"logo\":{\"@type\":\"ImageObject\",\"inLanguage\":\"fr-FR\",\"@id\":\"https:\\\/\\\/www.radancy.com\\\/fr\\\/#\\\/schema\\\/logo\\\/image\\\/\",\"url\":\"https:\\\/\\\/www.radancy.com\\\/wp-content\\\/uploads\\\/2024\\\/06\\\/Radancy_Icon_RGB.svg\",\"contentUrl\":\"https:\\\/\\\/www.radancy.com\\\/wp-content\\\/uploads\\\/2024\\\/06\\\/Radancy_Icon_RGB.svg\",\"width\":1,\"height\":1,\"caption\":\"Radancy\"},\"image\":{\"@id\":\"https:\\\/\\\/www.radancy.com\\\/fr\\\/#\\\/schema\\\/logo\\\/image\\\/\"},\"sameAs\":[\"https:\\\/\\\/www.facebook.com\\\/radancy\",\"https:\\\/\\\/x.com\\\/radancyco\",\"https:\\\/\\\/www.linkedin.com\\\/company\\\/radancy\\\/\",\"https:\\\/\\\/www.youtube.com\\\/Radancy\\\/videos\",\"https:\\\/\\\/www.instagram.com\\\/radancyco\"]}]}<\/script>\n<!-- \/ Yoast SEO Premium plugin. -->","yoast_head_json":{"title":"R\u00e8glementations & Conformit\u00e9 | Radancy","robots":{"index":"index","follow":"follow","max-snippet":"max-snippet:-1","max-image-preview":"max-image-preview:large","max-video-preview":"max-video-preview:-1"},"canonical":"https:\/\/www.radancy.com\/fr\/securite\/","og_locale":"fr_FR","og_type":"article","og_title":"R\u00e8glementations & Conformit\u00e9 | Radancy","og_description":"R\u00e8glementations &amp; Conformit\u00e9 Comment s\u00e9curiser un site de carri\u00e8re? Radancy s&rsquo;engage \u00e0 optimiser votre marque, \u00e0 vous permettre de vous connecter aupr\u00e8s de votre public et \u00e0 faire entendre une Read more...","og_url":"https:\/\/www.radancy.com\/fr\/securite\/","og_site_name":"Radancy","article_publisher":"https:\/\/www.facebook.com\/radancy","article_modified_time":"2023-12-22T02:44:56+00:00","og_image":[{"url":"https:\/\/tbcdn.talentbrew.com\/company\/34730\/gst_v1\/img\/meta\/Radancy_JobShare-img-FINAL-FR.jpg","type":"","width":"","height":""}],"twitter_card":"summary_large_image","twitter_title":"R\u00e8glementations & Conformit\u00e9","twitter_site":"@radancyco","schema":{"@context":"https:\/\/schema.org","@graph":[{"@type":"WebPage","@id":"https:\/\/www.radancy.com\/fr\/securite\/","url":"https:\/\/www.radancy.com\/fr\/securite\/","name":"R\u00e8glementations & Conformit\u00e9 | Radancy","isPartOf":{"@id":"https:\/\/www.radancy.com\/fr\/#website"},"primaryImageOfPage":{"@id":"https:\/\/www.radancy.com\/fr\/securite\/#primaryimage"},"image":{"@id":"https:\/\/www.radancy.com\/fr\/securite\/#primaryimage"},"thumbnailUrl":"https:\/\/s45175.p1717.sites.pressdns.com\/wp-content\/uploads\/2023\/11\/img-security-aicpa-logo.png","datePublished":"2023-11-17T03:03:28+00:00","dateModified":"2023-12-22T02:44:56+00:00","breadcrumb":{"@id":"https:\/\/www.radancy.com\/fr\/securite\/#breadcrumb"},"inLanguage":"fr-FR","potentialAction":[{"@type":"ReadAction","target":["https:\/\/www.radancy.com\/fr\/securite\/"]}]},{"@type":"ImageObject","inLanguage":"fr-FR","@id":"https:\/\/www.radancy.com\/fr\/securite\/#primaryimage","url":"https:\/\/s45175.p1717.sites.pressdns.com\/wp-content\/uploads\/2023\/11\/img-security-aicpa-logo.png","contentUrl":"https:\/\/s45175.p1717.sites.pressdns.com\/wp-content\/uploads\/2023\/11\/img-security-aicpa-logo.png"},{"@type":"BreadcrumbList","@id":"https:\/\/www.radancy.com\/fr\/securite\/#breadcrumb","itemListElement":[{"@type":"ListItem","position":1,"name":"Home","item":"https:\/\/www.radancy.com\/fr\/"},{"@type":"ListItem","position":2,"name":"R\u00e8glementations &#038; Conformit\u00e9"}]},{"@type":"WebSite","@id":"https:\/\/www.radancy.com\/fr\/#website","url":"https:\/\/www.radancy.com\/fr\/","name":"Radancy","description":"Create Connections That Count.","publisher":{"@id":"https:\/\/www.radancy.com\/fr\/#organization"},"potentialAction":[{"@type":"SearchAction","target":{"@type":"EntryPoint","urlTemplate":"https:\/\/www.radancy.com\/fr\/?s={search_term_string}"},"query-input":{"@type":"PropertyValueSpecification","valueRequired":true,"valueName":"search_term_string"}}],"inLanguage":"fr-FR"},{"@type":"Organization","@id":"https:\/\/www.radancy.com\/fr\/#organization","name":"Radancy","url":"https:\/\/www.radancy.com\/fr\/","logo":{"@type":"ImageObject","inLanguage":"fr-FR","@id":"https:\/\/www.radancy.com\/fr\/#\/schema\/logo\/image\/","url":"https:\/\/www.radancy.com\/wp-content\/uploads\/2024\/06\/Radancy_Icon_RGB.svg","contentUrl":"https:\/\/www.radancy.com\/wp-content\/uploads\/2024\/06\/Radancy_Icon_RGB.svg","width":1,"height":1,"caption":"Radancy"},"image":{"@id":"https:\/\/www.radancy.com\/fr\/#\/schema\/logo\/image\/"},"sameAs":["https:\/\/www.facebook.com\/radancy","https:\/\/x.com\/radancyco","https:\/\/www.linkedin.com\/company\/radancy\/","https:\/\/www.youtube.com\/Radancy\/videos","https:\/\/www.instagram.com\/radancyco"]}]}},"_links":{"self":[{"href":"https:\/\/www.radancy.com\/fr\/wp-json\/wp\/v2\/pages\/12022","targetHints":{"allow":["GET"]}}],"collection":[{"href":"https:\/\/www.radancy.com\/fr\/wp-json\/wp\/v2\/pages"}],"about":[{"href":"https:\/\/www.radancy.com\/fr\/wp-json\/wp\/v2\/types\/page"}],"author":[{"embeddable":true,"href":"https:\/\/www.radancy.com\/fr\/wp-json\/wp\/v2\/users\/1"}],"replies":[{"embeddable":true,"href":"https:\/\/www.radancy.com\/fr\/wp-json\/wp\/v2\/comments?post=12022"}],"version-history":[{"count":0,"href":"https:\/\/www.radancy.com\/fr\/wp-json\/wp\/v2\/pages\/12022\/revisions"}],"wp:attachment":[{"href":"https:\/\/www.radancy.com\/fr\/wp-json\/wp\/v2\/media?parent=12022"}],"curies":[{"name":"wp","href":"https:\/\/api.w.org\/{rel}","templated":true}]}}