{"id":12020,"date":"2023-11-17T03:03:27","date_gmt":"2023-11-17T03:03:27","guid":{"rendered":"https:\/\/s45175.p1717.sites.pressdns.com\/request-security-overview\/"},"modified":"2023-12-13T22:44:15","modified_gmt":"2023-12-13T22:44:15","slug":"request-security-overview","status":"publish","type":"page","link":"https:\/\/www.radancy.com\/fr\/request-security-overview\/","title":{"rendered":"Demande d\u2019Aper\u00e7u de S\u00e9curit\u00e9"},"content":{"rendered":"\n<div class=\"wp-block-group alignfull title-bar has-neutral-1-color has-primary-3-background-color has-text-color has-background is-vertical is-content-justification-center is-layout-flex wp-container-core-group-is-layout-95c46550 wp-block-group-is-layout-flex\" style=\"margin-top:0;margin-bottom:60px;padding-top:35px;padding-right:35px;padding-bottom:35px;padding-left:35px\">\n<h2 class=\"wp-block-heading has-accent-font-family has-headline-smallest-font-size\" style=\"margin-top:0;margin-bottom:0;font-style:normal;font-weight:400\">Demande d\u2019Aper\u00e7u de S\u00e9curit\u00e9<\/h2>\n<\/div>\n\n\n\n<section class=\"wp-block-group section is-vertical is-content-justification-stretch is-layout-flex wp-container-core-group-is-layout-353c4f5a wp-block-group-is-layout-flex\">\n<div class=\"wp-block-group section section--centered section--extra-spacing is-vertical is-content-justification-center is-layout-flex wp-container-core-group-is-layout-ce155fab wp-block-group-is-layout-flex\">\n<div class=\"wp-block-group is-vertical is-content-justification-stretch is-layout-flex wp-container-core-group-is-layout-353c4f5a wp-block-group-is-layout-flex\">\n<h2 class=\"wp-block-heading has-text-align-center headline--intro has-primary-1-color has-text-color has-link-color wp-elements-67f608c1ca84eea22d9a647e291f5c30\">Demande d&rsquo;informations sur les r\u00e8glements de s\u00e9curit\u00e9 Radancy<\/h2>\n\n\n\n<p class=\"has-text-align-center\">Le programme de s\u00e9curit\u00e9 de Radancy vise principalement \u00e0 emp\u00eacher tout acc\u00e8s non autoris\u00e9 aux donn\u00e9es de nos clients. \u00c0 cette fin, Radancy place la s\u00e9curit\u00e9 au premier plan de tout d\u00e9veloppement de r\u00e9seaux, de syst\u00e8mes et d&rsquo;applications. Radancy offre de nombreuses fonctionnalit\u00e9s pour garantir que vos donn\u00e9es soient prot\u00e9g\u00e9es et disponibles lorsque vous en avez besoin. <\/p>\n\n\n\n<p class=\"has-text-align-center\">En tant qu\u2019experts marketing dans le domaine de l&rsquo;acquisition de talents, nous savons que si nous cr\u00e9ons des exp\u00e9riences impactantes, personelles et tourn\u00e9es vers l\u2019humain, fond\u00e9es sur la confiance et d\u00e9livr\u00e9es avec soin, nos clients maximiseront leur capacit\u00e9 \u00e0 attirer et \u00e0 convertir des candidats potentiels. <\/p>\n\n\n\n<p class=\"has-text-align-center\">Nos objectifs sont align\u00e9s sur ceux du RGPD, \u00e0 savoir respecter les politiques de nos clients et la vie priv\u00e9e des candidats qu&rsquo;ils attirent et recrutent. <\/p>\n<\/div>\n<\/div>\n\n\n\n<h3 class=\"wp-block-heading has-text-align-center headline section--centered has-headline-smallest-font-size\" style=\"font-style:normal;font-weight:700\">Pour en savoir plus sur notre r\u00e8glement de s\u00e9curit\u00e9, veuillez remplir le formulaire ci-dessous:<\/h3>\n\n\n\n<div class=\"wp-block-group is-layout-flow wp-block-group-is-layout-flow\">\n<iframe style=\"height:1200px;width:100%\" id=\"thisFrame\" src=\"https:\/\/go.pardot.com\/l\/212182\/2021-01-15\/2t51hw\"\"><\/iframe>\n<\/div>\n\n\n\n<div class=\"wp-block-columns v-card-new section section--extra-spacing fs-container is-layout-flex wp-container-core-columns-is-layout-371cbaa0 wp-block-columns-is-layout-flex\" style=\"border-top-color:var(--wp--preset--color--primary-contrast-light);border-top-width:2px;margin-bottom:40px;padding-top:30px\">\n<div class=\"wp-block-column fs-m-6 is-layout-flow wp-block-column-is-layout-flow\" style=\"flex-basis:50%\">\n<p class=\"has-accent-font-family has-copy-font-size\"><span><span>Voir <a href=\"\/fr\/nos-bureaux-travers-le-monde\">nos bureaux dans le monde<\/a>.<\/span><\/span><\/p>\n<\/div>\n\n\n\n<div class=\"wp-block-column fs-m-6 is-layout-flow wp-block-column-is-layout-flow\" style=\"flex-basis:50%\">\n<p class=\"has-accent-font-family has-copy-font-size\"><span><span><span>En savoir plus sur nos <a href=\"\/fr\/carrieres\">Opportunit\u00e9s d\u2019emploi<\/a>.<\/span><\/span><\/span><\/p>\n<\/div>\n<\/div>\n<\/section>\n","protected":false},"excerpt":{"rendered":"<p>Demande d\u2019Aper\u00e7u de S\u00e9curit\u00e9 Demande d&rsquo;informations sur les r\u00e8glements de s\u00e9curit\u00e9 Radancy Le programme de s\u00e9curit\u00e9 de Radancy vise principalement \u00e0 emp\u00eacher tout acc\u00e8s non autoris\u00e9 aux donn\u00e9es de nos <a class=\"more-link\" href=\"https:\/\/www.radancy.com\/fr\/request-security-overview\/\">Read more&#8230;<\/a><\/p>\n","protected":false},"author":1,"featured_media":0,"parent":0,"menu_order":0,"comment_status":"closed","ping_status":"closed","template":"","meta":{"_acf_changed":false,"_EventAllDay":false,"_EventTimezone":"","_EventStartDate":"","_EventEndDate":"","_EventStartDateUTC":"","_EventEndDateUTC":"","_EventShowMap":false,"_EventShowMapLink":false,"_EventURL":"","_EventCost":"","_EventCostDescription":"","_EventCurrencySymbol":"","_EventCurrencyCode":"","_EventCurrencyPosition":"","_EventDateTimeSeparator":"","_EventTimeRangeSeparator":"","_EventOrganizerID":[],"_EventVenueID":[],"_OrganizerEmail":"","_OrganizerPhone":"","_OrganizerWebsite":"","_VenueAddress":"","_VenueCity":"","_VenueCountry":"","_VenueProvince":"","_VenueState":"","_VenueZip":"","_VenuePhone":"","_VenueURL":"","_VenueStateProvince":"","_VenueLat":"","_VenueLng":"","_VenueShowMap":false,"_VenueShowMapLink":false,"_tribe_blocks_recurrence_rules":"","_tribe_blocks_recurrence_description":"","_tribe_blocks_recurrence_exclusions":"","footnotes":""},"class_list":["post-12020","page","type-page","status-publish","hentry"],"acf":[],"yoast_head":"<!-- This site is optimized with the Yoast SEO Premium plugin v26.2 (Yoast SEO v27.6) - https:\/\/yoast.com\/product\/yoast-seo-premium-wordpress\/ -->\n<title>Demande d\u2019Aper\u00e7u de S\u00e9curit\u00e9 | Radancy<\/title>\n<meta name=\"robots\" content=\"noindex, follow\" \/>\n<meta property=\"og:locale\" content=\"fr_FR\" \/>\n<meta property=\"og:type\" content=\"article\" \/>\n<meta property=\"og:title\" content=\"Demande d\u2019Aper\u00e7u de S\u00e9curit\u00e9 | Radancy\" \/>\n<meta property=\"og:description\" content=\"Demande d\u2019Aper\u00e7u de S\u00e9curit\u00e9 Demande d&rsquo;informations sur les r\u00e8glements de s\u00e9curit\u00e9 Radancy Le programme de s\u00e9curit\u00e9 de Radancy vise principalement \u00e0 emp\u00eacher tout acc\u00e8s non autoris\u00e9 aux donn\u00e9es de nos Read more...\" \/>\n<meta property=\"og:url\" content=\"https:\/\/www.radancy.com\/fr\/request-security-overview\/\" \/>\n<meta property=\"og:site_name\" content=\"Radancy\" \/>\n<meta property=\"article:publisher\" content=\"https:\/\/www.facebook.com\/radancy\" \/>\n<meta property=\"article:modified_time\" content=\"2023-12-13T22:44:15+00:00\" \/>\n<meta property=\"og:image\" content=\"https:\/\/tbcdn.talentbrew.com\/company\/34730\/gst_v1\/img\/meta\/Radancy_JobShare-img-FINAL-FR.jpg\" \/>\n<meta name=\"twitter:card\" content=\"summary_large_image\" \/>\n<meta name=\"twitter:title\" content=\"Demande d\u2019Aper\u00e7u de S\u00e9curit\u00e9\" \/>\n<meta name=\"twitter:site\" content=\"@radancyco\" \/>\n<meta name=\"twitter:label1\" content=\"Dur\u00e9e de lecture estim\u00e9e\" \/>\n\t<meta name=\"twitter:data1\" content=\"1 minute\" \/>\n<script type=\"application\/ld+json\" class=\"yoast-schema-graph\">{\"@context\":\"https:\\\/\\\/schema.org\",\"@graph\":[{\"@type\":\"WebPage\",\"@id\":\"https:\\\/\\\/www.radancy.com\\\/fr\\\/request-security-overview\\\/\",\"url\":\"https:\\\/\\\/www.radancy.com\\\/fr\\\/request-security-overview\\\/\",\"name\":\"Demande d\u2019Aper\u00e7u de S\u00e9curit\u00e9 | Radancy\",\"isPartOf\":{\"@id\":\"https:\\\/\\\/www.radancy.com\\\/fr\\\/#website\"},\"datePublished\":\"2023-11-17T03:03:27+00:00\",\"dateModified\":\"2023-12-13T22:44:15+00:00\",\"breadcrumb\":{\"@id\":\"https:\\\/\\\/www.radancy.com\\\/fr\\\/request-security-overview\\\/#breadcrumb\"},\"inLanguage\":\"fr-FR\",\"potentialAction\":[{\"@type\":\"ReadAction\",\"target\":[\"https:\\\/\\\/www.radancy.com\\\/fr\\\/request-security-overview\\\/\"]}]},{\"@type\":\"BreadcrumbList\",\"@id\":\"https:\\\/\\\/www.radancy.com\\\/fr\\\/request-security-overview\\\/#breadcrumb\",\"itemListElement\":[{\"@type\":\"ListItem\",\"position\":1,\"name\":\"Home\",\"item\":\"https:\\\/\\\/www.radancy.com\\\/fr\\\/\"},{\"@type\":\"ListItem\",\"position\":2,\"name\":\"Demande d\u2019Aper\u00e7u de S\u00e9curit\u00e9\"}]},{\"@type\":\"WebSite\",\"@id\":\"https:\\\/\\\/www.radancy.com\\\/fr\\\/#website\",\"url\":\"https:\\\/\\\/www.radancy.com\\\/fr\\\/\",\"name\":\"Radancy\",\"description\":\"Create Connections That Count.\",\"publisher\":{\"@id\":\"https:\\\/\\\/www.radancy.com\\\/fr\\\/#organization\"},\"potentialAction\":[{\"@type\":\"SearchAction\",\"target\":{\"@type\":\"EntryPoint\",\"urlTemplate\":\"https:\\\/\\\/www.radancy.com\\\/fr\\\/?s={search_term_string}\"},\"query-input\":{\"@type\":\"PropertyValueSpecification\",\"valueRequired\":true,\"valueName\":\"search_term_string\"}}],\"inLanguage\":\"fr-FR\"},{\"@type\":\"Organization\",\"@id\":\"https:\\\/\\\/www.radancy.com\\\/fr\\\/#organization\",\"name\":\"Radancy\",\"url\":\"https:\\\/\\\/www.radancy.com\\\/fr\\\/\",\"logo\":{\"@type\":\"ImageObject\",\"inLanguage\":\"fr-FR\",\"@id\":\"https:\\\/\\\/www.radancy.com\\\/fr\\\/#\\\/schema\\\/logo\\\/image\\\/\",\"url\":\"https:\\\/\\\/www.radancy.com\\\/wp-content\\\/uploads\\\/2024\\\/06\\\/Radancy_Icon_RGB.svg\",\"contentUrl\":\"https:\\\/\\\/www.radancy.com\\\/wp-content\\\/uploads\\\/2024\\\/06\\\/Radancy_Icon_RGB.svg\",\"width\":1,\"height\":1,\"caption\":\"Radancy\"},\"image\":{\"@id\":\"https:\\\/\\\/www.radancy.com\\\/fr\\\/#\\\/schema\\\/logo\\\/image\\\/\"},\"sameAs\":[\"https:\\\/\\\/www.facebook.com\\\/radancy\",\"https:\\\/\\\/x.com\\\/radancyco\",\"https:\\\/\\\/www.linkedin.com\\\/company\\\/radancy\\\/\",\"https:\\\/\\\/www.youtube.com\\\/Radancy\\\/videos\",\"https:\\\/\\\/www.instagram.com\\\/radancyco\"]}]}<\/script>\n<!-- \/ Yoast SEO Premium plugin. -->","yoast_head_json":{"title":"Demande d\u2019Aper\u00e7u de S\u00e9curit\u00e9 | Radancy","robots":{"index":"noindex","follow":"follow"},"og_locale":"fr_FR","og_type":"article","og_title":"Demande d\u2019Aper\u00e7u de S\u00e9curit\u00e9 | Radancy","og_description":"Demande d\u2019Aper\u00e7u de S\u00e9curit\u00e9 Demande d&rsquo;informations sur les r\u00e8glements de s\u00e9curit\u00e9 Radancy Le programme de s\u00e9curit\u00e9 de Radancy vise principalement \u00e0 emp\u00eacher tout acc\u00e8s non autoris\u00e9 aux donn\u00e9es de nos Read more...","og_url":"https:\/\/www.radancy.com\/fr\/request-security-overview\/","og_site_name":"Radancy","article_publisher":"https:\/\/www.facebook.com\/radancy","article_modified_time":"2023-12-13T22:44:15+00:00","og_image":[{"url":"https:\/\/tbcdn.talentbrew.com\/company\/34730\/gst_v1\/img\/meta\/Radancy_JobShare-img-FINAL-FR.jpg","type":"","width":"","height":""}],"twitter_card":"summary_large_image","twitter_title":"Demande d\u2019Aper\u00e7u de S\u00e9curit\u00e9","twitter_site":"@radancyco","twitter_misc":{"Dur\u00e9e de lecture estim\u00e9e":"1 minute"},"schema":{"@context":"https:\/\/schema.org","@graph":[{"@type":"WebPage","@id":"https:\/\/www.radancy.com\/fr\/request-security-overview\/","url":"https:\/\/www.radancy.com\/fr\/request-security-overview\/","name":"Demande d\u2019Aper\u00e7u de S\u00e9curit\u00e9 | Radancy","isPartOf":{"@id":"https:\/\/www.radancy.com\/fr\/#website"},"datePublished":"2023-11-17T03:03:27+00:00","dateModified":"2023-12-13T22:44:15+00:00","breadcrumb":{"@id":"https:\/\/www.radancy.com\/fr\/request-security-overview\/#breadcrumb"},"inLanguage":"fr-FR","potentialAction":[{"@type":"ReadAction","target":["https:\/\/www.radancy.com\/fr\/request-security-overview\/"]}]},{"@type":"BreadcrumbList","@id":"https:\/\/www.radancy.com\/fr\/request-security-overview\/#breadcrumb","itemListElement":[{"@type":"ListItem","position":1,"name":"Home","item":"https:\/\/www.radancy.com\/fr\/"},{"@type":"ListItem","position":2,"name":"Demande d\u2019Aper\u00e7u de S\u00e9curit\u00e9"}]},{"@type":"WebSite","@id":"https:\/\/www.radancy.com\/fr\/#website","url":"https:\/\/www.radancy.com\/fr\/","name":"Radancy","description":"Create Connections That Count.","publisher":{"@id":"https:\/\/www.radancy.com\/fr\/#organization"},"potentialAction":[{"@type":"SearchAction","target":{"@type":"EntryPoint","urlTemplate":"https:\/\/www.radancy.com\/fr\/?s={search_term_string}"},"query-input":{"@type":"PropertyValueSpecification","valueRequired":true,"valueName":"search_term_string"}}],"inLanguage":"fr-FR"},{"@type":"Organization","@id":"https:\/\/www.radancy.com\/fr\/#organization","name":"Radancy","url":"https:\/\/www.radancy.com\/fr\/","logo":{"@type":"ImageObject","inLanguage":"fr-FR","@id":"https:\/\/www.radancy.com\/fr\/#\/schema\/logo\/image\/","url":"https:\/\/www.radancy.com\/wp-content\/uploads\/2024\/06\/Radancy_Icon_RGB.svg","contentUrl":"https:\/\/www.radancy.com\/wp-content\/uploads\/2024\/06\/Radancy_Icon_RGB.svg","width":1,"height":1,"caption":"Radancy"},"image":{"@id":"https:\/\/www.radancy.com\/fr\/#\/schema\/logo\/image\/"},"sameAs":["https:\/\/www.facebook.com\/radancy","https:\/\/x.com\/radancyco","https:\/\/www.linkedin.com\/company\/radancy\/","https:\/\/www.youtube.com\/Radancy\/videos","https:\/\/www.instagram.com\/radancyco"]}]}},"_links":{"self":[{"href":"https:\/\/www.radancy.com\/fr\/wp-json\/wp\/v2\/pages\/12020","targetHints":{"allow":["GET"]}}],"collection":[{"href":"https:\/\/www.radancy.com\/fr\/wp-json\/wp\/v2\/pages"}],"about":[{"href":"https:\/\/www.radancy.com\/fr\/wp-json\/wp\/v2\/types\/page"}],"author":[{"embeddable":true,"href":"https:\/\/www.radancy.com\/fr\/wp-json\/wp\/v2\/users\/1"}],"replies":[{"embeddable":true,"href":"https:\/\/www.radancy.com\/fr\/wp-json\/wp\/v2\/comments?post=12020"}],"version-history":[{"count":0,"href":"https:\/\/www.radancy.com\/fr\/wp-json\/wp\/v2\/pages\/12020\/revisions"}],"wp:attachment":[{"href":"https:\/\/www.radancy.com\/fr\/wp-json\/wp\/v2\/media?parent=12020"}],"curies":[{"name":"wp","href":"https:\/\/api.w.org\/{rel}","templated":true}]}}