{"id":11884,"date":"2023-11-17T03:01:53","date_gmt":"2023-11-17T03:01:53","guid":{"rendered":"https:\/\/s45175.p1717.sites.pressdns.com\/content-management-system\/"},"modified":"2025-06-19T12:49:46","modified_gmt":"2025-06-19T12:49:46","slug":"outil-de-gestion-de-contenus","status":"publish","type":"page","link":"https:\/\/www.radancy.com\/fr\/outil-de-gestion-de-contenus\/","title":{"rendered":"Outil de gestion de contenus (CMS)"},"content":{"rendered":"\n<div class=\"wp-block-cover alignfull max-visual js-offset-hero secondary-hero\"><span aria-hidden=\"true\" class=\"wp-block-cover__background has-primary-1-background-color has-background-dim-100 has-background-dim\"><\/span><div class=\"wp-block-cover__inner-container has-global-padding is-layout-constrained wp-block-cover-is-layout-constrained\">\n<div class=\"wp-block-columns fs-container is-layout-flex wp-container-core-columns-is-layout-28f84493 wp-block-columns-is-layout-flex\">\n<div class=\"wp-block-column fs-m-6 hero__content-wrapper is-layout-flow wp-block-column-is-layout-flow\" style=\"flex-basis:50%\">\n<div class=\"wp-block-group hero__content is-vertical is-content-justification-stretch is-layout-flex wp-container-core-group-is-layout-353c4f5a wp-block-group-is-layout-flex\">\n<h1 class=\"wp-block-heading headline--banner\" id=\"h-repondre-a-vos-besoins-de-flexibilite-et-de-controle\">R\u00e9pondre \u00e0 vos besoins de flexibilit\u00e9 et de contr\u00f4le.<\/h1>\n\n\n\n<div class=\"wp-block-group is-layout-flow wp-block-group-is-layout-flow\">\n<div class=\"wp-block-buttons button button--arrow button--on-dark-bg is-layout-flex wp-block-buttons-is-layout-flex\">\n<div class=\"wp-block-button\"><a class=\"wp-block-button__link wp-element-button\" href=\"https:\/\/www.radancy.com\/fr\/nous-contacter\/\">Demander une d\u00e9mo<\/a><\/div>\n<\/div>\n<\/div>\n<\/div>\n<\/div>\n\n\n\n<div class=\"wp-block-column fs-m-6 hero__visual-wrapper is-layout-flow wp-block-column-is-layout-flow\" style=\"flex-basis:50%\">\n<div class=\"wp-block-group prod-check-inView element-exposed is-vertical is-content-justification-stretch is-layout-flex wp-container-core-group-is-layout-353c4f5a wp-block-group-is-layout-flex\">\n<div class=\"wp-block-group hero__visual-item hero__visual-item--top hero__visual-item--pull-up is-vertical is-content-justification-stretch is-layout-flex wp-container-core-group-is-layout-353c4f5a wp-block-group-is-layout-flex\">\n<figure class=\"wp-block-image hero__pattern js-top-hero-img home-header-top animated fadeInRight delay-100ms\"><img decoding=\"async\" src=\"https:\/\/www.radancy.com\/wp-content\/uploads\/2023\/11\/icon-pattern-2.png\" alt=\"\"\/><\/figure>\n<\/div>\n\n\n\n<div class=\"wp-block-group hero__visual-item hero__visual-item--bottom hero__visual-item--offset is-vertical is-content-justification-stretch is-layout-flex wp-container-core-group-is-layout-353c4f5a wp-block-group-is-layout-flex\">\n<figure class=\"wp-block-image js-bottom-hero-img hero__asset drop-shadow home-header-bottom animated fadeInLeft delay-100ms\"><img decoding=\"async\" src=\"https:\/\/www.radancy.com\/wp-content\/uploads\/2023\/11\/cms-example-header-2.png\" alt=\"\"\/><\/figure>\n<\/div>\n<\/div>\n<\/div>\n<\/div>\n<\/div><\/div>\n\n\n\n<section class=\"wp-block-group section--extra-spacing two-by-two-grid-with-icon is-vertical is-content-justification-stretch is-layout-flex wp-container-core-group-is-layout-353c4f5a wp-block-group-is-layout-flex\">\n<div class=\"wp-block-columns fs-container feat-content feat-content--sec is-layout-flex wp-container-core-columns-is-layout-28f84493 wp-block-columns-is-layout-flex\">\n<div class=\"wp-block-column fs-m-6 is-layout-flow wp-block-column-is-layout-flow\" style=\"flex-basis:50%\">\n<div class=\"wp-block-group pull-up is-vertical is-content-justification-stretch is-layout-flex wp-container-core-group-is-layout-353c4f5a wp-block-group-is-layout-flex\">\n<div class=\"wp-block-group section is-vertical is-content-justification-stretch is-layout-flex wp-container-core-group-is-layout-353c4f5a wp-block-group-is-layout-flex\">\n<div class=\"wp-block-group is-layout-flow wp-block-group-is-layout-flow\"><section class=\"\" style=\"\">\n\t<i class=\"icon icon--square icon-fullcolor-cms\"><\/i><\/section>\n<\/div>\n\n\n\n<h2 class=\"wp-block-heading headline--intro has-primary-1-color has-text-color has-link-color wp-elements-14fcf7a095b0bed73f8260e90df7b010\" id=\"h-outil-de-gestion-de-contenus-cms\">Outil de gestion de contenus (CMS)<\/h2>\n\n\n\n<p>Avec le syst\u00e8me de gestion de contenu (CMS) de Radancy, vous pouvez rapidement cr\u00e9er des pages, r\u00e9diger des articles, promouvoir des \u00e9v\u00e9nements, partager des actualit\u00e9s et vous rapprocher de vos candidats comme jamais auparavant. Le CMS est une v\u00e9ritable extension de votre site de carri\u00e8re, il permet \u00e0 votre \u00e9quipe de recrutement d&rsquo;avoir plus de contr\u00f4le sur votre site pour cr\u00e9er et modifier vos pages exactement quand vous en avez besoin et les mettre en ligne en quelques minutes.<\/p>\n<\/div>\n\n\n\n<div class=\"wp-block-group js-anaimated bm_container prod-flex__item prod-check-inView prod-ivVew-recheck prod-wait-till-mostly-inView element-exposed is-vertical is-content-justification-stretch is-layout-flex wp-container-core-group-is-layout-353c4f5a wp-block-group-is-layout-flex\">\n<figure class=\"wp-block-image js-anaimated bm_container prod-flex__item prod-check-inView element-exposed prod-ivVew-recheck prod-wait-till-mostly-inView icon-container-RadancyLabs\"><img decoding=\"async\" src=\"https:\/\/www.radancy.com\/wp-content\/uploads\/2023\/11\/svg_79547c20284d63750e103e7804151289.svg\" alt=\"SVG animation\"\/><\/figure>\n<\/div>\n<\/div>\n<\/div>\n\n\n\n<div class=\"wp-block-column fs-m-6 is-layout-flow wp-block-column-is-layout-flow\" style=\"flex-basis:50%\">\n<div class=\"wp-block-columns fs-forced-container fs-col-count-m-2 list-of-cards is-layout-flex wp-container-core-columns-is-layout-28f84493 wp-block-columns-is-layout-flex\">\n<div class=\"wp-block-column card-with-medium-visual is-layout-flow wp-block-column-is-layout-flow\" style=\"flex-basis:50%\">\n<div class=\"wp-block-group card-visual-item is-vertical is-content-justification-stretch is-layout-flex wp-container-core-group-is-layout-353c4f5a wp-block-group-is-layout-flex\"><section class=\"prod-check-inView fadeInRight animated element-exposed animated\" style=\"\">\n\t<i class=\"icon icon--square icon--orange icon-monoline-MultiLanguage prod-check-inView fadeInRightanimated element-exposed icon-no-baked-in-padding\"><\/i><\/section>\n<\/div>\n\n\n\n<div class=\"wp-block-group card-content-item is-vertical is-content-justification-stretch is-layout-flex wp-container-core-group-is-layout-353c4f5a wp-block-group-is-layout-flex\">\n<h3 class=\"wp-block-heading headline\" id=\"h-gestion-multilingue\">Gestion multilingue<\/h3>\n\n\n\n<p>G\u00e9rez en toute simplicit\u00e9 le contenu d&rsquo;un site Web dans plusieurs langues. Chaque page poss\u00e8de une URL unique afin que les utilisateurs puissent la partager et que les moteurs de recherche puissent l&rsquo;indexer.<\/p>\n<\/div>\n<\/div>\n\n\n\n<div class=\"wp-block-column card-with-medium-visual is-layout-flow wp-block-column-is-layout-flow\" style=\"flex-basis:50%\">\n<div class=\"wp-block-group card-visual-item is-vertical is-content-justification-stretch is-layout-flex wp-container-core-group-is-layout-353c4f5a wp-block-group-is-layout-flex\"><section class=\"prod-check-inView fadeInLeft animated element-exposed animated\" style=\"\">\n\t<i class=\"icon icon--square icon--light-blue icon-monoline-HubPage prod-check-inView fadeInLeftanimated element-exposed icon-no-baked-in-padding\"><\/i><\/section>\n<\/div>\n\n\n\n<div class=\"wp-block-group card-content-item is-vertical is-content-justification-stretch is-layout-flex wp-container-core-group-is-layout-353c4f5a wp-block-group-is-layout-flex\">\n<h3 class=\"wp-block-heading headline\" id=\"h-pages-hub\">Pages Hub<\/h3>\n\n\n\n<p>Rassemblez en un seul endroit les contenus de votre site de carri\u00e8re, filtr\u00e9s par th\u00e8mes, cat\u00e9gories ou lieux, afin que les candidats puissent facilement les d\u00e9couvrir.<\/p>\n<\/div>\n<\/div>\n\n\n\n<div class=\"wp-block-column card-with-medium-visual is-layout-flow wp-block-column-is-layout-flow\" style=\"flex-basis:50%\">\n<div class=\"wp-block-group card-visual-item is-vertical is-content-justification-stretch is-layout-flex wp-container-core-group-is-layout-353c4f5a wp-block-group-is-layout-flex\"><section class=\"prod-check-inView fadeInRight animated element-exposed animated\" style=\"\">\n\t<i class=\"icon icon--square icon--mint-green icon-monoline-Customization prod-check-inView fadeInRightanimated element-exposed icon-no-baked-in-padding\"><\/i><\/section>\n<\/div>\n\n\n\n<div class=\"wp-block-group card-content-item is-vertical is-content-justification-stretch is-layout-flex wp-container-core-group-is-layout-353c4f5a wp-block-group-is-layout-flex\">\n<h3 class=\"wp-block-heading headline\" id=\"h-contenu-sur-mesure\">Contenu sur mesure<\/h3>\n\n\n\n<p>Utilisez un concept de modules et de sections personnalisables pour assembler facilement vos pages. Ajoutez dynamiquement des offres d&#8217;emploi, des modules d&rsquo;alerte, des formulaires de saisie de donn\u00e9es, des coordonn\u00e9es de recruteurs, etc.<\/p>\n<\/div>\n<\/div>\n\n\n\n<div class=\"wp-block-column card-with-medium-visual is-layout-flow wp-block-column-is-layout-flow\" style=\"flex-basis:50%\">\n<div class=\"wp-block-group card-visual-item is-vertical is-content-justification-stretch is-layout-flex wp-container-core-group-is-layout-353c4f5a wp-block-group-is-layout-flex\"><section class=\"prod-check-inView fadeInLeft animated element-exposed animated\" style=\"\">\n\t<i class=\"icon icon--square icon--purple icon-monoline-EfficientSolutions prod-check-inView fadeInLeftanimated element-exposed icon-no-baked-in-padding\"><\/i><\/section>\n<\/div>\n\n\n\n<div class=\"wp-block-group card-content-item is-vertical is-content-justification-stretch is-layout-flex wp-container-core-group-is-layout-353c4f5a wp-block-group-is-layout-flex\">\n<h3 class=\"wp-block-heading headline\" id=\"h-efficacite-et-simplicite\">Efficacit\u00e9 et simplicit\u00e9<\/h3>\n\n\n\n<p>Dupliquez rapidement vos pages les plus r\u00e9ussies pour les modifier et les adapter \u00e0 de nouvelles campagnes. Utilisez les modules de contenu dynamique pour adapter vos pages \u00e0 votre audience.<\/p>\n<\/div>\n<\/div>\n\n\n\n<div class=\"wp-block-column card-with-medium-visual is-layout-flow wp-block-column-is-layout-flow\" style=\"flex-basis:50%\">\n<div class=\"wp-block-group card-visual-item is-vertical is-content-justification-stretch is-layout-flex wp-container-core-group-is-layout-353c4f5a wp-block-group-is-layout-flex\"><section class=\"prod-check-inView fadeInRight animated element-exposed animated\" style=\"\">\n\t<i class=\"icon icon--square icon--blue icon-monoline-SmartAnalytics prod-check-inView fadeInRightanimated element-exposed icon-no-baked-in-padding\"><\/i><\/section>\n<\/div>\n\n\n\n<div class=\"wp-block-group card-content-item is-vertical is-content-justification-stretch is-layout-flex wp-container-core-group-is-layout-353c4f5a wp-block-group-is-layout-flex\">\n<h3 class=\"wp-block-heading headline\" id=\"h-analyse-de-performance\">Analyse de performance<\/h3>\n\n\n\n<p>Adaptez votre strat\u00e9gie de contenu en mesurant la fr\u00e9quentation de vos pages et en \u00e9valuant leur contribution \u00e0 la performance globale de votre site dans Metrics Gateway.<\/p>\n<\/div>\n<\/div>\n\n\n\n<div class=\"wp-block-column card-with-medium-visual is-layout-flow wp-block-column-is-layout-flow\" style=\"flex-basis:50%\">\n<div class=\"wp-block-group card-visual-item is-vertical is-content-justification-stretch is-layout-flex wp-container-core-group-is-layout-353c4f5a wp-block-group-is-layout-flex\"><section class=\"prod-check-inView fadeInLeft animated element-exposed animated\" style=\"\">\n\t<i class=\"icon icon--square icon--yellow icon-monoline-BrandIdentity prod-check-inView fadeInLeftanimated element-exposed icon-no-baked-in-padding\"><\/i><\/section>\n<\/div>\n\n\n\n<div class=\"wp-block-group card-content-item is-vertical is-content-justification-stretch is-layout-flex wp-container-core-group-is-layout-353c4f5a wp-block-group-is-layout-flex\">\n<h3 class=\"wp-block-heading headline\" id=\"h-protection-de-l-identite-de-marque\">Protection de l&rsquo;identit\u00e9 de marque<\/h3>\n\n\n\n<p>Garantissez le respect de votre marque et de votre charte graphique tout en rationalisant les t\u00e2ches au sein de votre \u00e9quipe gr\u00e2ce \u00e0 deux niveaux d&rsquo;utilisateurs : Les r\u00e9dacteurs cr\u00e9ent les pages et les \u00e9diteurs les modifient pour s&rsquo;assurer que le contenu est conforme \u00e0 la marque.<\/p>\n<\/div>\n<\/div>\n<\/div>\n<\/div>\n<\/div>\n<\/section>\n\n\n\n<div style=\"height:40px\" aria-hidden=\"true\" class=\"wp-block-spacer\"><\/div>\n\n\n\n<div class=\"wp-block-group alignfull cta has-neutral-1-color has-primary-2-background-color has-text-color has-background has-global-padding is-layout-constrained wp-container-core-group-is-layout-86ad42c5 wp-block-group-is-layout-constrained\" style=\"margin-top:0px;margin-bottom:0px;padding-top:var(--wp--preset--spacing--30);padding-right:var(--wp--preset--spacing--30);padding-bottom:var(--wp--preset--spacing--30);padding-left:var(--wp--preset--spacing--30)\">\n<h3 class=\"wp-block-heading has-text-align-center has-copy-font-family\" id=\"h-contactez-nous-pour-accelerer-vos-recrutements-et-maximiser-votre-retour-sur-investissement-grace-a-une-plateforme-d-ia-unifiee\">Contactez-nous pour acc\u00e9l\u00e9rer vos recrutements et maximiser votre retour sur investissement gr\u00e2ce \u00e0 une plateforme d\u2019IA unifi\u00e9e.<\/h3>\n\n\n\n<div class=\"wp-block-buttons is-content-justification-center is-layout-flex wp-container-core-buttons-is-layout-a89b3969 wp-block-buttons-is-layout-flex\">\n<div class=\"wp-block-button\"><a class=\"wp-block-button__link wp-element-button\" href=\"https:\/\/www.radancy.com\/fr\/nous-contacter\/\">DEMANDER UNE D\u00c9MO<\/a><\/div>\n<\/div>\n<\/div>\n","protected":false},"excerpt":{"rendered":"<p>Outil de gestion de contenus (CMS) Avec le syst\u00e8me de gestion de contenu (CMS) de Radancy, vous pouvez rapidement cr\u00e9er des pages, r\u00e9diger des articles, promouvoir des \u00e9v\u00e9nements, partager des <a class=\"more-link\" href=\"https:\/\/www.radancy.com\/fr\/outil-de-gestion-de-contenus\/\">Read more&#8230;<\/a><\/p>\n","protected":false},"author":1,"featured_media":0,"parent":0,"menu_order":0,"comment_status":"closed","ping_status":"closed","template":"","meta":{"_acf_changed":false,"_EventAllDay":false,"_EventTimezone":"","_EventStartDate":"","_EventEndDate":"","_EventStartDateUTC":"","_EventEndDateUTC":"","_EventShowMap":false,"_EventShowMapLink":false,"_EventURL":"","_EventCost":"","_EventCostDescription":"","_EventCurrencySymbol":"","_EventCurrencyCode":"","_EventCurrencyPosition":"","_EventDateTimeSeparator":"","_EventTimeRangeSeparator":"","_EventOrganizerID":[],"_EventVenueID":[],"_OrganizerEmail":"","_OrganizerPhone":"","_OrganizerWebsite":"","_VenueAddress":"","_VenueCity":"","_VenueCountry":"","_VenueProvince":"","_VenueState":"","_VenueZip":"","_VenuePhone":"","_VenueURL":"","_VenueStateProvince":"","_VenueLat":"","_VenueLng":"","_VenueShowMap":false,"_VenueShowMapLink":false,"_tribe_blocks_recurrence_rules":"","_tribe_blocks_recurrence_description":"","_tribe_blocks_recurrence_exclusions":"","footnotes":""},"class_list":["post-11884","page","type-page","status-publish","hentry"],"acf":[],"yoast_head":"<!-- This site is optimized with the Yoast SEO Premium plugin v26.2 (Yoast SEO v27.4) - https:\/\/yoast.com\/product\/yoast-seo-premium-wordpress\/ -->\n<title>Outil de gestion de contenus (CMS) | Radancy<\/title>\n<meta name=\"robots\" content=\"index, follow, max-snippet:-1, max-image-preview:large, max-video-preview:-1\" \/>\n<link rel=\"canonical\" href=\"https:\/\/www.radancy.com\/fr\/outil-de-gestion-de-contenus\/\" \/>\n<meta property=\"og:locale\" content=\"fr_FR\" \/>\n<meta property=\"og:type\" content=\"article\" \/>\n<meta property=\"og:title\" content=\"Outil de gestion de contenus (CMS) | Radancy\" \/>\n<meta property=\"og:description\" content=\"Outil de gestion de contenus (CMS) Avec le syst\u00e8me de gestion de contenu (CMS) de Radancy, vous pouvez rapidement cr\u00e9er des pages, r\u00e9diger des articles, promouvoir des \u00e9v\u00e9nements, partager des Read more...\" \/>\n<meta property=\"og:url\" content=\"https:\/\/www.radancy.com\/fr\/outil-de-gestion-de-contenus\/\" \/>\n<meta property=\"og:site_name\" content=\"Radancy\" \/>\n<meta property=\"article:publisher\" content=\"https:\/\/www.facebook.com\/radancy\" \/>\n<meta property=\"article:modified_time\" content=\"2025-06-19T12:49:46+00:00\" \/>\n<meta property=\"og:image\" content=\"https:\/\/tbcdn.talentbrew.com\/company\/34730\/gst_v1\/img\/meta\/Radancy_JobShare-img-FINAL-FR.jpg\" \/>\n<meta name=\"twitter:card\" content=\"summary_large_image\" \/>\n<meta name=\"twitter:title\" content=\"Outil de gestion de contenus (CMS)\" \/>\n<meta name=\"twitter:site\" content=\"@radancyco\" \/>\n<meta name=\"twitter:label1\" content=\"Dur\u00e9e de lecture estim\u00e9e\" \/>\n\t<meta name=\"twitter:data1\" content=\"3 minutes\" \/>\n<script type=\"application\/ld+json\" class=\"yoast-schema-graph\">{\"@context\":\"https:\\\/\\\/schema.org\",\"@graph\":[{\"@type\":\"WebPage\",\"@id\":\"https:\\\/\\\/www.radancy.com\\\/fr\\\/outil-de-gestion-de-contenus\\\/\",\"url\":\"https:\\\/\\\/www.radancy.com\\\/fr\\\/outil-de-gestion-de-contenus\\\/\",\"name\":\"Outil de gestion de contenus (CMS) | Radancy\",\"isPartOf\":{\"@id\":\"https:\\\/\\\/www.radancy.com\\\/fr\\\/#website\"},\"primaryImageOfPage\":{\"@id\":\"https:\\\/\\\/www.radancy.com\\\/fr\\\/outil-de-gestion-de-contenus\\\/#primaryimage\"},\"image\":{\"@id\":\"https:\\\/\\\/www.radancy.com\\\/fr\\\/outil-de-gestion-de-contenus\\\/#primaryimage\"},\"thumbnailUrl\":\"https:\\\/\\\/www.radancy.com\\\/wp-content\\\/uploads\\\/2023\\\/11\\\/icon-pattern-2.png\",\"datePublished\":\"2023-11-17T03:01:53+00:00\",\"dateModified\":\"2025-06-19T12:49:46+00:00\",\"breadcrumb\":{\"@id\":\"https:\\\/\\\/www.radancy.com\\\/fr\\\/outil-de-gestion-de-contenus\\\/#breadcrumb\"},\"inLanguage\":\"fr-FR\",\"potentialAction\":[{\"@type\":\"ReadAction\",\"target\":[\"https:\\\/\\\/www.radancy.com\\\/fr\\\/outil-de-gestion-de-contenus\\\/\"]}]},{\"@type\":\"ImageObject\",\"inLanguage\":\"fr-FR\",\"@id\":\"https:\\\/\\\/www.radancy.com\\\/fr\\\/outil-de-gestion-de-contenus\\\/#primaryimage\",\"url\":\"https:\\\/\\\/www.radancy.com\\\/wp-content\\\/uploads\\\/2023\\\/11\\\/icon-pattern-2.png\",\"contentUrl\":\"https:\\\/\\\/www.radancy.com\\\/wp-content\\\/uploads\\\/2023\\\/11\\\/icon-pattern-2.png\"},{\"@type\":\"BreadcrumbList\",\"@id\":\"https:\\\/\\\/www.radancy.com\\\/fr\\\/outil-de-gestion-de-contenus\\\/#breadcrumb\",\"itemListElement\":[{\"@type\":\"ListItem\",\"position\":1,\"name\":\"Home\",\"item\":\"https:\\\/\\\/www.radancy.com\\\/fr\\\/\"},{\"@type\":\"ListItem\",\"position\":2,\"name\":\"Outil de gestion de contenus (CMS)\"}]},{\"@type\":\"WebSite\",\"@id\":\"https:\\\/\\\/www.radancy.com\\\/fr\\\/#website\",\"url\":\"https:\\\/\\\/www.radancy.com\\\/fr\\\/\",\"name\":\"Radancy\",\"description\":\"Create Connections That Count.\",\"publisher\":{\"@id\":\"https:\\\/\\\/www.radancy.com\\\/fr\\\/#organization\"},\"potentialAction\":[{\"@type\":\"SearchAction\",\"target\":{\"@type\":\"EntryPoint\",\"urlTemplate\":\"https:\\\/\\\/www.radancy.com\\\/fr\\\/?s={search_term_string}\"},\"query-input\":{\"@type\":\"PropertyValueSpecification\",\"valueRequired\":true,\"valueName\":\"search_term_string\"}}],\"inLanguage\":\"fr-FR\"},{\"@type\":\"Organization\",\"@id\":\"https:\\\/\\\/www.radancy.com\\\/fr\\\/#organization\",\"name\":\"Radancy\",\"url\":\"https:\\\/\\\/www.radancy.com\\\/fr\\\/\",\"logo\":{\"@type\":\"ImageObject\",\"inLanguage\":\"fr-FR\",\"@id\":\"https:\\\/\\\/www.radancy.com\\\/fr\\\/#\\\/schema\\\/logo\\\/image\\\/\",\"url\":\"https:\\\/\\\/www.radancy.com\\\/wp-content\\\/uploads\\\/2024\\\/06\\\/Radancy_Icon_RGB.svg\",\"contentUrl\":\"https:\\\/\\\/www.radancy.com\\\/wp-content\\\/uploads\\\/2024\\\/06\\\/Radancy_Icon_RGB.svg\",\"width\":1,\"height\":1,\"caption\":\"Radancy\"},\"image\":{\"@id\":\"https:\\\/\\\/www.radancy.com\\\/fr\\\/#\\\/schema\\\/logo\\\/image\\\/\"},\"sameAs\":[\"https:\\\/\\\/www.facebook.com\\\/radancy\",\"https:\\\/\\\/x.com\\\/radancyco\",\"https:\\\/\\\/www.linkedin.com\\\/company\\\/radancy\\\/\",\"https:\\\/\\\/www.youtube.com\\\/Radancy\\\/videos\",\"https:\\\/\\\/www.instagram.com\\\/radancyco\"]}]}<\/script>\n<!-- \/ Yoast SEO Premium plugin. -->","yoast_head_json":{"title":"Outil de gestion de contenus (CMS) | Radancy","robots":{"index":"index","follow":"follow","max-snippet":"max-snippet:-1","max-image-preview":"max-image-preview:large","max-video-preview":"max-video-preview:-1"},"canonical":"https:\/\/www.radancy.com\/fr\/outil-de-gestion-de-contenus\/","og_locale":"fr_FR","og_type":"article","og_title":"Outil de gestion de contenus (CMS) | Radancy","og_description":"Outil de gestion de contenus (CMS) Avec le syst\u00e8me de gestion de contenu (CMS) de Radancy, vous pouvez rapidement cr\u00e9er des pages, r\u00e9diger des articles, promouvoir des \u00e9v\u00e9nements, partager des Read more...","og_url":"https:\/\/www.radancy.com\/fr\/outil-de-gestion-de-contenus\/","og_site_name":"Radancy","article_publisher":"https:\/\/www.facebook.com\/radancy","article_modified_time":"2025-06-19T12:49:46+00:00","og_image":[{"url":"https:\/\/tbcdn.talentbrew.com\/company\/34730\/gst_v1\/img\/meta\/Radancy_JobShare-img-FINAL-FR.jpg","type":"","width":"","height":""}],"twitter_card":"summary_large_image","twitter_title":"Outil de gestion de contenus (CMS)","twitter_site":"@radancyco","twitter_misc":{"Dur\u00e9e de lecture estim\u00e9e":"3 minutes"},"schema":{"@context":"https:\/\/schema.org","@graph":[{"@type":"WebPage","@id":"https:\/\/www.radancy.com\/fr\/outil-de-gestion-de-contenus\/","url":"https:\/\/www.radancy.com\/fr\/outil-de-gestion-de-contenus\/","name":"Outil de gestion de contenus (CMS) | Radancy","isPartOf":{"@id":"https:\/\/www.radancy.com\/fr\/#website"},"primaryImageOfPage":{"@id":"https:\/\/www.radancy.com\/fr\/outil-de-gestion-de-contenus\/#primaryimage"},"image":{"@id":"https:\/\/www.radancy.com\/fr\/outil-de-gestion-de-contenus\/#primaryimage"},"thumbnailUrl":"https:\/\/www.radancy.com\/wp-content\/uploads\/2023\/11\/icon-pattern-2.png","datePublished":"2023-11-17T03:01:53+00:00","dateModified":"2025-06-19T12:49:46+00:00","breadcrumb":{"@id":"https:\/\/www.radancy.com\/fr\/outil-de-gestion-de-contenus\/#breadcrumb"},"inLanguage":"fr-FR","potentialAction":[{"@type":"ReadAction","target":["https:\/\/www.radancy.com\/fr\/outil-de-gestion-de-contenus\/"]}]},{"@type":"ImageObject","inLanguage":"fr-FR","@id":"https:\/\/www.radancy.com\/fr\/outil-de-gestion-de-contenus\/#primaryimage","url":"https:\/\/www.radancy.com\/wp-content\/uploads\/2023\/11\/icon-pattern-2.png","contentUrl":"https:\/\/www.radancy.com\/wp-content\/uploads\/2023\/11\/icon-pattern-2.png"},{"@type":"BreadcrumbList","@id":"https:\/\/www.radancy.com\/fr\/outil-de-gestion-de-contenus\/#breadcrumb","itemListElement":[{"@type":"ListItem","position":1,"name":"Home","item":"https:\/\/www.radancy.com\/fr\/"},{"@type":"ListItem","position":2,"name":"Outil de gestion de contenus (CMS)"}]},{"@type":"WebSite","@id":"https:\/\/www.radancy.com\/fr\/#website","url":"https:\/\/www.radancy.com\/fr\/","name":"Radancy","description":"Create Connections That Count.","publisher":{"@id":"https:\/\/www.radancy.com\/fr\/#organization"},"potentialAction":[{"@type":"SearchAction","target":{"@type":"EntryPoint","urlTemplate":"https:\/\/www.radancy.com\/fr\/?s={search_term_string}"},"query-input":{"@type":"PropertyValueSpecification","valueRequired":true,"valueName":"search_term_string"}}],"inLanguage":"fr-FR"},{"@type":"Organization","@id":"https:\/\/www.radancy.com\/fr\/#organization","name":"Radancy","url":"https:\/\/www.radancy.com\/fr\/","logo":{"@type":"ImageObject","inLanguage":"fr-FR","@id":"https:\/\/www.radancy.com\/fr\/#\/schema\/logo\/image\/","url":"https:\/\/www.radancy.com\/wp-content\/uploads\/2024\/06\/Radancy_Icon_RGB.svg","contentUrl":"https:\/\/www.radancy.com\/wp-content\/uploads\/2024\/06\/Radancy_Icon_RGB.svg","width":1,"height":1,"caption":"Radancy"},"image":{"@id":"https:\/\/www.radancy.com\/fr\/#\/schema\/logo\/image\/"},"sameAs":["https:\/\/www.facebook.com\/radancy","https:\/\/x.com\/radancyco","https:\/\/www.linkedin.com\/company\/radancy\/","https:\/\/www.youtube.com\/Radancy\/videos","https:\/\/www.instagram.com\/radancyco"]}]}},"_links":{"self":[{"href":"https:\/\/www.radancy.com\/fr\/wp-json\/wp\/v2\/pages\/11884","targetHints":{"allow":["GET"]}}],"collection":[{"href":"https:\/\/www.radancy.com\/fr\/wp-json\/wp\/v2\/pages"}],"about":[{"href":"https:\/\/www.radancy.com\/fr\/wp-json\/wp\/v2\/types\/page"}],"author":[{"embeddable":true,"href":"https:\/\/www.radancy.com\/fr\/wp-json\/wp\/v2\/users\/1"}],"replies":[{"embeddable":true,"href":"https:\/\/www.radancy.com\/fr\/wp-json\/wp\/v2\/comments?post=11884"}],"version-history":[{"count":0,"href":"https:\/\/www.radancy.com\/fr\/wp-json\/wp\/v2\/pages\/11884\/revisions"}],"wp:attachment":[{"href":"https:\/\/www.radancy.com\/fr\/wp-json\/wp\/v2\/media?parent=11884"}],"curies":[{"name":"wp","href":"https:\/\/api.w.org\/{rel}","templated":true}]}}