{"id":11876,"date":"2023-11-17T03:01:48","date_gmt":"2023-11-17T03:01:48","guid":{"rendered":"https:\/\/s45175.p1717.sites.pressdns.com\/brand-development\/"},"modified":"2025-06-19T12:30:31","modified_gmt":"2025-06-19T12:30:31","slug":"developpement-de-marque-employeur","status":"publish","type":"page","link":"https:\/\/www.radancy.com\/fr\/developpement-de-marque-employeur\/","title":{"rendered":"D\u00e9veloppement de Marque"},"content":{"rendered":"\n<div class=\"wp-block-group alignfull title-bar has-neutral-1-color has-primary-3-background-color has-text-color has-background is-vertical is-content-justification-center is-layout-flex wp-container-core-group-is-layout-95c46550 wp-block-group-is-layout-flex\" style=\"margin-top:0;margin-bottom:60px;padding-top:35px;padding-right:35px;padding-bottom:35px;padding-left:35px\">\n<h2 class=\"wp-block-heading has-accent-font-family has-headline-smallest-font-size\" id=\"h-votre-proposition-de-valeur-employeur\" style=\"margin-top:0;margin-bottom:0;font-style:normal;font-weight:400\">Votre proposition de valeur employeur<\/h2>\n<\/div>\n\n\n\n<section class=\"wp-block-group section--centered section--extra-spacing section icon-heading-text-button-section is-vertical is-content-justification-center is-layout-flex wp-container-core-group-is-layout-ce155fab wp-block-group-is-layout-flex\">\n<div class=\"wp-block-group is-layout-flow wp-block-group-is-layout-flow\"><section class=\"\" style=\"\">\n\t<i class=\"icon icon--square icon-fullcolor-brand-development\"><\/i><\/section>\n<\/div>\n\n\n\n<h2 class=\"wp-block-heading headline--intro has-primary-1-color has-text-color has-link-color wp-elements-83663d299789e455aaaf72afa0287a38\" id=\"h-construire-une-marque-employeur-qui-genere-plus-de-candidatures\">Construire une marque employeur qui g\u00e9n\u00e8re plus de candidatures<\/h2>\n\n\n\n<p class=\"a-liitle-more-spacing\"><span>La dimension employeur de la marque s\u2019exprime souvent \u00e0 travers quelques id\u00e9es et messages cl\u00e9s. Nos consultants sauront vous conseiller pour cr\u00e9er ce contenu en s\u2019appuyant sur ce que vivent vos \u00e9quipes, ce qu\u2019elles ont envie de partager, et ce que recherchent vos candidats. Ainsi, votre promesse de marque g\u00e9n\u00e9rera plus de candidatures utiles.<\/span><span><\/span><\/p>\n\n\n\n<div class=\"wp-block-group is-layout-flow wp-block-group-is-layout-flow\">\n<div class=\"wp-block-buttons button button--arrow is-layout-flex wp-block-buttons-is-layout-flex\">\n<div class=\"wp-block-button\"><a class=\"wp-block-button__link wp-element-button\" href=\"\/fr\/solutions-client\">Quelques exemples<\/a><\/div>\n<\/div>\n<\/div>\n<\/section>\n\n\n\n<section class=\"wp-block-group section is-vertical is-content-justification-stretch is-layout-flex wp-container-core-group-is-layout-353c4f5a wp-block-group-is-layout-flex\">\n<div class=\"wp-block-columns list-of-cards fs-forced-container fs-col-count-1 fs-col-count-m-2 is-layout-flex wp-container-core-columns-is-layout-28f84493 wp-block-columns-is-layout-flex\">\n<div class=\"wp-block-column img-card__col section--extra-spacing is-layout-flow wp-block-column-is-layout-flow\">\n<h3 class=\"wp-block-heading headline has-copy-font-family\" id=\"h-les-fondations-de-votre-marque\">Les fondations de votre marque<\/h3>\n\n\n\n<p><span>D\u00e9finir votre EVP (<\/span><span>Employee<\/span><span> Value Proposition) structure votre promesse de marque. Elle cadre l\u2019ensemble de votre strat\u00e9gie d\u2019acquisition de talents. S\u2019assurer qu\u2019elle s\u2019appuie sur des raisons objectives qui int\u00e9ressent les candidats est essentiel<\/span><span>.<\/span><\/p>\n<\/div>\n\n\n\n<div class=\"wp-block-column img-card__col section--extra-spacing is-layout-flow wp-block-column-is-layout-flow\">\n<h3 class=\"wp-block-heading headline has-copy-font-family\" id=\"h-mesurer-l-impact-de-votre-promesse\">Mesurer l\u2019impact de votre promesse<\/h3>\n\n\n\n<p><span>En lancement de projet, nous mesurons l\u2019impact de votre EVP en la testant en interne et aupr\u00e8s de candidats potentiels. Cette phase est essentielle pour amender votre discours et s\u2019assurer que votre promesse est performante pour attirer vos talents.<\/span><\/p>\n<\/div>\n<\/div>\n<\/section>\n\n\n\n<section class=\"wp-block-group section is-vertical is-content-justification-stretch is-layout-flex wp-container-core-group-is-layout-353c4f5a wp-block-group-is-layout-flex\">\n<div class=\"wp-block-columns list-of-cards fs-forced-container fs-col-count-1 fs-col-count-m-2 is-layout-flex wp-container-core-columns-is-layout-28f84493 wp-block-columns-is-layout-flex\">\n<div class=\"wp-block-column img-card__col section--extra-spacing is-layout-flow wp-block-column-is-layout-flow\">\n<figure class=\"wp-block-image\"><img decoding=\"async\" src=\"https:\/\/www.radancy.com\/wp-content\/uploads\/2023\/11\/brand-development-01.jpg\" alt=\"Cell phones displaying web applications\"\/><\/figure>\n<\/div>\n\n\n\n<div class=\"wp-block-column img-card__col section--extra-spacing is-layout-flow wp-block-column-is-layout-flow\">\n<figure class=\"wp-block-image\"><img decoding=\"async\" src=\"https:\/\/www.radancy.com\/wp-content\/uploads\/2023\/11\/brand-development-02.jpg\" alt=\"Tablet displaying web application\"\/><\/figure>\n<\/div>\n<\/div>\n<\/section>\n\n\n\n<div class=\"wp-block-group alignfull cta has-neutral-1-color has-primary-2-background-color has-text-color has-background has-global-padding is-layout-constrained wp-container-core-group-is-layout-86ad42c5 wp-block-group-is-layout-constrained\" style=\"margin-top:0px;margin-bottom:0px;padding-top:var(--wp--preset--spacing--30);padding-right:var(--wp--preset--spacing--30);padding-bottom:var(--wp--preset--spacing--30);padding-left:var(--wp--preset--spacing--30)\">\n<h3 class=\"wp-block-heading has-text-align-center has-copy-font-family\" id=\"h-contactez-nous-pour-accelerer-vos-recrutements-et-maximiser-votre-retour-sur-investissement-grace-a-une-plateforme-d-ia-unifiee\">Contactez-nous pour acc\u00e9l\u00e9rer vos recrutements et maximiser votre retour sur investissement gr\u00e2ce \u00e0 une plateforme d\u2019IA unifi\u00e9e.<\/h3>\n\n\n\n<div class=\"wp-block-buttons is-content-justification-center is-layout-flex wp-container-core-buttons-is-layout-a89b3969 wp-block-buttons-is-layout-flex\">\n<div class=\"wp-block-button\"><a class=\"wp-block-button__link wp-element-button\" href=\"https:\/\/www.radancy.com\/fr\/nous-contacter\/\">DEMANDER UNE D\u00c9MO<\/a><\/div>\n<\/div>\n<\/div>\n","protected":false},"excerpt":{"rendered":"<p>Votre proposition de valeur employeur Construire une marque employeur qui g\u00e9n\u00e8re plus de candidatures La dimension employeur de la marque s\u2019exprime souvent \u00e0 travers quelques id\u00e9es et messages cl\u00e9s. Nos <a class=\"more-link\" href=\"https:\/\/www.radancy.com\/fr\/developpement-de-marque-employeur\/\">Read more&#8230;<\/a><\/p>\n","protected":false},"author":1,"featured_media":0,"parent":0,"menu_order":0,"comment_status":"closed","ping_status":"closed","template":"","meta":{"_acf_changed":false,"_EventAllDay":false,"_EventTimezone":"","_EventStartDate":"","_EventEndDate":"","_EventStartDateUTC":"","_EventEndDateUTC":"","_EventShowMap":false,"_EventShowMapLink":false,"_EventURL":"","_EventCost":"","_EventCostDescription":"","_EventCurrencySymbol":"","_EventCurrencyCode":"","_EventCurrencyPosition":"","_EventDateTimeSeparator":"","_EventTimeRangeSeparator":"","_EventOrganizerID":[],"_EventVenueID":[],"_OrganizerEmail":"","_OrganizerPhone":"","_OrganizerWebsite":"","_VenueAddress":"","_VenueCity":"","_VenueCountry":"","_VenueProvince":"","_VenueState":"","_VenueZip":"","_VenuePhone":"","_VenueURL":"","_VenueStateProvince":"","_VenueLat":"","_VenueLng":"","_VenueShowMap":false,"_VenueShowMapLink":false,"_tribe_blocks_recurrence_rules":"","_tribe_blocks_recurrence_description":"","_tribe_blocks_recurrence_exclusions":"","footnotes":""},"class_list":["post-11876","page","type-page","status-publish","hentry"],"acf":[],"yoast_head":"<!-- This site is optimized with the Yoast SEO Premium plugin v26.2 (Yoast SEO v27.4) - https:\/\/yoast.com\/product\/yoast-seo-premium-wordpress\/ -->\n<title>D\u00e9veloppement de Marque | Radancy<\/title>\n<meta name=\"robots\" content=\"index, follow, max-snippet:-1, max-image-preview:large, max-video-preview:-1\" \/>\n<link rel=\"canonical\" href=\"https:\/\/www.radancy.com\/fr\/developpement-de-marque-employeur\/\" \/>\n<meta property=\"og:locale\" content=\"fr_FR\" \/>\n<meta property=\"og:type\" content=\"article\" \/>\n<meta property=\"og:title\" content=\"D\u00e9veloppement de Marque | Radancy\" \/>\n<meta property=\"og:description\" content=\"Votre proposition de valeur employeur Construire une marque employeur qui g\u00e9n\u00e8re plus de candidatures La dimension employeur de la marque s\u2019exprime souvent \u00e0 travers quelques id\u00e9es et messages cl\u00e9s. Nos Read more...\" \/>\n<meta property=\"og:url\" content=\"https:\/\/www.radancy.com\/fr\/developpement-de-marque-employeur\/\" \/>\n<meta property=\"og:site_name\" content=\"Radancy\" \/>\n<meta property=\"article:publisher\" content=\"https:\/\/www.facebook.com\/radancy\" \/>\n<meta property=\"article:modified_time\" content=\"2025-06-19T12:30:31+00:00\" \/>\n<meta property=\"og:image\" content=\"https:\/\/tbcdn.talentbrew.com\/company\/34730\/gst_v1\/img\/meta\/Radancy_JobShare-img-FINAL-FR.jpg\" \/>\n<meta name=\"twitter:card\" content=\"summary_large_image\" \/>\n<meta name=\"twitter:title\" content=\"D\u00e9veloppement de Marque\" \/>\n<meta name=\"twitter:site\" content=\"@radancyco\" \/>\n<meta name=\"twitter:label1\" content=\"Dur\u00e9e de lecture estim\u00e9e\" \/>\n\t<meta name=\"twitter:data1\" content=\"2 minutes\" \/>\n<script type=\"application\/ld+json\" class=\"yoast-schema-graph\">{\"@context\":\"https:\\\/\\\/schema.org\",\"@graph\":[{\"@type\":\"WebPage\",\"@id\":\"https:\\\/\\\/www.radancy.com\\\/fr\\\/developpement-de-marque-employeur\\\/\",\"url\":\"https:\\\/\\\/www.radancy.com\\\/fr\\\/developpement-de-marque-employeur\\\/\",\"name\":\"D\u00e9veloppement de Marque | Radancy\",\"isPartOf\":{\"@id\":\"https:\\\/\\\/www.radancy.com\\\/fr\\\/#website\"},\"primaryImageOfPage\":{\"@id\":\"https:\\\/\\\/www.radancy.com\\\/fr\\\/developpement-de-marque-employeur\\\/#primaryimage\"},\"image\":{\"@id\":\"https:\\\/\\\/www.radancy.com\\\/fr\\\/developpement-de-marque-employeur\\\/#primaryimage\"},\"thumbnailUrl\":\"https:\\\/\\\/www.radancy.com\\\/wp-content\\\/uploads\\\/2023\\\/11\\\/brand-development-01.jpg\",\"datePublished\":\"2023-11-17T03:01:48+00:00\",\"dateModified\":\"2025-06-19T12:30:31+00:00\",\"breadcrumb\":{\"@id\":\"https:\\\/\\\/www.radancy.com\\\/fr\\\/developpement-de-marque-employeur\\\/#breadcrumb\"},\"inLanguage\":\"fr-FR\",\"potentialAction\":[{\"@type\":\"ReadAction\",\"target\":[\"https:\\\/\\\/www.radancy.com\\\/fr\\\/developpement-de-marque-employeur\\\/\"]}]},{\"@type\":\"ImageObject\",\"inLanguage\":\"fr-FR\",\"@id\":\"https:\\\/\\\/www.radancy.com\\\/fr\\\/developpement-de-marque-employeur\\\/#primaryimage\",\"url\":\"https:\\\/\\\/www.radancy.com\\\/wp-content\\\/uploads\\\/2023\\\/11\\\/brand-development-01.jpg\",\"contentUrl\":\"https:\\\/\\\/www.radancy.com\\\/wp-content\\\/uploads\\\/2023\\\/11\\\/brand-development-01.jpg\"},{\"@type\":\"BreadcrumbList\",\"@id\":\"https:\\\/\\\/www.radancy.com\\\/fr\\\/developpement-de-marque-employeur\\\/#breadcrumb\",\"itemListElement\":[{\"@type\":\"ListItem\",\"position\":1,\"name\":\"Home\",\"item\":\"https:\\\/\\\/www.radancy.com\\\/fr\\\/\"},{\"@type\":\"ListItem\",\"position\":2,\"name\":\"D\u00e9veloppement de Marque\"}]},{\"@type\":\"WebSite\",\"@id\":\"https:\\\/\\\/www.radancy.com\\\/fr\\\/#website\",\"url\":\"https:\\\/\\\/www.radancy.com\\\/fr\\\/\",\"name\":\"Radancy\",\"description\":\"Create Connections That Count.\",\"publisher\":{\"@id\":\"https:\\\/\\\/www.radancy.com\\\/fr\\\/#organization\"},\"potentialAction\":[{\"@type\":\"SearchAction\",\"target\":{\"@type\":\"EntryPoint\",\"urlTemplate\":\"https:\\\/\\\/www.radancy.com\\\/fr\\\/?s={search_term_string}\"},\"query-input\":{\"@type\":\"PropertyValueSpecification\",\"valueRequired\":true,\"valueName\":\"search_term_string\"}}],\"inLanguage\":\"fr-FR\"},{\"@type\":\"Organization\",\"@id\":\"https:\\\/\\\/www.radancy.com\\\/fr\\\/#organization\",\"name\":\"Radancy\",\"url\":\"https:\\\/\\\/www.radancy.com\\\/fr\\\/\",\"logo\":{\"@type\":\"ImageObject\",\"inLanguage\":\"fr-FR\",\"@id\":\"https:\\\/\\\/www.radancy.com\\\/fr\\\/#\\\/schema\\\/logo\\\/image\\\/\",\"url\":\"https:\\\/\\\/www.radancy.com\\\/wp-content\\\/uploads\\\/2024\\\/06\\\/Radancy_Icon_RGB.svg\",\"contentUrl\":\"https:\\\/\\\/www.radancy.com\\\/wp-content\\\/uploads\\\/2024\\\/06\\\/Radancy_Icon_RGB.svg\",\"width\":1,\"height\":1,\"caption\":\"Radancy\"},\"image\":{\"@id\":\"https:\\\/\\\/www.radancy.com\\\/fr\\\/#\\\/schema\\\/logo\\\/image\\\/\"},\"sameAs\":[\"https:\\\/\\\/www.facebook.com\\\/radancy\",\"https:\\\/\\\/x.com\\\/radancyco\",\"https:\\\/\\\/www.linkedin.com\\\/company\\\/radancy\\\/\",\"https:\\\/\\\/www.youtube.com\\\/Radancy\\\/videos\",\"https:\\\/\\\/www.instagram.com\\\/radancyco\"]}]}<\/script>\n<!-- \/ Yoast SEO Premium plugin. -->","yoast_head_json":{"title":"D\u00e9veloppement de Marque | Radancy","robots":{"index":"index","follow":"follow","max-snippet":"max-snippet:-1","max-image-preview":"max-image-preview:large","max-video-preview":"max-video-preview:-1"},"canonical":"https:\/\/www.radancy.com\/fr\/developpement-de-marque-employeur\/","og_locale":"fr_FR","og_type":"article","og_title":"D\u00e9veloppement de Marque | Radancy","og_description":"Votre proposition de valeur employeur Construire une marque employeur qui g\u00e9n\u00e8re plus de candidatures La dimension employeur de la marque s\u2019exprime souvent \u00e0 travers quelques id\u00e9es et messages cl\u00e9s. Nos Read more...","og_url":"https:\/\/www.radancy.com\/fr\/developpement-de-marque-employeur\/","og_site_name":"Radancy","article_publisher":"https:\/\/www.facebook.com\/radancy","article_modified_time":"2025-06-19T12:30:31+00:00","og_image":[{"url":"https:\/\/tbcdn.talentbrew.com\/company\/34730\/gst_v1\/img\/meta\/Radancy_JobShare-img-FINAL-FR.jpg","type":"","width":"","height":""}],"twitter_card":"summary_large_image","twitter_title":"D\u00e9veloppement de Marque","twitter_site":"@radancyco","twitter_misc":{"Dur\u00e9e de lecture estim\u00e9e":"2 minutes"},"schema":{"@context":"https:\/\/schema.org","@graph":[{"@type":"WebPage","@id":"https:\/\/www.radancy.com\/fr\/developpement-de-marque-employeur\/","url":"https:\/\/www.radancy.com\/fr\/developpement-de-marque-employeur\/","name":"D\u00e9veloppement de Marque | Radancy","isPartOf":{"@id":"https:\/\/www.radancy.com\/fr\/#website"},"primaryImageOfPage":{"@id":"https:\/\/www.radancy.com\/fr\/developpement-de-marque-employeur\/#primaryimage"},"image":{"@id":"https:\/\/www.radancy.com\/fr\/developpement-de-marque-employeur\/#primaryimage"},"thumbnailUrl":"https:\/\/www.radancy.com\/wp-content\/uploads\/2023\/11\/brand-development-01.jpg","datePublished":"2023-11-17T03:01:48+00:00","dateModified":"2025-06-19T12:30:31+00:00","breadcrumb":{"@id":"https:\/\/www.radancy.com\/fr\/developpement-de-marque-employeur\/#breadcrumb"},"inLanguage":"fr-FR","potentialAction":[{"@type":"ReadAction","target":["https:\/\/www.radancy.com\/fr\/developpement-de-marque-employeur\/"]}]},{"@type":"ImageObject","inLanguage":"fr-FR","@id":"https:\/\/www.radancy.com\/fr\/developpement-de-marque-employeur\/#primaryimage","url":"https:\/\/www.radancy.com\/wp-content\/uploads\/2023\/11\/brand-development-01.jpg","contentUrl":"https:\/\/www.radancy.com\/wp-content\/uploads\/2023\/11\/brand-development-01.jpg"},{"@type":"BreadcrumbList","@id":"https:\/\/www.radancy.com\/fr\/developpement-de-marque-employeur\/#breadcrumb","itemListElement":[{"@type":"ListItem","position":1,"name":"Home","item":"https:\/\/www.radancy.com\/fr\/"},{"@type":"ListItem","position":2,"name":"D\u00e9veloppement de Marque"}]},{"@type":"WebSite","@id":"https:\/\/www.radancy.com\/fr\/#website","url":"https:\/\/www.radancy.com\/fr\/","name":"Radancy","description":"Create Connections That Count.","publisher":{"@id":"https:\/\/www.radancy.com\/fr\/#organization"},"potentialAction":[{"@type":"SearchAction","target":{"@type":"EntryPoint","urlTemplate":"https:\/\/www.radancy.com\/fr\/?s={search_term_string}"},"query-input":{"@type":"PropertyValueSpecification","valueRequired":true,"valueName":"search_term_string"}}],"inLanguage":"fr-FR"},{"@type":"Organization","@id":"https:\/\/www.radancy.com\/fr\/#organization","name":"Radancy","url":"https:\/\/www.radancy.com\/fr\/","logo":{"@type":"ImageObject","inLanguage":"fr-FR","@id":"https:\/\/www.radancy.com\/fr\/#\/schema\/logo\/image\/","url":"https:\/\/www.radancy.com\/wp-content\/uploads\/2024\/06\/Radancy_Icon_RGB.svg","contentUrl":"https:\/\/www.radancy.com\/wp-content\/uploads\/2024\/06\/Radancy_Icon_RGB.svg","width":1,"height":1,"caption":"Radancy"},"image":{"@id":"https:\/\/www.radancy.com\/fr\/#\/schema\/logo\/image\/"},"sameAs":["https:\/\/www.facebook.com\/radancy","https:\/\/x.com\/radancyco","https:\/\/www.linkedin.com\/company\/radancy\/","https:\/\/www.youtube.com\/Radancy\/videos","https:\/\/www.instagram.com\/radancyco"]}]}},"_links":{"self":[{"href":"https:\/\/www.radancy.com\/fr\/wp-json\/wp\/v2\/pages\/11876","targetHints":{"allow":["GET"]}}],"collection":[{"href":"https:\/\/www.radancy.com\/fr\/wp-json\/wp\/v2\/pages"}],"about":[{"href":"https:\/\/www.radancy.com\/fr\/wp-json\/wp\/v2\/types\/page"}],"author":[{"embeddable":true,"href":"https:\/\/www.radancy.com\/fr\/wp-json\/wp\/v2\/users\/1"}],"replies":[{"embeddable":true,"href":"https:\/\/www.radancy.com\/fr\/wp-json\/wp\/v2\/comments?post=11876"}],"version-history":[{"count":0,"href":"https:\/\/www.radancy.com\/fr\/wp-json\/wp\/v2\/pages\/11876\/revisions"}],"wp:attachment":[{"href":"https:\/\/www.radancy.com\/fr\/wp-json\/wp\/v2\/media?parent=11876"}],"curies":[{"name":"wp","href":"https:\/\/api.w.org\/{rel}","templated":true}]}}