{"id":11874,"date":"2023-11-17T03:01:46","date_gmt":"2023-11-17T03:01:46","guid":{"rendered":"https:\/\/s45175.p1717.sites.pressdns.com\/api-use-policy\/"},"modified":"2025-06-19T13:02:29","modified_gmt":"2025-06-19T13:02:29","slug":"api-use-policy","status":"publish","type":"page","link":"https:\/\/www.radancy.com\/fr\/api-use-policy\/","title":{"rendered":"Politique d\u2019utilisation des API\u00a0: Flux d\u2019offres d\u2019emploi"},"content":{"rendered":"\n<div class=\"wp-block-group alignfull title-bar has-neutral-1-color has-primary-3-background-color has-text-color has-background is-vertical is-content-justification-center is-layout-flex wp-container-core-group-is-layout-95c46550 wp-block-group-is-layout-flex\" style=\"margin-top:0;margin-bottom:60px;padding-top:35px;padding-right:35px;padding-bottom:35px;padding-left:35px\">\n<h2 class=\"wp-block-heading has-accent-font-family has-headline-smallest-font-size\" id=\"h-politique-d-utilisation-des-api-nbsp-flux-d-offres-d-emploi\" style=\"margin-top:0;margin-bottom:0;font-style:normal;font-weight:400;text-transform:uppercase\">Politique d\u2019utilisation des API&nbsp;: Flux d\u2019offres d\u2019emploi<\/h2>\n<\/div>\n\n\n\n<section class=\"wp-block-group section is-vertical is-content-justification-stretch is-layout-flex wp-container-core-group-is-layout-db4209bd wp-block-group-is-layout-flex\">\n<div class=\"wp-block-group section is-vertical is-content-justification-stretch is-layout-flex wp-container-core-group-is-layout-33bcc86b wp-block-group-is-layout-flex\">\n<p>\u00ab\u00a0La plateforme unifi\u00e9e de Radancy a \u00e9t\u00e9 con\u00e7ue pour permettre \u00e0 nos d\u00e9veloppeurs de cr\u00e9er une livraison transparente des donn\u00e9es d\u2019emploi \u00e0 partir du Syst\u00e8me de suivi des candidatures du Client (Applicant Tracking System, \u00ab <b>ATS<\/b> \u00bb) vers le Site carri\u00e8res du Client via les propres interfaces de programmation d\u2019applications (\u00ab <b>API<\/b> \u00bb) de l\u2019ATS. Cette proc\u00e9dure cr\u00e9e une m\u00e9thode fiable pour Radancy afin de s\u2019assurer que le Site carri\u00e8res du Client recueille les donn\u00e9es de poste \u00e0 pourvoir du Client de mani\u00e8re opportune et pr\u00e9cise.<\/p>\n\n\n\n<p>Radancy a adopt\u00e9 la \u00ab <b>Politique d\u2019utilisation des API<\/b> \u00bb suivante, qui r\u00e9git l\u2019acc\u00e8s et l\u2019utilisation des API par Radancy, ainsi que les donn\u00e9es r\u00e9cup\u00e9r\u00e9es par celle-ci.<\/p>\n<\/div>\n\n\n\n<div class=\"wp-block-group section is-vertical is-content-justification-stretch is-layout-flex wp-container-core-group-is-layout-33bcc86b wp-block-group-is-layout-flex\">\n<h2 class=\"wp-block-heading headline\" id=\"h-autorisation-d-acces-aux-api\">Autorisation d\u2019acc\u00e8s aux API<\/h2>\n\n\n\n<ol class=\"wp-block-list\">\n<li>Le Client fournira des identifiants d\u2019acc\u00e8s sp\u00e9cifiques \u00e0 Radancy, tels qu\u2019un nom d\u2019utilisateur et un mot de passe autoris\u00e9s, pour permettre \u00e0 Radancy d\u2019acc\u00e9der \u00e0 l\u2019ATS du Client. La fourniture par le Client de ces informations d\u2019identification constitue une d\u00e9claration du Client que 2. L\u2019acc\u00e8s de Radancy ne viole pas l\u2019accord du Client avec son ATS.<\/li>\n\n\n\n<li>Radancy fournira au Client une documentation qui fournit des instructions sur ce qui est requis.<\/li>\n<\/ol>\n<\/div>\n\n\n\n<div class=\"wp-block-group section is-vertical is-content-justification-stretch is-layout-flex wp-container-core-group-is-layout-33bcc86b wp-block-group-is-layout-flex\">\n<h2 class=\"wp-block-heading headline\" id=\"h-utilisation-des-api-donnees-exclues\">Utilisation des API\/Donn\u00e9es exclues<\/h2>\n\n\n\n<ol class=\"wp-block-list\">\n<li>Radancy utilisera le logiciel qu\u2019elle a d\u00e9velopp\u00e9 pour automatiser son acc\u00e8s \u00e0 l\u2019ATS du Client afin de demander p\u00e9riodiquement la livraison ou le t\u00e9l\u00e9chargement des informations d\u2019emploi demand\u00e9es. Ce logiciel est la propri\u00e9t\u00e9 de Radancy. S\u2019il est fourni au Client pour installation sur le syst\u00e8me du Client, ledit logiciel sera r\u00e9put\u00e9 conc\u00e9d\u00e9 sous licence pendant la dur\u00e9e du Contrat d\u2019abonnement \u00e0 la Plateforme unifi\u00e9e du Client ou de tout autre contrat applicable et sera supprim\u00e9 ou d\u00e9truit \u00e0 la r\u00e9siliation de celui-ci.<\/li>\n\n\n\n<li>Bien que l\u2019objectif de Radancy soit de collecter des donn\u00e9es de poste qui seront int\u00e9gr\u00e9es au Site de carri\u00e8res du Client, il peut arriver que les API du fournisseur ATS du Client permettent un acc\u00e8s plus important que n\u00e9cessaire pour effectuer cette t\u00e2che. Radancy n\u2019acc\u00e9dera pas aux zones de flux de travail du service API, y compris les informations personnellement identifiables (IPI) et\/ou les donn\u00e9es au niveau du candidat, sauf accord explicite \u00e9crit entre le Client et Radancy.<\/li>\n<\/ol>\n<\/div>\n\n\n\n<div class=\"wp-block-group section is-vertical is-content-justification-stretch is-layout-flex wp-container-core-group-is-layout-33bcc86b wp-block-group-is-layout-flex\">\n<h2 class=\"wp-block-heading headline\" id=\"h-securite-et-surveillance-de-l-integration\">S\u00e9curit\u00e9 et surveillance de l\u2019int\u00e9gration<\/h2>\n\n\n\n<ol class=\"wp-block-list\">\n<li>Radancy part du principe que l\u2019environnement technologique du Client est correctement configur\u00e9 et s\u00e9curis\u00e9. Cela inclut l\u2019ATS du Client, ainsi que son syst\u00e8me d\u2019exploitation, ses logiciels et ses bases de donn\u00e9es, le cas \u00e9ch\u00e9ant. Le fait que le Client ou ses agents, y compris son fournisseur ATS, ne configurent et ne s\u00e9curise pas correctement son environnement technologique peut entra\u00eener des erreurs, des retards ou la divulgation de donn\u00e9es pour lesquelles Radancy ne pourra \u00eatre tenue responsable.<\/li>\n<\/ol>\n<\/div>\n\n\n\n<div class=\"wp-block-group section section--extra-spacing is-vertical is-content-justification-stretch is-layout-flex wp-container-core-group-is-layout-33bcc86b wp-block-group-is-layout-flex\">\n<h2 class=\"wp-block-heading headline\" id=\"h-assistance\">Assistance<\/h2>\n\n\n\n<ol class=\"wp-block-list\">\n<li>Radancy prendra en charge l\u2019int\u00e9gration de l\u2019API et pourra apporter des modifications si n\u00e9cessaire pour assurer le bon fonctionnement de l\u2019int\u00e9gration.<\/li>\n\n\n\n<li>Radancy peut avoir besoin, de temps \u00e0 autre, d\u2019apporter des ajustements et\/ou des modifications \u00e0 l\u2019int\u00e9gration en raison de modifications du syst\u00e8me ATS ou d\u2019autres demandes sp\u00e9cifiques re\u00e7ues.<\/li>\n\n\n\n<li>Toutes les demandes doivent \u00eatre adress\u00e9es \u00e0 <a href=\"mailto:productsupport@radancy.com?subject=API%20Use%20Policy:%20Job%20Feeds\" data-custom-event=\"true\" data-custom-category=\"custom event\" data-custom-label=\"productsupport@radancy.com\">productsupport@radancy.com<\/a>.<\/li>\n<\/ol>\n<\/div>\n<\/section>\n\n\n\n<div style=\"height:40px\" aria-hidden=\"true\" class=\"wp-block-spacer\"><\/div>\n\n\n\n<div class=\"wp-block-group alignfull cta has-neutral-1-color has-primary-2-background-color has-text-color has-background has-global-padding is-layout-constrained wp-container-core-group-is-layout-86ad42c5 wp-block-group-is-layout-constrained\" style=\"margin-top:0px;margin-bottom:0px;padding-top:var(--wp--preset--spacing--30);padding-right:var(--wp--preset--spacing--30);padding-bottom:var(--wp--preset--spacing--30);padding-left:var(--wp--preset--spacing--30)\">\n<h3 class=\"wp-block-heading has-text-align-center has-copy-font-family\" id=\"h-contactez-nous-pour-accelerer-vos-recrutements-et-maximiser-votre-retour-sur-investissement-grace-a-une-plateforme-d-ia-unifiee\">Contactez-nous pour acc\u00e9l\u00e9rer vos recrutements et maximiser votre retour sur investissement gr\u00e2ce \u00e0 une plateforme d\u2019IA unifi\u00e9e.<\/h3>\n\n\n\n<div class=\"wp-block-buttons is-content-justification-center is-layout-flex wp-container-core-buttons-is-layout-a89b3969 wp-block-buttons-is-layout-flex\">\n<div class=\"wp-block-button\"><a class=\"wp-block-button__link wp-element-button\" href=\"https:\/\/www.radancy.com\/fr\/nous-contacter\/\">DEMANDER UNE D\u00c9MO<\/a><\/div>\n<\/div>\n<\/div>\n","protected":false},"excerpt":{"rendered":"<p>Politique d\u2019utilisation des API&nbsp;: Flux d\u2019offres d\u2019emploi \u00ab\u00a0La plateforme unifi\u00e9e de Radancy a \u00e9t\u00e9 con\u00e7ue pour permettre \u00e0 nos d\u00e9veloppeurs de cr\u00e9er une livraison transparente des donn\u00e9es d\u2019emploi \u00e0 partir <a class=\"more-link\" href=\"https:\/\/www.radancy.com\/fr\/api-use-policy\/\">Read more&#8230;<\/a><\/p>\n","protected":false},"author":1,"featured_media":0,"parent":0,"menu_order":0,"comment_status":"closed","ping_status":"closed","template":"","meta":{"_acf_changed":false,"_EventAllDay":false,"_EventTimezone":"","_EventStartDate":"","_EventEndDate":"","_EventStartDateUTC":"","_EventEndDateUTC":"","_EventShowMap":false,"_EventShowMapLink":false,"_EventURL":"","_EventCost":"","_EventCostDescription":"","_EventCurrencySymbol":"","_EventCurrencyCode":"","_EventCurrencyPosition":"","_EventDateTimeSeparator":"","_EventTimeRangeSeparator":"","_EventOrganizerID":[],"_EventVenueID":[],"_OrganizerEmail":"","_OrganizerPhone":"","_OrganizerWebsite":"","_VenueAddress":"","_VenueCity":"","_VenueCountry":"","_VenueProvince":"","_VenueState":"","_VenueZip":"","_VenuePhone":"","_VenueURL":"","_VenueStateProvince":"","_VenueLat":"","_VenueLng":"","_VenueShowMap":false,"_VenueShowMapLink":false,"_tribe_blocks_recurrence_rules":"","_tribe_blocks_recurrence_description":"","_tribe_blocks_recurrence_exclusions":"","footnotes":""},"class_list":["post-11874","page","type-page","status-publish","hentry"],"acf":[],"yoast_head":"<!-- This site is optimized with the Yoast SEO Premium plugin v26.2 (Yoast SEO v27.5) - https:\/\/yoast.com\/product\/yoast-seo-premium-wordpress\/ -->\n<title>Politique d\u2019utilisation des API\u00a0: Flux d\u2019offres d\u2019emploi | Radancy<\/title>\n<meta name=\"robots\" content=\"index, follow, max-snippet:-1, max-image-preview:large, max-video-preview:-1\" \/>\n<link rel=\"canonical\" href=\"https:\/\/www.radancy.com\/fr\/api-use-policy\/\" \/>\n<meta property=\"og:locale\" content=\"fr_FR\" \/>\n<meta property=\"og:type\" content=\"article\" \/>\n<meta property=\"og:title\" content=\"Politique d\u2019utilisation des API\u00a0: Flux d\u2019offres d\u2019emploi\" \/>\n<meta property=\"og:description\" content=\"Politique d\u2019utilisation des API&nbsp;: Flux d\u2019offres d\u2019emploi \u00ab\u00a0La plateforme unifi\u00e9e de Radancy a \u00e9t\u00e9 con\u00e7ue pour permettre \u00e0 nos d\u00e9veloppeurs de cr\u00e9er une livraison transparente des donn\u00e9es d\u2019emploi \u00e0 partir Read more...\" \/>\n<meta property=\"og:url\" content=\"https:\/\/www.radancy.com\/fr\/api-use-policy\/\" \/>\n<meta property=\"og:site_name\" content=\"Radancy\" \/>\n<meta property=\"article:publisher\" content=\"https:\/\/www.facebook.com\/radancy\" \/>\n<meta property=\"article:modified_time\" content=\"2025-06-19T13:02:29+00:00\" \/>\n<meta property=\"og:image\" content=\"https:\/\/tbcdn.talentbrew.com\/company\/34730\/gst_v1\/img\/meta\/Radancy_JobShare-img-FINAL-FR.jpg\" \/>\n<meta name=\"twitter:card\" content=\"summary_large_image\" \/>\n<meta name=\"twitter:title\" content=\"Politique d\u2019utilisation des API\u00a0: Flux d\u2019offres d\u2019emploi\" \/>\n<meta name=\"twitter:site\" content=\"@radancyco\" \/>\n<meta name=\"twitter:label1\" content=\"Dur\u00e9e de lecture estim\u00e9e\" \/>\n\t<meta name=\"twitter:data1\" content=\"3 minutes\" \/>\n<script type=\"application\/ld+json\" class=\"yoast-schema-graph\">{\"@context\":\"https:\\\/\\\/schema.org\",\"@graph\":[{\"@type\":\"WebPage\",\"@id\":\"https:\\\/\\\/www.radancy.com\\\/fr\\\/api-use-policy\\\/\",\"url\":\"https:\\\/\\\/www.radancy.com\\\/fr\\\/api-use-policy\\\/\",\"name\":\"Politique d\u2019utilisation des API\u00a0: Flux d\u2019offres d\u2019emploi | Radancy\",\"isPartOf\":{\"@id\":\"https:\\\/\\\/www.radancy.com\\\/fr\\\/#website\"},\"datePublished\":\"2023-11-17T03:01:46+00:00\",\"dateModified\":\"2025-06-19T13:02:29+00:00\",\"breadcrumb\":{\"@id\":\"https:\\\/\\\/www.radancy.com\\\/fr\\\/api-use-policy\\\/#breadcrumb\"},\"inLanguage\":\"fr-FR\",\"potentialAction\":[{\"@type\":\"ReadAction\",\"target\":[\"https:\\\/\\\/www.radancy.com\\\/fr\\\/api-use-policy\\\/\"]}]},{\"@type\":\"BreadcrumbList\",\"@id\":\"https:\\\/\\\/www.radancy.com\\\/fr\\\/api-use-policy\\\/#breadcrumb\",\"itemListElement\":[{\"@type\":\"ListItem\",\"position\":1,\"name\":\"Home\",\"item\":\"https:\\\/\\\/www.radancy.com\\\/fr\\\/\"},{\"@type\":\"ListItem\",\"position\":2,\"name\":\"Politique d\u2019utilisation des API\u00a0: Flux d\u2019offres d\u2019emploi\"}]},{\"@type\":\"WebSite\",\"@id\":\"https:\\\/\\\/www.radancy.com\\\/fr\\\/#website\",\"url\":\"https:\\\/\\\/www.radancy.com\\\/fr\\\/\",\"name\":\"Radancy\",\"description\":\"Create Connections That Count.\",\"publisher\":{\"@id\":\"https:\\\/\\\/www.radancy.com\\\/fr\\\/#organization\"},\"potentialAction\":[{\"@type\":\"SearchAction\",\"target\":{\"@type\":\"EntryPoint\",\"urlTemplate\":\"https:\\\/\\\/www.radancy.com\\\/fr\\\/?s={search_term_string}\"},\"query-input\":{\"@type\":\"PropertyValueSpecification\",\"valueRequired\":true,\"valueName\":\"search_term_string\"}}],\"inLanguage\":\"fr-FR\"},{\"@type\":\"Organization\",\"@id\":\"https:\\\/\\\/www.radancy.com\\\/fr\\\/#organization\",\"name\":\"Radancy\",\"url\":\"https:\\\/\\\/www.radancy.com\\\/fr\\\/\",\"logo\":{\"@type\":\"ImageObject\",\"inLanguage\":\"fr-FR\",\"@id\":\"https:\\\/\\\/www.radancy.com\\\/fr\\\/#\\\/schema\\\/logo\\\/image\\\/\",\"url\":\"https:\\\/\\\/www.radancy.com\\\/wp-content\\\/uploads\\\/2024\\\/06\\\/Radancy_Icon_RGB.svg\",\"contentUrl\":\"https:\\\/\\\/www.radancy.com\\\/wp-content\\\/uploads\\\/2024\\\/06\\\/Radancy_Icon_RGB.svg\",\"width\":1,\"height\":1,\"caption\":\"Radancy\"},\"image\":{\"@id\":\"https:\\\/\\\/www.radancy.com\\\/fr\\\/#\\\/schema\\\/logo\\\/image\\\/\"},\"sameAs\":[\"https:\\\/\\\/www.facebook.com\\\/radancy\",\"https:\\\/\\\/x.com\\\/radancyco\",\"https:\\\/\\\/www.linkedin.com\\\/company\\\/radancy\\\/\",\"https:\\\/\\\/www.youtube.com\\\/Radancy\\\/videos\",\"https:\\\/\\\/www.instagram.com\\\/radancyco\"]}]}<\/script>\n<!-- \/ Yoast SEO Premium plugin. -->","yoast_head_json":{"title":"Politique d\u2019utilisation des API\u00a0: Flux d\u2019offres d\u2019emploi | Radancy","robots":{"index":"index","follow":"follow","max-snippet":"max-snippet:-1","max-image-preview":"max-image-preview:large","max-video-preview":"max-video-preview:-1"},"canonical":"https:\/\/www.radancy.com\/fr\/api-use-policy\/","og_locale":"fr_FR","og_type":"article","og_title":"Politique d\u2019utilisation des API\u00a0: Flux d\u2019offres d\u2019emploi","og_description":"Politique d\u2019utilisation des API&nbsp;: Flux d\u2019offres d\u2019emploi \u00ab\u00a0La plateforme unifi\u00e9e de Radancy a \u00e9t\u00e9 con\u00e7ue pour permettre \u00e0 nos d\u00e9veloppeurs de cr\u00e9er une livraison transparente des donn\u00e9es d\u2019emploi \u00e0 partir Read more...","og_url":"https:\/\/www.radancy.com\/fr\/api-use-policy\/","og_site_name":"Radancy","article_publisher":"https:\/\/www.facebook.com\/radancy","article_modified_time":"2025-06-19T13:02:29+00:00","og_image":[{"url":"https:\/\/tbcdn.talentbrew.com\/company\/34730\/gst_v1\/img\/meta\/Radancy_JobShare-img-FINAL-FR.jpg","type":"","width":"","height":""}],"twitter_card":"summary_large_image","twitter_title":"Politique d\u2019utilisation des API\u00a0: Flux d\u2019offres d\u2019emploi","twitter_site":"@radancyco","twitter_misc":{"Dur\u00e9e de lecture estim\u00e9e":"3 minutes"},"schema":{"@context":"https:\/\/schema.org","@graph":[{"@type":"WebPage","@id":"https:\/\/www.radancy.com\/fr\/api-use-policy\/","url":"https:\/\/www.radancy.com\/fr\/api-use-policy\/","name":"Politique d\u2019utilisation des API\u00a0: Flux d\u2019offres d\u2019emploi | Radancy","isPartOf":{"@id":"https:\/\/www.radancy.com\/fr\/#website"},"datePublished":"2023-11-17T03:01:46+00:00","dateModified":"2025-06-19T13:02:29+00:00","breadcrumb":{"@id":"https:\/\/www.radancy.com\/fr\/api-use-policy\/#breadcrumb"},"inLanguage":"fr-FR","potentialAction":[{"@type":"ReadAction","target":["https:\/\/www.radancy.com\/fr\/api-use-policy\/"]}]},{"@type":"BreadcrumbList","@id":"https:\/\/www.radancy.com\/fr\/api-use-policy\/#breadcrumb","itemListElement":[{"@type":"ListItem","position":1,"name":"Home","item":"https:\/\/www.radancy.com\/fr\/"},{"@type":"ListItem","position":2,"name":"Politique d\u2019utilisation des API\u00a0: Flux d\u2019offres d\u2019emploi"}]},{"@type":"WebSite","@id":"https:\/\/www.radancy.com\/fr\/#website","url":"https:\/\/www.radancy.com\/fr\/","name":"Radancy","description":"Create Connections That Count.","publisher":{"@id":"https:\/\/www.radancy.com\/fr\/#organization"},"potentialAction":[{"@type":"SearchAction","target":{"@type":"EntryPoint","urlTemplate":"https:\/\/www.radancy.com\/fr\/?s={search_term_string}"},"query-input":{"@type":"PropertyValueSpecification","valueRequired":true,"valueName":"search_term_string"}}],"inLanguage":"fr-FR"},{"@type":"Organization","@id":"https:\/\/www.radancy.com\/fr\/#organization","name":"Radancy","url":"https:\/\/www.radancy.com\/fr\/","logo":{"@type":"ImageObject","inLanguage":"fr-FR","@id":"https:\/\/www.radancy.com\/fr\/#\/schema\/logo\/image\/","url":"https:\/\/www.radancy.com\/wp-content\/uploads\/2024\/06\/Radancy_Icon_RGB.svg","contentUrl":"https:\/\/www.radancy.com\/wp-content\/uploads\/2024\/06\/Radancy_Icon_RGB.svg","width":1,"height":1,"caption":"Radancy"},"image":{"@id":"https:\/\/www.radancy.com\/fr\/#\/schema\/logo\/image\/"},"sameAs":["https:\/\/www.facebook.com\/radancy","https:\/\/x.com\/radancyco","https:\/\/www.linkedin.com\/company\/radancy\/","https:\/\/www.youtube.com\/Radancy\/videos","https:\/\/www.instagram.com\/radancyco"]}]}},"_links":{"self":[{"href":"https:\/\/www.radancy.com\/fr\/wp-json\/wp\/v2\/pages\/11874","targetHints":{"allow":["GET"]}}],"collection":[{"href":"https:\/\/www.radancy.com\/fr\/wp-json\/wp\/v2\/pages"}],"about":[{"href":"https:\/\/www.radancy.com\/fr\/wp-json\/wp\/v2\/types\/page"}],"author":[{"embeddable":true,"href":"https:\/\/www.radancy.com\/fr\/wp-json\/wp\/v2\/users\/1"}],"replies":[{"embeddable":true,"href":"https:\/\/www.radancy.com\/fr\/wp-json\/wp\/v2\/comments?post=11874"}],"version-history":[{"count":0,"href":"https:\/\/www.radancy.com\/fr\/wp-json\/wp\/v2\/pages\/11874\/revisions"}],"wp:attachment":[{"href":"https:\/\/www.radancy.com\/fr\/wp-json\/wp\/v2\/media?parent=11874"}],"curies":[{"name":"wp","href":"https:\/\/api.w.org\/{rel}","templated":true}]}}