{"id":18882,"date":"2024-11-07T15:11:18","date_gmt":"2024-11-07T15:11:18","guid":{"rendered":"https:\/\/www.radancy.com\/data-privacy-framework-privacy-policy\/"},"modified":"2025-09-30T08:02:25","modified_gmt":"2025-09-30T08:02:25","slug":"politica-de-privacidad-del-data-privacy-framework","status":"publish","type":"page","link":"https:\/\/www.radancy.com\/es\/politica-de-privacidad-del-data-privacy-framework\/","title":{"rendered":"Data Privacy Framework Privacy Policy"},"content":{"rendered":"\n<div class=\"wp-block-group alignfull title-bar has-neutral-1-color has-primary-3-background-color has-text-color has-background is-vertical is-content-justification-center is-layout-flex wp-container-core-group-is-layout-95c46550 wp-block-group-is-layout-flex\" style=\"margin-top:0;margin-bottom:60px;padding-top:35px;padding-right:35px;padding-bottom:35px;padding-left:35px\">\n<h2 class=\"wp-block-heading has-accent-font-family has-headline-smallest-font-size\" id=\"h-politica-de-privacidad-del-data-privacy-framework-marco-de-privacidad-de-datos\" style=\"margin-top:0;margin-bottom:0;font-style:normal;font-weight:400\">POL\u00cdTICA DE PRIVACIDAD DEL DATA PRIVACY FRAMEWORK (MARCO DE PRIVACIDAD DE DATOS)<\/h2>\n<\/div>\n\n\n\n<div class=\"wp-block-group is-vertical is-layout-flex wp-container-core-group-is-layout-efc78961 wp-block-group-is-layout-flex\" style=\"padding-bottom:70px\">\n<p>\u00daltima actualizaci\u00f3n: 7 noviembre 2024<\/p>\n\n\n\n<p>TMP Worldwide Advertising &amp; Communications, LLC operando como Radancy en los Estados Unidos (\u00ab<strong>Radancy US<\/strong>\u00ab) ha creado esta Pol\u00edtica de Privacidad del Marco de Privacidad de Datos para ayudarle a conocer c\u00f3mo tratamos la informaci\u00f3n personal que recopilan nuestros clientes ubicados en el Espacio Econ\u00f3mico Europeo (el \u00ab<strong>EEE<\/strong>\u00ab) y Suiza y que se transfiere a Radancy US. Esta Pol\u00edtica de Privacidad del Marco de Privacidad de Datos complementa nuestro Aviso de Privacidad en <a href=\"https:\/\/www.radancy.com\/es\/politica-de-privacidad\/\">https:\/\/www.radancy.com\/en\/privacy\/<\/a>. A menos que se definan espec\u00edficamente en esta pol\u00edtica, los t\u00e9rminos de esta Pol\u00edtica de Privacidad del Marco de Privacidad de Datos tienen el mismo significado que en dicho Aviso de Privacidad.<\/p>\n\n\n\n<p>Radancy US ha obtenido la certificaci\u00f3n del Marco de Privacidad de Datos UE-EE.UU. y del Marco de Privacidad de Datos Suiza-EE.UU. (conjuntamente \u00ab<strong>DPF<\/strong>\u00ab, por sus siglas en ingl\u00e9s) para el tratamiento de la informaci\u00f3n personal recibida de la Uni\u00f3n Europea y Suiza, y se compromete a cumplir los principios del DPF para la informaci\u00f3n personal cubierta por la Pol\u00edtica.&nbsp; Puede encontrar m\u00e1s informaci\u00f3n sobre el DPF, incluida la lista de organizaciones certificadas, en <a href=\"https:\/\/www.dataprivacyframework.gov\">https:\/\/www.dataprivacyframework.gov<\/a>\/.&nbsp; Esta Pol\u00edtica se aplica a Radancy US y a sus filiales en EE.UU. que se indican en al final de esta Pol\u00edtica de Privacidad.<\/p>\n\n\n\n<p>La informaci\u00f3n personal que se transfiere a Radancy US desde el EEE y Suiza se divide en dos categor\u00edas:&nbsp; 1) informaci\u00f3n personal relativa al personal de los clientes de Radancy US en el EEE y Suiza; y 2) informaci\u00f3n personal de clientes que Radancy US trata en nombre de sus clientes (como nombre, informaci\u00f3n de contacto, solicitudes y curr\u00edculos de candidatos a un puesto de trabajo).&nbsp; En el caso de esta \u00faltima categor\u00eda, Radancy US act\u00faa como encargado del tratamiento de datos y procesa dicha informaci\u00f3n \u00fanicamente bajo las instrucciones de sus clientes.&nbsp; Esta informaci\u00f3n est\u00e1 bajo el control de sus clientes en el EEE y Suiza.<\/p>\n\n\n\n<p>Dado que los requisitos de la DPF var\u00edan en funci\u00f3n de si Radancy US act\u00faa como encargado del tratamiento de datos en nombre de sus clientes o como responsable del tratamiento de datos, es decir, cuando Radancy US toma decisiones independientes sobre c\u00f3mo se utilizar\u00e1 esa informaci\u00f3n, las pol\u00edticas y pr\u00e1cticas de Radancy US se describen por separado a continuaci\u00f3n.<\/p>\n\n\n\n<div style=\"height:0px\" aria-hidden=\"true\" class=\"wp-block-spacer wp-container-content-9760934e\"><\/div>\n\n\n\n<h3 class=\"wp-block-heading\" id=\"h-radancy-us-actuando-como-encargado-del-tratamiento-en-nombre-de-sus-clientes\"><strong>Radancy US actuando como encargado del tratamiento en nombre de sus clientes<\/strong><\/h3>\n\n\n\n<p>Cuando Radancy US act\u00faa como encargado del tratamiento en nombre de sus clientes, las siguientes pol\u00edticas se aplican a todas las operaciones de tratamiento de datos relativas a la informaci\u00f3n personal que se ha transferido desde el EEE y Suiza a Estados Unidos.<\/p>\n\n\n\n<p><em><em>Uso de la informaci\u00f3n personal<\/em><\/em><br>Radancy US tratar\u00e1 la informaci\u00f3n personal \u00fanicamente para los fines solicitados por el cliente.<\/p>\n\n\n\n<p><em><em><em>Acceso y correcci\u00f3n<\/em><\/em><\/em><br>Radancy US ayudar\u00e1 al responsable del tratamiento (el cliente) a responder a las personas que ejerzan sus derechos en virtud de los Principios DPF.<\/p>\n\n\n\n<p><em><em><em><em>Agentes y proveedores de servicios<\/em><\/em><\/em><\/em><br>Radancy US no transferir\u00e1 informaci\u00f3n personal a terceros, excepto cuando lo permita o lo exija el cliente y, en ese caso, de conformidad con los Principios DPF.<\/p>\n\n\n\n<p><em><em><em><em><em>Notificaci\u00f3n y elecci\u00f3n<\/em><\/em><\/em><\/em><\/em><br>Dado que la informaci\u00f3n personal est\u00e1 bajo el control de los clientes de Radancy, corresponde a ello proporcionar a la persona interesada la notificaci\u00f3n adecuada y la posibilidad de elecci\u00f3n.&nbsp; Como encargado del tratamiento de datos, Radancy US no suele tener una relaci\u00f3n directa con los clientes de los clientes.&nbsp;<\/p>\n\n\n\n<div style=\"height:0px\" aria-hidden=\"true\" class=\"wp-block-spacer wp-container-content-9760934e\"><\/div>\n\n\n\n<h3 class=\"wp-block-heading\" id=\"h-radancy-us-actuando-como-responsable-del-tratamiento-de-datos\"><strong>Radancy US actuando como responsable del tratamiento de datos<\/strong><\/h3>\n\n\n\n<p>Radancy US puede recibir informaci\u00f3n de clientes del EEE y Suiza relativa a sus empleados, incluidos el nombre, la direcci\u00f3n postal, el n\u00famero de tel\u00e9fono y la direcci\u00f3n de correo electr\u00f3nico (conjuntamente, \u00abInformaci\u00f3n Personal\u00bb).&nbsp;<\/p>\n\n\n\n<p><em><em><em><em><em><em>Uso de la Informaci\u00f3n Personal<\/em><\/em><\/em><\/em><\/em><\/em><br>Radancy US y sus agentes podr\u00e1n utilizar cualquier Informaci\u00f3n Personal que se nos env\u00ede para los fines indicados en el Aviso de privacidad.&nbsp; Si tenemos la intenci\u00f3n de utilizar su informaci\u00f3n para un prop\u00f3sito que sustancialmente diferente de estos fines o si tenemos la intenci\u00f3n de revelarla a un tercero (un no-agente) no identificado previamente, se lo notificaremos y le ofreceremos la oportunidad de oponerse a tales usos y\/o divulgaciones cuando se trate de informaci\u00f3n no sensible o de dar su consentimiento expreso cuando se trate de informaci\u00f3n sensible.&nbsp;<\/p>\n\n\n\n<div style=\"height:0px\" aria-hidden=\"true\" class=\"wp-block-spacer wp-container-content-9760934e\"><\/div>\n\n\n\n<h3 class=\"wp-block-heading\" id=\"h-divulgacion-a-filiales-y-terceros\"><strong>Divulgaci\u00f3n a filiales y terceros<\/strong><\/h3>\n\n\n\n<p>Su Informaci\u00f3n Personal puede ser divulgada:<\/p>\n\n\n\n<ul class=\"wp-block-list\">\n<li>A nuestras filiales indicadas al final de esta Pol\u00edtica de Privacidad para los fines descritos.<\/li>\n\n\n\n<li>A terceros, para permitirles enviarle comunicaciones de marketing o encuestas.<\/li>\n\n\n\n<li>A terceros patrocinadores de sorteos, concursos y promociones similares.<\/li>\n\n\n\n<li>A un tercero en caso de reorganizaci\u00f3n, fusi\u00f3n, venta, empresa conjunta, cesi\u00f3n, transferencia u otra disposici\u00f3n de la totalidad o parte de nuestro negocio, activos o acciones (incluso en relaci\u00f3n con cualquier procedimiento concursal o similar).<\/li>\n<\/ul>\n\n\n\n<div style=\"height:0px\" aria-hidden=\"true\" class=\"wp-block-spacer wp-container-content-9760934e\"><\/div>\n\n\n\n<h3 class=\"wp-block-heading\" id=\"h-divulgacion-a-agentes-y-proveedores-de-servicios\"><strong>Divulgaci\u00f3n a agentes y proveedores de servicios<\/strong><\/h3>\n\n\n\n<p>A veces contratamos a otras empresas y particulares para que desempe\u00f1en funciones o servicios en nuestro nombre, como el alojamiento de sitios web, el an\u00e1lisis de datos, el procesamiento de pagos, la tramitaci\u00f3n de pedidos, el suministro de tecnolog\u00edas de la informaci\u00f3n e infraestructuras relacionadas, el servicio de atenci\u00f3n al cliente, el env\u00edo de correos electr\u00f3nicos, la auditor\u00eda y otros servicios. Pueden tener acceso a la Informaci\u00f3n Personal necesaria para llevar a cabo sus funciones, pero tienen restringido el uso de la Informaci\u00f3n Personal para fines distintos de la prestaci\u00f3n de servicios para nosotros o a nosotros.&nbsp; Radancy US exige que sus agentes y proveedores de servicios que tienen acceso a la Informaci\u00f3n Personal recibida del EEE y Suiza proporcionen el mismo nivel de protecci\u00f3n que exigen los Principios DPF.&nbsp; Somos responsables de garantizar que nuestros agentes procesen la informaci\u00f3n de forma coherente con nuestras obligaciones en virtud de los Principios DPF.&nbsp;<\/p>\n\n\n\n<div style=\"height:0px\" aria-hidden=\"true\" class=\"wp-block-spacer wp-container-content-9760934e\"><\/div>\n\n\n\n<h3 class=\"wp-block-heading\" id=\"h-seguridad-de-los-datos\"><strong>Seguridad de los datos<\/strong><\/h3>\n\n\n\n<p>Utilizamos medidas de protecci\u00f3n f\u00edsicas, electr\u00f3nicas y administrativas razonables para proteger su Informaci\u00f3n Personal de p\u00e9rdidas, uso indebido y acceso no autorizado, divulgaci\u00f3n, alteraci\u00f3n y destrucci\u00f3n, teniendo en cuenta la naturaleza de la Informaci\u00f3n Personal y los riesgos que conlleva el tratamiento de esa informaci\u00f3n.&nbsp;<\/p>\n\n\n\n<div style=\"height:0px\" aria-hidden=\"true\" class=\"wp-block-spacer wp-container-content-9760934e\"><\/div>\n\n\n\n<h3 class=\"wp-block-heading\" id=\"h-integridad-de-los-datos-y-limitacion-de-su-finalidad\"><strong>Integridad de los datos y limitaci\u00f3n de su finalidad<\/strong><\/h3>\n\n\n\n<p>Limitamos la recogida y el uso de la Informaci\u00f3n Personal a la informaci\u00f3n pertinente para los fines del tratamiento y no trataremos la Informaci\u00f3n Personal de forma incompatible con los fines para los que se ha recogido la informaci\u00f3n o para los que usted la ha autorizado posteriormente.&nbsp; Tomamos medidas razonables para garantizar que la Informaci\u00f3n Personal es fiable para el uso previsto, exacta, completa y actual en la medida necesaria para los fines para los que utilizamos la Informaci\u00f3n Personal.<\/p>\n\n\n\n<div style=\"height:0px\" aria-hidden=\"true\" class=\"wp-block-spacer wp-container-content-9760934e\"><\/div>\n\n\n\n<h3 class=\"wp-block-heading\" id=\"h-acceso-a-los-datos-personales\"><strong>Acceso a los datos personales<\/strong><\/h3>\n\n\n\n<p>Puede solicitar la revisi\u00f3n y correcci\u00f3n de los Informaci\u00f3n Personal que conservamos sobre usted enviando una solicitud por escrito a <a href=\"mailto:privacy@radancy.com\">privacy@radancy.com<\/a>.<\/p>\n\n\n\n<div style=\"height:0px\" aria-hidden=\"true\" class=\"wp-block-spacer wp-container-content-9760934e\"><\/div>\n\n\n\n<h3 class=\"wp-block-heading\" id=\"h-ejecucion-y-resolucion-de-disputas-en-el-marco-del-dpf\"><strong>Ejecuci\u00f3n y resoluci\u00f3n de disputas en el marco del DPF<\/strong><\/h3>\n\n\n\n<p>Si tiene alguna pregunta o duda, escr\u00edbanos a la direcci\u00f3n indicada a continuaci\u00f3n.&nbsp; Investigaremos e intentaremos resolver las quejas y disputas relativas al uso y divulgaci\u00f3n de informaci\u00f3n personal de acuerdo con los Principios del DPF.<\/p>\n\n\n\n<p>En caso de que no podamos resolver sus reclamaciones o disputas, puede ponerse en contacto con&nbsp; TRUSTe Dispute Resolution, nuestro proveedor de ADR (resoluci\u00f3n alternativa de conflictos) en EE.UU., que investigar\u00e1 y le ayudar\u00e1 gratuitamente a resolver su reclamaci\u00f3n.<\/p>\n\n\n\n<p>Como se explica con m\u00e1s detalle en los Principios del DPF, tambi\u00e9n se pondr\u00e1 a su disposici\u00f3n una <a href=\"https:\/\/www.dataprivacyframework.gov\/framework-article\/ANNEX-I-introduction\">opci\u00f3n de arbitraje vinculante <\/a>para abordar las reclamaciones residuales no resueltas por otros medios. Radancy US est\u00e1 sujeta a los poderes de investigaci\u00f3n y ejecuci\u00f3n de la Comisi\u00f3n Federal de Comercio de Estados Unidos (FTC).<\/p>\n\n\n\n<div style=\"height:0px\" aria-hidden=\"true\" class=\"wp-block-spacer wp-container-content-9760934e\"><\/div>\n\n\n\n<h3 class=\"wp-block-heading\" id=\"h-divulgaciones-exigidas-por-nbsp-ley\"><strong>Divulgaciones exigidas por&nbsp;ley<\/strong><\/h3>\n\n\n\n<p>Es posible que tengamos que revelar informaci\u00f3n personal en respuesta a solicitudes legales de las autoridades p\u00fablicas por motivos razones de cumplimiento de la ley o de seguridad nacional, o cuando dicha acci\u00f3n sea necesaria para cumplir con un procedimiento judicial o una orden judicial, o cuando la ley as\u00ed lo exija.&nbsp;<\/p>\n\n\n\n<div style=\"height:0px\" aria-hidden=\"true\" class=\"wp-block-spacer wp-container-content-9760934e\"><\/div>\n\n\n\n<h3 class=\"wp-block-heading\" id=\"h-informacion-de-contacto\"><strong>Informaci\u00f3n de contacto<\/strong><\/h3>\n\n\n\n<ul class=\"wp-block-list\">\n<li>Si tiene alguna pregunta sobre esta Pol\u00edtica de Privacidad de DPF, p\u00f3ngase en contacto con nosotros por correo electr\u00f3nico en <a href=\"mailto:privacy@radancy.com\">privacy@radancy.com<\/a>, o escriba a la siguiente direcci\u00f3n:<\/li>\n\n\n\n<li>TMP Worldwide Advertising &amp; Communications LLC d\/b\/a Radancy at:<br>Jesse Hernandez<br>CIO<br>TMP Worldwide Advertising &amp; Communications LLC d\/b\/a Radancy<br>1 Battery Park Plaza #2710<br>New York, NY 10004-1405<br>United States<br>Correo electr\u00f3nico: <a href=\"mailto:privacy@radancy.com\">privacy@radancy.com<\/a><br>Tel\u00e9fono: (646) 613-2000<\/li>\n<\/ul>\n\n\n\n<div style=\"height:0px\" aria-hidden=\"true\" class=\"wp-block-spacer wp-container-content-9760934e\"><\/div>\n\n\n\n<h3 class=\"wp-block-heading\" id=\"h-cambios-en-la-politica-de-privacidad\"><strong>Cambios en la Pol\u00edtica de Privacidad<\/strong><\/h3>\n\n\n\n<p>Esta pol\u00edtica puede ser modificada de vez en cuando, de acuerdo con los requisitos del Marco de Privacidad de Datos. Puede determinar cu\u00e1ndo se revis\u00f3 por \u00faltima vez esta Pol\u00edtica consultando la leyenda \u00ab\u00daLTIMA ACTUALIZACI\u00d3N\u00bb en la parte superior de esta p\u00e1gina.&nbsp; Cualquier cambio en nuestra Pol\u00edtica entrar\u00e1 en vigor en el momento en que publiquemos la Pol\u00edtica revisada en el Sitio.&nbsp;<\/p>\n\n\n\n<div style=\"height:0px\" aria-hidden=\"true\" class=\"wp-block-spacer wp-container-content-9760934e\"><\/div>\n\n\n\n<h3 class=\"wp-block-heading\" id=\"h-lista-de-afiliados\"><strong>Lista de afiliados<\/strong><\/h3>\n\n\n\n<ul class=\"wp-block-list normal\">\n<li>AIA Holdings Limited<\/li>\n\n\n\n<li>Corporaci\u00f3n Ascendify<\/li>\n\n\n\n<li>Associates in Advertising Limited<\/li>\n\n\n\n<li>Brazen Technologies, Inc.<\/li>\n\n\n\n<li>Carve Consulting London Limited<\/li>\n\n\n\n<li>CKR Group, Inc.<\/li>\n\n\n\n<li>firstbird GmbH<\/li>\n\n\n\n<li>firstbird Pty Limited<\/li>\n\n\n\n<li>Maximum Alliances B.V.<\/li>\n\n\n\n<li>People in Business Limited<\/li>\n\n\n\n<li>PJB Associes SAS<\/li>\n\n\n\n<li>TMP Gobierno, LLC<\/li>\n\n\n\n<li>TMP Holdings Canada GP, LLC<\/li>\n\n\n\n<li>TMP Holdings Canada L.P.<\/li>\n\n\n\n<li>TMP Intellectual Property Holdings, LLC<\/li>\n\n\n\n<li>TMP Worldwide (Singapur) Advertising Pte Ltd.<\/li>\n\n\n\n<li>TMP Worldwide Advertising &amp; Communications (HK) Ltd.<\/li>\n\n\n\n<li>TMP Worldwide Advertising &amp; Communications Co.<\/li>\n\n\n\n<li>TMP Worldwide Advertising &amp; Communications, LLC<\/li>\n\n\n\n<li>TMP Worldwide Alemania GmbH<\/li>\n\n\n\n<li>TMP Worldwide India Private Limited<\/li>\n\n\n\n<li>TMP Worldwide Publicidade Brasil Limitada<\/li>\n<\/ul>\n<\/div>\n\n\n\n<div class=\"wp-block-group alignfull cta has-neutral-1-color has-primary-2-background-color has-text-color has-background has-global-padding is-layout-constrained wp-container-core-group-is-layout-86ad42c5 wp-block-group-is-layout-constrained\" style=\"margin-top:0px;margin-bottom:0px;padding-top:var(--wp--preset--spacing--30);padding-right:var(--wp--preset--spacing--30);padding-bottom:var(--wp--preset--spacing--30);padding-left:var(--wp--preset--spacing--30)\">\n<p class=\"has-text-align-center\">Habla con nosotros para acelerar tus resultados de contrataci\u00f3n y maximizar el ROI con una plataforma de IA completa.<\/p>\n\n\n\n<div class=\"wp-block-buttons is-content-justification-center is-layout-flex wp-container-core-buttons-is-layout-a89b3969 wp-block-buttons-is-layout-flex\">\n<div class=\"wp-block-button\"><a class=\"wp-block-button__link wp-element-button\" href=\"https:\/\/www.radancy.com\/es\/contactenos\/\">Agendar una demostraci\u00f3n<\/a><\/div>\n<\/div>\n<\/div>\n","protected":false},"excerpt":{"rendered":"<p>POL\u00cdTICA DE PRIVACIDAD DEL DATA PRIVACY FRAMEWORK (MARCO DE PRIVACIDAD DE DATOS) \u00daltima actualizaci\u00f3n: 7 noviembre 2024 TMP Worldwide Advertising &amp; Communications, LLC operando como Radancy en los Estados Unidos <a class=\"more-link\" href=\"https:\/\/www.radancy.com\/es\/politica-de-privacidad-del-data-privacy-framework\/\">Read more&#8230;<\/a><\/p>\n","protected":false},"author":26,"featured_media":0,"parent":0,"menu_order":0,"comment_status":"closed","ping_status":"closed","template":"","meta":{"_acf_changed":false,"_EventAllDay":false,"_EventTimezone":"","_EventStartDate":"","_EventEndDate":"","_EventStartDateUTC":"","_EventEndDateUTC":"","_EventShowMap":false,"_EventShowMapLink":false,"_EventURL":"","_EventCost":"","_EventCostDescription":"","_EventCurrencySymbol":"","_EventCurrencyCode":"","_EventCurrencyPosition":"","_EventDateTimeSeparator":"","_EventTimeRangeSeparator":"","_EventOrganizerID":[],"_EventVenueID":[],"_OrganizerEmail":"","_OrganizerPhone":"","_OrganizerWebsite":"","_VenueAddress":"","_VenueCity":"","_VenueCountry":"","_VenueProvince":"","_VenueState":"","_VenueZip":"","_VenuePhone":"","_VenueURL":"","_VenueStateProvince":"","_VenueLat":"","_VenueLng":"","_VenueShowMap":false,"_VenueShowMapLink":false,"_tribe_blocks_recurrence_rules":"","_tribe_blocks_recurrence_description":"","_tribe_blocks_recurrence_exclusions":"","footnotes":""},"class_list":["post-18882","page","type-page","status-publish","hentry"],"acf":[],"yoast_head":"<!-- This site is optimized with the Yoast SEO Premium plugin v26.2 (Yoast SEO v27.4) - https:\/\/yoast.com\/product\/yoast-seo-premium-wordpress\/ -->\n<title>Data Privacy Framework Privacy Policy | Radancy<\/title>\n<meta name=\"robots\" content=\"index, follow, max-snippet:-1, max-image-preview:large, max-video-preview:-1\" \/>\n<link rel=\"canonical\" href=\"https:\/\/www.radancy.com\/es\/politica-de-privacidad-del-data-privacy-framework\/\" \/>\n<meta property=\"og:locale\" content=\"es_ES\" \/>\n<meta property=\"og:type\" content=\"article\" \/>\n<meta property=\"og:title\" content=\"Data Privacy Policy | Radancy\" \/>\n<meta property=\"og:description\" content=\"Read Radancy&#039;s Data Privacy Policy here.\" \/>\n<meta property=\"og:url\" content=\"https:\/\/www.radancy.com\/es\/politica-de-privacidad-del-data-privacy-framework\/\" \/>\n<meta property=\"og:site_name\" content=\"Radancy\" \/>\n<meta property=\"article:publisher\" content=\"https:\/\/www.facebook.com\/radancy\" \/>\n<meta property=\"article:modified_time\" content=\"2025-09-30T08:02:25+00:00\" \/>\n<meta property=\"og:image\" content=\"https:\/\/www.radancy.com\/wp-content\/uploads\/2024\/03\/SocialCardGraphic-cloud-logo-1200x675-1-1024x576.png\" \/>\n<meta name=\"twitter:card\" content=\"summary_large_image\" \/>\n<meta name=\"twitter:title\" content=\"Data Privacy Framework Privacy Policy\" \/>\n<meta name=\"twitter:site\" content=\"@radancyco\" \/>\n<meta name=\"twitter:label1\" content=\"Tiempo de lectura\" \/>\n\t<meta name=\"twitter:data1\" content=\"7 minutos\" \/>\n<script type=\"application\/ld+json\" class=\"yoast-schema-graph\">{\"@context\":\"https:\\\/\\\/schema.org\",\"@graph\":[{\"@type\":\"WebPage\",\"@id\":\"https:\\\/\\\/www.radancy.com\\\/es\\\/politica-de-privacidad-del-data-privacy-framework\\\/\",\"url\":\"https:\\\/\\\/www.radancy.com\\\/es\\\/politica-de-privacidad-del-data-privacy-framework\\\/\",\"name\":\"Data Privacy Framework Privacy Policy | Radancy\",\"isPartOf\":{\"@id\":\"https:\\\/\\\/www.radancy.com\\\/es\\\/#website\"},\"datePublished\":\"2024-11-07T15:11:18+00:00\",\"dateModified\":\"2025-09-30T08:02:25+00:00\",\"breadcrumb\":{\"@id\":\"https:\\\/\\\/www.radancy.com\\\/es\\\/politica-de-privacidad-del-data-privacy-framework\\\/#breadcrumb\"},\"inLanguage\":\"es\",\"potentialAction\":[{\"@type\":\"ReadAction\",\"target\":[\"https:\\\/\\\/www.radancy.com\\\/es\\\/politica-de-privacidad-del-data-privacy-framework\\\/\"]}]},{\"@type\":\"BreadcrumbList\",\"@id\":\"https:\\\/\\\/www.radancy.com\\\/es\\\/politica-de-privacidad-del-data-privacy-framework\\\/#breadcrumb\",\"itemListElement\":[{\"@type\":\"ListItem\",\"position\":1,\"name\":\"Home\",\"item\":\"https:\\\/\\\/www.radancy.com\\\/es\\\/\"},{\"@type\":\"ListItem\",\"position\":2,\"name\":\"Data Privacy Framework Privacy Policy\"}]},{\"@type\":\"WebSite\",\"@id\":\"https:\\\/\\\/www.radancy.com\\\/es\\\/#website\",\"url\":\"https:\\\/\\\/www.radancy.com\\\/es\\\/\",\"name\":\"Radancy\",\"description\":\"Create Connections That Count.\",\"publisher\":{\"@id\":\"https:\\\/\\\/www.radancy.com\\\/es\\\/#organization\"},\"potentialAction\":[{\"@type\":\"SearchAction\",\"target\":{\"@type\":\"EntryPoint\",\"urlTemplate\":\"https:\\\/\\\/www.radancy.com\\\/es\\\/?s={search_term_string}\"},\"query-input\":{\"@type\":\"PropertyValueSpecification\",\"valueRequired\":true,\"valueName\":\"search_term_string\"}}],\"inLanguage\":\"es\"},{\"@type\":\"Organization\",\"@id\":\"https:\\\/\\\/www.radancy.com\\\/es\\\/#organization\",\"name\":\"Radancy\",\"url\":\"https:\\\/\\\/www.radancy.com\\\/es\\\/\",\"logo\":{\"@type\":\"ImageObject\",\"inLanguage\":\"es\",\"@id\":\"https:\\\/\\\/www.radancy.com\\\/es\\\/#\\\/schema\\\/logo\\\/image\\\/\",\"url\":\"https:\\\/\\\/www.radancy.com\\\/wp-content\\\/uploads\\\/2024\\\/06\\\/Radancy_Icon_RGB.svg\",\"contentUrl\":\"https:\\\/\\\/www.radancy.com\\\/wp-content\\\/uploads\\\/2024\\\/06\\\/Radancy_Icon_RGB.svg\",\"width\":1,\"height\":1,\"caption\":\"Radancy\"},\"image\":{\"@id\":\"https:\\\/\\\/www.radancy.com\\\/es\\\/#\\\/schema\\\/logo\\\/image\\\/\"},\"sameAs\":[\"https:\\\/\\\/www.facebook.com\\\/radancy\",\"https:\\\/\\\/x.com\\\/radancyco\",\"https:\\\/\\\/www.linkedin.com\\\/company\\\/radancy\\\/\",\"https:\\\/\\\/www.youtube.com\\\/Radancy\\\/videos\",\"https:\\\/\\\/www.instagram.com\\\/radancyco\"]}]}<\/script>\n<!-- \/ Yoast SEO Premium plugin. -->","yoast_head_json":{"title":"Data Privacy Framework Privacy Policy | Radancy","robots":{"index":"index","follow":"follow","max-snippet":"max-snippet:-1","max-image-preview":"max-image-preview:large","max-video-preview":"max-video-preview:-1"},"canonical":"https:\/\/www.radancy.com\/es\/politica-de-privacidad-del-data-privacy-framework\/","og_locale":"es_ES","og_type":"article","og_title":"Data Privacy Policy | Radancy","og_description":"Read Radancy's Data Privacy Policy here.","og_url":"https:\/\/www.radancy.com\/es\/politica-de-privacidad-del-data-privacy-framework\/","og_site_name":"Radancy","article_publisher":"https:\/\/www.facebook.com\/radancy","article_modified_time":"2025-09-30T08:02:25+00:00","og_image":[{"url":"https:\/\/www.radancy.com\/wp-content\/uploads\/2024\/03\/SocialCardGraphic-cloud-logo-1200x675-1-1024x576.png","type":"","width":"","height":""}],"twitter_card":"summary_large_image","twitter_title":"Data Privacy Framework Privacy Policy","twitter_site":"@radancyco","twitter_misc":{"Tiempo de lectura":"7 minutos"},"schema":{"@context":"https:\/\/schema.org","@graph":[{"@type":"WebPage","@id":"https:\/\/www.radancy.com\/es\/politica-de-privacidad-del-data-privacy-framework\/","url":"https:\/\/www.radancy.com\/es\/politica-de-privacidad-del-data-privacy-framework\/","name":"Data Privacy Framework Privacy Policy | Radancy","isPartOf":{"@id":"https:\/\/www.radancy.com\/es\/#website"},"datePublished":"2024-11-07T15:11:18+00:00","dateModified":"2025-09-30T08:02:25+00:00","breadcrumb":{"@id":"https:\/\/www.radancy.com\/es\/politica-de-privacidad-del-data-privacy-framework\/#breadcrumb"},"inLanguage":"es","potentialAction":[{"@type":"ReadAction","target":["https:\/\/www.radancy.com\/es\/politica-de-privacidad-del-data-privacy-framework\/"]}]},{"@type":"BreadcrumbList","@id":"https:\/\/www.radancy.com\/es\/politica-de-privacidad-del-data-privacy-framework\/#breadcrumb","itemListElement":[{"@type":"ListItem","position":1,"name":"Home","item":"https:\/\/www.radancy.com\/es\/"},{"@type":"ListItem","position":2,"name":"Data Privacy Framework Privacy Policy"}]},{"@type":"WebSite","@id":"https:\/\/www.radancy.com\/es\/#website","url":"https:\/\/www.radancy.com\/es\/","name":"Radancy","description":"Create Connections That Count.","publisher":{"@id":"https:\/\/www.radancy.com\/es\/#organization"},"potentialAction":[{"@type":"SearchAction","target":{"@type":"EntryPoint","urlTemplate":"https:\/\/www.radancy.com\/es\/?s={search_term_string}"},"query-input":{"@type":"PropertyValueSpecification","valueRequired":true,"valueName":"search_term_string"}}],"inLanguage":"es"},{"@type":"Organization","@id":"https:\/\/www.radancy.com\/es\/#organization","name":"Radancy","url":"https:\/\/www.radancy.com\/es\/","logo":{"@type":"ImageObject","inLanguage":"es","@id":"https:\/\/www.radancy.com\/es\/#\/schema\/logo\/image\/","url":"https:\/\/www.radancy.com\/wp-content\/uploads\/2024\/06\/Radancy_Icon_RGB.svg","contentUrl":"https:\/\/www.radancy.com\/wp-content\/uploads\/2024\/06\/Radancy_Icon_RGB.svg","width":1,"height":1,"caption":"Radancy"},"image":{"@id":"https:\/\/www.radancy.com\/es\/#\/schema\/logo\/image\/"},"sameAs":["https:\/\/www.facebook.com\/radancy","https:\/\/x.com\/radancyco","https:\/\/www.linkedin.com\/company\/radancy\/","https:\/\/www.youtube.com\/Radancy\/videos","https:\/\/www.instagram.com\/radancyco"]}]}},"_links":{"self":[{"href":"https:\/\/www.radancy.com\/es\/wp-json\/wp\/v2\/pages\/18882","targetHints":{"allow":["GET"]}}],"collection":[{"href":"https:\/\/www.radancy.com\/es\/wp-json\/wp\/v2\/pages"}],"about":[{"href":"https:\/\/www.radancy.com\/es\/wp-json\/wp\/v2\/types\/page"}],"author":[{"embeddable":true,"href":"https:\/\/www.radancy.com\/es\/wp-json\/wp\/v2\/users\/26"}],"replies":[{"embeddable":true,"href":"https:\/\/www.radancy.com\/es\/wp-json\/wp\/v2\/comments?post=18882"}],"version-history":[{"count":0,"href":"https:\/\/www.radancy.com\/es\/wp-json\/wp\/v2\/pages\/18882\/revisions"}],"wp:attachment":[{"href":"https:\/\/www.radancy.com\/es\/wp-json\/wp\/v2\/media?parent=18882"}],"curies":[{"name":"wp","href":"https:\/\/api.w.org\/{rel}","templated":true}]}}