{"id":18536,"date":"2024-12-09T11:18:19","date_gmt":"2024-12-09T11:18:19","guid":{"rendered":"https:\/\/www.radancy.com\/subscribe-to-radancy-communications\/"},"modified":"2025-07-23T07:29:01","modified_gmt":"2025-07-23T07:29:01","slug":"subscribe-to-radancy-communications","status":"publish","type":"page","link":"https:\/\/www.radancy.com\/es\/subscribe-to-radancy-communications\/","title":{"rendered":"Mant\u00e9ngase conectado con las actualizaciones de Radancy"},"content":{"rendered":"\n<div class=\"wp-block-group alignfull title-bar has-neutral-1-color has-primary-3-background-color has-text-color has-background is-vertical is-content-justification-center is-layout-flex wp-container-core-group-is-layout-95c46550 wp-block-group-is-layout-flex\" style=\"margin-top:0;margin-bottom:60px;padding-top:35px;padding-right:35px;padding-bottom:35px;padding-left:35px\">\n<h2 class=\"wp-block-heading has-accent-font-family has-headline-smallest-font-size\" id=\"h-mantengase-conectado-con-las-actualizaciones-de-radancy\" style=\"margin-top:0;margin-bottom:0;font-style:normal;font-weight:400\">Mant\u00e9ngase conectado con las actualizaciones de Radancy<\/h2>\n<\/div>\n\n\n\n<section class=\"wp-block-group section is-vertical is-content-justification-stretch is-layout-flex wp-container-core-group-is-layout-353c4f5a wp-block-group-is-layout-flex\">\n<div class=\"wp-block-group section section--centered section--extra-spacing is-vertical is-content-justification-center is-layout-flex wp-container-core-group-is-layout-ce155fab wp-block-group-is-layout-flex\">\n<div class=\"wp-block-group is-vertical is-content-justification-stretch is-layout-flex wp-container-core-group-is-layout-353c4f5a wp-block-group-is-layout-flex\">\n<h2 class=\"wp-block-heading has-text-align-center headline--intro has-primary-1-color has-text-color has-link-color has-headline-small-font-size wp-elements-efe6d4cd37685dd0cf6d7827793471e1\" id=\"h-mantense-conectado-con-las-actualizaciones-de-radancy\">Mant\u00e9nse conectado con las actualizaciones de Radancy.<\/h2>\n\n\n\n<p class=\"has-text-align-center\">Reg\u00edstrese para obtener las \u00faltimas tendencias y conocimientos sobre adquisici\u00f3n de talentos de nuestro equipo de Radancy. <br>Cuando se registre, lo mantendremos informado sobre nuestros pr\u00f3ximos eventos, seminarios web y m\u00e1s.<\/p>\n<\/div>\n<\/div>\n<\/section>\n\n\n\n<div style=\"height:30px\" aria-hidden=\"true\" class=\"wp-block-spacer\"><\/div>\n\n\n\n<div class=\"wp-block-columns form-container section is-layout-flex wp-container-core-columns-is-layout-28f84493 wp-block-columns-is-layout-flex\">\n<div class=\"wp-block-column fs-12 fs-m-6 is-layout-flow wp-block-column-is-layout-flow\" style=\"flex-basis:50%\">\n<figure class=\"wp-block-image size-large\"><img loading=\"lazy\" decoding=\"async\" width=\"1024\" height=\"721\" src=\"https:\/\/www.radancy.com\/wp-content\/uploads\/2024\/01\/PlatformPage_HeaderImage-1024x721.jpg\" alt=\"\" class=\"wp-image-14369\" srcset=\"https:\/\/www.radancy.com\/wp-content\/uploads\/2024\/01\/PlatformPage_HeaderImage-1024x721.jpg 1024w, https:\/\/www.radancy.com\/wp-content\/uploads\/2024\/01\/PlatformPage_HeaderImage-300x211.jpg 300w, https:\/\/www.radancy.com\/wp-content\/uploads\/2024\/01\/PlatformPage_HeaderImage-768x540.jpg 768w, https:\/\/www.radancy.com\/wp-content\/uploads\/2024\/01\/PlatformPage_HeaderImage.jpg 1080w\" sizes=\"auto, (max-width: 1024px) 100vw, 1024px\" \/><\/figure>\n\n\n\n<div style=\"height:30px\" aria-hidden=\"true\" class=\"wp-block-spacer\"><\/div>\n<\/div>\n\n\n\n<div class=\"wp-block-column is-layout-flow wp-block-column-is-layout-flow\">\n<div style=\"height:10px\" aria-hidden=\"true\" class=\"wp-block-spacer\"><\/div>\n<\/div>\n\n\n\n<div class=\"wp-block-column fs-12 fs-m-6 has-global-padding is-layout-constrained wp-block-column-is-layout-constrained\" style=\"flex-basis:50%\">\n<div class=\"wp-block-group hi-to-apply__iframe is-vertical is-content-justification-stretch is-layout-flex wp-container-core-group-is-layout-353c4f5a wp-block-group-is-layout-flex\">\n<div class=\"wp-block-group is-vertical is-content-justification-stretch is-layout-flex wp-container-core-group-is-layout-353c4f5a wp-block-group-is-layout-flex\">\n<p class=\"has-text-align-center\">Please enable cookies to view the form.<\/p>\n\n\n\n<iframe title=\"Radancy Contact Form\" style=\"height: 900px;\" data-src=\"https:\/\/go.radancy.com\/l\/212182\/2024-12-09\/3mb8kw\"><\/iframe>\n<\/div>\n<\/div>\n<\/div>\n<\/div>\n\n\n\n<section class=\"wp-block-group section is-vertical is-content-justification-stretch is-layout-flex wp-container-core-group-is-layout-353c4f5a wp-block-group-is-layout-flex\">\n\n\n\n\n<div class=\"wp-block-group has-global-padding is-layout-constrained wp-block-group-is-layout-constrained\">\n<div class=\"wp-block-group is-vertical is-content-justification-center is-layout-flex wp-container-core-group-is-layout-b6c1f246 wp-block-group-is-layout-flex\">\n<div class=\"wp-block-columns is-not-stacked-on-mobile is-layout-flex wp-container-core-columns-is-layout-9e99d973 wp-block-columns-is-layout-flex\" style=\"padding-top:20px;padding-bottom:20px\">\n<div class=\"wp-block-column is-layout-flow wp-block-column-is-layout-flow\">\n<figure class=\"wp-block-image size-full is-resized\"><img loading=\"lazy\" decoding=\"async\" width=\"869\" height=\"1000\" src=\"https:\/\/www.radancy.com\/wp-content\/uploads\/2024\/10\/G2_Fall_Enterprise-Leader-1.png\" alt=\"\" class=\"wp-image-22889\" style=\"width:140px\" srcset=\"https:\/\/www.radancy.com\/wp-content\/uploads\/2024\/10\/G2_Fall_Enterprise-Leader-1.png 869w, https:\/\/www.radancy.com\/wp-content\/uploads\/2024\/10\/G2_Fall_Enterprise-Leader-1-261x300.png 261w, https:\/\/www.radancy.com\/wp-content\/uploads\/2024\/10\/G2_Fall_Enterprise-Leader-1-768x884.png 768w\" sizes=\"auto, (max-width: 869px) 100vw, 869px\" \/><\/figure>\n<\/div>\n\n\n\n<div class=\"wp-block-column is-layout-flow wp-block-column-is-layout-flow\">\n<figure class=\"wp-block-image size-full is-resized\"><img loading=\"lazy\" decoding=\"async\" width=\"869\" height=\"1000\" src=\"https:\/\/www.radancy.com\/wp-content\/uploads\/2024\/10\/G2_Fall_Momentum-Leader-2.png\" alt=\"\" class=\"wp-image-22895\" style=\"width:140px\" srcset=\"https:\/\/www.radancy.com\/wp-content\/uploads\/2024\/10\/G2_Fall_Momentum-Leader-2.png 869w, https:\/\/www.radancy.com\/wp-content\/uploads\/2024\/10\/G2_Fall_Momentum-Leader-2-261x300.png 261w, https:\/\/www.radancy.com\/wp-content\/uploads\/2024\/10\/G2_Fall_Momentum-Leader-2-768x884.png 768w\" sizes=\"auto, (max-width: 869px) 100vw, 869px\" \/><\/figure>\n<\/div>\n\n\n\n<div class=\"wp-block-column is-layout-flow wp-block-column-is-layout-flow\">\n<figure class=\"wp-block-image size-full is-resized\"><img loading=\"lazy\" decoding=\"async\" width=\"869\" height=\"1000\" src=\"https:\/\/www.radancy.com\/wp-content\/uploads\/2024\/10\/G2_Fall_Leader-3.png\" alt=\"\" class=\"wp-image-22901\" style=\"width:140px\" srcset=\"https:\/\/www.radancy.com\/wp-content\/uploads\/2024\/10\/G2_Fall_Leader-3.png 869w, https:\/\/www.radancy.com\/wp-content\/uploads\/2024\/10\/G2_Fall_Leader-3-261x300.png 261w, https:\/\/www.radancy.com\/wp-content\/uploads\/2024\/10\/G2_Fall_Leader-3-768x884.png 768w\" sizes=\"auto, (max-width: 869px) 100vw, 869px\" \/><\/figure>\n<\/div>\n<\/div>\n<\/div>\n\n\n<\/div>\n<\/section>\n\n\n\n<div style=\"height:130px\" aria-hidden=\"true\" class=\"wp-block-spacer\"><\/div>\n","protected":false},"excerpt":{"rendered":"<p>Mant\u00e9ngase conectado con las actualizaciones de Radancy Mant\u00e9nse conectado con las actualizaciones de Radancy. Reg\u00edstrese para obtener las \u00faltimas tendencias y conocimientos sobre adquisici\u00f3n de talentos de nuestro equipo de <a class=\"more-link\" href=\"https:\/\/www.radancy.com\/es\/subscribe-to-radancy-communications\/\">Read more&#8230;<\/a><\/p>\n","protected":false},"author":1,"featured_media":0,"parent":0,"menu_order":0,"comment_status":"closed","ping_status":"closed","template":"","meta":{"_acf_changed":false,"_EventAllDay":false,"_EventTimezone":"","_EventStartDate":"","_EventEndDate":"","_EventStartDateUTC":"","_EventEndDateUTC":"","_EventShowMap":false,"_EventShowMapLink":false,"_EventURL":"","_EventCost":"","_EventCostDescription":"","_EventCurrencySymbol":"","_EventCurrencyCode":"","_EventCurrencyPosition":"","_EventDateTimeSeparator":"","_EventTimeRangeSeparator":"","_EventOrganizerID":[],"_EventVenueID":[],"_OrganizerEmail":"","_OrganizerPhone":"","_OrganizerWebsite":"","_VenueAddress":"","_VenueCity":"","_VenueCountry":"","_VenueProvince":"","_VenueState":"","_VenueZip":"","_VenuePhone":"","_VenueURL":"","_VenueStateProvince":"","_VenueLat":"","_VenueLng":"","_VenueShowMap":false,"_VenueShowMapLink":false,"_tribe_blocks_recurrence_rules":"","_tribe_blocks_recurrence_description":"","_tribe_blocks_recurrence_exclusions":"","footnotes":""},"class_list":["post-18536","page","type-page","status-publish","hentry"],"acf":[],"yoast_head":"<!-- This site is optimized with the Yoast SEO Premium plugin v26.2 (Yoast SEO v27.4) - https:\/\/yoast.com\/product\/yoast-seo-premium-wordpress\/ -->\n<title>Mant\u00e9ngase conectado con las actualizaciones de Radancy | Radancy<\/title>\n<meta name=\"description\" content=\"Let&#039;s stay connected! Subscribe to Radancy Communications.\" \/>\n<meta name=\"robots\" content=\"noindex, nofollow\" \/>\n<meta property=\"og:locale\" content=\"es_ES\" \/>\n<meta property=\"og:type\" content=\"article\" \/>\n<meta property=\"og:title\" content=\"Contact Us | Radancy\" \/>\n<meta property=\"og:description\" content=\"Contact us and let Radancy help you with your recruiting needs\" \/>\n<meta property=\"og:url\" content=\"https:\/\/www.radancy.com\/es\/subscribe-to-radancy-communications\/\" \/>\n<meta property=\"og:site_name\" content=\"Radancy\" \/>\n<meta property=\"article:publisher\" content=\"https:\/\/www.facebook.com\/radancy\" \/>\n<meta property=\"article:modified_time\" content=\"2025-07-23T07:29:01+00:00\" \/>\n<meta property=\"og:image\" content=\"https:\/\/tbcdn.talentbrew.com\/company\/34730\/gst_v1\/img\/meta\/Radancy_Horizontal_Logo-TM.jpg\" \/>\n<meta name=\"twitter:card\" content=\"summary_large_image\" \/>\n<meta name=\"twitter:title\" content=\"Mant\u00e9ngase conectado con las actualizaciones de Radancy\" \/>\n<meta name=\"twitter:site\" content=\"@radancyco\" \/>\n<meta name=\"twitter:label1\" content=\"Tiempo de lectura\" \/>\n\t<meta name=\"twitter:data1\" content=\"4 minutos\" \/>\n<script type=\"application\/ld+json\" class=\"yoast-schema-graph\">{\"@context\":\"https:\\\/\\\/schema.org\",\"@graph\":[{\"@type\":\"WebPage\",\"@id\":\"https:\\\/\\\/www.radancy.com\\\/es\\\/subscribe-to-radancy-communications\\\/\",\"url\":\"https:\\\/\\\/www.radancy.com\\\/es\\\/subscribe-to-radancy-communications\\\/\",\"name\":\"Mant\u00e9ngase conectado con las actualizaciones de Radancy | Radancy\",\"isPartOf\":{\"@id\":\"https:\\\/\\\/www.radancy.com\\\/es\\\/#website\"},\"primaryImageOfPage\":{\"@id\":\"https:\\\/\\\/www.radancy.com\\\/es\\\/subscribe-to-radancy-communications\\\/#primaryimage\"},\"image\":{\"@id\":\"https:\\\/\\\/www.radancy.com\\\/es\\\/subscribe-to-radancy-communications\\\/#primaryimage\"},\"thumbnailUrl\":\"https:\\\/\\\/www.radancy.com\\\/wp-content\\\/uploads\\\/2024\\\/01\\\/PlatformPage_HeaderImage-1024x721.jpg\",\"datePublished\":\"2024-12-09T11:18:19+00:00\",\"dateModified\":\"2025-07-23T07:29:01+00:00\",\"description\":\"Let's stay connected! Subscribe to Radancy Communications.\",\"breadcrumb\":{\"@id\":\"https:\\\/\\\/www.radancy.com\\\/es\\\/subscribe-to-radancy-communications\\\/#breadcrumb\"},\"inLanguage\":\"es\",\"potentialAction\":[{\"@type\":\"ReadAction\",\"target\":[\"https:\\\/\\\/www.radancy.com\\\/es\\\/subscribe-to-radancy-communications\\\/\"]}]},{\"@type\":\"ImageObject\",\"inLanguage\":\"es\",\"@id\":\"https:\\\/\\\/www.radancy.com\\\/es\\\/subscribe-to-radancy-communications\\\/#primaryimage\",\"url\":\"https:\\\/\\\/www.radancy.com\\\/wp-content\\\/uploads\\\/2024\\\/01\\\/PlatformPage_HeaderImage-1024x721.jpg\",\"contentUrl\":\"https:\\\/\\\/www.radancy.com\\\/wp-content\\\/uploads\\\/2024\\\/01\\\/PlatformPage_HeaderImage-1024x721.jpg\"},{\"@type\":\"BreadcrumbList\",\"@id\":\"https:\\\/\\\/www.radancy.com\\\/es\\\/subscribe-to-radancy-communications\\\/#breadcrumb\",\"itemListElement\":[{\"@type\":\"ListItem\",\"position\":1,\"name\":\"Home\",\"item\":\"https:\\\/\\\/www.radancy.com\\\/es\\\/\"},{\"@type\":\"ListItem\",\"position\":2,\"name\":\"Mant\u00e9ngase conectado con las actualizaciones de Radancy\"}]},{\"@type\":\"WebSite\",\"@id\":\"https:\\\/\\\/www.radancy.com\\\/es\\\/#website\",\"url\":\"https:\\\/\\\/www.radancy.com\\\/es\\\/\",\"name\":\"Radancy\",\"description\":\"Create Connections That Count.\",\"publisher\":{\"@id\":\"https:\\\/\\\/www.radancy.com\\\/es\\\/#organization\"},\"potentialAction\":[{\"@type\":\"SearchAction\",\"target\":{\"@type\":\"EntryPoint\",\"urlTemplate\":\"https:\\\/\\\/www.radancy.com\\\/es\\\/?s={search_term_string}\"},\"query-input\":{\"@type\":\"PropertyValueSpecification\",\"valueRequired\":true,\"valueName\":\"search_term_string\"}}],\"inLanguage\":\"es\"},{\"@type\":\"Organization\",\"@id\":\"https:\\\/\\\/www.radancy.com\\\/es\\\/#organization\",\"name\":\"Radancy\",\"url\":\"https:\\\/\\\/www.radancy.com\\\/es\\\/\",\"logo\":{\"@type\":\"ImageObject\",\"inLanguage\":\"es\",\"@id\":\"https:\\\/\\\/www.radancy.com\\\/es\\\/#\\\/schema\\\/logo\\\/image\\\/\",\"url\":\"https:\\\/\\\/www.radancy.com\\\/wp-content\\\/uploads\\\/2024\\\/06\\\/Radancy_Icon_RGB.svg\",\"contentUrl\":\"https:\\\/\\\/www.radancy.com\\\/wp-content\\\/uploads\\\/2024\\\/06\\\/Radancy_Icon_RGB.svg\",\"width\":1,\"height\":1,\"caption\":\"Radancy\"},\"image\":{\"@id\":\"https:\\\/\\\/www.radancy.com\\\/es\\\/#\\\/schema\\\/logo\\\/image\\\/\"},\"sameAs\":[\"https:\\\/\\\/www.facebook.com\\\/radancy\",\"https:\\\/\\\/x.com\\\/radancyco\",\"https:\\\/\\\/www.linkedin.com\\\/company\\\/radancy\\\/\",\"https:\\\/\\\/www.youtube.com\\\/Radancy\\\/videos\",\"https:\\\/\\\/www.instagram.com\\\/radancyco\"]}]}<\/script>\n<!-- \/ Yoast SEO Premium plugin. -->","yoast_head_json":{"title":"Mant\u00e9ngase conectado con las actualizaciones de Radancy | Radancy","description":"Let's stay connected! Subscribe to Radancy Communications.","robots":{"index":"noindex","follow":"nofollow"},"og_locale":"es_ES","og_type":"article","og_title":"Contact Us | Radancy","og_description":"Contact us and let Radancy help you with your recruiting needs","og_url":"https:\/\/www.radancy.com\/es\/subscribe-to-radancy-communications\/","og_site_name":"Radancy","article_publisher":"https:\/\/www.facebook.com\/radancy","article_modified_time":"2025-07-23T07:29:01+00:00","og_image":[{"url":"https:\/\/tbcdn.talentbrew.com\/company\/34730\/gst_v1\/img\/meta\/Radancy_Horizontal_Logo-TM.jpg","type":"","width":"","height":""}],"twitter_card":"summary_large_image","twitter_title":"Mant\u00e9ngase conectado con las actualizaciones de Radancy","twitter_site":"@radancyco","twitter_misc":{"Tiempo de lectura":"4 minutos"},"schema":{"@context":"https:\/\/schema.org","@graph":[{"@type":"WebPage","@id":"https:\/\/www.radancy.com\/es\/subscribe-to-radancy-communications\/","url":"https:\/\/www.radancy.com\/es\/subscribe-to-radancy-communications\/","name":"Mant\u00e9ngase conectado con las actualizaciones de Radancy | Radancy","isPartOf":{"@id":"https:\/\/www.radancy.com\/es\/#website"},"primaryImageOfPage":{"@id":"https:\/\/www.radancy.com\/es\/subscribe-to-radancy-communications\/#primaryimage"},"image":{"@id":"https:\/\/www.radancy.com\/es\/subscribe-to-radancy-communications\/#primaryimage"},"thumbnailUrl":"https:\/\/www.radancy.com\/wp-content\/uploads\/2024\/01\/PlatformPage_HeaderImage-1024x721.jpg","datePublished":"2024-12-09T11:18:19+00:00","dateModified":"2025-07-23T07:29:01+00:00","description":"Let's stay connected! Subscribe to Radancy Communications.","breadcrumb":{"@id":"https:\/\/www.radancy.com\/es\/subscribe-to-radancy-communications\/#breadcrumb"},"inLanguage":"es","potentialAction":[{"@type":"ReadAction","target":["https:\/\/www.radancy.com\/es\/subscribe-to-radancy-communications\/"]}]},{"@type":"ImageObject","inLanguage":"es","@id":"https:\/\/www.radancy.com\/es\/subscribe-to-radancy-communications\/#primaryimage","url":"https:\/\/www.radancy.com\/wp-content\/uploads\/2024\/01\/PlatformPage_HeaderImage-1024x721.jpg","contentUrl":"https:\/\/www.radancy.com\/wp-content\/uploads\/2024\/01\/PlatformPage_HeaderImage-1024x721.jpg"},{"@type":"BreadcrumbList","@id":"https:\/\/www.radancy.com\/es\/subscribe-to-radancy-communications\/#breadcrumb","itemListElement":[{"@type":"ListItem","position":1,"name":"Home","item":"https:\/\/www.radancy.com\/es\/"},{"@type":"ListItem","position":2,"name":"Mant\u00e9ngase conectado con las actualizaciones de Radancy"}]},{"@type":"WebSite","@id":"https:\/\/www.radancy.com\/es\/#website","url":"https:\/\/www.radancy.com\/es\/","name":"Radancy","description":"Create Connections That Count.","publisher":{"@id":"https:\/\/www.radancy.com\/es\/#organization"},"potentialAction":[{"@type":"SearchAction","target":{"@type":"EntryPoint","urlTemplate":"https:\/\/www.radancy.com\/es\/?s={search_term_string}"},"query-input":{"@type":"PropertyValueSpecification","valueRequired":true,"valueName":"search_term_string"}}],"inLanguage":"es"},{"@type":"Organization","@id":"https:\/\/www.radancy.com\/es\/#organization","name":"Radancy","url":"https:\/\/www.radancy.com\/es\/","logo":{"@type":"ImageObject","inLanguage":"es","@id":"https:\/\/www.radancy.com\/es\/#\/schema\/logo\/image\/","url":"https:\/\/www.radancy.com\/wp-content\/uploads\/2024\/06\/Radancy_Icon_RGB.svg","contentUrl":"https:\/\/www.radancy.com\/wp-content\/uploads\/2024\/06\/Radancy_Icon_RGB.svg","width":1,"height":1,"caption":"Radancy"},"image":{"@id":"https:\/\/www.radancy.com\/es\/#\/schema\/logo\/image\/"},"sameAs":["https:\/\/www.facebook.com\/radancy","https:\/\/x.com\/radancyco","https:\/\/www.linkedin.com\/company\/radancy\/","https:\/\/www.youtube.com\/Radancy\/videos","https:\/\/www.instagram.com\/radancyco"]}]}},"_links":{"self":[{"href":"https:\/\/www.radancy.com\/es\/wp-json\/wp\/v2\/pages\/18536","targetHints":{"allow":["GET"]}}],"collection":[{"href":"https:\/\/www.radancy.com\/es\/wp-json\/wp\/v2\/pages"}],"about":[{"href":"https:\/\/www.radancy.com\/es\/wp-json\/wp\/v2\/types\/page"}],"author":[{"embeddable":true,"href":"https:\/\/www.radancy.com\/es\/wp-json\/wp\/v2\/users\/1"}],"replies":[{"embeddable":true,"href":"https:\/\/www.radancy.com\/es\/wp-json\/wp\/v2\/comments?post=18536"}],"version-history":[{"count":0,"href":"https:\/\/www.radancy.com\/es\/wp-json\/wp\/v2\/pages\/18536\/revisions"}],"wp:attachment":[{"href":"https:\/\/www.radancy.com\/es\/wp-json\/wp\/v2\/media?parent=18536"}],"curies":[{"name":"wp","href":"https:\/\/api.w.org\/{rel}","templated":true}]}}