{"id":18436,"date":"2024-10-31T15:33:51","date_gmt":"2024-10-31T15:33:51","guid":{"rendered":"https:\/\/www.radancy.com\/responsible-ai\/"},"modified":"2025-09-30T08:16:01","modified_gmt":"2025-09-30T08:16:01","slug":"ia-responsable","status":"publish","type":"page","link":"https:\/\/www.radancy.com\/es\/ia-responsable\/","title":{"rendered":"IA Responsable\u00a0"},"content":{"rendered":"\n<div class=\"wp-block-group alignfull title-bar has-neutral-1-color has-primary-3-background-color has-text-color has-background is-vertical is-content-justification-center is-layout-flex wp-container-core-group-is-layout-95c46550 wp-block-group-is-layout-flex\" style=\"margin-top:0;margin-bottom:60px;padding-top:35px;padding-right:35px;padding-bottom:35px;padding-left:35px\">\n<h2 class=\"wp-block-heading has-accent-font-family has-headline-smallest-font-size\" id=\"h-ia-responsable\" style=\"margin-top:0;margin-bottom:0;font-style:normal;font-weight:400\">IA Responsable<\/h2>\n<\/div>\n\n\n\n<div class=\"wp-block-group section section--centered section--extra-spacing is-vertical is-content-justification-center is-layout-flex wp-container-core-group-is-layout-ce155fab wp-block-group-is-layout-flex\">\n<div class=\"wp-block-group is-vertical is-content-justification-stretch is-layout-flex wp-container-core-group-is-layout-353c4f5a wp-block-group-is-layout-flex\">\n<h2 class=\"wp-block-heading has-text-align-center headline--intro has-primary-1-color has-text-color has-link-color has-headline-small-font-size wp-elements-e72961debd9b0e3dab200f7e6ab7d7f5\" id=\"h-transformar-la-adquisicion-de-talento-mediante-el-uso-responsable-de-la-ia\">Transformar la adquisici\u00f3n de talento mediante el uso responsable de la IA.<\/h2>\n\n\n\n<p class=\"has-text-align-center has-intro-copy-font-size\">Radancy est\u00e1 comprometido con el uso responsable y \u00e9tico de la Inteligencia Artificial en nuestras soluciones de software. Tenemos un historial comprobado de innovaci\u00f3n y d\u00e9cadas de experiencia aprovechando conocimientos basados en datos para ayudar a las empresas globales a encontrar el talento calificado que necesitan. El Consejo de Gobernanza de IA de Radancy estableci\u00f3 nuestros Principios de IA que est\u00e1n integrados en cada aplicaci\u00f3n impulsada por IA en Radancy Talent Acquisition Cloud. Nos esforzamos por cumplir con los m\u00e1s altos est\u00e1ndares \u00e9ticos y evitar sesgos y desinformaci\u00f3n en nuestros modelos y resultados de IA.<\/p>\n<\/div>\n<\/div>\n\n\n\n<section class=\"wp-block-group section--extra-spacing two-by-two-grid-with-icon is-vertical is-layout-flex wp-container-core-group-is-layout-fe9cc265 wp-block-group-is-layout-flex\">\n<div class=\"wp-block-columns are-vertically-aligned-top fs-container feat-content feat-content--sec is-layout-flex wp-container-core-columns-is-layout-0e0088bb wp-block-columns-is-layout-flex\" style=\"padding-top:30px;padding-bottom:30px\">\n<div class=\"wp-block-column is-vertically-aligned-top card-with-medium-visual is-layout-flow wp-block-column-is-layout-flow\" style=\"flex-basis:50%\">\n<div class=\"wp-block-group card-visual-item is-vertical is-content-justification-center is-layout-flex wp-container-core-group-is-layout-ce155fab wp-block-group-is-layout-flex\">\n<figure class=\"wp-block-image size-full is-resized\"><img decoding=\"async\" src=\"https:\/\/www.radancy.com\/wp-content\/uploads\/2024\/10\/Fairness.svg\" alt=\"\" class=\"wp-image-18097\" style=\"aspect-ratio:1;object-fit:contain;width:120px\"\/><\/figure>\n<\/div>\n\n\n\n<div class=\"wp-block-group card-content-item is-vertical is-content-justification-stretch is-layout-flex wp-container-core-group-is-layout-e6edd9f6 wp-block-group-is-layout-flex\">\n<h3 class=\"wp-block-heading headline has-copy-font-family\" id=\"h-justicia-y-transparencia\">Justicia y Transparencia<\/h3>\n\n\n\n<p class=\"has-copy-font-size\">Estamos comprometidos con la equidad en nuestros modelos y brindamos herramientas para la transparencia en los resultados. Nuestros productos y soluciones de IA est\u00e1n dise\u00f1ados para reducir los sesgos y proporcionar resultados confiables a los usuarios finales.<\/p>\n<\/div>\n<\/div>\n\n\n\n<div class=\"wp-block-column is-vertically-aligned-top card-with-medium-visual is-layout-flow wp-block-column-is-layout-flow\" style=\"flex-basis:50%\">\n<div class=\"wp-block-group card-visual-item is-vertical is-content-justification-center is-layout-flex wp-container-core-group-is-layout-ce155fab wp-block-group-is-layout-flex\">\n<figure class=\"wp-block-image size-full is-resized\"><img decoding=\"async\" src=\"https:\/\/www.radancy.com\/wp-content\/uploads\/2024\/10\/Security.svg\" alt=\"\" class=\"wp-image-18103\" style=\"aspect-ratio:1;object-fit:contain;width:120px\"\/><\/figure>\n<\/div>\n\n\n\n<div class=\"wp-block-group card-content-item is-vertical is-content-justification-stretch is-layout-flex wp-container-core-group-is-layout-e6edd9f6 wp-block-group-is-layout-flex\">\n<h3 class=\"wp-block-heading headline has-copy-font-family\" id=\"h-privacidad-y-seguridad\">Privacidad y Seguridad<\/h3>\n\n\n\n<p class=\"has-copy-font-size\">Protegemos los datos de nuestros clientes con el m\u00e1s alto nivel de est\u00e1ndares de seguridad y respetamos los derechos de privacidad de los usuarios finales y candidatos. Nunca entrenamos modelos de IA con datos personales.<\/p>\n<\/div>\n<\/div>\n\n\n\n<div class=\"wp-block-column is-vertically-aligned-top card-with-medium-visual is-layout-flow wp-block-column-is-layout-flow\" style=\"flex-basis:50%\">\n<div class=\"wp-block-group card-visual-item is-vertical is-content-justification-center is-layout-flex wp-container-core-group-is-layout-ce155fab wp-block-group-is-layout-flex\">\n<figure class=\"wp-block-image size-full is-resized\"><img decoding=\"async\" src=\"https:\/\/www.radancy.com\/wp-content\/uploads\/2024\/10\/Enable.svg\" alt=\"\" class=\"wp-image-18109\" style=\"aspect-ratio:1;object-fit:contain;width:120px\"\/><\/figure>\n<\/div>\n\n\n\n<div class=\"wp-block-group card-content-item is-vertical is-content-justification-stretch is-layout-flex wp-container-core-group-is-layout-e6edd9f6 wp-block-group-is-layout-flex\">\n<h3 class=\"wp-block-heading headline has-copy-font-family\" id=\"h-ia-como-un-facilitador\">IA como un facilitador<\/h3>\n\n\n\n<p class=\"has-copy-font-size\">Vemos la IA como una forma poderosa de amplificar el potencial humano, no de reemplazarlo. Es por eso que nos aseguramos de que siempre haya supervisi\u00f3n humana cuando utilizamos la IA en nuestras soluciones.<\/p>\n<\/div>\n<\/div>\n<\/div>\n\n\n\n<div class=\"wp-block-columns are-vertically-aligned-top fs-container feat-content feat-content--sec is-layout-flex wp-container-core-columns-is-layout-0e0088bb wp-block-columns-is-layout-flex\" style=\"padding-top:30px;padding-bottom:30px\">\n<div class=\"wp-block-column is-vertically-aligned-top card-with-medium-visual is-layout-flow wp-block-column-is-layout-flow\" style=\"flex-basis:15%\"><\/div>\n\n\n\n<div class=\"wp-block-column is-vertically-aligned-top card-with-medium-visual is-layout-flow wp-block-column-is-layout-flow\" style=\"flex-basis:50%\">\n<div class=\"wp-block-group card-visual-item is-vertical is-content-justification-center is-layout-flex wp-container-core-group-is-layout-ce155fab wp-block-group-is-layout-flex\">\n<figure class=\"wp-block-image size-full is-resized\"><img decoding=\"async\" src=\"https:\/\/www.radancy.com\/wp-content\/uploads\/2024\/10\/Accountability.svg\" alt=\"\" class=\"wp-image-18115\" style=\"aspect-ratio:1;object-fit:cover;width:120px\"\/><\/figure>\n<\/div>\n\n\n\n<div class=\"wp-block-group card-content-item is-vertical is-content-justification-stretch is-layout-flex wp-container-core-group-is-layout-e6edd9f6 wp-block-group-is-layout-flex\">\n<h3 class=\"wp-block-heading headline has-copy-font-family\" id=\"h-responsabilidad\">Responsabilidad<\/h3>\n\n\n\n<p class=\"has-copy-font-size\">Nuestros clientes conf\u00edan en nuestra tecnolog\u00eda y conf\u00edan en nosotros para promover la IA responsable. Nos responsabilizamos a nosotros mismos y a nuestra tecnolog\u00eda de los resultados.<\/p>\n<\/div>\n<\/div>\n\n\n\n<div class=\"wp-block-column is-vertically-aligned-top card-with-medium-visual is-layout-flow wp-block-column-is-layout-flow\" style=\"flex-basis:50%\">\n<div class=\"wp-block-group card-visual-item is-vertical is-content-justification-center is-layout-flex wp-container-core-group-is-layout-ce155fab wp-block-group-is-layout-flex\">\n<figure class=\"wp-block-image size-full is-resized\"><img decoding=\"async\" src=\"https:\/\/www.radancy.com\/wp-content\/uploads\/2024\/10\/Brand.svg\" alt=\"\" class=\"wp-image-18121\" style=\"aspect-ratio:1;object-fit:contain;width:120px\"\/><\/figure>\n<\/div>\n\n\n\n<div class=\"wp-block-group card-content-item is-vertical is-content-justification-stretch is-layout-flex wp-container-core-group-is-layout-e6edd9f6 wp-block-group-is-layout-flex\">\n<h3 class=\"wp-block-heading headline has-copy-font-family\" id=\"h-proteger-la-marca\">Proteger la marca<\/h3>\n\n\n\n<p class=\"has-copy-font-size\">Nuestros clientes nos conf\u00edan uno de sus activos m\u00e1s importantes: su marca empleadora. Prometemos crear productos de IA que protejan sus marcas y produzcan resultados que reflejen con precisi\u00f3n su empresa y sus valores.<\/p>\n<\/div>\n<\/div>\n\n\n\n<div class=\"wp-block-column is-vertically-aligned-top card-with-medium-visual is-layout-flow wp-block-column-is-layout-flow\" style=\"flex-basis:15%\"><\/div>\n<\/div>\n\n\n\n<div style=\"height:0px\" aria-hidden=\"true\" class=\"wp-block-spacer wp-container-content-ca60deed\"><\/div>\n<\/section>\n\n\n\n\n\n<div class=\"wp-block-group alignfull cta has-neutral-1-color has-primary-2-background-color has-text-color has-background has-global-padding is-layout-constrained wp-container-core-group-is-layout-86ad42c5 wp-block-group-is-layout-constrained\" style=\"margin-top:0px;margin-bottom:0px;padding-top:var(--wp--preset--spacing--30);padding-right:var(--wp--preset--spacing--30);padding-bottom:var(--wp--preset--spacing--30);padding-left:var(--wp--preset--spacing--30)\">\n<p class=\"has-text-align-center\">Habla con nosotros para acelerar tus resultados de contrataci\u00f3n y maximizar el ROI con una plataforma de IA completa.<\/p>\n\n\n\n<div class=\"wp-block-buttons is-content-justification-center is-layout-flex wp-container-core-buttons-is-layout-a89b3969 wp-block-buttons-is-layout-flex\">\n<div class=\"wp-block-button\"><a class=\"wp-block-button__link wp-element-button\" href=\"https:\/\/www.radancy.com\/es\/contactenos\/\">Agendar una demostraci\u00f3n<\/a><\/div>\n<\/div>\n<\/div>\n","protected":false},"excerpt":{"rendered":"<p>IA Responsable Transformar la adquisici\u00f3n de talento mediante el uso responsable de la IA. Radancy est\u00e1 comprometido con el uso responsable y \u00e9tico de la Inteligencia Artificial en nuestras soluciones <a class=\"more-link\" href=\"https:\/\/www.radancy.com\/es\/ia-responsable\/\">Read more&#8230;<\/a><\/p>\n","protected":false},"author":1,"featured_media":0,"parent":0,"menu_order":0,"comment_status":"closed","ping_status":"closed","template":"","meta":{"_acf_changed":false,"_EventAllDay":false,"_EventTimezone":"","_EventStartDate":"","_EventEndDate":"","_EventStartDateUTC":"","_EventEndDateUTC":"","_EventShowMap":false,"_EventShowMapLink":false,"_EventURL":"","_EventCost":"","_EventCostDescription":"","_EventCurrencySymbol":"","_EventCurrencyCode":"","_EventCurrencyPosition":"","_EventDateTimeSeparator":"","_EventTimeRangeSeparator":"","_EventOrganizerID":[],"_EventVenueID":[],"_OrganizerEmail":"","_OrganizerPhone":"","_OrganizerWebsite":"","_VenueAddress":"","_VenueCity":"","_VenueCountry":"","_VenueProvince":"","_VenueState":"","_VenueZip":"","_VenuePhone":"","_VenueURL":"","_VenueStateProvince":"","_VenueLat":"","_VenueLng":"","_VenueShowMap":false,"_VenueShowMapLink":false,"_tribe_blocks_recurrence_rules":"","_tribe_blocks_recurrence_description":"","_tribe_blocks_recurrence_exclusions":"","footnotes":""},"class_list":["post-18436","page","type-page","status-publish","hentry"],"acf":[],"yoast_head":"<!-- This site is optimized with the Yoast SEO Premium plugin v26.2 (Yoast SEO v27.5) - https:\/\/yoast.com\/product\/yoast-seo-premium-wordpress\/ -->\n<title>IA Responsable\u00a0 | Radancy<\/title>\n<meta name=\"robots\" content=\"index, follow, max-snippet:-1, max-image-preview:large, max-video-preview:-1\" \/>\n<link rel=\"canonical\" href=\"https:\/\/www.radancy.com\/es\/ia-responsable\/\" \/>\n<meta property=\"og:locale\" content=\"es_ES\" \/>\n<meta property=\"og:type\" content=\"article\" \/>\n<meta property=\"og:title\" content=\"IA Responsable\u00a0\" \/>\n<meta property=\"og:description\" content=\"IA Responsable Transformar la adquisici\u00f3n de talento mediante el uso responsable de la IA. Radancy est\u00e1 comprometido con el uso responsable y \u00e9tico de la Inteligencia Artificial en nuestras soluciones Read more...\" \/>\n<meta property=\"og:url\" content=\"https:\/\/www.radancy.com\/es\/ia-responsable\/\" \/>\n<meta property=\"og:site_name\" content=\"Radancy\" \/>\n<meta property=\"article:publisher\" content=\"https:\/\/www.facebook.com\/radancy\" \/>\n<meta property=\"article:modified_time\" content=\"2025-09-30T08:16:01+00:00\" \/>\n<meta property=\"og:image\" content=\"https:\/\/www.radancy.com\/wp-content\/uploads\/2024\/06\/SocialCardGraphic-cloud-logo-1200x675-1-1.png\" \/>\n\t<meta property=\"og:image:width\" content=\"1200\" \/>\n\t<meta property=\"og:image:height\" content=\"675\" \/>\n\t<meta property=\"og:image:type\" content=\"image\/png\" \/>\n<meta name=\"twitter:card\" content=\"summary_large_image\" \/>\n<meta name=\"twitter:site\" content=\"@radancyco\" \/>\n<meta name=\"twitter:label1\" content=\"Tiempo de lectura\" \/>\n\t<meta name=\"twitter:data1\" content=\"5 minutos\" \/>\n<script type=\"application\/ld+json\" class=\"yoast-schema-graph\">{\"@context\":\"https:\\\/\\\/schema.org\",\"@graph\":[{\"@type\":\"WebPage\",\"@id\":\"https:\\\/\\\/www.radancy.com\\\/es\\\/ia-responsable\\\/\",\"url\":\"https:\\\/\\\/www.radancy.com\\\/es\\\/ia-responsable\\\/\",\"name\":\"IA Responsable\u00a0 | Radancy\",\"isPartOf\":{\"@id\":\"https:\\\/\\\/www.radancy.com\\\/es\\\/#website\"},\"primaryImageOfPage\":{\"@id\":\"https:\\\/\\\/www.radancy.com\\\/es\\\/ia-responsable\\\/#primaryimage\"},\"image\":{\"@id\":\"https:\\\/\\\/www.radancy.com\\\/es\\\/ia-responsable\\\/#primaryimage\"},\"thumbnailUrl\":\"https:\\\/\\\/www.radancy.com\\\/wp-content\\\/uploads\\\/2024\\\/10\\\/Fairness.svg\",\"datePublished\":\"2024-10-31T15:33:51+00:00\",\"dateModified\":\"2025-09-30T08:16:01+00:00\",\"breadcrumb\":{\"@id\":\"https:\\\/\\\/www.radancy.com\\\/es\\\/ia-responsable\\\/#breadcrumb\"},\"inLanguage\":\"es\",\"potentialAction\":[{\"@type\":\"ReadAction\",\"target\":[\"https:\\\/\\\/www.radancy.com\\\/es\\\/ia-responsable\\\/\"]}]},{\"@type\":\"ImageObject\",\"inLanguage\":\"es\",\"@id\":\"https:\\\/\\\/www.radancy.com\\\/es\\\/ia-responsable\\\/#primaryimage\",\"url\":\"https:\\\/\\\/www.radancy.com\\\/wp-content\\\/uploads\\\/2024\\\/10\\\/Fairness.svg\",\"contentUrl\":\"https:\\\/\\\/www.radancy.com\\\/wp-content\\\/uploads\\\/2024\\\/10\\\/Fairness.svg\"},{\"@type\":\"BreadcrumbList\",\"@id\":\"https:\\\/\\\/www.radancy.com\\\/es\\\/ia-responsable\\\/#breadcrumb\",\"itemListElement\":[{\"@type\":\"ListItem\",\"position\":1,\"name\":\"Home\",\"item\":\"https:\\\/\\\/www.radancy.com\\\/es\\\/\"},{\"@type\":\"ListItem\",\"position\":2,\"name\":\"IA Responsable\u00a0\"}]},{\"@type\":\"WebSite\",\"@id\":\"https:\\\/\\\/www.radancy.com\\\/es\\\/#website\",\"url\":\"https:\\\/\\\/www.radancy.com\\\/es\\\/\",\"name\":\"Radancy\",\"description\":\"Create Connections That Count.\",\"publisher\":{\"@id\":\"https:\\\/\\\/www.radancy.com\\\/es\\\/#organization\"},\"potentialAction\":[{\"@type\":\"SearchAction\",\"target\":{\"@type\":\"EntryPoint\",\"urlTemplate\":\"https:\\\/\\\/www.radancy.com\\\/es\\\/?s={search_term_string}\"},\"query-input\":{\"@type\":\"PropertyValueSpecification\",\"valueRequired\":true,\"valueName\":\"search_term_string\"}}],\"inLanguage\":\"es\"},{\"@type\":\"Organization\",\"@id\":\"https:\\\/\\\/www.radancy.com\\\/es\\\/#organization\",\"name\":\"Radancy\",\"url\":\"https:\\\/\\\/www.radancy.com\\\/es\\\/\",\"logo\":{\"@type\":\"ImageObject\",\"inLanguage\":\"es\",\"@id\":\"https:\\\/\\\/www.radancy.com\\\/es\\\/#\\\/schema\\\/logo\\\/image\\\/\",\"url\":\"https:\\\/\\\/www.radancy.com\\\/wp-content\\\/uploads\\\/2024\\\/06\\\/Radancy_Icon_RGB.svg\",\"contentUrl\":\"https:\\\/\\\/www.radancy.com\\\/wp-content\\\/uploads\\\/2024\\\/06\\\/Radancy_Icon_RGB.svg\",\"width\":1,\"height\":1,\"caption\":\"Radancy\"},\"image\":{\"@id\":\"https:\\\/\\\/www.radancy.com\\\/es\\\/#\\\/schema\\\/logo\\\/image\\\/\"},\"sameAs\":[\"https:\\\/\\\/www.facebook.com\\\/radancy\",\"https:\\\/\\\/x.com\\\/radancyco\",\"https:\\\/\\\/www.linkedin.com\\\/company\\\/radancy\\\/\",\"https:\\\/\\\/www.youtube.com\\\/Radancy\\\/videos\",\"https:\\\/\\\/www.instagram.com\\\/radancyco\"]}]}<\/script>\n<!-- \/ Yoast SEO Premium plugin. -->","yoast_head_json":{"title":"IA Responsable\u00a0 | Radancy","robots":{"index":"index","follow":"follow","max-snippet":"max-snippet:-1","max-image-preview":"max-image-preview:large","max-video-preview":"max-video-preview:-1"},"canonical":"https:\/\/www.radancy.com\/es\/ia-responsable\/","og_locale":"es_ES","og_type":"article","og_title":"IA Responsable\u00a0","og_description":"IA Responsable Transformar la adquisici\u00f3n de talento mediante el uso responsable de la IA. Radancy est\u00e1 comprometido con el uso responsable y \u00e9tico de la Inteligencia Artificial en nuestras soluciones Read more...","og_url":"https:\/\/www.radancy.com\/es\/ia-responsable\/","og_site_name":"Radancy","article_publisher":"https:\/\/www.facebook.com\/radancy","article_modified_time":"2025-09-30T08:16:01+00:00","og_image":[{"width":1200,"height":675,"url":"https:\/\/www.radancy.com\/wp-content\/uploads\/2024\/06\/SocialCardGraphic-cloud-logo-1200x675-1-1.png","type":"image\/png"}],"twitter_card":"summary_large_image","twitter_site":"@radancyco","twitter_misc":{"Tiempo de lectura":"5 minutos"},"schema":{"@context":"https:\/\/schema.org","@graph":[{"@type":"WebPage","@id":"https:\/\/www.radancy.com\/es\/ia-responsable\/","url":"https:\/\/www.radancy.com\/es\/ia-responsable\/","name":"IA Responsable\u00a0 | Radancy","isPartOf":{"@id":"https:\/\/www.radancy.com\/es\/#website"},"primaryImageOfPage":{"@id":"https:\/\/www.radancy.com\/es\/ia-responsable\/#primaryimage"},"image":{"@id":"https:\/\/www.radancy.com\/es\/ia-responsable\/#primaryimage"},"thumbnailUrl":"https:\/\/www.radancy.com\/wp-content\/uploads\/2024\/10\/Fairness.svg","datePublished":"2024-10-31T15:33:51+00:00","dateModified":"2025-09-30T08:16:01+00:00","breadcrumb":{"@id":"https:\/\/www.radancy.com\/es\/ia-responsable\/#breadcrumb"},"inLanguage":"es","potentialAction":[{"@type":"ReadAction","target":["https:\/\/www.radancy.com\/es\/ia-responsable\/"]}]},{"@type":"ImageObject","inLanguage":"es","@id":"https:\/\/www.radancy.com\/es\/ia-responsable\/#primaryimage","url":"https:\/\/www.radancy.com\/wp-content\/uploads\/2024\/10\/Fairness.svg","contentUrl":"https:\/\/www.radancy.com\/wp-content\/uploads\/2024\/10\/Fairness.svg"},{"@type":"BreadcrumbList","@id":"https:\/\/www.radancy.com\/es\/ia-responsable\/#breadcrumb","itemListElement":[{"@type":"ListItem","position":1,"name":"Home","item":"https:\/\/www.radancy.com\/es\/"},{"@type":"ListItem","position":2,"name":"IA Responsable\u00a0"}]},{"@type":"WebSite","@id":"https:\/\/www.radancy.com\/es\/#website","url":"https:\/\/www.radancy.com\/es\/","name":"Radancy","description":"Create Connections That Count.","publisher":{"@id":"https:\/\/www.radancy.com\/es\/#organization"},"potentialAction":[{"@type":"SearchAction","target":{"@type":"EntryPoint","urlTemplate":"https:\/\/www.radancy.com\/es\/?s={search_term_string}"},"query-input":{"@type":"PropertyValueSpecification","valueRequired":true,"valueName":"search_term_string"}}],"inLanguage":"es"},{"@type":"Organization","@id":"https:\/\/www.radancy.com\/es\/#organization","name":"Radancy","url":"https:\/\/www.radancy.com\/es\/","logo":{"@type":"ImageObject","inLanguage":"es","@id":"https:\/\/www.radancy.com\/es\/#\/schema\/logo\/image\/","url":"https:\/\/www.radancy.com\/wp-content\/uploads\/2024\/06\/Radancy_Icon_RGB.svg","contentUrl":"https:\/\/www.radancy.com\/wp-content\/uploads\/2024\/06\/Radancy_Icon_RGB.svg","width":1,"height":1,"caption":"Radancy"},"image":{"@id":"https:\/\/www.radancy.com\/es\/#\/schema\/logo\/image\/"},"sameAs":["https:\/\/www.facebook.com\/radancy","https:\/\/x.com\/radancyco","https:\/\/www.linkedin.com\/company\/radancy\/","https:\/\/www.youtube.com\/Radancy\/videos","https:\/\/www.instagram.com\/radancyco"]}]}},"_links":{"self":[{"href":"https:\/\/www.radancy.com\/es\/wp-json\/wp\/v2\/pages\/18436","targetHints":{"allow":["GET"]}}],"collection":[{"href":"https:\/\/www.radancy.com\/es\/wp-json\/wp\/v2\/pages"}],"about":[{"href":"https:\/\/www.radancy.com\/es\/wp-json\/wp\/v2\/types\/page"}],"author":[{"embeddable":true,"href":"https:\/\/www.radancy.com\/es\/wp-json\/wp\/v2\/users\/1"}],"replies":[{"embeddable":true,"href":"https:\/\/www.radancy.com\/es\/wp-json\/wp\/v2\/comments?post=18436"}],"version-history":[{"count":0,"href":"https:\/\/www.radancy.com\/es\/wp-json\/wp\/v2\/pages\/18436\/revisions"}],"wp:attachment":[{"href":"https:\/\/www.radancy.com\/es\/wp-json\/wp\/v2\/media?parent=18436"}],"curies":[{"name":"wp","href":"https:\/\/api.w.org\/{rel}","templated":true}]}}