{"id":12444,"date":"2023-11-17T03:03:41","date_gmt":"2023-11-17T03:03:41","guid":{"rendered":"https:\/\/s45175.p1717.sites.pressdns.com\/terms-and-conditions\/"},"modified":"2025-09-30T08:43:05","modified_gmt":"2025-09-30T08:43:05","slug":"terminos-y-condiciones","status":"publish","type":"page","link":"https:\/\/www.radancy.com\/es\/terminos-y-condiciones\/","title":{"rendered":"T\u00e9rminos y Condiciones"},"content":{"rendered":"\n<div class=\"wp-block-group alignfull title-bar has-neutral-1-color has-primary-3-background-color has-text-color has-background is-vertical is-content-justification-center is-layout-flex wp-container-core-group-is-layout-95c46550 wp-block-group-is-layout-flex\" style=\"margin-top:0;margin-bottom:60px;padding-top:35px;padding-right:35px;padding-bottom:35px;padding-left:35px\">\n<h2 class=\"wp-block-heading has-accent-font-family has-headline-smallest-font-size\" id=\"h-terminos-y-condiciones\" style=\"margin-top:0;margin-bottom:0;font-style:normal;font-weight:400\">T\u00e9rminos y Condiciones<\/h2>\n<\/div>\n\n\n\n<section class=\"wp-block-group section is-vertical is-content-justification-stretch is-layout-flex wp-container-core-group-is-layout-1871440f wp-block-group-is-layout-flex\" style=\"padding-bottom:70px\">\n<div class=\"wp-block-group section is-vertical is-content-justification-stretch is-layout-flex wp-container-core-group-is-layout-e6edd9f6 wp-block-group-is-layout-flex\">\n<h4 class=\"wp-block-heading headline has-headline-smallest-font-size\" id=\"h-terminos-generales\" style=\"font-style:normal;font-weight:600\">T\u00e9rminos Generales<\/h4>\n\n\n\n<p>Tras la firma, el cliente acepta todos los t\u00e9rminos que se indican a continuaci\u00f3n. <strong>Si el cliente ha celebrado un acuerdo de servicios generales o maestro con RADANCY (un \u00ab\u00bbMSA\u00bb\u00bb), en la medida en que exista un conflicto entre el MSA y este presupuesto, el MSA rige.<\/strong><\/p>\n<\/div>\n\n\n\n<div class=\"wp-block-group section is-vertical is-content-justification-stretch is-layout-flex wp-container-core-group-is-layout-e6edd9f6 wp-block-group-is-layout-flex\">\n<h4 class=\"wp-block-heading headline has-headline-smallest-font-size\" id=\"h-terminos-financieros\" style=\"font-style:normal;font-weight:600\">T\u00e9rminos Financieros<\/h4>\n\n\n\n<p>Esta estimaci\u00f3n es un pron\u00f3stico basado en la informaci\u00f3n actualmente disponible sobre el proyecto y tiene una validez de 30 d\u00edas a partir de la fecha de presentaci\u00f3n. Los honorarios y gastos indicados son s\u00f3lo estimaciones m\u00ednimas; los honorarios reales se indicar\u00e1n cuando se emita la factura.<\/p>\n\n\n\n<p>Se deber\u00e1 obtener la aprobaci\u00f3n del cliente para cualquier aumento en los honorarios o gastos que excedan la estimaci\u00f3n original en un 10% o m\u00e1s.<\/p>\n\n\n\n<p>El Cliente autoriza a RADANCY a proceder con el trabajo y entiende que el presupuesto se facturar\u00e1 en su totalidad (100%) al inicio del proyecto si es de 10.000 d\u00f3lares o menos, y se pagar\u00e1 en 30 d\u00edas netos a partir de la fecha de la factura. Si los costos del proyecto superan los $10,001, la mitad (50%) de esta estimaci\u00f3n se facturar\u00e1 al inicio del proyecto y se pagar\u00e1 en los 30 d\u00edas netos de la fecha de la factura. Todo el trabajo y las tarifas restantes se facturar\u00e1n al finalizar el proyecto y el cliente deber\u00e1 pagarlos en un plazo neto de 30 d\u00edas a partir de la fecha de la factura.<\/p>\n\n\n\n<p>Sin perjuicio de cualquiera de los t\u00e9rminos financieros, si este proyecto requiere que RADANCY realice prepagos a cualquier parte externa, el Cliente acepta que RADANCY no realizar\u00e1 este prepago hasta que el Cliente haya pagado por adelantado a RADANCY por el monto en cuesti\u00f3n. El incumplimiento por parte del Cliente de realizar este prepago puede causar demoras imprevistas y posibles plazos incumplidos.<\/p>\n\n\n\n<p>En caso de que este proyecto se cancele en cualquier momento despu\u00e9s de que se haya firmado la autorizaci\u00f3n, se emitir\u00e1 una factura por el tiempo dedicado al proyecto hasta la fecha o un tercio del presupuesto total, lo que sea mayor, m\u00e1s los costos de terceros incurridos por RADANCY.<\/p>\n\n\n\n<p>El presupuesto firmado debe devolverse a RADANCY para el inicio del proyecto. Todos los trabajos urgentes se anotar\u00e1n como tales y se facturar\u00e1n a una tarifa mayor si es necesario.<\/p>\n\n\n\n<p>Las estimaciones no incluyen impuestos ni gastos de env\u00edo.\u00bb<\/p>\n<\/div>\n\n\n\n<div class=\"wp-block-group section is-vertical is-content-justification-stretch is-layout-flex wp-container-core-group-is-layout-e6edd9f6 wp-block-group-is-layout-flex\">\n<h4 class=\"wp-block-heading headline has-headline-smallest-font-size\" id=\"h-aprobacion-para-presentar-el-trabajo\" style=\"font-style:normal;font-weight:600\">Aprobaci\u00f3n para Presentar el Trabajo<\/h4>\n\n\n\n<p>Sin perjuicio de lo contenido en este documento, el Cliente acepta que, una vez que el Cliente acepte el producto final, RADANCY puede hacer referencia y mostrar, como ejemplos de la cartera de trabajo de RADANCY, partes del producto en el sitio web de RADANCY. El Cliente tambi\u00e9n acepta que RADANCY puede presentar el entregable para premios de la industria para los cuales, a juicio de RADANCY, el trabajo califica. El Cliente otorga a RADANCY una licencia libre de regal\u00edas para usar sus marcas comerciales y derechos de autor expresamente para los fines anteriores. Dicho permiso y licencia pueden ser revocados por el Cliente en cualquier momento mediante notificaci\u00f3n por escrito.\u00bb<\/p>\n<\/div>\n\n\n\n<div class=\"wp-block-group section is-vertical is-content-justification-stretch is-layout-flex wp-container-core-group-is-layout-e6edd9f6 wp-block-group-is-layout-flex\">\n<h4 class=\"wp-block-heading headline has-headline-smallest-font-size\" id=\"h-materiales-terceros\" style=\"font-style:normal;font-weight:600\">Materiales Terceros<\/h4>\n\n\n\n<p>En el caso de que se utilicen aqu\u00ed materiales de terceros, como fotograf\u00edas, ilustraciones u otro contenido con licencia, RADANCY informar\u00e1 al cliente sobre los t\u00e9rminos de la licencia y obtendr\u00e1 el consentimiento por escrito del cliente.\u00bb<\/p>\n<\/div>\n\n\n\n<div class=\"wp-block-group section section--extra-spacing is-vertical is-content-justification-stretch is-layout-flex wp-container-core-group-is-layout-e6edd9f6 wp-block-group-is-layout-flex\">\n<h4 class=\"wp-block-heading headline has-headline-smallest-font-size\" id=\"h-propiedad-intelectual\" style=\"font-style:normal;font-weight:600\">Propiedad Intelectual<\/h4>\n\n\n\n<p>Debido a la naturaleza inherente de los medios electr\u00f3nicos, RADANCY no se hace responsable de la informaci\u00f3n perdida o da\u00f1ada.<\/p>\n\n\n\n<p>Excepto en el caso en que RADANCY sea el anfitri\u00f3n designado de sitios web o m\u00f3viles, RADANCY acepta archivar todos los archivos creativos finales (y los materiales en los que se basa el trabajo) durante no m\u00e1s de 72 meses.<\/p>\n\n\n\n<p>Titularidad de los Servicios \u2013 La titularidad de los Servicios proporcionados en virtud del presente pasar\u00e1 al Cliente en el momento m\u00e1s temprano de identificaci\u00f3n como Servicios. El Cliente conservar\u00e1, en todo momento, la propiedad de los art\u00edculos proporcionados por el Cliente.<\/p>\n\n\n\n<p>Trabajo Contratado \u2013 RADANCY est\u00e1 de acuerdo en que todos los trabajos originales, incluyendo pero no limit\u00e1ndose a los dibujos, especificaciones, publicaciones de mantenimiento y similares, sujetos a la protecci\u00f3n de los derechos de autor, se califican como un \u00ab\u00bbtrabajo contratado\u00bb\u00bb bajo la Ley de Derechos de Autor de los Estados Unidos. Si dicho trabajo no califica como un \u00ab\u00bbtrabajo contratado\u00bb\u00bb, RADANCY asigna todos los derechos sobre dicho trabajo al Cliente.<\/p>\n\n\n\n<p>Sin perjuicio de lo anterior, RADANCY conservar\u00e1 la propiedad exclusiva de todos (i) sus conocimientos t\u00e9cnicos, conceptos, t\u00e9cnicas, metodolog\u00edas, ideas, plantillas, rutinas, secuencias, software, firmware, dise\u00f1os, scripts, interfaces, c\u00f3digo de programaci\u00f3n, applets, ejecutables, objetos, archivos, utilidades y herramientas que exist\u00edan antes de la prestaci\u00f3n de los Servicios en virtud del presente documento (colectivamente, \u00ab\u00bbBloques de Construcci\u00f3n de RADANCY\u00bb\u00bb) y (ii) ideas, conceptos, t\u00e9cnicas y conocimientos t\u00e9cnicos descubiertos, creados o desarrollados por RADANCY durante la prestaci\u00f3n de los Servicios que son de aplicaci\u00f3n general y que no se basan en la informaci\u00f3n confidencial del Cliente ni se derivan de ella. En la medida en que los Servicios incorporen los Building Blocks de RADANCY, RADANCY otorga al Cliente un derecho no exclusivo, intransferible (excepto a las filiales, subsidiarias o sucesores del Cliente), perpetuo, libre de regal\u00edas y en todo el mundo para usar dichos Building Blocks \u00fanicamente en relaci\u00f3n con dichos Servicios. El Cliente no sublicenciar\u00e1 ni otorgar\u00e1 a ninguna otra parte ning\u00fan derecho de uso, copia o explotaci\u00f3n o creaci\u00f3n de trabajos derivados de los Building Blocks de RADANCY, siempre que el Cliente conserve a terceros para proporcionar servicios en relaci\u00f3n con los Servicios, incluido, entre otros, el mantenimiento, desarrollo, recuperaci\u00f3n ante desastres o servicios de externalizaci\u00f3n relacionados con los Servicios, tendr\u00e1 derecho a utilizar los Building Blocks de RADANCY \u00fanicamente con el fin de proporcionar dichos servicios al Cliente.<\/p>\n\n\n\n<p>C\u00f3digo Fuente\u2013 Sin perjuicio de cualquier disposici\u00f3n en contrario en el presente [O EN EL ACUERDO DE SERVICIO MAESTRO ENTRE LAS PARTES], RADANCY conserva la propiedad de cualquier c\u00f3digo fuente subyacente a los entregables en virtud del presente. RADANCY alojar\u00e1 el [SITIO WEB] en sus propios servidores; si el Cliente desea tener el sitio web alojado en servidores que no sean los de RADANCY, RADANCY entregar\u00e1 una copia del c\u00f3digo fuente del mismo luego de que el Cliente ejecute un acuerdo de licencia de c\u00f3digo fuente, que permitir\u00e1 el uso continuo del sitio web por parte del Cliente y la modificaci\u00f3n del mismo para su propio uso, pero prohibir\u00e1 la venta o transferencia de los mismos a cualquier tercero.\u00bb<\/p>\n\n\n\n<p>Soluciones con las que puede contar. Perspectiva que necesita. Y un compromiso con los resultados que te mereces.<\/p>\n<\/div>\n<\/section>\n\n\n\n<div class=\"wp-block-group alignfull cta has-neutral-1-color has-primary-2-background-color has-text-color has-background has-global-padding is-layout-constrained wp-container-core-group-is-layout-86ad42c5 wp-block-group-is-layout-constrained\" style=\"margin-top:0px;margin-bottom:0px;padding-top:var(--wp--preset--spacing--30);padding-right:var(--wp--preset--spacing--30);padding-bottom:var(--wp--preset--spacing--30);padding-left:var(--wp--preset--spacing--30)\">\n<p class=\"has-text-align-center\">Habla con nosotros para acelerar tus resultados de contrataci\u00f3n y maximizar el ROI con una plataforma de IA completa.<\/p>\n\n\n\n<div class=\"wp-block-buttons is-content-justification-center is-layout-flex wp-container-core-buttons-is-layout-a89b3969 wp-block-buttons-is-layout-flex\">\n<div class=\"wp-block-button\"><a class=\"wp-block-button__link wp-element-button\" href=\"https:\/\/www.radancy.com\/es\/contactenos\/\">Agendar una demostraci\u00f3n<\/a><\/div>\n<\/div>\n<\/div>\n","protected":false},"excerpt":{"rendered":"<p>T\u00e9rminos y Condiciones T\u00e9rminos Generales Tras la firma, el cliente acepta todos los t\u00e9rminos que se indican a continuaci\u00f3n. Si el cliente ha celebrado un acuerdo de servicios generales o <a class=\"more-link\" href=\"https:\/\/www.radancy.com\/es\/terminos-y-condiciones\/\">Read more&#8230;<\/a><\/p>\n","protected":false},"author":26,"featured_media":0,"parent":0,"menu_order":0,"comment_status":"closed","ping_status":"closed","template":"","meta":{"_acf_changed":false,"_EventAllDay":false,"_EventTimezone":"","_EventStartDate":"","_EventEndDate":"","_EventStartDateUTC":"","_EventEndDateUTC":"","_EventShowMap":false,"_EventShowMapLink":false,"_EventURL":"","_EventCost":"","_EventCostDescription":"","_EventCurrencySymbol":"","_EventCurrencyCode":"","_EventCurrencyPosition":"","_EventDateTimeSeparator":"","_EventTimeRangeSeparator":"","_EventOrganizerID":[],"_EventVenueID":[],"_OrganizerEmail":"","_OrganizerPhone":"","_OrganizerWebsite":"","_VenueAddress":"","_VenueCity":"","_VenueCountry":"","_VenueProvince":"","_VenueState":"","_VenueZip":"","_VenuePhone":"","_VenueURL":"","_VenueStateProvince":"","_VenueLat":"","_VenueLng":"","_VenueShowMap":false,"_VenueShowMapLink":false,"_tribe_blocks_recurrence_rules":"","_tribe_blocks_recurrence_description":"","_tribe_blocks_recurrence_exclusions":"","footnotes":""},"class_list":["post-12444","page","type-page","status-publish","hentry"],"acf":[],"yoast_head":"<!-- This site is optimized with the Yoast SEO Premium plugin v26.2 (Yoast SEO v27.5) - https:\/\/yoast.com\/product\/yoast-seo-premium-wordpress\/ -->\n<title>T\u00e9rminos y Condiciones | Radancy<\/title>\n<meta name=\"robots\" content=\"noindex, nofollow\" \/>\n<meta property=\"og:locale\" content=\"es_ES\" \/>\n<meta property=\"og:type\" content=\"article\" \/>\n<meta property=\"og:title\" content=\"T\u00e9rminos y Condiciones | Radancy\" \/>\n<meta property=\"og:description\" content=\"T\u00e9rminos y Condiciones T\u00e9rminos Generales Tras la firma, el cliente acepta todos los t\u00e9rminos que se indican a continuaci\u00f3n. Si el cliente ha celebrado un acuerdo de servicios generales o Read more...\" \/>\n<meta property=\"og:url\" content=\"https:\/\/www.radancy.com\/es\/terminos-y-condiciones\/\" \/>\n<meta property=\"og:site_name\" content=\"Radancy\" \/>\n<meta property=\"article:publisher\" content=\"https:\/\/www.facebook.com\/radancy\" \/>\n<meta property=\"article:modified_time\" content=\"2025-09-30T08:43:05+00:00\" \/>\n<meta property=\"og:image\" content=\"https:\/\/tbcdn.talentbrew.com\/company\/34730\/gst_v1\/img\/meta\/Radancy-JobShare-img-FINAL_ES.jpg\" \/>\n<meta name=\"twitter:card\" content=\"summary_large_image\" \/>\n<meta name=\"twitter:title\" content=\"T\u00e9rminos y Condiciones\" \/>\n<meta name=\"twitter:site\" content=\"@radancyco\" \/>\n<meta name=\"twitter:label1\" content=\"Tiempo de lectura\" \/>\n\t<meta name=\"twitter:data1\" content=\"5 minutos\" \/>\n<script type=\"application\/ld+json\" class=\"yoast-schema-graph\">{\"@context\":\"https:\\\/\\\/schema.org\",\"@graph\":[{\"@type\":\"WebPage\",\"@id\":\"https:\\\/\\\/www.radancy.com\\\/es\\\/terminos-y-condiciones\\\/\",\"url\":\"https:\\\/\\\/www.radancy.com\\\/es\\\/terminos-y-condiciones\\\/\",\"name\":\"T\u00e9rminos y Condiciones | Radancy\",\"isPartOf\":{\"@id\":\"https:\\\/\\\/www.radancy.com\\\/es\\\/#website\"},\"datePublished\":\"2023-11-17T03:03:41+00:00\",\"dateModified\":\"2025-09-30T08:43:05+00:00\",\"breadcrumb\":{\"@id\":\"https:\\\/\\\/www.radancy.com\\\/es\\\/terminos-y-condiciones\\\/#breadcrumb\"},\"inLanguage\":\"es\",\"potentialAction\":[{\"@type\":\"ReadAction\",\"target\":[\"https:\\\/\\\/www.radancy.com\\\/es\\\/terminos-y-condiciones\\\/\"]}]},{\"@type\":\"BreadcrumbList\",\"@id\":\"https:\\\/\\\/www.radancy.com\\\/es\\\/terminos-y-condiciones\\\/#breadcrumb\",\"itemListElement\":[{\"@type\":\"ListItem\",\"position\":1,\"name\":\"Home\",\"item\":\"https:\\\/\\\/www.radancy.com\\\/es\\\/\"},{\"@type\":\"ListItem\",\"position\":2,\"name\":\"T\u00e9rminos y Condiciones\"}]},{\"@type\":\"WebSite\",\"@id\":\"https:\\\/\\\/www.radancy.com\\\/es\\\/#website\",\"url\":\"https:\\\/\\\/www.radancy.com\\\/es\\\/\",\"name\":\"Radancy\",\"description\":\"Create Connections That Count.\",\"publisher\":{\"@id\":\"https:\\\/\\\/www.radancy.com\\\/es\\\/#organization\"},\"potentialAction\":[{\"@type\":\"SearchAction\",\"target\":{\"@type\":\"EntryPoint\",\"urlTemplate\":\"https:\\\/\\\/www.radancy.com\\\/es\\\/?s={search_term_string}\"},\"query-input\":{\"@type\":\"PropertyValueSpecification\",\"valueRequired\":true,\"valueName\":\"search_term_string\"}}],\"inLanguage\":\"es\"},{\"@type\":\"Organization\",\"@id\":\"https:\\\/\\\/www.radancy.com\\\/es\\\/#organization\",\"name\":\"Radancy\",\"url\":\"https:\\\/\\\/www.radancy.com\\\/es\\\/\",\"logo\":{\"@type\":\"ImageObject\",\"inLanguage\":\"es\",\"@id\":\"https:\\\/\\\/www.radancy.com\\\/es\\\/#\\\/schema\\\/logo\\\/image\\\/\",\"url\":\"https:\\\/\\\/www.radancy.com\\\/wp-content\\\/uploads\\\/2024\\\/06\\\/Radancy_Icon_RGB.svg\",\"contentUrl\":\"https:\\\/\\\/www.radancy.com\\\/wp-content\\\/uploads\\\/2024\\\/06\\\/Radancy_Icon_RGB.svg\",\"width\":1,\"height\":1,\"caption\":\"Radancy\"},\"image\":{\"@id\":\"https:\\\/\\\/www.radancy.com\\\/es\\\/#\\\/schema\\\/logo\\\/image\\\/\"},\"sameAs\":[\"https:\\\/\\\/www.facebook.com\\\/radancy\",\"https:\\\/\\\/x.com\\\/radancyco\",\"https:\\\/\\\/www.linkedin.com\\\/company\\\/radancy\\\/\",\"https:\\\/\\\/www.youtube.com\\\/Radancy\\\/videos\",\"https:\\\/\\\/www.instagram.com\\\/radancyco\"]}]}<\/script>\n<!-- \/ Yoast SEO Premium plugin. -->","yoast_head_json":{"title":"T\u00e9rminos y Condiciones | Radancy","robots":{"index":"noindex","follow":"nofollow"},"og_locale":"es_ES","og_type":"article","og_title":"T\u00e9rminos y Condiciones | Radancy","og_description":"T\u00e9rminos y Condiciones T\u00e9rminos Generales Tras la firma, el cliente acepta todos los t\u00e9rminos que se indican a continuaci\u00f3n. Si el cliente ha celebrado un acuerdo de servicios generales o Read more...","og_url":"https:\/\/www.radancy.com\/es\/terminos-y-condiciones\/","og_site_name":"Radancy","article_publisher":"https:\/\/www.facebook.com\/radancy","article_modified_time":"2025-09-30T08:43:05+00:00","og_image":[{"url":"https:\/\/tbcdn.talentbrew.com\/company\/34730\/gst_v1\/img\/meta\/Radancy-JobShare-img-FINAL_ES.jpg","type":"","width":"","height":""}],"twitter_card":"summary_large_image","twitter_title":"T\u00e9rminos y Condiciones","twitter_site":"@radancyco","twitter_misc":{"Tiempo de lectura":"5 minutos"},"schema":{"@context":"https:\/\/schema.org","@graph":[{"@type":"WebPage","@id":"https:\/\/www.radancy.com\/es\/terminos-y-condiciones\/","url":"https:\/\/www.radancy.com\/es\/terminos-y-condiciones\/","name":"T\u00e9rminos y Condiciones | Radancy","isPartOf":{"@id":"https:\/\/www.radancy.com\/es\/#website"},"datePublished":"2023-11-17T03:03:41+00:00","dateModified":"2025-09-30T08:43:05+00:00","breadcrumb":{"@id":"https:\/\/www.radancy.com\/es\/terminos-y-condiciones\/#breadcrumb"},"inLanguage":"es","potentialAction":[{"@type":"ReadAction","target":["https:\/\/www.radancy.com\/es\/terminos-y-condiciones\/"]}]},{"@type":"BreadcrumbList","@id":"https:\/\/www.radancy.com\/es\/terminos-y-condiciones\/#breadcrumb","itemListElement":[{"@type":"ListItem","position":1,"name":"Home","item":"https:\/\/www.radancy.com\/es\/"},{"@type":"ListItem","position":2,"name":"T\u00e9rminos y Condiciones"}]},{"@type":"WebSite","@id":"https:\/\/www.radancy.com\/es\/#website","url":"https:\/\/www.radancy.com\/es\/","name":"Radancy","description":"Create Connections That Count.","publisher":{"@id":"https:\/\/www.radancy.com\/es\/#organization"},"potentialAction":[{"@type":"SearchAction","target":{"@type":"EntryPoint","urlTemplate":"https:\/\/www.radancy.com\/es\/?s={search_term_string}"},"query-input":{"@type":"PropertyValueSpecification","valueRequired":true,"valueName":"search_term_string"}}],"inLanguage":"es"},{"@type":"Organization","@id":"https:\/\/www.radancy.com\/es\/#organization","name":"Radancy","url":"https:\/\/www.radancy.com\/es\/","logo":{"@type":"ImageObject","inLanguage":"es","@id":"https:\/\/www.radancy.com\/es\/#\/schema\/logo\/image\/","url":"https:\/\/www.radancy.com\/wp-content\/uploads\/2024\/06\/Radancy_Icon_RGB.svg","contentUrl":"https:\/\/www.radancy.com\/wp-content\/uploads\/2024\/06\/Radancy_Icon_RGB.svg","width":1,"height":1,"caption":"Radancy"},"image":{"@id":"https:\/\/www.radancy.com\/es\/#\/schema\/logo\/image\/"},"sameAs":["https:\/\/www.facebook.com\/radancy","https:\/\/x.com\/radancyco","https:\/\/www.linkedin.com\/company\/radancy\/","https:\/\/www.youtube.com\/Radancy\/videos","https:\/\/www.instagram.com\/radancyco"]}]}},"_links":{"self":[{"href":"https:\/\/www.radancy.com\/es\/wp-json\/wp\/v2\/pages\/12444","targetHints":{"allow":["GET"]}}],"collection":[{"href":"https:\/\/www.radancy.com\/es\/wp-json\/wp\/v2\/pages"}],"about":[{"href":"https:\/\/www.radancy.com\/es\/wp-json\/wp\/v2\/types\/page"}],"author":[{"embeddable":true,"href":"https:\/\/www.radancy.com\/es\/wp-json\/wp\/v2\/users\/26"}],"replies":[{"embeddable":true,"href":"https:\/\/www.radancy.com\/es\/wp-json\/wp\/v2\/comments?post=12444"}],"version-history":[{"count":0,"href":"https:\/\/www.radancy.com\/es\/wp-json\/wp\/v2\/pages\/12444\/revisions"}],"wp:attachment":[{"href":"https:\/\/www.radancy.com\/es\/wp-json\/wp\/v2\/media?parent=12444"}],"curies":[{"name":"wp","href":"https:\/\/api.w.org\/{rel}","templated":true}]}}