{"id":12440,"date":"2023-11-17T03:03:38","date_gmt":"2023-11-17T03:03:38","guid":{"rendered":"https:\/\/s45175.p1717.sites.pressdns.com\/support\/"},"modified":"2025-09-30T08:23:18","modified_gmt":"2025-09-30T08:23:18","slug":"soporte","status":"publish","type":"page","link":"https:\/\/www.radancy.com\/es\/soporte\/","title":{"rendered":"Pautas de Soporte"},"content":{"rendered":"\n<div class=\"wp-block-group alignfull title-bar has-neutral-1-color has-primary-3-background-color has-text-color has-background is-vertical is-content-justification-center is-layout-flex wp-container-core-group-is-layout-95c46550 wp-block-group-is-layout-flex\" style=\"margin-top:0;margin-bottom:60px;padding-top:35px;padding-right:35px;padding-bottom:35px;padding-left:35px\">\n<h2 class=\"wp-block-heading has-accent-font-family has-headline-smallest-font-size\" style=\"margin-top:0;margin-bottom:0;font-style:normal;font-weight:400\">Pautas de Soporte<\/h2>\n<\/div>\n\n\n\n<section class=\"wp-block-group section is-vertical is-content-justification-stretch is-layout-flex wp-container-core-group-is-layout-1871440f wp-block-group-is-layout-flex\" style=\"padding-bottom:70px\">\n<div class=\"wp-block-group is-vertical is-content-justification-stretch is-layout-flex wp-container-core-group-is-layout-db4209bd wp-block-group-is-layout-flex\">\n<div class=\"wp-block-group is-vertical is-content-justification-stretch is-layout-flex wp-container-core-group-is-layout-33bcc86b wp-block-group-is-layout-flex\">\n<p class=\"effective-date\">\u00daltima actualizaci\u00f3n 11 de julio de 2024<\/p>\n\n\n\n<h2 class=\"wp-block-heading has-link-color has-headline-smallest-font-size wp-elements-f0c9728bd575b863011bfab991e7a931\"><strong><a href=\"https:\/\/www.radancy.com\/es\/soporte\/#web-standards\"># Est\u00e1ndares Web <\/a><\/strong><\/h2>\n\n\n\n<p>Nuestras metodolog\u00edas de dise\u00f1o y desarrollo se adhieren a los est\u00e1ndares y lineamientos propuestos por el <a href=\"https:\/\/www.w3.org\/\" data-custom-event=\"true\" data-custom-category=\"custom event\" data-custom-label=\"W3C\">W3C (World Wide Web Consortium)<\/a> y las mejores pr\u00e1cticas que se encuentran dentro de la comunidad de dise\u00f1o y desarrollo. Mediante el uso de las t\u00e9cnicas m\u00e1s modernas e inclusivas disponibles, Radancy puede crear una experiencia atractiva y accesible para todos los usuarios.<\/p>\n\n\n\n<p>Para obtener m\u00e1s informaci\u00f3n sobre nuestros <a href=\"https:\/\/radancy.dev\">est\u00e1ndares de dise\u00f1o y desarrollo<\/a>, vis\u00edtenos en GitHub.<\/p>\n<\/div>\n\n\n\n<div class=\"wp-block-group is-vertical is-content-justification-stretch is-layout-flex wp-container-core-group-is-layout-33bcc86b wp-block-group-is-layout-flex\">\n<h2 class=\"wp-block-heading has-link-color has-headline-smallest-font-size wp-elements-c8e41d202e242af3072189b2d81518ee\"><a href=\"https:\/\/www.radancy.com\/es\/soporte\/#accessibility\"><strong># Accesibilidad <\/strong><\/a><\/h2>\n\n\n\n<p>En Radancy, creemos que todos tus posibles candidatos a un puesto de trabajo, independientemente de sus capacidades f\u00edsicas, mentales o tecnol\u00f3gicas, tienen derecho a saber m\u00e1s sobre tu empresa y a acceder a todas las ofertas de empleo. Para preservar el derecho de un individuo al acceso universal, <a href=\"https:\/\/radancy.dev\/a11y\/baseline\/\">intentamos cumplir<\/a> con la mayor cantidad de <strong>WCAG (Pautas de Accesibilidad y Contenido Web) 2.2 Nivel A y AA<\/strong> como sea posible, dentro de nuestro proceso diario. Sin embargo, si existe la necesidad de apoyar completamente un nivel espec\u00edfico de WCAG u otras directrices espec\u00edficas, comun\u00edcalo a tu representante de cuenta lo antes posible.<\/p>\n\n\n\n<blockquote class=\"wp-block-quote is-layout-flow wp-block-quote-is-layout-flow\">\n<h3 class=\"wp-block-heading has-link-color wp-elements-7d2d4cc62b3f03f1c766c306c4bee6ee\"><a href=\"https:\/\/www.radancy.com\/es\/soporte\/#accessibility-overlays\"># <strong>Una Observaci\u00f3n sobre las Superposiciones de Accesibilidad<\/strong><\/a><\/h3>\n\n\n\n<p>Las superposiciones de accesibilidad&nbsp;<strong>no son compatibles<\/strong>, ya que no est\u00e1n en l\u00ednea con la visi\u00f3n de Radancy sobre la mejor manera de apoyar a las personas con discapacidades en nuestras ofertas digitales. En nuestra experiencia, el uso de estas herramientas puede promover el capacitismo, reforzar la discriminaci\u00f3n y, a menudo, se perciben, en particular entre las comunidades de personas con discapacidad y defensoras, como un compromiso performativo con la accesibilidad. Las empresas que utilizan superposiciones se han visto sometidas con frecuencia a acciones legales basadas en el incumplimiento de las leyes y los principios de accesibilidad. Si lo solicita, nos complace compartir materiales que abordan los desaf\u00edos que enfrentan los usuarios de sitios web que incluyen superposiciones.<\/p>\n\n\n\n<p>Si quieres discutir este tema, junto con otras formas m\u00e1s proactivas, amigables y sostenibles de hacer que tu sitio de carreras sea accesible para todo el mundo, ponte en contacto con tu representante de cuenta.<\/p>\n<\/blockquote>\n<\/div>\n\n\n\n<div class=\"wp-block-group is-vertical is-content-justification-stretch is-layout-flex wp-container-core-group-is-layout-33bcc86b wp-block-group-is-layout-flex\">\n<h2 class=\"wp-block-heading has-link-color has-headline-smallest-font-size wp-elements-d668df382041b56b7f8a30e7d96b66f2\" id=\"operating-system-support\"><a href=\"https:\/\/www.radancy.com\/es\/soporte\/#operating-system-support\"><strong># Soporte del Sistema Operativo <\/strong><\/a><\/h2>\n\n\n\n<p>Radancy s\u00f3lo admite aplicaciones en los siguientes sistemas operativos:<\/p>\n\n\n\n<ul class=\"wp-block-list\">\n<li>Windows 11<\/li>\n\n\n\n<li>Windows 10<\/li>\n\n\n\n<li>Windows 8\/8.1 (Upon Request Only)<\/li>\n\n\n\n<li>macOS 11 (Big Sur)<\/li>\n\n\n\n<li>iOS 16.x<\/li>\n\n\n\n<li>iOS 15.x<\/li>\n\n\n\n<li>Android 13.x<\/li>\n\n\n\n<li>Android 12.x<\/li>\n\n\n\n<li>Android 11.x<\/li>\n<\/ul>\n<\/div>\n\n\n\n<div class=\"wp-block-group is-vertical is-content-justification-stretch is-layout-flex wp-container-core-group-is-layout-33bcc86b wp-block-group-is-layout-flex\">\n<h2 class=\"wp-block-heading has-link-color has-headline-smallest-font-size wp-elements-187c731d75e4e19e048aba029fe24d8b\"><a href=\"https:\/\/www.radancy.com\/es\/soporte\/#browser-support\"><strong># Soporte del Navegador <\/strong><\/a><\/h2>\n\n\n\n<p>Radancy es compatible con <strong>las versiones principales actuales y anteriores<\/strong> de todos los principales navegadores. En correspondencia con la fecha de lanzamiento de tu proyecto, probamos todo el trabajo en lo siguiente:<\/p>\n\n\n\n<ul class=\"wp-block-list\">\n<li><a href=\"https:\/\/www.chromestatus.com\/features\" data-custom-event=\"true\" data-custom-category=\"custom event\" data-custom-label=\"Google Chrome\">Google Chrome<\/a><\/li>\n\n\n\n<li><a href=\"https:\/\/www.mozilla.org\/en-US\/firefox\/releases\/\" data-custom-event=\"true\" data-custom-category=\"custom event\" data-custom-label=\"Mozilla Firefox\">Mozilla Firefox<\/a><\/li>\n\n\n\n<li><a href=\"https:\/\/developer.apple.com\/documentation\/safari_release_notes\/\" data-custom-event=\"true\" data-custom-category=\"custom event\" data-custom-label=\"Apple Safari\">Apple Safari<\/a><\/li>\n\n\n\n<li><a data-custom-event=\"true\" data-custom-category=\"custom event\" data-custom-label=\"Microsoft Edge\" href=\"https:\/\/docs.microsoft.com\/en-us\/deployedge\/microsoft-edge-relnote-stable-channel\/\">Microsoft Edge<\/a> <em>(Microsoft Edge para empresas no es compatible)<\/em><\/li>\n<\/ul>\n\n\n\n<p>Nuestro equipo de desarrollo analiza <a href=\"https:\/\/gs.statcounter.com\/\" data-custom-event=\"true\" data-custom-category=\"custom event\" data-custom-label=\"browser market share\">la cuota de mercado global de navegadores<\/a> y los datos de tr\u00e1fico web de los clientes trimestralmente. El soporte del navegador web finaliza cuando ese navegador representa menos del 5% de toda la participaci\u00f3n de mercado y\/o tr\u00e1fico web.<\/p>\n\n\n\n<p>Por supuesto, no admitimos navegadores que no figuren en este documento. Si las necesidades de navegaci\u00f3n de tus usuarios o de tu empresa son diferentes, consulta inmediatamente a tu representante de cuenta.<\/p>\n<\/div>\n\n\n\n<div class=\"wp-block-group is-vertical is-content-justification-stretch is-layout-flex wp-container-core-group-is-layout-33bcc86b wp-block-group-is-layout-flex\">\n<h2 class=\"wp-block-heading has-link-color has-headline-smallest-font-size wp-elements-02d84d678208a01d63aa782834d1acbd\"><a href=\"https:\/\/www.radancy.com\/es\/soporte\/#email-support\"><strong># Soporte de Correo Electr\u00f3nico <\/strong><\/a><\/h2>\n\n\n\n<p>En funci\u00f3n de la fecha de lanzamiento de tu proyecto y debido a las grandes diferencias t\u00e9cnicas en el software de los clientes de correo electr\u00f3nico, probamos todos los correos electr\u00f3nicos basados en texto y HTML en el siguiente cliente de correo electr\u00f3nico principal:<\/p>\n\n\n\n<ul class=\"wp-block-list\">\n<li><strong>Gmail Desktop<\/strong> (S\u00f3lo las \u00faltimas versiones de los navegadores)<\/li>\n<\/ul>\n\n\n\n<p>Adem\u00e1s, probamos todos los correos electr\u00f3nicos basados en texto y HTML en los siguientes clientes de correo electr\u00f3nico. Estos pueden tener diferencias en el espaciado y el tama\u00f1o de los elementos que var\u00edan del cliente de correo electr\u00f3nico de prueba principal:<\/p>\n\n\n\n<ul class=\"wp-block-list\">\n<li><strong>Outlook<\/strong> (S\u00f3lo la \u00faltima versi\u00f3n de Outlook en Windows 10) [No es compatible con correos electr\u00f3nicos receptivos]<\/li>\n\n\n\n<li><strong>iPhone<\/strong> (S\u00f3lo la \u00faltima versi\u00f3n de iOS Mail) [No todos los dise\u00f1os se pueden crear de manera receptiva]<\/li>\n\n\n\n<li><strong>Gmail Android<\/strong> (S\u00f3lo Previa Solicitud) [No todos los dise\u00f1os se pueden crear de forma receptiva].<\/li>\n<\/ul>\n<\/div>\n\n\n\n<div class=\"wp-block-group is-vertical is-content-justification-stretch is-layout-flex wp-container-core-group-is-layout-33bcc86b wp-block-group-is-layout-flex\">\n<h2 class=\"wp-block-heading has-link-color has-headline-smallest-font-size wp-elements-7872c1be3bf2112c2d1de2e1bdd77295\"><a href=\"https:\/\/www.radancy.com\/es\/soporte\/#modified-browsers\"><strong># Navegadores Modificados <\/strong><\/a><\/h2>\n\n\n\n<p>Ten en cuenta que no admitimos navegadores que hayan sido modificados, que se ejecuten en modo de compatibilidad o que eliminen el c\u00f3digo a trav\u00e9s de un filtro proxy que es necesario para el funcionamiento normal de tu sitio. Las p\u00e1ginas web que se modifican a trav\u00e9s de una extensi\u00f3n del navegador tampoco son compatibles.&nbsp;<\/p>\n<\/div>\n\n\n\n<div class=\"wp-block-group is-vertical is-content-justification-stretch is-layout-flex wp-container-core-group-is-layout-33bcc86b wp-block-group-is-layout-flex\">\n<h3 class=\"wp-block-heading\">Actualizar Registro <\/h3>\n\n\n\n<ul class=\"wp-block-list\">\n<li><b><span><span class=\"ui-provider ed bdi bdj bdk bdl bdm bdn bdo bdp bdq bdr bds bdt bdu bdv bdw bdx bdy bdz bea beb bec bed bee bef beg beh bei bej bek bel bem ben beo bep\" dir=\"ltr\">5 de octubre de 2023 <\/span><\/span><\/b><span class=\"ui-provider ed bdi bdj bdk bdl bdm bdn bdo bdp bdq bdr bds bdt bdu bdv bdw bdx bdy bdz bea beb bec bed bee bef beg beh bei bej bek bel bem ben beo bep\" dir=\"ltr\">&#8211;&nbsp; se agreg\u00f3 soporte para WCAG 2.2.<\/span><\/li>\n\n\n\n<li><b>8 de agosto de 2023 &#8211;<\/b>&nbsp;Se agreg\u00f3 <span>iOS 16.x<\/span> y se elimin\u00f3 <span>iOS 14.x<\/span> de Soporte de Sistema Operativo <a href=\"#operating-system-support\">del soporte del sistema operativo.<\/a><\/li>\n\n\n\n<li><b>8 de agosto de 2023 &#8211;<\/b>&nbsp;Se agreg\u00f3 <span>Android 13.x<\/span> y se elimin\u00f3 <span>Android 10.x <\/span>de Soporte de Sistema Operativo <a href=\"#operating-system-support\">del soporte del sistema operativo.<\/a><\/li>\n\n\n\n<li><b>21 de febrero de 2023 &#8211;<\/b>&nbsp;Se agreg\u00f3 Windows 11 a Soporte de Sistema Operativo <a href=\"#operating-system-support\">del soporte del sistema operativo.<\/a><\/li>\n\n\n\n<li><b>21 de febrero de 2023 &#8211;<\/b>&nbsp;Se agreg\u00f3 Android 12.x y se elimin\u00f3 Android 9.x de Soporte de Sistema Operativo <a href=\"#operating-system-support\">del soporte del sistema operativo.<\/a><\/li>\n\n\n\n<li><b>21 de febrero de 2023 &#8211;<\/b>&nbsp;Se agreg\u00f3 macOS 11 (Big Sur) y se elimin\u00f3 macOS 10.15 (Catalina) de Soporte de Sistema Operativo <a href=\"#operating-system-support\">del soporte del sistema operativo<\/a>.<\/li>\n\n\n\n<li><b>21 de febrero de 2023 &#8211;<\/b>&nbsp;Se agreg\u00f3 iOS 15.x y se elimin\u00f3 iOS 13.x de Soporte de Sistema Operativo <a href=\"#operating-system-support\">del soporte del sistema operativo.<\/a><\/li>\n\n\n\n<li><b>16 de agosto de 2022 &#8211;<\/b>&nbsp;se cambi\u00f3 \u00abtotalmente desaconsejado\u00bb a \u00abno compatible\u00bb en Superposiciones de accesibilidad.<\/li>\n\n\n\n<li><b>1 de abril de 2022 &#8211;<\/b>&nbsp;se agreg\u00f3 una nota sobre las superposiciones de accesibilidad.<\/li>\n\n\n\n<li><b>4 de noviembre de 2021 &#8211;<\/b>&nbsp;se elimina el soporte de Internet Explorer 11.<\/li>\n\n\n\n<li><b>21 de abril de 2021 &#8211;<\/b>&nbsp;Windows 8\/8.1 ahora solo es compatible a pedido.<\/li>\n\n\n\n<li><b>1 de marzo de 2021 &#8211;<\/b>&nbsp;se agreg\u00f3 iOS 14.x y se elimin\u00f3 iOS 12.x <a href=\"#operating-system-support\">del soporte del sistema operativo<\/a>.<\/li>\n\n\n\n<li><b>1 de marzo de 2021 &#8211;<\/b>&nbsp;se agreg\u00f3 la compatibilidad con Android 11.x y se elimin\u00f3 Android 8.x de la compatibilidad con el sistema operativo.<\/li>\n\n\n\n<li><b>25 de septiembre de 2020 &#8211;<\/b>&nbsp;asistencia por correo <a href=\"#email-support\">electr\u00f3nico actualizada<\/a>.<\/li>\n\n\n\n<li><b>28 de abril de 2020 &#8211;<\/b>&nbsp;se agregaron Android 10.x y Android 9.x y se eliminaron Android 7.x y Android 6.x de la compatibilidad con <a href=\"#operating-system-support\">el sistema operativo<\/a>.<\/li>\n\n\n\n<li><b>14 de marzo de 2020 &#8211;<\/b>&nbsp;se agreg\u00f3 compatibilidad con macOS 10.15 (Catalina) y se elimin\u00f3 macOS 10.14 (Mojave) de la compatibilidad con <a href=\"#operating-system-support\">el sistema operativo<\/a>.<\/li>\n\n\n\n<li><b>1 de marzo de 2020 &#8211; <\/b>se agreg\u00f3 iOS 13.x y se elimin\u00f3 iOS 12.x del soporte <a href=\"#operating-system-support\">del sistema operativo<\/a>.<\/li>\n\n\n\n<li><b>1 de enero de 2020 &#8211;<\/b>&nbsp;se agreg\u00f3 Internet Explorer 11 al soporte limitado.<\/li>\n\n\n\n<li><b>4 de marzo de 2019 &#8211;<\/b>&nbsp;se agreg\u00f3 macOS 10.14 (Mojave) y se elimin\u00f3 macOS 10.12 (Sierra) de la compatibilidad con <a href=\"#operating-system-support\">el sistema operativo<\/a>.<\/li>\n<\/ul>\n\n\n\n<p>\u00bfNecesitas m\u00e1s ayuda? <a href=\"https:\/\/customersupport.radancy.com\/\">Env\u00eda una solicitud de atenci\u00f3n al cliente.<\/a><\/p>\n<\/div>\n<\/div>\n<\/section>\n\n\n\n<div class=\"wp-block-group alignfull cta has-neutral-1-color has-primary-2-background-color has-text-color has-background has-global-padding is-layout-constrained wp-container-core-group-is-layout-86ad42c5 wp-block-group-is-layout-constrained\" style=\"margin-top:0px;margin-bottom:0px;padding-top:var(--wp--preset--spacing--30);padding-right:var(--wp--preset--spacing--30);padding-bottom:var(--wp--preset--spacing--30);padding-left:var(--wp--preset--spacing--30)\">\n<p class=\"has-text-align-center\">Habla con nosotros para acelerar tus resultados de contrataci\u00f3n y maximizar el ROI con una plataforma de IA completa.<\/p>\n\n\n\n<div class=\"wp-block-buttons is-content-justification-center is-layout-flex wp-container-core-buttons-is-layout-a89b3969 wp-block-buttons-is-layout-flex\">\n<div class=\"wp-block-button\"><a class=\"wp-block-button__link wp-element-button\" href=\"https:\/\/www.radancy.com\/es\/contactenos\/\">Agendar una demostraci\u00f3n<\/a><\/div>\n<\/div>\n<\/div>\n","protected":false},"excerpt":{"rendered":"<p>Pautas de Soporte \u00daltima actualizaci\u00f3n 11 de julio de 2024 # Est\u00e1ndares Web Nuestras metodolog\u00edas de dise\u00f1o y desarrollo se adhieren a los est\u00e1ndares y lineamientos propuestos por el W3C <a class=\"more-link\" href=\"https:\/\/www.radancy.com\/es\/soporte\/\">Read more&#8230;<\/a><\/p>\n","protected":false},"author":26,"featured_media":0,"parent":0,"menu_order":0,"comment_status":"closed","ping_status":"closed","template":"","meta":{"_acf_changed":false,"_EventAllDay":false,"_EventTimezone":"","_EventStartDate":"","_EventEndDate":"","_EventStartDateUTC":"","_EventEndDateUTC":"","_EventShowMap":false,"_EventShowMapLink":false,"_EventURL":"","_EventCost":"","_EventCostDescription":"","_EventCurrencySymbol":"","_EventCurrencyCode":"","_EventCurrencyPosition":"","_EventDateTimeSeparator":"","_EventTimeRangeSeparator":"","_EventOrganizerID":[],"_EventVenueID":[],"_OrganizerEmail":"","_OrganizerPhone":"","_OrganizerWebsite":"","_VenueAddress":"","_VenueCity":"","_VenueCountry":"","_VenueProvince":"","_VenueState":"","_VenueZip":"","_VenuePhone":"","_VenueURL":"","_VenueStateProvince":"","_VenueLat":"","_VenueLng":"","_VenueShowMap":false,"_VenueShowMapLink":false,"_tribe_blocks_recurrence_rules":"","_tribe_blocks_recurrence_description":"","_tribe_blocks_recurrence_exclusions":"","footnotes":""},"class_list":["post-12440","page","type-page","status-publish","hentry"],"acf":[],"yoast_head":"<!-- This site is optimized with the Yoast SEO Premium plugin v26.2 (Yoast SEO v27.5) - https:\/\/yoast.com\/product\/yoast-seo-premium-wordpress\/ -->\n<title>Pautas de Soporte | Radancy<\/title>\n<meta name=\"robots\" content=\"index, follow, max-snippet:-1, max-image-preview:large, max-video-preview:-1\" \/>\n<link rel=\"canonical\" href=\"https:\/\/www.radancy.com\/es\/soporte\/\" \/>\n<meta property=\"og:locale\" content=\"es_ES\" \/>\n<meta property=\"og:type\" content=\"article\" \/>\n<meta property=\"og:title\" content=\"Pautas de Soporte | Radancy\" \/>\n<meta property=\"og:description\" content=\"Pautas de Soporte \u00daltima actualizaci\u00f3n 11 de julio de 2024 # Est\u00e1ndares Web Nuestras metodolog\u00edas de dise\u00f1o y desarrollo se adhieren a los est\u00e1ndares y lineamientos propuestos por el W3C Read more...\" \/>\n<meta property=\"og:url\" content=\"https:\/\/www.radancy.com\/es\/soporte\/\" \/>\n<meta property=\"og:site_name\" content=\"Radancy\" \/>\n<meta property=\"article:publisher\" content=\"https:\/\/www.facebook.com\/radancy\" \/>\n<meta property=\"article:modified_time\" content=\"2025-09-30T08:23:18+00:00\" \/>\n<meta property=\"og:image\" content=\"https:\/\/tbcdn.talentbrew.com\/company\/34730\/gst_v1\/img\/meta\/Radancy-JobShare-img-FINAL_ES.jpg\" \/>\n<meta name=\"twitter:card\" content=\"summary_large_image\" \/>\n<meta name=\"twitter:title\" content=\"Pautas de Soporte\" \/>\n<meta name=\"twitter:site\" content=\"@radancyco\" \/>\n<meta name=\"twitter:label1\" content=\"Tiempo de lectura\" \/>\n\t<meta name=\"twitter:data1\" content=\"5 minutos\" \/>\n<script type=\"application\/ld+json\" class=\"yoast-schema-graph\">{\"@context\":\"https:\\\/\\\/schema.org\",\"@graph\":[{\"@type\":\"WebPage\",\"@id\":\"https:\\\/\\\/www.radancy.com\\\/es\\\/soporte\\\/\",\"url\":\"https:\\\/\\\/www.radancy.com\\\/es\\\/soporte\\\/\",\"name\":\"Pautas de Soporte | Radancy\",\"isPartOf\":{\"@id\":\"https:\\\/\\\/www.radancy.com\\\/es\\\/#website\"},\"datePublished\":\"2023-11-17T03:03:38+00:00\",\"dateModified\":\"2025-09-30T08:23:18+00:00\",\"breadcrumb\":{\"@id\":\"https:\\\/\\\/www.radancy.com\\\/es\\\/soporte\\\/#breadcrumb\"},\"inLanguage\":\"es\",\"potentialAction\":[{\"@type\":\"ReadAction\",\"target\":[\"https:\\\/\\\/www.radancy.com\\\/es\\\/soporte\\\/\"]}]},{\"@type\":\"BreadcrumbList\",\"@id\":\"https:\\\/\\\/www.radancy.com\\\/es\\\/soporte\\\/#breadcrumb\",\"itemListElement\":[{\"@type\":\"ListItem\",\"position\":1,\"name\":\"Home\",\"item\":\"https:\\\/\\\/www.radancy.com\\\/es\\\/\"},{\"@type\":\"ListItem\",\"position\":2,\"name\":\"Pautas de Soporte\"}]},{\"@type\":\"WebSite\",\"@id\":\"https:\\\/\\\/www.radancy.com\\\/es\\\/#website\",\"url\":\"https:\\\/\\\/www.radancy.com\\\/es\\\/\",\"name\":\"Radancy\",\"description\":\"Create Connections That Count.\",\"publisher\":{\"@id\":\"https:\\\/\\\/www.radancy.com\\\/es\\\/#organization\"},\"potentialAction\":[{\"@type\":\"SearchAction\",\"target\":{\"@type\":\"EntryPoint\",\"urlTemplate\":\"https:\\\/\\\/www.radancy.com\\\/es\\\/?s={search_term_string}\"},\"query-input\":{\"@type\":\"PropertyValueSpecification\",\"valueRequired\":true,\"valueName\":\"search_term_string\"}}],\"inLanguage\":\"es\"},{\"@type\":\"Organization\",\"@id\":\"https:\\\/\\\/www.radancy.com\\\/es\\\/#organization\",\"name\":\"Radancy\",\"url\":\"https:\\\/\\\/www.radancy.com\\\/es\\\/\",\"logo\":{\"@type\":\"ImageObject\",\"inLanguage\":\"es\",\"@id\":\"https:\\\/\\\/www.radancy.com\\\/es\\\/#\\\/schema\\\/logo\\\/image\\\/\",\"url\":\"https:\\\/\\\/www.radancy.com\\\/wp-content\\\/uploads\\\/2024\\\/06\\\/Radancy_Icon_RGB.svg\",\"contentUrl\":\"https:\\\/\\\/www.radancy.com\\\/wp-content\\\/uploads\\\/2024\\\/06\\\/Radancy_Icon_RGB.svg\",\"width\":1,\"height\":1,\"caption\":\"Radancy\"},\"image\":{\"@id\":\"https:\\\/\\\/www.radancy.com\\\/es\\\/#\\\/schema\\\/logo\\\/image\\\/\"},\"sameAs\":[\"https:\\\/\\\/www.facebook.com\\\/radancy\",\"https:\\\/\\\/x.com\\\/radancyco\",\"https:\\\/\\\/www.linkedin.com\\\/company\\\/radancy\\\/\",\"https:\\\/\\\/www.youtube.com\\\/Radancy\\\/videos\",\"https:\\\/\\\/www.instagram.com\\\/radancyco\"]}]}<\/script>\n<!-- \/ Yoast SEO Premium plugin. -->","yoast_head_json":{"title":"Pautas de Soporte | Radancy","robots":{"index":"index","follow":"follow","max-snippet":"max-snippet:-1","max-image-preview":"max-image-preview:large","max-video-preview":"max-video-preview:-1"},"canonical":"https:\/\/www.radancy.com\/es\/soporte\/","og_locale":"es_ES","og_type":"article","og_title":"Pautas de Soporte | Radancy","og_description":"Pautas de Soporte \u00daltima actualizaci\u00f3n 11 de julio de 2024 # Est\u00e1ndares Web Nuestras metodolog\u00edas de dise\u00f1o y desarrollo se adhieren a los est\u00e1ndares y lineamientos propuestos por el W3C Read more...","og_url":"https:\/\/www.radancy.com\/es\/soporte\/","og_site_name":"Radancy","article_publisher":"https:\/\/www.facebook.com\/radancy","article_modified_time":"2025-09-30T08:23:18+00:00","og_image":[{"url":"https:\/\/tbcdn.talentbrew.com\/company\/34730\/gst_v1\/img\/meta\/Radancy-JobShare-img-FINAL_ES.jpg","type":"","width":"","height":""}],"twitter_card":"summary_large_image","twitter_title":"Pautas de Soporte","twitter_site":"@radancyco","twitter_misc":{"Tiempo de lectura":"5 minutos"},"schema":{"@context":"https:\/\/schema.org","@graph":[{"@type":"WebPage","@id":"https:\/\/www.radancy.com\/es\/soporte\/","url":"https:\/\/www.radancy.com\/es\/soporte\/","name":"Pautas de Soporte | Radancy","isPartOf":{"@id":"https:\/\/www.radancy.com\/es\/#website"},"datePublished":"2023-11-17T03:03:38+00:00","dateModified":"2025-09-30T08:23:18+00:00","breadcrumb":{"@id":"https:\/\/www.radancy.com\/es\/soporte\/#breadcrumb"},"inLanguage":"es","potentialAction":[{"@type":"ReadAction","target":["https:\/\/www.radancy.com\/es\/soporte\/"]}]},{"@type":"BreadcrumbList","@id":"https:\/\/www.radancy.com\/es\/soporte\/#breadcrumb","itemListElement":[{"@type":"ListItem","position":1,"name":"Home","item":"https:\/\/www.radancy.com\/es\/"},{"@type":"ListItem","position":2,"name":"Pautas de Soporte"}]},{"@type":"WebSite","@id":"https:\/\/www.radancy.com\/es\/#website","url":"https:\/\/www.radancy.com\/es\/","name":"Radancy","description":"Create Connections That Count.","publisher":{"@id":"https:\/\/www.radancy.com\/es\/#organization"},"potentialAction":[{"@type":"SearchAction","target":{"@type":"EntryPoint","urlTemplate":"https:\/\/www.radancy.com\/es\/?s={search_term_string}"},"query-input":{"@type":"PropertyValueSpecification","valueRequired":true,"valueName":"search_term_string"}}],"inLanguage":"es"},{"@type":"Organization","@id":"https:\/\/www.radancy.com\/es\/#organization","name":"Radancy","url":"https:\/\/www.radancy.com\/es\/","logo":{"@type":"ImageObject","inLanguage":"es","@id":"https:\/\/www.radancy.com\/es\/#\/schema\/logo\/image\/","url":"https:\/\/www.radancy.com\/wp-content\/uploads\/2024\/06\/Radancy_Icon_RGB.svg","contentUrl":"https:\/\/www.radancy.com\/wp-content\/uploads\/2024\/06\/Radancy_Icon_RGB.svg","width":1,"height":1,"caption":"Radancy"},"image":{"@id":"https:\/\/www.radancy.com\/es\/#\/schema\/logo\/image\/"},"sameAs":["https:\/\/www.facebook.com\/radancy","https:\/\/x.com\/radancyco","https:\/\/www.linkedin.com\/company\/radancy\/","https:\/\/www.youtube.com\/Radancy\/videos","https:\/\/www.instagram.com\/radancyco"]}]}},"_links":{"self":[{"href":"https:\/\/www.radancy.com\/es\/wp-json\/wp\/v2\/pages\/12440","targetHints":{"allow":["GET"]}}],"collection":[{"href":"https:\/\/www.radancy.com\/es\/wp-json\/wp\/v2\/pages"}],"about":[{"href":"https:\/\/www.radancy.com\/es\/wp-json\/wp\/v2\/types\/page"}],"author":[{"embeddable":true,"href":"https:\/\/www.radancy.com\/es\/wp-json\/wp\/v2\/users\/26"}],"replies":[{"embeddable":true,"href":"https:\/\/www.radancy.com\/es\/wp-json\/wp\/v2\/comments?post=12440"}],"version-history":[{"count":0,"href":"https:\/\/www.radancy.com\/es\/wp-json\/wp\/v2\/pages\/12440\/revisions"}],"wp:attachment":[{"href":"https:\/\/www.radancy.com\/es\/wp-json\/wp\/v2\/media?parent=12440"}],"curies":[{"name":"wp","href":"https:\/\/api.w.org\/{rel}","templated":true}]}}