{"id":12434,"date":"2023-11-17T03:03:33","date_gmt":"2023-11-17T03:03:33","guid":{"rendered":"https:\/\/s45175.p1717.sites.pressdns.com\/sem-and-seo\/"},"modified":"2025-09-30T08:35:11","modified_gmt":"2025-09-30T08:35:11","slug":"sem-and-seo","status":"publish","type":"page","link":"https:\/\/www.radancy.com\/es\/sem-and-seo\/","title":{"rendered":"Reclutamiento SEO y SEM para sitios web de carrera"},"content":{"rendered":"\n<div class=\"wp-block-group alignfull title-bar has-neutral-1-color has-primary-3-background-color has-text-color has-background is-vertical is-content-justification-center is-layout-flex wp-container-core-group-is-layout-95c46550 wp-block-group-is-layout-flex\" style=\"margin-top:0;margin-bottom:60px;padding-top:35px;padding-right:35px;padding-bottom:35px;padding-left:35px\">\n<h2 class=\"wp-block-heading has-accent-font-family has-headline-smallest-font-size\" id=\"h-sem-y-seo\" style=\"margin-top:0;margin-bottom:0;font-style:normal;font-weight:400\">SEM y SEO<\/h2>\n<\/div>\n\n\n\n<section class=\"wp-block-group section is-vertical is-content-justification-stretch is-layout-flex wp-container-core-group-is-layout-353c4f5a wp-block-group-is-layout-flex\">\n<div class=\"wp-block-group section section--centered section--extra-spacing is-vertical is-content-justification-center is-layout-flex wp-container-core-group-is-layout-ce155fab wp-block-group-is-layout-flex\">\n<div class=\"wp-block-group is-vertical is-content-justification-stretch is-layout-flex wp-container-core-group-is-layout-353c4f5a wp-block-group-is-layout-flex\">\n<h2 class=\"wp-block-heading has-text-align-center headline--intro font-color--blue has-primary-1-color has-primary-2-color has-text-color has-link-color has-headline-small-font-size wp-elements-32a73c7c94b3ecd01ab2fc636fa07890\" id=\"h-optimice-su-contenido-para-obtener-la-mayor-cantidad-de-resultados-de-busqueda\">Optimice su contenido para obtener la mayor cantidad de resultados de b\u00fasqueda.<\/h2>\n\n\n\n<p class=\"has-text-align-center\">Aplique la potencia de nuestra plataforma basada en la nube para maximizar el alcance de los motores de b\u00fasqueda. Empareje su mensaje con la actividad relevante de los usuarios y mejore su sitio web con una amplia gama de estrategias org\u00e1nicas probadas que consiguen mayores \u00edndices de clics. Le ayudaremos a conectar con el talento adecuado mediante una combinaci\u00f3n de estrategias de marketing en buscadores (SEM) y optimizaci\u00f3n de motores de b\u00fasqueda (SEO) que transformar\u00e1n su captaci\u00f3n de talento.<\/p>\n<\/div>\n<\/div>\n<\/section>\n\n\n\n<section class=\"wp-block-group section is-vertical is-content-justification-stretch is-layout-flex wp-container-core-group-is-layout-353c4f5a wp-block-group-is-layout-flex\">\n<div class=\"wp-block-columns list-of-cards fs-forced-container fs-col-count-1 fs-col-count-m-2 is-layout-flex wp-container-core-columns-is-layout-28f84493 wp-block-columns-is-layout-flex\">\n<div class=\"wp-block-column img-card__col section is-layout-flow wp-block-column-is-layout-flow\">\n<p class=\"headline has-headline-smallest-font-size\">El poder de la b\u00fasqueda paga.<\/p>\n\n\n\n<p>Podemos ayudarlo a determinar un presupuesto de SEM basado en los mejores motores de b\u00fasqueda para sus puestos vacantes. Luego, haremos una compilaci\u00f3n con su lista de palabras clave, fijaremos los precios de la licitaci\u00f3n, y nos ocuparemos de gestionar y optimizar su programa durante toda la duraci\u00f3n de la campa\u00f1a. Nos encargaremos tambi\u00e9n del seguimiento y de la presentaci\u00f3n de informes para garantizar que utiliza su presupuesto de manera eficaz.<\/p>\n<\/div>\n\n\n\n<div class=\"wp-block-column img-card__col section is-layout-flow wp-block-column-is-layout-flow\">\n<p class=\"headline has-headline-smallest-font-size\">Optimizaci\u00f3n para obtener resultados para la contrataci\u00f3n.<\/p>\n\n\n\n<p>El uso de SEO para los empleos es un proceso fluido y continuo. Nuestros analistas de SEO trabajan de manera ininterrumpida para mejorar su sitio web de carreras profesionales mediante un contenido s\u00f3lido de palabras clave, vincular estrategias y ofrecer recomendaciones respecto del dise\u00f1o del sitio. Este trabajo aumenta la visibilidad de su oferta de empleos en los motores de b\u00fasqueda y asegura que su sitio web est\u00e9 presente donde los candidatos puedan encontrarlo de manera r\u00e1pida y f\u00e1cil.<\/p>\n<\/div>\n<\/div>\n<\/section>\n\n\n\n<div class=\"wp-block-group alignfull cta has-neutral-1-color has-primary-2-background-color has-text-color has-background has-global-padding is-layout-constrained wp-container-core-group-is-layout-86ad42c5 wp-block-group-is-layout-constrained\" style=\"margin-top:0px;margin-bottom:0px;padding-top:var(--wp--preset--spacing--30);padding-right:var(--wp--preset--spacing--30);padding-bottom:var(--wp--preset--spacing--30);padding-left:var(--wp--preset--spacing--30)\">\n<p class=\"has-text-align-center\">Habla con nosotros para acelerar tus resultados de contrataci\u00f3n y maximizar el ROI con una plataforma de IA completa.<\/p>\n\n\n\n<div class=\"wp-block-buttons is-content-justification-center is-layout-flex wp-container-core-buttons-is-layout-a89b3969 wp-block-buttons-is-layout-flex\">\n<div class=\"wp-block-button\"><a class=\"wp-block-button__link wp-element-button\" href=\"https:\/\/www.radancy.com\/es\/contactenos\/\">Agendar una demostraci\u00f3n<\/a><\/div>\n<\/div>\n<\/div>\n","protected":false},"excerpt":{"rendered":"<p>SEM y SEO Optimice su contenido para obtener la mayor cantidad de resultados de b\u00fasqueda. Aplique la potencia de nuestra plataforma basada en la nube para maximizar el alcance de <a class=\"more-link\" href=\"https:\/\/www.radancy.com\/es\/sem-and-seo\/\">Read more&#8230;<\/a><\/p>\n","protected":false},"author":26,"featured_media":0,"parent":0,"menu_order":0,"comment_status":"closed","ping_status":"closed","template":"","meta":{"_acf_changed":false,"_EventAllDay":false,"_EventTimezone":"","_EventStartDate":"","_EventEndDate":"","_EventStartDateUTC":"","_EventEndDateUTC":"","_EventShowMap":false,"_EventShowMapLink":false,"_EventURL":"","_EventCost":"","_EventCostDescription":"","_EventCurrencySymbol":"","_EventCurrencyCode":"","_EventCurrencyPosition":"","_EventDateTimeSeparator":"","_EventTimeRangeSeparator":"","_EventOrganizerID":[],"_EventVenueID":[],"_OrganizerEmail":"","_OrganizerPhone":"","_OrganizerWebsite":"","_VenueAddress":"","_VenueCity":"","_VenueCountry":"","_VenueProvince":"","_VenueState":"","_VenueZip":"","_VenuePhone":"","_VenueURL":"","_VenueStateProvince":"","_VenueLat":"","_VenueLng":"","_VenueShowMap":false,"_VenueShowMapLink":false,"_tribe_blocks_recurrence_rules":"","_tribe_blocks_recurrence_description":"","_tribe_blocks_recurrence_exclusions":"","footnotes":""},"class_list":["post-12434","page","type-page","status-publish","hentry"],"acf":[],"yoast_head":"<!-- This site is optimized with the Yoast SEO Premium plugin v26.2 (Yoast SEO v27.5) - https:\/\/yoast.com\/product\/yoast-seo-premium-wordpress\/ -->\n<title>Reclutamiento SEO y SEM para sitios web de carrera | Radancy<\/title>\n<meta name=\"robots\" content=\"index, follow, max-snippet:-1, max-image-preview:large, max-video-preview:-1\" \/>\n<link rel=\"canonical\" href=\"https:\/\/www.radancy.com\/es\/sem-and-seo\/\" \/>\n<meta property=\"og:locale\" content=\"es_ES\" \/>\n<meta property=\"og:type\" content=\"article\" \/>\n<meta property=\"og:title\" content=\"Reclutamiento SEO y SEM para sitios web de carrera | Radancy\" \/>\n<meta property=\"og:description\" content=\"Utilice Radancy Talent Acquisition Cloud para maximizar el alcance mediante el marketing de motores de b\u00fasqueda (SEM) y la optimizaci\u00f3n de motores de b\u00fasqueda (SEO) de sitios web de oportunidades laborales.\" \/>\n<meta property=\"og:url\" content=\"https:\/\/www.radancy.com\/es\/sem-and-seo\/\" \/>\n<meta property=\"og:site_name\" content=\"Radancy\" \/>\n<meta property=\"article:publisher\" content=\"https:\/\/www.facebook.com\/radancy\" \/>\n<meta property=\"article:modified_time\" content=\"2025-09-30T08:35:11+00:00\" \/>\n<meta property=\"og:image\" content=\"https:\/\/tbcdn.talentbrew.com\/company\/34730\/gst_v1\/img\/meta\/Radancy-JobShare-img-FINAL_ES.jpg\" \/>\n<meta name=\"twitter:card\" content=\"summary_large_image\" \/>\n<meta name=\"twitter:title\" content=\"Reclutamiento SEO y SEM para sitios web de carrera\" \/>\n<meta name=\"twitter:site\" content=\"@radancyco\" \/>\n<meta name=\"twitter:label1\" content=\"Tiempo de lectura\" \/>\n\t<meta name=\"twitter:data1\" content=\"2 minutos\" \/>\n<script type=\"application\/ld+json\" class=\"yoast-schema-graph\">{\"@context\":\"https:\\\/\\\/schema.org\",\"@graph\":[{\"@type\":\"WebPage\",\"@id\":\"https:\\\/\\\/www.radancy.com\\\/es\\\/sem-and-seo\\\/\",\"url\":\"https:\\\/\\\/www.radancy.com\\\/es\\\/sem-and-seo\\\/\",\"name\":\"Reclutamiento SEO y SEM para sitios web de carrera | Radancy\",\"isPartOf\":{\"@id\":\"https:\\\/\\\/www.radancy.com\\\/es\\\/#website\"},\"datePublished\":\"2023-11-17T03:03:33+00:00\",\"dateModified\":\"2025-09-30T08:35:11+00:00\",\"breadcrumb\":{\"@id\":\"https:\\\/\\\/www.radancy.com\\\/es\\\/sem-and-seo\\\/#breadcrumb\"},\"inLanguage\":\"es\",\"potentialAction\":[{\"@type\":\"ReadAction\",\"target\":[\"https:\\\/\\\/www.radancy.com\\\/es\\\/sem-and-seo\\\/\"]}]},{\"@type\":\"BreadcrumbList\",\"@id\":\"https:\\\/\\\/www.radancy.com\\\/es\\\/sem-and-seo\\\/#breadcrumb\",\"itemListElement\":[{\"@type\":\"ListItem\",\"position\":1,\"name\":\"Home\",\"item\":\"https:\\\/\\\/www.radancy.com\\\/es\\\/\"},{\"@type\":\"ListItem\",\"position\":2,\"name\":\"Reclutamiento SEO y SEM para sitios web de carrera\"}]},{\"@type\":\"WebSite\",\"@id\":\"https:\\\/\\\/www.radancy.com\\\/es\\\/#website\",\"url\":\"https:\\\/\\\/www.radancy.com\\\/es\\\/\",\"name\":\"Radancy\",\"description\":\"Create Connections That Count.\",\"publisher\":{\"@id\":\"https:\\\/\\\/www.radancy.com\\\/es\\\/#organization\"},\"potentialAction\":[{\"@type\":\"SearchAction\",\"target\":{\"@type\":\"EntryPoint\",\"urlTemplate\":\"https:\\\/\\\/www.radancy.com\\\/es\\\/?s={search_term_string}\"},\"query-input\":{\"@type\":\"PropertyValueSpecification\",\"valueRequired\":true,\"valueName\":\"search_term_string\"}}],\"inLanguage\":\"es\"},{\"@type\":\"Organization\",\"@id\":\"https:\\\/\\\/www.radancy.com\\\/es\\\/#organization\",\"name\":\"Radancy\",\"url\":\"https:\\\/\\\/www.radancy.com\\\/es\\\/\",\"logo\":{\"@type\":\"ImageObject\",\"inLanguage\":\"es\",\"@id\":\"https:\\\/\\\/www.radancy.com\\\/es\\\/#\\\/schema\\\/logo\\\/image\\\/\",\"url\":\"https:\\\/\\\/www.radancy.com\\\/wp-content\\\/uploads\\\/2024\\\/06\\\/Radancy_Icon_RGB.svg\",\"contentUrl\":\"https:\\\/\\\/www.radancy.com\\\/wp-content\\\/uploads\\\/2024\\\/06\\\/Radancy_Icon_RGB.svg\",\"width\":1,\"height\":1,\"caption\":\"Radancy\"},\"image\":{\"@id\":\"https:\\\/\\\/www.radancy.com\\\/es\\\/#\\\/schema\\\/logo\\\/image\\\/\"},\"sameAs\":[\"https:\\\/\\\/www.facebook.com\\\/radancy\",\"https:\\\/\\\/x.com\\\/radancyco\",\"https:\\\/\\\/www.linkedin.com\\\/company\\\/radancy\\\/\",\"https:\\\/\\\/www.youtube.com\\\/Radancy\\\/videos\",\"https:\\\/\\\/www.instagram.com\\\/radancyco\"]}]}<\/script>\n<!-- \/ Yoast SEO Premium plugin. -->","yoast_head_json":{"title":"Reclutamiento SEO y SEM para sitios web de carrera | Radancy","robots":{"index":"index","follow":"follow","max-snippet":"max-snippet:-1","max-image-preview":"max-image-preview:large","max-video-preview":"max-video-preview:-1"},"canonical":"https:\/\/www.radancy.com\/es\/sem-and-seo\/","og_locale":"es_ES","og_type":"article","og_title":"Reclutamiento SEO y SEM para sitios web de carrera | Radancy","og_description":"Utilice Radancy Talent Acquisition Cloud para maximizar el alcance mediante el marketing de motores de b\u00fasqueda (SEM) y la optimizaci\u00f3n de motores de b\u00fasqueda (SEO) de sitios web de oportunidades laborales.","og_url":"https:\/\/www.radancy.com\/es\/sem-and-seo\/","og_site_name":"Radancy","article_publisher":"https:\/\/www.facebook.com\/radancy","article_modified_time":"2025-09-30T08:35:11+00:00","og_image":[{"url":"https:\/\/tbcdn.talentbrew.com\/company\/34730\/gst_v1\/img\/meta\/Radancy-JobShare-img-FINAL_ES.jpg","type":"","width":"","height":""}],"twitter_card":"summary_large_image","twitter_title":"Reclutamiento SEO y SEM para sitios web de carrera","twitter_site":"@radancyco","twitter_misc":{"Tiempo de lectura":"2 minutos"},"schema":{"@context":"https:\/\/schema.org","@graph":[{"@type":"WebPage","@id":"https:\/\/www.radancy.com\/es\/sem-and-seo\/","url":"https:\/\/www.radancy.com\/es\/sem-and-seo\/","name":"Reclutamiento SEO y SEM para sitios web de carrera | Radancy","isPartOf":{"@id":"https:\/\/www.radancy.com\/es\/#website"},"datePublished":"2023-11-17T03:03:33+00:00","dateModified":"2025-09-30T08:35:11+00:00","breadcrumb":{"@id":"https:\/\/www.radancy.com\/es\/sem-and-seo\/#breadcrumb"},"inLanguage":"es","potentialAction":[{"@type":"ReadAction","target":["https:\/\/www.radancy.com\/es\/sem-and-seo\/"]}]},{"@type":"BreadcrumbList","@id":"https:\/\/www.radancy.com\/es\/sem-and-seo\/#breadcrumb","itemListElement":[{"@type":"ListItem","position":1,"name":"Home","item":"https:\/\/www.radancy.com\/es\/"},{"@type":"ListItem","position":2,"name":"Reclutamiento SEO y SEM para sitios web de carrera"}]},{"@type":"WebSite","@id":"https:\/\/www.radancy.com\/es\/#website","url":"https:\/\/www.radancy.com\/es\/","name":"Radancy","description":"Create Connections That Count.","publisher":{"@id":"https:\/\/www.radancy.com\/es\/#organization"},"potentialAction":[{"@type":"SearchAction","target":{"@type":"EntryPoint","urlTemplate":"https:\/\/www.radancy.com\/es\/?s={search_term_string}"},"query-input":{"@type":"PropertyValueSpecification","valueRequired":true,"valueName":"search_term_string"}}],"inLanguage":"es"},{"@type":"Organization","@id":"https:\/\/www.radancy.com\/es\/#organization","name":"Radancy","url":"https:\/\/www.radancy.com\/es\/","logo":{"@type":"ImageObject","inLanguage":"es","@id":"https:\/\/www.radancy.com\/es\/#\/schema\/logo\/image\/","url":"https:\/\/www.radancy.com\/wp-content\/uploads\/2024\/06\/Radancy_Icon_RGB.svg","contentUrl":"https:\/\/www.radancy.com\/wp-content\/uploads\/2024\/06\/Radancy_Icon_RGB.svg","width":1,"height":1,"caption":"Radancy"},"image":{"@id":"https:\/\/www.radancy.com\/es\/#\/schema\/logo\/image\/"},"sameAs":["https:\/\/www.facebook.com\/radancy","https:\/\/x.com\/radancyco","https:\/\/www.linkedin.com\/company\/radancy\/","https:\/\/www.youtube.com\/Radancy\/videos","https:\/\/www.instagram.com\/radancyco"]}]}},"_links":{"self":[{"href":"https:\/\/www.radancy.com\/es\/wp-json\/wp\/v2\/pages\/12434","targetHints":{"allow":["GET"]}}],"collection":[{"href":"https:\/\/www.radancy.com\/es\/wp-json\/wp\/v2\/pages"}],"about":[{"href":"https:\/\/www.radancy.com\/es\/wp-json\/wp\/v2\/types\/page"}],"author":[{"embeddable":true,"href":"https:\/\/www.radancy.com\/es\/wp-json\/wp\/v2\/users\/26"}],"replies":[{"embeddable":true,"href":"https:\/\/www.radancy.com\/es\/wp-json\/wp\/v2\/comments?post=12434"}],"version-history":[{"count":0,"href":"https:\/\/www.radancy.com\/es\/wp-json\/wp\/v2\/pages\/12434\/revisions"}],"wp:attachment":[{"href":"https:\/\/www.radancy.com\/es\/wp-json\/wp\/v2\/media?parent=12434"}],"curies":[{"name":"wp","href":"https:\/\/api.w.org\/{rel}","templated":true}]}}