{"id":12422,"date":"2023-11-17T03:03:26","date_gmt":"2023-11-17T03:03:26","guid":{"rendered":"https:\/\/s45175.p1717.sites.pressdns.com\/radancy-labs\/"},"modified":"2025-09-30T08:32:26","modified_gmt":"2025-09-30T08:32:26","slug":"radancy-labs","status":"publish","type":"page","link":"https:\/\/www.radancy.com\/es\/radancy-labs\/","title":{"rendered":"Radancy Labs"},"content":{"rendered":"\n<div class=\"wp-block-group alignfull title-bar has-neutral-1-color has-primary-3-background-color has-text-color has-background is-vertical is-content-justification-center is-layout-flex wp-container-core-group-is-layout-95c46550 wp-block-group-is-layout-flex\" style=\"margin-top:0;margin-bottom:60px;padding-top:35px;padding-right:35px;padding-bottom:35px;padding-left:35px\">\n<h2 class=\"wp-block-heading has-accent-font-family has-headline-smallest-font-size\" id=\"h-radancy-labs\" style=\"margin-top:0;margin-bottom:0;font-style:normal;font-weight:400;text-transform:uppercase\">Radancy Labs<\/h2>\n<\/div>\n\n\n\n<section class=\"wp-block-group section is-vertical is-content-justification-stretch is-layout-flex wp-container-core-group-is-layout-353c4f5a wp-block-group-is-layout-flex\">\n<div class=\"wp-block-group section section--centered section--extra-spacing is-vertical is-content-justification-center is-layout-flex wp-container-core-group-is-layout-ce155fab wp-block-group-is-layout-flex\">\n<div class=\"wp-block-group is-vertical is-content-justification-stretch is-layout-flex wp-container-core-group-is-layout-353c4f5a wp-block-group-is-layout-flex\">\n<h3 class=\"wp-block-heading has-text-align-center headline--intro font-color--blue has-primary-1-color has-primary-2-color has-text-color has-link-color has-headline-small-font-size wp-elements-a43ca38461a1a7e476e33f7806f1c290\" id=\"h-lo-conectamos-con-las-novedades-y-el-futuro\">Lo conectamos con las novedades y el futuro.<\/h3>\n\n\n\n<p class=\"has-text-align-center\"><span>La innovaci\u00f3n impulsa la innovaci\u00f3n. Y el pensamiento progresista no es simplemente una parte de un proyecto, es el centro neural de todo lo que hacemos. Desde formar al cliente, contar con las \u201cideas del trimestre\u201d propuestas por los empleados hasta el desarrollo de soluciones conceptuales por parte de nuestro equipo de Radancy Labs, estamos enfocados a mantenerlo al corriente de las novedades y del futuro tambi\u00e9n. La atenci\u00f3n est\u00e1 puesta de manera constante en definir las tendencias de las tecnolog\u00edas emergentes y en ir hasta el l\u00edmite de los an\u00e1lisis, para entregar soluciones que cambien c\u00f3mo se conecta con el talento.<\/span><\/p>\n<\/div>\n<\/div>\n<\/section>\n\n\n\n<section class=\"wp-block-group section--extra-spacing section is-vertical is-content-justification-stretch is-layout-flex wp-container-core-group-is-layout-353c4f5a wp-block-group-is-layout-flex\">\n<h2 class=\"wp-block-heading headline\" id=\"h-el-equipo-principal-de-radancy-labs\">El Equipo Principal de Radancy Labs.<\/h2>\n\n\n\n<p>Radancy Labs es el lugar donde creamos el futuro en la b\u00fasqueda y adquisici\u00f3n de talentos y de la experiencia del candidato. Nuestro equipo principal del laboratorio, liderado por Todd Maycunich, Jahkedda Akbar-Mitchell y Craig Knutson, combina l\u00edderes de pensamiento global en toda la empresa, cada uno de los cuales posee antecedentes profesionales y conjuntos de habilidades \u00fanicos. Contamos con recursos dedicados y un objetivo compartido por toda la empresa para dise\u00f1ar experiencias que desaf\u00edan las posibilidades, tanto para usted como para su p\u00fablico.<\/p>\n<\/section>\n\n\n\n<section class=\"wp-block-group section three-column-images is-vertical is-content-justification-stretch is-layout-flex wp-container-core-group-is-layout-353c4f5a wp-block-group-is-layout-flex\">\n<div class=\"wp-block-columns list-of-cards fs-forced-container fs-col-count-1 fs-col-count-m-3 is-layout-flex wp-container-core-columns-is-layout-28f84493 wp-block-columns-is-layout-flex\">\n<div class=\"wp-block-column img-card__col is-layout-flow wp-block-column-is-layout-flow\">\n<figure class=\"wp-block-image\"><img decoding=\"async\" src=\"https:\/\/s45175.p1717.sites.pressdns.com\/wp-content\/uploads\/2023\/11\/radancy-labs-01.jpg\" alt=\"Woman with headset on talking on a video call\"\/><\/figure>\n<\/div>\n\n\n\n<div class=\"wp-block-column img-card__col is-layout-flow wp-block-column-is-layout-flow\">\n<figure class=\"wp-block-image\"><img decoding=\"async\" src=\"https:\/\/s45175.p1717.sites.pressdns.com\/wp-content\/uploads\/2023\/11\/radancy-labs-02.jpg\" alt=\"Woman pointing to a screen behind her during a presentation\"\/><\/figure>\n<\/div>\n\n\n\n<div class=\"wp-block-column img-card__col is-layout-flow wp-block-column-is-layout-flow\">\n<figure class=\"wp-block-image\"><img decoding=\"async\" src=\"https:\/\/s45175.p1717.sites.pressdns.com\/wp-content\/uploads\/2023\/11\/radancy-labs-03.jpg\" alt=\"Person wearing VR gaming headset\"\/><\/figure>\n<\/div>\n<\/div>\n<\/section>\n\n\n\n<div class=\"wp-block-group alignfull cta has-neutral-1-color has-primary-2-background-color has-text-color has-background has-global-padding is-layout-constrained wp-container-core-group-is-layout-86ad42c5 wp-block-group-is-layout-constrained\" style=\"margin-top:0px;margin-bottom:0px;padding-top:var(--wp--preset--spacing--30);padding-right:var(--wp--preset--spacing--30);padding-bottom:var(--wp--preset--spacing--30);padding-left:var(--wp--preset--spacing--30)\">\n<p class=\"has-text-align-center\">Habla con nosotros para acelerar tus resultados de contrataci\u00f3n y maximizar el ROI con una plataforma de IA completa.<\/p>\n\n\n\n<div class=\"wp-block-buttons is-content-justification-center is-layout-flex wp-container-core-buttons-is-layout-a89b3969 wp-block-buttons-is-layout-flex\">\n<div class=\"wp-block-button\"><a class=\"wp-block-button__link wp-element-button\" href=\"https:\/\/www.radancy.com\/es\/contactenos\/\">Agendar una demostraci\u00f3n<\/a><\/div>\n<\/div>\n<\/div>\n","protected":false},"excerpt":{"rendered":"<p>Radancy Labs Lo conectamos con las novedades y el futuro. La innovaci\u00f3n impulsa la innovaci\u00f3n. Y el pensamiento progresista no es simplemente una parte de un proyecto, es el centro <a class=\"more-link\" href=\"https:\/\/www.radancy.com\/es\/radancy-labs\/\">Read more&#8230;<\/a><\/p>\n","protected":false},"author":26,"featured_media":0,"parent":0,"menu_order":0,"comment_status":"closed","ping_status":"closed","template":"","meta":{"_acf_changed":false,"_EventAllDay":false,"_EventTimezone":"","_EventStartDate":"","_EventEndDate":"","_EventStartDateUTC":"","_EventEndDateUTC":"","_EventShowMap":false,"_EventShowMapLink":false,"_EventURL":"","_EventCost":"","_EventCostDescription":"","_EventCurrencySymbol":"","_EventCurrencyCode":"","_EventCurrencyPosition":"","_EventDateTimeSeparator":"","_EventTimeRangeSeparator":"","_EventOrganizerID":[],"_EventVenueID":[],"_OrganizerEmail":"","_OrganizerPhone":"","_OrganizerWebsite":"","_VenueAddress":"","_VenueCity":"","_VenueCountry":"","_VenueProvince":"","_VenueState":"","_VenueZip":"","_VenuePhone":"","_VenueURL":"","_VenueStateProvince":"","_VenueLat":"","_VenueLng":"","_VenueShowMap":false,"_VenueShowMapLink":false,"_tribe_blocks_recurrence_rules":"","_tribe_blocks_recurrence_description":"","_tribe_blocks_recurrence_exclusions":"","footnotes":""},"class_list":["post-12422","page","type-page","status-publish","hentry"],"acf":[],"yoast_head":"<!-- This site is optimized with the Yoast SEO Premium plugin v26.2 (Yoast SEO v27.5) - https:\/\/yoast.com\/product\/yoast-seo-premium-wordpress\/ -->\n<title>Radancy Labs | Radancy<\/title>\n<meta name=\"robots\" content=\"index, follow, max-snippet:-1, max-image-preview:large, max-video-preview:-1\" \/>\n<link rel=\"canonical\" href=\"https:\/\/www.radancy.com\/es\/radancy-labs\/\" \/>\n<meta property=\"og:locale\" content=\"es_ES\" \/>\n<meta property=\"og:type\" content=\"article\" \/>\n<meta property=\"og:title\" content=\"Radancy Labs | Radancy\" \/>\n<meta property=\"og:description\" content=\"Radancy Labs Lo conectamos con las novedades y el futuro. La innovaci\u00f3n impulsa la innovaci\u00f3n. Y el pensamiento progresista no es simplemente una parte de un proyecto, es el centro Read more...\" \/>\n<meta property=\"og:url\" content=\"https:\/\/www.radancy.com\/es\/radancy-labs\/\" \/>\n<meta property=\"og:site_name\" content=\"Radancy\" \/>\n<meta property=\"article:publisher\" content=\"https:\/\/www.facebook.com\/radancy\" \/>\n<meta property=\"article:modified_time\" content=\"2025-09-30T08:32:26+00:00\" \/>\n<meta property=\"og:image\" content=\"https:\/\/tbcdn.talentbrew.com\/company\/34730\/gst_v1\/img\/meta\/Radancy-JobShare-img-FINAL_ES.jpg\" \/>\n<meta name=\"twitter:card\" content=\"summary_large_image\" \/>\n<meta name=\"twitter:title\" content=\"Radancy Labs\" \/>\n<meta name=\"twitter:site\" content=\"@radancyco\" \/>\n<meta name=\"twitter:label1\" content=\"Tiempo de lectura\" \/>\n\t<meta name=\"twitter:data1\" content=\"2 minutos\" \/>\n<script type=\"application\/ld+json\" class=\"yoast-schema-graph\">{\"@context\":\"https:\\\/\\\/schema.org\",\"@graph\":[{\"@type\":\"WebPage\",\"@id\":\"https:\\\/\\\/www.radancy.com\\\/es\\\/radancy-labs\\\/\",\"url\":\"https:\\\/\\\/www.radancy.com\\\/es\\\/radancy-labs\\\/\",\"name\":\"Radancy Labs | Radancy\",\"isPartOf\":{\"@id\":\"https:\\\/\\\/www.radancy.com\\\/es\\\/#website\"},\"primaryImageOfPage\":{\"@id\":\"https:\\\/\\\/www.radancy.com\\\/es\\\/radancy-labs\\\/#primaryimage\"},\"image\":{\"@id\":\"https:\\\/\\\/www.radancy.com\\\/es\\\/radancy-labs\\\/#primaryimage\"},\"thumbnailUrl\":\"https:\\\/\\\/s45175.p1717.sites.pressdns.com\\\/wp-content\\\/uploads\\\/2023\\\/11\\\/radancy-labs-01.jpg\",\"datePublished\":\"2023-11-17T03:03:26+00:00\",\"dateModified\":\"2025-09-30T08:32:26+00:00\",\"breadcrumb\":{\"@id\":\"https:\\\/\\\/www.radancy.com\\\/es\\\/radancy-labs\\\/#breadcrumb\"},\"inLanguage\":\"es\",\"potentialAction\":[{\"@type\":\"ReadAction\",\"target\":[\"https:\\\/\\\/www.radancy.com\\\/es\\\/radancy-labs\\\/\"]}]},{\"@type\":\"ImageObject\",\"inLanguage\":\"es\",\"@id\":\"https:\\\/\\\/www.radancy.com\\\/es\\\/radancy-labs\\\/#primaryimage\",\"url\":\"https:\\\/\\\/s45175.p1717.sites.pressdns.com\\\/wp-content\\\/uploads\\\/2023\\\/11\\\/radancy-labs-01.jpg\",\"contentUrl\":\"https:\\\/\\\/s45175.p1717.sites.pressdns.com\\\/wp-content\\\/uploads\\\/2023\\\/11\\\/radancy-labs-01.jpg\"},{\"@type\":\"BreadcrumbList\",\"@id\":\"https:\\\/\\\/www.radancy.com\\\/es\\\/radancy-labs\\\/#breadcrumb\",\"itemListElement\":[{\"@type\":\"ListItem\",\"position\":1,\"name\":\"Home\",\"item\":\"https:\\\/\\\/www.radancy.com\\\/es\\\/\"},{\"@type\":\"ListItem\",\"position\":2,\"name\":\"Radancy Labs\"}]},{\"@type\":\"WebSite\",\"@id\":\"https:\\\/\\\/www.radancy.com\\\/es\\\/#website\",\"url\":\"https:\\\/\\\/www.radancy.com\\\/es\\\/\",\"name\":\"Radancy\",\"description\":\"Create Connections That Count.\",\"publisher\":{\"@id\":\"https:\\\/\\\/www.radancy.com\\\/es\\\/#organization\"},\"potentialAction\":[{\"@type\":\"SearchAction\",\"target\":{\"@type\":\"EntryPoint\",\"urlTemplate\":\"https:\\\/\\\/www.radancy.com\\\/es\\\/?s={search_term_string}\"},\"query-input\":{\"@type\":\"PropertyValueSpecification\",\"valueRequired\":true,\"valueName\":\"search_term_string\"}}],\"inLanguage\":\"es\"},{\"@type\":\"Organization\",\"@id\":\"https:\\\/\\\/www.radancy.com\\\/es\\\/#organization\",\"name\":\"Radancy\",\"url\":\"https:\\\/\\\/www.radancy.com\\\/es\\\/\",\"logo\":{\"@type\":\"ImageObject\",\"inLanguage\":\"es\",\"@id\":\"https:\\\/\\\/www.radancy.com\\\/es\\\/#\\\/schema\\\/logo\\\/image\\\/\",\"url\":\"https:\\\/\\\/www.radancy.com\\\/wp-content\\\/uploads\\\/2024\\\/06\\\/Radancy_Icon_RGB.svg\",\"contentUrl\":\"https:\\\/\\\/www.radancy.com\\\/wp-content\\\/uploads\\\/2024\\\/06\\\/Radancy_Icon_RGB.svg\",\"width\":1,\"height\":1,\"caption\":\"Radancy\"},\"image\":{\"@id\":\"https:\\\/\\\/www.radancy.com\\\/es\\\/#\\\/schema\\\/logo\\\/image\\\/\"},\"sameAs\":[\"https:\\\/\\\/www.facebook.com\\\/radancy\",\"https:\\\/\\\/x.com\\\/radancyco\",\"https:\\\/\\\/www.linkedin.com\\\/company\\\/radancy\\\/\",\"https:\\\/\\\/www.youtube.com\\\/Radancy\\\/videos\",\"https:\\\/\\\/www.instagram.com\\\/radancyco\"]}]}<\/script>\n<!-- \/ Yoast SEO Premium plugin. -->","yoast_head_json":{"title":"Radancy Labs | Radancy","robots":{"index":"index","follow":"follow","max-snippet":"max-snippet:-1","max-image-preview":"max-image-preview:large","max-video-preview":"max-video-preview:-1"},"canonical":"https:\/\/www.radancy.com\/es\/radancy-labs\/","og_locale":"es_ES","og_type":"article","og_title":"Radancy Labs | Radancy","og_description":"Radancy Labs Lo conectamos con las novedades y el futuro. La innovaci\u00f3n impulsa la innovaci\u00f3n. Y el pensamiento progresista no es simplemente una parte de un proyecto, es el centro Read more...","og_url":"https:\/\/www.radancy.com\/es\/radancy-labs\/","og_site_name":"Radancy","article_publisher":"https:\/\/www.facebook.com\/radancy","article_modified_time":"2025-09-30T08:32:26+00:00","og_image":[{"url":"https:\/\/tbcdn.talentbrew.com\/company\/34730\/gst_v1\/img\/meta\/Radancy-JobShare-img-FINAL_ES.jpg","type":"","width":"","height":""}],"twitter_card":"summary_large_image","twitter_title":"Radancy Labs","twitter_site":"@radancyco","twitter_misc":{"Tiempo de lectura":"2 minutos"},"schema":{"@context":"https:\/\/schema.org","@graph":[{"@type":"WebPage","@id":"https:\/\/www.radancy.com\/es\/radancy-labs\/","url":"https:\/\/www.radancy.com\/es\/radancy-labs\/","name":"Radancy Labs | Radancy","isPartOf":{"@id":"https:\/\/www.radancy.com\/es\/#website"},"primaryImageOfPage":{"@id":"https:\/\/www.radancy.com\/es\/radancy-labs\/#primaryimage"},"image":{"@id":"https:\/\/www.radancy.com\/es\/radancy-labs\/#primaryimage"},"thumbnailUrl":"https:\/\/s45175.p1717.sites.pressdns.com\/wp-content\/uploads\/2023\/11\/radancy-labs-01.jpg","datePublished":"2023-11-17T03:03:26+00:00","dateModified":"2025-09-30T08:32:26+00:00","breadcrumb":{"@id":"https:\/\/www.radancy.com\/es\/radancy-labs\/#breadcrumb"},"inLanguage":"es","potentialAction":[{"@type":"ReadAction","target":["https:\/\/www.radancy.com\/es\/radancy-labs\/"]}]},{"@type":"ImageObject","inLanguage":"es","@id":"https:\/\/www.radancy.com\/es\/radancy-labs\/#primaryimage","url":"https:\/\/s45175.p1717.sites.pressdns.com\/wp-content\/uploads\/2023\/11\/radancy-labs-01.jpg","contentUrl":"https:\/\/s45175.p1717.sites.pressdns.com\/wp-content\/uploads\/2023\/11\/radancy-labs-01.jpg"},{"@type":"BreadcrumbList","@id":"https:\/\/www.radancy.com\/es\/radancy-labs\/#breadcrumb","itemListElement":[{"@type":"ListItem","position":1,"name":"Home","item":"https:\/\/www.radancy.com\/es\/"},{"@type":"ListItem","position":2,"name":"Radancy Labs"}]},{"@type":"WebSite","@id":"https:\/\/www.radancy.com\/es\/#website","url":"https:\/\/www.radancy.com\/es\/","name":"Radancy","description":"Create Connections That Count.","publisher":{"@id":"https:\/\/www.radancy.com\/es\/#organization"},"potentialAction":[{"@type":"SearchAction","target":{"@type":"EntryPoint","urlTemplate":"https:\/\/www.radancy.com\/es\/?s={search_term_string}"},"query-input":{"@type":"PropertyValueSpecification","valueRequired":true,"valueName":"search_term_string"}}],"inLanguage":"es"},{"@type":"Organization","@id":"https:\/\/www.radancy.com\/es\/#organization","name":"Radancy","url":"https:\/\/www.radancy.com\/es\/","logo":{"@type":"ImageObject","inLanguage":"es","@id":"https:\/\/www.radancy.com\/es\/#\/schema\/logo\/image\/","url":"https:\/\/www.radancy.com\/wp-content\/uploads\/2024\/06\/Radancy_Icon_RGB.svg","contentUrl":"https:\/\/www.radancy.com\/wp-content\/uploads\/2024\/06\/Radancy_Icon_RGB.svg","width":1,"height":1,"caption":"Radancy"},"image":{"@id":"https:\/\/www.radancy.com\/es\/#\/schema\/logo\/image\/"},"sameAs":["https:\/\/www.facebook.com\/radancy","https:\/\/x.com\/radancyco","https:\/\/www.linkedin.com\/company\/radancy\/","https:\/\/www.youtube.com\/Radancy\/videos","https:\/\/www.instagram.com\/radancyco"]}]}},"_links":{"self":[{"href":"https:\/\/www.radancy.com\/es\/wp-json\/wp\/v2\/pages\/12422","targetHints":{"allow":["GET"]}}],"collection":[{"href":"https:\/\/www.radancy.com\/es\/wp-json\/wp\/v2\/pages"}],"about":[{"href":"https:\/\/www.radancy.com\/es\/wp-json\/wp\/v2\/types\/page"}],"author":[{"embeddable":true,"href":"https:\/\/www.radancy.com\/es\/wp-json\/wp\/v2\/users\/26"}],"replies":[{"embeddable":true,"href":"https:\/\/www.radancy.com\/es\/wp-json\/wp\/v2\/comments?post=12422"}],"version-history":[{"count":0,"href":"https:\/\/www.radancy.com\/es\/wp-json\/wp\/v2\/pages\/12422\/revisions"}],"wp:attachment":[{"href":"https:\/\/www.radancy.com\/es\/wp-json\/wp\/v2\/media?parent=12422"}],"curies":[{"name":"wp","href":"https:\/\/api.w.org\/{rel}","templated":true}]}}