{"id":12342,"date":"2023-11-17T03:02:44","date_gmt":"2023-11-17T03:02:44","guid":{"rendered":"https:\/\/s45175.p1717.sites.pressdns.com\/newsroom\/"},"modified":"2025-07-15T11:41:20","modified_gmt":"2025-07-15T11:41:20","slug":"sala-de-prensa-e-informacion-sobre-premios","status":"publish","type":"page","link":"https:\/\/www.radancy.com\/es\/sala-de-prensa-e-informacion-sobre-premios\/","title":{"rendered":"Prensa"},"content":{"rendered":"\n<div class=\"wp-block-group alignfull title-bar has-neutral-1-color has-primary-3-background-color has-text-color has-background is-vertical is-content-justification-center is-layout-flex wp-container-core-group-is-layout-95c46550 wp-block-group-is-layout-flex\" style=\"margin-top:0;margin-bottom:60px;padding-top:35px;padding-right:35px;padding-bottom:35px;padding-left:35px\">\n<h2 class=\"wp-block-heading has-accent-font-family has-headline-smallest-font-size\" id=\"h-prensa\" style=\"margin-top:0;margin-bottom:0;font-style:normal;font-weight:400;text-transform:none\">Prensa<\/h2>\n<\/div>\n\n\n\n<section class=\"wp-block-group fifty-fifty-cta is-vertical is-content-justification-stretch is-layout-flex wp-container-core-group-is-layout-353c4f5a wp-block-group-is-layout-flex\">\n<div class=\"wp-block-group section section--centered section--extra-spacing is-vertical is-content-justification-center is-layout-flex wp-container-core-group-is-layout-ce155fab wp-block-group-is-layout-flex\">\n<div class=\"wp-block-group is-vertical is-content-justification-center is-layout-flex wp-container-core-group-is-layout-ce155fab wp-block-group-is-layout-flex\">\n<h2 class=\"wp-block-heading has-text-align-center headline--intro font-color--purple has-primary-1-color has-text-color has-link-color wp-elements-13701707830b0bbd4bba042f7c9c8fa7\" id=\"h-mantengase-conectado-con-radancy\">Mant\u00e9ngase conectado con Radancy.<\/h2>\n\n\n\n<p class=\"has-text-align-center\">Aqu\u00ed puede encontrar todo lo que necesita para mantenerse conectado con su socio durante la b\u00fasqueda de talento, con kits de medios de comunicaci\u00f3n, cobertura medi\u00e1tica, premios y comunicados de prensa.<\/p>\n<\/div>\n<\/div>\n\n\n\n<div class=\"wp-block-columns fs-forced-container fs-col-count-m-2 fs-col-count-1 list-of-cards is-layout-flex wp-container-core-columns-is-layout-28f84493 wp-block-columns-is-layout-flex\">\n<div class=\"wp-block-column section section--extra-spacing is-layout-flow wp-block-column-is-layout-flow\">\n<h3 class=\"wp-block-heading headline--intro font-color--blue font-sizing-headline-medium has-primary-1-color has-primary-2-color has-text-color has-link-color has-headline-medium-font-size wp-elements-1d209bc5496baa0c32b773b953257632\" id=\"h-kit-de-medios-de-comunicacion\">Kit de Medios de Comunicaci\u00f3n<\/h3>\n\n\n\n<p>Todo lo que pueda necesitar, incluidas las hojas de datos y la cobertura. <\/p>\n\n\n\n<div class=\"wp-block-buttons button button--arrow is-layout-flex wp-block-buttons-is-layout-flex\">\n<div class=\"wp-block-button\"><a class=\"wp-block-button__link wp-element-button\" href=\"https:\/\/go.radancy.com\/radancy-media-kit-es\" target=\"_blank\" rel=\"noreferrer noopener\">DESCARGAR KIT DE MEDIOS DE COMUNICACI\u00d3N<\/a><\/div>\n<\/div>\n<\/div>\n\n\n\n<div class=\"wp-block-column section section--extra-spacing is-layout-flow wp-block-column-is-layout-flow\">\n<h3 class=\"wp-block-heading headline--intro font-color--blue font-sizing-headline-medium has-primary-1-color has-primary-2-color has-text-color has-link-color has-headline-medium-font-size wp-elements-cd2917cba701154a7ebfe28d9a623c38\" id=\"h-preguntas-de-los-medios-de-comunicacion\">Preguntas de Los Medios de Comunicaci\u00f3n<\/h3>\n\n\n\n<p>Si pertenece a una organizaci\u00f3n de noticias o de medios de comunicaci\u00f3n y necesita ayuda, cont\u00e1ctese con el equipo de marketing. <\/p>\n\n\n\n<div class=\"wp-block-buttons button button--arrow is-layout-flex wp-block-buttons-is-layout-flex\">\n<div class=\"wp-block-button\"><a class=\"wp-block-button__link wp-element-button\" href=\"mailto:marketing@radancy.com\">CONECTARSE CON NOSOTROS<\/a><\/div>\n<\/div>\n<\/div>\n<\/div>\n<\/section>\n\n\n\n<section class=\"wp-block-group section grid3x3 is-vertical is-content-justification-stretch is-layout-flex wp-container-core-group-is-layout-353c4f5a wp-block-group-is-layout-flex\">\n<div class=\"wp-block-group section section--centered section--extra-spacing is-vertical is-content-justification-center is-layout-flex wp-container-core-group-is-layout-ce155fab wp-block-group-is-layout-flex\">\n<div class=\"wp-block-group is-vertical is-content-justification-stretch is-layout-flex wp-container-core-group-is-layout-353c4f5a wp-block-group-is-layout-flex\">\n<h2 class=\"wp-block-heading headline--intro font-color--blue font-sizing-headline-medium has-primary-1-color has-primary-2-color has-text-color has-link-color wp-elements-9158a363a53a5aa0559db7d9c4b3682d\" id=\"h-premios\">Premios<\/h2>\n\n\n\n<p>Radancy est\u00e1 comprometida con la transformaci\u00f3n del proceso de b\u00fasqueda y contrataci\u00f3n de talentos mediante productos innovadores, creatividad innovadora y marca destacada. Y las organizaciones internacionales del sector lo han notado y nos reconocen por el trabajo que realizamos. <\/p>\n<\/div>\n<\/div>\n\n\n\n<div class=\"wp-block-group fs-forced-container fs-col-count-m-3 fs-col-count-1 is-horizontal is-content-justification-space-between is-layout-flex wp-container-core-group-is-layout-d5572140 wp-block-group-is-layout-flex\">\n<div class=\"wp-block-group section--extra-spacing section--padding thick-line thick-line--purple is-vertical is-content-justification-stretch is-layout-flex wp-container-core-group-is-layout-353c4f5a wp-block-group-is-layout-flex\">\n<p class=\"font-color--purple font-family-accent font-sizing-headline-large has-primary-1-color has-text-color has-link-color wp-elements-856f10050030ba22d8e16bf7d1f1face\">5<\/p>\n\n\n\n<p><b>Recruitment Marketing Awards<\/b><\/p>\n<\/div>\n\n\n\n<div class=\"wp-block-group section--extra-spacing section--padding thick-line thick-line--orange is-vertical is-content-justification-stretch is-layout-flex wp-container-core-group-is-layout-353c4f5a wp-block-group-is-layout-flex\">\n<p class=\"font-color--orange font-family-accent font-sizing-headline-large has-secondary-1-color has-text-color has-link-color wp-elements-749310c6dc72af004a1f770ce06f8ccf\">23<\/p>\n\n\n\n<p><b>Web Awards<\/b><\/p>\n\n\n\n<p>Web Marketing Association<\/p>\n<\/div>\n\n\n\n<div class=\"wp-block-group section--extra-spacing section--padding thick-line thick-line--blue is-vertical is-content-justification-stretch is-layout-flex wp-container-core-group-is-layout-353c4f5a wp-block-group-is-layout-flex\">\n<p class=\"font-color--blue font-family-accent font-sizing-headline-large has-primary-2-color has-text-color has-link-color wp-elements-c6acbf1e6173e1eec56a17311c521b2b\">32<\/p>\n\n\n\n<p><b>W3 Awards<\/b><\/p>\n<\/div>\n\n\n\n<div class=\"wp-block-group section--extra-spacing section--padding thick-line thick-line--purple is-vertical is-content-justification-stretch is-layout-flex wp-container-core-group-is-layout-353c4f5a wp-block-group-is-layout-flex\">\n<p class=\"font-color--purple font-family-accent font-sizing-headline-large has-primary-1-color has-text-color has-link-color wp-elements-aca9d845d579879f11d5dede1075dfeb\">17<\/p>\n\n\n\n<p><b>Mobile Web Awards<\/b><\/p>\n\n\n\n<p>Web Marketing Association<\/p>\n<\/div>\n\n\n\n<div class=\"wp-block-group section--extra-spacing section--padding thick-line thick-line--orange is-vertical is-content-justification-stretch is-layout-flex wp-container-core-group-is-layout-353c4f5a wp-block-group-is-layout-flex\">\n<p class=\"font-color--orange font-family-accent font-sizing-headline-large has-secondary-1-color has-text-color has-link-color wp-elements-248ce39127f003d51bddbea6ab6b16bb\">TOP100<\/p>\n\n\n\n<p><b>Digital Agencies Report<\/b> -UK<\/p>\n<\/div>\n\n\n\n<div class=\"wp-block-group section--extra-spacing section--padding thick-line thick-line--blue is-vertical is-content-justification-stretch is-layout-flex wp-container-core-group-is-layout-353c4f5a wp-block-group-is-layout-flex\">\n<p class=\"font-color--blue font-family-accent font-sizing-headline-large has-primary-2-color has-text-color has-link-color wp-elements-10fc5a2223ad849060179aefbe1adca8\">5<\/p>\n\n\n\n<p><b>\u2018Webby Honoree Awards\u2019<\/b><\/p>\n<\/div>\n\n\n\n<div class=\"wp-block-group section--extra-spacing section--padding thick-line thick-line--purple is-vertical is-content-justification-stretch is-layout-flex wp-container-core-group-is-layout-353c4f5a wp-block-group-is-layout-flex\">\n<p class=\"font-color--purple font-family-accent font-sizing-headline-large has-primary-1-color has-text-color has-link-color wp-elements-1dda6f05645580069e146d631636b733\">2<\/p>\n\n\n\n<p><b>RAD Awards<\/b><\/p>\n\n\n\n<p>Early Careers Brochure<\/p>\n<\/div>\n\n\n\n<div class=\"wp-block-group section--extra-spacing section--padding thick-line thick-line--orange is-vertical is-content-justification-stretch is-layout-flex wp-container-core-group-is-layout-353c4f5a wp-block-group-is-layout-flex\">\n<p class=\"font-color--orange font-family-accent font-sizing-headline-large has-secondary-1-color has-text-color has-link-color wp-elements-28419184ab166bc740cf98a2a2ce4698\">2<\/p>\n\n\n\n<p><b>Target Job Awards<\/b><\/p>\n<\/div>\n\n\n\n<div class=\"wp-block-group section--extra-spacing section--padding thick-line thick-line--blue is-vertical is-content-justification-stretch is-layout-flex wp-container-core-group-is-layout-353c4f5a wp-block-group-is-layout-flex\">\n<p class=\"font-color--blue font-family-accent font-sizing-headline-large has-primary-2-color has-text-color has-link-color wp-elements-540434abce8dcef3735187598877ef02\">24<\/p>\n\n\n\n<p><b>IAC Awards<\/b><\/p>\n\n\n\n<p>Interactive Advertising Competition<\/p>\n<\/div>\n<\/div>\n<\/section>\n\n\n\n<div class=\"wp-block-group is-vertical is-layout-flex wp-container-core-group-is-layout-ec0d2d57 wp-block-group-is-layout-flex\" style=\"margin-bottom:2.5rem\"><section class=\"news-query news-query-block\">\n\t\t\t<div class=\"news-wrapper\">\n\t\t\t\t\t\t\t<h3 class=\"news-headline\">\n\t\t\t\t\tCobertura Medi\u00e1tica\t\t\t\t<\/h3><!-- .news-headline -->\n\t\t\t\t\t\t\t\t\t\t\t\t\t\t\t<a class=\"news-date-title\" href=\"https:\/\/www.radancy.com\/es\/radancy-acquires-brazen-adding-award-winning-hiring-event-capabilities-to-the-end-to-end-radancy-talent-acquisition-cloud\/\">\n\t\t\t\t\t\t<span>octubre 24, 2023 &#8211; <\/span>\n\t\t\t\t\t\tRadancy Acquires Brazen, Adding Award-Winning Hiring Event Capabilities to the End-to-End Radancy Talent Acquisition Cloud\t\t\t\t\t<\/a><!-- .news-date-title -->\n\t\t\t\t\t\t\t\t\t\t\t\t<a class=\"news-date-title\" href=\"https:\/\/www.radancy.com\/es\/radancy-expands-industry-leading-talent-acquisition-platform-offering-with-advanced-crm-capabilities\/\">\n\t\t\t\t\t\t<span>abril 4, 2023 &#8211; <\/span>\n\t\t\t\t\t\tRadancy Expands Industry-leading Talent Acquisition Platform Offering with Advanced CRM Capabilities\t\t\t\t\t<\/a><!-- .news-date-title -->\n\t\t\t\t\t\t\t\t\t\t\t\t<a class=\"news-date-title\" href=\"https:\/\/www.radancy.com\/es\/radancy-expands-global-tech-leadership-team-with-two-proven-leaders-jennifer-vaughan-and-sara-naveda\/\">\n\t\t\t\t\t\t<span>marzo 21, 2023 &#8211; <\/span>\n\t\t\t\t\t\tRadancy Expands Global Tech Leadership Team With Two Proven Leaders: Jennifer Vaughan and Sara Naveda\t\t\t\t\t<\/a><!-- .news-date-title -->\n\t\t\t\t\t\t\t\t\t\t\t\t<a class=\"news-date-title\" href=\"https:\/\/www.radancy.com\/es\/radancy-announces-strategic-investment-from-new-mountain-capital\/\">\n\t\t\t\t\t\t<span>julio 20, 2022 &#8211; <\/span>\n\t\t\t\t\t\tRadancy Announces Strategic Investment from New Mountain Capital\t\t\t\t\t<\/a><!-- .news-date-title -->\n\t\t\t\t\t\t\t\t\t\t\t\t<a class=\"news-date-title\" href=\"https:\/\/www.radancy.com\/es\/radancy-names-michelle-ferreira-as-senior-vice-president-west-region\/\">\n\t\t\t\t\t\t<span>abril 6, 2022 &#8211; <\/span>\n\t\t\t\t\t\tRadancy Names Michelle Ferreira as Senior Vice President, West Region\t\t\t\t\t<\/a><!-- .news-date-title -->\n\t\t\t\t\t\t\n\t\t\t<a class=\"news-link view-all-button\" href=\"\/es\/noticias\/\">\n\t\t\t\t<span>\n\t\t\t\t\tCarga M\u00e1s\t\t\t\t<\/span>\n\t\t\t<\/a><!-- .news-link -->\n\t\t\t\t\t<\/div><!-- .news-wrapper -->\n\t<\/section>\n<\/div>\n","protected":false},"excerpt":{"rendered":"<p>Prensa Mant\u00e9ngase conectado con Radancy. Aqu\u00ed puede encontrar todo lo que necesita para mantenerse conectado con su socio durante la b\u00fasqueda de talento, con kits de medios de comunicaci\u00f3n, cobertura <a class=\"more-link\" href=\"https:\/\/www.radancy.com\/es\/sala-de-prensa-e-informacion-sobre-premios\/\">Read more&#8230;<\/a><\/p>\n","protected":false},"author":26,"featured_media":0,"parent":0,"menu_order":0,"comment_status":"closed","ping_status":"closed","template":"","meta":{"_acf_changed":false,"_EventAllDay":false,"_EventTimezone":"","_EventStartDate":"","_EventEndDate":"","_EventStartDateUTC":"","_EventEndDateUTC":"","_EventShowMap":false,"_EventShowMapLink":false,"_EventURL":"","_EventCost":"","_EventCostDescription":"","_EventCurrencySymbol":"","_EventCurrencyCode":"","_EventCurrencyPosition":"","_EventDateTimeSeparator":"","_EventTimeRangeSeparator":"","_EventOrganizerID":[],"_EventVenueID":[],"_OrganizerEmail":"","_OrganizerPhone":"","_OrganizerWebsite":"","_VenueAddress":"","_VenueCity":"","_VenueCountry":"","_VenueProvince":"","_VenueState":"","_VenueZip":"","_VenuePhone":"","_VenueURL":"","_VenueStateProvince":"","_VenueLat":"","_VenueLng":"","_VenueShowMap":false,"_VenueShowMapLink":false,"_tribe_blocks_recurrence_rules":"","_tribe_blocks_recurrence_description":"","_tribe_blocks_recurrence_exclusions":"","footnotes":""},"class_list":["post-12342","page","type-page","status-publish","hentry"],"acf":[],"yoast_head":"<!-- This site is optimized with the Yoast SEO Premium plugin v26.2 (Yoast SEO v27.6) - https:\/\/yoast.com\/product\/yoast-seo-premium-wordpress\/ -->\n<title>Prensa | Radancy<\/title>\n<meta name=\"robots\" content=\"index, follow, max-snippet:-1, max-image-preview:large, max-video-preview:-1\" \/>\n<link rel=\"canonical\" href=\"https:\/\/www.radancy.com\/es\/sala-de-prensa-e-informacion-sobre-premios\/\" \/>\n<meta property=\"og:locale\" content=\"es_ES\" \/>\n<meta property=\"og:type\" content=\"article\" \/>\n<meta property=\"og:title\" content=\"Prensa | Radancy\" \/>\n<meta property=\"og:description\" content=\"Prensa Mant\u00e9ngase conectado con Radancy. Aqu\u00ed puede encontrar todo lo que necesita para mantenerse conectado con su socio durante la b\u00fasqueda de talento, con kits de medios de comunicaci\u00f3n, cobertura Read more...\" \/>\n<meta property=\"og:url\" content=\"https:\/\/www.radancy.com\/es\/sala-de-prensa-e-informacion-sobre-premios\/\" \/>\n<meta property=\"og:site_name\" content=\"Radancy\" \/>\n<meta property=\"article:publisher\" content=\"https:\/\/www.facebook.com\/radancy\" \/>\n<meta property=\"article:modified_time\" content=\"2025-07-15T11:41:20+00:00\" \/>\n<meta property=\"og:image\" content=\"https:\/\/tbcdn.talentbrew.com\/company\/34730\/gst_v1\/img\/meta\/Radancy-JobShare-img-FINAL_ES.jpg\" \/>\n<meta name=\"twitter:card\" content=\"summary_large_image\" \/>\n<meta name=\"twitter:title\" content=\"Prensa\" \/>\n<meta name=\"twitter:site\" content=\"@radancyco\" \/>\n<meta name=\"twitter:label1\" content=\"Tiempo de lectura\" \/>\n\t<meta name=\"twitter:data1\" content=\"1 minuto\" \/>\n<script type=\"application\/ld+json\" class=\"yoast-schema-graph\">{\"@context\":\"https:\\\/\\\/schema.org\",\"@graph\":[{\"@type\":\"WebPage\",\"@id\":\"https:\\\/\\\/www.radancy.com\\\/es\\\/sala-de-prensa-e-informacion-sobre-premios\\\/\",\"url\":\"https:\\\/\\\/www.radancy.com\\\/es\\\/sala-de-prensa-e-informacion-sobre-premios\\\/\",\"name\":\"Prensa | Radancy\",\"isPartOf\":{\"@id\":\"https:\\\/\\\/www.radancy.com\\\/es\\\/#website\"},\"datePublished\":\"2023-11-17T03:02:44+00:00\",\"dateModified\":\"2025-07-15T11:41:20+00:00\",\"breadcrumb\":{\"@id\":\"https:\\\/\\\/www.radancy.com\\\/es\\\/sala-de-prensa-e-informacion-sobre-premios\\\/#breadcrumb\"},\"inLanguage\":\"es\",\"potentialAction\":[{\"@type\":\"ReadAction\",\"target\":[\"https:\\\/\\\/www.radancy.com\\\/es\\\/sala-de-prensa-e-informacion-sobre-premios\\\/\"]}]},{\"@type\":\"BreadcrumbList\",\"@id\":\"https:\\\/\\\/www.radancy.com\\\/es\\\/sala-de-prensa-e-informacion-sobre-premios\\\/#breadcrumb\",\"itemListElement\":[{\"@type\":\"ListItem\",\"position\":1,\"name\":\"Home\",\"item\":\"https:\\\/\\\/www.radancy.com\\\/es\\\/\"},{\"@type\":\"ListItem\",\"position\":2,\"name\":\"Prensa\"}]},{\"@type\":\"WebSite\",\"@id\":\"https:\\\/\\\/www.radancy.com\\\/es\\\/#website\",\"url\":\"https:\\\/\\\/www.radancy.com\\\/es\\\/\",\"name\":\"Radancy\",\"description\":\"Create Connections That Count.\",\"publisher\":{\"@id\":\"https:\\\/\\\/www.radancy.com\\\/es\\\/#organization\"},\"potentialAction\":[{\"@type\":\"SearchAction\",\"target\":{\"@type\":\"EntryPoint\",\"urlTemplate\":\"https:\\\/\\\/www.radancy.com\\\/es\\\/?s={search_term_string}\"},\"query-input\":{\"@type\":\"PropertyValueSpecification\",\"valueRequired\":true,\"valueName\":\"search_term_string\"}}],\"inLanguage\":\"es\"},{\"@type\":\"Organization\",\"@id\":\"https:\\\/\\\/www.radancy.com\\\/es\\\/#organization\",\"name\":\"Radancy\",\"url\":\"https:\\\/\\\/www.radancy.com\\\/es\\\/\",\"logo\":{\"@type\":\"ImageObject\",\"inLanguage\":\"es\",\"@id\":\"https:\\\/\\\/www.radancy.com\\\/es\\\/#\\\/schema\\\/logo\\\/image\\\/\",\"url\":\"https:\\\/\\\/www.radancy.com\\\/wp-content\\\/uploads\\\/2024\\\/06\\\/Radancy_Icon_RGB.svg\",\"contentUrl\":\"https:\\\/\\\/www.radancy.com\\\/wp-content\\\/uploads\\\/2024\\\/06\\\/Radancy_Icon_RGB.svg\",\"width\":1,\"height\":1,\"caption\":\"Radancy\"},\"image\":{\"@id\":\"https:\\\/\\\/www.radancy.com\\\/es\\\/#\\\/schema\\\/logo\\\/image\\\/\"},\"sameAs\":[\"https:\\\/\\\/www.facebook.com\\\/radancy\",\"https:\\\/\\\/x.com\\\/radancyco\",\"https:\\\/\\\/www.linkedin.com\\\/company\\\/radancy\\\/\",\"https:\\\/\\\/www.youtube.com\\\/Radancy\\\/videos\",\"https:\\\/\\\/www.instagram.com\\\/radancyco\"]}]}<\/script>\n<!-- \/ Yoast SEO Premium plugin. -->","yoast_head_json":{"title":"Prensa | Radancy","robots":{"index":"index","follow":"follow","max-snippet":"max-snippet:-1","max-image-preview":"max-image-preview:large","max-video-preview":"max-video-preview:-1"},"canonical":"https:\/\/www.radancy.com\/es\/sala-de-prensa-e-informacion-sobre-premios\/","og_locale":"es_ES","og_type":"article","og_title":"Prensa | Radancy","og_description":"Prensa Mant\u00e9ngase conectado con Radancy. Aqu\u00ed puede encontrar todo lo que necesita para mantenerse conectado con su socio durante la b\u00fasqueda de talento, con kits de medios de comunicaci\u00f3n, cobertura Read more...","og_url":"https:\/\/www.radancy.com\/es\/sala-de-prensa-e-informacion-sobre-premios\/","og_site_name":"Radancy","article_publisher":"https:\/\/www.facebook.com\/radancy","article_modified_time":"2025-07-15T11:41:20+00:00","og_image":[{"url":"https:\/\/tbcdn.talentbrew.com\/company\/34730\/gst_v1\/img\/meta\/Radancy-JobShare-img-FINAL_ES.jpg","type":"","width":"","height":""}],"twitter_card":"summary_large_image","twitter_title":"Prensa","twitter_site":"@radancyco","twitter_misc":{"Tiempo de lectura":"1 minuto"},"schema":{"@context":"https:\/\/schema.org","@graph":[{"@type":"WebPage","@id":"https:\/\/www.radancy.com\/es\/sala-de-prensa-e-informacion-sobre-premios\/","url":"https:\/\/www.radancy.com\/es\/sala-de-prensa-e-informacion-sobre-premios\/","name":"Prensa | Radancy","isPartOf":{"@id":"https:\/\/www.radancy.com\/es\/#website"},"datePublished":"2023-11-17T03:02:44+00:00","dateModified":"2025-07-15T11:41:20+00:00","breadcrumb":{"@id":"https:\/\/www.radancy.com\/es\/sala-de-prensa-e-informacion-sobre-premios\/#breadcrumb"},"inLanguage":"es","potentialAction":[{"@type":"ReadAction","target":["https:\/\/www.radancy.com\/es\/sala-de-prensa-e-informacion-sobre-premios\/"]}]},{"@type":"BreadcrumbList","@id":"https:\/\/www.radancy.com\/es\/sala-de-prensa-e-informacion-sobre-premios\/#breadcrumb","itemListElement":[{"@type":"ListItem","position":1,"name":"Home","item":"https:\/\/www.radancy.com\/es\/"},{"@type":"ListItem","position":2,"name":"Prensa"}]},{"@type":"WebSite","@id":"https:\/\/www.radancy.com\/es\/#website","url":"https:\/\/www.radancy.com\/es\/","name":"Radancy","description":"Create Connections That Count.","publisher":{"@id":"https:\/\/www.radancy.com\/es\/#organization"},"potentialAction":[{"@type":"SearchAction","target":{"@type":"EntryPoint","urlTemplate":"https:\/\/www.radancy.com\/es\/?s={search_term_string}"},"query-input":{"@type":"PropertyValueSpecification","valueRequired":true,"valueName":"search_term_string"}}],"inLanguage":"es"},{"@type":"Organization","@id":"https:\/\/www.radancy.com\/es\/#organization","name":"Radancy","url":"https:\/\/www.radancy.com\/es\/","logo":{"@type":"ImageObject","inLanguage":"es","@id":"https:\/\/www.radancy.com\/es\/#\/schema\/logo\/image\/","url":"https:\/\/www.radancy.com\/wp-content\/uploads\/2024\/06\/Radancy_Icon_RGB.svg","contentUrl":"https:\/\/www.radancy.com\/wp-content\/uploads\/2024\/06\/Radancy_Icon_RGB.svg","width":1,"height":1,"caption":"Radancy"},"image":{"@id":"https:\/\/www.radancy.com\/es\/#\/schema\/logo\/image\/"},"sameAs":["https:\/\/www.facebook.com\/radancy","https:\/\/x.com\/radancyco","https:\/\/www.linkedin.com\/company\/radancy\/","https:\/\/www.youtube.com\/Radancy\/videos","https:\/\/www.instagram.com\/radancyco"]}]}},"_links":{"self":[{"href":"https:\/\/www.radancy.com\/es\/wp-json\/wp\/v2\/pages\/12342","targetHints":{"allow":["GET"]}}],"collection":[{"href":"https:\/\/www.radancy.com\/es\/wp-json\/wp\/v2\/pages"}],"about":[{"href":"https:\/\/www.radancy.com\/es\/wp-json\/wp\/v2\/types\/page"}],"author":[{"embeddable":true,"href":"https:\/\/www.radancy.com\/es\/wp-json\/wp\/v2\/users\/26"}],"replies":[{"embeddable":true,"href":"https:\/\/www.radancy.com\/es\/wp-json\/wp\/v2\/comments?post=12342"}],"version-history":[{"count":0,"href":"https:\/\/www.radancy.com\/es\/wp-json\/wp\/v2\/pages\/12342\/revisions"}],"wp:attachment":[{"href":"https:\/\/www.radancy.com\/es\/wp-json\/wp\/v2\/media?parent=12342"}],"curies":[{"name":"wp","href":"https:\/\/api.w.org\/{rel}","templated":true}]}}