{"id":12336,"date":"2023-11-17T03:02:36","date_gmt":"2023-11-17T03:02:36","guid":{"rendered":"https:\/\/s45175.p1717.sites.pressdns.com\/internal-mobility\/"},"modified":"2025-09-30T08:39:39","modified_gmt":"2025-09-30T08:39:39","slug":"de-carreras-de-movilidad-interna","status":"publish","type":"page","link":"https:\/\/www.radancy.com\/es\/de-carreras-de-movilidad-interna\/","title":{"rendered":"Sitios de carreras de movilidad interna para empleados"},"content":{"rendered":"\n<div class=\"wp-block-cover alignfull max-visual js-offset-hero secondary-hero\"><span aria-hidden=\"true\" class=\"wp-block-cover__background has-primary-1-background-color has-background-dim-100 has-background-dim\"><\/span><div class=\"wp-block-cover__inner-container has-global-padding is-layout-constrained wp-block-cover-is-layout-constrained\">\n<div class=\"wp-block-columns fs-container is-layout-flex wp-container-core-columns-is-layout-28f84493 wp-block-columns-is-layout-flex\">\n<div class=\"wp-block-column fs-m-6 hero__content-wrapper is-layout-flow wp-block-column-is-layout-flow\" style=\"flex-basis:50%\">\n<div class=\"wp-block-group hero__content is-vertical is-content-justification-stretch is-layout-flex wp-container-core-group-is-layout-353c4f5a wp-block-group-is-layout-flex\">\n<h1 class=\"wp-block-heading headline--banner\" id=\"h-conecte-a-los-empleados-con-las-trayectorias-profesionales-y-las-comunicaciones\">Conecte a los empleados con las trayectorias profesionales y las comunicaciones.<\/h1>\n\n\n\n<div class=\"wp-block-group is-layout-flow wp-block-group-is-layout-flow\">\n<div class=\"wp-block-buttons button button--arrow button--on-dark-bg is-layout-flex wp-block-buttons-is-layout-flex\">\n<div class=\"wp-block-button\"><a class=\"wp-block-button__link wp-element-button\" href=\"https:\/\/www.radancy.com\/es\/contactenos\/\">Solicitar una demostraci\u00f3n<\/a><\/div>\n<\/div>\n<\/div>\n<\/div>\n<\/div>\n\n\n\n<div class=\"wp-block-column fs-m-6 hero__visual-wrapper is-layout-flow wp-block-column-is-layout-flow\" style=\"flex-basis:50%\">\n<div class=\"wp-block-group prod-check-inView element-exposed is-vertical is-content-justification-stretch is-layout-flex wp-container-core-group-is-layout-353c4f5a wp-block-group-is-layout-flex\">\n<div class=\"wp-block-group hero__visual-item hero__visual-item--top hero__visual-item--pull-up is-vertical is-content-justification-stretch is-layout-flex wp-container-core-group-is-layout-353c4f5a wp-block-group-is-layout-flex\">\n<figure class=\"wp-block-image hero__pattern js-top-hero-img home-header-top animated fadeInRight delay-100ms\"><img decoding=\"async\" src=\"https:\/\/www.radancy.com\/wp-content\/uploads\/2023\/11\/icon-pattern-2.png\" alt=\"\"\/><\/figure>\n<\/div>\n\n\n\n<div class=\"wp-block-group hero__visual-item hero__visual-item--bottom hero__visual-item--offset is-vertical is-content-justification-stretch is-layout-flex wp-container-core-group-is-layout-353c4f5a wp-block-group-is-layout-flex\">\n<figure class=\"wp-block-image js-bottom-hero-img hero__asset drop-shadow home-header-bottom animated fadeInLeft delay-100ms\"><img decoding=\"async\" src=\"https:\/\/www.radancy.com\/wp-content\/uploads\/2023\/11\/internal-mobility-header.jpg\" alt=\"\"\/><\/figure>\n<\/div>\n<\/div>\n<\/div>\n<\/div>\n<\/div><\/div>\n\n\n\n<section class=\"wp-block-group two-by-two-grid-with-icon is-vertical is-content-justification-stretch is-layout-flex wp-container-core-group-is-layout-47b0813a wp-block-group-is-layout-flex\" style=\"padding-bottom:70px\">\n<div class=\"wp-block-columns fs-container feat-content feat-content--sec is-layout-flex wp-container-core-columns-is-layout-28f84493 wp-block-columns-is-layout-flex\">\n<div class=\"wp-block-column fs-m-6 is-layout-flow wp-block-column-is-layout-flow\" style=\"flex-basis:50%\">\n<div class=\"wp-block-group pull-up is-vertical is-content-justification-stretch is-layout-flex wp-container-core-group-is-layout-353c4f5a wp-block-group-is-layout-flex\">\n<div class=\"wp-block-group section is-vertical is-content-justification-stretch is-layout-flex wp-container-core-group-is-layout-353c4f5a wp-block-group-is-layout-flex\">\n<div class=\"wp-block-group is-layout-flow wp-block-group-is-layout-flow\"><section class=\"\" style=\"\">\n\t<i class=\"icon icon--square icon-fullcolor-internal-mobility\"><\/i><\/section>\n<\/div>\n\n\n\n<h2 class=\"wp-block-heading headline--intro has-primary-1-color has-text-color has-link-color wp-elements-6f18524d439490aa26e22668c7b4825b\" id=\"h-sitio-de-movilidad-interna\">Sitio de Movilidad Interna<\/h2>\n\n\n\n<p>Aproveche el trabajo que ya ha hecho en su sitio de carreras profesionales externo con un sitio de movilidad interna donde se ofrecen las oportunidades m\u00e1s recientes de puestos de trabajo a los empleados que tiene actualmente. Ayude a que sus empleados se conviertan en candidatos al ofrecerles los recursos y la informaci\u00f3n sobre c\u00f3mo pueden avanzar dentro de su organizaci\u00f3n, lo que le permite ahorrar tiempo y los costos de hacer contrataciones externas.<\/p>\n<\/div>\n\n\n\n<div class=\"wp-block-group js-anaimated bm_container prod-flex__item prod-check-inView prod-ivVew-recheck prod-wait-till-mostly-inView element-exposed is-vertical is-content-justification-stretch is-layout-flex wp-container-core-group-is-layout-353c4f5a wp-block-group-is-layout-flex\">\n<figure class=\"wp-block-image js-anaimated bm_container prod-flex__item prod-check-inView element-exposed prod-ivVew-recheck prod-wait-till-mostly-inView icon-container-RadancyLabs\"><img decoding=\"async\" src=\"https:\/\/www.radancy.com\/wp-content\/uploads\/2023\/11\/svg_5bfb93a487887a5201555ce594f4089a.svg\" alt=\"SVG animation\"\/><\/figure>\n<\/div>\n<\/div>\n<\/div>\n\n\n\n<div class=\"wp-block-column fs-m-6 is-layout-flow wp-block-column-is-layout-flow\" style=\"flex-basis:50%\">\n<div class=\"wp-block-columns fs-forced-container fs-col-count-m-2 list-of-cards is-layout-flex wp-container-core-columns-is-layout-28f84493 wp-block-columns-is-layout-flex\">\n<div class=\"wp-block-column card-with-medium-visual is-layout-flow wp-block-column-is-layout-flow\" style=\"flex-basis:50%\">\n<div class=\"wp-block-group card-visual-item is-vertical is-content-justification-stretch is-layout-flex wp-container-core-group-is-layout-353c4f5a wp-block-group-is-layout-flex\"><section class=\"prod-check-inView fadeInLeft animated element-exposed animated\" style=\"\">\n\t<i class=\"icon icon--square icon--orange icon-monoline-FoundationalFeaturesData prod-check-inView fadeInLeftanimated element-exposed\"><\/i><\/section>\n<\/div>\n\n\n\n<div class=\"wp-block-group card-content-item is-vertical is-content-justification-stretch is-layout-flex wp-container-core-group-is-layout-353c4f5a wp-block-group-is-layout-flex\">\n<h3 class=\"wp-block-heading headline\" id=\"h-caracteristicas-fundacionales\">Caracter\u00edsticas Fundacionales<\/h3>\n\n\n\n<p>Incluye todas las caracter\u00edsticas b\u00e1sicas que se encuentran en su sitio de carreras profesionales principal, adem\u00e1s del registro opcional del empleado.<\/p>\n<\/div>\n<\/div>\n\n\n\n<div class=\"wp-block-column card-with-medium-visual is-layout-flow wp-block-column-is-layout-flow\" style=\"flex-basis:50%\">\n<div class=\"wp-block-group card-visual-item is-vertical is-content-justification-stretch is-layout-flex wp-container-core-group-is-layout-353c4f5a wp-block-group-is-layout-flex\"><section class=\"prod-check-inView fadeInLeft animated element-exposed animated\" style=\"\">\n\t<i class=\"icon icon--square icon--light-blue icon-monoline-MessagingDesign prod-check-inView fadeInLeftanimated element-exposed\"><\/i><\/section>\n<\/div>\n\n\n\n<div class=\"wp-block-group card-content-item is-vertical is-content-justification-stretch is-layout-flex wp-container-core-group-is-layout-353c4f5a wp-block-group-is-layout-flex\">\n<h3 class=\"wp-block-heading headline\" id=\"h-mensajes-y-diseno\">Mensajes y Dise\u00f1o<\/h3>\n\n\n\n<p>Ofrece una experiencia sobre la marca creada especialmente para su p\u00fablico interno.<\/p>\n<\/div>\n<\/div>\n\n\n\n<div class=\"wp-block-column card-with-medium-visual is-layout-flow wp-block-column-is-layout-flow\" style=\"flex-basis:50%\">\n<div class=\"wp-block-group card-visual-item is-vertical is-content-justification-stretch is-layout-flex wp-container-core-group-is-layout-353c4f5a wp-block-group-is-layout-flex\"><section class=\"prod-check-inView fadeInLeft animated element-exposed animated\" style=\"\">\n\t<i class=\"icon icon--square icon--yellow icon-monoline-survey prod-check-inView fadeInLeftanimated element-exposed\"><\/i><\/section>\n<\/div>\n\n\n\n<div class=\"wp-block-group card-content-item is-vertical is-content-justification-stretch is-layout-flex wp-container-core-group-is-layout-353c4f5a wp-block-group-is-layout-flex\">\n<h3 class=\"wp-block-heading headline\" id=\"h-encuestas\">Encuestas<\/h3>\n\n\n\n<p>Proporciona perspectiva sobre la salud y las motivaciones de los empleados a trav\u00e9s de encuestas personalizadas.<\/p>\n<\/div>\n<\/div>\n\n\n\n<div class=\"wp-block-column card-with-medium-visual is-layout-flow wp-block-column-is-layout-flow\" style=\"flex-basis:50%\">\n<div class=\"wp-block-group card-visual-item is-vertical is-content-justification-stretch is-layout-flex wp-container-core-group-is-layout-353c4f5a wp-block-group-is-layout-flex\"><section class=\"prod-check-inView fadeInLeft animated element-exposed animated\" style=\"\">\n\t<i class=\"icon icon--square icon--purple icon-monoline-EmployeeAmbassadors prod-check-inView fadeInLeftanimated element-exposed\"><\/i><\/section>\n<\/div>\n\n\n\n<div class=\"wp-block-group card-content-item is-vertical is-content-justification-stretch is-layout-flex wp-container-core-group-is-layout-353c4f5a wp-block-group-is-layout-flex\">\n<h3 class=\"wp-block-heading headline\" id=\"h-empleados-embajadores\">Empleados Embajadores<\/h3>\n\n\n\n<p>Destaca a los empleados como embajadores del empleado para que las conexiones dentro de la organizaci\u00f3n sean personalizadas.<\/p>\n<\/div>\n<\/div>\n\n\n\n<div class=\"wp-block-column card-with-medium-visual is-layout-flow wp-block-column-is-layout-flow\" style=\"flex-basis:50%\">\n<div class=\"wp-block-group card-visual-item is-vertical is-content-justification-stretch is-layout-flex wp-container-core-group-is-layout-353c4f5a wp-block-group-is-layout-flex\"><section class=\"prod-check-inView fadeInLeft animated element-exposed animated\" style=\"\">\n\t<i class=\"icon icon--square icon--blue icon-monoline-Marketing prod-check-inView fadeInLeftanimated element-exposed\"><\/i><\/section>\n<\/div>\n\n\n\n<div class=\"wp-block-group card-content-item is-vertical is-content-justification-stretch is-layout-flex wp-container-core-group-is-layout-353c4f5a wp-block-group-is-layout-flex\">\n<h3 class=\"wp-block-heading headline\" id=\"h-contenido-informativo\">Contenido Informativo<\/h3>\n\n\n\n<p>Informa a los candidatos sobre los nuevos puestos, proyectos y tutor\u00eda con contenido, descripciones de empleo, notificaciones push y medios dirigidos que se han creado espec\u00edficamente para uso interno.<\/p>\n<\/div>\n<\/div>\n\n\n\n<div class=\"wp-block-column card-with-medium-visual is-layout-flow wp-block-column-is-layout-flow\" style=\"flex-basis:50%\">\n<div class=\"wp-block-group card-visual-item is-vertical is-content-justification-stretch is-layout-flex wp-container-core-group-is-layout-353c4f5a wp-block-group-is-layout-flex\"><section class=\"prod-check-inView fadeInLeft animated element-exposed animated\" style=\"\">\n\t<i class=\"icon icon--square icon--mint-green icon-monoline-InternalTalentCommunity prod-check-inView fadeInLeftanimated element-exposed\"><\/i><\/section>\n<\/div>\n\n\n\n<div class=\"wp-block-group card-content-item is-vertical is-content-justification-stretch is-layout-flex wp-container-core-group-is-layout-353c4f5a wp-block-group-is-layout-flex\">\n<h3 class=\"wp-block-heading headline\" id=\"h-comunidad-de-talento-interno\">Comunidad de Talento Interno<\/h3>\n\n\n\n<p>Crea una comunidad \u00fanica de talento compuesta por candidatos internos para las campa\u00f1as internas y las comunicaciones dirigidas.<\/p>\n<\/div>\n<\/div>\n<\/div>\n<\/div>\n<\/div>\n<\/section>\n\n\n\n<div class=\"wp-block-group alignfull cta has-neutral-1-color has-primary-2-background-color has-text-color has-background has-global-padding is-layout-constrained wp-container-core-group-is-layout-86ad42c5 wp-block-group-is-layout-constrained\" style=\"margin-top:0px;margin-bottom:0px;padding-top:var(--wp--preset--spacing--30);padding-right:var(--wp--preset--spacing--30);padding-bottom:var(--wp--preset--spacing--30);padding-left:var(--wp--preset--spacing--30)\">\n<p class=\"has-text-align-center\">Habla con nosotros para acelerar tus resultados de contrataci\u00f3n y maximizar el ROI con una plataforma de IA completa.<\/p>\n\n\n\n<div class=\"wp-block-buttons is-content-justification-center is-layout-flex wp-container-core-buttons-is-layout-a89b3969 wp-block-buttons-is-layout-flex\">\n<div class=\"wp-block-button\"><a class=\"wp-block-button__link wp-element-button\" href=\"https:\/\/www.radancy.com\/es\/contactenos\/\">Agendar una demostraci\u00f3n<\/a><\/div>\n<\/div>\n<\/div>\n","protected":false},"excerpt":{"rendered":"<p>Sitio de Movilidad Interna Aproveche el trabajo que ya ha hecho en su sitio de carreras profesionales externo con un sitio de movilidad interna donde se ofrecen las oportunidades m\u00e1s <a class=\"more-link\" href=\"https:\/\/www.radancy.com\/es\/de-carreras-de-movilidad-interna\/\">Read more&#8230;<\/a><\/p>\n","protected":false},"author":26,"featured_media":0,"parent":0,"menu_order":0,"comment_status":"closed","ping_status":"closed","template":"","meta":{"_acf_changed":false,"_EventAllDay":false,"_EventTimezone":"","_EventStartDate":"","_EventEndDate":"","_EventStartDateUTC":"","_EventEndDateUTC":"","_EventShowMap":false,"_EventShowMapLink":false,"_EventURL":"","_EventCost":"","_EventCostDescription":"","_EventCurrencySymbol":"","_EventCurrencyCode":"","_EventCurrencyPosition":"","_EventDateTimeSeparator":"","_EventTimeRangeSeparator":"","_EventOrganizerID":[],"_EventVenueID":[],"_OrganizerEmail":"","_OrganizerPhone":"","_OrganizerWebsite":"","_VenueAddress":"","_VenueCity":"","_VenueCountry":"","_VenueProvince":"","_VenueState":"","_VenueZip":"","_VenuePhone":"","_VenueURL":"","_VenueStateProvince":"","_VenueLat":"","_VenueLng":"","_VenueShowMap":false,"_VenueShowMapLink":false,"_tribe_blocks_recurrence_rules":"","_tribe_blocks_recurrence_description":"","_tribe_blocks_recurrence_exclusions":"","footnotes":""},"class_list":["post-12336","page","type-page","status-publish","hentry"],"acf":[],"yoast_head":"<!-- This site is optimized with the Yoast SEO Premium plugin v26.2 (Yoast SEO v27.6) - https:\/\/yoast.com\/product\/yoast-seo-premium-wordpress\/ -->\n<title>Sitios de carreras de movilidad interna para empleados | Radancy<\/title>\n<meta name=\"robots\" content=\"index, follow, max-snippet:-1, max-image-preview:large, max-video-preview:-1\" \/>\n<link rel=\"canonical\" href=\"https:\/\/www.radancy.com\/es\/de-carreras-de-movilidad-interna\/\" \/>\n<meta property=\"og:locale\" content=\"es_ES\" \/>\n<meta property=\"og:type\" content=\"article\" \/>\n<meta property=\"og:title\" content=\"Sitios de carreras de movilidad interna para empleados |\" \/>\n<meta property=\"og:description\" content=\"Sitio de Movilidad Interna Aproveche el trabajo que ya ha hecho en su sitio de carreras profesionales externo con un sitio de movilidad interna donde se ofrecen las oportunidades m\u00e1s Read more...\" \/>\n<meta property=\"og:url\" content=\"https:\/\/www.radancy.com\/es\/de-carreras-de-movilidad-interna\/\" \/>\n<meta property=\"og:site_name\" content=\"Radancy\" \/>\n<meta property=\"article:publisher\" content=\"https:\/\/www.facebook.com\/radancy\" \/>\n<meta property=\"article:modified_time\" content=\"2025-09-30T08:39:39+00:00\" \/>\n<meta property=\"og:image\" content=\"https:\/\/tbcdn.talentbrew.com\/company\/34730\/gst_v1\/img\/meta\/Radancy-JobShare-img-FINAL_ES.jpg\" \/>\n<meta name=\"twitter:card\" content=\"summary_large_image\" \/>\n<meta name=\"twitter:title\" content=\"Sitios de carreras de movilidad interna para empleados\" \/>\n<meta name=\"twitter:site\" content=\"@radancyco\" \/>\n<meta name=\"twitter:label1\" content=\"Tiempo de lectura\" \/>\n\t<meta name=\"twitter:data1\" content=\"4 minutos\" \/>\n<script type=\"application\/ld+json\" class=\"yoast-schema-graph\">{\"@context\":\"https:\\\/\\\/schema.org\",\"@graph\":[{\"@type\":\"WebPage\",\"@id\":\"https:\\\/\\\/www.radancy.com\\\/es\\\/de-carreras-de-movilidad-interna\\\/\",\"url\":\"https:\\\/\\\/www.radancy.com\\\/es\\\/de-carreras-de-movilidad-interna\\\/\",\"name\":\"Sitios de carreras de movilidad interna para empleados | Radancy\",\"isPartOf\":{\"@id\":\"https:\\\/\\\/www.radancy.com\\\/es\\\/#website\"},\"primaryImageOfPage\":{\"@id\":\"https:\\\/\\\/www.radancy.com\\\/es\\\/de-carreras-de-movilidad-interna\\\/#primaryimage\"},\"image\":{\"@id\":\"https:\\\/\\\/www.radancy.com\\\/es\\\/de-carreras-de-movilidad-interna\\\/#primaryimage\"},\"thumbnailUrl\":\"https:\\\/\\\/www.radancy.com\\\/wp-content\\\/uploads\\\/2023\\\/11\\\/icon-pattern-2.png\",\"datePublished\":\"2023-11-17T03:02:36+00:00\",\"dateModified\":\"2025-09-30T08:39:39+00:00\",\"breadcrumb\":{\"@id\":\"https:\\\/\\\/www.radancy.com\\\/es\\\/de-carreras-de-movilidad-interna\\\/#breadcrumb\"},\"inLanguage\":\"es\",\"potentialAction\":[{\"@type\":\"ReadAction\",\"target\":[\"https:\\\/\\\/www.radancy.com\\\/es\\\/de-carreras-de-movilidad-interna\\\/\"]}]},{\"@type\":\"ImageObject\",\"inLanguage\":\"es\",\"@id\":\"https:\\\/\\\/www.radancy.com\\\/es\\\/de-carreras-de-movilidad-interna\\\/#primaryimage\",\"url\":\"https:\\\/\\\/www.radancy.com\\\/wp-content\\\/uploads\\\/2023\\\/11\\\/icon-pattern-2.png\",\"contentUrl\":\"https:\\\/\\\/www.radancy.com\\\/wp-content\\\/uploads\\\/2023\\\/11\\\/icon-pattern-2.png\"},{\"@type\":\"BreadcrumbList\",\"@id\":\"https:\\\/\\\/www.radancy.com\\\/es\\\/de-carreras-de-movilidad-interna\\\/#breadcrumb\",\"itemListElement\":[{\"@type\":\"ListItem\",\"position\":1,\"name\":\"Home\",\"item\":\"https:\\\/\\\/www.radancy.com\\\/es\\\/\"},{\"@type\":\"ListItem\",\"position\":2,\"name\":\"Sitios de carreras de movilidad interna para empleados\"}]},{\"@type\":\"WebSite\",\"@id\":\"https:\\\/\\\/www.radancy.com\\\/es\\\/#website\",\"url\":\"https:\\\/\\\/www.radancy.com\\\/es\\\/\",\"name\":\"Radancy\",\"description\":\"Create Connections That Count.\",\"publisher\":{\"@id\":\"https:\\\/\\\/www.radancy.com\\\/es\\\/#organization\"},\"potentialAction\":[{\"@type\":\"SearchAction\",\"target\":{\"@type\":\"EntryPoint\",\"urlTemplate\":\"https:\\\/\\\/www.radancy.com\\\/es\\\/?s={search_term_string}\"},\"query-input\":{\"@type\":\"PropertyValueSpecification\",\"valueRequired\":true,\"valueName\":\"search_term_string\"}}],\"inLanguage\":\"es\"},{\"@type\":\"Organization\",\"@id\":\"https:\\\/\\\/www.radancy.com\\\/es\\\/#organization\",\"name\":\"Radancy\",\"url\":\"https:\\\/\\\/www.radancy.com\\\/es\\\/\",\"logo\":{\"@type\":\"ImageObject\",\"inLanguage\":\"es\",\"@id\":\"https:\\\/\\\/www.radancy.com\\\/es\\\/#\\\/schema\\\/logo\\\/image\\\/\",\"url\":\"https:\\\/\\\/www.radancy.com\\\/wp-content\\\/uploads\\\/2024\\\/06\\\/Radancy_Icon_RGB.svg\",\"contentUrl\":\"https:\\\/\\\/www.radancy.com\\\/wp-content\\\/uploads\\\/2024\\\/06\\\/Radancy_Icon_RGB.svg\",\"width\":1,\"height\":1,\"caption\":\"Radancy\"},\"image\":{\"@id\":\"https:\\\/\\\/www.radancy.com\\\/es\\\/#\\\/schema\\\/logo\\\/image\\\/\"},\"sameAs\":[\"https:\\\/\\\/www.facebook.com\\\/radancy\",\"https:\\\/\\\/x.com\\\/radancyco\",\"https:\\\/\\\/www.linkedin.com\\\/company\\\/radancy\\\/\",\"https:\\\/\\\/www.youtube.com\\\/Radancy\\\/videos\",\"https:\\\/\\\/www.instagram.com\\\/radancyco\"]}]}<\/script>\n<!-- \/ Yoast SEO Premium plugin. -->","yoast_head_json":{"title":"Sitios de carreras de movilidad interna para empleados | Radancy","robots":{"index":"index","follow":"follow","max-snippet":"max-snippet:-1","max-image-preview":"max-image-preview:large","max-video-preview":"max-video-preview:-1"},"canonical":"https:\/\/www.radancy.com\/es\/de-carreras-de-movilidad-interna\/","og_locale":"es_ES","og_type":"article","og_title":"Sitios de carreras de movilidad interna para empleados |","og_description":"Sitio de Movilidad Interna Aproveche el trabajo que ya ha hecho en su sitio de carreras profesionales externo con un sitio de movilidad interna donde se ofrecen las oportunidades m\u00e1s Read more...","og_url":"https:\/\/www.radancy.com\/es\/de-carreras-de-movilidad-interna\/","og_site_name":"Radancy","article_publisher":"https:\/\/www.facebook.com\/radancy","article_modified_time":"2025-09-30T08:39:39+00:00","og_image":[{"url":"https:\/\/tbcdn.talentbrew.com\/company\/34730\/gst_v1\/img\/meta\/Radancy-JobShare-img-FINAL_ES.jpg","type":"","width":"","height":""}],"twitter_card":"summary_large_image","twitter_title":"Sitios de carreras de movilidad interna para empleados","twitter_site":"@radancyco","twitter_misc":{"Tiempo de lectura":"4 minutos"},"schema":{"@context":"https:\/\/schema.org","@graph":[{"@type":"WebPage","@id":"https:\/\/www.radancy.com\/es\/de-carreras-de-movilidad-interna\/","url":"https:\/\/www.radancy.com\/es\/de-carreras-de-movilidad-interna\/","name":"Sitios de carreras de movilidad interna para empleados | Radancy","isPartOf":{"@id":"https:\/\/www.radancy.com\/es\/#website"},"primaryImageOfPage":{"@id":"https:\/\/www.radancy.com\/es\/de-carreras-de-movilidad-interna\/#primaryimage"},"image":{"@id":"https:\/\/www.radancy.com\/es\/de-carreras-de-movilidad-interna\/#primaryimage"},"thumbnailUrl":"https:\/\/www.radancy.com\/wp-content\/uploads\/2023\/11\/icon-pattern-2.png","datePublished":"2023-11-17T03:02:36+00:00","dateModified":"2025-09-30T08:39:39+00:00","breadcrumb":{"@id":"https:\/\/www.radancy.com\/es\/de-carreras-de-movilidad-interna\/#breadcrumb"},"inLanguage":"es","potentialAction":[{"@type":"ReadAction","target":["https:\/\/www.radancy.com\/es\/de-carreras-de-movilidad-interna\/"]}]},{"@type":"ImageObject","inLanguage":"es","@id":"https:\/\/www.radancy.com\/es\/de-carreras-de-movilidad-interna\/#primaryimage","url":"https:\/\/www.radancy.com\/wp-content\/uploads\/2023\/11\/icon-pattern-2.png","contentUrl":"https:\/\/www.radancy.com\/wp-content\/uploads\/2023\/11\/icon-pattern-2.png"},{"@type":"BreadcrumbList","@id":"https:\/\/www.radancy.com\/es\/de-carreras-de-movilidad-interna\/#breadcrumb","itemListElement":[{"@type":"ListItem","position":1,"name":"Home","item":"https:\/\/www.radancy.com\/es\/"},{"@type":"ListItem","position":2,"name":"Sitios de carreras de movilidad interna para empleados"}]},{"@type":"WebSite","@id":"https:\/\/www.radancy.com\/es\/#website","url":"https:\/\/www.radancy.com\/es\/","name":"Radancy","description":"Create Connections That Count.","publisher":{"@id":"https:\/\/www.radancy.com\/es\/#organization"},"potentialAction":[{"@type":"SearchAction","target":{"@type":"EntryPoint","urlTemplate":"https:\/\/www.radancy.com\/es\/?s={search_term_string}"},"query-input":{"@type":"PropertyValueSpecification","valueRequired":true,"valueName":"search_term_string"}}],"inLanguage":"es"},{"@type":"Organization","@id":"https:\/\/www.radancy.com\/es\/#organization","name":"Radancy","url":"https:\/\/www.radancy.com\/es\/","logo":{"@type":"ImageObject","inLanguage":"es","@id":"https:\/\/www.radancy.com\/es\/#\/schema\/logo\/image\/","url":"https:\/\/www.radancy.com\/wp-content\/uploads\/2024\/06\/Radancy_Icon_RGB.svg","contentUrl":"https:\/\/www.radancy.com\/wp-content\/uploads\/2024\/06\/Radancy_Icon_RGB.svg","width":1,"height":1,"caption":"Radancy"},"image":{"@id":"https:\/\/www.radancy.com\/es\/#\/schema\/logo\/image\/"},"sameAs":["https:\/\/www.facebook.com\/radancy","https:\/\/x.com\/radancyco","https:\/\/www.linkedin.com\/company\/radancy\/","https:\/\/www.youtube.com\/Radancy\/videos","https:\/\/www.instagram.com\/radancyco"]}]}},"_links":{"self":[{"href":"https:\/\/www.radancy.com\/es\/wp-json\/wp\/v2\/pages\/12336","targetHints":{"allow":["GET"]}}],"collection":[{"href":"https:\/\/www.radancy.com\/es\/wp-json\/wp\/v2\/pages"}],"about":[{"href":"https:\/\/www.radancy.com\/es\/wp-json\/wp\/v2\/types\/page"}],"author":[{"embeddable":true,"href":"https:\/\/www.radancy.com\/es\/wp-json\/wp\/v2\/users\/26"}],"replies":[{"embeddable":true,"href":"https:\/\/www.radancy.com\/es\/wp-json\/wp\/v2\/comments?post=12336"}],"version-history":[{"count":0,"href":"https:\/\/www.radancy.com\/es\/wp-json\/wp\/v2\/pages\/12336\/revisions"}],"wp:attachment":[{"href":"https:\/\/www.radancy.com\/es\/wp-json\/wp\/v2\/media?parent=12336"}],"curies":[{"name":"wp","href":"https:\/\/api.w.org\/{rel}","templated":true}]}}