{"id":12274,"date":"2023-11-17T03:01:48","date_gmt":"2023-11-17T03:01:48","guid":{"rendered":"https:\/\/s45175.p1717.sites.pressdns.com\/brand-development\/"},"modified":"2025-09-30T08:04:00","modified_gmt":"2025-09-30T08:04:00","slug":"desarrollo-de-la-marca","status":"publish","type":"page","link":"https:\/\/www.radancy.com\/es\/desarrollo-de-la-marca\/","title":{"rendered":"Desarrollo de la Marca"},"content":{"rendered":"\n<div class=\"wp-block-group alignfull title-bar has-neutral-1-color has-primary-3-background-color has-text-color has-background is-vertical is-content-justification-center is-layout-flex wp-container-core-group-is-layout-95c46550 wp-block-group-is-layout-flex\" style=\"margin-top:0;margin-bottom:60px;padding-top:35px;padding-right:35px;padding-bottom:35px;padding-left:35px\">\n<h2 class=\"wp-block-heading has-accent-font-family has-headline-smallest-font-size\" id=\"h-desarrollo-de-la-marca\" style=\"margin-top:0;margin-bottom:0;font-style:normal;font-weight:400\">Desarrollo de la Marca<\/h2>\n<\/div>\n\n\n\n<section class=\"wp-block-group section--centered section--extra-spacing section icon-heading-text-button-section is-vertical is-content-justification-center is-layout-flex wp-container-core-group-is-layout-ce155fab wp-block-group-is-layout-flex\">\n<div class=\"wp-block-group is-layout-flow wp-block-group-is-layout-flow\"><section class=\"\" style=\"\">\n\t<i class=\"icon icon--square icon-fullcolor-brand-development\"><\/i><\/section>\n<\/div>\n\n\n\n<h2 class=\"wp-block-heading headline--intro has-primary-1-color has-text-color has-link-color wp-elements-c68d6aa01e9cb1220f9768842c530dfd\" id=\"h-establezca-una-marca-que-crea-conexiones\">Establezca una marca que crea conexiones.<\/h2>\n\n\n\n<p class=\"a-liitle-more-spacing\">Su marca de empleador es una plataforma estrat\u00e9gica que gu\u00eda su mensaje creativo y las diferentes formas en que la gente vive su marca. Los expertos en marca de Radancy trabajan con usted para comprender sus objetivos espec\u00edficos, as\u00ed como las m\u00e9tricas para tener \u00e9xito. Nos ocupamos de recopilar y analizar investigaciones cualitativas y cuantitativas para producir una estrategia que lo conecta a usted con los candidatos mediante experiencias y comunicaciones pertinentes y convincentes.<\/p>\n\n\n\n<div class=\"wp-block-group is-layout-flow wp-block-group-is-layout-flow\">\n<div class=\"wp-block-buttons button button--arrow is-layout-flex wp-block-buttons-is-layout-flex\">\n<div class=\"wp-block-button\"><a class=\"wp-block-button__link wp-element-button\" href=\"\/es\/soluciones-para-clientes\/\">VER NUESTRO TRABAJO<\/a><\/div>\n<\/div>\n<\/div>\n<\/section>\n\n\n\n<section class=\"wp-block-group section is-vertical is-content-justification-stretch is-layout-flex wp-container-core-group-is-layout-353c4f5a wp-block-group-is-layout-flex\">\n<div class=\"wp-block-columns list-of-cards fs-forced-container fs-col-count-1 fs-col-count-m-2 is-layout-flex wp-container-core-columns-is-layout-28f84493 wp-block-columns-is-layout-flex\">\n<div class=\"wp-block-column img-card__col section--extra-spacing is-layout-flow wp-block-column-is-layout-flow\">\n<h3 class=\"wp-block-heading headline has-copy-font-family\" id=\"h-creacion-de-la-base\">Creaci\u00f3n de la base.<\/h3>\n\n\n\n<p>Este viaje comienza con una proposici\u00f3n de valor del empleado (Employment Value Proposition, EVP), componente principal de su marca de empleador. La EVP es la trama que conecta las acciones de su organizaci\u00f3n con la experiencia que vive el empleado, unifica lo que dice con lo que hace. Es la fuerza catalizadora que subyace a todas sus comunicaciones y que define los motivos por los que las personas deben ser parte de su organizaci\u00f3n.<\/p>\n<\/div>\n\n\n\n<div class=\"wp-block-column img-card__col section--extra-spacing is-layout-flow wp-block-column-is-layout-flow\">\n<h3 class=\"wp-block-heading headline has-copy-font-family\" id=\"h-determinacion-de-la-promesa\">Determinaci\u00f3n de la promesa.<\/h3>\n\n\n\n<p>Nuestra encuesta EVP Pulse (para empleados existentes) y la encuesta Early Impressions (empleados recientemente contratados) proporcionan percepciones internas de eficacia de la marca, lo que le otorga a usted la capacidad de evaluar tanto sus puntos fuertes como sus deficiencias. Toda esta informaci\u00f3n le permite modificar o revisar sus mensajes, los medios de comunicaci\u00f3n o la experiencia de empleo en s\u00ed.<\/p>\n<\/div>\n<\/div>\n<\/section>\n\n\n\n<section class=\"wp-block-group section is-vertical is-content-justification-stretch is-layout-flex wp-container-core-group-is-layout-47b0813a wp-block-group-is-layout-flex\" style=\"padding-bottom:70px\">\n<div class=\"wp-block-columns list-of-cards fs-forced-container fs-col-count-1 fs-col-count-m-2 is-layout-flex wp-container-core-columns-is-layout-28f84493 wp-block-columns-is-layout-flex\">\n<div class=\"wp-block-column img-card__col section--extra-spacing is-layout-flow wp-block-column-is-layout-flow\">\n<figure class=\"wp-block-image\"><img decoding=\"async\" src=\"https:\/\/www.radancy.com\/wp-content\/uploads\/2023\/11\/brand-development-01.jpg\" alt=\"Cell phones displaying web applications\"\/><\/figure>\n<\/div>\n\n\n\n<div class=\"wp-block-column img-card__col section--extra-spacing is-layout-flow wp-block-column-is-layout-flow\">\n<figure class=\"wp-block-image\"><img decoding=\"async\" src=\"https:\/\/www.radancy.com\/wp-content\/uploads\/2023\/11\/brand-development-02.jpg\" alt=\"Tablet displaying web application\"\/><\/figure>\n<\/div>\n<\/div>\n<\/section>\n\n\n\n<div class=\"wp-block-group alignfull cta has-neutral-1-color has-primary-2-background-color has-text-color has-background has-global-padding is-layout-constrained wp-container-core-group-is-layout-86ad42c5 wp-block-group-is-layout-constrained\" style=\"margin-top:0px;margin-bottom:0px;padding-top:var(--wp--preset--spacing--30);padding-right:var(--wp--preset--spacing--30);padding-bottom:var(--wp--preset--spacing--30);padding-left:var(--wp--preset--spacing--30)\">\n<p class=\"has-text-align-center\">Habla con nosotros para acelerar tus resultados de contrataci\u00f3n y maximizar el ROI con una plataforma de IA completa.<\/p>\n\n\n\n<div class=\"wp-block-buttons is-content-justification-center is-layout-flex wp-container-core-buttons-is-layout-a89b3969 wp-block-buttons-is-layout-flex\">\n<div class=\"wp-block-button\"><a class=\"wp-block-button__link wp-element-button\" href=\"https:\/\/www.radancy.com\/es\/contactenos\/\">Agendar una demostraci\u00f3n<\/a><\/div>\n<\/div>\n<\/div>\n","protected":false},"excerpt":{"rendered":"<p>Desarrollo de la Marca Establezca una marca que crea conexiones. Su marca de empleador es una plataforma estrat\u00e9gica que gu\u00eda su mensaje creativo y las diferentes formas en que la <a class=\"more-link\" href=\"https:\/\/www.radancy.com\/es\/desarrollo-de-la-marca\/\">Read more&#8230;<\/a><\/p>\n","protected":false},"author":26,"featured_media":0,"parent":0,"menu_order":0,"comment_status":"closed","ping_status":"closed","template":"","meta":{"_acf_changed":false,"_EventAllDay":false,"_EventTimezone":"","_EventStartDate":"","_EventEndDate":"","_EventStartDateUTC":"","_EventEndDateUTC":"","_EventShowMap":false,"_EventShowMapLink":false,"_EventURL":"","_EventCost":"","_EventCostDescription":"","_EventCurrencySymbol":"","_EventCurrencyCode":"","_EventCurrencyPosition":"","_EventDateTimeSeparator":"","_EventTimeRangeSeparator":"","_EventOrganizerID":[],"_EventVenueID":[],"_OrganizerEmail":"","_OrganizerPhone":"","_OrganizerWebsite":"","_VenueAddress":"","_VenueCity":"","_VenueCountry":"","_VenueProvince":"","_VenueState":"","_VenueZip":"","_VenuePhone":"","_VenueURL":"","_VenueStateProvince":"","_VenueLat":"","_VenueLng":"","_VenueShowMap":false,"_VenueShowMapLink":false,"_tribe_blocks_recurrence_rules":"","_tribe_blocks_recurrence_description":"","_tribe_blocks_recurrence_exclusions":"","footnotes":""},"class_list":["post-12274","page","type-page","status-publish","hentry"],"acf":[],"yoast_head":"<!-- This site is optimized with the Yoast SEO Premium plugin v26.2 (Yoast SEO v27.4) - https:\/\/yoast.com\/product\/yoast-seo-premium-wordpress\/ -->\n<title>Desarrollo de la Marca | Radancy<\/title>\n<meta name=\"robots\" content=\"index, follow, max-snippet:-1, max-image-preview:large, max-video-preview:-1\" \/>\n<link rel=\"canonical\" href=\"https:\/\/www.radancy.com\/es\/desarrollo-de-la-marca\/\" \/>\n<meta property=\"og:locale\" content=\"es_ES\" \/>\n<meta property=\"og:type\" content=\"article\" \/>\n<meta property=\"og:title\" content=\"Desarrollo de la Marca | Radancy\" \/>\n<meta property=\"og:description\" content=\"Desarrollo de la Marca Establezca una marca que crea conexiones. Su marca de empleador es una plataforma estrat\u00e9gica que gu\u00eda su mensaje creativo y las diferentes formas en que la Read more...\" \/>\n<meta property=\"og:url\" content=\"https:\/\/www.radancy.com\/es\/desarrollo-de-la-marca\/\" \/>\n<meta property=\"og:site_name\" content=\"Radancy\" \/>\n<meta property=\"article:publisher\" content=\"https:\/\/www.facebook.com\/radancy\" \/>\n<meta property=\"article:modified_time\" content=\"2025-09-30T08:04:00+00:00\" \/>\n<meta property=\"og:image\" content=\"https:\/\/tbcdn.talentbrew.com\/company\/34730\/gst_v1\/img\/meta\/Radancy-JobShare-img-FINAL_ES.jpg\" \/>\n<meta name=\"twitter:card\" content=\"summary_large_image\" \/>\n<meta name=\"twitter:title\" content=\"Desarrollo de la Marca\" \/>\n<meta name=\"twitter:site\" content=\"@radancyco\" \/>\n<meta name=\"twitter:label1\" content=\"Tiempo de lectura\" \/>\n\t<meta name=\"twitter:data1\" content=\"2 minutos\" \/>\n<script type=\"application\/ld+json\" class=\"yoast-schema-graph\">{\"@context\":\"https:\\\/\\\/schema.org\",\"@graph\":[{\"@type\":\"WebPage\",\"@id\":\"https:\\\/\\\/www.radancy.com\\\/es\\\/desarrollo-de-la-marca\\\/\",\"url\":\"https:\\\/\\\/www.radancy.com\\\/es\\\/desarrollo-de-la-marca\\\/\",\"name\":\"Desarrollo de la Marca | Radancy\",\"isPartOf\":{\"@id\":\"https:\\\/\\\/www.radancy.com\\\/es\\\/#website\"},\"primaryImageOfPage\":{\"@id\":\"https:\\\/\\\/www.radancy.com\\\/es\\\/desarrollo-de-la-marca\\\/#primaryimage\"},\"image\":{\"@id\":\"https:\\\/\\\/www.radancy.com\\\/es\\\/desarrollo-de-la-marca\\\/#primaryimage\"},\"thumbnailUrl\":\"https:\\\/\\\/www.radancy.com\\\/wp-content\\\/uploads\\\/2023\\\/11\\\/brand-development-01.jpg\",\"datePublished\":\"2023-11-17T03:01:48+00:00\",\"dateModified\":\"2025-09-30T08:04:00+00:00\",\"breadcrumb\":{\"@id\":\"https:\\\/\\\/www.radancy.com\\\/es\\\/desarrollo-de-la-marca\\\/#breadcrumb\"},\"inLanguage\":\"es\",\"potentialAction\":[{\"@type\":\"ReadAction\",\"target\":[\"https:\\\/\\\/www.radancy.com\\\/es\\\/desarrollo-de-la-marca\\\/\"]}]},{\"@type\":\"ImageObject\",\"inLanguage\":\"es\",\"@id\":\"https:\\\/\\\/www.radancy.com\\\/es\\\/desarrollo-de-la-marca\\\/#primaryimage\",\"url\":\"https:\\\/\\\/www.radancy.com\\\/wp-content\\\/uploads\\\/2023\\\/11\\\/brand-development-01.jpg\",\"contentUrl\":\"https:\\\/\\\/www.radancy.com\\\/wp-content\\\/uploads\\\/2023\\\/11\\\/brand-development-01.jpg\"},{\"@type\":\"BreadcrumbList\",\"@id\":\"https:\\\/\\\/www.radancy.com\\\/es\\\/desarrollo-de-la-marca\\\/#breadcrumb\",\"itemListElement\":[{\"@type\":\"ListItem\",\"position\":1,\"name\":\"Home\",\"item\":\"https:\\\/\\\/www.radancy.com\\\/es\\\/\"},{\"@type\":\"ListItem\",\"position\":2,\"name\":\"Desarrollo de la Marca\"}]},{\"@type\":\"WebSite\",\"@id\":\"https:\\\/\\\/www.radancy.com\\\/es\\\/#website\",\"url\":\"https:\\\/\\\/www.radancy.com\\\/es\\\/\",\"name\":\"Radancy\",\"description\":\"Create Connections That Count.\",\"publisher\":{\"@id\":\"https:\\\/\\\/www.radancy.com\\\/es\\\/#organization\"},\"potentialAction\":[{\"@type\":\"SearchAction\",\"target\":{\"@type\":\"EntryPoint\",\"urlTemplate\":\"https:\\\/\\\/www.radancy.com\\\/es\\\/?s={search_term_string}\"},\"query-input\":{\"@type\":\"PropertyValueSpecification\",\"valueRequired\":true,\"valueName\":\"search_term_string\"}}],\"inLanguage\":\"es\"},{\"@type\":\"Organization\",\"@id\":\"https:\\\/\\\/www.radancy.com\\\/es\\\/#organization\",\"name\":\"Radancy\",\"url\":\"https:\\\/\\\/www.radancy.com\\\/es\\\/\",\"logo\":{\"@type\":\"ImageObject\",\"inLanguage\":\"es\",\"@id\":\"https:\\\/\\\/www.radancy.com\\\/es\\\/#\\\/schema\\\/logo\\\/image\\\/\",\"url\":\"https:\\\/\\\/www.radancy.com\\\/wp-content\\\/uploads\\\/2024\\\/06\\\/Radancy_Icon_RGB.svg\",\"contentUrl\":\"https:\\\/\\\/www.radancy.com\\\/wp-content\\\/uploads\\\/2024\\\/06\\\/Radancy_Icon_RGB.svg\",\"width\":1,\"height\":1,\"caption\":\"Radancy\"},\"image\":{\"@id\":\"https:\\\/\\\/www.radancy.com\\\/es\\\/#\\\/schema\\\/logo\\\/image\\\/\"},\"sameAs\":[\"https:\\\/\\\/www.facebook.com\\\/radancy\",\"https:\\\/\\\/x.com\\\/radancyco\",\"https:\\\/\\\/www.linkedin.com\\\/company\\\/radancy\\\/\",\"https:\\\/\\\/www.youtube.com\\\/Radancy\\\/videos\",\"https:\\\/\\\/www.instagram.com\\\/radancyco\"]}]}<\/script>\n<!-- \/ Yoast SEO Premium plugin. -->","yoast_head_json":{"title":"Desarrollo de la Marca | Radancy","robots":{"index":"index","follow":"follow","max-snippet":"max-snippet:-1","max-image-preview":"max-image-preview:large","max-video-preview":"max-video-preview:-1"},"canonical":"https:\/\/www.radancy.com\/es\/desarrollo-de-la-marca\/","og_locale":"es_ES","og_type":"article","og_title":"Desarrollo de la Marca | Radancy","og_description":"Desarrollo de la Marca Establezca una marca que crea conexiones. Su marca de empleador es una plataforma estrat\u00e9gica que gu\u00eda su mensaje creativo y las diferentes formas en que la Read more...","og_url":"https:\/\/www.radancy.com\/es\/desarrollo-de-la-marca\/","og_site_name":"Radancy","article_publisher":"https:\/\/www.facebook.com\/radancy","article_modified_time":"2025-09-30T08:04:00+00:00","og_image":[{"url":"https:\/\/tbcdn.talentbrew.com\/company\/34730\/gst_v1\/img\/meta\/Radancy-JobShare-img-FINAL_ES.jpg","type":"","width":"","height":""}],"twitter_card":"summary_large_image","twitter_title":"Desarrollo de la Marca","twitter_site":"@radancyco","twitter_misc":{"Tiempo de lectura":"2 minutos"},"schema":{"@context":"https:\/\/schema.org","@graph":[{"@type":"WebPage","@id":"https:\/\/www.radancy.com\/es\/desarrollo-de-la-marca\/","url":"https:\/\/www.radancy.com\/es\/desarrollo-de-la-marca\/","name":"Desarrollo de la Marca | Radancy","isPartOf":{"@id":"https:\/\/www.radancy.com\/es\/#website"},"primaryImageOfPage":{"@id":"https:\/\/www.radancy.com\/es\/desarrollo-de-la-marca\/#primaryimage"},"image":{"@id":"https:\/\/www.radancy.com\/es\/desarrollo-de-la-marca\/#primaryimage"},"thumbnailUrl":"https:\/\/www.radancy.com\/wp-content\/uploads\/2023\/11\/brand-development-01.jpg","datePublished":"2023-11-17T03:01:48+00:00","dateModified":"2025-09-30T08:04:00+00:00","breadcrumb":{"@id":"https:\/\/www.radancy.com\/es\/desarrollo-de-la-marca\/#breadcrumb"},"inLanguage":"es","potentialAction":[{"@type":"ReadAction","target":["https:\/\/www.radancy.com\/es\/desarrollo-de-la-marca\/"]}]},{"@type":"ImageObject","inLanguage":"es","@id":"https:\/\/www.radancy.com\/es\/desarrollo-de-la-marca\/#primaryimage","url":"https:\/\/www.radancy.com\/wp-content\/uploads\/2023\/11\/brand-development-01.jpg","contentUrl":"https:\/\/www.radancy.com\/wp-content\/uploads\/2023\/11\/brand-development-01.jpg"},{"@type":"BreadcrumbList","@id":"https:\/\/www.radancy.com\/es\/desarrollo-de-la-marca\/#breadcrumb","itemListElement":[{"@type":"ListItem","position":1,"name":"Home","item":"https:\/\/www.radancy.com\/es\/"},{"@type":"ListItem","position":2,"name":"Desarrollo de la Marca"}]},{"@type":"WebSite","@id":"https:\/\/www.radancy.com\/es\/#website","url":"https:\/\/www.radancy.com\/es\/","name":"Radancy","description":"Create Connections That Count.","publisher":{"@id":"https:\/\/www.radancy.com\/es\/#organization"},"potentialAction":[{"@type":"SearchAction","target":{"@type":"EntryPoint","urlTemplate":"https:\/\/www.radancy.com\/es\/?s={search_term_string}"},"query-input":{"@type":"PropertyValueSpecification","valueRequired":true,"valueName":"search_term_string"}}],"inLanguage":"es"},{"@type":"Organization","@id":"https:\/\/www.radancy.com\/es\/#organization","name":"Radancy","url":"https:\/\/www.radancy.com\/es\/","logo":{"@type":"ImageObject","inLanguage":"es","@id":"https:\/\/www.radancy.com\/es\/#\/schema\/logo\/image\/","url":"https:\/\/www.radancy.com\/wp-content\/uploads\/2024\/06\/Radancy_Icon_RGB.svg","contentUrl":"https:\/\/www.radancy.com\/wp-content\/uploads\/2024\/06\/Radancy_Icon_RGB.svg","width":1,"height":1,"caption":"Radancy"},"image":{"@id":"https:\/\/www.radancy.com\/es\/#\/schema\/logo\/image\/"},"sameAs":["https:\/\/www.facebook.com\/radancy","https:\/\/x.com\/radancyco","https:\/\/www.linkedin.com\/company\/radancy\/","https:\/\/www.youtube.com\/Radancy\/videos","https:\/\/www.instagram.com\/radancyco"]}]}},"_links":{"self":[{"href":"https:\/\/www.radancy.com\/es\/wp-json\/wp\/v2\/pages\/12274","targetHints":{"allow":["GET"]}}],"collection":[{"href":"https:\/\/www.radancy.com\/es\/wp-json\/wp\/v2\/pages"}],"about":[{"href":"https:\/\/www.radancy.com\/es\/wp-json\/wp\/v2\/types\/page"}],"author":[{"embeddable":true,"href":"https:\/\/www.radancy.com\/es\/wp-json\/wp\/v2\/users\/26"}],"replies":[{"embeddable":true,"href":"https:\/\/www.radancy.com\/es\/wp-json\/wp\/v2\/comments?post=12274"}],"version-history":[{"count":0,"href":"https:\/\/www.radancy.com\/es\/wp-json\/wp\/v2\/pages\/12274\/revisions"}],"wp:attachment":[{"href":"https:\/\/www.radancy.com\/es\/wp-json\/wp\/v2\/media?parent=12274"}],"curies":[{"name":"wp","href":"https:\/\/api.w.org\/{rel}","templated":true}]}}