{"id":12268,"date":"2023-11-17T03:01:41","date_gmt":"2023-11-17T03:01:41","guid":{"rendered":"https:\/\/s45175.p1717.sites.pressdns.com\/accessibility\/"},"modified":"2025-09-30T07:44:47","modified_gmt":"2025-09-30T07:44:47","slug":"accesibilidad","status":"publish","type":"page","link":"https:\/\/www.radancy.com\/es\/accesibilidad\/","title":{"rendered":"Accesibilidad"},"content":{"rendered":"\n<div class=\"wp-block-group alignfull title-bar has-neutral-1-color has-primary-3-background-color has-text-color has-background is-vertical is-content-justification-center is-layout-flex wp-container-core-group-is-layout-95c46550 wp-block-group-is-layout-flex\" style=\"margin-top:0;margin-bottom:60px;padding-top:35px;padding-right:35px;padding-bottom:35px;padding-left:35px\">\n<h2 class=\"wp-block-heading has-accent-font-family has-headline-smallest-font-size\" id=\"h-accesibilidad\" style=\"margin-top:0;margin-bottom:0;font-style:normal;font-weight:400\">Accesibilidad<\/h2>\n<\/div>\n\n\n\n<section class=\"wp-block-group section is-vertical is-content-justification-stretch is-layout-flex wp-container-core-group-is-layout-db4209bd wp-block-group-is-layout-flex\">\n<div class=\"wp-block-group section is-vertical is-content-justification-stretch is-layout-flex wp-container-core-group-is-layout-353c4f5a wp-block-group-is-layout-flex\">\n<p>Queremos que todos los que visiten el sitio web <a href=\"\/\">Radancy.com<\/a> se sientan bienvenidos y encuentren la experiencia gratificante.<\/p>\n<\/div>\n\n\n\n<div class=\"wp-block-group section is-vertical is-content-justification-stretch is-layout-flex wp-container-core-group-is-layout-33bcc86b wp-block-group-is-layout-flex\">\n<h2 class=\"wp-block-heading headline has-copy-font-family has-headline-smallest-font-size\" id=\"h-que-estamos-haciendo\" style=\"font-style:normal;font-weight:600\">\u00bfQue estamos haciendo?<\/h2>\n\n\n\n<p>Para ayudarnos a hacer del sitio web <a href=\"\/\">Radancy.com<\/a> un lugar positivo E inclusivo para todos, hemos estado utilizando las <a href=\"https:\/\/www.w3.org\/TR\/WCAG20\/\" data-custom-event=\"true\" data-custom-category=\"custom event\" data-custom-label=\"Web Content Accessibility Guidelines (WCAG) 2.0\">Pautas de Accesibilidad al Contenido web (WCAG) 2.0<\/a>. Estas pautas explican c\u00f3mo hacer que el contenido web sea m\u00e1s accesible para las personas con discapacidad y f\u00e1cil de usar para <em>todos<\/em>.<\/p>\n\n\n\n<p>Las gu\u00edas tienen tres niveles de accesibilidad (A, AA y AAA). Hemos elegido el Nivel AA como objetivo para el sitio web <a href=\"\/\">Radancy.com<\/a>. Tenga en cuenta que esta declaraci\u00f3n no refleja el estado de accesibilidad de nuestros productos o los sitios web de nuestros clientes. Para obtener m\u00e1s informaci\u00f3n sobre la accesibilidad de nuestros productos y ofertas, visite nuestra <a href=\"https:\/\/www.radancy.com\/es\/soporte\/#accessibility\" data-custom-event=\"true\" data-custom-category=\"UserCreatedContent\" data-custom-label=\"p\u00e1gina de soporte.\">p\u00e1gina de soporte.<\/a><\/p>\n<\/div>\n\n\n\n<div class=\"wp-block-group section section--extra-spacing is-vertical is-content-justification-stretch is-layout-flex wp-container-core-group-is-layout-33bcc86b wp-block-group-is-layout-flex\">\n<h2 class=\"wp-block-heading headline has-copy-font-family has-headline-smallest-font-size\" id=\"h-haganos-saber-lo-que-piensas\" style=\"font-style:normal;font-weight:600\">H\u00e1ganos saber lo que piensas<\/h2>\n\n\n\n<p>Ning\u00fan sitio web est\u00e1 completo y siempre estamos trabajando arduamente en nuestro sitio para mejorar y lograr alcanzar la mayor cantidad posible de Nivel AA. Si disfrut\u00f3 usando el sitio web de Radancy, o si tuvo problemas con alguna parte del mismo, comun\u00edquese con <a href=\"mailto:michael.spellacy@radancy.com\" data-custom-event=\"true\" data-custom-category=\"custom event\" data-custom-label=\"michael.spellacy@radancy.com\">Michael Spellacy<\/a>.<\/p>\n<\/div>\n<\/section>\n\n\n\n<div style=\"height:50px\" aria-hidden=\"true\" class=\"wp-block-spacer\"><\/div>\n\n\n\n<div class=\"wp-block-group alignfull cta has-neutral-1-color has-primary-2-background-color has-text-color has-background has-global-padding is-layout-constrained wp-container-core-group-is-layout-86ad42c5 wp-block-group-is-layout-constrained\" style=\"margin-top:0px;margin-bottom:0px;padding-top:var(--wp--preset--spacing--30);padding-right:var(--wp--preset--spacing--30);padding-bottom:var(--wp--preset--spacing--30);padding-left:var(--wp--preset--spacing--30)\">\n<p class=\"has-text-align-center\">Habla con nosotros para acelerar tus resultados de contrataci\u00f3n y maximizar el ROI con una plataforma de IA completa.<\/p>\n\n\n\n<div class=\"wp-block-buttons is-content-justification-center is-layout-flex wp-container-core-buttons-is-layout-a89b3969 wp-block-buttons-is-layout-flex\">\n<div class=\"wp-block-button\"><a class=\"wp-block-button__link wp-element-button\" href=\"https:\/\/www.radancy.com\/es\/contactenos\/\">Agendar una demostraci\u00f3n<\/a><\/div>\n<\/div>\n<\/div>\n","protected":false},"excerpt":{"rendered":"<p>Accesibilidad Queremos que todos los que visiten el sitio web Radancy.com se sientan bienvenidos y encuentren la experiencia gratificante. \u00bfQue estamos haciendo? Para ayudarnos a hacer del sitio web Radancy.com <a class=\"more-link\" href=\"https:\/\/www.radancy.com\/es\/accesibilidad\/\">Read more&#8230;<\/a><\/p>\n","protected":false},"author":26,"featured_media":0,"parent":0,"menu_order":0,"comment_status":"closed","ping_status":"closed","template":"","meta":{"_acf_changed":false,"_EventAllDay":false,"_EventTimezone":"","_EventStartDate":"","_EventEndDate":"","_EventStartDateUTC":"","_EventEndDateUTC":"","_EventShowMap":false,"_EventShowMapLink":false,"_EventURL":"","_EventCost":"","_EventCostDescription":"","_EventCurrencySymbol":"","_EventCurrencyCode":"","_EventCurrencyPosition":"","_EventDateTimeSeparator":"","_EventTimeRangeSeparator":"","_EventOrganizerID":[],"_EventVenueID":[],"_OrganizerEmail":"","_OrganizerPhone":"","_OrganizerWebsite":"","_VenueAddress":"","_VenueCity":"","_VenueCountry":"","_VenueProvince":"","_VenueState":"","_VenueZip":"","_VenuePhone":"","_VenueURL":"","_VenueStateProvince":"","_VenueLat":"","_VenueLng":"","_VenueShowMap":false,"_VenueShowMapLink":false,"_tribe_blocks_recurrence_rules":"","_tribe_blocks_recurrence_description":"","_tribe_blocks_recurrence_exclusions":"","footnotes":""},"class_list":["post-12268","page","type-page","status-publish","hentry"],"acf":[],"yoast_head":"<!-- This site is optimized with the Yoast SEO Premium plugin v26.2 (Yoast SEO v27.5) - https:\/\/yoast.com\/product\/yoast-seo-premium-wordpress\/ -->\n<title>Accesibilidad | Radancy<\/title>\n<meta name=\"robots\" content=\"index, follow, max-snippet:-1, max-image-preview:large, max-video-preview:-1\" \/>\n<link rel=\"canonical\" href=\"https:\/\/www.radancy.com\/es\/accesibilidad\/\" \/>\n<meta property=\"og:locale\" content=\"es_ES\" \/>\n<meta property=\"og:type\" content=\"article\" \/>\n<meta property=\"og:title\" content=\"Accesibilidad | Radancy\" \/>\n<meta property=\"og:description\" content=\"Accesibilidad Queremos que todos los que visiten el sitio web Radancy.com se sientan bienvenidos y encuentren la experiencia gratificante. \u00bfQue estamos haciendo? Para ayudarnos a hacer del sitio web Radancy.com Read more...\" \/>\n<meta property=\"og:url\" content=\"https:\/\/www.radancy.com\/es\/accesibilidad\/\" \/>\n<meta property=\"og:site_name\" content=\"Radancy\" \/>\n<meta property=\"article:publisher\" content=\"https:\/\/www.facebook.com\/radancy\" \/>\n<meta property=\"article:modified_time\" content=\"2025-09-30T07:44:47+00:00\" \/>\n<meta property=\"og:image\" content=\"https:\/\/tbcdn.talentbrew.com\/company\/34730\/gst_v1\/img\/meta\/Radancy-JobShare-img-FINAL_ES.jpg\" \/>\n<meta name=\"twitter:card\" content=\"summary_large_image\" \/>\n<meta name=\"twitter:title\" content=\"Accesibilidad\" \/>\n<meta name=\"twitter:site\" content=\"@radancyco\" \/>\n<meta name=\"twitter:label1\" content=\"Tiempo de lectura\" \/>\n\t<meta name=\"twitter:data1\" content=\"1 minuto\" \/>\n<script type=\"application\/ld+json\" class=\"yoast-schema-graph\">{\"@context\":\"https:\\\/\\\/schema.org\",\"@graph\":[{\"@type\":\"WebPage\",\"@id\":\"https:\\\/\\\/www.radancy.com\\\/es\\\/accesibilidad\\\/\",\"url\":\"https:\\\/\\\/www.radancy.com\\\/es\\\/accesibilidad\\\/\",\"name\":\"Accesibilidad | Radancy\",\"isPartOf\":{\"@id\":\"https:\\\/\\\/www.radancy.com\\\/es\\\/#website\"},\"datePublished\":\"2023-11-17T03:01:41+00:00\",\"dateModified\":\"2025-09-30T07:44:47+00:00\",\"breadcrumb\":{\"@id\":\"https:\\\/\\\/www.radancy.com\\\/es\\\/accesibilidad\\\/#breadcrumb\"},\"inLanguage\":\"es\",\"potentialAction\":[{\"@type\":\"ReadAction\",\"target\":[\"https:\\\/\\\/www.radancy.com\\\/es\\\/accesibilidad\\\/\"]}]},{\"@type\":\"BreadcrumbList\",\"@id\":\"https:\\\/\\\/www.radancy.com\\\/es\\\/accesibilidad\\\/#breadcrumb\",\"itemListElement\":[{\"@type\":\"ListItem\",\"position\":1,\"name\":\"Home\",\"item\":\"https:\\\/\\\/www.radancy.com\\\/es\\\/\"},{\"@type\":\"ListItem\",\"position\":2,\"name\":\"Accesibilidad\"}]},{\"@type\":\"WebSite\",\"@id\":\"https:\\\/\\\/www.radancy.com\\\/es\\\/#website\",\"url\":\"https:\\\/\\\/www.radancy.com\\\/es\\\/\",\"name\":\"Radancy\",\"description\":\"Create Connections That Count.\",\"publisher\":{\"@id\":\"https:\\\/\\\/www.radancy.com\\\/es\\\/#organization\"},\"potentialAction\":[{\"@type\":\"SearchAction\",\"target\":{\"@type\":\"EntryPoint\",\"urlTemplate\":\"https:\\\/\\\/www.radancy.com\\\/es\\\/?s={search_term_string}\"},\"query-input\":{\"@type\":\"PropertyValueSpecification\",\"valueRequired\":true,\"valueName\":\"search_term_string\"}}],\"inLanguage\":\"es\"},{\"@type\":\"Organization\",\"@id\":\"https:\\\/\\\/www.radancy.com\\\/es\\\/#organization\",\"name\":\"Radancy\",\"url\":\"https:\\\/\\\/www.radancy.com\\\/es\\\/\",\"logo\":{\"@type\":\"ImageObject\",\"inLanguage\":\"es\",\"@id\":\"https:\\\/\\\/www.radancy.com\\\/es\\\/#\\\/schema\\\/logo\\\/image\\\/\",\"url\":\"https:\\\/\\\/www.radancy.com\\\/wp-content\\\/uploads\\\/2024\\\/06\\\/Radancy_Icon_RGB.svg\",\"contentUrl\":\"https:\\\/\\\/www.radancy.com\\\/wp-content\\\/uploads\\\/2024\\\/06\\\/Radancy_Icon_RGB.svg\",\"width\":1,\"height\":1,\"caption\":\"Radancy\"},\"image\":{\"@id\":\"https:\\\/\\\/www.radancy.com\\\/es\\\/#\\\/schema\\\/logo\\\/image\\\/\"},\"sameAs\":[\"https:\\\/\\\/www.facebook.com\\\/radancy\",\"https:\\\/\\\/x.com\\\/radancyco\",\"https:\\\/\\\/www.linkedin.com\\\/company\\\/radancy\\\/\",\"https:\\\/\\\/www.youtube.com\\\/Radancy\\\/videos\",\"https:\\\/\\\/www.instagram.com\\\/radancyco\"]}]}<\/script>\n<!-- \/ Yoast SEO Premium plugin. -->","yoast_head_json":{"title":"Accesibilidad | Radancy","robots":{"index":"index","follow":"follow","max-snippet":"max-snippet:-1","max-image-preview":"max-image-preview:large","max-video-preview":"max-video-preview:-1"},"canonical":"https:\/\/www.radancy.com\/es\/accesibilidad\/","og_locale":"es_ES","og_type":"article","og_title":"Accesibilidad | Radancy","og_description":"Accesibilidad Queremos que todos los que visiten el sitio web Radancy.com se sientan bienvenidos y encuentren la experiencia gratificante. \u00bfQue estamos haciendo? Para ayudarnos a hacer del sitio web Radancy.com Read more...","og_url":"https:\/\/www.radancy.com\/es\/accesibilidad\/","og_site_name":"Radancy","article_publisher":"https:\/\/www.facebook.com\/radancy","article_modified_time":"2025-09-30T07:44:47+00:00","og_image":[{"url":"https:\/\/tbcdn.talentbrew.com\/company\/34730\/gst_v1\/img\/meta\/Radancy-JobShare-img-FINAL_ES.jpg","type":"","width":"","height":""}],"twitter_card":"summary_large_image","twitter_title":"Accesibilidad","twitter_site":"@radancyco","twitter_misc":{"Tiempo de lectura":"1 minuto"},"schema":{"@context":"https:\/\/schema.org","@graph":[{"@type":"WebPage","@id":"https:\/\/www.radancy.com\/es\/accesibilidad\/","url":"https:\/\/www.radancy.com\/es\/accesibilidad\/","name":"Accesibilidad | Radancy","isPartOf":{"@id":"https:\/\/www.radancy.com\/es\/#website"},"datePublished":"2023-11-17T03:01:41+00:00","dateModified":"2025-09-30T07:44:47+00:00","breadcrumb":{"@id":"https:\/\/www.radancy.com\/es\/accesibilidad\/#breadcrumb"},"inLanguage":"es","potentialAction":[{"@type":"ReadAction","target":["https:\/\/www.radancy.com\/es\/accesibilidad\/"]}]},{"@type":"BreadcrumbList","@id":"https:\/\/www.radancy.com\/es\/accesibilidad\/#breadcrumb","itemListElement":[{"@type":"ListItem","position":1,"name":"Home","item":"https:\/\/www.radancy.com\/es\/"},{"@type":"ListItem","position":2,"name":"Accesibilidad"}]},{"@type":"WebSite","@id":"https:\/\/www.radancy.com\/es\/#website","url":"https:\/\/www.radancy.com\/es\/","name":"Radancy","description":"Create Connections That Count.","publisher":{"@id":"https:\/\/www.radancy.com\/es\/#organization"},"potentialAction":[{"@type":"SearchAction","target":{"@type":"EntryPoint","urlTemplate":"https:\/\/www.radancy.com\/es\/?s={search_term_string}"},"query-input":{"@type":"PropertyValueSpecification","valueRequired":true,"valueName":"search_term_string"}}],"inLanguage":"es"},{"@type":"Organization","@id":"https:\/\/www.radancy.com\/es\/#organization","name":"Radancy","url":"https:\/\/www.radancy.com\/es\/","logo":{"@type":"ImageObject","inLanguage":"es","@id":"https:\/\/www.radancy.com\/es\/#\/schema\/logo\/image\/","url":"https:\/\/www.radancy.com\/wp-content\/uploads\/2024\/06\/Radancy_Icon_RGB.svg","contentUrl":"https:\/\/www.radancy.com\/wp-content\/uploads\/2024\/06\/Radancy_Icon_RGB.svg","width":1,"height":1,"caption":"Radancy"},"image":{"@id":"https:\/\/www.radancy.com\/es\/#\/schema\/logo\/image\/"},"sameAs":["https:\/\/www.facebook.com\/radancy","https:\/\/x.com\/radancyco","https:\/\/www.linkedin.com\/company\/radancy\/","https:\/\/www.youtube.com\/Radancy\/videos","https:\/\/www.instagram.com\/radancyco"]}]}},"_links":{"self":[{"href":"https:\/\/www.radancy.com\/es\/wp-json\/wp\/v2\/pages\/12268","targetHints":{"allow":["GET"]}}],"collection":[{"href":"https:\/\/www.radancy.com\/es\/wp-json\/wp\/v2\/pages"}],"about":[{"href":"https:\/\/www.radancy.com\/es\/wp-json\/wp\/v2\/types\/page"}],"author":[{"embeddable":true,"href":"https:\/\/www.radancy.com\/es\/wp-json\/wp\/v2\/users\/26"}],"replies":[{"embeddable":true,"href":"https:\/\/www.radancy.com\/es\/wp-json\/wp\/v2\/comments?post=12268"}],"version-history":[{"count":0,"href":"https:\/\/www.radancy.com\/es\/wp-json\/wp\/v2\/pages\/12268\/revisions"}],"wp:attachment":[{"href":"https:\/\/www.radancy.com\/es\/wp-json\/wp\/v2\/media?parent=12268"}],"curies":[{"name":"wp","href":"https:\/\/api.w.org\/{rel}","templated":true}]}}