{"id":22482,"date":"2025-09-09T10:58:13","date_gmt":"2025-09-09T10:58:13","guid":{"rendered":"https:\/\/www.radancy.com\/?page_id=22482"},"modified":"2025-09-09T13:49:52","modified_gmt":"2025-09-09T13:49:52","slug":"radancy-erweitert-die-ki-plattform-fur-schnelleres-smarteres-kosteneffizienteres-skalierbares-recruiting-myinterview","status":"publish","type":"page","link":"https:\/\/www.radancy.com\/de\/radancy-erweitert-die-ki-plattform-fur-schnelleres-smarteres-kosteneffizienteres-skalierbares-recruiting-myinterview\/","title":{"rendered":"Radancy erweitert die KI-Plattform f\u00fcr schnelleres, smarteres, kosteneffizienteres, skalierbares Recruiting"},"content":{"rendered":"\n<div class=\"wp-block-group alignfull title-bar has-neutral-1-color has-primary-3-background-color has-text-color has-background is-vertical is-content-justification-center is-layout-flex wp-container-core-group-is-layout-95c46550 wp-block-group-is-layout-flex\" style=\"margin-top:0;margin-bottom:60px;padding-top:35px;padding-right:35px;padding-bottom:35px;padding-left:35px\">\n<h2 class=\"wp-block-heading has-accent-font-family has-headline-smallest-font-size\" id=\"h-ein-brief-unserer-ceo\" style=\"margin-top:0;margin-bottom:0;font-style:normal;font-weight:400\">Ein Brief unserer CEO<\/h2>\n<\/div>\n\n\n\n<div class=\"wp-block-group has-global-padding is-layout-constrained wp-block-group-is-layout-constrained\">\n<div class=\"wp-block-group is-vertical is-layout-flex wp-container-core-group-is-layout-fe9cc265 wp-block-group-is-layout-flex\">\n<h2 class=\"wp-block-heading has-primary-1-color has-text-color has-link-color has-headline-small-font-size wp-elements-1de36ed8209ce0caeba7f5e9b3dd559c\" id=\"h-radancy-erweitert-die-ki-plattform-fur-schnelleres-smarteres-kosteneffizienteres-skalierbares-recruiting\">Radancy erweitert die KI-Plattform f\u00fcr schnelleres, smarteres, kosteneffizienteres, skalierbares Recruiting<\/h2>\n<\/div>\n\n\n\n<div class=\"wp-block-columns is-layout-flex wp-container-core-columns-is-layout-28f84493 wp-block-columns-is-layout-flex\">\n<div class=\"wp-block-column is-layout-flow wp-block-column-is-layout-flow\" style=\"flex-basis:33.33%\">\n<figure class=\"wp-block-image size-full\"><img loading=\"lazy\" decoding=\"async\" width=\"445\" height=\"300\" src=\"https:\/\/www.radancy.com\/wp-content\/uploads\/2024\/09\/michelle-abbey-2.jpg\" alt=\"\" class=\"wp-image-17377\" srcset=\"https:\/\/www.radancy.com\/wp-content\/uploads\/2024\/09\/michelle-abbey-2.jpg 445w, https:\/\/www.radancy.com\/wp-content\/uploads\/2024\/09\/michelle-abbey-2-300x202.jpg 300w\" sizes=\"auto, (max-width: 445px) 100vw, 445px\" \/><\/figure>\n\n\n\n<p>Michelle Abbey, <br>President und CEO, Radancy<\/p>\n<\/div>\n\n\n\n<div class=\"wp-block-column is-layout-flow wp-container-core-column-is-layout-343acf9e wp-block-column-is-layout-flow\" style=\"flex-basis:66.66%\">\n<div class=\"wp-block-group is-vertical is-layout-flex wp-container-core-group-is-layout-afe85e8d wp-block-group-is-layout-flex\">\n<p>Stolz teile ich heute mit, dass Radancy myInterview erworben hat \u2013 es ist ein strategisches Investment, das die Radancy Talent Acquisition Cloud um wirkungsvolle KI-Agenten f\u00fcr Kandidat*innen und Recruiter*innen erweitert. Diese neuen Funktionen beschleunigen Recruiting-Zyklen, senken Kosten und erm\u00f6glichen es Unternehmen, schnell und pr\u00e4zise mit Top-Talenten in Kontakt zu kommen. <\/p>\n\n\n\n<p>Aufbauend auf unsere Agentic AI-Funktionen, erweitert diese Funktion unsere Plattform \u00fcber die Candidate Journey hinaus, um gro\u00dfe Recruiting-Herausforderungen zu meistern: zu viele Bewerbungen, skalierbare Personalisierung, Drop-off-Raten und zeitaufw\u00e4ndige Aufgaben f\u00fcr die Koordination, Terminvereinbarung, Feedback und Onboarding.<\/p>\n\n\n\n<p>Unsere KI-Plattform wurde gezielt daf\u00fcr designed, nahtlos in Bewerbermanagementsysteme, Microsoft Teams und andere Workflow-Tools integriert zu werden. So k\u00f6nnen Recruiter*innen direkt mit den Tools arbeiten, die sie bereits nutzen. Das Ergebnis: schnellere Zusammenarbeit, bessere Effizienz und eine reibungslose Experience f\u00fcr Kandidat*innen und Recruiting-Teams. <\/p>\n\n\n\n<p>Angetrieben von Agentic AI beseitigt unsere Plattform wiederkehrende Aufgaben f\u00fcr das Fachkr\u00e4fte- und das High-Volume-Recruiting. Konversationelle KI-Agenten kommunizieren \u00fcber Video, Text- oder Sprachnachrichten mit den Kandidat*innen und helfen Arbeitgeber*innen Talente erfolgreicher zu identifizieren, zu screenen, Interviews zu planen, zu bewerten und einzuarbeiten \u2013 und die Time-to-Hire und die Kosten zu reduzieren. Die bew\u00e4hrte Innovation von myInterview hat bereits erw\u00e4hnenswerten Impact hinterlassen, indem es manuelle Aufgaben um 90\u202f% und die Time-to-Hire um mehr als 70\u202f% reduziert hat.  <\/p>\n\n\n\n<p>Josh Bersin sagte k\u00fcrzlich: \u201eKI-getriebenes Recruiting ist bereits im Mainstream angekommen. Mit myInterview hat Radancy eine f\u00fchrende KI-L\u00f6sung, die Screening, Interviewplanung, Video-Interviews und Kandidat*innen-Support bietet. W\u00e4hrend immer mehr Anbieter*innen auf den Markt dr\u00e4ngen, ben\u00f6tigen f\u00fchrende Unternehmen eine integrierte L\u00f6sung f\u00fcr den kompletten Talent-Acquisition-Zyklus.\u201c<\/p>\n\n\n\n<p>Wir l\u00e4uten eine neue \u00c4ra ein, in der KI Ineffizienzen beseitigt, bessere Recruiting-Ergebnisse vorantreibt und Recruiting-Teams freispielt, um sich auf das zu konzentrieren, was wirklich wichtig ist: den Beziehungsaufbau zu Talenten, die das Unternehmen voranbringen. Mit verantwortungsvoller KI im Zentrum \u2013 inklusive Sicherheitsma\u00dfnahmen gegen Voreingenommenheit und der Sicherstellung, dass Entscheidungen stets in Menschenhand bleiben \u2013 setzen wir neue Standards f\u00fcr das Recruiting. <\/p>\n\n\n\n<p>Zusammen mit myInterview liefern wir der Branche eine wirkungsvolle End-to-End-KI-Recruiting-Experience. Neben Radancys Vorsprung bei Talent-Acquisition-Software w\u00e4chst auch unsere Hingabe Organisationen dabei zu helfen, die Talente von morgen zu gewinnen.  Wir sind stolz darauf, was wir entwickelt haben, und freuen uns zu sehen, was unsere Kund*innen damit erreichen werden.<\/p>\n<\/div>\n\n\n\n<div class=\"wp-block-group is-vertical is-content-justification-stretch is-layout-flex wp-container-core-group-is-layout-db4209bd wp-block-group-is-layout-flex\">\n<p><a href=\"https:\/\/www.radancy.com\/de\/ubersicht-uber-die-plattform\/\">Erfahren Sie mehr<\/a> \u00fcber die Radancy Talent Acquisition Cloud.<\/p>\n<\/div>\n\n\n\n<figure class=\"wp-block-video fancybox js-bottom-hero-img hero__asset drop-shadow home-header-bottom animated fadeInLeft delay-100ms\"><video height=\"1080\" style=\"aspect-ratio: 1920 \/ 1080;\" width=\"1920\" muted poster=\"https:\/\/www.radancy.com\/wp-content\/uploads\/2025\/09\/VideoThumbnail-PlayButton-DE.png\" preload=\"auto\" src=\"https:\/\/www.radancy.com\/wp-content\/uploads\/2025\/09\/145577_AnnouncementVideo-DE_v1-web.mp4\"><track src=\"https:\/\/www.radancy.com\/wp-content\/uploads\/2025\/09\/145577_Radancy_Project-Hire-Video_DE.vtt\" label=\"German\" srclang=\"de\" kind=\"metadata\"\/><\/video><\/figure>\n<\/div>\n<\/div>\n<\/div>\n\n\n\n<div style=\"height:40px\" aria-hidden=\"true\" class=\"wp-block-spacer\"><\/div>\n\n\n\n<div class=\"wp-block-group alignfull cta has-neutral-1-color has-primary-2-background-color has-text-color has-background has-global-padding is-layout-constrained wp-container-core-group-is-layout-86ad42c5 wp-block-group-is-layout-constrained\" style=\"margin-top:0px;margin-bottom:0px;padding-top:var(--wp--preset--spacing--30);padding-right:var(--wp--preset--spacing--30);padding-bottom:var(--wp--preset--spacing--30);padding-left:var(--wp--preset--spacing--30)\">\n<h3 class=\"wp-block-heading has-text-align-center has-copy-font-family\" id=\"h-melden-sie-sich-bei-uns-wenn-sie-mit-einer-einzigen-ki-plattform-ihre-einstellungsergebnisse-und-ihren-roi-maximieren-mochten\">Melden Sie sich bei uns, wenn Sie mit einer einzigen KI-Plattform Ihre Einstellungsergebnisse und Ihren ROI maximieren m\u00f6chten.<\/h3>\n\n\n\n<div class=\"wp-block-buttons is-content-justification-center is-layout-flex wp-container-core-buttons-is-layout-a89b3969 wp-block-buttons-is-layout-flex\">\n<div class=\"wp-block-button\"><a class=\"wp-block-button__link wp-element-button\" href=\"https:\/\/www.radancy.com\/de\/kontaktieren-sie-uns\/\">DEMO BUCHEN<\/a><\/div>\n<\/div>\n<\/div>\n","protected":false},"excerpt":{"rendered":"<p>Ein Brief unserer CEO Radancy erweitert die KI-Plattform f\u00fcr schnelleres, smarteres, kosteneffizienteres, skalierbares Recruiting Michelle Abbey, President und CEO, Radancy Stolz teile ich heute mit, dass Radancy myInterview erworben hat <a class=\"more-link\" href=\"https:\/\/www.radancy.com\/de\/radancy-erweitert-die-ki-plattform-fur-schnelleres-smarteres-kosteneffizienteres-skalierbares-recruiting-myinterview\/\">Read more&#8230;<\/a><\/p>\n","protected":false},"author":1,"featured_media":0,"parent":0,"menu_order":0,"comment_status":"closed","ping_status":"closed","template":"","meta":{"_acf_changed":false,"_EventAllDay":false,"_EventTimezone":"","_EventStartDate":"","_EventEndDate":"","_EventStartDateUTC":"","_EventEndDateUTC":"","_EventShowMap":false,"_EventShowMapLink":false,"_EventURL":"","_EventCost":"","_EventCostDescription":"","_EventCurrencySymbol":"","_EventCurrencyCode":"","_EventCurrencyPosition":"","_EventDateTimeSeparator":"","_EventTimeRangeSeparator":"","_EventOrganizerID":[],"_EventVenueID":[],"_OrganizerEmail":"","_OrganizerPhone":"","_OrganizerWebsite":"","_VenueAddress":"","_VenueCity":"","_VenueCountry":"","_VenueProvince":"","_VenueState":"","_VenueZip":"","_VenuePhone":"","_VenueURL":"","_VenueStateProvince":"","_VenueLat":"","_VenueLng":"","_VenueShowMap":false,"_VenueShowMapLink":false,"_tribe_blocks_recurrence_rules":"","_tribe_blocks_recurrence_description":"","_tribe_blocks_recurrence_exclusions":"","footnotes":""},"class_list":["post-22482","page","type-page","status-publish","hentry"],"acf":[],"yoast_head":"<!-- This site is optimized with the Yoast SEO Premium plugin v26.2 (Yoast SEO v27.5) - https:\/\/yoast.com\/product\/yoast-seo-premium-wordpress\/ -->\n<title>Radancy erweitert KI-Plattform mit myInterview | Radancy<\/title>\n<meta name=\"description\" content=\"myInterview ist jetzt Teil der Radancy Talent Acquisition Cloud. Erfahren Sie mehr.\" \/>\n<meta name=\"robots\" content=\"index, follow, max-snippet:-1, max-image-preview:large, max-video-preview:-1\" \/>\n<link rel=\"canonical\" href=\"https:\/\/www.radancy.com\/de\/radancy-erweitert-die-ki-plattform-fur-schnelleres-smarteres-kosteneffizienteres-skalierbares-recruiting-myinterview\/\" \/>\n<meta property=\"og:locale\" content=\"de_DE\" \/>\n<meta property=\"og:type\" content=\"article\" \/>\n<meta property=\"og:title\" content=\"Radancy erweitert KI-Plattform mit myInterview | Radancy\" \/>\n<meta property=\"og:description\" content=\"myInterview ist jetzt Teil der Radancy Talent Acquisition Cloud. Erfahren Sie mehr.\" \/>\n<meta property=\"og:url\" content=\"https:\/\/www.radancy.com\/de\/radancy-erweitert-die-ki-plattform-fur-schnelleres-smarteres-kosteneffizienteres-skalierbares-recruiting-myinterview\/\" \/>\n<meta property=\"og:site_name\" content=\"Radancy\" \/>\n<meta property=\"article:publisher\" content=\"https:\/\/www.facebook.com\/radancy\" \/>\n<meta property=\"article:modified_time\" content=\"2025-09-09T13:49:52+00:00\" \/>\n<meta property=\"og:image\" content=\"https:\/\/www.radancy.com\/wp-content\/uploads\/2024\/09\/michelle-abbey-2.jpg\" \/>\n\t<meta property=\"og:image:width\" content=\"445\" \/>\n\t<meta property=\"og:image:height\" content=\"300\" \/>\n\t<meta property=\"og:image:type\" content=\"image\/jpeg\" \/>\n<meta name=\"twitter:card\" content=\"summary_large_image\" \/>\n<meta name=\"twitter:title\" content=\"Radancy erweitert die KI-Plattform f\u00fcr schnelleres, smarteres, kosteneffizienteres, skalierbares Recruiting\" \/>\n<meta name=\"twitter:site\" content=\"@radancyco\" \/>\n<meta name=\"twitter:label1\" content=\"Gesch\u00e4tzte Lesezeit\" \/>\n\t<meta name=\"twitter:data1\" content=\"4 Minuten\" \/>\n<script type=\"application\/ld+json\" class=\"yoast-schema-graph\">{\"@context\":\"https:\\\/\\\/schema.org\",\"@graph\":[{\"@type\":\"WebPage\",\"@id\":\"https:\\\/\\\/www.radancy.com\\\/de\\\/radancy-erweitert-die-ki-plattform-fur-schnelleres-smarteres-kosteneffizienteres-skalierbares-recruiting-myinterview\\\/\",\"url\":\"https:\\\/\\\/www.radancy.com\\\/de\\\/radancy-erweitert-die-ki-plattform-fur-schnelleres-smarteres-kosteneffizienteres-skalierbares-recruiting-myinterview\\\/\",\"name\":\"Radancy erweitert KI-Plattform mit myInterview | Radancy\",\"isPartOf\":{\"@id\":\"https:\\\/\\\/www.radancy.com\\\/de\\\/#website\"},\"primaryImageOfPage\":{\"@id\":\"https:\\\/\\\/www.radancy.com\\\/de\\\/radancy-erweitert-die-ki-plattform-fur-schnelleres-smarteres-kosteneffizienteres-skalierbares-recruiting-myinterview\\\/#primaryimage\"},\"image\":{\"@id\":\"https:\\\/\\\/www.radancy.com\\\/de\\\/radancy-erweitert-die-ki-plattform-fur-schnelleres-smarteres-kosteneffizienteres-skalierbares-recruiting-myinterview\\\/#primaryimage\"},\"thumbnailUrl\":\"https:\\\/\\\/www.radancy.com\\\/wp-content\\\/uploads\\\/2024\\\/09\\\/michelle-abbey-2.jpg\",\"datePublished\":\"2025-09-09T10:58:13+00:00\",\"dateModified\":\"2025-09-09T13:49:52+00:00\",\"description\":\"myInterview ist jetzt Teil der Radancy Talent Acquisition Cloud. Erfahren Sie mehr.\",\"breadcrumb\":{\"@id\":\"https:\\\/\\\/www.radancy.com\\\/de\\\/radancy-erweitert-die-ki-plattform-fur-schnelleres-smarteres-kosteneffizienteres-skalierbares-recruiting-myinterview\\\/#breadcrumb\"},\"inLanguage\":\"de-DE\",\"potentialAction\":[{\"@type\":\"ReadAction\",\"target\":[\"https:\\\/\\\/www.radancy.com\\\/de\\\/radancy-erweitert-die-ki-plattform-fur-schnelleres-smarteres-kosteneffizienteres-skalierbares-recruiting-myinterview\\\/\"]}]},{\"@type\":\"ImageObject\",\"inLanguage\":\"de-DE\",\"@id\":\"https:\\\/\\\/www.radancy.com\\\/de\\\/radancy-erweitert-die-ki-plattform-fur-schnelleres-smarteres-kosteneffizienteres-skalierbares-recruiting-myinterview\\\/#primaryimage\",\"url\":\"https:\\\/\\\/www.radancy.com\\\/wp-content\\\/uploads\\\/2024\\\/09\\\/michelle-abbey-2.jpg\",\"contentUrl\":\"https:\\\/\\\/www.radancy.com\\\/wp-content\\\/uploads\\\/2024\\\/09\\\/michelle-abbey-2.jpg\"},{\"@type\":\"BreadcrumbList\",\"@id\":\"https:\\\/\\\/www.radancy.com\\\/de\\\/radancy-erweitert-die-ki-plattform-fur-schnelleres-smarteres-kosteneffizienteres-skalierbares-recruiting-myinterview\\\/#breadcrumb\",\"itemListElement\":[{\"@type\":\"ListItem\",\"position\":1,\"name\":\"Home\",\"item\":\"https:\\\/\\\/www.radancy.com\\\/de\\\/\"},{\"@type\":\"ListItem\",\"position\":2,\"name\":\"Radancy erweitert die KI-Plattform f\u00fcr schnelleres, smarteres, kosteneffizienteres, skalierbares Recruiting\"}]},{\"@type\":\"WebSite\",\"@id\":\"https:\\\/\\\/www.radancy.com\\\/de\\\/#website\",\"url\":\"https:\\\/\\\/www.radancy.com\\\/de\\\/\",\"name\":\"Radancy\",\"description\":\"Create Connections That Count.\",\"publisher\":{\"@id\":\"https:\\\/\\\/www.radancy.com\\\/de\\\/#organization\"},\"potentialAction\":[{\"@type\":\"SearchAction\",\"target\":{\"@type\":\"EntryPoint\",\"urlTemplate\":\"https:\\\/\\\/www.radancy.com\\\/de\\\/?s={search_term_string}\"},\"query-input\":{\"@type\":\"PropertyValueSpecification\",\"valueRequired\":true,\"valueName\":\"search_term_string\"}}],\"inLanguage\":\"de-DE\"},{\"@type\":\"Organization\",\"@id\":\"https:\\\/\\\/www.radancy.com\\\/de\\\/#organization\",\"name\":\"Radancy\",\"url\":\"https:\\\/\\\/www.radancy.com\\\/de\\\/\",\"logo\":{\"@type\":\"ImageObject\",\"inLanguage\":\"de-DE\",\"@id\":\"https:\\\/\\\/www.radancy.com\\\/de\\\/#\\\/schema\\\/logo\\\/image\\\/\",\"url\":\"https:\\\/\\\/www.radancy.com\\\/wp-content\\\/uploads\\\/2024\\\/06\\\/Radancy_Icon_RGB.svg\",\"contentUrl\":\"https:\\\/\\\/www.radancy.com\\\/wp-content\\\/uploads\\\/2024\\\/06\\\/Radancy_Icon_RGB.svg\",\"width\":1,\"height\":1,\"caption\":\"Radancy\"},\"image\":{\"@id\":\"https:\\\/\\\/www.radancy.com\\\/de\\\/#\\\/schema\\\/logo\\\/image\\\/\"},\"sameAs\":[\"https:\\\/\\\/www.facebook.com\\\/radancy\",\"https:\\\/\\\/x.com\\\/radancyco\",\"https:\\\/\\\/www.linkedin.com\\\/company\\\/radancy\\\/\",\"https:\\\/\\\/www.youtube.com\\\/Radancy\\\/videos\",\"https:\\\/\\\/www.instagram.com\\\/radancyco\"]}]}<\/script>\n<!-- \/ Yoast SEO Premium plugin. -->","yoast_head_json":{"title":"Radancy erweitert KI-Plattform mit myInterview | Radancy","description":"myInterview ist jetzt Teil der Radancy Talent Acquisition Cloud. Erfahren Sie mehr.","robots":{"index":"index","follow":"follow","max-snippet":"max-snippet:-1","max-image-preview":"max-image-preview:large","max-video-preview":"max-video-preview:-1"},"canonical":"https:\/\/www.radancy.com\/de\/radancy-erweitert-die-ki-plattform-fur-schnelleres-smarteres-kosteneffizienteres-skalierbares-recruiting-myinterview\/","og_locale":"de_DE","og_type":"article","og_title":"Radancy erweitert KI-Plattform mit myInterview | Radancy","og_description":"myInterview ist jetzt Teil der Radancy Talent Acquisition Cloud. Erfahren Sie mehr.","og_url":"https:\/\/www.radancy.com\/de\/radancy-erweitert-die-ki-plattform-fur-schnelleres-smarteres-kosteneffizienteres-skalierbares-recruiting-myinterview\/","og_site_name":"Radancy","article_publisher":"https:\/\/www.facebook.com\/radancy","article_modified_time":"2025-09-09T13:49:52+00:00","og_image":[{"width":445,"height":300,"url":"https:\/\/www.radancy.com\/wp-content\/uploads\/2024\/09\/michelle-abbey-2.jpg","type":"image\/jpeg"}],"twitter_card":"summary_large_image","twitter_title":"Radancy erweitert die KI-Plattform f\u00fcr schnelleres, smarteres, kosteneffizienteres, skalierbares Recruiting","twitter_site":"@radancyco","twitter_misc":{"Gesch\u00e4tzte Lesezeit":"4 Minuten"},"schema":{"@context":"https:\/\/schema.org","@graph":[{"@type":"WebPage","@id":"https:\/\/www.radancy.com\/de\/radancy-erweitert-die-ki-plattform-fur-schnelleres-smarteres-kosteneffizienteres-skalierbares-recruiting-myinterview\/","url":"https:\/\/www.radancy.com\/de\/radancy-erweitert-die-ki-plattform-fur-schnelleres-smarteres-kosteneffizienteres-skalierbares-recruiting-myinterview\/","name":"Radancy erweitert KI-Plattform mit myInterview | Radancy","isPartOf":{"@id":"https:\/\/www.radancy.com\/de\/#website"},"primaryImageOfPage":{"@id":"https:\/\/www.radancy.com\/de\/radancy-erweitert-die-ki-plattform-fur-schnelleres-smarteres-kosteneffizienteres-skalierbares-recruiting-myinterview\/#primaryimage"},"image":{"@id":"https:\/\/www.radancy.com\/de\/radancy-erweitert-die-ki-plattform-fur-schnelleres-smarteres-kosteneffizienteres-skalierbares-recruiting-myinterview\/#primaryimage"},"thumbnailUrl":"https:\/\/www.radancy.com\/wp-content\/uploads\/2024\/09\/michelle-abbey-2.jpg","datePublished":"2025-09-09T10:58:13+00:00","dateModified":"2025-09-09T13:49:52+00:00","description":"myInterview ist jetzt Teil der Radancy Talent Acquisition Cloud. Erfahren Sie mehr.","breadcrumb":{"@id":"https:\/\/www.radancy.com\/de\/radancy-erweitert-die-ki-plattform-fur-schnelleres-smarteres-kosteneffizienteres-skalierbares-recruiting-myinterview\/#breadcrumb"},"inLanguage":"de-DE","potentialAction":[{"@type":"ReadAction","target":["https:\/\/www.radancy.com\/de\/radancy-erweitert-die-ki-plattform-fur-schnelleres-smarteres-kosteneffizienteres-skalierbares-recruiting-myinterview\/"]}]},{"@type":"ImageObject","inLanguage":"de-DE","@id":"https:\/\/www.radancy.com\/de\/radancy-erweitert-die-ki-plattform-fur-schnelleres-smarteres-kosteneffizienteres-skalierbares-recruiting-myinterview\/#primaryimage","url":"https:\/\/www.radancy.com\/wp-content\/uploads\/2024\/09\/michelle-abbey-2.jpg","contentUrl":"https:\/\/www.radancy.com\/wp-content\/uploads\/2024\/09\/michelle-abbey-2.jpg"},{"@type":"BreadcrumbList","@id":"https:\/\/www.radancy.com\/de\/radancy-erweitert-die-ki-plattform-fur-schnelleres-smarteres-kosteneffizienteres-skalierbares-recruiting-myinterview\/#breadcrumb","itemListElement":[{"@type":"ListItem","position":1,"name":"Home","item":"https:\/\/www.radancy.com\/de\/"},{"@type":"ListItem","position":2,"name":"Radancy erweitert die KI-Plattform f\u00fcr schnelleres, smarteres, kosteneffizienteres, skalierbares Recruiting"}]},{"@type":"WebSite","@id":"https:\/\/www.radancy.com\/de\/#website","url":"https:\/\/www.radancy.com\/de\/","name":"Radancy","description":"Create Connections That Count.","publisher":{"@id":"https:\/\/www.radancy.com\/de\/#organization"},"potentialAction":[{"@type":"SearchAction","target":{"@type":"EntryPoint","urlTemplate":"https:\/\/www.radancy.com\/de\/?s={search_term_string}"},"query-input":{"@type":"PropertyValueSpecification","valueRequired":true,"valueName":"search_term_string"}}],"inLanguage":"de-DE"},{"@type":"Organization","@id":"https:\/\/www.radancy.com\/de\/#organization","name":"Radancy","url":"https:\/\/www.radancy.com\/de\/","logo":{"@type":"ImageObject","inLanguage":"de-DE","@id":"https:\/\/www.radancy.com\/de\/#\/schema\/logo\/image\/","url":"https:\/\/www.radancy.com\/wp-content\/uploads\/2024\/06\/Radancy_Icon_RGB.svg","contentUrl":"https:\/\/www.radancy.com\/wp-content\/uploads\/2024\/06\/Radancy_Icon_RGB.svg","width":1,"height":1,"caption":"Radancy"},"image":{"@id":"https:\/\/www.radancy.com\/de\/#\/schema\/logo\/image\/"},"sameAs":["https:\/\/www.facebook.com\/radancy","https:\/\/x.com\/radancyco","https:\/\/www.linkedin.com\/company\/radancy\/","https:\/\/www.youtube.com\/Radancy\/videos","https:\/\/www.instagram.com\/radancyco"]}]}},"_links":{"self":[{"href":"https:\/\/www.radancy.com\/de\/wp-json\/wp\/v2\/pages\/22482","targetHints":{"allow":["GET"]}}],"collection":[{"href":"https:\/\/www.radancy.com\/de\/wp-json\/wp\/v2\/pages"}],"about":[{"href":"https:\/\/www.radancy.com\/de\/wp-json\/wp\/v2\/types\/page"}],"author":[{"embeddable":true,"href":"https:\/\/www.radancy.com\/de\/wp-json\/wp\/v2\/users\/1"}],"replies":[{"embeddable":true,"href":"https:\/\/www.radancy.com\/de\/wp-json\/wp\/v2\/comments?post=22482"}],"version-history":[{"count":0,"href":"https:\/\/www.radancy.com\/de\/wp-json\/wp\/v2\/pages\/22482\/revisions"}],"wp:attachment":[{"href":"https:\/\/www.radancy.com\/de\/wp-json\/wp\/v2\/media?parent=22482"}],"curies":[{"name":"wp","href":"https:\/\/api.w.org\/{rel}","templated":true}]}}