{"id":20387,"date":"2025-07-15T10:28:04","date_gmt":"2025-07-15T10:28:04","guid":{"rendered":"https:\/\/www.radancy.com\/?page_id=20387"},"modified":"2025-07-15T10:38:51","modified_gmt":"2025-07-15T10:38:51","slug":"die-naechste-evolution-der-radancy-talent-acquisition-cloud-mit-agentic-ai-setzen-wir-neue-standards-im-recruiting","status":"publish","type":"page","link":"https:\/\/www.radancy.com\/de\/die-naechste-evolution-der-radancy-talent-acquisition-cloud-mit-agentic-ai-setzen-wir-neue-standards-im-recruiting\/","title":{"rendered":"Die n\u00e4chste Evolution der Radancy Talent Acquisition Cloud \u2013 mit Agentic AI setzen wir neue Standards im Recruiting"},"content":{"rendered":"\n<div class=\"wp-block-group alignfull title-bar has-neutral-1-color has-primary-3-background-color has-text-color has-background is-vertical is-content-justification-center is-layout-flex wp-container-core-group-is-layout-95c46550 wp-block-group-is-layout-flex\" style=\"margin-top:0;margin-bottom:60px;padding-top:35px;padding-right:35px;padding-bottom:35px;padding-left:35px\">\n<h2 class=\"wp-block-heading has-accent-font-family has-headline-smallest-font-size\" id=\"h-ein-brief-unserer-ceo\" style=\"margin-top:0;margin-bottom:0;font-style:normal;font-weight:400\">Ein Brief unserer CEO<\/h2>\n<\/div>\n\n\n\n<div class=\"wp-block-group has-global-padding is-layout-constrained wp-block-group-is-layout-constrained\">\n<div class=\"wp-block-group is-vertical is-layout-flex wp-container-core-group-is-layout-fe9cc265 wp-block-group-is-layout-flex\">\n<h2 class=\"wp-block-heading has-primary-1-color has-text-color has-link-color has-headline-small-font-size wp-elements-cb900b847e68777d451ad28ef69ff21e\" id=\"h-die-nachste-evolution-der-radancy-talent-acquisition-cloud-mit-agentic-ai-setzen-wir-neue-standards-im-recruiting\">Die n\u00e4chste Evolution der Radancy Talent Acquisition Cloud \u2013 mit Agentic AI setzen wir neue Standards im Recruiting<\/h2>\n<\/div>\n\n\n\n<div class=\"wp-block-columns is-layout-flex wp-container-core-columns-is-layout-28f84493 wp-block-columns-is-layout-flex\">\n<div class=\"wp-block-column is-layout-flow wp-block-column-is-layout-flow\" style=\"flex-basis:33.33%\">\n<figure class=\"wp-block-image size-full\"><img loading=\"lazy\" decoding=\"async\" width=\"445\" height=\"300\" src=\"https:\/\/www.radancy.com\/wp-content\/uploads\/2024\/09\/michelle-abbey-2.jpg\" alt=\"\" class=\"wp-image-17377\" srcset=\"https:\/\/www.radancy.com\/wp-content\/uploads\/2024\/09\/michelle-abbey-2.jpg 445w, https:\/\/www.radancy.com\/wp-content\/uploads\/2024\/09\/michelle-abbey-2-300x202.jpg 300w\" sizes=\"auto, (max-width: 445px) 100vw, 445px\" \/><\/figure>\n\n\n\n<p>Michelle Abbey, <br>President und CEO, Radancy<\/p>\n<\/div>\n\n\n\n<div class=\"wp-block-column is-layout-flow wp-container-core-column-is-layout-343acf9e wp-block-column-is-layout-flow\" style=\"flex-basis:66.66%\">\n<div class=\"wp-block-group is-vertical is-layout-flex wp-container-core-group-is-layout-afe85e8d wp-block-group-is-layout-flex\">\n<p>Ich freue mich, Ihnen heute die n\u00e4chste Evolution der Radancy Talent Acquisition Cloud vorzustellen \u2013 unsere KI-getriebene Plattform sorgt in der Welt der Talentgewinnung f\u00fcr Innovationen. Mit Agentic AI und Insights aus dem weltweit umfangreichsten Datensatz rund um Talente liefert unsere Next-Gen-Plattform smarte, kosteneffiziente Strategien, bessere Kandidat*innen und messbaren Impact in jeder Phase des Einstellungsprozesses.  <\/p>\n\n\n\n<p>W\u00e4hrend sich die Erwartungen von Kandidat*innen, die Anforderungen an Kompetenzen, Budgetvorgaben und Dynamiken auf dem Arbeitsmarkt rasant wandeln, haben wir genau hingeh\u00f6rt, was unsere Kund*innen und der Markt wirklich brauchen. Das Ergebnis ist eine Plattform, die statt einzelnen Recruiting-Tools und -Prozessen eine nahtlose, intelligente und personalisierte Experience bietet. <\/p>\n\n\n\n<p>Von der ersten Interaktion bis zur Bewerbung bietet unsere KI-getriebene Plattform Echtzeit-Kontext und richtet sich an klaren Zielvorgaben aus \u2013 so erreichen Unternehmen die Top-Talente im Markt schneller, direkter und effizienter denn je.<\/p>\n\n\n\n<p>Das ist weit mehr als nur ein Upgrade \u2013 es ist eine Transformation. Recruiting-Teams bekommen pr\u00e4dikative Insights und intelligente Automatisierung an die Hand. Kandidat*innen erleben personalisierte Journeys. Und neue Funktionen wie Natural Language Search, \u00fcbersichtliche Job-Previews und kontextsensitive KI-Agent*innen erleichtern alle Entscheidungen rund um die Bewerbung   <\/p>\n\n\n\n<p>Jede Interaktion l\u00e4sst die Plattform dazulernen. Sie erkennt Bed\u00fcrfnisse, passt sich in Echtzeit an und schl\u00e4gt eine Br\u00fccke zwischen den Anforderungen von Arbeitgeber*innen und dem Potenzial von Kandidat*innen. Dank integrierter Analyse-Tools bleibt der gesamte Prozess transparent und wird kontinuierlich optimiert. Das Ergebnis: k\u00fcrzere Einstellungszyklen, niedrigere Kosten und rundum verbesserte Abl\u00e4ufe f\u00fcr Kandidat*innen und Recruiter*innen.   <\/p>\n\n\n\n<p>Die Plattform haben wir so konzipiert, dass sie weltweit skaliert, flexibel bleibt und messbare Ergebnisse liefert \u2013 mit durchg\u00e4ngiger Datensicherheit, Compliance auf Unternehmensniveau und fest verankerten ethischen KI-Grunds\u00e4tzen. Auf diese Weise erf\u00fcllen Unternehmen nicht nur aktuelle und k\u00fcnftige regulatorische Vorgaben, sondern wahren auch Datenschutz und Vertrauen. <\/p>\n\n\n\n<p>Diese Evolution zeigt, wie sehr wir auf Innovation, Support und messbaren ROI setzen. W\u00e4hrend Radancy im Markt f\u00fcr Talent-Acquisition-Software weiter w\u00e4chst, intensivieren<br>wir unser Engagement, Unternehmen beim Aufbau der Teams von morgen zu unterst\u00fctzen \u2013 ganz konkret, mit Zuversicht und klaren Wettbewerbsvorteilen. <\/p>\n\n\n\n<p>Wir sind stolz auf das, was wir aufgebaut haben \u2013 und gespannt, welche Erfolge unsere Kund*innen damit erzielen werden.<\/p>\n<\/div>\n\n\n\n<div class=\"wp-block-group is-vertical is-content-justification-stretch is-layout-flex wp-container-core-group-is-layout-db4209bd wp-block-group-is-layout-flex\">\n<p>Jetzt mehr \u00fcber die Radancy Talent Acquisition Cloud <a href=\"https:\/\/www.radancy.com\/de\/ubersicht-uber-die-plattform\/\">erfahren<\/a>.<\/p>\n<\/div>\n\n\n\n<figure class=\"wp-block-video fancybox js-bottom-hero-img hero__asset drop-shadow home-header-bottom animated fadeInLeft delay-100ms\"><video height=\"1080\" style=\"aspect-ratio: 1920 \/ 1080;\" width=\"1920\" muted poster=\"https:\/\/www.radancy.com\/wp-content\/uploads\/2025\/06\/Video-thumbnail-w-headline_DE.png\" preload=\"auto\" src=\"https:\/\/www.radancy.com\/wp-content\/uploads\/2025\/06\/144867_AgenticAI_LaunchVideo_v1-DE-longer-web.mp4\"><track src=\"https:\/\/www.radancy.com\/wp-content\/uploads\/2025\/06\/144867_Radancy_Agentic-AI-Video-VTT-Doc-DE.vtt\" label=\"Subtitle\" srclang=\"de\" kind=\"subtitles\"\/><\/video><\/figure>\n<\/div>\n<\/div>\n<\/div>\n\n\n\n<div style=\"height:40px\" aria-hidden=\"true\" class=\"wp-block-spacer\"><\/div>\n\n\n\n<div class=\"wp-block-group alignfull cta has-neutral-1-color has-primary-2-background-color has-text-color has-background has-global-padding is-layout-constrained wp-container-core-group-is-layout-86ad42c5 wp-block-group-is-layout-constrained\" style=\"margin-top:0px;margin-bottom:0px;padding-top:var(--wp--preset--spacing--30);padding-right:var(--wp--preset--spacing--30);padding-bottom:var(--wp--preset--spacing--30);padding-left:var(--wp--preset--spacing--30)\">\n<h3 class=\"wp-block-heading has-text-align-center has-copy-font-family\" id=\"h-melden-sie-sich-bei-uns-wenn-sie-mit-einer-einzigen-ki-plattform-ihre-einstellungsergebnisse-und-ihren-roi-maximieren-mochten\">Melden Sie sich bei uns, wenn Sie mit einer einzigen KI-Plattform Ihre Einstellungsergebnisse und Ihren ROI maximieren m\u00f6chten.<\/h3>\n\n\n\n<div class=\"wp-block-buttons is-content-justification-center is-layout-flex wp-container-core-buttons-is-layout-a89b3969 wp-block-buttons-is-layout-flex\">\n<div class=\"wp-block-button\"><a class=\"wp-block-button__link wp-element-button\" href=\"https:\/\/www.radancy.com\/de\/kontaktieren-sie-uns\/\">DEMO BUCHEN<\/a><\/div>\n<\/div>\n<\/div>\n","protected":false},"excerpt":{"rendered":"<p>Ein Brief unserer CEO Die n\u00e4chste Evolution der Radancy Talent Acquisition Cloud \u2013 mit Agentic AI setzen wir neue Standards im Recruiting Michelle Abbey, President und CEO, Radancy Ich freue <a class=\"more-link\" href=\"https:\/\/www.radancy.com\/de\/die-naechste-evolution-der-radancy-talent-acquisition-cloud-mit-agentic-ai-setzen-wir-neue-standards-im-recruiting\/\">Read more&#8230;<\/a><\/p>\n","protected":false},"author":1,"featured_media":0,"parent":0,"menu_order":0,"comment_status":"closed","ping_status":"closed","template":"","meta":{"_acf_changed":false,"_EventAllDay":false,"_EventTimezone":"","_EventStartDate":"","_EventEndDate":"","_EventStartDateUTC":"","_EventEndDateUTC":"","_EventShowMap":false,"_EventShowMapLink":false,"_EventURL":"","_EventCost":"","_EventCostDescription":"","_EventCurrencySymbol":"","_EventCurrencyCode":"","_EventCurrencyPosition":"","_EventDateTimeSeparator":"","_EventTimeRangeSeparator":"","_EventOrganizerID":[],"_EventVenueID":[],"_OrganizerEmail":"","_OrganizerPhone":"","_OrganizerWebsite":"","_VenueAddress":"","_VenueCity":"","_VenueCountry":"","_VenueProvince":"","_VenueState":"","_VenueZip":"","_VenuePhone":"","_VenueURL":"","_VenueStateProvince":"","_VenueLat":"","_VenueLng":"","_VenueShowMap":false,"_VenueShowMapLink":false,"_tribe_blocks_recurrence_rules":"","_tribe_blocks_recurrence_description":"","_tribe_blocks_recurrence_exclusions":"","footnotes":""},"class_list":["post-20387","page","type-page","status-publish","hentry"],"acf":[],"yoast_head":"<!-- This site is optimized with the Yoast SEO Premium plugin v26.2 (Yoast SEO v27.4) - https:\/\/yoast.com\/product\/yoast-seo-premium-wordpress\/ -->\n<title>Radancy erweitert seine Plattform um Agentic AI | Radancy<\/title>\n<meta name=\"description\" content=\"Entdecken Sie die neue Radancy Talent Acquisition Cloud mit Agentic AI \u2013 f\u00fcr effizientes Recruiting und messbare Ergebnisse.\" \/>\n<meta name=\"robots\" content=\"index, follow, max-snippet:-1, max-image-preview:large, max-video-preview:-1\" \/>\n<link rel=\"canonical\" href=\"https:\/\/www.radancy.com\/de\/die-naechste-evolution-der-radancy-talent-acquisition-cloud-mit-agentic-ai-setzen-wir-neue-standards-im-recruiting\/\" \/>\n<meta property=\"og:locale\" content=\"de_DE\" \/>\n<meta property=\"og:type\" content=\"article\" \/>\n<meta property=\"og:title\" content=\"Radancy erweitert seine Plattform um Agentic AI | Radancy\" \/>\n<meta property=\"og:description\" content=\"Entdecken Sie die neue Radancy Talent Acquisition Cloud mit Agentic AI \u2013 f\u00fcr effizientes Recruiting und messbare Ergebnisse.\" \/>\n<meta property=\"og:url\" content=\"https:\/\/www.radancy.com\/de\/die-naechste-evolution-der-radancy-talent-acquisition-cloud-mit-agentic-ai-setzen-wir-neue-standards-im-recruiting\/\" \/>\n<meta property=\"og:site_name\" content=\"Radancy\" \/>\n<meta property=\"article:publisher\" content=\"https:\/\/www.facebook.com\/radancy\" \/>\n<meta property=\"article:modified_time\" content=\"2025-07-15T10:38:51+00:00\" \/>\n<meta property=\"og:image\" content=\"https:\/\/www.radancy.com\/wp-content\/uploads\/2024\/09\/michelle-abbey-2.jpg\" \/>\n\t<meta property=\"og:image:width\" content=\"445\" \/>\n\t<meta property=\"og:image:height\" content=\"300\" \/>\n\t<meta property=\"og:image:type\" content=\"image\/jpeg\" \/>\n<meta name=\"twitter:card\" content=\"summary_large_image\" \/>\n<meta name=\"twitter:title\" content=\"Die n\u00e4chste Evolution der Radancy Talent Acquisition Cloud \u2013 mit Agentic AI setzen wir neue Standards im Recruiting\" \/>\n<meta name=\"twitter:site\" content=\"@radancyco\" \/>\n<meta name=\"twitter:label1\" content=\"Gesch\u00e4tzte Lesezeit\" \/>\n\t<meta name=\"twitter:data1\" content=\"6 Minuten\" \/>\n<script type=\"application\/ld+json\" class=\"yoast-schema-graph\">{\"@context\":\"https:\\\/\\\/schema.org\",\"@graph\":[{\"@type\":\"WebPage\",\"@id\":\"https:\\\/\\\/www.radancy.com\\\/de\\\/die-naechste-evolution-der-radancy-talent-acquisition-cloud-mit-agentic-ai-setzen-wir-neue-standards-im-recruiting\\\/\",\"url\":\"https:\\\/\\\/www.radancy.com\\\/de\\\/die-naechste-evolution-der-radancy-talent-acquisition-cloud-mit-agentic-ai-setzen-wir-neue-standards-im-recruiting\\\/\",\"name\":\"Radancy erweitert seine Plattform um Agentic AI | Radancy\",\"isPartOf\":{\"@id\":\"https:\\\/\\\/www.radancy.com\\\/de\\\/#website\"},\"primaryImageOfPage\":{\"@id\":\"https:\\\/\\\/www.radancy.com\\\/de\\\/die-naechste-evolution-der-radancy-talent-acquisition-cloud-mit-agentic-ai-setzen-wir-neue-standards-im-recruiting\\\/#primaryimage\"},\"image\":{\"@id\":\"https:\\\/\\\/www.radancy.com\\\/de\\\/die-naechste-evolution-der-radancy-talent-acquisition-cloud-mit-agentic-ai-setzen-wir-neue-standards-im-recruiting\\\/#primaryimage\"},\"thumbnailUrl\":\"https:\\\/\\\/www.radancy.com\\\/wp-content\\\/uploads\\\/2024\\\/09\\\/michelle-abbey-2.jpg\",\"datePublished\":\"2025-07-15T10:28:04+00:00\",\"dateModified\":\"2025-07-15T10:38:51+00:00\",\"description\":\"Entdecken Sie die neue Radancy Talent Acquisition Cloud mit Agentic AI \u2013 f\u00fcr effizientes Recruiting und messbare Ergebnisse.\",\"breadcrumb\":{\"@id\":\"https:\\\/\\\/www.radancy.com\\\/de\\\/die-naechste-evolution-der-radancy-talent-acquisition-cloud-mit-agentic-ai-setzen-wir-neue-standards-im-recruiting\\\/#breadcrumb\"},\"inLanguage\":\"de-DE\",\"potentialAction\":[{\"@type\":\"ReadAction\",\"target\":[\"https:\\\/\\\/www.radancy.com\\\/de\\\/die-naechste-evolution-der-radancy-talent-acquisition-cloud-mit-agentic-ai-setzen-wir-neue-standards-im-recruiting\\\/\"]}]},{\"@type\":\"ImageObject\",\"inLanguage\":\"de-DE\",\"@id\":\"https:\\\/\\\/www.radancy.com\\\/de\\\/die-naechste-evolution-der-radancy-talent-acquisition-cloud-mit-agentic-ai-setzen-wir-neue-standards-im-recruiting\\\/#primaryimage\",\"url\":\"https:\\\/\\\/www.radancy.com\\\/wp-content\\\/uploads\\\/2024\\\/09\\\/michelle-abbey-2.jpg\",\"contentUrl\":\"https:\\\/\\\/www.radancy.com\\\/wp-content\\\/uploads\\\/2024\\\/09\\\/michelle-abbey-2.jpg\"},{\"@type\":\"BreadcrumbList\",\"@id\":\"https:\\\/\\\/www.radancy.com\\\/de\\\/die-naechste-evolution-der-radancy-talent-acquisition-cloud-mit-agentic-ai-setzen-wir-neue-standards-im-recruiting\\\/#breadcrumb\",\"itemListElement\":[{\"@type\":\"ListItem\",\"position\":1,\"name\":\"Home\",\"item\":\"https:\\\/\\\/www.radancy.com\\\/de\\\/\"},{\"@type\":\"ListItem\",\"position\":2,\"name\":\"Die n\u00e4chste Evolution der Radancy Talent Acquisition Cloud \u2013 mit Agentic AI setzen wir neue Standards im Recruiting\"}]},{\"@type\":\"WebSite\",\"@id\":\"https:\\\/\\\/www.radancy.com\\\/de\\\/#website\",\"url\":\"https:\\\/\\\/www.radancy.com\\\/de\\\/\",\"name\":\"Radancy\",\"description\":\"Create Connections That Count.\",\"publisher\":{\"@id\":\"https:\\\/\\\/www.radancy.com\\\/de\\\/#organization\"},\"potentialAction\":[{\"@type\":\"SearchAction\",\"target\":{\"@type\":\"EntryPoint\",\"urlTemplate\":\"https:\\\/\\\/www.radancy.com\\\/de\\\/?s={search_term_string}\"},\"query-input\":{\"@type\":\"PropertyValueSpecification\",\"valueRequired\":true,\"valueName\":\"search_term_string\"}}],\"inLanguage\":\"de-DE\"},{\"@type\":\"Organization\",\"@id\":\"https:\\\/\\\/www.radancy.com\\\/de\\\/#organization\",\"name\":\"Radancy\",\"url\":\"https:\\\/\\\/www.radancy.com\\\/de\\\/\",\"logo\":{\"@type\":\"ImageObject\",\"inLanguage\":\"de-DE\",\"@id\":\"https:\\\/\\\/www.radancy.com\\\/de\\\/#\\\/schema\\\/logo\\\/image\\\/\",\"url\":\"https:\\\/\\\/www.radancy.com\\\/wp-content\\\/uploads\\\/2024\\\/06\\\/Radancy_Icon_RGB.svg\",\"contentUrl\":\"https:\\\/\\\/www.radancy.com\\\/wp-content\\\/uploads\\\/2024\\\/06\\\/Radancy_Icon_RGB.svg\",\"width\":1,\"height\":1,\"caption\":\"Radancy\"},\"image\":{\"@id\":\"https:\\\/\\\/www.radancy.com\\\/de\\\/#\\\/schema\\\/logo\\\/image\\\/\"},\"sameAs\":[\"https:\\\/\\\/www.facebook.com\\\/radancy\",\"https:\\\/\\\/x.com\\\/radancyco\",\"https:\\\/\\\/www.linkedin.com\\\/company\\\/radancy\\\/\",\"https:\\\/\\\/www.youtube.com\\\/Radancy\\\/videos\",\"https:\\\/\\\/www.instagram.com\\\/radancyco\"]}]}<\/script>\n<!-- \/ Yoast SEO Premium plugin. -->","yoast_head_json":{"title":"Radancy erweitert seine Plattform um Agentic AI | Radancy","description":"Entdecken Sie die neue Radancy Talent Acquisition Cloud mit Agentic AI \u2013 f\u00fcr effizientes Recruiting und messbare Ergebnisse.","robots":{"index":"index","follow":"follow","max-snippet":"max-snippet:-1","max-image-preview":"max-image-preview:large","max-video-preview":"max-video-preview:-1"},"canonical":"https:\/\/www.radancy.com\/de\/die-naechste-evolution-der-radancy-talent-acquisition-cloud-mit-agentic-ai-setzen-wir-neue-standards-im-recruiting\/","og_locale":"de_DE","og_type":"article","og_title":"Radancy erweitert seine Plattform um Agentic AI | Radancy","og_description":"Entdecken Sie die neue Radancy Talent Acquisition Cloud mit Agentic AI \u2013 f\u00fcr effizientes Recruiting und messbare Ergebnisse.","og_url":"https:\/\/www.radancy.com\/de\/die-naechste-evolution-der-radancy-talent-acquisition-cloud-mit-agentic-ai-setzen-wir-neue-standards-im-recruiting\/","og_site_name":"Radancy","article_publisher":"https:\/\/www.facebook.com\/radancy","article_modified_time":"2025-07-15T10:38:51+00:00","og_image":[{"width":445,"height":300,"url":"https:\/\/www.radancy.com\/wp-content\/uploads\/2024\/09\/michelle-abbey-2.jpg","type":"image\/jpeg"}],"twitter_card":"summary_large_image","twitter_title":"Die n\u00e4chste Evolution der Radancy Talent Acquisition Cloud \u2013 mit Agentic AI setzen wir neue Standards im Recruiting","twitter_site":"@radancyco","twitter_misc":{"Gesch\u00e4tzte Lesezeit":"6 Minuten"},"schema":{"@context":"https:\/\/schema.org","@graph":[{"@type":"WebPage","@id":"https:\/\/www.radancy.com\/de\/die-naechste-evolution-der-radancy-talent-acquisition-cloud-mit-agentic-ai-setzen-wir-neue-standards-im-recruiting\/","url":"https:\/\/www.radancy.com\/de\/die-naechste-evolution-der-radancy-talent-acquisition-cloud-mit-agentic-ai-setzen-wir-neue-standards-im-recruiting\/","name":"Radancy erweitert seine Plattform um Agentic AI | Radancy","isPartOf":{"@id":"https:\/\/www.radancy.com\/de\/#website"},"primaryImageOfPage":{"@id":"https:\/\/www.radancy.com\/de\/die-naechste-evolution-der-radancy-talent-acquisition-cloud-mit-agentic-ai-setzen-wir-neue-standards-im-recruiting\/#primaryimage"},"image":{"@id":"https:\/\/www.radancy.com\/de\/die-naechste-evolution-der-radancy-talent-acquisition-cloud-mit-agentic-ai-setzen-wir-neue-standards-im-recruiting\/#primaryimage"},"thumbnailUrl":"https:\/\/www.radancy.com\/wp-content\/uploads\/2024\/09\/michelle-abbey-2.jpg","datePublished":"2025-07-15T10:28:04+00:00","dateModified":"2025-07-15T10:38:51+00:00","description":"Entdecken Sie die neue Radancy Talent Acquisition Cloud mit Agentic AI \u2013 f\u00fcr effizientes Recruiting und messbare Ergebnisse.","breadcrumb":{"@id":"https:\/\/www.radancy.com\/de\/die-naechste-evolution-der-radancy-talent-acquisition-cloud-mit-agentic-ai-setzen-wir-neue-standards-im-recruiting\/#breadcrumb"},"inLanguage":"de-DE","potentialAction":[{"@type":"ReadAction","target":["https:\/\/www.radancy.com\/de\/die-naechste-evolution-der-radancy-talent-acquisition-cloud-mit-agentic-ai-setzen-wir-neue-standards-im-recruiting\/"]}]},{"@type":"ImageObject","inLanguage":"de-DE","@id":"https:\/\/www.radancy.com\/de\/die-naechste-evolution-der-radancy-talent-acquisition-cloud-mit-agentic-ai-setzen-wir-neue-standards-im-recruiting\/#primaryimage","url":"https:\/\/www.radancy.com\/wp-content\/uploads\/2024\/09\/michelle-abbey-2.jpg","contentUrl":"https:\/\/www.radancy.com\/wp-content\/uploads\/2024\/09\/michelle-abbey-2.jpg"},{"@type":"BreadcrumbList","@id":"https:\/\/www.radancy.com\/de\/die-naechste-evolution-der-radancy-talent-acquisition-cloud-mit-agentic-ai-setzen-wir-neue-standards-im-recruiting\/#breadcrumb","itemListElement":[{"@type":"ListItem","position":1,"name":"Home","item":"https:\/\/www.radancy.com\/de\/"},{"@type":"ListItem","position":2,"name":"Die n\u00e4chste Evolution der Radancy Talent Acquisition Cloud \u2013 mit Agentic AI setzen wir neue Standards im Recruiting"}]},{"@type":"WebSite","@id":"https:\/\/www.radancy.com\/de\/#website","url":"https:\/\/www.radancy.com\/de\/","name":"Radancy","description":"Create Connections That Count.","publisher":{"@id":"https:\/\/www.radancy.com\/de\/#organization"},"potentialAction":[{"@type":"SearchAction","target":{"@type":"EntryPoint","urlTemplate":"https:\/\/www.radancy.com\/de\/?s={search_term_string}"},"query-input":{"@type":"PropertyValueSpecification","valueRequired":true,"valueName":"search_term_string"}}],"inLanguage":"de-DE"},{"@type":"Organization","@id":"https:\/\/www.radancy.com\/de\/#organization","name":"Radancy","url":"https:\/\/www.radancy.com\/de\/","logo":{"@type":"ImageObject","inLanguage":"de-DE","@id":"https:\/\/www.radancy.com\/de\/#\/schema\/logo\/image\/","url":"https:\/\/www.radancy.com\/wp-content\/uploads\/2024\/06\/Radancy_Icon_RGB.svg","contentUrl":"https:\/\/www.radancy.com\/wp-content\/uploads\/2024\/06\/Radancy_Icon_RGB.svg","width":1,"height":1,"caption":"Radancy"},"image":{"@id":"https:\/\/www.radancy.com\/de\/#\/schema\/logo\/image\/"},"sameAs":["https:\/\/www.facebook.com\/radancy","https:\/\/x.com\/radancyco","https:\/\/www.linkedin.com\/company\/radancy\/","https:\/\/www.youtube.com\/Radancy\/videos","https:\/\/www.instagram.com\/radancyco"]}]}},"_links":{"self":[{"href":"https:\/\/www.radancy.com\/de\/wp-json\/wp\/v2\/pages\/20387","targetHints":{"allow":["GET"]}}],"collection":[{"href":"https:\/\/www.radancy.com\/de\/wp-json\/wp\/v2\/pages"}],"about":[{"href":"https:\/\/www.radancy.com\/de\/wp-json\/wp\/v2\/types\/page"}],"author":[{"embeddable":true,"href":"https:\/\/www.radancy.com\/de\/wp-json\/wp\/v2\/users\/1"}],"replies":[{"embeddable":true,"href":"https:\/\/www.radancy.com\/de\/wp-json\/wp\/v2\/comments?post=20387"}],"version-history":[{"count":0,"href":"https:\/\/www.radancy.com\/de\/wp-json\/wp\/v2\/pages\/20387\/revisions"}],"wp:attachment":[{"href":"https:\/\/www.radancy.com\/de\/wp-json\/wp\/v2\/media?parent=20387"}],"curies":[{"name":"wp","href":"https:\/\/api.w.org\/{rel}","templated":true}]}}