{"id":16768,"date":"2024-07-25T13:47:20","date_gmt":"2024-07-25T13:47:20","guid":{"rendered":"https:\/\/www.radancy.com\/?page_id=16768"},"modified":"2025-01-22T11:36:28","modified_gmt":"2025-01-22T11:36:28","slug":"erfolgsstory-illwerke-vkw-so-gelingt-die-talentsuche-gemeinsam-mit-radancy","status":"publish","type":"page","link":"https:\/\/www.radancy.com\/de\/erfolgsstory-illwerke-vkw-so-gelingt-die-talentsuche-gemeinsam-mit-radancy\/","title":{"rendered":"Erfolgsstory illwerke vkw &#8211; So gelingt die Talentsuche gemeinsam mit Radancy"},"content":{"rendered":"\n<div class=\"wp-block-group has-global-padding is-layout-constrained wp-block-group-is-layout-constrained\">\n\n\n<div class=\"wp-block-columns is-layout-flex wp-container-core-columns-is-layout-28f84493 wp-block-columns-is-layout-flex\">\n<div class=\"wp-block-column is-layout-flow wp-block-column-is-layout-flow\" style=\"flex-basis:45%\">\n<div class=\"wp-block-group is-vertical is-layout-flex wp-container-core-group-is-layout-fe9cc265 wp-block-group-is-layout-flex\">\n<h3 class=\"wp-block-heading has-primary-3-color has-text-color has-link-color has-accent-font-family has-headline-smallest-font-size wp-elements-8a74cce9cbecda126f9330c38772938e\" id=\"h-entdecken-sie-wie-sie-mit-der-radancy-talent-acquisition-cloud-qualifizierte-bewerbende-finden-und-gewinnen\">Entdecken Sie, wie Sie mit der Radancy Talent Acquisition Cloud qualifizierte Bewerbende finden und gewinnen.<\/h3>\n<\/div>\n<\/div>\n\n\n\n<div class=\"wp-block-column is-vertically-aligned-top fs-12 fs-m-6 is-layout-flow wp-block-column-is-layout-flow\" style=\"flex-basis:45%\"><\/div>\n<\/div>\n\n\n\n<div class=\"wp-block-columns form-container section is-layout-flex wp-container-core-columns-is-layout-28f84493 wp-block-columns-is-layout-flex\">\n<div class=\"wp-block-column fs-12 fs-m-6 is-layout-flow wp-block-column-is-layout-flow\" style=\"flex-basis:45%\">\n<div class=\"wp-block-group is-vertical is-content-justification-stretch is-layout-flex wp-container-core-group-is-layout-353c4f5a wp-block-group-is-layout-flex\">\n<h2 class=\"wp-block-heading has-text-align-left headline--intro has-primary-1-color has-text-color has-link-color has-headline-small-font-size wp-elements-567e0143eaf91b4521b012e4347f54fe\" id=\"h-erfolgsstory-illwerke-vkw-so-gelingt-die-talentsuche-gemeinsam-mit-radancy\">Erfolgsstory illwerke vkw &#8211; So gelingt die Talentsuche gemeinsam mit Radancy<\/h2>\n<\/div>\n\n\n\n<div class=\"wp-block-group hi-to-apply__intro is-vertical is-content-justification-stretch is-layout-flex wp-container-core-group-is-layout-353c4f5a wp-block-group-is-layout-flex\">\n<p>Als \u00f6sterreichisches Energieunternehmen mit rund 1.200 MItarbeitenden ist illwerke vkw essenziell f\u00fcr die Energieversorgung Vorarlbergs. Damit hier alles glatt l\u00e4uft ben\u00f6tigt es engagierte Talente, die das Unternehmen unter anderem mit Mitarbeiterempfehlungen findet.<\/p>\n\n\n\n<p>In diesem exklusiven Webinar l\u00e4sst illwerke vkw erstmalig hinter die Kulissen seiner Erfolgsstory blicke. Von den fr\u00fchen Anf\u00e4ngen der Zusammenarbeit mit Radancy \u00fcber den Launch des Mitarbeiter-werben-Mitarbeiter-Programms bis zur Entscheidung f\u00fcr eine nicht-monet\u00e4re Pr\u00e4mienstrategie bleiben hier keine Fragen offen.<\/p>\n<\/div>\n\n\n\n\n\n<div class=\"wp-block-group hi-to-apply__intro is-vertical is-content-justification-stretch is-layout-flex wp-container-core-group-is-layout-353c4f5a wp-block-group-is-layout-flex\">\n<h3 class=\"wp-block-heading has-text-align-left has-primary-1-color has-text-color has-link-color has-headline-medium-font-size wp-elements-0582105a60ece56e66af4400907675da\" id=\"h-warum-sie-dieses-webinar-nicht-verpassen-durfen\">Warum Sie dieses Webinar nicht verpassen d\u00fcrfen?<\/h3>\n\n\n\n<p>Verpassen Sie nicht, wenn Samuel Scheier, Leiter Recruiting, Entwicklung und Digitalisierung bei illwerke vkw, gemeinsam mit Matthias Wolf, Chief Revenue Officer bei Radancy Europe, \u00fcber die gemeinsame Erfolgsgeschichte reflektiert. Erfahren Sie:<\/p>\n\n\n\n<ul class=\"wp-block-list\">\n<li>mit welchen <strong>Herausforderungen<\/strong> sich illwerke vkw konfrontiert sah<\/li>\n\n\n\n<li>wie das <strong>Implementierungsprojekt<\/strong> gemeinsam mit Radancy ablief<\/li>\n\n\n\n<li>warum illwerke vkw auf eine exklusiv <strong>nicht-monet\u00e4re Pr\u00e4mienstrategie<\/strong> setzt<\/li>\n\n\n\n<li>welche <strong>Erfolge<\/strong> das Unternehmen seit Launch des Mitarbeiter-werben-Mitarbeiter-Programms feiern konnte<\/li>\n<\/ul>\n\n\n\n<p>Melden Sie sich jetzt f\u00fcr das Webinar am <strong>Dienstag, 03. September 2024 von 10:00 bis 11:00 Uhr<\/strong> an und blicken Sie gemeinsam mit uns hinter die Kulissen der Erfolgsgeschichte von illwerke vkw.<\/p>\n<\/div>\n<\/div>\n\n\n\n<div class=\"wp-block-column fs-12 fs-m-6 is-layout-flow wp-block-column-is-layout-flow\" style=\"flex-basis:2%\"><\/div>\n\n\n\n<div class=\"wp-block-column is-vertically-aligned-top fs-12 fs-m-6 is-layout-flow wp-block-column-is-layout-flow\" style=\"flex-basis:45%\">\n<div id=\"register-now\" class=\"wp-block-group has-primary-3-background-color has-background is-vertical is-content-justification-stretch is-layout-flex wp-container-core-group-is-layout-064b79c6 wp-block-group-is-layout-flex\" style=\"padding-top:3.13rem;padding-right:50px;padding-bottom:50px;padding-left:50px\">\n<p class=\"has-text-align-center\">Falls Sie das Formular nicht sehen sollten, aktivieren Sie bitte die Cookies.<\/p>\n\n\n\n<div style=\"height:0px\" aria-hidden=\"true\" class=\"wp-block-spacer wp-container-content-62aae154\"><\/div>\n\n\n\n<iframe title=\"Radancy Webinar Form\" style=\"height: 1000px;\" data-src=\"https:\/\/go.radancy.com\/l\/212182\/2024-07-25\/3lwm4k\"><\/iframe>\n<\/div>\n<\/div>\n<\/div>\n\n\n\n<div style=\"height:40px\" aria-hidden=\"true\" class=\"wp-block-spacer\"><\/div>\n\n\n\n\n\n<div style=\"height:100px\" aria-hidden=\"true\" class=\"wp-block-spacer\"><\/div>\n<\/div>\n","protected":false},"excerpt":{"rendered":"<p>Entdecken Sie, wie Sie mit der Radancy Talent Acquisition Cloud qualifizierte Bewerbende finden und gewinnen. Erfolgsstory illwerke vkw &#8211; So gelingt die Talentsuche gemeinsam mit Radancy Als \u00f6sterreichisches Energieunternehmen mit <a class=\"more-link\" href=\"https:\/\/www.radancy.com\/de\/erfolgsstory-illwerke-vkw-so-gelingt-die-talentsuche-gemeinsam-mit-radancy\/\">Read more&#8230;<\/a><\/p>\n","protected":false},"author":47,"featured_media":0,"parent":0,"menu_order":0,"comment_status":"closed","ping_status":"closed","template":"","meta":{"_acf_changed":false,"_EventAllDay":false,"_EventTimezone":"","_EventStartDate":"","_EventEndDate":"","_EventStartDateUTC":"","_EventEndDateUTC":"","_EventShowMap":false,"_EventShowMapLink":false,"_EventURL":"","_EventCost":"","_EventCostDescription":"","_EventCurrencySymbol":"","_EventCurrencyCode":"","_EventCurrencyPosition":"","_EventDateTimeSeparator":"","_EventTimeRangeSeparator":"","_EventOrganizerID":[],"_EventVenueID":[],"_OrganizerEmail":"","_OrganizerPhone":"","_OrganizerWebsite":"","_VenueAddress":"","_VenueCity":"","_VenueCountry":"","_VenueProvince":"","_VenueState":"","_VenueZip":"","_VenuePhone":"","_VenueURL":"","_VenueStateProvince":"","_VenueLat":"","_VenueLng":"","_VenueShowMap":false,"_VenueShowMapLink":false,"_tribe_blocks_recurrence_rules":"","_tribe_blocks_recurrence_description":"","_tribe_blocks_recurrence_exclusions":"","footnotes":""},"class_list":["post-16768","page","type-page","status-publish","hentry"],"acf":[],"yoast_head":"<!-- This site is optimized with the Yoast SEO Premium plugin v26.2 (Yoast SEO v27.5) - https:\/\/yoast.com\/product\/yoast-seo-premium-wordpress\/ -->\n<title>Erfolgsstory illwerke vkw - So gelingt die Talentsuche gemeinsam mit Radancy | Radancy<\/title>\n<meta name=\"description\" content=\"Erfahren Sie, wie illwerke vkw gemeinsam mit Radancy die Reichweite seiner Employer Brand steigert und passende Talente gewinnt.\" \/>\n<meta name=\"robots\" content=\"index, follow, max-snippet:-1, max-image-preview:large, max-video-preview:-1\" \/>\n<link rel=\"canonical\" href=\"https:\/\/www.radancy.com\/de\/erfolgsstory-illwerke-vkw-so-gelingt-die-talentsuche-gemeinsam-mit-radancy\/\" \/>\n<meta property=\"og:locale\" content=\"de_DE\" \/>\n<meta property=\"og:type\" content=\"article\" \/>\n<meta property=\"og:title\" content=\"Erfolgsstory illwerke vkw - So gelingt die Talentsuche gemeinsam mit Radancy\" \/>\n<meta property=\"og:description\" content=\"Erfahren Sie, wie illwerke vkw gemeinsam mit Radancy die Reichweite seiner Employer Brand steigert und passende Talente gewinnt.\" \/>\n<meta property=\"og:url\" content=\"https:\/\/www.radancy.com\/de\/erfolgsstory-illwerke-vkw-so-gelingt-die-talentsuche-gemeinsam-mit-radancy\/\" \/>\n<meta property=\"og:site_name\" content=\"Radancy\" \/>\n<meta property=\"article:publisher\" content=\"https:\/\/www.facebook.com\/radancy\" \/>\n<meta property=\"article:modified_time\" content=\"2025-01-22T11:36:28+00:00\" \/>\n<meta property=\"og:image\" content=\"https:\/\/www.radancy.com\/wp-content\/uploads\/2024\/07\/illwerke_Website_Preview.png\" \/>\n\t<meta property=\"og:image:width\" content=\"640\" \/>\n\t<meta property=\"og:image:height\" content=\"360\" \/>\n\t<meta property=\"og:image:type\" content=\"image\/png\" \/>\n<meta name=\"twitter:card\" content=\"summary_large_image\" \/>\n<meta name=\"twitter:site\" content=\"@radancyco\" \/>\n<meta name=\"twitter:label1\" content=\"Gesch\u00e4tzte Lesezeit\" \/>\n\t<meta name=\"twitter:data1\" content=\"2 Minuten\" \/>\n<script type=\"application\/ld+json\" class=\"yoast-schema-graph\">{\"@context\":\"https:\\\/\\\/schema.org\",\"@graph\":[{\"@type\":\"WebPage\",\"@id\":\"https:\\\/\\\/www.radancy.com\\\/de\\\/erfolgsstory-illwerke-vkw-so-gelingt-die-talentsuche-gemeinsam-mit-radancy\\\/\",\"url\":\"https:\\\/\\\/www.radancy.com\\\/de\\\/erfolgsstory-illwerke-vkw-so-gelingt-die-talentsuche-gemeinsam-mit-radancy\\\/\",\"name\":\"Erfolgsstory illwerke vkw - So gelingt die Talentsuche gemeinsam mit Radancy | Radancy\",\"isPartOf\":{\"@id\":\"https:\\\/\\\/www.radancy.com\\\/de\\\/#website\"},\"primaryImageOfPage\":{\"@id\":\"https:\\\/\\\/www.radancy.com\\\/de\\\/erfolgsstory-illwerke-vkw-so-gelingt-die-talentsuche-gemeinsam-mit-radancy\\\/#primaryimage\"},\"image\":{\"@id\":\"https:\\\/\\\/www.radancy.com\\\/de\\\/erfolgsstory-illwerke-vkw-so-gelingt-die-talentsuche-gemeinsam-mit-radancy\\\/#primaryimage\"},\"thumbnailUrl\":\"https:\\\/\\\/www.radancy.com\\\/wp-content\\\/uploads\\\/2024\\\/06\\\/kiki-1-1024x683.jpg\",\"datePublished\":\"2024-07-25T13:47:20+00:00\",\"dateModified\":\"2025-01-22T11:36:28+00:00\",\"description\":\"Erfahren Sie, wie illwerke vkw gemeinsam mit Radancy die Reichweite seiner Employer Brand steigert und passende Talente gewinnt.\",\"breadcrumb\":{\"@id\":\"https:\\\/\\\/www.radancy.com\\\/de\\\/erfolgsstory-illwerke-vkw-so-gelingt-die-talentsuche-gemeinsam-mit-radancy\\\/#breadcrumb\"},\"inLanguage\":\"de-DE\",\"potentialAction\":[{\"@type\":\"ReadAction\",\"target\":[\"https:\\\/\\\/www.radancy.com\\\/de\\\/erfolgsstory-illwerke-vkw-so-gelingt-die-talentsuche-gemeinsam-mit-radancy\\\/\"]}]},{\"@type\":\"ImageObject\",\"inLanguage\":\"de-DE\",\"@id\":\"https:\\\/\\\/www.radancy.com\\\/de\\\/erfolgsstory-illwerke-vkw-so-gelingt-die-talentsuche-gemeinsam-mit-radancy\\\/#primaryimage\",\"url\":\"https:\\\/\\\/www.radancy.com\\\/wp-content\\\/uploads\\\/2024\\\/06\\\/kiki-1-1024x683.jpg\",\"contentUrl\":\"https:\\\/\\\/www.radancy.com\\\/wp-content\\\/uploads\\\/2024\\\/06\\\/kiki-1-1024x683.jpg\"},{\"@type\":\"BreadcrumbList\",\"@id\":\"https:\\\/\\\/www.radancy.com\\\/de\\\/erfolgsstory-illwerke-vkw-so-gelingt-die-talentsuche-gemeinsam-mit-radancy\\\/#breadcrumb\",\"itemListElement\":[{\"@type\":\"ListItem\",\"position\":1,\"name\":\"Home\",\"item\":\"https:\\\/\\\/www.radancy.com\\\/de\\\/\"},{\"@type\":\"ListItem\",\"position\":2,\"name\":\"Erfolgsstory illwerke vkw &#8211; So gelingt die Talentsuche gemeinsam mit Radancy\"}]},{\"@type\":\"WebSite\",\"@id\":\"https:\\\/\\\/www.radancy.com\\\/de\\\/#website\",\"url\":\"https:\\\/\\\/www.radancy.com\\\/de\\\/\",\"name\":\"Radancy\",\"description\":\"Create Connections That Count.\",\"publisher\":{\"@id\":\"https:\\\/\\\/www.radancy.com\\\/de\\\/#organization\"},\"potentialAction\":[{\"@type\":\"SearchAction\",\"target\":{\"@type\":\"EntryPoint\",\"urlTemplate\":\"https:\\\/\\\/www.radancy.com\\\/de\\\/?s={search_term_string}\"},\"query-input\":{\"@type\":\"PropertyValueSpecification\",\"valueRequired\":true,\"valueName\":\"search_term_string\"}}],\"inLanguage\":\"de-DE\"},{\"@type\":\"Organization\",\"@id\":\"https:\\\/\\\/www.radancy.com\\\/de\\\/#organization\",\"name\":\"Radancy\",\"url\":\"https:\\\/\\\/www.radancy.com\\\/de\\\/\",\"logo\":{\"@type\":\"ImageObject\",\"inLanguage\":\"de-DE\",\"@id\":\"https:\\\/\\\/www.radancy.com\\\/de\\\/#\\\/schema\\\/logo\\\/image\\\/\",\"url\":\"https:\\\/\\\/www.radancy.com\\\/wp-content\\\/uploads\\\/2024\\\/06\\\/Radancy_Icon_RGB.svg\",\"contentUrl\":\"https:\\\/\\\/www.radancy.com\\\/wp-content\\\/uploads\\\/2024\\\/06\\\/Radancy_Icon_RGB.svg\",\"width\":1,\"height\":1,\"caption\":\"Radancy\"},\"image\":{\"@id\":\"https:\\\/\\\/www.radancy.com\\\/de\\\/#\\\/schema\\\/logo\\\/image\\\/\"},\"sameAs\":[\"https:\\\/\\\/www.facebook.com\\\/radancy\",\"https:\\\/\\\/x.com\\\/radancyco\",\"https:\\\/\\\/www.linkedin.com\\\/company\\\/radancy\\\/\",\"https:\\\/\\\/www.youtube.com\\\/Radancy\\\/videos\",\"https:\\\/\\\/www.instagram.com\\\/radancyco\"]}]}<\/script>\n<!-- \/ Yoast SEO Premium plugin. -->","yoast_head_json":{"title":"Erfolgsstory illwerke vkw - So gelingt die Talentsuche gemeinsam mit Radancy | Radancy","description":"Erfahren Sie, wie illwerke vkw gemeinsam mit Radancy die Reichweite seiner Employer Brand steigert und passende Talente gewinnt.","robots":{"index":"index","follow":"follow","max-snippet":"max-snippet:-1","max-image-preview":"max-image-preview:large","max-video-preview":"max-video-preview:-1"},"canonical":"https:\/\/www.radancy.com\/de\/erfolgsstory-illwerke-vkw-so-gelingt-die-talentsuche-gemeinsam-mit-radancy\/","og_locale":"de_DE","og_type":"article","og_title":"Erfolgsstory illwerke vkw - So gelingt die Talentsuche gemeinsam mit Radancy","og_description":"Erfahren Sie, wie illwerke vkw gemeinsam mit Radancy die Reichweite seiner Employer Brand steigert und passende Talente gewinnt.","og_url":"https:\/\/www.radancy.com\/de\/erfolgsstory-illwerke-vkw-so-gelingt-die-talentsuche-gemeinsam-mit-radancy\/","og_site_name":"Radancy","article_publisher":"https:\/\/www.facebook.com\/radancy","article_modified_time":"2025-01-22T11:36:28+00:00","og_image":[{"width":640,"height":360,"url":"https:\/\/www.radancy.com\/wp-content\/uploads\/2024\/07\/illwerke_Website_Preview.png","type":"image\/png"}],"twitter_card":"summary_large_image","twitter_site":"@radancyco","twitter_misc":{"Gesch\u00e4tzte Lesezeit":"2 Minuten"},"schema":{"@context":"https:\/\/schema.org","@graph":[{"@type":"WebPage","@id":"https:\/\/www.radancy.com\/de\/erfolgsstory-illwerke-vkw-so-gelingt-die-talentsuche-gemeinsam-mit-radancy\/","url":"https:\/\/www.radancy.com\/de\/erfolgsstory-illwerke-vkw-so-gelingt-die-talentsuche-gemeinsam-mit-radancy\/","name":"Erfolgsstory illwerke vkw - So gelingt die Talentsuche gemeinsam mit Radancy | Radancy","isPartOf":{"@id":"https:\/\/www.radancy.com\/de\/#website"},"primaryImageOfPage":{"@id":"https:\/\/www.radancy.com\/de\/erfolgsstory-illwerke-vkw-so-gelingt-die-talentsuche-gemeinsam-mit-radancy\/#primaryimage"},"image":{"@id":"https:\/\/www.radancy.com\/de\/erfolgsstory-illwerke-vkw-so-gelingt-die-talentsuche-gemeinsam-mit-radancy\/#primaryimage"},"thumbnailUrl":"https:\/\/www.radancy.com\/wp-content\/uploads\/2024\/06\/kiki-1-1024x683.jpg","datePublished":"2024-07-25T13:47:20+00:00","dateModified":"2025-01-22T11:36:28+00:00","description":"Erfahren Sie, wie illwerke vkw gemeinsam mit Radancy die Reichweite seiner Employer Brand steigert und passende Talente gewinnt.","breadcrumb":{"@id":"https:\/\/www.radancy.com\/de\/erfolgsstory-illwerke-vkw-so-gelingt-die-talentsuche-gemeinsam-mit-radancy\/#breadcrumb"},"inLanguage":"de-DE","potentialAction":[{"@type":"ReadAction","target":["https:\/\/www.radancy.com\/de\/erfolgsstory-illwerke-vkw-so-gelingt-die-talentsuche-gemeinsam-mit-radancy\/"]}]},{"@type":"ImageObject","inLanguage":"de-DE","@id":"https:\/\/www.radancy.com\/de\/erfolgsstory-illwerke-vkw-so-gelingt-die-talentsuche-gemeinsam-mit-radancy\/#primaryimage","url":"https:\/\/www.radancy.com\/wp-content\/uploads\/2024\/06\/kiki-1-1024x683.jpg","contentUrl":"https:\/\/www.radancy.com\/wp-content\/uploads\/2024\/06\/kiki-1-1024x683.jpg"},{"@type":"BreadcrumbList","@id":"https:\/\/www.radancy.com\/de\/erfolgsstory-illwerke-vkw-so-gelingt-die-talentsuche-gemeinsam-mit-radancy\/#breadcrumb","itemListElement":[{"@type":"ListItem","position":1,"name":"Home","item":"https:\/\/www.radancy.com\/de\/"},{"@type":"ListItem","position":2,"name":"Erfolgsstory illwerke vkw &#8211; So gelingt die Talentsuche gemeinsam mit Radancy"}]},{"@type":"WebSite","@id":"https:\/\/www.radancy.com\/de\/#website","url":"https:\/\/www.radancy.com\/de\/","name":"Radancy","description":"Create Connections That Count.","publisher":{"@id":"https:\/\/www.radancy.com\/de\/#organization"},"potentialAction":[{"@type":"SearchAction","target":{"@type":"EntryPoint","urlTemplate":"https:\/\/www.radancy.com\/de\/?s={search_term_string}"},"query-input":{"@type":"PropertyValueSpecification","valueRequired":true,"valueName":"search_term_string"}}],"inLanguage":"de-DE"},{"@type":"Organization","@id":"https:\/\/www.radancy.com\/de\/#organization","name":"Radancy","url":"https:\/\/www.radancy.com\/de\/","logo":{"@type":"ImageObject","inLanguage":"de-DE","@id":"https:\/\/www.radancy.com\/de\/#\/schema\/logo\/image\/","url":"https:\/\/www.radancy.com\/wp-content\/uploads\/2024\/06\/Radancy_Icon_RGB.svg","contentUrl":"https:\/\/www.radancy.com\/wp-content\/uploads\/2024\/06\/Radancy_Icon_RGB.svg","width":1,"height":1,"caption":"Radancy"},"image":{"@id":"https:\/\/www.radancy.com\/de\/#\/schema\/logo\/image\/"},"sameAs":["https:\/\/www.facebook.com\/radancy","https:\/\/x.com\/radancyco","https:\/\/www.linkedin.com\/company\/radancy\/","https:\/\/www.youtube.com\/Radancy\/videos","https:\/\/www.instagram.com\/radancyco"]}]}},"_links":{"self":[{"href":"https:\/\/www.radancy.com\/de\/wp-json\/wp\/v2\/pages\/16768","targetHints":{"allow":["GET"]}}],"collection":[{"href":"https:\/\/www.radancy.com\/de\/wp-json\/wp\/v2\/pages"}],"about":[{"href":"https:\/\/www.radancy.com\/de\/wp-json\/wp\/v2\/types\/page"}],"author":[{"embeddable":true,"href":"https:\/\/www.radancy.com\/de\/wp-json\/wp\/v2\/users\/47"}],"replies":[{"embeddable":true,"href":"https:\/\/www.radancy.com\/de\/wp-json\/wp\/v2\/comments?post=16768"}],"version-history":[{"count":0,"href":"https:\/\/www.radancy.com\/de\/wp-json\/wp\/v2\/pages\/16768\/revisions"}],"wp:attachment":[{"href":"https:\/\/www.radancy.com\/de\/wp-json\/wp\/v2\/media?parent=16768"}],"curies":[{"name":"wp","href":"https:\/\/api.w.org\/{rel}","templated":true}]}}