{"id":12236,"date":"2023-11-17T03:03:40","date_gmt":"2023-11-17T03:03:40","guid":{"rendered":"https:\/\/s45175.p1717.sites.pressdns.com\/target-audiences\/"},"modified":"2025-06-18T16:14:08","modified_gmt":"2025-06-18T16:14:08","slug":"zielgruppen","status":"publish","type":"page","link":"https:\/\/www.radancy.com\/de\/zielgruppen\/","title":{"rendered":"Kandidaten-Zielgruppen und Persona-Entwicklung"},"content":{"rendered":"\n<div class=\"wp-block-group alignfull title-bar has-neutral-1-color has-primary-3-background-color has-text-color has-background is-vertical is-content-justification-center is-layout-flex wp-container-core-group-is-layout-95c46550 wp-block-group-is-layout-flex\" style=\"margin-top:0;margin-bottom:60px;padding-top:35px;padding-right:35px;padding-bottom:35px;padding-left:35px\">\n<h2 class=\"wp-block-heading has-accent-font-family has-headline-smallest-font-size\" id=\"h-zielgruppen\" style=\"margin-top:0;margin-bottom:0;font-style:normal;font-weight:400\">Zielgruppen<\/h2>\n<\/div>\n\n\n\n<section class=\"wp-block-group section--centered section--extra-spacing section is-vertical is-content-justification-center is-layout-flex wp-container-core-group-is-layout-ce155fab wp-block-group-is-layout-flex\">\n<div class=\"wp-block-group is-layout-flow wp-block-group-is-layout-flow\"><section class=\"\" style=\"\">\n\t<i class=\"icon icon--square icon-fullcolor-target-audiences\"><\/i><\/section>\n\n\n\n<div style=\"height:10px\" aria-hidden=\"true\" class=\"wp-block-spacer\"><\/div>\n<\/div>\n\n\n\n<h1 class=\"wp-block-heading headline--intro has-primary-1-color has-text-color has-link-color wp-elements-fc1dea4474877875a8057e633e7cd2fc\" id=\"h-mit-der-richtigen-message-zu-top-talente\">Mit der richtigen Message zu Top-Talente.<\/h1>\n\n\n\n<p class=\"forced-spacing a-liitle-more-spacing\">Verwandeln Sie Ihre Arbeitgebermarke in einen Magneten f\u00fcr Talente. Nutzen Sie die wertvollen Einsichten unserer Talent Acquisition Plattform, um Ihre Kommunikationsstrategie pr\u00e4zise auf Ihre Zielgruppen abzustimmen. Ob es um die F\u00f6rderung interner Mobilit\u00e4t geht, das Ansprechen spezifischer Gruppen wie Milit\u00e4rangeh\u00f6rige, Studierende und Teilzeitkr\u00e4fte oder um Fachbereiche wie Technologie und Einzelhandel \u2013 wir unterst\u00fctzen Sie dabei, genau die Talente zu erreichen, die Sie ben\u00f6tigen. Mit unserer Persona-Entwicklung tauchen Sie tief in die Motivationen und Bed\u00fcrfnisse Ihrer Zielgruppen ein, um ma\u00dfgeschneiderte und wirkungsvolle Kommunikationsstrategien zu entwickeln.<\/p>\n<\/section>\n\n\n\n<div style=\"height:40px\" aria-hidden=\"true\" class=\"wp-block-spacer\"><\/div>\n\n\n\n<div class=\"wp-block-group alignfull cta has-neutral-1-color has-primary-2-background-color has-text-color has-background has-global-padding is-layout-constrained wp-container-core-group-is-layout-86ad42c5 wp-block-group-is-layout-constrained\" style=\"margin-top:0px;margin-bottom:0px;padding-top:var(--wp--preset--spacing--30);padding-right:var(--wp--preset--spacing--30);padding-bottom:var(--wp--preset--spacing--30);padding-left:var(--wp--preset--spacing--30)\">\n<h3 class=\"wp-block-heading has-text-align-center has-copy-font-family\" id=\"h-melden-sie-sich-bei-uns-wenn-sie-mit-einer-einzigen-ki-plattform-ihre-einstellungsergebnisse-und-ihren-roi-maximieren-mochten\">Melden Sie sich bei uns, wenn Sie mit einer einzigen KI-Plattform Ihre Einstellungsergebnisse und Ihren ROI maximieren m\u00f6chten.<\/h3>\n\n\n\n<div class=\"wp-block-buttons is-content-justification-center is-layout-flex wp-container-core-buttons-is-layout-a89b3969 wp-block-buttons-is-layout-flex\">\n<div class=\"wp-block-button\"><a class=\"wp-block-button__link wp-element-button\" href=\"https:\/\/www.radancy.com\/de\/kontaktieren-sie-uns\/\">DEMO BUCHEN<\/a><\/div>\n<\/div>\n<\/div>\n","protected":false},"excerpt":{"rendered":"<p>Zielgruppen Mit der richtigen Message zu Top-Talente. Verwandeln Sie Ihre Arbeitgebermarke in einen Magneten f\u00fcr Talente. Nutzen Sie die wertvollen Einsichten unserer Talent Acquisition Plattform, um Ihre Kommunikationsstrategie pr\u00e4zise auf <a class=\"more-link\" href=\"https:\/\/www.radancy.com\/de\/zielgruppen\/\">Read more&#8230;<\/a><\/p>\n","protected":false},"author":1,"featured_media":0,"parent":0,"menu_order":0,"comment_status":"closed","ping_status":"closed","template":"","meta":{"_acf_changed":false,"_EventAllDay":false,"_EventTimezone":"","_EventStartDate":"","_EventEndDate":"","_EventStartDateUTC":"","_EventEndDateUTC":"","_EventShowMap":false,"_EventShowMapLink":false,"_EventURL":"","_EventCost":"","_EventCostDescription":"","_EventCurrencySymbol":"","_EventCurrencyCode":"","_EventCurrencyPosition":"","_EventDateTimeSeparator":"","_EventTimeRangeSeparator":"","_EventOrganizerID":[],"_EventVenueID":[],"_OrganizerEmail":"","_OrganizerPhone":"","_OrganizerWebsite":"","_VenueAddress":"","_VenueCity":"","_VenueCountry":"","_VenueProvince":"","_VenueState":"","_VenueZip":"","_VenuePhone":"","_VenueURL":"","_VenueStateProvince":"","_VenueLat":"","_VenueLng":"","_VenueShowMap":false,"_VenueShowMapLink":false,"_tribe_blocks_recurrence_rules":"","_tribe_blocks_recurrence_description":"","_tribe_blocks_recurrence_exclusions":"","footnotes":""},"class_list":["post-12236","page","type-page","status-publish","hentry"],"acf":[],"yoast_head":"<!-- This site is optimized with the Yoast SEO Premium plugin v26.2 (Yoast SEO v27.5) - https:\/\/yoast.com\/product\/yoast-seo-premium-wordpress\/ -->\n<title>Kandidaten-Zielgruppen und Persona-Entwicklung | Radancy<\/title>\n<meta name=\"description\" content=\"Employer Brand sch\u00e4rfen und Kandidaten dort erreichen, wo sie sich aufhalten. Radancy hilft Ihnen, Ihre Zielgruppen mit den richtigen Messages anzusprechen.\" \/>\n<meta name=\"robots\" content=\"index, follow, max-snippet:-1, max-image-preview:large, max-video-preview:-1\" \/>\n<link rel=\"canonical\" href=\"https:\/\/www.radancy.com\/de\/zielgruppen\/\" \/>\n<meta property=\"og:locale\" content=\"de_DE\" \/>\n<meta property=\"og:type\" content=\"article\" \/>\n<meta property=\"og:title\" content=\"Kandidaten-Zielgruppen und Persona-Entwicklung | Radancy\" \/>\n<meta property=\"og:description\" content=\"Employer Brand sch\u00e4rfen und Kandidaten dort erreichen, wo sie sich aufhalten. Radancy hilft Ihnen, Ihre Zielgruppen mit den richtigen Messages anzusprechen\" \/>\n<meta property=\"og:url\" content=\"https:\/\/www.radancy.com\/de\/zielgruppen\/\" \/>\n<meta property=\"og:site_name\" content=\"Radancy\" \/>\n<meta property=\"article:publisher\" content=\"https:\/\/www.facebook.com\/radancy\" \/>\n<meta property=\"article:modified_time\" content=\"2025-06-18T16:14:08+00:00\" \/>\n<meta property=\"og:image\" content=\"https:\/\/tbcdn.talentbrew.com\/company\/34730\/gst_v1\/img\/meta\/Radancy-JobShare-img-FINAL-DE.jpg\" \/>\n<meta name=\"twitter:card\" content=\"summary_large_image\" \/>\n<meta name=\"twitter:title\" content=\"Kandidaten-Zielgruppen und Persona-Entwicklung\" \/>\n<meta name=\"twitter:site\" content=\"@radancyco\" \/>\n<meta name=\"twitter:label1\" content=\"Gesch\u00e4tzte Lesezeit\" \/>\n\t<meta name=\"twitter:data1\" content=\"1 Minute\" \/>\n<script type=\"application\/ld+json\" class=\"yoast-schema-graph\">{\"@context\":\"https:\\\/\\\/schema.org\",\"@graph\":[{\"@type\":\"WebPage\",\"@id\":\"https:\\\/\\\/www.radancy.com\\\/de\\\/zielgruppen\\\/\",\"url\":\"https:\\\/\\\/www.radancy.com\\\/de\\\/zielgruppen\\\/\",\"name\":\"Kandidaten-Zielgruppen und Persona-Entwicklung | Radancy\",\"isPartOf\":{\"@id\":\"https:\\\/\\\/www.radancy.com\\\/de\\\/#website\"},\"datePublished\":\"2023-11-17T03:03:40+00:00\",\"dateModified\":\"2025-06-18T16:14:08+00:00\",\"description\":\"Employer Brand sch\u00e4rfen und Kandidaten dort erreichen, wo sie sich aufhalten. Radancy hilft Ihnen, Ihre Zielgruppen mit den richtigen Messages anzusprechen.\",\"breadcrumb\":{\"@id\":\"https:\\\/\\\/www.radancy.com\\\/de\\\/zielgruppen\\\/#breadcrumb\"},\"inLanguage\":\"de-DE\",\"potentialAction\":[{\"@type\":\"ReadAction\",\"target\":[\"https:\\\/\\\/www.radancy.com\\\/de\\\/zielgruppen\\\/\"]}]},{\"@type\":\"BreadcrumbList\",\"@id\":\"https:\\\/\\\/www.radancy.com\\\/de\\\/zielgruppen\\\/#breadcrumb\",\"itemListElement\":[{\"@type\":\"ListItem\",\"position\":1,\"name\":\"Home\",\"item\":\"https:\\\/\\\/www.radancy.com\\\/de\\\/\"},{\"@type\":\"ListItem\",\"position\":2,\"name\":\"Kandidaten-Zielgruppen und Persona-Entwicklung\"}]},{\"@type\":\"WebSite\",\"@id\":\"https:\\\/\\\/www.radancy.com\\\/de\\\/#website\",\"url\":\"https:\\\/\\\/www.radancy.com\\\/de\\\/\",\"name\":\"Radancy\",\"description\":\"Create Connections That Count.\",\"publisher\":{\"@id\":\"https:\\\/\\\/www.radancy.com\\\/de\\\/#organization\"},\"potentialAction\":[{\"@type\":\"SearchAction\",\"target\":{\"@type\":\"EntryPoint\",\"urlTemplate\":\"https:\\\/\\\/www.radancy.com\\\/de\\\/?s={search_term_string}\"},\"query-input\":{\"@type\":\"PropertyValueSpecification\",\"valueRequired\":true,\"valueName\":\"search_term_string\"}}],\"inLanguage\":\"de-DE\"},{\"@type\":\"Organization\",\"@id\":\"https:\\\/\\\/www.radancy.com\\\/de\\\/#organization\",\"name\":\"Radancy\",\"url\":\"https:\\\/\\\/www.radancy.com\\\/de\\\/\",\"logo\":{\"@type\":\"ImageObject\",\"inLanguage\":\"de-DE\",\"@id\":\"https:\\\/\\\/www.radancy.com\\\/de\\\/#\\\/schema\\\/logo\\\/image\\\/\",\"url\":\"https:\\\/\\\/www.radancy.com\\\/wp-content\\\/uploads\\\/2024\\\/06\\\/Radancy_Icon_RGB.svg\",\"contentUrl\":\"https:\\\/\\\/www.radancy.com\\\/wp-content\\\/uploads\\\/2024\\\/06\\\/Radancy_Icon_RGB.svg\",\"width\":1,\"height\":1,\"caption\":\"Radancy\"},\"image\":{\"@id\":\"https:\\\/\\\/www.radancy.com\\\/de\\\/#\\\/schema\\\/logo\\\/image\\\/\"},\"sameAs\":[\"https:\\\/\\\/www.facebook.com\\\/radancy\",\"https:\\\/\\\/x.com\\\/radancyco\",\"https:\\\/\\\/www.linkedin.com\\\/company\\\/radancy\\\/\",\"https:\\\/\\\/www.youtube.com\\\/Radancy\\\/videos\",\"https:\\\/\\\/www.instagram.com\\\/radancyco\"]}]}<\/script>\n<!-- \/ Yoast SEO Premium plugin. -->","yoast_head_json":{"title":"Kandidaten-Zielgruppen und Persona-Entwicklung | Radancy","description":"Employer Brand sch\u00e4rfen und Kandidaten dort erreichen, wo sie sich aufhalten. Radancy hilft Ihnen, Ihre Zielgruppen mit den richtigen Messages anzusprechen.","robots":{"index":"index","follow":"follow","max-snippet":"max-snippet:-1","max-image-preview":"max-image-preview:large","max-video-preview":"max-video-preview:-1"},"canonical":"https:\/\/www.radancy.com\/de\/zielgruppen\/","og_locale":"de_DE","og_type":"article","og_title":"Kandidaten-Zielgruppen und Persona-Entwicklung | Radancy","og_description":"Employer Brand sch\u00e4rfen und Kandidaten dort erreichen, wo sie sich aufhalten. Radancy hilft Ihnen, Ihre Zielgruppen mit den richtigen Messages anzusprechen","og_url":"https:\/\/www.radancy.com\/de\/zielgruppen\/","og_site_name":"Radancy","article_publisher":"https:\/\/www.facebook.com\/radancy","article_modified_time":"2025-06-18T16:14:08+00:00","og_image":[{"url":"https:\/\/tbcdn.talentbrew.com\/company\/34730\/gst_v1\/img\/meta\/Radancy-JobShare-img-FINAL-DE.jpg","type":"","width":"","height":""}],"twitter_card":"summary_large_image","twitter_title":"Kandidaten-Zielgruppen und Persona-Entwicklung","twitter_site":"@radancyco","twitter_misc":{"Gesch\u00e4tzte Lesezeit":"1 Minute"},"schema":{"@context":"https:\/\/schema.org","@graph":[{"@type":"WebPage","@id":"https:\/\/www.radancy.com\/de\/zielgruppen\/","url":"https:\/\/www.radancy.com\/de\/zielgruppen\/","name":"Kandidaten-Zielgruppen und Persona-Entwicklung | Radancy","isPartOf":{"@id":"https:\/\/www.radancy.com\/de\/#website"},"datePublished":"2023-11-17T03:03:40+00:00","dateModified":"2025-06-18T16:14:08+00:00","description":"Employer Brand sch\u00e4rfen und Kandidaten dort erreichen, wo sie sich aufhalten. Radancy hilft Ihnen, Ihre Zielgruppen mit den richtigen Messages anzusprechen.","breadcrumb":{"@id":"https:\/\/www.radancy.com\/de\/zielgruppen\/#breadcrumb"},"inLanguage":"de-DE","potentialAction":[{"@type":"ReadAction","target":["https:\/\/www.radancy.com\/de\/zielgruppen\/"]}]},{"@type":"BreadcrumbList","@id":"https:\/\/www.radancy.com\/de\/zielgruppen\/#breadcrumb","itemListElement":[{"@type":"ListItem","position":1,"name":"Home","item":"https:\/\/www.radancy.com\/de\/"},{"@type":"ListItem","position":2,"name":"Kandidaten-Zielgruppen und Persona-Entwicklung"}]},{"@type":"WebSite","@id":"https:\/\/www.radancy.com\/de\/#website","url":"https:\/\/www.radancy.com\/de\/","name":"Radancy","description":"Create Connections That Count.","publisher":{"@id":"https:\/\/www.radancy.com\/de\/#organization"},"potentialAction":[{"@type":"SearchAction","target":{"@type":"EntryPoint","urlTemplate":"https:\/\/www.radancy.com\/de\/?s={search_term_string}"},"query-input":{"@type":"PropertyValueSpecification","valueRequired":true,"valueName":"search_term_string"}}],"inLanguage":"de-DE"},{"@type":"Organization","@id":"https:\/\/www.radancy.com\/de\/#organization","name":"Radancy","url":"https:\/\/www.radancy.com\/de\/","logo":{"@type":"ImageObject","inLanguage":"de-DE","@id":"https:\/\/www.radancy.com\/de\/#\/schema\/logo\/image\/","url":"https:\/\/www.radancy.com\/wp-content\/uploads\/2024\/06\/Radancy_Icon_RGB.svg","contentUrl":"https:\/\/www.radancy.com\/wp-content\/uploads\/2024\/06\/Radancy_Icon_RGB.svg","width":1,"height":1,"caption":"Radancy"},"image":{"@id":"https:\/\/www.radancy.com\/de\/#\/schema\/logo\/image\/"},"sameAs":["https:\/\/www.facebook.com\/radancy","https:\/\/x.com\/radancyco","https:\/\/www.linkedin.com\/company\/radancy\/","https:\/\/www.youtube.com\/Radancy\/videos","https:\/\/www.instagram.com\/radancyco"]}]}},"_links":{"self":[{"href":"https:\/\/www.radancy.com\/de\/wp-json\/wp\/v2\/pages\/12236","targetHints":{"allow":["GET"]}}],"collection":[{"href":"https:\/\/www.radancy.com\/de\/wp-json\/wp\/v2\/pages"}],"about":[{"href":"https:\/\/www.radancy.com\/de\/wp-json\/wp\/v2\/types\/page"}],"author":[{"embeddable":true,"href":"https:\/\/www.radancy.com\/de\/wp-json\/wp\/v2\/users\/1"}],"replies":[{"embeddable":true,"href":"https:\/\/www.radancy.com\/de\/wp-json\/wp\/v2\/comments?post=12236"}],"version-history":[{"count":0,"href":"https:\/\/www.radancy.com\/de\/wp-json\/wp\/v2\/pages\/12236\/revisions"}],"wp:attachment":[{"href":"https:\/\/www.radancy.com\/de\/wp-json\/wp\/v2\/media?parent=12236"}],"curies":[{"name":"wp","href":"https:\/\/api.w.org\/{rel}","templated":true}]}}