{"id":12218,"date":"2023-11-17T03:03:27","date_gmt":"2023-11-17T03:03:27","guid":{"rendered":"https:\/\/s45175.p1717.sites.pressdns.com\/request-security-overview\/"},"modified":"2025-01-23T17:09:50","modified_gmt":"2025-01-23T17:09:50","slug":"anfrage-sicherheits-ueberblick","status":"publish","type":"page","link":"https:\/\/www.radancy.com\/de\/anfrage-sicherheits-ueberblick\/","title":{"rendered":"Sicherheit"},"content":{"rendered":"\n<div class=\"wp-block-group alignfull title-bar has-neutral-1-color has-primary-3-background-color has-text-color has-background is-vertical is-content-justification-center is-layout-flex wp-container-core-group-is-layout-95c46550 wp-block-group-is-layout-flex\" style=\"margin-top:0;margin-bottom:60px;padding-top:35px;padding-right:35px;padding-bottom:35px;padding-left:35px\">\n<h1 class=\"wp-block-heading has-accent-font-family has-headline-smallest-font-size\" id=\"h-anfrage-sicherheitsuberblick\" style=\"margin-top:0;margin-bottom:0;font-style:normal;font-weight:400\">Anfrage Sicherheits\u00fcberblick<\/h1>\n<\/div>\n\n\n\n<section class=\"wp-block-group section is-vertical is-content-justification-center is-layout-flex wp-container-core-group-is-layout-ce155fab wp-block-group-is-layout-flex\">\n<div class=\"wp-block-group section section--centered section--extra-spacing is-vertical is-layout-flex wp-container-core-group-is-layout-fe9cc265 wp-block-group-is-layout-flex\">\n<div class=\"wp-block-group is-vertical is-content-justification-stretch is-layout-flex wp-container-core-group-is-layout-353c4f5a wp-block-group-is-layout-flex\">\n<h2 class=\"wp-block-heading has-text-align-center headline--intro has-primary-1-color has-text-color has-link-color wp-elements-214a062c458b12528347c7db8820e666\" id=\"h-hier-konnen-sie-informationen-uber-die-sicherheitsbestimmungen-von-radancy-anfordern\">Hier k\u00f6nnen Sie Informationen \u00fcber die Sicherheitsbestimmungen von Radancy anfordern.<\/h2>\n\n\n\n<p class=\"has-text-align-center\">Radancys Sicherheitsprogramm konzentriert sich auf den Schutz vor unberechtigtem Zugriff auf die Daten unserer Kundinnen und Kunden. Deshalb ist Datensicherheit Radancys oberste Priorit\u00e4t bei der Entwicklung aller Netzwerke, Systeme und Anwendungen. Radancy wendet verschiedene Verfahren an, um sicherzustellen, dass Ihre Daten sicher und jederzeit f\u00fcr Sie zug\u00e4nglich sind.<\/p>\n\n\n\n<p class=\"has-text-align-center\">Unsere Ziele stehen im Einklang mit der DSGVO: Wir respektieren die Richtlinien unserer Kundinnen und Kunden und die Privatsph\u00e4re der Bewerbenden, die sie ansprechen und einstellen.<\/p>\n<\/div>\n<\/div>\n\n\n\n<h3 class=\"wp-block-heading has-text-align-center headline section--centered\" id=\"h-wenn-sie-mehr-uber-unsere-sicherheitsbestimmungen-erfahren-mochten-fullen-sie-bitte-das-nachfolgende-formular-aus\"><strong>Wenn Sie mehr \u00fcber unsere Sicherheitsbestimmungen erfahren m\u00f6chten, f\u00fcllen Sie bitte das nachfolgende Formular aus:<\/strong><\/h3>\n\n\n\n<div class=\"wp-block-group is-layout-flow wp-block-group-is-layout-flow\"><\/div>\n\n\n\n<iframe id=\"thisFrame\" src=\"https:\/\/go.pardot.com\/l\/212182\/2021-01-15\/2t51h1\" style=\"width:100%; min-height: 1200px\"><\/iframe>\n\n\n\n<div class=\"wp-block-columns v-card-new section section--extra-spacing fs-container is-layout-flex wp-container-core-columns-is-layout-28f84493 wp-block-columns-is-layout-flex\">\n<div class=\"wp-block-column fs-m-6 is-layout-flow wp-block-column-is-layout-flow\" style=\"flex-basis:50%\">\n<p><span>Unsere weltweiten <a href=\"\/de\/weltweite-standorte\">Standorte anzeigen<\/a><\/span><\/p>\n<\/div>\n\n\n\n<div class=\"wp-block-column fs-m-6 is-layout-flow wp-block-column-is-layout-flow\" style=\"flex-basis:50%\">\n<p><span>Hier geht\u2019s zu unseren <a href=\"\/de\/karriere\">aktuellen Jobs<\/a><\/span><\/p>\n<\/div>\n<\/div>\n<\/section>\n","protected":false},"excerpt":{"rendered":"<p>Anfrage Sicherheits\u00fcberblick Hier k\u00f6nnen Sie Informationen \u00fcber die Sicherheitsbestimmungen von Radancy anfordern. Radancys Sicherheitsprogramm konzentriert sich auf den Schutz vor unberechtigtem Zugriff auf die Daten unserer Kundinnen und Kunden. Deshalb <a class=\"more-link\" href=\"https:\/\/www.radancy.com\/de\/anfrage-sicherheits-ueberblick\/\">Read more&#8230;<\/a><\/p>\n","protected":false},"author":1,"featured_media":0,"parent":0,"menu_order":0,"comment_status":"closed","ping_status":"closed","template":"","meta":{"_acf_changed":false,"_EventAllDay":false,"_EventTimezone":"","_EventStartDate":"","_EventEndDate":"","_EventStartDateUTC":"","_EventEndDateUTC":"","_EventShowMap":false,"_EventShowMapLink":false,"_EventURL":"","_EventCost":"","_EventCostDescription":"","_EventCurrencySymbol":"","_EventCurrencyCode":"","_EventCurrencyPosition":"","_EventDateTimeSeparator":"","_EventTimeRangeSeparator":"","_EventOrganizerID":[],"_EventVenueID":[],"_OrganizerEmail":"","_OrganizerPhone":"","_OrganizerWebsite":"","_VenueAddress":"","_VenueCity":"","_VenueCountry":"","_VenueProvince":"","_VenueState":"","_VenueZip":"","_VenuePhone":"","_VenueURL":"","_VenueStateProvince":"","_VenueLat":"","_VenueLng":"","_VenueShowMap":false,"_VenueShowMapLink":false,"_tribe_blocks_recurrence_rules":"","_tribe_blocks_recurrence_description":"","_tribe_blocks_recurrence_exclusions":"","footnotes":""},"class_list":["post-12218","page","type-page","status-publish","hentry"],"acf":[],"yoast_head":"<!-- This site is optimized with the Yoast SEO Premium plugin v26.2 (Yoast SEO v27.6) - https:\/\/yoast.com\/product\/yoast-seo-premium-wordpress\/ -->\n<title>Sicherheit | Radancy<\/title>\n<meta name=\"robots\" content=\"noindex, follow\" \/>\n<meta property=\"og:locale\" content=\"de_DE\" \/>\n<meta property=\"og:type\" content=\"article\" \/>\n<meta property=\"og:title\" content=\"Sicherheit | Radancy\" \/>\n<meta property=\"og:description\" content=\"Anfrage Sicherheits\u00fcberblick Hier k\u00f6nnen Sie Informationen \u00fcber die Sicherheitsbestimmungen von Radancy anfordern. Radancys Sicherheitsprogramm konzentriert sich auf den Schutz vor unberechtigtem Zugriff auf die Daten unserer Kundinnen und Kunden. Deshalb Read more...\" \/>\n<meta property=\"og:url\" content=\"https:\/\/www.radancy.com\/de\/anfrage-sicherheits-ueberblick\/\" \/>\n<meta property=\"og:site_name\" content=\"Radancy\" \/>\n<meta property=\"article:publisher\" content=\"https:\/\/www.facebook.com\/radancy\" \/>\n<meta property=\"article:modified_time\" content=\"2025-01-23T17:09:50+00:00\" \/>\n<meta property=\"og:image\" content=\"https:\/\/tbcdn.talentbrew.com\/company\/34730\/gst_v1\/img\/meta\/Radancy-JobShare-img-FINAL-DE.jpg\" \/>\n<meta name=\"twitter:card\" content=\"summary_large_image\" \/>\n<meta name=\"twitter:title\" content=\"Sicherheit\" \/>\n<meta name=\"twitter:site\" content=\"@radancyco\" \/>\n<meta name=\"twitter:label1\" content=\"Gesch\u00e4tzte Lesezeit\" \/>\n\t<meta name=\"twitter:data1\" content=\"1 Minute\" \/>\n<script type=\"application\/ld+json\" class=\"yoast-schema-graph\">{\"@context\":\"https:\\\/\\\/schema.org\",\"@graph\":[{\"@type\":\"WebPage\",\"@id\":\"https:\\\/\\\/www.radancy.com\\\/de\\\/anfrage-sicherheits-ueberblick\\\/\",\"url\":\"https:\\\/\\\/www.radancy.com\\\/de\\\/anfrage-sicherheits-ueberblick\\\/\",\"name\":\"Sicherheit | Radancy\",\"isPartOf\":{\"@id\":\"https:\\\/\\\/www.radancy.com\\\/de\\\/#website\"},\"datePublished\":\"2023-11-17T03:03:27+00:00\",\"dateModified\":\"2025-01-23T17:09:50+00:00\",\"breadcrumb\":{\"@id\":\"https:\\\/\\\/www.radancy.com\\\/de\\\/anfrage-sicherheits-ueberblick\\\/#breadcrumb\"},\"inLanguage\":\"de-DE\",\"potentialAction\":[{\"@type\":\"ReadAction\",\"target\":[\"https:\\\/\\\/www.radancy.com\\\/de\\\/anfrage-sicherheits-ueberblick\\\/\"]}]},{\"@type\":\"BreadcrumbList\",\"@id\":\"https:\\\/\\\/www.radancy.com\\\/de\\\/anfrage-sicherheits-ueberblick\\\/#breadcrumb\",\"itemListElement\":[{\"@type\":\"ListItem\",\"position\":1,\"name\":\"Home\",\"item\":\"https:\\\/\\\/www.radancy.com\\\/de\\\/\"},{\"@type\":\"ListItem\",\"position\":2,\"name\":\"Sicherheit\"}]},{\"@type\":\"WebSite\",\"@id\":\"https:\\\/\\\/www.radancy.com\\\/de\\\/#website\",\"url\":\"https:\\\/\\\/www.radancy.com\\\/de\\\/\",\"name\":\"Radancy\",\"description\":\"Create Connections That Count.\",\"publisher\":{\"@id\":\"https:\\\/\\\/www.radancy.com\\\/de\\\/#organization\"},\"potentialAction\":[{\"@type\":\"SearchAction\",\"target\":{\"@type\":\"EntryPoint\",\"urlTemplate\":\"https:\\\/\\\/www.radancy.com\\\/de\\\/?s={search_term_string}\"},\"query-input\":{\"@type\":\"PropertyValueSpecification\",\"valueRequired\":true,\"valueName\":\"search_term_string\"}}],\"inLanguage\":\"de-DE\"},{\"@type\":\"Organization\",\"@id\":\"https:\\\/\\\/www.radancy.com\\\/de\\\/#organization\",\"name\":\"Radancy\",\"url\":\"https:\\\/\\\/www.radancy.com\\\/de\\\/\",\"logo\":{\"@type\":\"ImageObject\",\"inLanguage\":\"de-DE\",\"@id\":\"https:\\\/\\\/www.radancy.com\\\/de\\\/#\\\/schema\\\/logo\\\/image\\\/\",\"url\":\"https:\\\/\\\/www.radancy.com\\\/wp-content\\\/uploads\\\/2024\\\/06\\\/Radancy_Icon_RGB.svg\",\"contentUrl\":\"https:\\\/\\\/www.radancy.com\\\/wp-content\\\/uploads\\\/2024\\\/06\\\/Radancy_Icon_RGB.svg\",\"width\":1,\"height\":1,\"caption\":\"Radancy\"},\"image\":{\"@id\":\"https:\\\/\\\/www.radancy.com\\\/de\\\/#\\\/schema\\\/logo\\\/image\\\/\"},\"sameAs\":[\"https:\\\/\\\/www.facebook.com\\\/radancy\",\"https:\\\/\\\/x.com\\\/radancyco\",\"https:\\\/\\\/www.linkedin.com\\\/company\\\/radancy\\\/\",\"https:\\\/\\\/www.youtube.com\\\/Radancy\\\/videos\",\"https:\\\/\\\/www.instagram.com\\\/radancyco\"]}]}<\/script>\n<!-- \/ Yoast SEO Premium plugin. -->","yoast_head_json":{"title":"Sicherheit | Radancy","robots":{"index":"noindex","follow":"follow"},"og_locale":"de_DE","og_type":"article","og_title":"Sicherheit | Radancy","og_description":"Anfrage Sicherheits\u00fcberblick Hier k\u00f6nnen Sie Informationen \u00fcber die Sicherheitsbestimmungen von Radancy anfordern. Radancys Sicherheitsprogramm konzentriert sich auf den Schutz vor unberechtigtem Zugriff auf die Daten unserer Kundinnen und Kunden. Deshalb Read more...","og_url":"https:\/\/www.radancy.com\/de\/anfrage-sicherheits-ueberblick\/","og_site_name":"Radancy","article_publisher":"https:\/\/www.facebook.com\/radancy","article_modified_time":"2025-01-23T17:09:50+00:00","og_image":[{"url":"https:\/\/tbcdn.talentbrew.com\/company\/34730\/gst_v1\/img\/meta\/Radancy-JobShare-img-FINAL-DE.jpg","type":"","width":"","height":""}],"twitter_card":"summary_large_image","twitter_title":"Sicherheit","twitter_site":"@radancyco","twitter_misc":{"Gesch\u00e4tzte Lesezeit":"1 Minute"},"schema":{"@context":"https:\/\/schema.org","@graph":[{"@type":"WebPage","@id":"https:\/\/www.radancy.com\/de\/anfrage-sicherheits-ueberblick\/","url":"https:\/\/www.radancy.com\/de\/anfrage-sicherheits-ueberblick\/","name":"Sicherheit | Radancy","isPartOf":{"@id":"https:\/\/www.radancy.com\/de\/#website"},"datePublished":"2023-11-17T03:03:27+00:00","dateModified":"2025-01-23T17:09:50+00:00","breadcrumb":{"@id":"https:\/\/www.radancy.com\/de\/anfrage-sicherheits-ueberblick\/#breadcrumb"},"inLanguage":"de-DE","potentialAction":[{"@type":"ReadAction","target":["https:\/\/www.radancy.com\/de\/anfrage-sicherheits-ueberblick\/"]}]},{"@type":"BreadcrumbList","@id":"https:\/\/www.radancy.com\/de\/anfrage-sicherheits-ueberblick\/#breadcrumb","itemListElement":[{"@type":"ListItem","position":1,"name":"Home","item":"https:\/\/www.radancy.com\/de\/"},{"@type":"ListItem","position":2,"name":"Sicherheit"}]},{"@type":"WebSite","@id":"https:\/\/www.radancy.com\/de\/#website","url":"https:\/\/www.radancy.com\/de\/","name":"Radancy","description":"Create Connections That Count.","publisher":{"@id":"https:\/\/www.radancy.com\/de\/#organization"},"potentialAction":[{"@type":"SearchAction","target":{"@type":"EntryPoint","urlTemplate":"https:\/\/www.radancy.com\/de\/?s={search_term_string}"},"query-input":{"@type":"PropertyValueSpecification","valueRequired":true,"valueName":"search_term_string"}}],"inLanguage":"de-DE"},{"@type":"Organization","@id":"https:\/\/www.radancy.com\/de\/#organization","name":"Radancy","url":"https:\/\/www.radancy.com\/de\/","logo":{"@type":"ImageObject","inLanguage":"de-DE","@id":"https:\/\/www.radancy.com\/de\/#\/schema\/logo\/image\/","url":"https:\/\/www.radancy.com\/wp-content\/uploads\/2024\/06\/Radancy_Icon_RGB.svg","contentUrl":"https:\/\/www.radancy.com\/wp-content\/uploads\/2024\/06\/Radancy_Icon_RGB.svg","width":1,"height":1,"caption":"Radancy"},"image":{"@id":"https:\/\/www.radancy.com\/de\/#\/schema\/logo\/image\/"},"sameAs":["https:\/\/www.facebook.com\/radancy","https:\/\/x.com\/radancyco","https:\/\/www.linkedin.com\/company\/radancy\/","https:\/\/www.youtube.com\/Radancy\/videos","https:\/\/www.instagram.com\/radancyco"]}]}},"_links":{"self":[{"href":"https:\/\/www.radancy.com\/de\/wp-json\/wp\/v2\/pages\/12218","targetHints":{"allow":["GET"]}}],"collection":[{"href":"https:\/\/www.radancy.com\/de\/wp-json\/wp\/v2\/pages"}],"about":[{"href":"https:\/\/www.radancy.com\/de\/wp-json\/wp\/v2\/types\/page"}],"author":[{"embeddable":true,"href":"https:\/\/www.radancy.com\/de\/wp-json\/wp\/v2\/users\/1"}],"replies":[{"embeddable":true,"href":"https:\/\/www.radancy.com\/de\/wp-json\/wp\/v2\/comments?post=12218"}],"version-history":[{"count":0,"href":"https:\/\/www.radancy.com\/de\/wp-json\/wp\/v2\/pages\/12218\/revisions"}],"wp:attachment":[{"href":"https:\/\/www.radancy.com\/de\/wp-json\/wp\/v2\/media?parent=12218"}],"curies":[{"name":"wp","href":"https:\/\/api.w.org\/{rel}","templated":true}]}}