{"id":12136,"date":"2023-11-17T03:02:44","date_gmt":"2023-11-17T03:02:44","guid":{"rendered":"https:\/\/s45175.p1717.sites.pressdns.com\/newsroom\/"},"modified":"2025-07-15T11:39:25","modified_gmt":"2025-07-15T11:39:25","slug":"pressebereich","status":"publish","type":"page","link":"https:\/\/www.radancy.com\/de\/pressebereich\/","title":{"rendered":"Pressebereich und Award-Informationen"},"content":{"rendered":"\n<div class=\"wp-block-group alignfull title-bar has-neutral-1-color has-primary-3-background-color has-text-color has-background is-vertical is-content-justification-center is-layout-flex wp-container-core-group-is-layout-95c46550 wp-block-group-is-layout-flex\" style=\"margin-top:0;margin-bottom:60px;padding-top:35px;padding-right:35px;padding-bottom:35px;padding-left:35px\">\n<h1 class=\"wp-block-heading has-accent-font-family has-headline-smallest-font-size\" id=\"h-pressebereich\" style=\"margin-top:0;margin-bottom:0;font-style:normal;font-weight:400;text-transform:none\">Pressebereich<\/h1>\n<\/div>\n\n\n\n<section class=\"wp-block-group fifty-fifty-cta is-vertical is-content-justification-stretch is-layout-flex wp-container-core-group-is-layout-353c4f5a wp-block-group-is-layout-flex\">\n<div class=\"wp-block-group section section--centered section--extra-spacing is-vertical is-content-justification-center is-layout-flex wp-container-core-group-is-layout-ce155fab wp-block-group-is-layout-flex\">\n<div class=\"wp-block-group is-vertical is-content-justification-center is-layout-flex wp-container-core-group-is-layout-ce155fab wp-block-group-is-layout-flex\">\n<h2 class=\"wp-block-heading has-text-align-center headline--intro font-color--purple has-primary-1-color has-text-color has-link-color wp-elements-26c7f49670dac47d18fe2fbbe79bdee1\" id=\"h-bleiben-sie-mit-uns-im-gesprach\">Bleiben Sie mit uns im Gespr\u00e4ch.<\/h2>\n\n\n\n<p class=\"has-text-align-center\">Von Pressemappen und Medienberichten bis hin zu Auszeichnungen und Pressemitteilungen, hier finden Sie alle wichtigen Neuigkeiten und Informationen \u00fcber Ihren Recruiting-Partner.<\/p>\n<\/div>\n<\/div>\n\n\n\n<div class=\"wp-block-columns fs-forced-container fs-col-count-m-2 fs-col-count-1 list-of-cards is-layout-flex wp-container-core-columns-is-layout-28f84493 wp-block-columns-is-layout-flex\">\n<div class=\"wp-block-column section section--extra-spacing is-layout-flow wp-block-column-is-layout-flow\">\n<h3 class=\"wp-block-heading headline--intro font-color--blue font-sizing-headline-medium has-primary-1-color has-primary-2-color has-text-color has-link-color has-headline-medium-font-size wp-elements-b6098231caab4b00c98c9dcc8e84d7ff\" id=\"h-pressemappe\">Pressemappe<\/h3>\n\n\n\n<p>Fact Sheets, Presseartikel etc. <\/p>\n\n\n\n<div class=\"wp-block-buttons button button--arrow is-layout-flex wp-block-buttons-is-layout-flex\">\n<div class=\"wp-block-button\"><a class=\"wp-block-button__link wp-element-button\" href=\"https:\/\/go.radancy.com\/radancy-media-kit-de\" target=\"_blank\" rel=\"noreferrer noopener\">PRESSEMAPPE HERUNTERLADEN<\/a><\/div>\n<\/div>\n<\/div>\n\n\n\n<div class=\"wp-block-column section section--extra-spacing is-layout-flow wp-block-column-is-layout-flow\">\n<h3 class=\"wp-block-heading headline--intro font-color--blue font-sizing-headline-medium has-primary-1-color has-primary-2-color has-text-color has-link-color has-headline-medium-font-size wp-elements-1ec4d11c6093ce90ca16d81a566cc189\" id=\"h-presseanfragen\">Presseanfragen<\/h3>\n\n\n\n<p>Wenn Sie ein*e Pressevertreter*in sind und Fragen zu Radancy haben, wenden Sie sich bitte an unser Marketing-Team. <\/p>\n\n\n\n<div class=\"wp-block-buttons button button--arrow is-layout-flex wp-block-buttons-is-layout-flex\">\n<div class=\"wp-block-button\"><a class=\"wp-block-button__link wp-element-button\" href=\"mailto:marketing-eu@radancy.com\">KONTAKTIEREN SIE UNS<\/a><\/div>\n<\/div>\n<\/div>\n<\/div>\n<\/section>\n\n\n\n<section class=\"wp-block-group section grid3x3 is-vertical is-content-justification-stretch is-layout-flex wp-container-core-group-is-layout-353c4f5a wp-block-group-is-layout-flex\">\n<div class=\"wp-block-group section section--centered section--extra-spacing is-vertical is-content-justification-center is-layout-flex wp-container-core-group-is-layout-ce155fab wp-block-group-is-layout-flex\">\n<div class=\"wp-block-group is-vertical is-content-justification-stretch is-layout-flex wp-container-core-group-is-layout-353c4f5a wp-block-group-is-layout-flex\">\n<h2 class=\"wp-block-heading headline--intro font-color--blue font-sizing-headline-medium has-primary-1-color has-primary-2-color has-text-color has-link-color wp-elements-f9973e52a4bb5c0280204f1d547f8999\" id=\"h-auszeichnungen\">Auszeichnungen<\/h2>\n\n\n\n<p>Wir stellen die Recruiting-Welt mit innovativen Produkten und au\u00dfergew\u00f6hnlichen kreativen Brandstrategien auf den Kopf. Daf\u00fcr haben wir bereits eine ganze Reihe an Awards gewonnen. <\/p>\n<\/div>\n<\/div>\n\n\n\n<div class=\"wp-block-group fs-forced-container fs-col-count-m-3 fs-col-count-1 is-horizontal is-content-justification-space-between is-layout-flex wp-container-core-group-is-layout-d5572140 wp-block-group-is-layout-flex\">\n<div class=\"wp-block-group section--extra-spacing section--padding thick-line thick-line--purple is-vertical is-content-justification-stretch is-layout-flex wp-container-core-group-is-layout-353c4f5a wp-block-group-is-layout-flex\">\n<p class=\"font-color--purple font-family-accent font-sizing-headline-large has-primary-1-color has-text-color has-link-color wp-elements-856f10050030ba22d8e16bf7d1f1face\">5<\/p>\n\n\n\n<p><b>Recruitment Marketing Awards<\/b><\/p>\n<\/div>\n\n\n\n<div class=\"wp-block-group section--extra-spacing section--padding thick-line thick-line--orange is-vertical is-content-justification-stretch is-layout-flex wp-container-core-group-is-layout-353c4f5a wp-block-group-is-layout-flex\">\n<p class=\"font-color--orange font-family-accent font-sizing-headline-large has-secondary-1-color has-text-color has-link-color wp-elements-749310c6dc72af004a1f770ce06f8ccf\">23<\/p>\n\n\n\n<p><b>Web Awards<\/b><\/p>\n\n\n\n<p>Web Marketing Association<\/p>\n<\/div>\n\n\n\n<div class=\"wp-block-group section--extra-spacing section--padding thick-line thick-line--blue is-vertical is-content-justification-stretch is-layout-flex wp-container-core-group-is-layout-353c4f5a wp-block-group-is-layout-flex\">\n<p class=\"font-color--blue font-family-accent font-sizing-headline-large has-primary-2-color has-text-color has-link-color wp-elements-c6acbf1e6173e1eec56a17311c521b2b\">32<\/p>\n\n\n\n<p><b>W3 Awards<\/b><\/p>\n<\/div>\n\n\n\n<div class=\"wp-block-group section--extra-spacing section--padding thick-line thick-line--purple is-vertical is-content-justification-stretch is-layout-flex wp-container-core-group-is-layout-353c4f5a wp-block-group-is-layout-flex\">\n<p class=\"font-color--purple font-family-accent font-sizing-headline-large has-primary-1-color has-text-color has-link-color wp-elements-aca9d845d579879f11d5dede1075dfeb\">17<\/p>\n\n\n\n<p><b>Mobile Web Awards<\/b><\/p>\n\n\n\n<p>Web Marketing Association<\/p>\n<\/div>\n\n\n\n<div class=\"wp-block-group section--extra-spacing section--padding thick-line thick-line--orange is-vertical is-content-justification-stretch is-layout-flex wp-container-core-group-is-layout-353c4f5a wp-block-group-is-layout-flex\">\n<p class=\"font-color--orange font-family-accent font-sizing-headline-large has-secondary-1-color has-text-color has-link-color wp-elements-248ce39127f003d51bddbea6ab6b16bb\">TOP100<\/p>\n\n\n\n<p><b>Digital Agencies Report<\/b> -UK<\/p>\n<\/div>\n\n\n\n<div class=\"wp-block-group section--extra-spacing section--padding thick-line thick-line--blue is-vertical is-content-justification-stretch is-layout-flex wp-container-core-group-is-layout-353c4f5a wp-block-group-is-layout-flex\">\n<p class=\"font-color--blue font-family-accent font-sizing-headline-large has-primary-2-color has-text-color has-link-color wp-elements-10fc5a2223ad849060179aefbe1adca8\">5<\/p>\n\n\n\n<p><b>\u2018Webby Honoree Awards\u2019<\/b><\/p>\n<\/div>\n\n\n\n<div class=\"wp-block-group section--extra-spacing section--padding thick-line thick-line--purple is-vertical is-content-justification-stretch is-layout-flex wp-container-core-group-is-layout-353c4f5a wp-block-group-is-layout-flex\">\n<p class=\"font-color--purple font-family-accent font-sizing-headline-large has-primary-1-color has-text-color has-link-color wp-elements-1dda6f05645580069e146d631636b733\">2<\/p>\n\n\n\n<p><b>RAD Awards<\/b><\/p>\n\n\n\n<p>Early Careers Brochure<\/p>\n<\/div>\n\n\n\n<div class=\"wp-block-group section--extra-spacing section--padding thick-line thick-line--orange is-vertical is-content-justification-stretch is-layout-flex wp-container-core-group-is-layout-353c4f5a wp-block-group-is-layout-flex\">\n<p class=\"font-color--orange font-family-accent font-sizing-headline-large has-secondary-1-color has-text-color has-link-color wp-elements-28419184ab166bc740cf98a2a2ce4698\">2<\/p>\n\n\n\n<p><b>Target Job Awards<\/b><\/p>\n<\/div>\n\n\n\n<div class=\"wp-block-group section--extra-spacing section--padding thick-line thick-line--blue is-vertical is-content-justification-stretch is-layout-flex wp-container-core-group-is-layout-353c4f5a wp-block-group-is-layout-flex\">\n<p class=\"font-color--blue font-family-accent font-sizing-headline-large has-primary-2-color has-text-color has-link-color wp-elements-540434abce8dcef3735187598877ef02\">24<\/p>\n\n\n\n<p><b>IAC Awards<\/b><\/p>\n\n\n\n<p>Interactive Advertising Competition<\/p>\n<\/div>\n<\/div>\n<\/section>\n\n\n\n<div class=\"wp-block-group is-vertical is-layout-flex wp-container-core-group-is-layout-ec0d2d57 wp-block-group-is-layout-flex\" style=\"margin-bottom:2.5rem\"><section class=\"news-query news-query-block\">\n\t\t\t<div class=\"news-wrapper\">\n\t\t\t\t\t\t\t<h3 class=\"news-headline\">\n\t\t\t\t\tMedienberichte\t\t\t\t<\/h3><!-- .news-headline -->\n\t\t\t\t\t\t\t\t\t\t\t\t\t\t\t<a class=\"news-date-title\" href=\"https:\/\/www.radancy.com\/de\/radancy-erweitert-ki-plattform-und-ermoeglicht-schnellere-intelligentere-und-kosteneffizientere-einstellungen-in-grossem-massstab\/\">\n\t\t\t\t\t\t<span>September 9, 2025 &#8211; <\/span>\n\t\t\t\t\t\tRadancy erweitert KI-Plattform und erm\u00f6glicht schnellere, intelligentere und kosteneffizientere Einstellungen in gro\u00dfem Ma\u00dfstab\t\t\t\t\t<\/a><!-- .news-date-title -->\n\t\t\t\t\t\t\t\t\t\t\t\t<a class=\"news-date-title\" href=\"https:\/\/www.radancy.com\/de\/radancy-acquires-brazen-adding-award-winning-hiring-event-capabilities-to-the-end-to-end-radancy-talent-acquisition-cloud\/\">\n\t\t\t\t\t\t<span>Oktober 24, 2023 &#8211; <\/span>\n\t\t\t\t\t\tRadancy Acquires Brazen, Adding Award-Winning Hiring Event Capabilities to the End-to-End Radancy Talent Acquisition Cloud\t\t\t\t\t<\/a><!-- .news-date-title -->\n\t\t\t\t\t\t\t\t\t\t\t\t<a class=\"news-date-title\" href=\"https:\/\/www.radancy.com\/de\/radancy-expands-industry-leading-talent-acquisition-platform-offering-with-advanced-crm-capabilities\/\">\n\t\t\t\t\t\t<span>April 4, 2023 &#8211; <\/span>\n\t\t\t\t\t\tRadancy Expands Industry-leading Talent Acquisition Platform Offering with Advanced CRM Capabilities\t\t\t\t\t<\/a><!-- .news-date-title -->\n\t\t\t\t\t\t\t\t\t\t\t\t<a class=\"news-date-title\" href=\"https:\/\/www.radancy.com\/de\/radancy-expands-global-tech-leadership-team-with-two-proven-leaders-jennifer-vaughan-and-sara-naveda\/\">\n\t\t\t\t\t\t<span>M\u00e4rz 21, 2023 &#8211; <\/span>\n\t\t\t\t\t\tRadancy Expands Global Tech Leadership Team With Two Proven Leaders: Jennifer Vaughan and Sara Naveda\t\t\t\t\t<\/a><!-- .news-date-title -->\n\t\t\t\t\t\t\t\t\t\t\t\t<a class=\"news-date-title\" href=\"https:\/\/www.radancy.com\/de\/radancy-announces-strategic-investment-from-new-mountain-capital\/\">\n\t\t\t\t\t\t<span>Juli 20, 2022 &#8211; <\/span>\n\t\t\t\t\t\tRadancy Announces Strategic Investment from New Mountain Capital\t\t\t\t\t<\/a><!-- .news-date-title -->\n\t\t\t\t\t\t\n\t\t\t<a class=\"news-link view-all-button\" href=\"\/de\/news\/\">\n\t\t\t\t<span>\n\t\t\t\t\tWeitere anzeigen\t\t\t\t<\/span>\n\t\t\t<\/a><!-- .news-link -->\n\t\t\t\t\t<\/div><!-- .news-wrapper -->\n\t<\/section>\n<\/div>\n","protected":false},"excerpt":{"rendered":"<p>Pressebereich Bleiben Sie mit uns im Gespr\u00e4ch. Von Pressemappen und Medienberichten bis hin zu Auszeichnungen und Pressemitteilungen, hier finden Sie alle wichtigen Neuigkeiten und Informationen \u00fcber Ihren Recruiting-Partner. Pressemappe Fact <a class=\"more-link\" href=\"https:\/\/www.radancy.com\/de\/pressebereich\/\">Read more&#8230;<\/a><\/p>\n","protected":false},"author":1,"featured_media":0,"parent":0,"menu_order":0,"comment_status":"closed","ping_status":"closed","template":"","meta":{"_acf_changed":false,"_EventAllDay":false,"_EventTimezone":"","_EventStartDate":"","_EventEndDate":"","_EventStartDateUTC":"","_EventEndDateUTC":"","_EventShowMap":false,"_EventShowMapLink":false,"_EventURL":"","_EventCost":"","_EventCostDescription":"","_EventCurrencySymbol":"","_EventCurrencyCode":"","_EventCurrencyPosition":"","_EventDateTimeSeparator":"","_EventTimeRangeSeparator":"","_EventOrganizerID":[],"_EventVenueID":[],"_OrganizerEmail":"","_OrganizerPhone":"","_OrganizerWebsite":"","_VenueAddress":"","_VenueCity":"","_VenueCountry":"","_VenueProvince":"","_VenueState":"","_VenueZip":"","_VenuePhone":"","_VenueURL":"","_VenueStateProvince":"","_VenueLat":"","_VenueLng":"","_VenueShowMap":false,"_VenueShowMapLink":false,"_tribe_blocks_recurrence_rules":"","_tribe_blocks_recurrence_description":"","_tribe_blocks_recurrence_exclusions":"","footnotes":""},"class_list":["post-12136","page","type-page","status-publish","hentry"],"acf":[],"yoast_head":"<!-- This site is optimized with the Yoast SEO Premium plugin v26.2 (Yoast SEO v27.4) - https:\/\/yoast.com\/product\/yoast-seo-premium-wordpress\/ -->\n<title>Pressebereich und Award-Informationen | Radancy<\/title>\n<meta name=\"description\" content=\"Hier finden Sie unsere Pressemappe, Presseberichte \u00fcber unsere Arbeit und die Awards, mit denen wir ausgezeichnet wurden. Mehr \u00fcber Radancy erfahren\" \/>\n<meta name=\"robots\" content=\"index, follow, max-snippet:-1, max-image-preview:large, max-video-preview:-1\" \/>\n<link rel=\"canonical\" href=\"https:\/\/www.radancy.com\/de\/pressebereich\/\" \/>\n<meta property=\"og:locale\" content=\"de_DE\" \/>\n<meta property=\"og:type\" content=\"article\" \/>\n<meta property=\"og:title\" content=\"Pressebereich und Award-Informationen | Radancy\" \/>\n<meta property=\"og:description\" content=\"Hier finden Sie unsere Pressemappe, Presseberichte \u00fcber unsere Arbeit und die Awards, mit denen wir ausgezeichnet wurden. Mehr \u00fcber Radancy erfahren\" \/>\n<meta property=\"og:url\" content=\"https:\/\/www.radancy.com\/de\/pressebereich\/\" \/>\n<meta property=\"og:site_name\" content=\"Radancy\" \/>\n<meta property=\"article:publisher\" content=\"https:\/\/www.facebook.com\/radancy\" \/>\n<meta property=\"article:modified_time\" content=\"2025-07-15T11:39:25+00:00\" \/>\n<meta property=\"og:image\" content=\"https:\/\/tbcdn.talentbrew.com\/company\/34730\/gst_v1\/img\/meta\/Radancy-JobShare-img-FINAL-DE.jpg\" \/>\n<meta name=\"twitter:card\" content=\"summary_large_image\" \/>\n<meta name=\"twitter:title\" content=\"Pressebereich und Award-Informationen\" \/>\n<meta name=\"twitter:site\" content=\"@radancyco\" \/>\n<meta name=\"twitter:label1\" content=\"Gesch\u00e4tzte Lesezeit\" \/>\n\t<meta name=\"twitter:data1\" content=\"1 Minute\" \/>\n<script type=\"application\/ld+json\" class=\"yoast-schema-graph\">{\"@context\":\"https:\\\/\\\/schema.org\",\"@graph\":[{\"@type\":\"WebPage\",\"@id\":\"https:\\\/\\\/www.radancy.com\\\/de\\\/pressebereich\\\/\",\"url\":\"https:\\\/\\\/www.radancy.com\\\/de\\\/pressebereich\\\/\",\"name\":\"Pressebereich und Award-Informationen | Radancy\",\"isPartOf\":{\"@id\":\"https:\\\/\\\/www.radancy.com\\\/de\\\/#website\"},\"datePublished\":\"2023-11-17T03:02:44+00:00\",\"dateModified\":\"2025-07-15T11:39:25+00:00\",\"description\":\"Hier finden Sie unsere Pressemappe, Presseberichte \u00fcber unsere Arbeit und die Awards, mit denen wir ausgezeichnet wurden. Mehr \u00fcber Radancy erfahren\",\"breadcrumb\":{\"@id\":\"https:\\\/\\\/www.radancy.com\\\/de\\\/pressebereich\\\/#breadcrumb\"},\"inLanguage\":\"de-DE\",\"potentialAction\":[{\"@type\":\"ReadAction\",\"target\":[\"https:\\\/\\\/www.radancy.com\\\/de\\\/pressebereich\\\/\"]}]},{\"@type\":\"BreadcrumbList\",\"@id\":\"https:\\\/\\\/www.radancy.com\\\/de\\\/pressebereich\\\/#breadcrumb\",\"itemListElement\":[{\"@type\":\"ListItem\",\"position\":1,\"name\":\"Home\",\"item\":\"https:\\\/\\\/www.radancy.com\\\/de\\\/\"},{\"@type\":\"ListItem\",\"position\":2,\"name\":\"Pressebereich und Award-Informationen\"}]},{\"@type\":\"WebSite\",\"@id\":\"https:\\\/\\\/www.radancy.com\\\/de\\\/#website\",\"url\":\"https:\\\/\\\/www.radancy.com\\\/de\\\/\",\"name\":\"Radancy\",\"description\":\"Create Connections That Count.\",\"publisher\":{\"@id\":\"https:\\\/\\\/www.radancy.com\\\/de\\\/#organization\"},\"potentialAction\":[{\"@type\":\"SearchAction\",\"target\":{\"@type\":\"EntryPoint\",\"urlTemplate\":\"https:\\\/\\\/www.radancy.com\\\/de\\\/?s={search_term_string}\"},\"query-input\":{\"@type\":\"PropertyValueSpecification\",\"valueRequired\":true,\"valueName\":\"search_term_string\"}}],\"inLanguage\":\"de-DE\"},{\"@type\":\"Organization\",\"@id\":\"https:\\\/\\\/www.radancy.com\\\/de\\\/#organization\",\"name\":\"Radancy\",\"url\":\"https:\\\/\\\/www.radancy.com\\\/de\\\/\",\"logo\":{\"@type\":\"ImageObject\",\"inLanguage\":\"de-DE\",\"@id\":\"https:\\\/\\\/www.radancy.com\\\/de\\\/#\\\/schema\\\/logo\\\/image\\\/\",\"url\":\"https:\\\/\\\/www.radancy.com\\\/wp-content\\\/uploads\\\/2024\\\/06\\\/Radancy_Icon_RGB.svg\",\"contentUrl\":\"https:\\\/\\\/www.radancy.com\\\/wp-content\\\/uploads\\\/2024\\\/06\\\/Radancy_Icon_RGB.svg\",\"width\":1,\"height\":1,\"caption\":\"Radancy\"},\"image\":{\"@id\":\"https:\\\/\\\/www.radancy.com\\\/de\\\/#\\\/schema\\\/logo\\\/image\\\/\"},\"sameAs\":[\"https:\\\/\\\/www.facebook.com\\\/radancy\",\"https:\\\/\\\/x.com\\\/radancyco\",\"https:\\\/\\\/www.linkedin.com\\\/company\\\/radancy\\\/\",\"https:\\\/\\\/www.youtube.com\\\/Radancy\\\/videos\",\"https:\\\/\\\/www.instagram.com\\\/radancyco\"]}]}<\/script>\n<!-- \/ Yoast SEO Premium plugin. -->","yoast_head_json":{"title":"Pressebereich und Award-Informationen | Radancy","description":"Hier finden Sie unsere Pressemappe, Presseberichte \u00fcber unsere Arbeit und die Awards, mit denen wir ausgezeichnet wurden. Mehr \u00fcber Radancy erfahren","robots":{"index":"index","follow":"follow","max-snippet":"max-snippet:-1","max-image-preview":"max-image-preview:large","max-video-preview":"max-video-preview:-1"},"canonical":"https:\/\/www.radancy.com\/de\/pressebereich\/","og_locale":"de_DE","og_type":"article","og_title":"Pressebereich und Award-Informationen | Radancy","og_description":"Hier finden Sie unsere Pressemappe, Presseberichte \u00fcber unsere Arbeit und die Awards, mit denen wir ausgezeichnet wurden. Mehr \u00fcber Radancy erfahren","og_url":"https:\/\/www.radancy.com\/de\/pressebereich\/","og_site_name":"Radancy","article_publisher":"https:\/\/www.facebook.com\/radancy","article_modified_time":"2025-07-15T11:39:25+00:00","og_image":[{"url":"https:\/\/tbcdn.talentbrew.com\/company\/34730\/gst_v1\/img\/meta\/Radancy-JobShare-img-FINAL-DE.jpg","type":"","width":"","height":""}],"twitter_card":"summary_large_image","twitter_title":"Pressebereich und Award-Informationen","twitter_site":"@radancyco","twitter_misc":{"Gesch\u00e4tzte Lesezeit":"1 Minute"},"schema":{"@context":"https:\/\/schema.org","@graph":[{"@type":"WebPage","@id":"https:\/\/www.radancy.com\/de\/pressebereich\/","url":"https:\/\/www.radancy.com\/de\/pressebereich\/","name":"Pressebereich und Award-Informationen | Radancy","isPartOf":{"@id":"https:\/\/www.radancy.com\/de\/#website"},"datePublished":"2023-11-17T03:02:44+00:00","dateModified":"2025-07-15T11:39:25+00:00","description":"Hier finden Sie unsere Pressemappe, Presseberichte \u00fcber unsere Arbeit und die Awards, mit denen wir ausgezeichnet wurden. Mehr \u00fcber Radancy erfahren","breadcrumb":{"@id":"https:\/\/www.radancy.com\/de\/pressebereich\/#breadcrumb"},"inLanguage":"de-DE","potentialAction":[{"@type":"ReadAction","target":["https:\/\/www.radancy.com\/de\/pressebereich\/"]}]},{"@type":"BreadcrumbList","@id":"https:\/\/www.radancy.com\/de\/pressebereich\/#breadcrumb","itemListElement":[{"@type":"ListItem","position":1,"name":"Home","item":"https:\/\/www.radancy.com\/de\/"},{"@type":"ListItem","position":2,"name":"Pressebereich und Award-Informationen"}]},{"@type":"WebSite","@id":"https:\/\/www.radancy.com\/de\/#website","url":"https:\/\/www.radancy.com\/de\/","name":"Radancy","description":"Create Connections That Count.","publisher":{"@id":"https:\/\/www.radancy.com\/de\/#organization"},"potentialAction":[{"@type":"SearchAction","target":{"@type":"EntryPoint","urlTemplate":"https:\/\/www.radancy.com\/de\/?s={search_term_string}"},"query-input":{"@type":"PropertyValueSpecification","valueRequired":true,"valueName":"search_term_string"}}],"inLanguage":"de-DE"},{"@type":"Organization","@id":"https:\/\/www.radancy.com\/de\/#organization","name":"Radancy","url":"https:\/\/www.radancy.com\/de\/","logo":{"@type":"ImageObject","inLanguage":"de-DE","@id":"https:\/\/www.radancy.com\/de\/#\/schema\/logo\/image\/","url":"https:\/\/www.radancy.com\/wp-content\/uploads\/2024\/06\/Radancy_Icon_RGB.svg","contentUrl":"https:\/\/www.radancy.com\/wp-content\/uploads\/2024\/06\/Radancy_Icon_RGB.svg","width":1,"height":1,"caption":"Radancy"},"image":{"@id":"https:\/\/www.radancy.com\/de\/#\/schema\/logo\/image\/"},"sameAs":["https:\/\/www.facebook.com\/radancy","https:\/\/x.com\/radancyco","https:\/\/www.linkedin.com\/company\/radancy\/","https:\/\/www.youtube.com\/Radancy\/videos","https:\/\/www.instagram.com\/radancyco"]}]}},"_links":{"self":[{"href":"https:\/\/www.radancy.com\/de\/wp-json\/wp\/v2\/pages\/12136","targetHints":{"allow":["GET"]}}],"collection":[{"href":"https:\/\/www.radancy.com\/de\/wp-json\/wp\/v2\/pages"}],"about":[{"href":"https:\/\/www.radancy.com\/de\/wp-json\/wp\/v2\/types\/page"}],"author":[{"embeddable":true,"href":"https:\/\/www.radancy.com\/de\/wp-json\/wp\/v2\/users\/1"}],"replies":[{"embeddable":true,"href":"https:\/\/www.radancy.com\/de\/wp-json\/wp\/v2\/comments?post=12136"}],"version-history":[{"count":0,"href":"https:\/\/www.radancy.com\/de\/wp-json\/wp\/v2\/pages\/12136\/revisions"}],"wp:attachment":[{"href":"https:\/\/www.radancy.com\/de\/wp-json\/wp\/v2\/media?parent=12136"}],"curies":[{"name":"wp","href":"https:\/\/api.w.org\/{rel}","templated":true}]}}