{"id":12130,"date":"2023-11-17T03:02:40","date_gmt":"2023-11-17T03:02:40","guid":{"rendered":"https:\/\/s45175.p1717.sites.pressdns.com\/metrics-terms\/"},"modified":"2025-06-18T16:19:08","modified_gmt":"2025-06-18T16:19:08","slug":"metrics-bedingungen","status":"publish","type":"page","link":"https:\/\/www.radancy.com\/de\/metrics-bedingungen\/","title":{"rendered":"Metrics Bedingungen"},"content":{"rendered":"\n<div class=\"wp-block-group alignfull title-bar has-neutral-1-color has-primary-3-background-color has-text-color has-background is-vertical is-content-justification-center is-layout-flex wp-container-core-group-is-layout-95c46550 wp-block-group-is-layout-flex\" style=\"margin-top:0;margin-bottom:60px;padding-top:35px;padding-right:35px;padding-bottom:35px;padding-left:35px\">\n<h1 class=\"wp-block-heading has-accent-font-family has-headline-smallest-font-size\" id=\"h-metrics-bedingungen\" style=\"margin-top:0;margin-bottom:0;font-style:normal;font-weight:400\">Metrics Bedingungen<\/h1>\n<\/div>\n\n\n\n<section class=\"wp-block-group section is-vertical is-content-justification-stretch is-layout-flex wp-container-core-group-is-layout-353c4f5a wp-block-group-is-layout-flex\">\n<div class=\"wp-block-group section wysiwyg is-vertical is-content-justification-stretch is-layout-flex wp-container-core-group-is-layout-353c4f5a wp-block-group-is-layout-flex\">\n<p>Die folgenden Bedingungen gelten f\u00fcr jeden Radancy Metrics-Vertrag (&#8222;<strong>Vertrag<\/strong>&#8222;), der diese Bedingungen durch einen Verweis einbezieht.<\/p>\n\n\n\n<p>1. <strong>Eigentum von Radancy.<\/strong> Die Radancy Metrics-Software, einschlie\u00dflich, aber nicht beschr\u00e4nkt auf den Quellcode und den Objektcode, das Design und die damit verbundenen Gesch\u00e4ftsmethoden, und alle andere von Radancy bereitgestellte Software und Dienstleistungen, die in Verbindung mit diesem Vertrag verwendet werden, sowie die in Verbindung damit verwendeten Marken, Dienstleistungsmarken und Handelsnamen von Radancy sind Eigentum von Radancy (&#8222;<strong>Radancy-Eigentum<\/strong>&#8222;). Der Kunde ist nicht berechtigt, Radancy-Eigentum zu kopieren, zu \u00fcbertragen, zu vertreiben, zu ver\u00f6ffentlichen, hochzuladen, neu zu erstellen, zu dekompilieren, zur\u00fcckzuentwickeln, zu disassemblieren, zu modifizieren, zu \u00fcbersetzen, zu entschl\u00fcsseln oder den Quellcode anderweitig zu ermitteln oder abgeleitete Werke davon zu erstellen.<\/p>\n\n\n\n<p>2. <strong>Eigentum des Kunden.<\/strong> Der Kunde beh\u00e4lt alle Rechte, die er an allen Daten und Materialien hat, die Radancy im Rahmen dieses Vertrags zur Verf\u00fcgung gestellt werden, einschlie\u00dflich Stellenbeschreibungen und begleitender Grafiken, Texte, Logos, Marken, Dienstleistungsmarken und Handelsnamen (&#8222;<strong>Kundeneigentum<\/strong>&#8222;). Dieser Vertrag gew\u00e4hrt Radancy ein begrenztes Recht, Kundeneigentum zu kopieren, zu \u00e4ndern, zu \u00fcbertragen, anzuzeigen und anderweitig zu nutzen, um die Verpflichtungen von Radancy unter diesem Vertrag zu erf\u00fcllen.<\/p>\n\n\n\n<p>3. <strong>Vertraulichkeit.<\/strong> Im Zusammenhang mit der Aushandlung und Durchf\u00fchrung dieser Vereinbarung kann eine Partei (die &#8222;<strong>empfangende Partei<\/strong>&#8222;) Informationen der anderen Partei (die &#8222;<strong>offenlegende Partei<\/strong>&#8222;) erhalten, die vertraulich oder gesch\u00fctzt sind, einschlie\u00dflich, aber nicht beschr\u00e4nkt auf Informationen \u00fcber die Produkte und Dienstleistungen einer Partei. Solche Informationen gelten zusammen mit den Bedingungen dieser Vereinbarung als vertraulich f\u00fcr die offenlegende Partei (&#8222;<strong>vertrauliche Informationen<\/strong>&#8222;). Die empfangende Partei darf vertrauliche Informationen nur im Zusammenhang mit der Erf\u00fcllung ihrer Verpflichtungen aus dieser Vereinbarung und in dem durch diese Vereinbarung gestatteten Umfang verwenden und darf die vertraulichen Informationen der anderen Partei an deren Mitarbeiter oder Berater weitergeben, die diese Informationen f\u00fcr die Erf\u00fcllung dieser Vereinbarung ben\u00f6tigen. Ungeachtet des Vorstehenden ist jede Partei berechtigt, die vertraulichen Informationen der anderen Partei (i) in dem Umfang offenzulegen, in dem dies gesetzlich vorgeschrieben ist oder gem\u00e4\u00df der Anordnung oder Forderung eines Gerichts, einer Verwaltungsbeh\u00f6rde oder einer anderen staatlichen Stelle oder in Verbindung mit einem Verfahren vor einem solchen; und (ii) auf vertraulicher Basis gegen\u00fcber ihren Rechts- und\/oder Finanzberatern. Zu den &#8222;vertraulichen Informationen&#8220; geh\u00f6ren nicht solche, die (i) ohne Verschulden der empfangenden Partei, ihrer verbundenen Unternehmen oder ihrer jeweiligen Unterauftragnehmer, Direktoren, leitenden Angestellten, Mitarbeiter, Bediensteten, Vertreter oder Eingeladenen \u00f6ffentlich zug\u00e4nglich sind oder werden, (ii) der empfangenden Partei von einer Partei offengelegt werden, die gegen\u00fcber der offenlegenden Partei oder ihren verbundenen Unternehmen keine rechtliche Verpflichtung hat, die eine solche Offenlegung verbietet, oder (iii) der empfangenden Partei ausweislich schriftlicher Unterlagen vor der Offenlegung im Rahmen dieser Vereinbarung bekannt waren.<\/p>\n\n\n\n<p>4. <strong><u>Kundendaten<\/u>. <\/strong>Alle im Rahmen dieses Vertrags gesammelten Daten geh\u00f6ren dem Kunden (&#8222;Kundendaten&#8220;). Radancy verwendet die Kundendaten ausschlie\u00dflich zum Zweck der Bereitstellung der hierin beschriebenen Metrics-Dienstleistungen. Ungeachtet des Vorstehenden erkennt der Kunde an und erkl\u00e4rt sich damit einverstanden, dass Kundendaten anonymisiert und in zusammengefasster Form von Radancy verwendet werden k\u00f6nnen, einschlie\u00dflich zur Verbesserung der Produkte und Dienstleistungen von Radancy. Die Parteien verpflichten sich zur Einhaltung aller anwendbaren Gesetze in Bezug auf die Erhebung, Speicherung, \u00dcbermittlung oder sonstige Verarbeitung aller Informationen, die sich auf identifizierte oder identifizierbare nat\u00fcrliche Personen beziehen, einschlie\u00dflich, aber nicht beschr\u00e4nkt auf Besucher der Karriere-Website des Kunden und Bewerber des Kunden. Um die Einhaltung der EU-Datenschutz-Grundverordnung der ((EU) 2016\/679) zu gew\u00e4hrleisten, wird der Zusatz zum Datenschutz, der unter <a data-custom-event=\"true\" data-custom-category=\"custom event\" data-custom-label=\"www.Radancy.com\/DPA\" href=\"http:\/\/www.Radancy.com\/DPA\">www.Radancy.com\/DPA<\/a> zu finden ist, in diese Vereinbarung aufgenommen und zu einem Bestandteil derselben gemacht. <\/p>\n\n\n\n<p>5. <strong>Schadenersatz.<\/strong> Jede Partei (die &#8222;<strong>entsch\u00e4digende Partei<\/strong>&#8222;) h\u00e4lt die andere Partei, ihre Mitglieder, Manager, leitenden Angestellten, Mitarbeiter, verbundenen Unternehmen und Tochtergesellschaften (zusammen die &#8222;<strong>Kl\u00e4ger<\/strong>&#8222;) schadlos und verteidigt sie gegen alle Anspr\u00fcche, Haftungen, Verluste, Ausgaben (einschlie\u00dflich angemessener Anwalts- und Gerichtskosten im Zusammenhang mit einer solchen Verteidigung), Bu\u00dfgelder, Strafen, Steuern oder Sch\u00e4den, die gegen sie geltend gemacht werden, die gegen die Kl\u00e4ger geltend gemacht werden, ihnen auferlegt werden oder ihnen entstehen aufgrund (a) einer Verletzung ihrer Geheimhaltungspflicht oder (b) einer Behauptung, dass (a) im Falle von Radancy die Dienste oder (b) im Falle des Kunden jegliche Materialien, die Radancy von oder im Namen des Kunden zur Verwendung in Verbindung mit den Diensten zur Verf\u00fcgung gestellt werden, ein Patent, ein Urheberrecht, eine Marke, ein Gesch\u00e4ftsgeheimnis, ein Recht auf Privatsph\u00e4re oder Publizit\u00e4t oder ein anderes geistiges Eigentumsrecht eines Dritten verletzen.<\/p>\n\n\n\n<p>6. <strong>Begrenzung der Haftung.<\/strong> MIT AUSNAHME VON SCHADENERSATZVERPFLICHTUNGEN EINER PARTEI ODER EINER VERLETZUNG DER VERTRAULICHKEIT HAFTET KEINE PARTEI GEGEN\u00dcBER DER ANDEREN F\u00dcR FOLGESCH\u00c4DEN ODER INDIREKTE SCH\u00c4DEN, EINSCHLIESSLICH, ABER NICHT BESCHR\u00c4NKT AUF TRANSPORT, LAGERUNG, GEWINNAUSFALL, PRODUKTIONSAUSFALL UND NUTZUNGSAUSFALL DES GEWINNS, NOCH \u00dcBERSTEIGT DIE HAFTUNG EINER PARTEI DIE GEB\u00dcHREN, DIE DER KUNDE IM RAHMEN DIESES VERTRAGS INNERHALB EINES JAHRES VOR DER VERLETZUNG AN RADANCY GEZAHLT HAT ODER ZAHLEN MUSS.<\/p>\n\n\n\n<p>7. <strong>Gew\u00e4hrleistung.<\/strong> Radancy garantiert, dass die Radancy Metrics-Dienste mit der gebotenen Sachkenntnis, Sorgfalt und Gewissenhaftigkeit, in \u00dcbereinstimmung mit guten und soliden Praktiken und den Anforderungen dieses Vertrags durchgef\u00fchrt werden. AUSSER DEN AUSDR\u00dcCKLICH HIERIN BESTIMMTEN FOLGEN WIRD RADANCY METRICS AUF EINER &#8222;ALS SOLCHES OHNE GEW\u00c4HRLEISTUNGEN JEGLICHER ART ANGEBOTEN, UND RADANCY UND SEINE LIEFERANTEN, VERK\u00c4UFER, AUFTRAGNEHMER UND VERTRETER (i) SCHLIESSEN ALLE GEW\u00c4HRLEISTUNGEN AUS, WEDER AUSDR\u00dcCKLICH NOCH STILLSCHWEIGEND, EINSCHLIESSLICH OHNE EINSCHR\u00c4NKUNG, ALLE STILLSCHWEIGENDEN GARANTIEN UND\/ODER BEDINGUNGEN DER MARKTG\u00c4NGIGKEIT, ZUFRIEDENSTELLENDEN QUALIT\u00c4T, EIGNUNG F\u00dcR EINEN BESTIMMTEN ZWECK, GENAUIGKEIT, NICHTVERLETZUNG VON RECHTEN DRITTER, DIE SICH AUS DEM GESETZ ODER AUS ANDEREN GESETZEN ODER AUS HANDELSBR\u00c4UCHEN ERGEBEN; UND (ii) GEW\u00c4HRLEISTEN NICHT, (a) DASS DIE INHALTE, DATEN, INFORMATIONEN ODER FUNKTIONEN, DIE MIT DEN RADANCY METRICS-DIENSTEN VERBUNDEN SIND, DEN ANFORDERUNGEN DES KUNDEN ENTSPRECHEN, ZEITGEM\u00c4SS, RICHTIG ODER AKTUELL SIND ODER FREI VON FEHLERN SIND, (b) DASS DER BETRIEB VON PRODUKTEN ODER SOFTWARE, DIE RADANCY METRICS-DIENSTE BEINHALTEN, UNUNTERBROCHEN ODER FEHLERFREI SEIN WIRD, ODER (c) DASS FEHLER IN SOFTWARE ODER PRODUKTEN, DIE RADANCY METRICS-DIENSTE BEINHALTEN, BEHOBEN WERDEN.<\/p>\n\n\n\n<p>8. <strong>Unabh\u00e4ngiger Auftragnehmer.<\/strong> Bei der Erbringung der Dienstleistungen ist Radancy ein unabh\u00e4ngiger Auftragnehmer, und keiner von Radancy, seinen Zulieferern und\/oder deren Angestellten oder Eingeladenen ist ein Angestellter des Kunden. Radancy tr\u00e4gt die alleinige Verantwortung f\u00fcr die Bezahlung der von Radancy besch\u00e4ftigten oder eingestellten Arbeitskr\u00e4fte, unabh\u00e4ngig davon, ob es sich um einen Vertrag oder einen anderen Status handelt, einschlie\u00dflich aller Sozialleistungen, Abfindungen, K\u00fcndigungszahlungen und aller Leistungen jeglicher Art, die gem\u00e4\u00df der Besch\u00e4ftigungspolitik oder -praxis von Radancy erforderlich sind.<\/p>\n\n\n\n<p>9. <strong>Verzicht.<\/strong> Es wird davon ausgegangen und vereinbart, dass die Gesch\u00e4ftsbedingungen f\u00fcr keine der Parteien als aufgehoben oder ge\u00e4ndert angesehen werden, es sei denn, eine solche Aufhebung oder \u00c4nderung wird schriftlich von einem ordnungsgem\u00e4\u00df bevollm\u00e4chtigten Vertreter jeder Parteie unterzeichnet. Das Recht einer der Parteien, die strikte Erf\u00fcllung der Vereinbarung zu verlangen, wird durch fr\u00fchere Verzichtserkl\u00e4rungen, Handlungen oder Verhaltensweisen nicht beeintr\u00e4chtigt.<\/p>\n\n\n\n<p>10. <strong>Rechtswahl.<\/strong> Es gelten die Gesetze des Staates New York unter Ausschluss jeglicher Rechtswahlregeln, die die Angelegenheit an die Gesetze eines anderen Gerichtsstandes verweisen w\u00fcrden.<\/p>\n<\/div>\n<\/section>\n\n\n\n<div style=\"height:40px\" aria-hidden=\"true\" class=\"wp-block-spacer\"><\/div>\n\n\n\n<div class=\"wp-block-group alignfull cta has-neutral-1-color has-primary-2-background-color has-text-color has-background has-global-padding is-layout-constrained wp-container-core-group-is-layout-86ad42c5 wp-block-group-is-layout-constrained\" style=\"margin-top:0px;margin-bottom:0px;padding-top:var(--wp--preset--spacing--30);padding-right:var(--wp--preset--spacing--30);padding-bottom:var(--wp--preset--spacing--30);padding-left:var(--wp--preset--spacing--30)\">\n<h3 class=\"wp-block-heading has-text-align-center has-copy-font-family\" id=\"h-melden-sie-sich-bei-uns-wenn-sie-mit-einer-einzigen-ki-plattform-ihre-einstellungsergebnisse-und-ihren-roi-maximieren-mochten\">Melden Sie sich bei uns, wenn Sie mit einer einzigen KI-Plattform Ihre Einstellungsergebnisse und Ihren ROI maximieren m\u00f6chten.<\/h3>\n\n\n\n<div class=\"wp-block-buttons is-content-justification-center is-layout-flex wp-container-core-buttons-is-layout-a89b3969 wp-block-buttons-is-layout-flex\">\n<div class=\"wp-block-button\"><a class=\"wp-block-button__link wp-element-button\" href=\"https:\/\/www.radancy.com\/de\/kontaktieren-sie-uns\/\">DEMO BUCHEN<\/a><\/div>\n<\/div>\n<\/div>\n","protected":false},"excerpt":{"rendered":"<p>Metrics Bedingungen Die folgenden Bedingungen gelten f\u00fcr jeden Radancy Metrics-Vertrag (&#8222;Vertrag&#8222;), der diese Bedingungen durch einen Verweis einbezieht. 1. Eigentum von Radancy. Die Radancy Metrics-Software, einschlie\u00dflich, aber nicht beschr\u00e4nkt auf <a class=\"more-link\" href=\"https:\/\/www.radancy.com\/de\/metrics-bedingungen\/\">Read more&#8230;<\/a><\/p>\n","protected":false},"author":1,"featured_media":0,"parent":0,"menu_order":0,"comment_status":"closed","ping_status":"closed","template":"","meta":{"_acf_changed":false,"_EventAllDay":false,"_EventTimezone":"","_EventStartDate":"","_EventEndDate":"","_EventStartDateUTC":"","_EventEndDateUTC":"","_EventShowMap":false,"_EventShowMapLink":false,"_EventURL":"","_EventCost":"","_EventCostDescription":"","_EventCurrencySymbol":"","_EventCurrencyCode":"","_EventCurrencyPosition":"","_EventDateTimeSeparator":"","_EventTimeRangeSeparator":"","_EventOrganizerID":[],"_EventVenueID":[],"_OrganizerEmail":"","_OrganizerPhone":"","_OrganizerWebsite":"","_VenueAddress":"","_VenueCity":"","_VenueCountry":"","_VenueProvince":"","_VenueState":"","_VenueZip":"","_VenuePhone":"","_VenueURL":"","_VenueStateProvince":"","_VenueLat":"","_VenueLng":"","_VenueShowMap":false,"_VenueShowMapLink":false,"_tribe_blocks_recurrence_rules":"","_tribe_blocks_recurrence_description":"","_tribe_blocks_recurrence_exclusions":"","footnotes":""},"class_list":["post-12130","page","type-page","status-publish","hentry"],"acf":[],"yoast_head":"<!-- This site is optimized with the Yoast SEO Premium plugin v26.2 (Yoast SEO v27.5) - https:\/\/yoast.com\/product\/yoast-seo-premium-wordpress\/ -->\n<title>Metrics Bedingungen | Radancy<\/title>\n<meta name=\"robots\" content=\"index, follow, max-snippet:-1, max-image-preview:large, max-video-preview:-1\" \/>\n<link rel=\"canonical\" href=\"https:\/\/www.radancy.com\/de\/metrics-bedingungen\/\" \/>\n<meta property=\"og:locale\" content=\"de_DE\" \/>\n<meta property=\"og:type\" content=\"article\" \/>\n<meta property=\"og:title\" content=\"Metrics Bedingungen | Radancy\" \/>\n<meta property=\"og:description\" content=\"Metrics Bedingungen Die folgenden Bedingungen gelten f\u00fcr jeden Radancy Metrics-Vertrag (&#8222;Vertrag&#8222;), der diese Bedingungen durch einen Verweis einbezieht. 1. Eigentum von Radancy. Die Radancy Metrics-Software, einschlie\u00dflich, aber nicht beschr\u00e4nkt auf Read more...\" \/>\n<meta property=\"og:url\" content=\"https:\/\/www.radancy.com\/de\/metrics-bedingungen\/\" \/>\n<meta property=\"og:site_name\" content=\"Radancy\" \/>\n<meta property=\"article:publisher\" content=\"https:\/\/www.facebook.com\/radancy\" \/>\n<meta property=\"article:modified_time\" content=\"2025-06-18T16:19:08+00:00\" \/>\n<meta property=\"og:image\" content=\"https:\/\/tbcdn.talentbrew.com\/company\/34730\/gst_v1\/img\/meta\/Radancy-JobShare-img-FINAL-DE.jpg\" \/>\n<meta name=\"twitter:card\" content=\"summary_large_image\" \/>\n<meta name=\"twitter:title\" content=\"Metrics Bedingungen\" \/>\n<meta name=\"twitter:site\" content=\"@radancyco\" \/>\n<meta name=\"twitter:label1\" content=\"Gesch\u00e4tzte Lesezeit\" \/>\n\t<meta name=\"twitter:data1\" content=\"5 Minuten\" \/>\n<script type=\"application\/ld+json\" class=\"yoast-schema-graph\">{\"@context\":\"https:\\\/\\\/schema.org\",\"@graph\":[{\"@type\":\"WebPage\",\"@id\":\"https:\\\/\\\/www.radancy.com\\\/de\\\/metrics-bedingungen\\\/\",\"url\":\"https:\\\/\\\/www.radancy.com\\\/de\\\/metrics-bedingungen\\\/\",\"name\":\"Metrics Bedingungen | Radancy\",\"isPartOf\":{\"@id\":\"https:\\\/\\\/www.radancy.com\\\/de\\\/#website\"},\"datePublished\":\"2023-11-17T03:02:40+00:00\",\"dateModified\":\"2025-06-18T16:19:08+00:00\",\"breadcrumb\":{\"@id\":\"https:\\\/\\\/www.radancy.com\\\/de\\\/metrics-bedingungen\\\/#breadcrumb\"},\"inLanguage\":\"de-DE\",\"potentialAction\":[{\"@type\":\"ReadAction\",\"target\":[\"https:\\\/\\\/www.radancy.com\\\/de\\\/metrics-bedingungen\\\/\"]}]},{\"@type\":\"BreadcrumbList\",\"@id\":\"https:\\\/\\\/www.radancy.com\\\/de\\\/metrics-bedingungen\\\/#breadcrumb\",\"itemListElement\":[{\"@type\":\"ListItem\",\"position\":1,\"name\":\"Home\",\"item\":\"https:\\\/\\\/www.radancy.com\\\/de\\\/\"},{\"@type\":\"ListItem\",\"position\":2,\"name\":\"Metrics Bedingungen\"}]},{\"@type\":\"WebSite\",\"@id\":\"https:\\\/\\\/www.radancy.com\\\/de\\\/#website\",\"url\":\"https:\\\/\\\/www.radancy.com\\\/de\\\/\",\"name\":\"Radancy\",\"description\":\"Create Connections That Count.\",\"publisher\":{\"@id\":\"https:\\\/\\\/www.radancy.com\\\/de\\\/#organization\"},\"potentialAction\":[{\"@type\":\"SearchAction\",\"target\":{\"@type\":\"EntryPoint\",\"urlTemplate\":\"https:\\\/\\\/www.radancy.com\\\/de\\\/?s={search_term_string}\"},\"query-input\":{\"@type\":\"PropertyValueSpecification\",\"valueRequired\":true,\"valueName\":\"search_term_string\"}}],\"inLanguage\":\"de-DE\"},{\"@type\":\"Organization\",\"@id\":\"https:\\\/\\\/www.radancy.com\\\/de\\\/#organization\",\"name\":\"Radancy\",\"url\":\"https:\\\/\\\/www.radancy.com\\\/de\\\/\",\"logo\":{\"@type\":\"ImageObject\",\"inLanguage\":\"de-DE\",\"@id\":\"https:\\\/\\\/www.radancy.com\\\/de\\\/#\\\/schema\\\/logo\\\/image\\\/\",\"url\":\"https:\\\/\\\/www.radancy.com\\\/wp-content\\\/uploads\\\/2024\\\/06\\\/Radancy_Icon_RGB.svg\",\"contentUrl\":\"https:\\\/\\\/www.radancy.com\\\/wp-content\\\/uploads\\\/2024\\\/06\\\/Radancy_Icon_RGB.svg\",\"width\":1,\"height\":1,\"caption\":\"Radancy\"},\"image\":{\"@id\":\"https:\\\/\\\/www.radancy.com\\\/de\\\/#\\\/schema\\\/logo\\\/image\\\/\"},\"sameAs\":[\"https:\\\/\\\/www.facebook.com\\\/radancy\",\"https:\\\/\\\/x.com\\\/radancyco\",\"https:\\\/\\\/www.linkedin.com\\\/company\\\/radancy\\\/\",\"https:\\\/\\\/www.youtube.com\\\/Radancy\\\/videos\",\"https:\\\/\\\/www.instagram.com\\\/radancyco\"]}]}<\/script>\n<!-- \/ Yoast SEO Premium plugin. -->","yoast_head_json":{"title":"Metrics Bedingungen | Radancy","robots":{"index":"index","follow":"follow","max-snippet":"max-snippet:-1","max-image-preview":"max-image-preview:large","max-video-preview":"max-video-preview:-1"},"canonical":"https:\/\/www.radancy.com\/de\/metrics-bedingungen\/","og_locale":"de_DE","og_type":"article","og_title":"Metrics Bedingungen | Radancy","og_description":"Metrics Bedingungen Die folgenden Bedingungen gelten f\u00fcr jeden Radancy Metrics-Vertrag (&#8222;Vertrag&#8222;), der diese Bedingungen durch einen Verweis einbezieht. 1. Eigentum von Radancy. Die Radancy Metrics-Software, einschlie\u00dflich, aber nicht beschr\u00e4nkt auf Read more...","og_url":"https:\/\/www.radancy.com\/de\/metrics-bedingungen\/","og_site_name":"Radancy","article_publisher":"https:\/\/www.facebook.com\/radancy","article_modified_time":"2025-06-18T16:19:08+00:00","og_image":[{"url":"https:\/\/tbcdn.talentbrew.com\/company\/34730\/gst_v1\/img\/meta\/Radancy-JobShare-img-FINAL-DE.jpg","type":"","width":"","height":""}],"twitter_card":"summary_large_image","twitter_title":"Metrics Bedingungen","twitter_site":"@radancyco","twitter_misc":{"Gesch\u00e4tzte Lesezeit":"5 Minuten"},"schema":{"@context":"https:\/\/schema.org","@graph":[{"@type":"WebPage","@id":"https:\/\/www.radancy.com\/de\/metrics-bedingungen\/","url":"https:\/\/www.radancy.com\/de\/metrics-bedingungen\/","name":"Metrics Bedingungen | Radancy","isPartOf":{"@id":"https:\/\/www.radancy.com\/de\/#website"},"datePublished":"2023-11-17T03:02:40+00:00","dateModified":"2025-06-18T16:19:08+00:00","breadcrumb":{"@id":"https:\/\/www.radancy.com\/de\/metrics-bedingungen\/#breadcrumb"},"inLanguage":"de-DE","potentialAction":[{"@type":"ReadAction","target":["https:\/\/www.radancy.com\/de\/metrics-bedingungen\/"]}]},{"@type":"BreadcrumbList","@id":"https:\/\/www.radancy.com\/de\/metrics-bedingungen\/#breadcrumb","itemListElement":[{"@type":"ListItem","position":1,"name":"Home","item":"https:\/\/www.radancy.com\/de\/"},{"@type":"ListItem","position":2,"name":"Metrics Bedingungen"}]},{"@type":"WebSite","@id":"https:\/\/www.radancy.com\/de\/#website","url":"https:\/\/www.radancy.com\/de\/","name":"Radancy","description":"Create Connections That Count.","publisher":{"@id":"https:\/\/www.radancy.com\/de\/#organization"},"potentialAction":[{"@type":"SearchAction","target":{"@type":"EntryPoint","urlTemplate":"https:\/\/www.radancy.com\/de\/?s={search_term_string}"},"query-input":{"@type":"PropertyValueSpecification","valueRequired":true,"valueName":"search_term_string"}}],"inLanguage":"de-DE"},{"@type":"Organization","@id":"https:\/\/www.radancy.com\/de\/#organization","name":"Radancy","url":"https:\/\/www.radancy.com\/de\/","logo":{"@type":"ImageObject","inLanguage":"de-DE","@id":"https:\/\/www.radancy.com\/de\/#\/schema\/logo\/image\/","url":"https:\/\/www.radancy.com\/wp-content\/uploads\/2024\/06\/Radancy_Icon_RGB.svg","contentUrl":"https:\/\/www.radancy.com\/wp-content\/uploads\/2024\/06\/Radancy_Icon_RGB.svg","width":1,"height":1,"caption":"Radancy"},"image":{"@id":"https:\/\/www.radancy.com\/de\/#\/schema\/logo\/image\/"},"sameAs":["https:\/\/www.facebook.com\/radancy","https:\/\/x.com\/radancyco","https:\/\/www.linkedin.com\/company\/radancy\/","https:\/\/www.youtube.com\/Radancy\/videos","https:\/\/www.instagram.com\/radancyco"]}]}},"_links":{"self":[{"href":"https:\/\/www.radancy.com\/de\/wp-json\/wp\/v2\/pages\/12130","targetHints":{"allow":["GET"]}}],"collection":[{"href":"https:\/\/www.radancy.com\/de\/wp-json\/wp\/v2\/pages"}],"about":[{"href":"https:\/\/www.radancy.com\/de\/wp-json\/wp\/v2\/types\/page"}],"author":[{"embeddable":true,"href":"https:\/\/www.radancy.com\/de\/wp-json\/wp\/v2\/users\/1"}],"replies":[{"embeddable":true,"href":"https:\/\/www.radancy.com\/de\/wp-json\/wp\/v2\/comments?post=12130"}],"version-history":[{"count":0,"href":"https:\/\/www.radancy.com\/de\/wp-json\/wp\/v2\/pages\/12130\/revisions"}],"wp:attachment":[{"href":"https:\/\/www.radancy.com\/de\/wp-json\/wp\/v2\/media?parent=12130"}],"curies":[{"name":"wp","href":"https:\/\/api.w.org\/{rel}","templated":true}]}}