{"id":12056,"date":"2023-11-17T03:01:46","date_gmt":"2023-11-17T03:01:46","guid":{"rendered":"https:\/\/s45175.p1717.sites.pressdns.com\/api-use-policy\/"},"modified":"2025-06-18T15:43:36","modified_gmt":"2025-06-18T15:43:36","slug":"api-use-policy","status":"publish","type":"page","link":"https:\/\/www.radancy.com\/de\/api-use-policy\/","title":{"rendered":"API-Nutzungsrichtlinie: Job Feeds"},"content":{"rendered":"\n<div class=\"wp-block-group alignfull title-bar has-neutral-1-color has-primary-3-background-color has-text-color has-background is-vertical is-content-justification-center is-layout-flex wp-container-core-group-is-layout-95c46550 wp-block-group-is-layout-flex\" style=\"margin-top:0;margin-bottom:60px;padding-top:35px;padding-right:35px;padding-bottom:35px;padding-left:35px\">\n<h1 class=\"wp-block-heading has-accent-font-family has-headline-smallest-font-size\" id=\"h-api-nutzungsrichtlinie-job-feeds\" style=\"margin-top:0;margin-bottom:0;font-style:normal;font-weight:400;text-transform:uppercase\">API-Nutzungsrichtlinie: Job Feeds<\/h1>\n<\/div>\n\n\n\n<section class=\"wp-block-group section is-vertical is-content-justification-stretch is-layout-flex wp-container-core-group-is-layout-353c4f5a wp-block-group-is-layout-flex\">\n<div class=\"wp-block-group section is-vertical is-content-justification-stretch is-layout-flex wp-container-core-group-is-layout-353c4f5a wp-block-group-is-layout-flex\">\n<p>Die Recruiting-Plattform von Radancy wurde entwickelt, damit unsere Entwickler*innen Jobinformationen aus den Bewerbermanagementsystemen (<b>BMS<\/b>) von Kunden \u00fcber Application Programming Interfaces (<b>APIs<\/b>) nahtlos auf deren Karriereseite \u00fcbermitteln k\u00f6nnen. Dieses Verfahren schafft eine zuverl\u00e4ssige Methode f\u00fcr Radancy, um sicherzustellen, dass die Karriereseite des Kunden die offenen Jobinformationen rechtzeitig und genau erfasst.<\/p>\n\n\n\n<p>Radancy hat die folgende &#8222;<b>API-Nutzungsrichtlinie<\/b>&#8220; festgelegt, die den Zugang von Radancy zu und die Nutzung von APIs sowie die dadurch abgerufenen Daten regelt.<\/p>\n<\/div>\n\n\n\n<div class=\"wp-block-group section is-vertical is-content-justification-stretch is-layout-flex wp-container-core-group-is-layout-353c4f5a wp-block-group-is-layout-flex\">\n<h2 class=\"wp-block-heading headline\" id=\"h-api-zugangsberechtigung\">API-Zugangsberechtigung<\/h2>\n\n\n\n<ol class=\"wp-block-list\">\n<li>Der Kunde stellt Radancy spezifische Zugangsdaten zur Verf\u00fcgung, wie z.B. einen autorisierten Benutzernamen und ein Passwort, um Radancy den Zugriff auf das BMS des Kunden zu erm\u00f6glichen. Die Bereitstellung solcher Zugangsdaten durch den Kunden stellt eine Zusicherung des Kunden dar, dass der Zugang von Radancy nicht gegen die Vereinbarung des Kunden mit seinem BMS verst\u00f6\u00dft.<\/li>\n\n\n\n<li>Radancy wird dem Kunden eine Dokumentation zur Verf\u00fcgung stellen, die Anweisungen zu den erforderlichen Ma\u00dfnahmen enth\u00e4lt.<\/li>\n<\/ol>\n<\/div>\n\n\n\n<div class=\"wp-block-group section is-vertical is-content-justification-stretch is-layout-flex wp-container-core-group-is-layout-353c4f5a wp-block-group-is-layout-flex\">\n<h2 class=\"wp-block-heading headline\" id=\"h-verwendung-von-apis-ausgeschlossenen-daten\">Verwendung von APIs\/ausgeschlossenen Daten<\/h2>\n\n\n\n<ol class=\"wp-block-list\">\n<li>Radancy verwendet die von ihm entwickelte Software zur Automatisierung des Zugriffs auf das BMS des Kunden, um in regelm\u00e4\u00dfigen Abst\u00e4nden die Lieferung oder den Download der angeforderten Auftragsinformationen abzurufen. Diese Software ist Eigentum von Radancy. Wenn sie dem Kunden zur Installation auf seinem System zur Verf\u00fcgung gestellt wird, gilt diese Software als f\u00fcr die Dauer des Client&#8217;s Unified Platform Subscription Agreement oder eines anderen anwendbaren Vertrags lizenziert und wird bei dessen Beendigung gel\u00f6scht oder vernichtet.<\/li>\n\n\n\n<li>Obwohl Radancy das Ziel verfolgt, Jobdaten zu sammeln, die in die Karriereseite des Kunden integriert werden, kann es F\u00e4lle geben, in denen die APIs des BMS-Anbieters des Kunden mehr Zugriff erlauben, als f\u00fcr die Erf\u00fcllung dieser Aufgabe erforderlich ist. Radancy hat keinen Zugriff auf Nicht-Job-Feed-Bereiche des API-Services, einschlie\u00dflich personenbezogener Daten und\/oder Daten auf Kandidaenebene, es sei denn, dies wurde ausdr\u00fccklich schriftlich zwischen dem Kunden und Radancy vereinbart.<\/li>\n<\/ol>\n<\/div>\n\n\n\n<div class=\"wp-block-group section is-vertical is-content-justification-stretch is-layout-flex wp-container-core-group-is-layout-353c4f5a wp-block-group-is-layout-flex\">\n<h2 class=\"wp-block-heading headline\" id=\"h-integration-sicherheit-und-uberwachung\">Integration-Sicherheit und -\u00dcberwachung<\/h2>\n\n\n\n<ol class=\"wp-block-list\">\n<li>Radancy geht davon aus, dass die Technologieumgebung des Kunden ordnungsgem\u00e4\u00df konfiguriert und gesichert ist. Dies umfasst das BMS des Kunden sowie sein Betriebssystem, seine Software und seine Datenbanken, soweit zutreffend. Das Vers\u00e4umnis des Kunden oder seiner Vertreter, einschlie\u00dflich seines BMS-Anbieters, seine Technologieumgebung ordnungsgem\u00e4\u00df zu konfigurieren und zu sichern, kann zu Fehlern, Verz\u00f6gerungen oder zur Offenlegung von Daten f\u00fchren, f\u00fcr die Radancy nicht verantwortlich gemacht werden kann.<\/li>\n<\/ol>\n<\/div>\n\n\n\n<div class=\"wp-block-group section section--extra-spacing is-vertical is-content-justification-stretch is-layout-flex wp-container-core-group-is-layout-353c4f5a wp-block-group-is-layout-flex\">\n<h2 class=\"wp-block-heading headline\" id=\"h-unterstutzung\">Unterst\u00fctzung<\/h2>\n\n\n\n<ol class=\"wp-block-list\">\n<li>Radancy wird die API-Integration unterst\u00fctzen und kann bei Bedarf \u00c4nderungen vornehmen, um das ordnungsgem\u00e4\u00dfe Funktionieren der Integration zu gew\u00e4hrleisten.<\/li>\n\n\n\n<li>Radancy kann von Zeit zu Zeit Anpassungen und\/oder \u00c4nderungen an der Integration aufgrund von BMS-System\u00e4nderungen oder anderen spezifischen Anfragen vornehmen.<\/li>\n\n\n\n<li>Alle Anfragen sind an <a href=\"mailto:productsupport@radancy.com?subject=API%20Use%20Policy:%20Job%20Feeds\" data-custom-event=\"true\" data-custom-category=\"custom event\" data-custom-label=\"productsupport@radancy.com\">productsupport@radancy.com<\/a> zu richten.<\/li>\n<\/ol>\n<\/div>\n<\/section>\n\n\n\n<div class=\"wp-block-group alignfull cta has-neutral-1-color has-primary-2-background-color has-text-color has-background has-global-padding is-layout-constrained wp-container-core-group-is-layout-86ad42c5 wp-block-group-is-layout-constrained\" style=\"margin-top:0px;margin-bottom:0px;padding-top:var(--wp--preset--spacing--30);padding-right:var(--wp--preset--spacing--30);padding-bottom:var(--wp--preset--spacing--30);padding-left:var(--wp--preset--spacing--30)\">\n<h3 class=\"wp-block-heading has-text-align-center has-copy-font-family\" id=\"h-melden-sie-sich-bei-uns-wenn-sie-mit-einer-einzigen-ki-plattform-ihre-einstellungsergebnisse-und-ihren-roi-maximieren-mochten\">Melden Sie sich bei uns, wenn Sie mit einer einzigen KI-Plattform Ihre Einstellungsergebnisse und Ihren ROI maximieren m\u00f6chten.<\/h3>\n\n\n\n<div class=\"wp-block-buttons is-content-justification-center is-layout-flex wp-container-core-buttons-is-layout-a89b3969 wp-block-buttons-is-layout-flex\">\n<div class=\"wp-block-button\"><a class=\"wp-block-button__link wp-element-button\" href=\"https:\/\/www.radancy.com\/de\/kontaktieren-sie-uns\/\">DEMO BUCHEN<\/a><\/div>\n<\/div>\n<\/div>\n","protected":false},"excerpt":{"rendered":"<p>API-Nutzungsrichtlinie: Job Feeds Die Recruiting-Plattform von Radancy wurde entwickelt, damit unsere Entwickler*innen Jobinformationen aus den Bewerbermanagementsystemen (BMS) von Kunden \u00fcber Application Programming Interfaces (APIs) nahtlos auf deren Karriereseite \u00fcbermitteln k\u00f6nnen. <a class=\"more-link\" href=\"https:\/\/www.radancy.com\/de\/api-use-policy\/\">Read more&#8230;<\/a><\/p>\n","protected":false},"author":1,"featured_media":0,"parent":0,"menu_order":0,"comment_status":"closed","ping_status":"closed","template":"","meta":{"_acf_changed":false,"_EventAllDay":false,"_EventTimezone":"","_EventStartDate":"","_EventEndDate":"","_EventStartDateUTC":"","_EventEndDateUTC":"","_EventShowMap":false,"_EventShowMapLink":false,"_EventURL":"","_EventCost":"","_EventCostDescription":"","_EventCurrencySymbol":"","_EventCurrencyCode":"","_EventCurrencyPosition":"","_EventDateTimeSeparator":"","_EventTimeRangeSeparator":"","_EventOrganizerID":[],"_EventVenueID":[],"_OrganizerEmail":"","_OrganizerPhone":"","_OrganizerWebsite":"","_VenueAddress":"","_VenueCity":"","_VenueCountry":"","_VenueProvince":"","_VenueState":"","_VenueZip":"","_VenuePhone":"","_VenueURL":"","_VenueStateProvince":"","_VenueLat":"","_VenueLng":"","_VenueShowMap":false,"_VenueShowMapLink":false,"_tribe_blocks_recurrence_rules":"","_tribe_blocks_recurrence_description":"","_tribe_blocks_recurrence_exclusions":"","footnotes":""},"class_list":["post-12056","page","type-page","status-publish","hentry"],"acf":[],"yoast_head":"<!-- This site is optimized with the Yoast SEO Premium plugin v26.2 (Yoast SEO v27.3) - https:\/\/yoast.com\/product\/yoast-seo-premium-wordpress\/ -->\n<title>API-Nutzungsrichtlinie: Job Feeds | Radancy<\/title>\n<meta name=\"robots\" content=\"index, follow, max-snippet:-1, max-image-preview:large, max-video-preview:-1\" \/>\n<link rel=\"canonical\" href=\"https:\/\/www.radancy.com\/de\/api-use-policy\/\" \/>\n<meta property=\"og:locale\" content=\"de_DE\" \/>\n<meta property=\"og:type\" content=\"article\" \/>\n<meta property=\"og:title\" content=\"API-Nutzungsrichtlinie: Job Feeds | Radancy\" \/>\n<meta property=\"og:description\" content=\"API-Nutzungsrichtlinie: Job Feeds Die Recruiting-Plattform von Radancy wurde entwickelt, damit unsere Entwickler*innen Jobinformationen aus den Bewerbermanagementsystemen (BMS) von Kunden \u00fcber Application Programming Interfaces (APIs) nahtlos auf deren Karriereseite \u00fcbermitteln k\u00f6nnen. Read more...\" \/>\n<meta property=\"og:url\" content=\"https:\/\/www.radancy.com\/de\/api-use-policy\/\" \/>\n<meta property=\"og:site_name\" content=\"Radancy\" \/>\n<meta property=\"article:publisher\" content=\"https:\/\/www.facebook.com\/radancy\" \/>\n<meta property=\"article:modified_time\" content=\"2025-06-18T15:43:36+00:00\" \/>\n<meta property=\"og:image\" content=\"https:\/\/tbcdn.talentbrew.com\/company\/34730\/gst_v1\/img\/meta\/Radancy-JobShare-img-FINAL-DE.jpg\" \/>\n<meta name=\"twitter:card\" content=\"summary_large_image\" \/>\n<meta name=\"twitter:title\" content=\"API-Nutzungsrichtlinie: Job Feeds\" \/>\n<meta name=\"twitter:site\" content=\"@radancyco\" \/>\n<meta name=\"twitter:label1\" content=\"Gesch\u00e4tzte Lesezeit\" \/>\n\t<meta name=\"twitter:data1\" content=\"2 Minuten\" \/>\n<script type=\"application\/ld+json\" class=\"yoast-schema-graph\">{\"@context\":\"https:\\\/\\\/schema.org\",\"@graph\":[{\"@type\":\"WebPage\",\"@id\":\"https:\\\/\\\/www.radancy.com\\\/de\\\/api-use-policy\\\/\",\"url\":\"https:\\\/\\\/www.radancy.com\\\/de\\\/api-use-policy\\\/\",\"name\":\"API-Nutzungsrichtlinie: Job Feeds | Radancy\",\"isPartOf\":{\"@id\":\"https:\\\/\\\/www.radancy.com\\\/de\\\/#website\"},\"datePublished\":\"2023-11-17T03:01:46+00:00\",\"dateModified\":\"2025-06-18T15:43:36+00:00\",\"breadcrumb\":{\"@id\":\"https:\\\/\\\/www.radancy.com\\\/de\\\/api-use-policy\\\/#breadcrumb\"},\"inLanguage\":\"de-DE\",\"potentialAction\":[{\"@type\":\"ReadAction\",\"target\":[\"https:\\\/\\\/www.radancy.com\\\/de\\\/api-use-policy\\\/\"]}]},{\"@type\":\"BreadcrumbList\",\"@id\":\"https:\\\/\\\/www.radancy.com\\\/de\\\/api-use-policy\\\/#breadcrumb\",\"itemListElement\":[{\"@type\":\"ListItem\",\"position\":1,\"name\":\"Home\",\"item\":\"https:\\\/\\\/www.radancy.com\\\/de\\\/\"},{\"@type\":\"ListItem\",\"position\":2,\"name\":\"API-Nutzungsrichtlinie: Job Feeds\"}]},{\"@type\":\"WebSite\",\"@id\":\"https:\\\/\\\/www.radancy.com\\\/de\\\/#website\",\"url\":\"https:\\\/\\\/www.radancy.com\\\/de\\\/\",\"name\":\"Radancy\",\"description\":\"Create Connections That Count.\",\"publisher\":{\"@id\":\"https:\\\/\\\/www.radancy.com\\\/de\\\/#organization\"},\"potentialAction\":[{\"@type\":\"SearchAction\",\"target\":{\"@type\":\"EntryPoint\",\"urlTemplate\":\"https:\\\/\\\/www.radancy.com\\\/de\\\/?s={search_term_string}\"},\"query-input\":{\"@type\":\"PropertyValueSpecification\",\"valueRequired\":true,\"valueName\":\"search_term_string\"}}],\"inLanguage\":\"de-DE\"},{\"@type\":\"Organization\",\"@id\":\"https:\\\/\\\/www.radancy.com\\\/de\\\/#organization\",\"name\":\"Radancy\",\"url\":\"https:\\\/\\\/www.radancy.com\\\/de\\\/\",\"logo\":{\"@type\":\"ImageObject\",\"inLanguage\":\"de-DE\",\"@id\":\"https:\\\/\\\/www.radancy.com\\\/de\\\/#\\\/schema\\\/logo\\\/image\\\/\",\"url\":\"https:\\\/\\\/www.radancy.com\\\/wp-content\\\/uploads\\\/2024\\\/06\\\/Radancy_Icon_RGB.svg\",\"contentUrl\":\"https:\\\/\\\/www.radancy.com\\\/wp-content\\\/uploads\\\/2024\\\/06\\\/Radancy_Icon_RGB.svg\",\"width\":1,\"height\":1,\"caption\":\"Radancy\"},\"image\":{\"@id\":\"https:\\\/\\\/www.radancy.com\\\/de\\\/#\\\/schema\\\/logo\\\/image\\\/\"},\"sameAs\":[\"https:\\\/\\\/www.facebook.com\\\/radancy\",\"https:\\\/\\\/x.com\\\/radancyco\",\"https:\\\/\\\/www.linkedin.com\\\/company\\\/radancy\\\/\",\"https:\\\/\\\/www.youtube.com\\\/Radancy\\\/videos\",\"https:\\\/\\\/www.instagram.com\\\/radancyco\"]}]}<\/script>\n<!-- \/ Yoast SEO Premium plugin. -->","yoast_head_json":{"title":"API-Nutzungsrichtlinie: Job Feeds | Radancy","robots":{"index":"index","follow":"follow","max-snippet":"max-snippet:-1","max-image-preview":"max-image-preview:large","max-video-preview":"max-video-preview:-1"},"canonical":"https:\/\/www.radancy.com\/de\/api-use-policy\/","og_locale":"de_DE","og_type":"article","og_title":"API-Nutzungsrichtlinie: Job Feeds | Radancy","og_description":"API-Nutzungsrichtlinie: Job Feeds Die Recruiting-Plattform von Radancy wurde entwickelt, damit unsere Entwickler*innen Jobinformationen aus den Bewerbermanagementsystemen (BMS) von Kunden \u00fcber Application Programming Interfaces (APIs) nahtlos auf deren Karriereseite \u00fcbermitteln k\u00f6nnen. Read more...","og_url":"https:\/\/www.radancy.com\/de\/api-use-policy\/","og_site_name":"Radancy","article_publisher":"https:\/\/www.facebook.com\/radancy","article_modified_time":"2025-06-18T15:43:36+00:00","og_image":[{"url":"https:\/\/tbcdn.talentbrew.com\/company\/34730\/gst_v1\/img\/meta\/Radancy-JobShare-img-FINAL-DE.jpg","type":"","width":"","height":""}],"twitter_card":"summary_large_image","twitter_title":"API-Nutzungsrichtlinie: Job Feeds","twitter_site":"@radancyco","twitter_misc":{"Gesch\u00e4tzte Lesezeit":"2 Minuten"},"schema":{"@context":"https:\/\/schema.org","@graph":[{"@type":"WebPage","@id":"https:\/\/www.radancy.com\/de\/api-use-policy\/","url":"https:\/\/www.radancy.com\/de\/api-use-policy\/","name":"API-Nutzungsrichtlinie: Job Feeds | Radancy","isPartOf":{"@id":"https:\/\/www.radancy.com\/de\/#website"},"datePublished":"2023-11-17T03:01:46+00:00","dateModified":"2025-06-18T15:43:36+00:00","breadcrumb":{"@id":"https:\/\/www.radancy.com\/de\/api-use-policy\/#breadcrumb"},"inLanguage":"de-DE","potentialAction":[{"@type":"ReadAction","target":["https:\/\/www.radancy.com\/de\/api-use-policy\/"]}]},{"@type":"BreadcrumbList","@id":"https:\/\/www.radancy.com\/de\/api-use-policy\/#breadcrumb","itemListElement":[{"@type":"ListItem","position":1,"name":"Home","item":"https:\/\/www.radancy.com\/de\/"},{"@type":"ListItem","position":2,"name":"API-Nutzungsrichtlinie: Job Feeds"}]},{"@type":"WebSite","@id":"https:\/\/www.radancy.com\/de\/#website","url":"https:\/\/www.radancy.com\/de\/","name":"Radancy","description":"Create Connections That Count.","publisher":{"@id":"https:\/\/www.radancy.com\/de\/#organization"},"potentialAction":[{"@type":"SearchAction","target":{"@type":"EntryPoint","urlTemplate":"https:\/\/www.radancy.com\/de\/?s={search_term_string}"},"query-input":{"@type":"PropertyValueSpecification","valueRequired":true,"valueName":"search_term_string"}}],"inLanguage":"de-DE"},{"@type":"Organization","@id":"https:\/\/www.radancy.com\/de\/#organization","name":"Radancy","url":"https:\/\/www.radancy.com\/de\/","logo":{"@type":"ImageObject","inLanguage":"de-DE","@id":"https:\/\/www.radancy.com\/de\/#\/schema\/logo\/image\/","url":"https:\/\/www.radancy.com\/wp-content\/uploads\/2024\/06\/Radancy_Icon_RGB.svg","contentUrl":"https:\/\/www.radancy.com\/wp-content\/uploads\/2024\/06\/Radancy_Icon_RGB.svg","width":1,"height":1,"caption":"Radancy"},"image":{"@id":"https:\/\/www.radancy.com\/de\/#\/schema\/logo\/image\/"},"sameAs":["https:\/\/www.facebook.com\/radancy","https:\/\/x.com\/radancyco","https:\/\/www.linkedin.com\/company\/radancy\/","https:\/\/www.youtube.com\/Radancy\/videos","https:\/\/www.instagram.com\/radancyco"]}]}},"_links":{"self":[{"href":"https:\/\/www.radancy.com\/de\/wp-json\/wp\/v2\/pages\/12056","targetHints":{"allow":["GET"]}}],"collection":[{"href":"https:\/\/www.radancy.com\/de\/wp-json\/wp\/v2\/pages"}],"about":[{"href":"https:\/\/www.radancy.com\/de\/wp-json\/wp\/v2\/types\/page"}],"author":[{"embeddable":true,"href":"https:\/\/www.radancy.com\/de\/wp-json\/wp\/v2\/users\/1"}],"replies":[{"embeddable":true,"href":"https:\/\/www.radancy.com\/de\/wp-json\/wp\/v2\/comments?post=12056"}],"version-history":[{"count":0,"href":"https:\/\/www.radancy.com\/de\/wp-json\/wp\/v2\/pages\/12056\/revisions"}],"wp:attachment":[{"href":"https:\/\/www.radancy.com\/de\/wp-json\/wp\/v2\/media?parent=12056"}],"curies":[{"name":"wp","href":"https:\/\/api.w.org\/{rel}","templated":true}]}}