{"id":12054,"date":"2023-11-17T03:01:43","date_gmt":"2023-11-17T03:01:43","guid":{"rendered":"https:\/\/s45175.p1717.sites.pressdns.com\/advanced-job-description\/"},"modified":"2026-03-31T06:28:12","modified_gmt":"2026-03-31T06:28:12","slug":"advanced-job-description","status":"publish","type":"page","link":"https:\/\/www.radancy.com\/de\/advanced-job-description\/","title":{"rendered":"Advanced Job Descriptions f\u00fcr Job-Ads auf Karrierewebsites"},"content":{"rendered":"\n<div class=\"wp-block-group alignfull title-bar has-neutral-1-color has-primary-3-background-color has-text-color has-background is-vertical is-content-justification-center is-layout-flex wp-container-core-group-is-layout-3085e3ed wp-block-group-is-layout-flex\" style=\"margin-top:0;margin-bottom:0px;padding-top:35px;padding-right:35px;padding-bottom:35px;padding-left:35px\">\n<h2 class=\"wp-block-heading has-accent-font-family has-headline-smallest-font-size\" id=\"h-advanced-job-description\" style=\"margin-top:0;margin-bottom:0;font-style:normal;font-weight:400\">Advanced Job Description<\/h2>\n<\/div>\n\n\n\n<section class=\"wp-block-group alignfull maximize-reach-section section--ultra-light-blue section has-primary-contrast-light-background-color has-background has-global-padding is-layout-constrained wp-block-group-is-layout-constrained\" style=\"margin-top:0px;margin-bottom:0px;padding-top:60px;padding-bottom:50px\">\n<div class=\"wp-block-columns fs-container is-layout-flex wp-container-core-columns-is-layout-28f84493 wp-block-columns-is-layout-flex\">\n<div class=\"wp-block-column is-vertically-aligned-center fs-12 fs-m-6 maximize-reach-section--media-column is-layout-flow wp-container-core-column-is-layout-3ca914a4 wp-block-column-is-layout-flow\" style=\"flex-basis:50%\">\n<div class=\"wp-block-group is-vertical is-layout-flex wp-container-core-group-is-layout-463ea76c wp-block-group-is-layout-flex\">\n<h1 class=\"wp-block-heading has-primary-1-color has-text-color has-link-color wp-elements-9e07c042bbbf006dcd2716aede5d0f6a\" id=\"h-visuelle-stellenbeschreibungen-fur-mehr-interaktionen-und-bewerbungen\">Visuelle Stellenbeschreibungen f\u00fcr mehr Interaktionen und Bewerbungen<\/h1>\n<\/div>\n\n\n\n<div class=\"wp-block-group is-vertical is-layout-flex wp-container-core-group-is-layout-fe9cc265 wp-block-group-is-layout-flex\">\n<h2 class=\"wp-block-heading has-neutral-2-color has-text-color has-link-color has-headline-smallest-font-size wp-elements-6fb74e330557cb29e1e813e953864e64\" id=\"h-stellenbeschreibungen-neu-gestalten-mit-den-advanced-job-descriptions-von-radancy\"><strong>Stellenbeschreibungen neu gestalten mit den Advanced Job Descriptions von Radancy<\/strong><\/h2>\n\n\n\n<p class=\"has-copy-font-size\"><br>Die Advanced Job Descriptions von Radancy machen aus Stellenbeschreibungen visuelle Erlebnisse, die Kandidat*innen ansprechen und besser zum Job abholen. Unterst\u00fctzt durch die KI-getriebene Radancy Talent Acquisition Cloud gehen diese Stellenbeschreibungen weit \u00fcber reinen Text hinaus. Sie vermitteln ein klares Bild der Rolle und zeigen anschaulich, was es braucht, um erfolgreich zu sein. Alles auf einen Blick. Die Advanced Job Descriptions lassen sich nahtlos in die <a href=\"https:\/\/www.radancy.com\/de\/karrierewebsite\/\">Karriereseite<\/a> von Radancy integrieren und bieten Bewerber*innen praktische Orientierung. So erreichen Sie mehr qualifizierte Kandidat*innen, die zu Ihren Anforderungen passen.<\/p>\n\n\n\n<div class=\"wp-block-buttons button button--arrow button--on-dark-bg is-layout-flex wp-block-buttons-is-layout-flex\">\n<div class=\"wp-block-button\"><a class=\"wp-block-button__link wp-element-button\" href=\"https:\/\/www.radancy.com\/de\/kontaktieren-sie-uns\/\">Demo buchen<\/a><\/div>\n<\/div>\n<\/div>\n<\/div>\n\n\n\n<div class=\"wp-block-column fs-12 fs-m-6 is-layout-flow wp-block-column-is-layout-flow\" style=\"padding-top:0px;flex-basis:50%\">\n<div class=\"wp-block-group alignfull section is-vertical is-content-justification-stretch is-layout-flex wp-container-core-group-is-layout-03ea0e6e wp-block-group-is-layout-flex\">\n<figure class=\"wp-block-image size-full fancybox\"><img loading=\"lazy\" decoding=\"async\" width=\"1120\" height=\"772\" src=\"https:\/\/www.radancy.com\/wp-content\/uploads\/2026\/01\/Corp_AJD-header-image-10-20-25.webp\" alt=\"\" class=\"wp-image-23793\" srcset=\"https:\/\/www.radancy.com\/wp-content\/uploads\/2026\/01\/Corp_AJD-header-image-10-20-25.webp 1120w, https:\/\/www.radancy.com\/wp-content\/uploads\/2026\/01\/Corp_AJD-header-image-10-20-25-300x207.webp 300w, https:\/\/www.radancy.com\/wp-content\/uploads\/2026\/01\/Corp_AJD-header-image-10-20-25-1024x706.webp 1024w, https:\/\/www.radancy.com\/wp-content\/uploads\/2026\/01\/Corp_AJD-header-image-10-20-25-768x529.webp 768w\" sizes=\"auto, (max-width: 1120px) 100vw, 1120px\" \/><\/figure>\n<\/div>\n<\/div>\n<\/div>\n<\/section>\n\n\n\n<div class=\"wp-block-group alignfull has-neutral-1-background-color has-background has-global-padding is-layout-constrained wp-container-core-group-is-layout-71dc4e74 wp-block-group-is-layout-constrained\" style=\"margin-top:0px;padding-top:50px\">\n<div class=\"wp-block-group is-vertical is-layout-flex wp-container-core-group-is-layout-fe9cc265 wp-block-group-is-layout-flex\">\n<div class=\"wp-block-group is-layout-flow wp-block-group-is-layout-flow\">\n<figure class=\"wp-block-image size-full is-resized\" style=\"margin-bottom:40px\"><img decoding=\"async\" src=\"https:\/\/www.radancy.com\/wp-content\/uploads\/2025\/08\/Advanced-Job-Description_icon.svg\" alt=\"\" class=\"wp-image-21750\" style=\"width:90px\"\/><\/figure>\n\n\n\n<h2 class=\"wp-block-heading has-text-align-left headline--intro font-color--blue has-primary-1-color has-text-color has-headline-font-family has-headline-small-font-size\" id=\"h-warum-lohnen-sich-die-advanced-job-descriptions-von-radancy\">Warum lohnen sich die Advanced Job Descriptions von Radancy?<\/h2>\n<\/div>\n<\/div>\n<\/div>\n\n\n\n<div class=\"wp-block-group alignfull has-global-padding is-layout-constrained wp-container-core-group-is-layout-208577dd wp-block-group-is-layout-constrained\" style=\"margin-top:20px\">\n<div class=\"wp-block-columns is-layout-flex wp-container-core-columns-is-layout-462f4109 wp-block-columns-is-layout-flex\" style=\"margin-top:0px;margin-bottom:0px;padding-top:20px;padding-bottom:20px\">\n<div class=\"wp-block-column is-layout-flow wp-block-column-is-layout-flow\" style=\"border-bottom-color:var(--wp--preset--color--primary-1);border-bottom-width:13px;padding-top:0px;padding-right:5px;padding-bottom:20px;padding-left:5px;flex-basis:50%\">\n<div class=\"wp-block-group is-vertical is-content-justification-stretch is-layout-flex wp-container-core-group-is-layout-e6edd9f6 wp-block-group-is-layout-flex\">\n<figure class=\"wp-block-image size-full is-resized\"><img decoding=\"async\" src=\"https:\/\/www.radancy.com\/wp-content\/uploads\/2025\/08\/Immersive-Candidate-Experiences_monoline.svg\" alt=\"\" class=\"wp-image-21756\" style=\"width:50px\"\/><\/figure>\n\n\n\n<div style=\"height:0px\" aria-hidden=\"true\" class=\"wp-block-spacer wp-container-content-4daaf377\"><\/div>\n\n\n\n<h3 class=\"wp-block-heading has-intro-copy-font-size\" id=\"h-ein-vollstandig-immersives-kandidat-innenerlebnis\"><strong>Ein vollst\u00e4ndig immersives Kandidat*innenerlebnis<\/strong><\/h3>\n\n\n\n<p class=\"has-copy-font-size\">Advanced Job Descriptions machen Stellenbeschreibungen mit datenbasiertem, visuellem Storytelling lebendiger und \u00fcbersichtlicher. Statt Jobsuchende mit langen Texten zu verschrecken, setzen sie auf zug\u00e4ngliche Strukturen und visuelle Elemente. So werden die wichtigsten Inhalte verst\u00e4ndlich vermittelt und Kandidat*innen erhalten schnell einen guten Eindruck davon, worum es in den Jobs geht.<\/p>\n<\/div>\n<\/div>\n\n\n\n<div class=\"wp-block-column has-neutral-1-background-color has-background is-layout-flow wp-block-column-is-layout-flow\" style=\"border-bottom-color:var(--wp--preset--color--secondary-1);border-bottom-width:13px;padding-top:0px;padding-right:5px;padding-bottom:20px;padding-left:5px;flex-basis:50%\">\n<div class=\"wp-block-group is-vertical is-content-justification-stretch is-layout-flex wp-container-core-group-is-layout-e6edd9f6 wp-block-group-is-layout-flex\">\n<figure class=\"wp-block-image size-full is-resized\"><img decoding=\"async\" src=\"https:\/\/www.radancy.com\/wp-content\/uploads\/2025\/08\/Compelling-JobPosting_monoline.svg\" alt=\"\" class=\"wp-image-21762\" style=\"width:50px\"\/><\/figure>\n\n\n\n<div style=\"height:0px\" aria-hidden=\"true\" class=\"wp-block-spacer wp-container-content-4daaf377\"><\/div>\n\n\n\n<h3 class=\"wp-block-heading has-intro-copy-font-size\" id=\"h-uberzeugende-stellenanzeigen-die-zur-bewerbung-fuhren\"><strong>\u00dcberzeugende Stellenanzeigen, die zur Bewerbung f\u00fchren<\/strong><\/h3>\n\n\n\n<p class=\"has-copy-font-size\">Durch visuelle Elemente und relevanten Content verstehen Jobsuchende schneller, worum es in der Rolle geht und ob sie dazu passen. Das sorgt f\u00fcr mehr Interesse, mehr Bewerbungen und eine bessere Qualit\u00e4t der Kandidat*innen.<\/p>\n<\/div>\n<\/div>\n<\/div>\n\n\n\n<div class=\"wp-block-columns is-layout-flex wp-container-core-columns-is-layout-462f4109 wp-block-columns-is-layout-flex\" style=\"margin-top:0px;margin-bottom:0px;padding-top:20px;padding-bottom:20px\">\n<div class=\"wp-block-column is-layout-flow wp-block-column-is-layout-flow\" style=\"border-bottom-color:var(--wp--preset--color--primary-3);border-bottom-width:13px;padding-top:0px;padding-right:5px;padding-bottom:20px;padding-left:5px;flex-basis:50%\">\n<div class=\"wp-block-group is-vertical is-content-justification-stretch is-layout-flex wp-container-core-group-is-layout-e6edd9f6 wp-block-group-is-layout-flex\">\n<figure class=\"wp-block-image size-full is-resized\"><img decoding=\"async\" src=\"https:\/\/www.radancy.com\/wp-content\/uploads\/2025\/08\/Seamless-Integrations_monoline.svg\" alt=\"\" class=\"wp-image-21768\" style=\"width:50px\"\/><\/figure>\n\n\n\n<div style=\"height:0px\" aria-hidden=\"true\" class=\"wp-block-spacer wp-container-content-4daaf377\"><\/div>\n\n\n\n<h3 class=\"wp-block-heading has-intro-copy-font-size\" id=\"h-nahtlose-integration-in-die-karriereseite\"><strong>Nahtlose Integration in die Karriereseite<\/strong><\/h3>\n\n\n\n<p class=\"has-copy-font-size\">Die Advanced Job Descriptions sind vollst\u00e4ndig in die Karriereseiten von Radancy integriert und sorgen so f\u00fcr ein einheitliches <a href=\"https:\/\/www.radancy.com\/de\/employer-value-proposition-evp-und-markenentwicklung\/\">Employer-Brand-Erlebnis.<\/a> Egal ob am Desktop oder auf dem Smartphone: Bewerber*innen finden sich schnell zurecht und erleben einen zug\u00e4nglichen Bewerbungsprozess.<\/p>\n<\/div>\n<\/div>\n\n\n\n<div class=\"wp-block-column has-neutral-1-background-color has-background is-layout-flow wp-block-column-is-layout-flow\" style=\"border-bottom-color:var(--wp--preset--color--secondary-2);border-bottom-width:13px;padding-top:0px;padding-right:5px;padding-bottom:20px;padding-left:5px;flex-basis:50%\">\n<div class=\"wp-block-group is-vertical is-content-justification-stretch is-layout-flex wp-container-core-group-is-layout-e6edd9f6 wp-block-group-is-layout-flex\">\n<figure class=\"wp-block-image size-full is-resized\"><img decoding=\"async\" src=\"https:\/\/www.radancy.com\/wp-content\/uploads\/2025\/08\/ReachMoreTalent_monoline.svg\" alt=\"\" class=\"wp-image-21774\" style=\"width:50px\"\/><\/figure>\n\n\n\n<div style=\"height:0px\" aria-hidden=\"true\" class=\"wp-block-spacer wp-container-content-4daaf377\"><\/div>\n\n\n\n<h3 class=\"wp-block-heading has-intro-copy-font-size\" id=\"h-abgestimmt-auf-ihre-einstellungsstrategie\"><strong>Abgestimmt auf Ihre Einstellungsstrategie<\/strong><\/h3>\n\n\n\n<p class=\"has-copy-font-size\">Mit gezielt aufbereitetem Content in Ihren Advanced Job Descriptions richten Sie Stellenanzeigen klar an Ihren <a href=\"https:\/\/www.radancy.com\/de\/insights-and-analytics\/\" type=\"link\" id=\"https:\/\/www.radancy.com\/de\/insights-and-analytics\/\">Unternehmenszielen<\/a> und Ihrer Recruiting-Strategie aus. Ob Employer Branding oder Recruitment-Marketing-Kampagnen: Die Advanced Job Descriptions von Radancy helfen dabei, nicht nur zu informieren, sondern gezielt die passenden Talente anzusprechen.<\/p>\n<\/div>\n<\/div>\n<\/div>\n<\/div>\n\n\n\n<section class=\"wp-block-group alignfull maximize-reach-section section--ultra-light-blue section has-primary-contrast-light-background-color has-background has-global-padding is-layout-constrained wp-block-group-is-layout-constrained\" style=\"margin-top:50px;margin-bottom:0px;padding-top:50px;padding-bottom:50px\">\n<div class=\"wp-block-group is-vertical is-content-justification-left is-layout-flex wp-container-core-group-is-layout-dd225191 wp-block-group-is-layout-flex\">\n<h2 class=\"wp-block-heading has-text-align-left headline--intro has-primary-1-color has-text-color has-link-color has-headline-medium-font-size wp-elements-409a4d57155932ece9626177c7220e9a\" id=\"h-werten-sie-ihre-jobangebote-mit-den-advanced-job-descriptions-von-radancy-auf\">Werten Sie Ihre Jobangebote mit den Advanced Job Descriptions von Radancy auf<\/h2>\n\n\n\n<p class=\"has-text-align-left has-copy-font-size\">Advanced Job Descriptions machen Ihre Jobangebote visuell attraktiver und helfen Ihnen dabei, die richtigen Bewerber*innen anzusprechen. Zusammen mit der <a href=\"https:\/\/www.radancy.com\/de\/ubersicht-uber-die-plattform\/\">Radancy Talent Acquisition Cloud<\/a> schaffen Sie so ein durchg\u00e4ngiges Bewerbungserlebnis und nutzen Daten sinnvoll, um langfristig die passenden Teams aufzubauen.<\/p>\n<\/div>\n<\/section>\n\n\n\n<div class=\"wp-block-group alignfull cta has-neutral-1-color has-primary-2-background-color has-text-color has-background has-global-padding is-layout-constrained wp-container-core-group-is-layout-86ad42c5 wp-block-group-is-layout-constrained\" style=\"margin-top:0px;margin-bottom:0px;padding-top:var(--wp--preset--spacing--30);padding-right:var(--wp--preset--spacing--30);padding-bottom:var(--wp--preset--spacing--30);padding-left:var(--wp--preset--spacing--30)\">\n<h3 class=\"wp-block-heading has-text-align-center has-copy-font-family\" id=\"h-melden-sie-sich-bei-uns-wenn-sie-mit-einer-einzigen-ki-plattform-ihre-einstellungsergebnisse-und-ihren-roi-maximieren-mochten\">Melden Sie sich bei uns, wenn Sie mit einer einzigen KI-Plattform Ihre Einstellungsergebnisse und Ihren ROI maximieren m\u00f6chten.<\/h3>\n\n\n\n<div class=\"wp-block-buttons is-content-justification-center is-layout-flex wp-container-core-buttons-is-layout-a89b3969 wp-block-buttons-is-layout-flex\">\n<div class=\"wp-block-button\"><a class=\"wp-block-button__link wp-element-button\" href=\"https:\/\/www.radancy.com\/de\/kontaktieren-sie-uns\/\">DEMO BUCHEN<\/a><\/div>\n<\/div>\n<\/div>\n","protected":false},"excerpt":{"rendered":"<p>Advanced Job Description Visuelle Stellenbeschreibungen f\u00fcr mehr Interaktionen und Bewerbungen Stellenbeschreibungen neu gestalten mit den Advanced Job Descriptions von Radancy Die Advanced Job Descriptions von Radancy machen aus Stellenbeschreibungen visuelle <a class=\"more-link\" href=\"https:\/\/www.radancy.com\/de\/advanced-job-description\/\">Read more&#8230;<\/a><\/p>\n","protected":false},"author":1,"featured_media":0,"parent":0,"menu_order":0,"comment_status":"closed","ping_status":"closed","template":"","meta":{"_acf_changed":false,"_EventAllDay":false,"_EventTimezone":"","_EventStartDate":"","_EventEndDate":"","_EventStartDateUTC":"","_EventEndDateUTC":"","_EventShowMap":false,"_EventShowMapLink":false,"_EventURL":"","_EventCost":"","_EventCostDescription":"","_EventCurrencySymbol":"","_EventCurrencyCode":"","_EventCurrencyPosition":"","_EventDateTimeSeparator":"","_EventTimeRangeSeparator":"","_EventOrganizerID":[],"_EventVenueID":[],"_OrganizerEmail":"","_OrganizerPhone":"","_OrganizerWebsite":"","_VenueAddress":"","_VenueCity":"","_VenueCountry":"","_VenueProvince":"","_VenueState":"","_VenueZip":"","_VenuePhone":"","_VenueURL":"","_VenueStateProvince":"","_VenueLat":"","_VenueLng":"","_VenueShowMap":false,"_VenueShowMapLink":false,"_tribe_blocks_recurrence_rules":"","_tribe_blocks_recurrence_description":"","_tribe_blocks_recurrence_exclusions":"","footnotes":""},"class_list":["post-12054","page","type-page","status-publish","hentry"],"acf":[],"yoast_head":"<!-- This site is optimized with the Yoast SEO Premium plugin v26.2 (Yoast SEO v27.4) - https:\/\/yoast.com\/product\/yoast-seo-premium-wordpress\/ -->\n<title>Visuelle Stellenbeschreibungen | Jobangebote ansprechender gestalten | Radancy<\/title>\n<meta name=\"description\" content=\"Erstellen Sie visuelle Stellenbeschreibungen mit der KI-Plattform von Radancy. So sprechen Sie Talente mit personalisiertem Content an. Jetzt Demo buchen.\" \/>\n<meta name=\"robots\" content=\"index, follow, max-snippet:-1, max-image-preview:large, max-video-preview:-1\" \/>\n<link rel=\"canonical\" href=\"https:\/\/www.radancy.com\/de\/advanced-job-description\/\" \/>\n<meta property=\"og:locale\" content=\"de_DE\" \/>\n<meta property=\"og:type\" content=\"article\" \/>\n<meta property=\"og:title\" content=\"Visuelle Stellenbeschreibungen | Jobangebote ansprechender gestalten | Radancy\" \/>\n<meta property=\"og:description\" content=\"Erstellen Sie visuelle Stellenbeschreibungen mit der KI-Plattform von Radancy. So sprechen Sie Talente mit personalisiertem Content an. Jetzt Demo buchen.\" \/>\n<meta property=\"og:url\" content=\"https:\/\/www.radancy.com\/de\/advanced-job-description\/\" \/>\n<meta property=\"og:site_name\" content=\"Radancy\" \/>\n<meta property=\"article:publisher\" content=\"https:\/\/www.facebook.com\/radancy\" \/>\n<meta property=\"article:modified_time\" content=\"2026-03-31T06:28:12+00:00\" \/>\n<meta property=\"og:image\" content=\"https:\/\/tbcdn.talentbrew.com\/company\/34730\/gst_v1\/img\/meta\/Radancy-JobShare-img-FINAL-DE.jpg\" \/>\n<meta name=\"twitter:card\" content=\"summary_large_image\" \/>\n<meta name=\"twitter:title\" content=\"Advanced Job Descriptions f\u00fcr Job-Ads auf Karrierewebsites\" \/>\n<meta name=\"twitter:site\" content=\"@radancyco\" \/>\n<meta name=\"twitter:label1\" content=\"Gesch\u00e4tzte Lesezeit\" \/>\n\t<meta name=\"twitter:data1\" content=\"3 Minuten\" \/>\n<script type=\"application\/ld+json\" class=\"yoast-schema-graph\">{\"@context\":\"https:\\\/\\\/schema.org\",\"@graph\":[{\"@type\":\"WebPage\",\"@id\":\"https:\\\/\\\/www.radancy.com\\\/de\\\/advanced-job-description\\\/\",\"url\":\"https:\\\/\\\/www.radancy.com\\\/de\\\/advanced-job-description\\\/\",\"name\":\"Visuelle Stellenbeschreibungen | Jobangebote ansprechender gestalten | Radancy\",\"isPartOf\":{\"@id\":\"https:\\\/\\\/www.radancy.com\\\/de\\\/#website\"},\"primaryImageOfPage\":{\"@id\":\"https:\\\/\\\/www.radancy.com\\\/de\\\/advanced-job-description\\\/#primaryimage\"},\"image\":{\"@id\":\"https:\\\/\\\/www.radancy.com\\\/de\\\/advanced-job-description\\\/#primaryimage\"},\"thumbnailUrl\":\"https:\\\/\\\/www.radancy.com\\\/wp-content\\\/uploads\\\/2026\\\/01\\\/Corp_AJD-header-image-10-20-25.webp\",\"datePublished\":\"2023-11-17T03:01:43+00:00\",\"dateModified\":\"2026-03-31T06:28:12+00:00\",\"description\":\"Erstellen Sie visuelle Stellenbeschreibungen mit der KI-Plattform von Radancy. So sprechen Sie Talente mit personalisiertem Content an. Jetzt Demo buchen.\",\"breadcrumb\":{\"@id\":\"https:\\\/\\\/www.radancy.com\\\/de\\\/advanced-job-description\\\/#breadcrumb\"},\"inLanguage\":\"de-DE\",\"potentialAction\":[{\"@type\":\"ReadAction\",\"target\":[\"https:\\\/\\\/www.radancy.com\\\/de\\\/advanced-job-description\\\/\"]}]},{\"@type\":\"ImageObject\",\"inLanguage\":\"de-DE\",\"@id\":\"https:\\\/\\\/www.radancy.com\\\/de\\\/advanced-job-description\\\/#primaryimage\",\"url\":\"https:\\\/\\\/www.radancy.com\\\/wp-content\\\/uploads\\\/2026\\\/01\\\/Corp_AJD-header-image-10-20-25.webp\",\"contentUrl\":\"https:\\\/\\\/www.radancy.com\\\/wp-content\\\/uploads\\\/2026\\\/01\\\/Corp_AJD-header-image-10-20-25.webp\"},{\"@type\":\"BreadcrumbList\",\"@id\":\"https:\\\/\\\/www.radancy.com\\\/de\\\/advanced-job-description\\\/#breadcrumb\",\"itemListElement\":[{\"@type\":\"ListItem\",\"position\":1,\"name\":\"Home\",\"item\":\"https:\\\/\\\/www.radancy.com\\\/de\\\/\"},{\"@type\":\"ListItem\",\"position\":2,\"name\":\"Advanced Job Descriptions f\u00fcr Job-Ads auf Karrierewebsites\"}]},{\"@type\":\"WebSite\",\"@id\":\"https:\\\/\\\/www.radancy.com\\\/de\\\/#website\",\"url\":\"https:\\\/\\\/www.radancy.com\\\/de\\\/\",\"name\":\"Radancy\",\"description\":\"Create Connections That Count.\",\"publisher\":{\"@id\":\"https:\\\/\\\/www.radancy.com\\\/de\\\/#organization\"},\"potentialAction\":[{\"@type\":\"SearchAction\",\"target\":{\"@type\":\"EntryPoint\",\"urlTemplate\":\"https:\\\/\\\/www.radancy.com\\\/de\\\/?s={search_term_string}\"},\"query-input\":{\"@type\":\"PropertyValueSpecification\",\"valueRequired\":true,\"valueName\":\"search_term_string\"}}],\"inLanguage\":\"de-DE\"},{\"@type\":\"Organization\",\"@id\":\"https:\\\/\\\/www.radancy.com\\\/de\\\/#organization\",\"name\":\"Radancy\",\"url\":\"https:\\\/\\\/www.radancy.com\\\/de\\\/\",\"logo\":{\"@type\":\"ImageObject\",\"inLanguage\":\"de-DE\",\"@id\":\"https:\\\/\\\/www.radancy.com\\\/de\\\/#\\\/schema\\\/logo\\\/image\\\/\",\"url\":\"https:\\\/\\\/www.radancy.com\\\/wp-content\\\/uploads\\\/2024\\\/06\\\/Radancy_Icon_RGB.svg\",\"contentUrl\":\"https:\\\/\\\/www.radancy.com\\\/wp-content\\\/uploads\\\/2024\\\/06\\\/Radancy_Icon_RGB.svg\",\"width\":1,\"height\":1,\"caption\":\"Radancy\"},\"image\":{\"@id\":\"https:\\\/\\\/www.radancy.com\\\/de\\\/#\\\/schema\\\/logo\\\/image\\\/\"},\"sameAs\":[\"https:\\\/\\\/www.facebook.com\\\/radancy\",\"https:\\\/\\\/x.com\\\/radancyco\",\"https:\\\/\\\/www.linkedin.com\\\/company\\\/radancy\\\/\",\"https:\\\/\\\/www.youtube.com\\\/Radancy\\\/videos\",\"https:\\\/\\\/www.instagram.com\\\/radancyco\"]}]}<\/script>\n<!-- \/ Yoast SEO Premium plugin. -->","yoast_head_json":{"title":"Visuelle Stellenbeschreibungen | Jobangebote ansprechender gestalten | Radancy","description":"Erstellen Sie visuelle Stellenbeschreibungen mit der KI-Plattform von Radancy. So sprechen Sie Talente mit personalisiertem Content an. Jetzt Demo buchen.","robots":{"index":"index","follow":"follow","max-snippet":"max-snippet:-1","max-image-preview":"max-image-preview:large","max-video-preview":"max-video-preview:-1"},"canonical":"https:\/\/www.radancy.com\/de\/advanced-job-description\/","og_locale":"de_DE","og_type":"article","og_title":"Visuelle Stellenbeschreibungen | Jobangebote ansprechender gestalten | Radancy","og_description":"Erstellen Sie visuelle Stellenbeschreibungen mit der KI-Plattform von Radancy. So sprechen Sie Talente mit personalisiertem Content an. Jetzt Demo buchen.","og_url":"https:\/\/www.radancy.com\/de\/advanced-job-description\/","og_site_name":"Radancy","article_publisher":"https:\/\/www.facebook.com\/radancy","article_modified_time":"2026-03-31T06:28:12+00:00","og_image":[{"url":"https:\/\/tbcdn.talentbrew.com\/company\/34730\/gst_v1\/img\/meta\/Radancy-JobShare-img-FINAL-DE.jpg","type":"","width":"","height":""}],"twitter_card":"summary_large_image","twitter_title":"Advanced Job Descriptions f\u00fcr Job-Ads auf Karrierewebsites","twitter_site":"@radancyco","twitter_misc":{"Gesch\u00e4tzte Lesezeit":"3 Minuten"},"schema":{"@context":"https:\/\/schema.org","@graph":[{"@type":"WebPage","@id":"https:\/\/www.radancy.com\/de\/advanced-job-description\/","url":"https:\/\/www.radancy.com\/de\/advanced-job-description\/","name":"Visuelle Stellenbeschreibungen | Jobangebote ansprechender gestalten | Radancy","isPartOf":{"@id":"https:\/\/www.radancy.com\/de\/#website"},"primaryImageOfPage":{"@id":"https:\/\/www.radancy.com\/de\/advanced-job-description\/#primaryimage"},"image":{"@id":"https:\/\/www.radancy.com\/de\/advanced-job-description\/#primaryimage"},"thumbnailUrl":"https:\/\/www.radancy.com\/wp-content\/uploads\/2026\/01\/Corp_AJD-header-image-10-20-25.webp","datePublished":"2023-11-17T03:01:43+00:00","dateModified":"2026-03-31T06:28:12+00:00","description":"Erstellen Sie visuelle Stellenbeschreibungen mit der KI-Plattform von Radancy. So sprechen Sie Talente mit personalisiertem Content an. Jetzt Demo buchen.","breadcrumb":{"@id":"https:\/\/www.radancy.com\/de\/advanced-job-description\/#breadcrumb"},"inLanguage":"de-DE","potentialAction":[{"@type":"ReadAction","target":["https:\/\/www.radancy.com\/de\/advanced-job-description\/"]}]},{"@type":"ImageObject","inLanguage":"de-DE","@id":"https:\/\/www.radancy.com\/de\/advanced-job-description\/#primaryimage","url":"https:\/\/www.radancy.com\/wp-content\/uploads\/2026\/01\/Corp_AJD-header-image-10-20-25.webp","contentUrl":"https:\/\/www.radancy.com\/wp-content\/uploads\/2026\/01\/Corp_AJD-header-image-10-20-25.webp"},{"@type":"BreadcrumbList","@id":"https:\/\/www.radancy.com\/de\/advanced-job-description\/#breadcrumb","itemListElement":[{"@type":"ListItem","position":1,"name":"Home","item":"https:\/\/www.radancy.com\/de\/"},{"@type":"ListItem","position":2,"name":"Advanced Job Descriptions f\u00fcr Job-Ads auf Karrierewebsites"}]},{"@type":"WebSite","@id":"https:\/\/www.radancy.com\/de\/#website","url":"https:\/\/www.radancy.com\/de\/","name":"Radancy","description":"Create Connections That Count.","publisher":{"@id":"https:\/\/www.radancy.com\/de\/#organization"},"potentialAction":[{"@type":"SearchAction","target":{"@type":"EntryPoint","urlTemplate":"https:\/\/www.radancy.com\/de\/?s={search_term_string}"},"query-input":{"@type":"PropertyValueSpecification","valueRequired":true,"valueName":"search_term_string"}}],"inLanguage":"de-DE"},{"@type":"Organization","@id":"https:\/\/www.radancy.com\/de\/#organization","name":"Radancy","url":"https:\/\/www.radancy.com\/de\/","logo":{"@type":"ImageObject","inLanguage":"de-DE","@id":"https:\/\/www.radancy.com\/de\/#\/schema\/logo\/image\/","url":"https:\/\/www.radancy.com\/wp-content\/uploads\/2024\/06\/Radancy_Icon_RGB.svg","contentUrl":"https:\/\/www.radancy.com\/wp-content\/uploads\/2024\/06\/Radancy_Icon_RGB.svg","width":1,"height":1,"caption":"Radancy"},"image":{"@id":"https:\/\/www.radancy.com\/de\/#\/schema\/logo\/image\/"},"sameAs":["https:\/\/www.facebook.com\/radancy","https:\/\/x.com\/radancyco","https:\/\/www.linkedin.com\/company\/radancy\/","https:\/\/www.youtube.com\/Radancy\/videos","https:\/\/www.instagram.com\/radancyco"]}]}},"_links":{"self":[{"href":"https:\/\/www.radancy.com\/de\/wp-json\/wp\/v2\/pages\/12054","targetHints":{"allow":["GET"]}}],"collection":[{"href":"https:\/\/www.radancy.com\/de\/wp-json\/wp\/v2\/pages"}],"about":[{"href":"https:\/\/www.radancy.com\/de\/wp-json\/wp\/v2\/types\/page"}],"author":[{"embeddable":true,"href":"https:\/\/www.radancy.com\/de\/wp-json\/wp\/v2\/users\/1"}],"replies":[{"embeddable":true,"href":"https:\/\/www.radancy.com\/de\/wp-json\/wp\/v2\/comments?post=12054"}],"version-history":[{"count":0,"href":"https:\/\/www.radancy.com\/de\/wp-json\/wp\/v2\/pages\/12054\/revisions"}],"wp:attachment":[{"href":"https:\/\/www.radancy.com\/de\/wp-json\/wp\/v2\/media?parent=12054"}],"curies":[{"name":"wp","href":"https:\/\/api.w.org\/{rel}","templated":true}]}}