{"id":12052,"date":"2023-11-17T03:01:41","date_gmt":"2023-11-17T03:01:41","guid":{"rendered":"https:\/\/s45175.p1717.sites.pressdns.com\/accessibility\/"},"modified":"2025-06-18T15:46:21","modified_gmt":"2025-06-18T15:46:21","slug":"barrierefreiheit","status":"publish","type":"page","link":"https:\/\/www.radancy.com\/de\/barrierefreiheit\/","title":{"rendered":"Barrierefreiheit"},"content":{"rendered":"\n<div class=\"wp-block-group alignfull title-bar has-neutral-1-color has-primary-3-background-color has-text-color has-background is-vertical is-content-justification-center is-layout-flex wp-container-core-group-is-layout-95c46550 wp-block-group-is-layout-flex\" style=\"margin-top:0;margin-bottom:60px;padding-top:35px;padding-right:35px;padding-bottom:35px;padding-left:35px\">\n<h1 class=\"wp-block-heading has-accent-font-family has-headline-smallest-font-size\" id=\"h-barrierefreiheit\" style=\"margin-top:0;margin-bottom:0;font-style:normal;font-weight:400\">Barrierefreiheit<\/h1>\n<\/div>\n\n\n\n<section class=\"wp-block-group section is-vertical is-content-justification-stretch is-layout-flex wp-container-core-group-is-layout-353c4f5a wp-block-group-is-layout-flex\">\n<div class=\"wp-block-group section is-vertical is-content-justification-stretch is-layout-flex wp-container-core-group-is-layout-353c4f5a wp-block-group-is-layout-flex\">\n<p>Wir m\u00f6chten, dass sich alle Besucher*innen von Radancy.com willkommen f\u00fchlen und die Erfahrung als bereichernd empfinden.<\/p>\n\n\n\n<div style=\"height:0px\" aria-hidden=\"true\" class=\"wp-block-spacer wp-container-content-9760934e\"><\/div>\n<\/div>\n\n\n\n<div class=\"wp-block-group section is-vertical is-content-justification-stretch is-layout-flex wp-container-core-group-is-layout-353c4f5a wp-block-group-is-layout-flex\">\n<h2 class=\"wp-block-heading headline has-copy-font-family has-headline-smallest-font-size\" id=\"h-was-machen-wir\" style=\"font-style:normal;font-weight:600\">Was machen wir?<\/h2>\n\n\n\n<p>Um Radancy.com zu einem positiven und inklusiven Ort f\u00fcr alle zu machen, verwenden wir die <a href=\"https:\/\/www.w3.org\/TR\/WCAG20\/\">Web Content Accessibility Guidelines (WCAG) 2.0<\/a>. Diese Richtlinien erkl\u00e4ren, wie man Webinhalte f\u00fcr Menschen mit Behinderungen zug\u00e4nglicher und f\u00fcr alle nutzungsfreundlich gestalten kann.<\/p>\n\n\n\n<p>Die Richtlinien haben drei Stufen der Barrierefreiheit (A, AA und AAA). Unser Ziel f\u00fcr Radancy.com ist die Stufe AA. Bitte beachte Sie, dass unsere Produkte oder die Websites unserer Kundinnen und Kunden nicht dieser Erkl\u00e4rung unterliegen. Weitere Informationen \u00fcber die Barrierefreiheit unserer Produkte und Angebote finden Sie auf unserer Support-Seite.<\/p>\n<\/div>\n\n\n\n<div style=\"height:0px\" aria-hidden=\"true\" class=\"wp-block-spacer wp-container-content-9760934e\"><\/div>\n\n\n\n<div class=\"wp-block-group section section--extra-spacing is-vertical is-content-justification-stretch is-layout-flex wp-container-core-group-is-layout-353c4f5a wp-block-group-is-layout-flex\">\n<h2 class=\"wp-block-heading headline has-copy-font-family has-headline-smallest-font-size\" id=\"h-teilen-sie-ihre-meinung-mit-uns\" style=\"font-style:normal;font-weight:600\">Teilen Sie Ihre Meinung mit uns<\/h2>\n\n\n\n<p>Keine Website ist jemals vollst\u00e4ndig, und wir arbeiten stetig daran, sie zu verbessern und so viele Kriterien wie m\u00f6glich von Level AA zu erf\u00fcllen. Wenn Ihnen die Nutzung der Radancy-Website gefallen hat oder wenn Sie Probleme mit einem Teil der Website hatten, wenden Sie sich bitte an <a href=\"mailto:michael.spellacy@radancy.com\" data-custom-event=\"true\" data-custom-category=\"custom event\" data-custom-label=\"michael.spellacy@radancy.com\">Michael Spellacy<\/a>.<\/p>\n<\/div>\n<\/section>\n\n\n\n<div class=\"wp-block-group alignfull cta has-neutral-1-color has-primary-2-background-color has-text-color has-background has-global-padding is-layout-constrained wp-container-core-group-is-layout-86ad42c5 wp-block-group-is-layout-constrained\" style=\"margin-top:0px;margin-bottom:0px;padding-top:var(--wp--preset--spacing--30);padding-right:var(--wp--preset--spacing--30);padding-bottom:var(--wp--preset--spacing--30);padding-left:var(--wp--preset--spacing--30)\">\n<h3 class=\"wp-block-heading has-text-align-center has-copy-font-family\" id=\"h-melden-sie-sich-bei-uns-wenn-sie-mit-einer-einzigen-ki-plattform-ihre-einstellungsergebnisse-und-ihren-roi-maximieren-mochten\">Melden Sie sich bei uns, wenn Sie mit einer einzigen KI-Plattform Ihre Einstellungsergebnisse und Ihren ROI maximieren m\u00f6chten.<\/h3>\n\n\n\n<div class=\"wp-block-buttons is-content-justification-center is-layout-flex wp-container-core-buttons-is-layout-a89b3969 wp-block-buttons-is-layout-flex\">\n<div class=\"wp-block-button\"><a class=\"wp-block-button__link wp-element-button\" href=\"https:\/\/www.radancy.com\/de\/kontaktieren-sie-uns\/\">DEMO BUCHEN<\/a><\/div>\n<\/div>\n<\/div>\n","protected":false},"excerpt":{"rendered":"<p>Barrierefreiheit Wir m\u00f6chten, dass sich alle Besucher*innen von Radancy.com willkommen f\u00fchlen und die Erfahrung als bereichernd empfinden. Was machen wir? Um Radancy.com zu einem positiven und inklusiven Ort f\u00fcr alle <a class=\"more-link\" href=\"https:\/\/www.radancy.com\/de\/barrierefreiheit\/\">Read more&#8230;<\/a><\/p>\n","protected":false},"author":1,"featured_media":0,"parent":0,"menu_order":0,"comment_status":"closed","ping_status":"closed","template":"","meta":{"_acf_changed":false,"_EventAllDay":false,"_EventTimezone":"","_EventStartDate":"","_EventEndDate":"","_EventStartDateUTC":"","_EventEndDateUTC":"","_EventShowMap":false,"_EventShowMapLink":false,"_EventURL":"","_EventCost":"","_EventCostDescription":"","_EventCurrencySymbol":"","_EventCurrencyCode":"","_EventCurrencyPosition":"","_EventDateTimeSeparator":"","_EventTimeRangeSeparator":"","_EventOrganizerID":[],"_EventVenueID":[],"_OrganizerEmail":"","_OrganizerPhone":"","_OrganizerWebsite":"","_VenueAddress":"","_VenueCity":"","_VenueCountry":"","_VenueProvince":"","_VenueState":"","_VenueZip":"","_VenuePhone":"","_VenueURL":"","_VenueStateProvince":"","_VenueLat":"","_VenueLng":"","_VenueShowMap":false,"_VenueShowMapLink":false,"_tribe_blocks_recurrence_rules":"","_tribe_blocks_recurrence_description":"","_tribe_blocks_recurrence_exclusions":"","footnotes":""},"class_list":["post-12052","page","type-page","status-publish","hentry"],"acf":[],"yoast_head":"<!-- This site is optimized with the Yoast SEO Premium plugin v26.2 (Yoast SEO v27.5) - https:\/\/yoast.com\/product\/yoast-seo-premium-wordpress\/ -->\n<title>Barrierefreiheit | Radancy<\/title>\n<meta name=\"robots\" content=\"index, follow, max-snippet:-1, max-image-preview:large, max-video-preview:-1\" \/>\n<link rel=\"canonical\" href=\"https:\/\/www.radancy.com\/de\/barrierefreiheit\/\" \/>\n<meta property=\"og:locale\" content=\"de_DE\" \/>\n<meta property=\"og:type\" content=\"article\" \/>\n<meta property=\"og:title\" content=\"Barrierefreiheit | Radancy\" \/>\n<meta property=\"og:description\" content=\"Barrierefreiheit Wir m\u00f6chten, dass sich alle Besucher*innen von Radancy.com willkommen f\u00fchlen und die Erfahrung als bereichernd empfinden. Was machen wir? Um Radancy.com zu einem positiven und inklusiven Ort f\u00fcr alle Read more...\" \/>\n<meta property=\"og:url\" content=\"https:\/\/www.radancy.com\/de\/barrierefreiheit\/\" \/>\n<meta property=\"og:site_name\" content=\"Radancy\" \/>\n<meta property=\"article:publisher\" content=\"https:\/\/www.facebook.com\/radancy\" \/>\n<meta property=\"article:modified_time\" content=\"2025-06-18T15:46:21+00:00\" \/>\n<meta property=\"og:image\" content=\"https:\/\/tbcdn.talentbrew.com\/company\/34730\/gst_v1\/img\/meta\/Radancy-JobShare-img-FINAL-DE.jpg\" \/>\n<meta name=\"twitter:card\" content=\"summary_large_image\" \/>\n<meta name=\"twitter:title\" content=\"Barrierefreiheit\" \/>\n<meta name=\"twitter:site\" content=\"@radancyco\" \/>\n<meta name=\"twitter:label1\" content=\"Gesch\u00e4tzte Lesezeit\" \/>\n\t<meta name=\"twitter:data1\" content=\"1 Minute\" \/>\n<script type=\"application\/ld+json\" class=\"yoast-schema-graph\">{\"@context\":\"https:\\\/\\\/schema.org\",\"@graph\":[{\"@type\":\"WebPage\",\"@id\":\"https:\\\/\\\/www.radancy.com\\\/de\\\/barrierefreiheit\\\/\",\"url\":\"https:\\\/\\\/www.radancy.com\\\/de\\\/barrierefreiheit\\\/\",\"name\":\"Barrierefreiheit | Radancy\",\"isPartOf\":{\"@id\":\"https:\\\/\\\/www.radancy.com\\\/de\\\/#website\"},\"datePublished\":\"2023-11-17T03:01:41+00:00\",\"dateModified\":\"2025-06-18T15:46:21+00:00\",\"breadcrumb\":{\"@id\":\"https:\\\/\\\/www.radancy.com\\\/de\\\/barrierefreiheit\\\/#breadcrumb\"},\"inLanguage\":\"de-DE\",\"potentialAction\":[{\"@type\":\"ReadAction\",\"target\":[\"https:\\\/\\\/www.radancy.com\\\/de\\\/barrierefreiheit\\\/\"]}]},{\"@type\":\"BreadcrumbList\",\"@id\":\"https:\\\/\\\/www.radancy.com\\\/de\\\/barrierefreiheit\\\/#breadcrumb\",\"itemListElement\":[{\"@type\":\"ListItem\",\"position\":1,\"name\":\"Home\",\"item\":\"https:\\\/\\\/www.radancy.com\\\/de\\\/\"},{\"@type\":\"ListItem\",\"position\":2,\"name\":\"Barrierefreiheit\"}]},{\"@type\":\"WebSite\",\"@id\":\"https:\\\/\\\/www.radancy.com\\\/de\\\/#website\",\"url\":\"https:\\\/\\\/www.radancy.com\\\/de\\\/\",\"name\":\"Radancy\",\"description\":\"Create Connections That Count.\",\"publisher\":{\"@id\":\"https:\\\/\\\/www.radancy.com\\\/de\\\/#organization\"},\"potentialAction\":[{\"@type\":\"SearchAction\",\"target\":{\"@type\":\"EntryPoint\",\"urlTemplate\":\"https:\\\/\\\/www.radancy.com\\\/de\\\/?s={search_term_string}\"},\"query-input\":{\"@type\":\"PropertyValueSpecification\",\"valueRequired\":true,\"valueName\":\"search_term_string\"}}],\"inLanguage\":\"de-DE\"},{\"@type\":\"Organization\",\"@id\":\"https:\\\/\\\/www.radancy.com\\\/de\\\/#organization\",\"name\":\"Radancy\",\"url\":\"https:\\\/\\\/www.radancy.com\\\/de\\\/\",\"logo\":{\"@type\":\"ImageObject\",\"inLanguage\":\"de-DE\",\"@id\":\"https:\\\/\\\/www.radancy.com\\\/de\\\/#\\\/schema\\\/logo\\\/image\\\/\",\"url\":\"https:\\\/\\\/www.radancy.com\\\/wp-content\\\/uploads\\\/2024\\\/06\\\/Radancy_Icon_RGB.svg\",\"contentUrl\":\"https:\\\/\\\/www.radancy.com\\\/wp-content\\\/uploads\\\/2024\\\/06\\\/Radancy_Icon_RGB.svg\",\"width\":1,\"height\":1,\"caption\":\"Radancy\"},\"image\":{\"@id\":\"https:\\\/\\\/www.radancy.com\\\/de\\\/#\\\/schema\\\/logo\\\/image\\\/\"},\"sameAs\":[\"https:\\\/\\\/www.facebook.com\\\/radancy\",\"https:\\\/\\\/x.com\\\/radancyco\",\"https:\\\/\\\/www.linkedin.com\\\/company\\\/radancy\\\/\",\"https:\\\/\\\/www.youtube.com\\\/Radancy\\\/videos\",\"https:\\\/\\\/www.instagram.com\\\/radancyco\"]}]}<\/script>\n<!-- \/ Yoast SEO Premium plugin. -->","yoast_head_json":{"title":"Barrierefreiheit | Radancy","robots":{"index":"index","follow":"follow","max-snippet":"max-snippet:-1","max-image-preview":"max-image-preview:large","max-video-preview":"max-video-preview:-1"},"canonical":"https:\/\/www.radancy.com\/de\/barrierefreiheit\/","og_locale":"de_DE","og_type":"article","og_title":"Barrierefreiheit | Radancy","og_description":"Barrierefreiheit Wir m\u00f6chten, dass sich alle Besucher*innen von Radancy.com willkommen f\u00fchlen und die Erfahrung als bereichernd empfinden. Was machen wir? Um Radancy.com zu einem positiven und inklusiven Ort f\u00fcr alle Read more...","og_url":"https:\/\/www.radancy.com\/de\/barrierefreiheit\/","og_site_name":"Radancy","article_publisher":"https:\/\/www.facebook.com\/radancy","article_modified_time":"2025-06-18T15:46:21+00:00","og_image":[{"url":"https:\/\/tbcdn.talentbrew.com\/company\/34730\/gst_v1\/img\/meta\/Radancy-JobShare-img-FINAL-DE.jpg","type":"","width":"","height":""}],"twitter_card":"summary_large_image","twitter_title":"Barrierefreiheit","twitter_site":"@radancyco","twitter_misc":{"Gesch\u00e4tzte Lesezeit":"1 Minute"},"schema":{"@context":"https:\/\/schema.org","@graph":[{"@type":"WebPage","@id":"https:\/\/www.radancy.com\/de\/barrierefreiheit\/","url":"https:\/\/www.radancy.com\/de\/barrierefreiheit\/","name":"Barrierefreiheit | Radancy","isPartOf":{"@id":"https:\/\/www.radancy.com\/de\/#website"},"datePublished":"2023-11-17T03:01:41+00:00","dateModified":"2025-06-18T15:46:21+00:00","breadcrumb":{"@id":"https:\/\/www.radancy.com\/de\/barrierefreiheit\/#breadcrumb"},"inLanguage":"de-DE","potentialAction":[{"@type":"ReadAction","target":["https:\/\/www.radancy.com\/de\/barrierefreiheit\/"]}]},{"@type":"BreadcrumbList","@id":"https:\/\/www.radancy.com\/de\/barrierefreiheit\/#breadcrumb","itemListElement":[{"@type":"ListItem","position":1,"name":"Home","item":"https:\/\/www.radancy.com\/de\/"},{"@type":"ListItem","position":2,"name":"Barrierefreiheit"}]},{"@type":"WebSite","@id":"https:\/\/www.radancy.com\/de\/#website","url":"https:\/\/www.radancy.com\/de\/","name":"Radancy","description":"Create Connections That Count.","publisher":{"@id":"https:\/\/www.radancy.com\/de\/#organization"},"potentialAction":[{"@type":"SearchAction","target":{"@type":"EntryPoint","urlTemplate":"https:\/\/www.radancy.com\/de\/?s={search_term_string}"},"query-input":{"@type":"PropertyValueSpecification","valueRequired":true,"valueName":"search_term_string"}}],"inLanguage":"de-DE"},{"@type":"Organization","@id":"https:\/\/www.radancy.com\/de\/#organization","name":"Radancy","url":"https:\/\/www.radancy.com\/de\/","logo":{"@type":"ImageObject","inLanguage":"de-DE","@id":"https:\/\/www.radancy.com\/de\/#\/schema\/logo\/image\/","url":"https:\/\/www.radancy.com\/wp-content\/uploads\/2024\/06\/Radancy_Icon_RGB.svg","contentUrl":"https:\/\/www.radancy.com\/wp-content\/uploads\/2024\/06\/Radancy_Icon_RGB.svg","width":1,"height":1,"caption":"Radancy"},"image":{"@id":"https:\/\/www.radancy.com\/de\/#\/schema\/logo\/image\/"},"sameAs":["https:\/\/www.facebook.com\/radancy","https:\/\/x.com\/radancyco","https:\/\/www.linkedin.com\/company\/radancy\/","https:\/\/www.youtube.com\/Radancy\/videos","https:\/\/www.instagram.com\/radancyco"]}]}},"_links":{"self":[{"href":"https:\/\/www.radancy.com\/de\/wp-json\/wp\/v2\/pages\/12052","targetHints":{"allow":["GET"]}}],"collection":[{"href":"https:\/\/www.radancy.com\/de\/wp-json\/wp\/v2\/pages"}],"about":[{"href":"https:\/\/www.radancy.com\/de\/wp-json\/wp\/v2\/types\/page"}],"author":[{"embeddable":true,"href":"https:\/\/www.radancy.com\/de\/wp-json\/wp\/v2\/users\/1"}],"replies":[{"embeddable":true,"href":"https:\/\/www.radancy.com\/de\/wp-json\/wp\/v2\/comments?post=12052"}],"version-history":[{"count":0,"href":"https:\/\/www.radancy.com\/de\/wp-json\/wp\/v2\/pages\/12052\/revisions"}],"wp:attachment":[{"href":"https:\/\/www.radancy.com\/de\/wp-json\/wp\/v2\/media?parent=12052"}],"curies":[{"name":"wp","href":"https:\/\/api.w.org\/{rel}","templated":true}]}}